{"id":3016,"date":"2022-11-27T19:45:03","date_gmt":"2022-11-27T19:45:03","guid":{"rendered":"https:\/\/revitapolis.com\/?page_id=3016"},"modified":"2024-07-09T14:05:06","modified_gmt":"2024-07-09T14:05:06","slug":"provincia-di-fermo","status":"publish","type":"page","link":"https:\/\/revitapolis.com\/it\/italia\/marken\/provincia-di-fermo\/","title":{"rendered":"Provincia di Fermo"},"content":{"rendered":"\n<div style=\"height:10px\" aria-hidden=\"true\" class=\"wp-block-spacer\"><\/div>\n\n<p>Qui trovate informazioni sulla provincia di Fermo e un elenco di tutti i comuni.<\/p>\n\n<div class=\"wp-block-media-text is-stacked-on-mobile is-vertically-aligned-center\" style=\"grid-template-columns:44% auto\"><figure class=\"wp-block-media-text__media\"><img fetchpriority=\"high\" decoding=\"async\" width=\"640\" height=\"426\" src=\"https:\/\/revitapolis.com\/wp-content\/uploads\/2023\/04\/fermo-3721176_640.jpg\" alt=\"\" class=\"wp-image-4466 size-full\" srcset=\"https:\/\/revitapolis.com\/wp-content\/uploads\/2023\/04\/fermo-3721176_640.jpg 640w, https:\/\/revitapolis.com\/wp-content\/uploads\/2023\/04\/fermo-3721176_640-300x200.jpg 300w\" sizes=\"(max-width: 640px) 100vw, 640px\" \/><\/figure><div class=\"wp-block-media-text__content\">\n<div style=\"height:20px\" aria-hidden=\"true\" class=\"wp-block-spacer\"><\/div>\n\n\n\n<p style=\"font-size:18px\">La provincia di Fermo \u00e8 composta da 40 comuni distribuiti su una superficie di 862,77 km\u00b2. Nella provincia vivono 167.640 abitanti (dati aggiornati al 31 ottobre 2022). <\/p>\n\n\n\n<p>Breve informazione con mappa disponibile qui: <a href=\"https:\/\/www.google.com\/maps?q=provinz+fermo&amp;rlz=1C1CHBF_deDE934DE934&amp;um=1&amp;ie=UTF-8&amp;sa=X&amp;ved=2ahUKEwizxZCC6aP-AhUlVvEDHV1dAcwQ_AUoAXoECAIQAw\">FERMO<\/a><\/p>\n<\/div><\/div>\n\n<h2 class=\"wp-block-heading\" style=\"font-size:30px\">Italia &gt; Marche &gt; Provincia di Fermo<\/h2>\n\n<p>Il paesaggio della provincia di Fermo \u00e8 caratterizzato da circa 40 chilometri di costa sull&#8217;Adriatico e da un entroterra di colline, valli e montagne. La zona \u00e8 anche nota per le sue bellezze naturali, tra cui il Parco Nazionale dei Monti Sibillini e la Riserva Naturale della Sentina.<\/p>\n\n<p>Il capoluogo di provincia \u00e8 la citt\u00e0 di Fermo, che si trova su una collina e offre una vista panoramica sulla costa e sulla campagna circostante. La citt\u00e0 ha una lunga storia che risale all&#8217;epoca romana.<\/p>\n\n<p>Gli abitanti della provincia di Fermo sono noti per la loro ospitalit\u00e0 e per la loro cucina tradizionale a base di pesce, carne e verdure locali. Grazie alla sua posizione strategica sull&#8217;autostrada A14 e sulla linea ferroviaria adriatica, la provincia \u00e8 facilmente raggiungibile dalle principali citt\u00e0 italiane.<\/p>\n\n<p>La provincia di Fermo ha una base economica diversificata che comprende agricoltura, industria manifatturiera e turismo. La zona \u00e8 famosa per la produzione di vini, tra cui il Rosso Piceno e il Falerio dei Colli Ascolani. Importante \u00e8 anche la produzione di olio d&#8217;oliva e di formaggio. Il settore manifatturiero comprende varie attivit\u00e0, come la produzione di abbigliamento, calzature e articoli in pelle, mobili e prodotti per l&#8217;edilizia. Anche il turismo \u00e8 un&#8217;importante fonte di reddito per la provincia, grazie alla sua posizione costiera, ai borghi medievali, alle colline e alle montagne circostanti e alle numerose attrazioni culturali e naturali.<\/p>\n\n<div style=\"height:20px\" aria-hidden=\"true\" class=\"wp-block-spacer\"><\/div>\n\n<hr\/>\n\n<p class=\"has-white-color has-cyan-bluish-gray-background-color has-text-color has-background\"><strong>I comuni della provincia di Fermo<\/strong><\/p>\n\n<ul class=\"wp-block-list\">\n<li>Altidona<\/li>\n\n\n\n<li>Amandola<\/li>\n\n\n\n<li>Belmonte Piceno<\/li>\n\n\n\n<li>Campofilone<\/li>\n\n\n\n<li>Falerone<\/li>\n\n\n\n<li>Fermo<\/li>\n\n\n\n<li>Francavilla d\u2019Ete<\/li>\n\n\n\n<li>Grottazzolina<\/li>\n\n\n\n<li>Lapedona<\/li>\n\n\n\n<li>Magliano di Tenna<\/li>\n\n\n\n<li>Massa Fermana<\/li>\n\n\n\n<li>Monsampietro Morico<\/li>\n\n\n\n<li>Montappone<\/li>\n\n\n\n<li>Monte Giberto<\/li>\n\n\n\n<li>Monte Rinaldo<\/li>\n\n\n\n<li>Monte San Pietrangeli<\/li>\n\n\n\n<li>Monte Urano<\/li>\n\n\n\n<li>Monte Vidon Combatte<\/li>\n\n\n\n<li>Monte Vidon Corrado<\/li>\n\n\n\n<li>Montefalcone Appennino<\/li>\n\n\n\n<li>Montefortino<\/li>\n\n\n\n<li>Montegiorgio<\/li>\n\n\n\n<li>Montegranaro<\/li>\n\n\n\n<li>Monteleone di Fermo<\/li>\n\n\n\n<li>Montelparo<\/li>\n\n\n\n<li>Monterubbiano<\/li>\n\n\n\n<li>Montottone<\/li>\n\n\n\n<li>Moresco<\/li>\n\n\n\n<li>Ortezzano<\/li>\n\n\n\n<li>Pedaso<\/li>\n\n\n\n<li>Petritoli<\/li>\n\n\n\n<li>Ponzano di Fermo<\/li>\n\n\n\n<li>Porto San Giorgio<\/li>\n\n\n\n<li>Porto Sant\u2019Elpidio<\/li>\n\n\n\n<li>Rapagnano<\/li>\n\n\n\n<li>Sant\u2019Elpidio a Mare<\/li>\n\n\n\n<li>Santa Vittoria in Matenano<\/li>\n\n\n\n<li>Servigliano<\/li>\n\n\n\n<li>Smerillo<\/li>\n\n\n\n<li>Torre San Patrizio<\/li>\n<\/ul>\n\n<hr style=\"border: 0; height: 1px; background-image: linear-gradient(to right, rgba(0, 0, 0, 0), rgba(0, 0, 0, 0.75), rgba(0, 0, 0, 0));\"\/>\n\n<div style=\"height:10px\" aria-hidden=\"true\" class=\"wp-block-spacer\"><\/div>\n","protected":false},"excerpt":{"rendered":"<p>Qui trovate informazioni sulla provincia di Fermo e un elenco di tutti i comuni. Italia &gt; Marche &gt; Provincia di Fermo Il paesaggio della provincia di Fermo \u00e8 caratterizzato da circa 40 chilometri di costa sull&#8217;Adriatico e da un entroterra di colline, valli e montagne. La zona \u00e8 anche nota per le sue bellezze naturali, [&hellip;]<\/p>\n","protected":false},"author":1,"featured_media":0,"parent":2642,"menu_order":0,"comment_status":"closed","ping_status":"closed","template":"","meta":{"_acf_changed":false,"om_disable_all_campaigns":false,"_monsterinsights_skip_tracking":false,"_monsterinsights_sitenote_active":false,"_monsterinsights_sitenote_note":"","_monsterinsights_sitenote_category":0,"ocean_post_layout":"","ocean_both_sidebars_style":"","ocean_both_sidebars_content_width":0,"ocean_both_sidebars_sidebars_width":0,"ocean_sidebar":"0","ocean_second_sidebar":"0","ocean_disable_margins":"enable","ocean_add_body_class":"","ocean_shortcode_before_top_bar":"","ocean_shortcode_after_top_bar":"","ocean_shortcode_before_header":"","ocean_shortcode_after_header":"","ocean_has_shortcode":"","ocean_shortcode_after_title":"","ocean_shortcode_before_footer_widgets":"","ocean_shortcode_after_footer_widgets":"","ocean_shortcode_before_footer_bottom":"","ocean_shortcode_after_footer_bottom":"","ocean_display_top_bar":"default","ocean_display_header":"default","ocean_header_style":"","ocean_center_header_left_menu":"0","ocean_custom_header_template":"0","ocean_custom_logo":0,"ocean_custom_retina_logo":0,"ocean_custom_logo_max_width":0,"ocean_custom_logo_tablet_max_width":0,"ocean_custom_logo_mobile_max_width":0,"ocean_custom_logo_max_height":0,"ocean_custom_logo_tablet_max_height":0,"ocean_custom_logo_mobile_max_height":0,"ocean_header_custom_menu":"0","ocean_menu_typo_font_family":"0","ocean_menu_typo_font_subset":"","ocean_menu_typo_font_size":0,"ocean_menu_typo_font_size_tablet":0,"ocean_menu_typo_font_size_mobile":0,"ocean_menu_typo_font_size_unit":"px","ocean_menu_typo_font_weight":"","ocean_menu_typo_font_weight_tablet":"","ocean_menu_typo_font_weight_mobile":"","ocean_menu_typo_transform":"","ocean_menu_typo_transform_tablet":"","ocean_menu_typo_transform_mobile":"","ocean_menu_typo_line_height":0,"ocean_menu_typo_line_height_tablet":0,"ocean_menu_typo_line_height_mobile":0,"ocean_menu_typo_line_height_unit":"","ocean_menu_typo_spacing":0,"ocean_menu_typo_spacing_tablet":0,"ocean_menu_typo_spacing_mobile":0,"ocean_menu_typo_spacing_unit":"","ocean_menu_link_color":"","ocean_menu_link_color_hover":"","ocean_menu_link_color_active":"","ocean_menu_link_background":"","ocean_menu_link_hover_background":"","ocean_menu_link_active_background":"","ocean_menu_social_links_bg":"","ocean_menu_social_hover_links_bg":"","ocean_menu_social_links_color":"","ocean_menu_social_hover_links_color":"","ocean_disable_title":"default","ocean_disable_heading":"default","ocean_post_title":"","ocean_post_subheading":"","ocean_post_title_style":"","ocean_post_title_background_color":"","ocean_post_title_background":0,"ocean_post_title_bg_image_position":"","ocean_post_title_bg_image_attachment":"","ocean_post_title_bg_image_repeat":"","ocean_post_title_bg_image_size":"","ocean_post_title_height":0,"ocean_post_title_bg_overlay":0.5,"ocean_post_title_bg_overlay_color":"","ocean_disable_breadcrumbs":"default","ocean_breadcrumbs_color":"","ocean_breadcrumbs_separator_color":"","ocean_breadcrumbs_links_color":"","ocean_breadcrumbs_links_hover_color":"","ocean_display_footer_widgets":"default","ocean_display_footer_bottom":"default","ocean_custom_footer_template":"0","footnotes":""},"class_list":["post-3016","page","type-page","status-publish","hentry","entry"],"acf":[],"yoast_head":"<!-- This site is optimized with the Yoast SEO plugin v27.3 - https:\/\/yoast.com\/product\/yoast-seo-wordpress\/ -->\n<title>Provincia di Fermo - Revitapolis<\/title>\n<meta name=\"description\" content=\"La provincia di Fermo \u00e8 caratterizzata da un&#039;economia diversificata\" \/>\n<meta name=\"robots\" content=\"index, follow, max-snippet:-1, max-image-preview:large, max-video-preview:-1\" \/>\n<link rel=\"canonical\" href=\"https:\/\/revitapolis.com\/it\/italia\/marken\/provincia-di-fermo\/\" \/>\n<meta property=\"og:locale\" content=\"it_IT\" \/>\n<meta property=\"og:type\" content=\"article\" \/>\n<meta property=\"og:title\" content=\"Provincia di Fermo - Revitapolis\" \/>\n<meta property=\"og:description\" content=\"La provincia di Fermo \u00e8 caratterizzata da un&#039;economia diversificata\" \/>\n<meta property=\"og:url\" content=\"https:\/\/revitapolis.com\/it\/italia\/marken\/provincia-di-fermo\/\" \/>\n<meta property=\"og:site_name\" content=\"Revitapolis\" \/>\n<meta property=\"article:modified_time\" content=\"2024-07-09T14:05:06+00:00\" \/>\n<meta property=\"og:image\" content=\"https:\/\/revitapolis.com\/wp-content\/uploads\/2023\/04\/fermo-3721176_640.jpg\" \/>\n<meta name=\"twitter:card\" content=\"summary_large_image\" \/>\n<meta name=\"twitter:label1\" content=\"Tempo di lettura stimato\" \/>\n\t<meta name=\"twitter:data1\" content=\"2 minuti\" \/>\n<script type=\"application\/ld+json\" class=\"yoast-schema-graph\">{\"@context\":\"https:\\\/\\\/schema.org\",\"@graph\":[{\"@type\":\"WebPage\",\"@id\":\"https:\\\/\\\/revitapolis.com\\\/it\\\/italia\\\/marken\\\/provincia-di-fermo\\\/\",\"url\":\"https:\\\/\\\/revitapolis.com\\\/it\\\/italia\\\/marken\\\/provincia-di-fermo\\\/\",\"name\":\"Provincia di Fermo - Revitapolis\",\"isPartOf\":{\"@id\":\"https:\\\/\\\/revitapolis.com\\\/it\\\/#website\"},\"primaryImageOfPage\":{\"@id\":\"https:\\\/\\\/revitapolis.com\\\/it\\\/italia\\\/marken\\\/provincia-di-fermo\\\/#primaryimage\"},\"image\":{\"@id\":\"https:\\\/\\\/revitapolis.com\\\/it\\\/italia\\\/marken\\\/provincia-di-fermo\\\/#primaryimage\"},\"thumbnailUrl\":\"https:\\\/\\\/revitapolis.com\\\/wp-content\\\/uploads\\\/2023\\\/04\\\/fermo-3721176_640.jpg\",\"datePublished\":\"2022-11-27T19:45:03+00:00\",\"dateModified\":\"2024-07-09T14:05:06+00:00\",\"description\":\"La provincia di Fermo \u00e8 caratterizzata da un'economia diversificata\",\"breadcrumb\":{\"@id\":\"https:\\\/\\\/revitapolis.com\\\/it\\\/italia\\\/marken\\\/provincia-di-fermo\\\/#breadcrumb\"},\"inLanguage\":\"it-IT\",\"potentialAction\":[{\"@type\":\"ReadAction\",\"target\":[\"https:\\\/\\\/revitapolis.com\\\/it\\\/italia\\\/marken\\\/provincia-di-fermo\\\/\"]}]},{\"@type\":\"ImageObject\",\"inLanguage\":\"it-IT\",\"@id\":\"https:\\\/\\\/revitapolis.com\\\/it\\\/italia\\\/marken\\\/provincia-di-fermo\\\/#primaryimage\",\"url\":\"https:\\\/\\\/revitapolis.com\\\/wp-content\\\/uploads\\\/2023\\\/04\\\/fermo-3721176_640.jpg\",\"contentUrl\":\"https:\\\/\\\/revitapolis.com\\\/wp-content\\\/uploads\\\/2023\\\/04\\\/fermo-3721176_640.jpg\"},{\"@type\":\"BreadcrumbList\",\"@id\":\"https:\\\/\\\/revitapolis.com\\\/it\\\/italia\\\/marken\\\/provincia-di-fermo\\\/#breadcrumb\",\"itemListElement\":[{\"@type\":\"ListItem\",\"position\":1,\"name\":\"Pagina iniziale\",\"item\":\"https:\\\/\\\/revitapolis.com\\\/it\\\/\"},{\"@type\":\"ListItem\",\"position\":2,\"name\":\"Italia\",\"item\":\"https:\\\/\\\/revitapolis.com\\\/it\\\/italia\\\/\"},{\"@type\":\"ListItem\",\"position\":3,\"name\":\"Marche\",\"item\":\"https:\\\/\\\/revitapolis.com\\\/it\\\/italia\\\/marken\\\/\"},{\"@type\":\"ListItem\",\"position\":4,\"name\":\"Provincia di Fermo\"}]},{\"@type\":\"WebSite\",\"@id\":\"https:\\\/\\\/revitapolis.com\\\/it\\\/#website\",\"url\":\"https:\\\/\\\/revitapolis.com\\\/it\\\/\",\"name\":\"Revitapolis\",\"description\":\"Wiederbelebung italienischer Orte\",\"publisher\":{\"@id\":\"https:\\\/\\\/revitapolis.com\\\/it\\\/#organization\"},\"potentialAction\":[{\"@type\":\"SearchAction\",\"target\":{\"@type\":\"EntryPoint\",\"urlTemplate\":\"https:\\\/\\\/revitapolis.com\\\/it\\\/?s={search_term_string}\"},\"query-input\":{\"@type\":\"PropertyValueSpecification\",\"valueRequired\":true,\"valueName\":\"search_term_string\"}}],\"inLanguage\":\"it-IT\"},{\"@type\":\"Organization\",\"@id\":\"https:\\\/\\\/revitapolis.com\\\/it\\\/#organization\",\"name\":\"Revitapolis\",\"url\":\"https:\\\/\\\/revitapolis.com\\\/it\\\/\",\"logo\":{\"@type\":\"ImageObject\",\"inLanguage\":\"it-IT\",\"@id\":\"https:\\\/\\\/revitapolis.com\\\/it\\\/#\\\/schema\\\/logo\\\/image\\\/\",\"url\":\"https:\\\/\\\/revitapolis.com\\\/wp-content\\\/uploads\\\/2022\\\/03\\\/cropped-logo-revitapolis.jpg\",\"contentUrl\":\"https:\\\/\\\/revitapolis.com\\\/wp-content\\\/uploads\\\/2022\\\/03\\\/cropped-logo-revitapolis.jpg\",\"width\":200,\"height\":91,\"caption\":\"Revitapolis\"},\"image\":{\"@id\":\"https:\\\/\\\/revitapolis.com\\\/it\\\/#\\\/schema\\\/logo\\\/image\\\/\"}}]}<\/script>\n<!-- \/ Yoast SEO plugin. -->","yoast_head_json":{"title":"Provincia di Fermo - Revitapolis","description":"La provincia di Fermo \u00e8 caratterizzata da un'economia diversificata","robots":{"index":"index","follow":"follow","max-snippet":"max-snippet:-1","max-image-preview":"max-image-preview:large","max-video-preview":"max-video-preview:-1"},"canonical":"https:\/\/revitapolis.com\/it\/italia\/marken\/provincia-di-fermo\/","og_locale":"it_IT","og_type":"article","og_title":"Provincia di Fermo - Revitapolis","og_description":"La provincia di Fermo \u00e8 caratterizzata da un'economia diversificata","og_url":"https:\/\/revitapolis.com\/it\/italia\/marken\/provincia-di-fermo\/","og_site_name":"Revitapolis","article_modified_time":"2024-07-09T14:05:06+00:00","og_image":[{"url":"https:\/\/revitapolis.com\/wp-content\/uploads\/2023\/04\/fermo-3721176_640.jpg","type":"","width":"","height":""}],"twitter_card":"summary_large_image","twitter_misc":{"Tempo di lettura stimato":"2 minuti"},"schema":{"@context":"https:\/\/schema.org","@graph":[{"@type":"WebPage","@id":"https:\/\/revitapolis.com\/it\/italia\/marken\/provincia-di-fermo\/","url":"https:\/\/revitapolis.com\/it\/italia\/marken\/provincia-di-fermo\/","name":"Provincia di Fermo - Revitapolis","isPartOf":{"@id":"https:\/\/revitapolis.com\/it\/#website"},"primaryImageOfPage":{"@id":"https:\/\/revitapolis.com\/it\/italia\/marken\/provincia-di-fermo\/#primaryimage"},"image":{"@id":"https:\/\/revitapolis.com\/it\/italia\/marken\/provincia-di-fermo\/#primaryimage"},"thumbnailUrl":"https:\/\/revitapolis.com\/wp-content\/uploads\/2023\/04\/fermo-3721176_640.jpg","datePublished":"2022-11-27T19:45:03+00:00","dateModified":"2024-07-09T14:05:06+00:00","description":"La provincia di Fermo \u00e8 caratterizzata da un'economia diversificata","breadcrumb":{"@id":"https:\/\/revitapolis.com\/it\/italia\/marken\/provincia-di-fermo\/#breadcrumb"},"inLanguage":"it-IT","potentialAction":[{"@type":"ReadAction","target":["https:\/\/revitapolis.com\/it\/italia\/marken\/provincia-di-fermo\/"]}]},{"@type":"ImageObject","inLanguage":"it-IT","@id":"https:\/\/revitapolis.com\/it\/italia\/marken\/provincia-di-fermo\/#primaryimage","url":"https:\/\/revitapolis.com\/wp-content\/uploads\/2023\/04\/fermo-3721176_640.jpg","contentUrl":"https:\/\/revitapolis.com\/wp-content\/uploads\/2023\/04\/fermo-3721176_640.jpg"},{"@type":"BreadcrumbList","@id":"https:\/\/revitapolis.com\/it\/italia\/marken\/provincia-di-fermo\/#breadcrumb","itemListElement":[{"@type":"ListItem","position":1,"name":"Pagina iniziale","item":"https:\/\/revitapolis.com\/it\/"},{"@type":"ListItem","position":2,"name":"Italia","item":"https:\/\/revitapolis.com\/it\/italia\/"},{"@type":"ListItem","position":3,"name":"Marche","item":"https:\/\/revitapolis.com\/it\/italia\/marken\/"},{"@type":"ListItem","position":4,"name":"Provincia di Fermo"}]},{"@type":"WebSite","@id":"https:\/\/revitapolis.com\/it\/#website","url":"https:\/\/revitapolis.com\/it\/","name":"Revitapolis","description":"Wiederbelebung italienischer Orte","publisher":{"@id":"https:\/\/revitapolis.com\/it\/#organization"},"potentialAction":[{"@type":"SearchAction","target":{"@type":"EntryPoint","urlTemplate":"https:\/\/revitapolis.com\/it\/?s={search_term_string}"},"query-input":{"@type":"PropertyValueSpecification","valueRequired":true,"valueName":"search_term_string"}}],"inLanguage":"it-IT"},{"@type":"Organization","@id":"https:\/\/revitapolis.com\/it\/#organization","name":"Revitapolis","url":"https:\/\/revitapolis.com\/it\/","logo":{"@type":"ImageObject","inLanguage":"it-IT","@id":"https:\/\/revitapolis.com\/it\/#\/schema\/logo\/image\/","url":"https:\/\/revitapolis.com\/wp-content\/uploads\/2022\/03\/cropped-logo-revitapolis.jpg","contentUrl":"https:\/\/revitapolis.com\/wp-content\/uploads\/2022\/03\/cropped-logo-revitapolis.jpg","width":200,"height":91,"caption":"Revitapolis"},"image":{"@id":"https:\/\/revitapolis.com\/it\/#\/schema\/logo\/image\/"}}]}},"_links":{"self":[{"href":"https:\/\/revitapolis.com\/it\/wp-json\/wp\/v2\/pages\/3016","targetHints":{"allow":["GET"]}}],"collection":[{"href":"https:\/\/revitapolis.com\/it\/wp-json\/wp\/v2\/pages"}],"about":[{"href":"https:\/\/revitapolis.com\/it\/wp-json\/wp\/v2\/types\/page"}],"author":[{"embeddable":true,"href":"https:\/\/revitapolis.com\/it\/wp-json\/wp\/v2\/users\/1"}],"replies":[{"embeddable":true,"href":"https:\/\/revitapolis.com\/it\/wp-json\/wp\/v2\/comments?post=3016"}],"version-history":[{"count":7,"href":"https:\/\/revitapolis.com\/it\/wp-json\/wp\/v2\/pages\/3016\/revisions"}],"predecessor-version":[{"id":5400,"href":"https:\/\/revitapolis.com\/it\/wp-json\/wp\/v2\/pages\/3016\/revisions\/5400"}],"up":[{"embeddable":true,"href":"https:\/\/revitapolis.com\/it\/wp-json\/wp\/v2\/pages\/2642"}],"wp:attachment":[{"href":"https:\/\/revitapolis.com\/it\/wp-json\/wp\/v2\/media?parent=3016"}],"curies":[{"name":"wp","href":"https:\/\/api.w.org\/{rel}","templated":true}]}}