{"id":2994,"date":"2022-11-27T19:18:32","date_gmt":"2022-11-27T19:18:32","guid":{"rendered":"https:\/\/revitapolis.com\/?page_id=2994"},"modified":"2024-05-14T16:56:14","modified_gmt":"2024-05-14T16:56:14","slug":"provincia-di-perugia","status":"publish","type":"page","link":"https:\/\/revitapolis.com\/it\/italia\/umbria\/provincia-di-perugia\/","title":{"rendered":"Provincia di Perugia"},"content":{"rendered":"\n<div style=\"height:10px\" aria-hidden=\"true\" class=\"wp-block-spacer\"><\/div>\n\n<p>Qui trovate informazioni sulla provincia di Perugia e un elenco di tutti i comuni.<\/p>\n\n<div class=\"wp-block-media-text is-stacked-on-mobile is-vertically-aligned-center\" style=\"grid-template-columns:44% auto\"><figure class=\"wp-block-media-text__media\"><img fetchpriority=\"high\" decoding=\"async\" width=\"640\" height=\"427\" src=\"https:\/\/revitapolis.com\/wp-content\/uploads\/2023\/04\/umbria-2902099_640.jpg\" alt=\"\" class=\"wp-image-4473 size-full\" srcset=\"https:\/\/revitapolis.com\/wp-content\/uploads\/2023\/04\/umbria-2902099_640.jpg 640w, https:\/\/revitapolis.com\/wp-content\/uploads\/2023\/04\/umbria-2902099_640-300x200.jpg 300w\" sizes=\"(max-width: 640px) 100vw, 640px\" \/><\/figure><div class=\"wp-block-media-text__content\">\n<div style=\"height:20px\" aria-hidden=\"true\" class=\"wp-block-spacer\"><\/div>\n\n\n\n<p style=\"font-size:18px\">La provincia di Perugia \u00e8 composta da 59 comuni. Su una superficie di ca. 6.337 km\u00b2 vivono 637.598 abitanti (dati aggiornati al 31 ottobre 2022). Il capoluogo \u00e8 Perugia, con 161.690 abitanti (dati aggiornati al 31 gennaio 2023).<\/p>\n\n\n\n<p>Breve informazione con mappa disponibile qui: <a href=\"https:\/\/www.google.com\/maps\/place\/Province+of+Perugia,+Italy\/@43.0529176,12.0609345,9z\/data=!4m6!3m5!1s0x132c27908da9d521:0x3082c90e3e480c0!8m2!3d42.938004!4d12.6216211!16zL20vMDN4NWw1\">PERUGIA<\/a><\/p>\n<\/div><\/div>\n\n<h2 class=\"wp-block-heading\" style=\"font-size:30px\">Italia &gt; Umbria &gt; Provincia di Perugia<\/h2>\n\n<p>La provincia di Perugia \u00e8 un territorio affascinante e storicamente importante. Situata nel cuore dell&#8217;Italia, la provincia \u00e8 famosa per i suoi paesaggi pittoreschi, la sua ricca storia e cultura, e per le sue specialit\u00e0 culinarie. Ogni luogo della provincia ha il suo proprio fascino e la sua propria storia, che risale all&#8217;epoca romana e anche prima. Il capoluogo \u00e8 Perugia, una citt\u00e0 molto vivace. Nella provincia di Perugia si trova anche Assisi, citt\u00e0 natale di San Francesco, importante meta di pellegrinaggio per i credenti cristiani. <\/p>\n\n<p>La provincia di Perugia \u00e8 nota anche per le sue specialit\u00e0 culinarie e per i suoi paesaggi mozzafiato, che passano da dolci colline e verdi vallate alle maestose vette del Monte Subasio.<\/p>\n\n<p>Nella provincia si trovano cinque parchi naturali che invitano a fare escursioni. Da visitare \u00e8 anche il Lago Trasimeno, dove i Romani furono devastati da Annibale nel 217 a.C..<\/p>\n\n<div style=\"height:20px\" aria-hidden=\"true\" class=\"wp-block-spacer\"><\/div>\n\n<hr\/>\n\n<p class=\"has-white-color has-cyan-bluish-gray-background-color has-text-color has-background\"><strong>I comuni della provincia di Perugia<\/strong><\/p>\n\n<ul class=\"wp-block-list\">\n<li>Assisi<\/li>\n\n\n\n<li>Bastia Umbra<\/li>\n\n\n\n<li>Bettona<\/li>\n\n\n\n<li>Bevagna<\/li>\n\n\n\n<li>Campello sul Clitunno<\/li>\n\n\n\n<li>Cannara<\/li>\n\n\n\n<li>Cascia<\/li>\n\n\n\n<li>Castel Ritaldi<\/li>\n\n\n\n<li>Castiglione del Lago<\/li>\n\n\n\n<li>Cerreto di Spoleto<\/li>\n\n\n\n<li>Citerna<\/li>\n\n\n\n<li>Citt\u00e0 della Pieve<\/li>\n\n\n\n<li>Citt\u00e0 di Castello<\/li>\n\n\n\n<li>Collazzone<\/li>\n\n\n\n<li>Corciano<\/li>\n\n\n\n<li>Costacciaro<\/li>\n\n\n\n<li>Deruta<\/li>\n\n\n\n<li>Foligno<\/li>\n\n\n\n<li>Fossato di Vico<\/li>\n\n\n\n<li>Fratta Todina<\/li>\n\n\n\n<li>Giano dell\u2019Umbria<\/li>\n\n\n\n<li>Gualdo Cattaneo<\/li>\n\n\n\n<li>Gualdo Tadino<\/li>\n\n\n\n<li><a href=\"https:\/\/revitapolis.com\/it\/italia\/umbria\/provincia-di-perugia\/gubbio\/\">Gubbio<\/a><\/li>\n\n\n\n<li>Lisciano Niccone<\/li>\n\n\n\n<li>Magione<\/li>\n\n\n\n<li>Marsciano<\/li>\n\n\n\n<li>Massa Martana<\/li>\n\n\n\n<li>Monte Castello di Vibio<\/li>\n\n\n\n<li>Monte Santa Maria Tiberina<\/li>\n\n\n\n<li>Montefalco<\/li>\n\n\n\n<li>Monteleone di Spoleto<\/li>\n\n\n\n<li>Montone<\/li>\n\n\n\n<li>Nocera Umbra<\/li>\n\n\n\n<li>Norcia<\/li>\n\n\n\n<li>Paciano<\/li>\n\n\n\n<li>Panicale<\/li>\n\n\n\n<li>Passignano sul Trasimeno<\/li>\n\n\n\n<li>Perugia<\/li>\n\n\n\n<li>Piegaro<\/li>\n\n\n\n<li>Pietralunga<\/li>\n\n\n\n<li>Poggiodomo<\/li>\n\n\n\n<li>Preci<\/li>\n\n\n\n<li>San Giustino<\/li>\n\n\n\n<li>Sant\u2019Anatolia di Narco<\/li>\n\n\n\n<li>Scheggia e Pascelupo<\/li>\n\n\n\n<li>Scheggino<\/li>\n\n\n\n<li>Sellano<\/li>\n\n\n\n<li>Sigillo<\/li>\n\n\n\n<li>Spello<\/li>\n\n\n\n<li>Spoleto<\/li>\n\n\n\n<li>Todi<\/li>\n\n\n\n<li>Torgiano<\/li>\n\n\n\n<li>Trevi<\/li>\n\n\n\n<li>Tuoro sul Trasimeno<\/li>\n\n\n\n<li>Umbertide<\/li>\n\n\n\n<li>Valfabbrica<\/li>\n\n\n\n<li>Vallo di Nera<\/li>\n\n\n\n<li>Valtopina<\/li>\n<\/ul>\n\n<hr style=\"border: 0; height: 1px; background-image: linear-gradient(to right, rgba(0, 0, 0, 0), rgba(0, 0, 0, 0.75), rgba(0, 0, 0, 0));\"\/>\n\n<div style=\"height:10px\" aria-hidden=\"true\" class=\"wp-block-spacer\"><\/div>\n","protected":false},"excerpt":{"rendered":"<p>Qui trovate informazioni sulla provincia di Perugia e un elenco di tutti i comuni. Italia &gt; Umbria &gt; Provincia di Perugia La provincia di Perugia \u00e8 un territorio affascinante e storicamente importante. Situata nel cuore dell&#8217;Italia, la provincia \u00e8 famosa per i suoi paesaggi pittoreschi, la sua ricca storia e cultura, e per le sue [&hellip;]<\/p>\n","protected":false},"author":1,"featured_media":0,"parent":2669,"menu_order":0,"comment_status":"closed","ping_status":"closed","template":"","meta":{"_acf_changed":false,"om_disable_all_campaigns":false,"_monsterinsights_skip_tracking":false,"_monsterinsights_sitenote_active":false,"_monsterinsights_sitenote_note":"","_monsterinsights_sitenote_category":0,"ocean_post_layout":"","ocean_both_sidebars_style":"","ocean_both_sidebars_content_width":0,"ocean_both_sidebars_sidebars_width":0,"ocean_sidebar":"0","ocean_second_sidebar":"0","ocean_disable_margins":"enable","ocean_add_body_class":"","ocean_shortcode_before_top_bar":"","ocean_shortcode_after_top_bar":"","ocean_shortcode_before_header":"","ocean_shortcode_after_header":"","ocean_has_shortcode":"","ocean_shortcode_after_title":"","ocean_shortcode_before_footer_widgets":"","ocean_shortcode_after_footer_widgets":"","ocean_shortcode_before_footer_bottom":"","ocean_shortcode_after_footer_bottom":"","ocean_display_top_bar":"default","ocean_display_header":"default","ocean_header_style":"","ocean_center_header_left_menu":"0","ocean_custom_header_template":"0","ocean_custom_logo":0,"ocean_custom_retina_logo":0,"ocean_custom_logo_max_width":0,"ocean_custom_logo_tablet_max_width":0,"ocean_custom_logo_mobile_max_width":0,"ocean_custom_logo_max_height":0,"ocean_custom_logo_tablet_max_height":0,"ocean_custom_logo_mobile_max_height":0,"ocean_header_custom_menu":"0","ocean_menu_typo_font_family":"0","ocean_menu_typo_font_subset":"","ocean_menu_typo_font_size":0,"ocean_menu_typo_font_size_tablet":0,"ocean_menu_typo_font_size_mobile":0,"ocean_menu_typo_font_size_unit":"px","ocean_menu_typo_font_weight":"","ocean_menu_typo_font_weight_tablet":"","ocean_menu_typo_font_weight_mobile":"","ocean_menu_typo_transform":"","ocean_menu_typo_transform_tablet":"","ocean_menu_typo_transform_mobile":"","ocean_menu_typo_line_height":0,"ocean_menu_typo_line_height_tablet":0,"ocean_menu_typo_line_height_mobile":0,"ocean_menu_typo_line_height_unit":"","ocean_menu_typo_spacing":0,"ocean_menu_typo_spacing_tablet":0,"ocean_menu_typo_spacing_mobile":0,"ocean_menu_typo_spacing_unit":"","ocean_menu_link_color":"","ocean_menu_link_color_hover":"","ocean_menu_link_color_active":"","ocean_menu_link_background":"","ocean_menu_link_hover_background":"","ocean_menu_link_active_background":"","ocean_menu_social_links_bg":"","ocean_menu_social_hover_links_bg":"","ocean_menu_social_links_color":"","ocean_menu_social_hover_links_color":"","ocean_disable_title":"default","ocean_disable_heading":"default","ocean_post_title":"","ocean_post_subheading":"","ocean_post_title_style":"","ocean_post_title_background_color":"","ocean_post_title_background":0,"ocean_post_title_bg_image_position":"","ocean_post_title_bg_image_attachment":"","ocean_post_title_bg_image_repeat":"","ocean_post_title_bg_image_size":"","ocean_post_title_height":0,"ocean_post_title_bg_overlay":0.5,"ocean_post_title_bg_overlay_color":"","ocean_disable_breadcrumbs":"default","ocean_breadcrumbs_color":"","ocean_breadcrumbs_separator_color":"","ocean_breadcrumbs_links_color":"","ocean_breadcrumbs_links_hover_color":"","ocean_display_footer_widgets":"default","ocean_display_footer_bottom":"default","ocean_custom_footer_template":"0","footnotes":""},"class_list":["post-2994","page","type-page","status-publish","hentry","entry"],"acf":[],"yoast_head":"<!-- This site is optimized with the Yoast SEO plugin v27.3 - https:\/\/yoast.com\/product\/yoast-seo-wordpress\/ -->\n<title>Provincia di Perugia - Revitapolis<\/title>\n<meta name=\"description\" content=\"La provincia di Perugia si trova nel cuore dell&#039;Italia. \u00c8 particolarmente impressionante la natura\" \/>\n<meta name=\"robots\" content=\"index, follow, max-snippet:-1, max-image-preview:large, max-video-preview:-1\" \/>\n<link rel=\"canonical\" href=\"https:\/\/revitapolis.com\/it\/italia\/umbria\/provincia-di-perugia\/\" \/>\n<meta property=\"og:locale\" content=\"it_IT\" \/>\n<meta property=\"og:type\" content=\"article\" \/>\n<meta property=\"og:title\" content=\"Provincia di Perugia - Revitapolis\" \/>\n<meta property=\"og:description\" content=\"La provincia di Perugia si trova nel cuore dell&#039;Italia. \u00c8 particolarmente impressionante la natura\" \/>\n<meta property=\"og:url\" content=\"https:\/\/revitapolis.com\/it\/italia\/umbria\/provincia-di-perugia\/\" \/>\n<meta property=\"og:site_name\" content=\"Revitapolis\" \/>\n<meta property=\"article:modified_time\" content=\"2024-05-14T16:56:14+00:00\" \/>\n<meta property=\"og:image\" content=\"https:\/\/revitapolis.com\/wp-content\/uploads\/2023\/04\/umbria-2902099_640.jpg\" \/>\n<meta name=\"twitter:card\" content=\"summary_large_image\" \/>\n<meta name=\"twitter:label1\" content=\"Tempo di lettura stimato\" \/>\n\t<meta name=\"twitter:data1\" content=\"2 minuti\" \/>\n<script type=\"application\/ld+json\" class=\"yoast-schema-graph\">{\"@context\":\"https:\\\/\\\/schema.org\",\"@graph\":[{\"@type\":\"WebPage\",\"@id\":\"https:\\\/\\\/revitapolis.com\\\/it\\\/italia\\\/umbria\\\/provincia-di-perugia\\\/\",\"url\":\"https:\\\/\\\/revitapolis.com\\\/it\\\/italia\\\/umbria\\\/provincia-di-perugia\\\/\",\"name\":\"Provincia di Perugia - Revitapolis\",\"isPartOf\":{\"@id\":\"https:\\\/\\\/revitapolis.com\\\/it\\\/#website\"},\"primaryImageOfPage\":{\"@id\":\"https:\\\/\\\/revitapolis.com\\\/it\\\/italia\\\/umbria\\\/provincia-di-perugia\\\/#primaryimage\"},\"image\":{\"@id\":\"https:\\\/\\\/revitapolis.com\\\/it\\\/italia\\\/umbria\\\/provincia-di-perugia\\\/#primaryimage\"},\"thumbnailUrl\":\"https:\\\/\\\/revitapolis.com\\\/wp-content\\\/uploads\\\/2023\\\/04\\\/umbria-2902099_640.jpg\",\"datePublished\":\"2022-11-27T19:18:32+00:00\",\"dateModified\":\"2024-05-14T16:56:14+00:00\",\"description\":\"La provincia di Perugia si trova nel cuore dell'Italia. \u00c8 particolarmente impressionante la natura\",\"breadcrumb\":{\"@id\":\"https:\\\/\\\/revitapolis.com\\\/it\\\/italia\\\/umbria\\\/provincia-di-perugia\\\/#breadcrumb\"},\"inLanguage\":\"it-IT\",\"potentialAction\":[{\"@type\":\"ReadAction\",\"target\":[\"https:\\\/\\\/revitapolis.com\\\/it\\\/italia\\\/umbria\\\/provincia-di-perugia\\\/\"]}]},{\"@type\":\"ImageObject\",\"inLanguage\":\"it-IT\",\"@id\":\"https:\\\/\\\/revitapolis.com\\\/it\\\/italia\\\/umbria\\\/provincia-di-perugia\\\/#primaryimage\",\"url\":\"https:\\\/\\\/revitapolis.com\\\/wp-content\\\/uploads\\\/2023\\\/04\\\/umbria-2902099_640.jpg\",\"contentUrl\":\"https:\\\/\\\/revitapolis.com\\\/wp-content\\\/uploads\\\/2023\\\/04\\\/umbria-2902099_640.jpg\"},{\"@type\":\"BreadcrumbList\",\"@id\":\"https:\\\/\\\/revitapolis.com\\\/it\\\/italia\\\/umbria\\\/provincia-di-perugia\\\/#breadcrumb\",\"itemListElement\":[{\"@type\":\"ListItem\",\"position\":1,\"name\":\"Pagina iniziale\",\"item\":\"https:\\\/\\\/revitapolis.com\\\/it\\\/\"},{\"@type\":\"ListItem\",\"position\":2,\"name\":\"Italia\",\"item\":\"https:\\\/\\\/revitapolis.com\\\/it\\\/italia\\\/\"},{\"@type\":\"ListItem\",\"position\":3,\"name\":\"Umbria\",\"item\":\"https:\\\/\\\/revitapolis.com\\\/it\\\/italia\\\/umbria\\\/\"},{\"@type\":\"ListItem\",\"position\":4,\"name\":\"Provincia di Perugia\"}]},{\"@type\":\"WebSite\",\"@id\":\"https:\\\/\\\/revitapolis.com\\\/it\\\/#website\",\"url\":\"https:\\\/\\\/revitapolis.com\\\/it\\\/\",\"name\":\"Revitapolis\",\"description\":\"Wiederbelebung italienischer Orte\",\"publisher\":{\"@id\":\"https:\\\/\\\/revitapolis.com\\\/it\\\/#organization\"},\"potentialAction\":[{\"@type\":\"SearchAction\",\"target\":{\"@type\":\"EntryPoint\",\"urlTemplate\":\"https:\\\/\\\/revitapolis.com\\\/it\\\/?s={search_term_string}\"},\"query-input\":{\"@type\":\"PropertyValueSpecification\",\"valueRequired\":true,\"valueName\":\"search_term_string\"}}],\"inLanguage\":\"it-IT\"},{\"@type\":\"Organization\",\"@id\":\"https:\\\/\\\/revitapolis.com\\\/it\\\/#organization\",\"name\":\"Revitapolis\",\"url\":\"https:\\\/\\\/revitapolis.com\\\/it\\\/\",\"logo\":{\"@type\":\"ImageObject\",\"inLanguage\":\"it-IT\",\"@id\":\"https:\\\/\\\/revitapolis.com\\\/it\\\/#\\\/schema\\\/logo\\\/image\\\/\",\"url\":\"https:\\\/\\\/revitapolis.com\\\/wp-content\\\/uploads\\\/2022\\\/03\\\/cropped-logo-revitapolis.jpg\",\"contentUrl\":\"https:\\\/\\\/revitapolis.com\\\/wp-content\\\/uploads\\\/2022\\\/03\\\/cropped-logo-revitapolis.jpg\",\"width\":200,\"height\":91,\"caption\":\"Revitapolis\"},\"image\":{\"@id\":\"https:\\\/\\\/revitapolis.com\\\/it\\\/#\\\/schema\\\/logo\\\/image\\\/\"}}]}<\/script>\n<!-- \/ Yoast SEO plugin. -->","yoast_head_json":{"title":"Provincia di Perugia - Revitapolis","description":"La provincia di Perugia si trova nel cuore dell'Italia. \u00c8 particolarmente impressionante la natura","robots":{"index":"index","follow":"follow","max-snippet":"max-snippet:-1","max-image-preview":"max-image-preview:large","max-video-preview":"max-video-preview:-1"},"canonical":"https:\/\/revitapolis.com\/it\/italia\/umbria\/provincia-di-perugia\/","og_locale":"it_IT","og_type":"article","og_title":"Provincia di Perugia - Revitapolis","og_description":"La provincia di Perugia si trova nel cuore dell'Italia. \u00c8 particolarmente impressionante la natura","og_url":"https:\/\/revitapolis.com\/it\/italia\/umbria\/provincia-di-perugia\/","og_site_name":"Revitapolis","article_modified_time":"2024-05-14T16:56:14+00:00","og_image":[{"url":"https:\/\/revitapolis.com\/wp-content\/uploads\/2023\/04\/umbria-2902099_640.jpg","type":"","width":"","height":""}],"twitter_card":"summary_large_image","twitter_misc":{"Tempo di lettura stimato":"2 minuti"},"schema":{"@context":"https:\/\/schema.org","@graph":[{"@type":"WebPage","@id":"https:\/\/revitapolis.com\/it\/italia\/umbria\/provincia-di-perugia\/","url":"https:\/\/revitapolis.com\/it\/italia\/umbria\/provincia-di-perugia\/","name":"Provincia di Perugia - Revitapolis","isPartOf":{"@id":"https:\/\/revitapolis.com\/it\/#website"},"primaryImageOfPage":{"@id":"https:\/\/revitapolis.com\/it\/italia\/umbria\/provincia-di-perugia\/#primaryimage"},"image":{"@id":"https:\/\/revitapolis.com\/it\/italia\/umbria\/provincia-di-perugia\/#primaryimage"},"thumbnailUrl":"https:\/\/revitapolis.com\/wp-content\/uploads\/2023\/04\/umbria-2902099_640.jpg","datePublished":"2022-11-27T19:18:32+00:00","dateModified":"2024-05-14T16:56:14+00:00","description":"La provincia di Perugia si trova nel cuore dell'Italia. \u00c8 particolarmente impressionante la natura","breadcrumb":{"@id":"https:\/\/revitapolis.com\/it\/italia\/umbria\/provincia-di-perugia\/#breadcrumb"},"inLanguage":"it-IT","potentialAction":[{"@type":"ReadAction","target":["https:\/\/revitapolis.com\/it\/italia\/umbria\/provincia-di-perugia\/"]}]},{"@type":"ImageObject","inLanguage":"it-IT","@id":"https:\/\/revitapolis.com\/it\/italia\/umbria\/provincia-di-perugia\/#primaryimage","url":"https:\/\/revitapolis.com\/wp-content\/uploads\/2023\/04\/umbria-2902099_640.jpg","contentUrl":"https:\/\/revitapolis.com\/wp-content\/uploads\/2023\/04\/umbria-2902099_640.jpg"},{"@type":"BreadcrumbList","@id":"https:\/\/revitapolis.com\/it\/italia\/umbria\/provincia-di-perugia\/#breadcrumb","itemListElement":[{"@type":"ListItem","position":1,"name":"Pagina iniziale","item":"https:\/\/revitapolis.com\/it\/"},{"@type":"ListItem","position":2,"name":"Italia","item":"https:\/\/revitapolis.com\/it\/italia\/"},{"@type":"ListItem","position":3,"name":"Umbria","item":"https:\/\/revitapolis.com\/it\/italia\/umbria\/"},{"@type":"ListItem","position":4,"name":"Provincia di Perugia"}]},{"@type":"WebSite","@id":"https:\/\/revitapolis.com\/it\/#website","url":"https:\/\/revitapolis.com\/it\/","name":"Revitapolis","description":"Wiederbelebung italienischer Orte","publisher":{"@id":"https:\/\/revitapolis.com\/it\/#organization"},"potentialAction":[{"@type":"SearchAction","target":{"@type":"EntryPoint","urlTemplate":"https:\/\/revitapolis.com\/it\/?s={search_term_string}"},"query-input":{"@type":"PropertyValueSpecification","valueRequired":true,"valueName":"search_term_string"}}],"inLanguage":"it-IT"},{"@type":"Organization","@id":"https:\/\/revitapolis.com\/it\/#organization","name":"Revitapolis","url":"https:\/\/revitapolis.com\/it\/","logo":{"@type":"ImageObject","inLanguage":"it-IT","@id":"https:\/\/revitapolis.com\/it\/#\/schema\/logo\/image\/","url":"https:\/\/revitapolis.com\/wp-content\/uploads\/2022\/03\/cropped-logo-revitapolis.jpg","contentUrl":"https:\/\/revitapolis.com\/wp-content\/uploads\/2022\/03\/cropped-logo-revitapolis.jpg","width":200,"height":91,"caption":"Revitapolis"},"image":{"@id":"https:\/\/revitapolis.com\/it\/#\/schema\/logo\/image\/"}}]}},"_links":{"self":[{"href":"https:\/\/revitapolis.com\/it\/wp-json\/wp\/v2\/pages\/2994","targetHints":{"allow":["GET"]}}],"collection":[{"href":"https:\/\/revitapolis.com\/it\/wp-json\/wp\/v2\/pages"}],"about":[{"href":"https:\/\/revitapolis.com\/it\/wp-json\/wp\/v2\/types\/page"}],"author":[{"embeddable":true,"href":"https:\/\/revitapolis.com\/it\/wp-json\/wp\/v2\/users\/1"}],"replies":[{"embeddable":true,"href":"https:\/\/revitapolis.com\/it\/wp-json\/wp\/v2\/comments?post=2994"}],"version-history":[{"count":7,"href":"https:\/\/revitapolis.com\/it\/wp-json\/wp\/v2\/pages\/2994\/revisions"}],"predecessor-version":[{"id":5238,"href":"https:\/\/revitapolis.com\/it\/wp-json\/wp\/v2\/pages\/2994\/revisions\/5238"}],"up":[{"embeddable":true,"href":"https:\/\/revitapolis.com\/it\/wp-json\/wp\/v2\/pages\/2669"}],"wp:attachment":[{"href":"https:\/\/revitapolis.com\/it\/wp-json\/wp\/v2\/media?parent=2994"}],"curies":[{"name":"wp","href":"https:\/\/api.w.org\/{rel}","templated":true}]}}