{"id":2722,"date":"2023-05-07T08:36:48","date_gmt":"2023-05-07T08:36:48","guid":{"rendered":"https:\/\/revitapolis.com\/piazza-di-mercato\/mercato-del-lavoro\/"},"modified":"2022-10-30T21:09:56","modified_gmt":"2022-10-30T21:09:56","slug":"mercato-del-lavoro","status":"publish","type":"page","link":"https:\/\/revitapolis.com\/it\/piazza-di-mercato\/mercato-del-lavoro\/","title":{"rendered":"Mercato del lavoro"},"content":{"rendered":"\n<div style=\"height:33px\" aria-hidden=\"true\" class=\"wp-block-spacer\"><\/div>\n\n<h2 class=\"wp-block-heading\" style=\"font-size:30px\">Stellenmarkt &gt; Italia <\/h2>\n\n<p>Nel nostro mercato del lavoro, le aziende con sede in Italia possono pubblicizzare le offerte di lavoro. <\/p>\n\n<p>Il mercato del lavoro ha una funzione di ricerca dinamica. Un consiglio importante per l&#8217;uso: \u00e8 possibile utilizzare pi\u00f9 termini di ricerca per rendere la ricerca pi\u00f9 specifica.<\/p>\n\n<p class=\"has-text-align-left has-vivid-red-color has-text-color\">Esempi concreti: <strong>&#8220;<\/strong>Offerte di lavoro Piemonte (regione)&#8221; | &#8220;Offerte di lavoro Parma (provincia)&#8221; | &#8220;Offerte di lavoro Bosio (comune)&#8221; | &#8220;Offerte di lavoro Parma (provincia)&#8221;. | Offerte di lavoro Bosio (comune)<\/p>\n<form role=\"search\" method=\"get\" action=\"https:\/\/revitapolis.com\/it\/\" class=\"wp-block-search__button-outside wp-block-search__text-button wp-block-search\"    ><label class=\"wp-block-search__label\" for=\"wp-block-search__input-2\" >Ricerca<\/label><div class=\"wp-block-search__inside-wrapper\" ><input class=\"wp-block-search__input\" id=\"wp-block-search__input-2\" placeholder=\"\" value=\"\" type=\"search\" name=\"s\" required \/><button aria-label=\"Ricerca\" class=\"wp-block-search__button wp-element-button\" type=\"submit\" >Ricerca<\/button><\/div><\/form>\n<div style=\"height:10px\" aria-hidden=\"true\" class=\"wp-block-spacer\"><\/div>\n\n<hr class=\"wp-block-separator has-css-opacity\"\/>\n\n<div style=\"height:50px\" aria-hidden=\"true\" class=\"wp-block-spacer\"><\/div>\n\n<hr style=\"border: 0; height: 1px; background-image: linear-gradient(to right, rgba(0, 0, 0, 0), rgba(0, 0, 0, 0.75), rgba(0, 0, 0, 0));\"\/>\n<p class=\"has-text-align-center\">PUBBLICIT\u00c0 A &#8211; PUBBLICIT\u00c0 B &#8211; PUBBLICIT\u00c0 C<\/p>\n\n<div style=\"height:50px\" aria-hidden=\"true\" class=\"wp-block-spacer\"><\/div>\n\n<p><\/p>\n","protected":false},"excerpt":{"rendered":"<p>Stellenmarkt &gt; Italia Nel nostro mercato del lavoro, le aziende con sede in Italia possono pubblicizzare le offerte di lavoro. Il mercato del lavoro ha una funzione di ricerca dinamica. Un consiglio importante per l&#8217;uso: \u00e8 possibile utilizzare pi\u00f9 termini di ricerca per rendere la ricerca pi\u00f9 specifica. Esempi concreti: &#8220;Offerte di lavoro Piemonte (regione)&#8221; [&hellip;]<\/p>\n","protected":false},"author":1,"featured_media":0,"parent":2718,"menu_order":0,"comment_status":"closed","ping_status":"closed","template":"","meta":{"_acf_changed":false,"om_disable_all_campaigns":false,"_monsterinsights_skip_tracking":false,"_monsterinsights_sitenote_active":false,"_monsterinsights_sitenote_note":"","_monsterinsights_sitenote_category":0,"ocean_post_layout":"right-sidebar","ocean_both_sidebars_style":"","ocean_both_sidebars_content_width":0,"ocean_both_sidebars_sidebars_width":0,"ocean_sidebar":"sidebar","ocean_second_sidebar":"0","ocean_disable_margins":"enable","ocean_add_body_class":"","ocean_shortcode_before_top_bar":"","ocean_shortcode_after_top_bar":"","ocean_shortcode_before_header":"","ocean_shortcode_after_header":"","ocean_has_shortcode":"","ocean_shortcode_after_title":"","ocean_shortcode_before_footer_widgets":"","ocean_shortcode_after_footer_widgets":"","ocean_shortcode_before_footer_bottom":"","ocean_shortcode_after_footer_bottom":"","ocean_display_top_bar":"default","ocean_display_header":"default","ocean_header_style":"","ocean_center_header_left_menu":"0","ocean_custom_header_template":"0","ocean_custom_logo":0,"ocean_custom_retina_logo":0,"ocean_custom_logo_max_width":0,"ocean_custom_logo_tablet_max_width":0,"ocean_custom_logo_mobile_max_width":0,"ocean_custom_logo_max_height":0,"ocean_custom_logo_tablet_max_height":0,"ocean_custom_logo_mobile_max_height":0,"ocean_header_custom_menu":"0","ocean_menu_typo_font_family":"0","ocean_menu_typo_font_subset":"","ocean_menu_typo_font_size":0,"ocean_menu_typo_font_size_tablet":0,"ocean_menu_typo_font_size_mobile":0,"ocean_menu_typo_font_size_unit":"px","ocean_menu_typo_font_weight":"","ocean_menu_typo_font_weight_tablet":"","ocean_menu_typo_font_weight_mobile":"","ocean_menu_typo_transform":"","ocean_menu_typo_transform_tablet":"","ocean_menu_typo_transform_mobile":"","ocean_menu_typo_line_height":0,"ocean_menu_typo_line_height_tablet":0,"ocean_menu_typo_line_height_mobile":0,"ocean_menu_typo_line_height_unit":"","ocean_menu_typo_spacing":0,"ocean_menu_typo_spacing_tablet":0,"ocean_menu_typo_spacing_mobile":0,"ocean_menu_typo_spacing_unit":"","ocean_menu_link_color":"","ocean_menu_link_color_hover":"","ocean_menu_link_color_active":"","ocean_menu_link_background":"","ocean_menu_link_hover_background":"","ocean_menu_link_active_background":"","ocean_menu_social_links_bg":"","ocean_menu_social_hover_links_bg":"","ocean_menu_social_links_color":"","ocean_menu_social_hover_links_color":"","ocean_disable_title":"default","ocean_disable_heading":"default","ocean_post_title":"","ocean_post_subheading":"","ocean_post_title_style":"","ocean_post_title_background_color":"","ocean_post_title_background":0,"ocean_post_title_bg_image_position":"","ocean_post_title_bg_image_attachment":"","ocean_post_title_bg_image_repeat":"","ocean_post_title_bg_image_size":"","ocean_post_title_height":0,"ocean_post_title_bg_overlay":0.5,"ocean_post_title_bg_overlay_color":"","ocean_disable_breadcrumbs":"default","ocean_breadcrumbs_color":"","ocean_breadcrumbs_separator_color":"","ocean_breadcrumbs_links_color":"","ocean_breadcrumbs_links_hover_color":"","ocean_display_footer_widgets":"default","ocean_display_footer_bottom":"default","ocean_custom_footer_template":"0","footnotes":""},"class_list":["post-2722","page","type-page","status-publish","hentry","entry"],"acf":[],"yoast_head":"<!-- This site is optimized with the Yoast SEO plugin v27.3 - https:\/\/yoast.com\/product\/yoast-seo-wordpress\/ -->\n<title>Mercato del lavoro - Revitapolis<\/title>\n<meta name=\"description\" content=\"Nel nostro mercato del lavoro, chi cerca lavoro pu\u00f2 trovare aziende con sede in Italia che hanno offerte di lavoro.\" \/>\n<meta name=\"robots\" content=\"index, follow, max-snippet:-1, max-image-preview:large, max-video-preview:-1\" \/>\n<link rel=\"canonical\" href=\"https:\/\/revitapolis.com\/it\/piazza-di-mercato\/mercato-del-lavoro\/\" \/>\n<meta property=\"og:locale\" content=\"it_IT\" \/>\n<meta property=\"og:type\" content=\"article\" \/>\n<meta property=\"og:title\" content=\"Mercato del lavoro - Revitapolis\" \/>\n<meta property=\"og:description\" content=\"Nel nostro mercato del lavoro, chi cerca lavoro pu\u00f2 trovare aziende con sede in Italia che hanno offerte di lavoro.\" \/>\n<meta property=\"og:url\" content=\"https:\/\/revitapolis.com\/it\/piazza-di-mercato\/mercato-del-lavoro\/\" \/>\n<meta property=\"og:site_name\" content=\"Revitapolis\" \/>\n<meta name=\"twitter:card\" content=\"summary_large_image\" \/>\n<script type=\"application\/ld+json\" class=\"yoast-schema-graph\">{\"@context\":\"https:\\\/\\\/schema.org\",\"@graph\":[{\"@type\":\"WebPage\",\"@id\":\"https:\\\/\\\/revitapolis.com\\\/it\\\/piazza-di-mercato\\\/mercato-del-lavoro\\\/\",\"url\":\"https:\\\/\\\/revitapolis.com\\\/it\\\/piazza-di-mercato\\\/mercato-del-lavoro\\\/\",\"name\":\"Mercato del lavoro - Revitapolis\",\"isPartOf\":{\"@id\":\"https:\\\/\\\/revitapolis.com\\\/it\\\/#website\"},\"datePublished\":\"2023-05-07T08:36:48+00:00\",\"description\":\"Nel nostro mercato del lavoro, chi cerca lavoro pu\u00f2 trovare aziende con sede in Italia che hanno offerte di lavoro.\",\"breadcrumb\":{\"@id\":\"https:\\\/\\\/revitapolis.com\\\/it\\\/piazza-di-mercato\\\/mercato-del-lavoro\\\/#breadcrumb\"},\"inLanguage\":\"it-IT\",\"potentialAction\":[{\"@type\":\"ReadAction\",\"target\":[\"https:\\\/\\\/revitapolis.com\\\/it\\\/piazza-di-mercato\\\/mercato-del-lavoro\\\/\"]}]},{\"@type\":\"BreadcrumbList\",\"@id\":\"https:\\\/\\\/revitapolis.com\\\/it\\\/piazza-di-mercato\\\/mercato-del-lavoro\\\/#breadcrumb\",\"itemListElement\":[{\"@type\":\"ListItem\",\"position\":1,\"name\":\"Pagina iniziale\",\"item\":\"https:\\\/\\\/revitapolis.com\\\/it\\\/\"},{\"@type\":\"ListItem\",\"position\":2,\"name\":\"Piazza di Mercato\",\"item\":\"https:\\\/\\\/revitapolis.com\\\/it\\\/piazza-di-mercato\\\/\"},{\"@type\":\"ListItem\",\"position\":3,\"name\":\"Mercato del lavoro\"}]},{\"@type\":\"WebSite\",\"@id\":\"https:\\\/\\\/revitapolis.com\\\/it\\\/#website\",\"url\":\"https:\\\/\\\/revitapolis.com\\\/it\\\/\",\"name\":\"Revitapolis\",\"description\":\"Wiederbelebung italienischer Orte\",\"publisher\":{\"@id\":\"https:\\\/\\\/revitapolis.com\\\/it\\\/#organization\"},\"potentialAction\":[{\"@type\":\"SearchAction\",\"target\":{\"@type\":\"EntryPoint\",\"urlTemplate\":\"https:\\\/\\\/revitapolis.com\\\/it\\\/?s={search_term_string}\"},\"query-input\":{\"@type\":\"PropertyValueSpecification\",\"valueRequired\":true,\"valueName\":\"search_term_string\"}}],\"inLanguage\":\"it-IT\"},{\"@type\":\"Organization\",\"@id\":\"https:\\\/\\\/revitapolis.com\\\/it\\\/#organization\",\"name\":\"Revitapolis\",\"url\":\"https:\\\/\\\/revitapolis.com\\\/it\\\/\",\"logo\":{\"@type\":\"ImageObject\",\"inLanguage\":\"it-IT\",\"@id\":\"https:\\\/\\\/revitapolis.com\\\/it\\\/#\\\/schema\\\/logo\\\/image\\\/\",\"url\":\"https:\\\/\\\/revitapolis.com\\\/wp-content\\\/uploads\\\/2022\\\/03\\\/cropped-logo-revitapolis.jpg\",\"contentUrl\":\"https:\\\/\\\/revitapolis.com\\\/wp-content\\\/uploads\\\/2022\\\/03\\\/cropped-logo-revitapolis.jpg\",\"width\":200,\"height\":91,\"caption\":\"Revitapolis\"},\"image\":{\"@id\":\"https:\\\/\\\/revitapolis.com\\\/it\\\/#\\\/schema\\\/logo\\\/image\\\/\"}}]}<\/script>\n<!-- \/ Yoast SEO plugin. -->","yoast_head_json":{"title":"Mercato del lavoro - Revitapolis","description":"Nel nostro mercato del lavoro, chi cerca lavoro pu\u00f2 trovare aziende con sede in Italia che hanno offerte di lavoro.","robots":{"index":"index","follow":"follow","max-snippet":"max-snippet:-1","max-image-preview":"max-image-preview:large","max-video-preview":"max-video-preview:-1"},"canonical":"https:\/\/revitapolis.com\/it\/piazza-di-mercato\/mercato-del-lavoro\/","og_locale":"it_IT","og_type":"article","og_title":"Mercato del lavoro - Revitapolis","og_description":"Nel nostro mercato del lavoro, chi cerca lavoro pu\u00f2 trovare aziende con sede in Italia che hanno offerte di lavoro.","og_url":"https:\/\/revitapolis.com\/it\/piazza-di-mercato\/mercato-del-lavoro\/","og_site_name":"Revitapolis","twitter_card":"summary_large_image","schema":{"@context":"https:\/\/schema.org","@graph":[{"@type":"WebPage","@id":"https:\/\/revitapolis.com\/it\/piazza-di-mercato\/mercato-del-lavoro\/","url":"https:\/\/revitapolis.com\/it\/piazza-di-mercato\/mercato-del-lavoro\/","name":"Mercato del lavoro - Revitapolis","isPartOf":{"@id":"https:\/\/revitapolis.com\/it\/#website"},"datePublished":"2023-05-07T08:36:48+00:00","description":"Nel nostro mercato del lavoro, chi cerca lavoro pu\u00f2 trovare aziende con sede in Italia che hanno offerte di lavoro.","breadcrumb":{"@id":"https:\/\/revitapolis.com\/it\/piazza-di-mercato\/mercato-del-lavoro\/#breadcrumb"},"inLanguage":"it-IT","potentialAction":[{"@type":"ReadAction","target":["https:\/\/revitapolis.com\/it\/piazza-di-mercato\/mercato-del-lavoro\/"]}]},{"@type":"BreadcrumbList","@id":"https:\/\/revitapolis.com\/it\/piazza-di-mercato\/mercato-del-lavoro\/#breadcrumb","itemListElement":[{"@type":"ListItem","position":1,"name":"Pagina iniziale","item":"https:\/\/revitapolis.com\/it\/"},{"@type":"ListItem","position":2,"name":"Piazza di Mercato","item":"https:\/\/revitapolis.com\/it\/piazza-di-mercato\/"},{"@type":"ListItem","position":3,"name":"Mercato del lavoro"}]},{"@type":"WebSite","@id":"https:\/\/revitapolis.com\/it\/#website","url":"https:\/\/revitapolis.com\/it\/","name":"Revitapolis","description":"Wiederbelebung italienischer Orte","publisher":{"@id":"https:\/\/revitapolis.com\/it\/#organization"},"potentialAction":[{"@type":"SearchAction","target":{"@type":"EntryPoint","urlTemplate":"https:\/\/revitapolis.com\/it\/?s={search_term_string}"},"query-input":{"@type":"PropertyValueSpecification","valueRequired":true,"valueName":"search_term_string"}}],"inLanguage":"it-IT"},{"@type":"Organization","@id":"https:\/\/revitapolis.com\/it\/#organization","name":"Revitapolis","url":"https:\/\/revitapolis.com\/it\/","logo":{"@type":"ImageObject","inLanguage":"it-IT","@id":"https:\/\/revitapolis.com\/it\/#\/schema\/logo\/image\/","url":"https:\/\/revitapolis.com\/wp-content\/uploads\/2022\/03\/cropped-logo-revitapolis.jpg","contentUrl":"https:\/\/revitapolis.com\/wp-content\/uploads\/2022\/03\/cropped-logo-revitapolis.jpg","width":200,"height":91,"caption":"Revitapolis"},"image":{"@id":"https:\/\/revitapolis.com\/it\/#\/schema\/logo\/image\/"}}]}},"_links":{"self":[{"href":"https:\/\/revitapolis.com\/it\/wp-json\/wp\/v2\/pages\/2722","targetHints":{"allow":["GET"]}}],"collection":[{"href":"https:\/\/revitapolis.com\/it\/wp-json\/wp\/v2\/pages"}],"about":[{"href":"https:\/\/revitapolis.com\/it\/wp-json\/wp\/v2\/types\/page"}],"author":[{"embeddable":true,"href":"https:\/\/revitapolis.com\/it\/wp-json\/wp\/v2\/users\/1"}],"replies":[{"embeddable":true,"href":"https:\/\/revitapolis.com\/it\/wp-json\/wp\/v2\/comments?post=2722"}],"version-history":[{"count":1,"href":"https:\/\/revitapolis.com\/it\/wp-json\/wp\/v2\/pages\/2722\/revisions"}],"predecessor-version":[{"id":2723,"href":"https:\/\/revitapolis.com\/it\/wp-json\/wp\/v2\/pages\/2722\/revisions\/2723"}],"up":[{"embeddable":true,"href":"https:\/\/revitapolis.com\/it\/wp-json\/wp\/v2\/pages\/2718"}],"wp:attachment":[{"href":"https:\/\/revitapolis.com\/it\/wp-json\/wp\/v2\/media?parent=2722"}],"curies":[{"name":"wp","href":"https:\/\/api.w.org\/{rel}","templated":true}]}}