{"id":2714,"date":"2022-04-02T09:14:06","date_gmt":"2022-04-02T09:14:06","guid":{"rendered":"https:\/\/revitapolis.com\/la-cultura\/progetti\/"},"modified":"2022-10-30T20:34:21","modified_gmt":"2022-10-30T20:34:21","slug":"progetti","status":"publish","type":"page","link":"https:\/\/revitapolis.com\/it\/la-cultura\/progetti\/","title":{"rendered":"Progetti"},"content":{"rendered":"\n<div style=\"height:23px\" aria-hidden=\"true\" class=\"wp-block-spacer\"><\/div>\n\n<p>Sosteniamo <\/p>\n\n<h2 class=\"wp-block-heading\">la cultura in tutta la sua diversit\u00e0<\/h2>\n\n<div class=\"wp-block-columns is-layout-flex wp-container-core-columns-is-layout-9d6595d7 wp-block-columns-is-layout-flex\">\n<div class=\"wp-block-column is-layout-flow wp-block-column-is-layout-flow\">\n<figure class=\"wp-block-image size-full\"><img fetchpriority=\"high\" decoding=\"async\" width=\"640\" height=\"425\" src=\"https:\/\/revitapolis.com\/wp-content\/uploads\/2022\/04\/guitar-g2f19468c8_640.jpg\" alt=\"\" class=\"wp-image-1070\" srcset=\"https:\/\/revitapolis.com\/wp-content\/uploads\/2022\/04\/guitar-g2f19468c8_640.jpg 640w, https:\/\/revitapolis.com\/wp-content\/uploads\/2022\/04\/guitar-g2f19468c8_640-300x199.jpg 300w\" sizes=\"(max-width: 640px) 100vw, 640px\" \/><figcaption>Musicisti<\/figcaption><\/figure><\/div>\n\n\n\n<div class=\"wp-block-column is-layout-flow wp-block-column-is-layout-flow\">\n<figure class=\"wp-block-image size-full\"><img decoding=\"async\" width=\"640\" height=\"427\" src=\"https:\/\/revitapolis.com\/wp-content\/uploads\/2022\/04\/brushes-gbe855ede3_640.jpg\" alt=\"\" class=\"wp-image-1072\" srcset=\"https:\/\/revitapolis.com\/wp-content\/uploads\/2022\/04\/brushes-gbe855ede3_640.jpg 640w, https:\/\/revitapolis.com\/wp-content\/uploads\/2022\/04\/brushes-gbe855ede3_640-300x200.jpg 300w\" sizes=\"(max-width: 640px) 100vw, 640px\" \/><figcaption>Artisti<\/figcaption><\/figure><\/div>\n\n\n\n<div class=\"wp-block-column is-layout-flow wp-block-column-is-layout-flow\">\n<figure class=\"wp-block-image size-full\"><img decoding=\"async\" width=\"640\" height=\"428\" src=\"https:\/\/revitapolis.com\/wp-content\/uploads\/2022\/04\/writer-g98f910bf5_640.jpg\" alt=\"\" class=\"wp-image-1073\" srcset=\"https:\/\/revitapolis.com\/wp-content\/uploads\/2022\/04\/writer-g98f910bf5_640.jpg 640w, https:\/\/revitapolis.com\/wp-content\/uploads\/2022\/04\/writer-g98f910bf5_640-300x201.jpg 300w\" sizes=\"(max-width: 640px) 100vw, 640px\" \/><figcaption>Scrittori<\/figcaption><\/figure><\/div>\n<\/div>\n\n<p>Contattateci! Pi\u00f9 sono colorati, meglio \u00e8. Approfittate di questa opportunit\u00e0 unica per mettere voi e le vostre competenze in vetrina. Mostrate ci\u00f2 che avete da offrire. L&#8217;unico requisito \u00e8 un collegamento con l&#8217;Italia. Vi incoraggiamo a presentare la vostra comunit\u00e0, con la sua unicit\u00e0, in questa vetrina. <\/p>\n\n<p>Leonardo nacque nella piccola citt\u00e0 di Vinci. Forse ci sono altri artisti l\u00e0?<\/p>\n\n<div style=\"height:21px\" aria-hidden=\"true\" class=\"wp-block-spacer\"><\/div>\n\n<h2 class=\"has-text-align-center wp-block-heading\">Diversit\u00e0 sociale, benessere sociale e percezione sociale<\/h2>\n\n<div class=\"wp-block-media-text is-stacked-on-mobile is-vertically-aligned-center\" style=\"grid-template-columns:21% auto\"><figure class=\"wp-block-media-text__media\"><img loading=\"lazy\" decoding=\"async\" width=\"250\" height=\"250\" src=\"https:\/\/revitapolis.com\/wp-content\/uploads\/2022\/04\/ukraine-g08e6a8c32_640-e1648973988837.png\" alt=\"\" class=\"wp-image-1083 size-full\" srcset=\"https:\/\/revitapolis.com\/wp-content\/uploads\/2022\/04\/ukraine-g08e6a8c32_640-e1648973988837.png 250w, https:\/\/revitapolis.com\/wp-content\/uploads\/2022\/04\/ukraine-g08e6a8c32_640-e1648973988837-150x150.png 150w\" sizes=\"(max-width: 250px) 100vw, 250px\" \/><\/figure><div class=\"wp-block-media-text__content\">\n<p class=\"has-text-align-left has-black-color has-text-color\" style=\"font-size:18px\">Vediamo sempre di pi\u00f9 come il nostro mondo si stia disintegrando in parti sociali. Questo \u00e8 un grave danno per la nostra cultura. Dobbiamo riuscire a contrastare questo cattivo sviluppo. Il nostro obiettivo \u00e8 quindi quello di esercitare un&#8217;influenza positiva su queste correnti. Pertanto, incoraggiamo tutti i tipi di incontri sociali che abbiano una sostanza positiva. <\/p>\n<\/div><\/div>\n\n<hr style=\"border: 0; height: 1px; background-image: linear-gradient(to right, rgba(0, 0, 0, 0), rgba(0, 0, 0, 0.75), rgba(0, 0, 0, 0));\"\/>\n<hr class=\"wp-block-separator has-css-opacity\"\/>\n\n<div style=\"height:50px\" aria-hidden=\"true\" class=\"wp-block-spacer\"><\/div>\n","protected":false},"excerpt":{"rendered":"<p>Sosteniamo la cultura in tutta la sua diversit\u00e0 Contattateci! Pi\u00f9 sono colorati, meglio \u00e8. Approfittate di questa opportunit\u00e0 unica per mettere voi e le vostre competenze in vetrina. Mostrate ci\u00f2 che avete da offrire. L&#8217;unico requisito \u00e8 un collegamento con l&#8217;Italia. Vi incoraggiamo a presentare la vostra comunit\u00e0, con la sua unicit\u00e0, in questa vetrina. [&hellip;]<\/p>\n","protected":false},"author":1,"featured_media":0,"parent":2679,"menu_order":0,"comment_status":"closed","ping_status":"closed","template":"","meta":{"_acf_changed":false,"om_disable_all_campaigns":false,"_monsterinsights_skip_tracking":false,"_monsterinsights_sitenote_active":false,"_monsterinsights_sitenote_note":"","_monsterinsights_sitenote_category":0,"ocean_post_layout":"","ocean_both_sidebars_style":"","ocean_both_sidebars_content_width":0,"ocean_both_sidebars_sidebars_width":0,"ocean_sidebar":"0","ocean_second_sidebar":"0","ocean_disable_margins":"enable","ocean_add_body_class":"","ocean_shortcode_before_top_bar":"","ocean_shortcode_after_top_bar":"","ocean_shortcode_before_header":"","ocean_shortcode_after_header":"","ocean_has_shortcode":"","ocean_shortcode_after_title":"","ocean_shortcode_before_footer_widgets":"","ocean_shortcode_after_footer_widgets":"","ocean_shortcode_before_footer_bottom":"","ocean_shortcode_after_footer_bottom":"","ocean_display_top_bar":"default","ocean_display_header":"default","ocean_header_style":"","ocean_center_header_left_menu":"0","ocean_custom_header_template":"0","ocean_custom_logo":0,"ocean_custom_retina_logo":0,"ocean_custom_logo_max_width":0,"ocean_custom_logo_tablet_max_width":0,"ocean_custom_logo_mobile_max_width":0,"ocean_custom_logo_max_height":0,"ocean_custom_logo_tablet_max_height":0,"ocean_custom_logo_mobile_max_height":0,"ocean_header_custom_menu":"0","ocean_menu_typo_font_family":"0","ocean_menu_typo_font_subset":"","ocean_menu_typo_font_size":0,"ocean_menu_typo_font_size_tablet":0,"ocean_menu_typo_font_size_mobile":0,"ocean_menu_typo_font_size_unit":"px","ocean_menu_typo_font_weight":"","ocean_menu_typo_font_weight_tablet":"","ocean_menu_typo_font_weight_mobile":"","ocean_menu_typo_transform":"","ocean_menu_typo_transform_tablet":"","ocean_menu_typo_transform_mobile":"","ocean_menu_typo_line_height":0,"ocean_menu_typo_line_height_tablet":0,"ocean_menu_typo_line_height_mobile":0,"ocean_menu_typo_line_height_unit":"","ocean_menu_typo_spacing":0,"ocean_menu_typo_spacing_tablet":0,"ocean_menu_typo_spacing_mobile":0,"ocean_menu_typo_spacing_unit":"","ocean_menu_link_color":"","ocean_menu_link_color_hover":"","ocean_menu_link_color_active":"","ocean_menu_link_background":"","ocean_menu_link_hover_background":"","ocean_menu_link_active_background":"","ocean_menu_social_links_bg":"","ocean_menu_social_hover_links_bg":"","ocean_menu_social_links_color":"","ocean_menu_social_hover_links_color":"","ocean_disable_title":"default","ocean_disable_heading":"default","ocean_post_title":"","ocean_post_subheading":"","ocean_post_title_style":"","ocean_post_title_background_color":"","ocean_post_title_background":0,"ocean_post_title_bg_image_position":"","ocean_post_title_bg_image_attachment":"","ocean_post_title_bg_image_repeat":"","ocean_post_title_bg_image_size":"","ocean_post_title_height":0,"ocean_post_title_bg_overlay":0.5,"ocean_post_title_bg_overlay_color":"","ocean_disable_breadcrumbs":"default","ocean_breadcrumbs_color":"","ocean_breadcrumbs_separator_color":"","ocean_breadcrumbs_links_color":"","ocean_breadcrumbs_links_hover_color":"","ocean_display_footer_widgets":"default","ocean_display_footer_bottom":"default","ocean_custom_footer_template":"0","footnotes":""},"class_list":["post-2714","page","type-page","status-publish","hentry","entry"],"acf":[],"yoast_head":"<!-- This site is optimized with the Yoast SEO plugin v27.3 - https:\/\/yoast.com\/product\/yoast-seo-wordpress\/ -->\n<title>Progetti - Revitapolis<\/title>\n<meta name=\"description\" content=\"Revitapolis sostiene la cultura. Sosteniamo artisti, musicisti e scrittori in Italia e le realt\u00e0 che promuovono la cultura.\" \/>\n<meta name=\"robots\" content=\"index, follow, max-snippet:-1, max-image-preview:large, max-video-preview:-1\" \/>\n<link rel=\"canonical\" href=\"https:\/\/revitapolis.com\/it\/la-cultura\/progetti\/\" \/>\n<meta property=\"og:locale\" content=\"it_IT\" \/>\n<meta property=\"og:type\" content=\"article\" \/>\n<meta property=\"og:title\" content=\"Progetti - Revitapolis\" \/>\n<meta property=\"og:description\" content=\"Revitapolis sostiene la cultura. Sosteniamo artisti, musicisti e scrittori in Italia e le realt\u00e0 che promuovono la cultura.\" \/>\n<meta property=\"og:url\" content=\"https:\/\/revitapolis.com\/it\/la-cultura\/progetti\/\" \/>\n<meta property=\"og:site_name\" content=\"Revitapolis\" \/>\n<meta property=\"article:modified_time\" content=\"2022-10-30T20:34:21+00:00\" \/>\n<meta property=\"og:image\" content=\"https:\/\/revitapolis.com\/wp-content\/uploads\/2022\/04\/guitar-g2f19468c8_640.jpg\" \/>\n<meta name=\"twitter:card\" content=\"summary_large_image\" \/>\n<meta name=\"twitter:label1\" content=\"Tempo di lettura stimato\" \/>\n\t<meta name=\"twitter:data1\" content=\"1 minuto\" \/>\n<script type=\"application\/ld+json\" class=\"yoast-schema-graph\">{\"@context\":\"https:\\\/\\\/schema.org\",\"@graph\":[{\"@type\":\"WebPage\",\"@id\":\"https:\\\/\\\/revitapolis.com\\\/it\\\/la-cultura\\\/progetti\\\/\",\"url\":\"https:\\\/\\\/revitapolis.com\\\/it\\\/la-cultura\\\/progetti\\\/\",\"name\":\"Progetti - Revitapolis\",\"isPartOf\":{\"@id\":\"https:\\\/\\\/revitapolis.com\\\/it\\\/#website\"},\"primaryImageOfPage\":{\"@id\":\"https:\\\/\\\/revitapolis.com\\\/it\\\/la-cultura\\\/progetti\\\/#primaryimage\"},\"image\":{\"@id\":\"https:\\\/\\\/revitapolis.com\\\/it\\\/la-cultura\\\/progetti\\\/#primaryimage\"},\"thumbnailUrl\":\"https:\\\/\\\/revitapolis.com\\\/wp-content\\\/uploads\\\/2022\\\/04\\\/guitar-g2f19468c8_640.jpg\",\"datePublished\":\"2022-04-02T09:14:06+00:00\",\"dateModified\":\"2022-10-30T20:34:21+00:00\",\"description\":\"Revitapolis sostiene la cultura. Sosteniamo artisti, musicisti e scrittori in Italia e le realt\u00e0 che promuovono la cultura.\",\"breadcrumb\":{\"@id\":\"https:\\\/\\\/revitapolis.com\\\/it\\\/la-cultura\\\/progetti\\\/#breadcrumb\"},\"inLanguage\":\"it-IT\",\"potentialAction\":[{\"@type\":\"ReadAction\",\"target\":[\"https:\\\/\\\/revitapolis.com\\\/it\\\/la-cultura\\\/progetti\\\/\"]}]},{\"@type\":\"ImageObject\",\"inLanguage\":\"it-IT\",\"@id\":\"https:\\\/\\\/revitapolis.com\\\/it\\\/la-cultura\\\/progetti\\\/#primaryimage\",\"url\":\"https:\\\/\\\/revitapolis.com\\\/wp-content\\\/uploads\\\/2022\\\/04\\\/guitar-g2f19468c8_640.jpg\",\"contentUrl\":\"https:\\\/\\\/revitapolis.com\\\/wp-content\\\/uploads\\\/2022\\\/04\\\/guitar-g2f19468c8_640.jpg\"},{\"@type\":\"BreadcrumbList\",\"@id\":\"https:\\\/\\\/revitapolis.com\\\/it\\\/la-cultura\\\/progetti\\\/#breadcrumb\",\"itemListElement\":[{\"@type\":\"ListItem\",\"position\":1,\"name\":\"Pagina iniziale\",\"item\":\"https:\\\/\\\/revitapolis.com\\\/it\\\/\"},{\"@type\":\"ListItem\",\"position\":2,\"name\":\"La cultura\",\"item\":\"https:\\\/\\\/revitapolis.com\\\/it\\\/la-cultura\\\/\"},{\"@type\":\"ListItem\",\"position\":3,\"name\":\"Progetti\"}]},{\"@type\":\"WebSite\",\"@id\":\"https:\\\/\\\/revitapolis.com\\\/it\\\/#website\",\"url\":\"https:\\\/\\\/revitapolis.com\\\/it\\\/\",\"name\":\"Revitapolis\",\"description\":\"Wiederbelebung italienischer Orte\",\"publisher\":{\"@id\":\"https:\\\/\\\/revitapolis.com\\\/it\\\/#organization\"},\"potentialAction\":[{\"@type\":\"SearchAction\",\"target\":{\"@type\":\"EntryPoint\",\"urlTemplate\":\"https:\\\/\\\/revitapolis.com\\\/it\\\/?s={search_term_string}\"},\"query-input\":{\"@type\":\"PropertyValueSpecification\",\"valueRequired\":true,\"valueName\":\"search_term_string\"}}],\"inLanguage\":\"it-IT\"},{\"@type\":\"Organization\",\"@id\":\"https:\\\/\\\/revitapolis.com\\\/it\\\/#organization\",\"name\":\"Revitapolis\",\"url\":\"https:\\\/\\\/revitapolis.com\\\/it\\\/\",\"logo\":{\"@type\":\"ImageObject\",\"inLanguage\":\"it-IT\",\"@id\":\"https:\\\/\\\/revitapolis.com\\\/it\\\/#\\\/schema\\\/logo\\\/image\\\/\",\"url\":\"https:\\\/\\\/revitapolis.com\\\/wp-content\\\/uploads\\\/2022\\\/03\\\/cropped-logo-revitapolis.jpg\",\"contentUrl\":\"https:\\\/\\\/revitapolis.com\\\/wp-content\\\/uploads\\\/2022\\\/03\\\/cropped-logo-revitapolis.jpg\",\"width\":200,\"height\":91,\"caption\":\"Revitapolis\"},\"image\":{\"@id\":\"https:\\\/\\\/revitapolis.com\\\/it\\\/#\\\/schema\\\/logo\\\/image\\\/\"}}]}<\/script>\n<!-- \/ Yoast SEO plugin. -->","yoast_head_json":{"title":"Progetti - Revitapolis","description":"Revitapolis sostiene la cultura. Sosteniamo artisti, musicisti e scrittori in Italia e le realt\u00e0 che promuovono la cultura.","robots":{"index":"index","follow":"follow","max-snippet":"max-snippet:-1","max-image-preview":"max-image-preview:large","max-video-preview":"max-video-preview:-1"},"canonical":"https:\/\/revitapolis.com\/it\/la-cultura\/progetti\/","og_locale":"it_IT","og_type":"article","og_title":"Progetti - Revitapolis","og_description":"Revitapolis sostiene la cultura. Sosteniamo artisti, musicisti e scrittori in Italia e le realt\u00e0 che promuovono la cultura.","og_url":"https:\/\/revitapolis.com\/it\/la-cultura\/progetti\/","og_site_name":"Revitapolis","article_modified_time":"2022-10-30T20:34:21+00:00","og_image":[{"url":"https:\/\/revitapolis.com\/wp-content\/uploads\/2022\/04\/guitar-g2f19468c8_640.jpg","type":"","width":"","height":""}],"twitter_card":"summary_large_image","twitter_misc":{"Tempo di lettura stimato":"1 minuto"},"schema":{"@context":"https:\/\/schema.org","@graph":[{"@type":"WebPage","@id":"https:\/\/revitapolis.com\/it\/la-cultura\/progetti\/","url":"https:\/\/revitapolis.com\/it\/la-cultura\/progetti\/","name":"Progetti - Revitapolis","isPartOf":{"@id":"https:\/\/revitapolis.com\/it\/#website"},"primaryImageOfPage":{"@id":"https:\/\/revitapolis.com\/it\/la-cultura\/progetti\/#primaryimage"},"image":{"@id":"https:\/\/revitapolis.com\/it\/la-cultura\/progetti\/#primaryimage"},"thumbnailUrl":"https:\/\/revitapolis.com\/wp-content\/uploads\/2022\/04\/guitar-g2f19468c8_640.jpg","datePublished":"2022-04-02T09:14:06+00:00","dateModified":"2022-10-30T20:34:21+00:00","description":"Revitapolis sostiene la cultura. Sosteniamo artisti, musicisti e scrittori in Italia e le realt\u00e0 che promuovono la cultura.","breadcrumb":{"@id":"https:\/\/revitapolis.com\/it\/la-cultura\/progetti\/#breadcrumb"},"inLanguage":"it-IT","potentialAction":[{"@type":"ReadAction","target":["https:\/\/revitapolis.com\/it\/la-cultura\/progetti\/"]}]},{"@type":"ImageObject","inLanguage":"it-IT","@id":"https:\/\/revitapolis.com\/it\/la-cultura\/progetti\/#primaryimage","url":"https:\/\/revitapolis.com\/wp-content\/uploads\/2022\/04\/guitar-g2f19468c8_640.jpg","contentUrl":"https:\/\/revitapolis.com\/wp-content\/uploads\/2022\/04\/guitar-g2f19468c8_640.jpg"},{"@type":"BreadcrumbList","@id":"https:\/\/revitapolis.com\/it\/la-cultura\/progetti\/#breadcrumb","itemListElement":[{"@type":"ListItem","position":1,"name":"Pagina iniziale","item":"https:\/\/revitapolis.com\/it\/"},{"@type":"ListItem","position":2,"name":"La cultura","item":"https:\/\/revitapolis.com\/it\/la-cultura\/"},{"@type":"ListItem","position":3,"name":"Progetti"}]},{"@type":"WebSite","@id":"https:\/\/revitapolis.com\/it\/#website","url":"https:\/\/revitapolis.com\/it\/","name":"Revitapolis","description":"Wiederbelebung italienischer Orte","publisher":{"@id":"https:\/\/revitapolis.com\/it\/#organization"},"potentialAction":[{"@type":"SearchAction","target":{"@type":"EntryPoint","urlTemplate":"https:\/\/revitapolis.com\/it\/?s={search_term_string}"},"query-input":{"@type":"PropertyValueSpecification","valueRequired":true,"valueName":"search_term_string"}}],"inLanguage":"it-IT"},{"@type":"Organization","@id":"https:\/\/revitapolis.com\/it\/#organization","name":"Revitapolis","url":"https:\/\/revitapolis.com\/it\/","logo":{"@type":"ImageObject","inLanguage":"it-IT","@id":"https:\/\/revitapolis.com\/it\/#\/schema\/logo\/image\/","url":"https:\/\/revitapolis.com\/wp-content\/uploads\/2022\/03\/cropped-logo-revitapolis.jpg","contentUrl":"https:\/\/revitapolis.com\/wp-content\/uploads\/2022\/03\/cropped-logo-revitapolis.jpg","width":200,"height":91,"caption":"Revitapolis"},"image":{"@id":"https:\/\/revitapolis.com\/it\/#\/schema\/logo\/image\/"}}]}},"_links":{"self":[{"href":"https:\/\/revitapolis.com\/it\/wp-json\/wp\/v2\/pages\/2714","targetHints":{"allow":["GET"]}}],"collection":[{"href":"https:\/\/revitapolis.com\/it\/wp-json\/wp\/v2\/pages"}],"about":[{"href":"https:\/\/revitapolis.com\/it\/wp-json\/wp\/v2\/types\/page"}],"author":[{"embeddable":true,"href":"https:\/\/revitapolis.com\/it\/wp-json\/wp\/v2\/users\/1"}],"replies":[{"embeddable":true,"href":"https:\/\/revitapolis.com\/it\/wp-json\/wp\/v2\/comments?post=2714"}],"version-history":[{"count":1,"href":"https:\/\/revitapolis.com\/it\/wp-json\/wp\/v2\/pages\/2714\/revisions"}],"predecessor-version":[{"id":2715,"href":"https:\/\/revitapolis.com\/it\/wp-json\/wp\/v2\/pages\/2714\/revisions\/2715"}],"up":[{"embeddable":true,"href":"https:\/\/revitapolis.com\/it\/wp-json\/wp\/v2\/pages\/2679"}],"wp:attachment":[{"href":"https:\/\/revitapolis.com\/it\/wp-json\/wp\/v2\/media?parent=2714"}],"curies":[{"name":"wp","href":"https:\/\/api.w.org\/{rel}","templated":true}]}}