{"id":2692,"date":"2022-05-03T19:09:50","date_gmt":"2022-05-03T19:09:50","guid":{"rendered":"https:\/\/revitapolis.com\/italia\/basilicata\/"},"modified":"2024-05-21T12:02:00","modified_gmt":"2024-05-21T12:02:00","slug":"basilicata","status":"publish","type":"page","link":"https:\/\/revitapolis.com\/it\/italia\/basilicata\/","title":{"rendered":"Basilicata"},"content":{"rendered":"\n<div style=\"height:30px\" aria-hidden=\"true\" class=\"wp-block-spacer\"><\/div>\n\n<div class=\"wp-block-columns is-layout-flex wp-container-core-columns-is-layout-9d6595d7 wp-block-columns-is-layout-flex\">\n<div class=\"wp-block-column is-layout-flow wp-block-column-is-layout-flow\">\n<figure class=\"wp-block-image size-full\"><img fetchpriority=\"high\" decoding=\"async\" width=\"640\" height=\"428\" src=\"https:\/\/revitapolis.com\/wp-content\/uploads\/2022\/12\/matera-basilikata-4.jpg\" alt=\"Matera-Basilicata\" class=\"wp-image-3147\" srcset=\"https:\/\/revitapolis.com\/wp-content\/uploads\/2022\/12\/matera-basilikata-4.jpg 640w, https:\/\/revitapolis.com\/wp-content\/uploads\/2022\/12\/matera-basilikata-4-300x201.jpg 300w\" sizes=\"(max-width: 640px) 100vw, 640px\" \/><\/figure>\n<\/div>\n\n\n\n<div class=\"wp-block-column is-layout-flow wp-block-column-is-layout-flow\">\n<h2 class=\"wp-block-heading\">La regione della viticoltura<\/h2>\n\n\n\n<p>La regione Basilicata \u00e8 nota per la sua viticoltura fin dall&#8217;antichit\u00e0. Le origini accertate della viticoltura in Basilicata risalgono al 1.300 a.C. La regione \u00e8 nota anche come Lucania, anche se l&#8217;antica Lucania \u00e8 pi\u00f9 grande dell&#8217;attuale Basilicata.<\/p>\n<\/div>\n<\/div>\n\n<h2 class=\"wp-block-heading\" style=\"font-size:30px\">Italia &gt; Basilicata<\/h2>\n\n<p class=\"has-black-color has-text-color\">La Basilicata, regione prevalentemente montuosa, si trova tra le regioni Campania, Puglia e Calabria ed \u00e8 suddivisa in due province. Su una superficie di 10.073 km\u00b2 vivono 536.933 abitanti (dati aggiornati al 3 agosto 2022). Con una densit\u00e0 di popolazione di 53,3 abitanti\/km\u00b2 la regione \u00e8 piuttosto scarsamente popolata. Solo la Valle d\u2019Aosta ha una densit\u00e0 di popolazione inferiore. Il capoluogo \u00e8 Potenza. Inoltre, c&#8217;\u00e8 la citt\u00e0 di Matera che \u00e8 famosa per il suo centro storico. Nel 1993, i suoi insediamenti rupestri &#8220;Sassi di Matera&#8221; sono stati dichiarati patrimonio dell&#8217;umanit\u00e0 dall&#8217;UNESCO. <\/p>\n\n<p class=\"has-black-color has-text-color\">Il clima \u00e8 molto mutevole, cosa insolita per l&#8217;Italia meridionale. Gli inverni sono freddi, le estati calde. La quantit\u00e0 di precipitazioni \u00e8 piuttosto elevata in inverno, per cui la regione presenta ottime condizioni climatiche per la viticoltura, che qui ha una tradizione millenaria. Il clima \u00e8 mediamente pi\u00f9 mite rispetto al resto del Paese. Sulla costa si trovano sia baie profondamente frastagliate che spiagge sabbiose. La qualit\u00e0 dell&#8217;acqua cristallina \u00e8 eccellente e invita a nuotare. Matera \u00e8 anche nota per i suoi numerosi piccoli produttori di mobili.<\/p>\n\n<p class=\"has-white-color has-cyan-bluish-gray-background-color has-text-color has-background\"><strong>La Basilicata \u00e8 composta da due province, che vogliamo presentarvi qui.<\/strong><\/p>\n\n<ul class=\"wp-block-list\">\n<li>Potenza &#8211; Breve informazione con mappa disponibile qui: <a href=\"https:\/\/www.google.com\/maps\/place\/Potenza,+Italien\/@40.4991682,13.6975671,8z\/data=!3m1!4b1!4m5!3m4!1s0x1338e0b644db47f5:0x30a72a4808c8220!8m2!3d40.4182194!4d15.876004\">POTENZA<\/a><\/li>\n\n\n\n<li>Matera &#8211; Breve informazione con mappa disponibile qui: <a href=\"https:\/\/www.google.com\/maps\/place\/Matera,+Italien\/@40.446534,15.8436619,9z\/data=!3m1!4b1!4m5!3m4!1s0x133898f2032a8b7b:0x30a72a4808c8230!8m2!3d40.6663496!4d16.6043636\">MATERA<\/a><\/li>\n<\/ul>\n\n<hr class=\"wp-block-separator has-css-opacity\"\/>\n\n<div class=\"wp-block-columns is-layout-flex wp-container-core-columns-is-layout-9d6595d7 wp-block-columns-is-layout-flex\">\n<div class=\"wp-block-column is-layout-flow wp-block-column-is-layout-flow\">\n<figure class=\"wp-block-image size-full\"><img decoding=\"async\" width=\"640\" height=\"425\" src=\"https:\/\/revitapolis.com\/wp-content\/uploads\/2022\/12\/matera-basilikata-3.jpg\" alt=\"Matera-Basilicata\" class=\"wp-image-3168\" srcset=\"https:\/\/revitapolis.com\/wp-content\/uploads\/2022\/12\/matera-basilikata-3.jpg 640w, https:\/\/revitapolis.com\/wp-content\/uploads\/2022\/12\/matera-basilikata-3-300x199.jpg 300w\" sizes=\"(max-width: 640px) 100vw, 640px\" \/><\/figure>\n<\/div>\n\n\n\n<div class=\"wp-block-column is-layout-flow wp-block-column-is-layout-flow\">\n<figure class=\"wp-block-image size-full\"><img decoding=\"async\" width=\"640\" height=\"425\" src=\"https:\/\/revitapolis.com\/wp-content\/uploads\/2022\/12\/Feigen.jpg\" alt=\"Fichi-Italia-meridionale\" class=\"wp-image-3162\" srcset=\"https:\/\/revitapolis.com\/wp-content\/uploads\/2022\/12\/Feigen.jpg 640w, https:\/\/revitapolis.com\/wp-content\/uploads\/2022\/12\/Feigen-300x199.jpg 300w\" sizes=\"(max-width: 640px) 100vw, 640px\" \/><\/figure>\n<\/div>\n\n\n\n<div class=\"wp-block-column is-layout-flow wp-block-column-is-layout-flow\">\n<figure class=\"wp-block-image size-full\"><img loading=\"lazy\" decoding=\"async\" width=\"640\" height=\"425\" src=\"https:\/\/revitapolis.com\/wp-content\/uploads\/2022\/12\/ferrandina-matera-basilikata-2.jpg\" alt=\"Ferrandina-Matera-Basilicata\" class=\"wp-image-3165\" srcset=\"https:\/\/revitapolis.com\/wp-content\/uploads\/2022\/12\/ferrandina-matera-basilikata-2.jpg 640w, https:\/\/revitapolis.com\/wp-content\/uploads\/2022\/12\/ferrandina-matera-basilikata-2-300x199.jpg 300w\" sizes=\"(max-width: 640px) 100vw, 640px\" \/><\/figure>\n<\/div>\n<\/div>\n\n<p class=\"has-text-align-center has-small-font-size\">La regione Basilicata ha il tasso di disoccupazione pi\u00f9 basso del Sud Italia dopo l&#8217;Abruzzo (secondo dati del 2018). <\/p>\n\n<hr style=\"border: 0; height: 1px; background-image: linear-gradient(to right, rgba(0, 0, 0, 0), rgba(0, 0, 0, 0.75), rgba(0, 0, 0, 0));\"\/>\n","protected":false},"excerpt":{"rendered":"<p>La regione della viticoltura La regione Basilicata \u00e8 nota per la sua viticoltura fin dall&#8217;antichit\u00e0. Le origini accertate della viticoltura in Basilicata risalgono al 1.300 a.C. La regione \u00e8 nota anche come Lucania, anche se l&#8217;antica Lucania \u00e8 pi\u00f9 grande dell&#8217;attuale Basilicata. Italia &gt; Basilicata La Basilicata, regione prevalentemente montuosa, si trova tra le regioni [&hellip;]<\/p>\n","protected":false},"author":1,"featured_media":0,"parent":2626,"menu_order":0,"comment_status":"closed","ping_status":"closed","template":"","meta":{"_acf_changed":false,"om_disable_all_campaigns":false,"_monsterinsights_skip_tracking":false,"_monsterinsights_sitenote_active":false,"_monsterinsights_sitenote_note":"","_monsterinsights_sitenote_category":0,"ocean_post_layout":"","ocean_both_sidebars_style":"","ocean_both_sidebars_content_width":0,"ocean_both_sidebars_sidebars_width":0,"ocean_sidebar":"0","ocean_second_sidebar":"0","ocean_disable_margins":"enable","ocean_add_body_class":"","ocean_shortcode_before_top_bar":"","ocean_shortcode_after_top_bar":"","ocean_shortcode_before_header":"","ocean_shortcode_after_header":"","ocean_has_shortcode":"","ocean_shortcode_after_title":"","ocean_shortcode_before_footer_widgets":"","ocean_shortcode_after_footer_widgets":"","ocean_shortcode_before_footer_bottom":"","ocean_shortcode_after_footer_bottom":"","ocean_display_top_bar":"default","ocean_display_header":"default","ocean_header_style":"","ocean_center_header_left_menu":"0","ocean_custom_header_template":"0","ocean_custom_logo":0,"ocean_custom_retina_logo":0,"ocean_custom_logo_max_width":0,"ocean_custom_logo_tablet_max_width":0,"ocean_custom_logo_mobile_max_width":0,"ocean_custom_logo_max_height":0,"ocean_custom_logo_tablet_max_height":0,"ocean_custom_logo_mobile_max_height":0,"ocean_header_custom_menu":"0","ocean_menu_typo_font_family":"0","ocean_menu_typo_font_subset":"","ocean_menu_typo_font_size":0,"ocean_menu_typo_font_size_tablet":0,"ocean_menu_typo_font_size_mobile":0,"ocean_menu_typo_font_size_unit":"px","ocean_menu_typo_font_weight":"","ocean_menu_typo_font_weight_tablet":"","ocean_menu_typo_font_weight_mobile":"","ocean_menu_typo_transform":"","ocean_menu_typo_transform_tablet":"","ocean_menu_typo_transform_mobile":"","ocean_menu_typo_line_height":0,"ocean_menu_typo_line_height_tablet":0,"ocean_menu_typo_line_height_mobile":0,"ocean_menu_typo_line_height_unit":"","ocean_menu_typo_spacing":0,"ocean_menu_typo_spacing_tablet":0,"ocean_menu_typo_spacing_mobile":0,"ocean_menu_typo_spacing_unit":"","ocean_menu_link_color":"","ocean_menu_link_color_hover":"","ocean_menu_link_color_active":"","ocean_menu_link_background":"","ocean_menu_link_hover_background":"","ocean_menu_link_active_background":"","ocean_menu_social_links_bg":"","ocean_menu_social_hover_links_bg":"","ocean_menu_social_links_color":"","ocean_menu_social_hover_links_color":"","ocean_disable_title":"default","ocean_disable_heading":"default","ocean_post_title":"","ocean_post_subheading":"","ocean_post_title_style":"","ocean_post_title_background_color":"","ocean_post_title_background":0,"ocean_post_title_bg_image_position":"","ocean_post_title_bg_image_attachment":"","ocean_post_title_bg_image_repeat":"","ocean_post_title_bg_image_size":"","ocean_post_title_height":0,"ocean_post_title_bg_overlay":0.5,"ocean_post_title_bg_overlay_color":"","ocean_disable_breadcrumbs":"default","ocean_breadcrumbs_color":"","ocean_breadcrumbs_separator_color":"","ocean_breadcrumbs_links_color":"","ocean_breadcrumbs_links_hover_color":"","ocean_display_footer_widgets":"default","ocean_display_footer_bottom":"default","ocean_custom_footer_template":"0","footnotes":""},"class_list":["post-2692","page","type-page","status-publish","hentry","entry"],"acf":[],"yoast_head":"<!-- This site is optimized with the Yoast SEO plugin v27.4 - https:\/\/yoast.com\/product\/yoast-seo-wordpress\/ -->\n<title>Basilicata - Revitapolis<\/title>\n<meta name=\"description\" content=\"La regione Basilicata si trova nell&#039;Italia meridionale tra Campania, Puglia e Calabria. \u00c8 nota per la sua viticoltura fin dall&#039;antichit\u00e0.\" \/>\n<meta name=\"robots\" content=\"index, follow, max-snippet:-1, max-image-preview:large, max-video-preview:-1\" \/>\n<link rel=\"canonical\" href=\"https:\/\/revitapolis.com\/it\/italia\/basilicata\/\" \/>\n<meta property=\"og:locale\" content=\"it_IT\" \/>\n<meta property=\"og:type\" content=\"article\" \/>\n<meta property=\"og:title\" content=\"Basilicata - Revitapolis\" \/>\n<meta property=\"og:description\" content=\"La regione Basilicata si trova nell&#039;Italia meridionale tra Campania, Puglia e Calabria. \u00c8 nota per la sua viticoltura fin dall&#039;antichit\u00e0.\" \/>\n<meta property=\"og:url\" content=\"https:\/\/revitapolis.com\/it\/italia\/basilicata\/\" \/>\n<meta property=\"og:site_name\" content=\"Revitapolis\" \/>\n<meta property=\"article:modified_time\" content=\"2024-05-21T12:02:00+00:00\" \/>\n<meta property=\"og:image\" content=\"https:\/\/revitapolis.com\/wp-content\/uploads\/2022\/12\/matera-basilikata-4.jpg\" \/>\n<meta name=\"twitter:card\" content=\"summary_large_image\" \/>\n<meta name=\"twitter:label1\" content=\"Tempo di lettura stimato\" \/>\n\t<meta name=\"twitter:data1\" content=\"1 minuto\" \/>\n<script type=\"application\/ld+json\" class=\"yoast-schema-graph\">{\"@context\":\"https:\\\/\\\/schema.org\",\"@graph\":[{\"@type\":\"WebPage\",\"@id\":\"https:\\\/\\\/revitapolis.com\\\/it\\\/italia\\\/basilicata\\\/\",\"url\":\"https:\\\/\\\/revitapolis.com\\\/it\\\/italia\\\/basilicata\\\/\",\"name\":\"Basilicata - Revitapolis\",\"isPartOf\":{\"@id\":\"https:\\\/\\\/revitapolis.com\\\/it\\\/#website\"},\"primaryImageOfPage\":{\"@id\":\"https:\\\/\\\/revitapolis.com\\\/it\\\/italia\\\/basilicata\\\/#primaryimage\"},\"image\":{\"@id\":\"https:\\\/\\\/revitapolis.com\\\/it\\\/italia\\\/basilicata\\\/#primaryimage\"},\"thumbnailUrl\":\"https:\\\/\\\/revitapolis.com\\\/wp-content\\\/uploads\\\/2022\\\/12\\\/matera-basilikata-4.jpg\",\"datePublished\":\"2022-05-03T19:09:50+00:00\",\"dateModified\":\"2024-05-21T12:02:00+00:00\",\"description\":\"La regione Basilicata si trova nell'Italia meridionale tra Campania, Puglia e Calabria. \u00c8 nota per la sua viticoltura fin dall'antichit\u00e0.\",\"breadcrumb\":{\"@id\":\"https:\\\/\\\/revitapolis.com\\\/it\\\/italia\\\/basilicata\\\/#breadcrumb\"},\"inLanguage\":\"it-IT\",\"potentialAction\":[{\"@type\":\"ReadAction\",\"target\":[\"https:\\\/\\\/revitapolis.com\\\/it\\\/italia\\\/basilicata\\\/\"]}]},{\"@type\":\"ImageObject\",\"inLanguage\":\"it-IT\",\"@id\":\"https:\\\/\\\/revitapolis.com\\\/it\\\/italia\\\/basilicata\\\/#primaryimage\",\"url\":\"https:\\\/\\\/revitapolis.com\\\/wp-content\\\/uploads\\\/2022\\\/12\\\/matera-basilikata-4.jpg\",\"contentUrl\":\"https:\\\/\\\/revitapolis.com\\\/wp-content\\\/uploads\\\/2022\\\/12\\\/matera-basilikata-4.jpg\"},{\"@type\":\"BreadcrumbList\",\"@id\":\"https:\\\/\\\/revitapolis.com\\\/it\\\/italia\\\/basilicata\\\/#breadcrumb\",\"itemListElement\":[{\"@type\":\"ListItem\",\"position\":1,\"name\":\"Pagina iniziale\",\"item\":\"https:\\\/\\\/revitapolis.com\\\/it\\\/\"},{\"@type\":\"ListItem\",\"position\":2,\"name\":\"Italia\",\"item\":\"https:\\\/\\\/revitapolis.com\\\/it\\\/italia\\\/\"},{\"@type\":\"ListItem\",\"position\":3,\"name\":\"Basilicata\"}]},{\"@type\":\"WebSite\",\"@id\":\"https:\\\/\\\/revitapolis.com\\\/it\\\/#website\",\"url\":\"https:\\\/\\\/revitapolis.com\\\/it\\\/\",\"name\":\"Revitapolis\",\"description\":\"Wiederbelebung italienischer Orte\",\"publisher\":{\"@id\":\"https:\\\/\\\/revitapolis.com\\\/it\\\/#organization\"},\"potentialAction\":[{\"@type\":\"SearchAction\",\"target\":{\"@type\":\"EntryPoint\",\"urlTemplate\":\"https:\\\/\\\/revitapolis.com\\\/it\\\/?s={search_term_string}\"},\"query-input\":{\"@type\":\"PropertyValueSpecification\",\"valueRequired\":true,\"valueName\":\"search_term_string\"}}],\"inLanguage\":\"it-IT\"},{\"@type\":\"Organization\",\"@id\":\"https:\\\/\\\/revitapolis.com\\\/it\\\/#organization\",\"name\":\"Revitapolis\",\"url\":\"https:\\\/\\\/revitapolis.com\\\/it\\\/\",\"logo\":{\"@type\":\"ImageObject\",\"inLanguage\":\"it-IT\",\"@id\":\"https:\\\/\\\/revitapolis.com\\\/it\\\/#\\\/schema\\\/logo\\\/image\\\/\",\"url\":\"https:\\\/\\\/revitapolis.com\\\/wp-content\\\/uploads\\\/2022\\\/03\\\/cropped-logo-revitapolis.jpg\",\"contentUrl\":\"https:\\\/\\\/revitapolis.com\\\/wp-content\\\/uploads\\\/2022\\\/03\\\/cropped-logo-revitapolis.jpg\",\"width\":200,\"height\":91,\"caption\":\"Revitapolis\"},\"image\":{\"@id\":\"https:\\\/\\\/revitapolis.com\\\/it\\\/#\\\/schema\\\/logo\\\/image\\\/\"}}]}<\/script>\n<!-- \/ Yoast SEO plugin. -->","yoast_head_json":{"title":"Basilicata - Revitapolis","description":"La regione Basilicata si trova nell'Italia meridionale tra Campania, Puglia e Calabria. \u00c8 nota per la sua viticoltura fin dall'antichit\u00e0.","robots":{"index":"index","follow":"follow","max-snippet":"max-snippet:-1","max-image-preview":"max-image-preview:large","max-video-preview":"max-video-preview:-1"},"canonical":"https:\/\/revitapolis.com\/it\/italia\/basilicata\/","og_locale":"it_IT","og_type":"article","og_title":"Basilicata - Revitapolis","og_description":"La regione Basilicata si trova nell'Italia meridionale tra Campania, Puglia e Calabria. \u00c8 nota per la sua viticoltura fin dall'antichit\u00e0.","og_url":"https:\/\/revitapolis.com\/it\/italia\/basilicata\/","og_site_name":"Revitapolis","article_modified_time":"2024-05-21T12:02:00+00:00","og_image":[{"url":"https:\/\/revitapolis.com\/wp-content\/uploads\/2022\/12\/matera-basilikata-4.jpg","type":"","width":"","height":""}],"twitter_card":"summary_large_image","twitter_misc":{"Tempo di lettura stimato":"1 minuto"},"schema":{"@context":"https:\/\/schema.org","@graph":[{"@type":"WebPage","@id":"https:\/\/revitapolis.com\/it\/italia\/basilicata\/","url":"https:\/\/revitapolis.com\/it\/italia\/basilicata\/","name":"Basilicata - Revitapolis","isPartOf":{"@id":"https:\/\/revitapolis.com\/it\/#website"},"primaryImageOfPage":{"@id":"https:\/\/revitapolis.com\/it\/italia\/basilicata\/#primaryimage"},"image":{"@id":"https:\/\/revitapolis.com\/it\/italia\/basilicata\/#primaryimage"},"thumbnailUrl":"https:\/\/revitapolis.com\/wp-content\/uploads\/2022\/12\/matera-basilikata-4.jpg","datePublished":"2022-05-03T19:09:50+00:00","dateModified":"2024-05-21T12:02:00+00:00","description":"La regione Basilicata si trova nell'Italia meridionale tra Campania, Puglia e Calabria. \u00c8 nota per la sua viticoltura fin dall'antichit\u00e0.","breadcrumb":{"@id":"https:\/\/revitapolis.com\/it\/italia\/basilicata\/#breadcrumb"},"inLanguage":"it-IT","potentialAction":[{"@type":"ReadAction","target":["https:\/\/revitapolis.com\/it\/italia\/basilicata\/"]}]},{"@type":"ImageObject","inLanguage":"it-IT","@id":"https:\/\/revitapolis.com\/it\/italia\/basilicata\/#primaryimage","url":"https:\/\/revitapolis.com\/wp-content\/uploads\/2022\/12\/matera-basilikata-4.jpg","contentUrl":"https:\/\/revitapolis.com\/wp-content\/uploads\/2022\/12\/matera-basilikata-4.jpg"},{"@type":"BreadcrumbList","@id":"https:\/\/revitapolis.com\/it\/italia\/basilicata\/#breadcrumb","itemListElement":[{"@type":"ListItem","position":1,"name":"Pagina iniziale","item":"https:\/\/revitapolis.com\/it\/"},{"@type":"ListItem","position":2,"name":"Italia","item":"https:\/\/revitapolis.com\/it\/italia\/"},{"@type":"ListItem","position":3,"name":"Basilicata"}]},{"@type":"WebSite","@id":"https:\/\/revitapolis.com\/it\/#website","url":"https:\/\/revitapolis.com\/it\/","name":"Revitapolis","description":"Wiederbelebung italienischer Orte","publisher":{"@id":"https:\/\/revitapolis.com\/it\/#organization"},"potentialAction":[{"@type":"SearchAction","target":{"@type":"EntryPoint","urlTemplate":"https:\/\/revitapolis.com\/it\/?s={search_term_string}"},"query-input":{"@type":"PropertyValueSpecification","valueRequired":true,"valueName":"search_term_string"}}],"inLanguage":"it-IT"},{"@type":"Organization","@id":"https:\/\/revitapolis.com\/it\/#organization","name":"Revitapolis","url":"https:\/\/revitapolis.com\/it\/","logo":{"@type":"ImageObject","inLanguage":"it-IT","@id":"https:\/\/revitapolis.com\/it\/#\/schema\/logo\/image\/","url":"https:\/\/revitapolis.com\/wp-content\/uploads\/2022\/03\/cropped-logo-revitapolis.jpg","contentUrl":"https:\/\/revitapolis.com\/wp-content\/uploads\/2022\/03\/cropped-logo-revitapolis.jpg","width":200,"height":91,"caption":"Revitapolis"},"image":{"@id":"https:\/\/revitapolis.com\/it\/#\/schema\/logo\/image\/"}}]}},"_links":{"self":[{"href":"https:\/\/revitapolis.com\/it\/wp-json\/wp\/v2\/pages\/2692","targetHints":{"allow":["GET"]}}],"collection":[{"href":"https:\/\/revitapolis.com\/it\/wp-json\/wp\/v2\/pages"}],"about":[{"href":"https:\/\/revitapolis.com\/it\/wp-json\/wp\/v2\/types\/page"}],"author":[{"embeddable":true,"href":"https:\/\/revitapolis.com\/it\/wp-json\/wp\/v2\/users\/1"}],"replies":[{"embeddable":true,"href":"https:\/\/revitapolis.com\/it\/wp-json\/wp\/v2\/comments?post=2692"}],"version-history":[{"count":7,"href":"https:\/\/revitapolis.com\/it\/wp-json\/wp\/v2\/pages\/2692\/revisions"}],"predecessor-version":[{"id":5272,"href":"https:\/\/revitapolis.com\/it\/wp-json\/wp\/v2\/pages\/2692\/revisions\/5272"}],"up":[{"embeddable":true,"href":"https:\/\/revitapolis.com\/it\/wp-json\/wp\/v2\/pages\/2626"}],"wp:attachment":[{"href":"https:\/\/revitapolis.com\/it\/wp-json\/wp\/v2\/media?parent=2692"}],"curies":[{"name":"wp","href":"https:\/\/api.w.org\/{rel}","templated":true}]}}