{"id":2690,"date":"2022-05-03T19:07:41","date_gmt":"2022-05-03T19:07:41","guid":{"rendered":"https:\/\/revitapolis.com\/italia\/friuli-venezia-giulia\/"},"modified":"2024-05-21T15:00:53","modified_gmt":"2024-05-21T15:00:53","slug":"friuli-venezia-giulia","status":"publish","type":"page","link":"https:\/\/revitapolis.com\/it\/italia\/friuli-venezia-giulia\/","title":{"rendered":"Friuli Venezia Giulia"},"content":{"rendered":"\n<div style=\"height:30px\" aria-hidden=\"true\" class=\"wp-block-spacer\"><\/div>\n\n<div class=\"wp-block-columns is-layout-flex wp-container-core-columns-is-layout-9d6595d7 wp-block-columns-is-layout-flex\">\n<div class=\"wp-block-column is-layout-flow wp-block-column-is-layout-flow\">\n<figure class=\"wp-block-image size-full\"><img fetchpriority=\"high\" decoding=\"async\" width=\"563\" height=\"640\" src=\"https:\/\/revitapolis.com\/wp-content\/uploads\/2022\/12\/friuli-2728562_640.jpg\" alt=\"\" class=\"wp-image-3248\" srcset=\"https:\/\/revitapolis.com\/wp-content\/uploads\/2022\/12\/friuli-2728562_640.jpg 563w, https:\/\/revitapolis.com\/wp-content\/uploads\/2022\/12\/friuli-2728562_640-264x300.jpg 264w\" sizes=\"(max-width: 563px) 100vw, 563px\" \/><\/figure>\n<\/div>\n\n\n\n<div class=\"wp-block-column is-layout-flow wp-block-column-is-layout-flow\">\n<h2 class=\"wp-block-heading\">Il fascino austriaco in Italia<\/h2>\n\n\n\n<p>Il Friuli Venezia Giulia si caratterizza per l&#8217;architettura austriaca, presente in tutta la regione. Nel secondo dopoguerra ci furono ripetute dispute tra l&#8217;Italia e la Jugoslavia per il territorio della Venezia Giulia ma furono risolte a favore dell&#8217;Italia.<\/p>\n<\/div>\n<\/div>\n\n<h2 class=\"wp-block-heading\" style=\"font-size:30px\">Italia &gt; Friuli Venezia Giulia<\/h2>\n\n<p>Il Friuli Venezia Giulia \u00e8 una regione autonoma nel nord-est dell&#8217;Italia. Il capoluogo della regione \u00e8 Trieste. Su una superficie di 7.924,36 km\u00b2 vivono 1.192.898 abitanti (dati aggiornati al 30 settembre 2022). La densit\u00e0 di popolazione di 150,54 abitanti\/km\u00b2 \u00e8 inferiore alla media del Paese. La parte friulana copre oltre il 90% della regione. Tra la Prima e la Seconda guerra mondiale, l&#8217;Istria e parte della Dalmazia appartenevano alla Venezia Giulia. L&#8217;influenza austriaca sull&#8217;architettura \u00e8 inconfondibile in molte citt\u00e0. Oltre all&#8217;italiano, lingua ufficiale, sono riconosciute come lingue minoritarie protette il tedesco, il friulano e lo sloveno. Il prodotto interno lordo \u00e8 superiore alla media nel confronto europeo. Il tasso di disoccupazione \u00e8 inferiore alla media nazionale. L&#8217;industria alimentare \u00e8 di secondaria importanza nella regione. Sono noti il prosciutto di San Daniele, il caff\u00e8 Illy e i numerosi ed eccellenti vini bianchi, coltivati su 25.000 ettari. La sede principale di Assicurazioni Generali si trova a Trieste. Particolarmente degne di nota sono le numerose piccole imprese del settore tessile e dell&#8217;arredamento. Naturalmente, la regione ha un&#8217;industria turistica ben sviluppata, anche grazie alla sua facile accessibilit\u00e0 per i turisti provenienti dall&#8217;Austria e dalla Germania. Particolarmente apprezzate sono le localit\u00e0 balneari di Grado e Lignano Sabbiadoro sull&#8217;Adriatico. Tra i personaggi famosi della regione Friuli Venezia Giulia figurano Italo Svevo (scrittore), Pier Paolo Pasolini (poeta e regista), Enzo Bearzot, Dino Zoff e Fabio Capello (calciatori e allenatori).<\/p>\n\n<p class=\"has-white-color has-cyan-bluish-gray-background-color has-text-color has-background\"><strong><strong>Il Friuli Venezia Giulia \u00e8 composto da quattro cosiddetti enti di decentramento regionale (ex province), che vogliamo presentarvi qui.<\/strong><\/strong><\/p>\n\n<ul class=\"wp-block-list\">\n<li>Gorizia &#8211; Breve informazione con mappa disponibile qui: <a href=\"https:\/\/www.google.com\/maps\/place\/G%C3%B6rz,+Italien\/@45.8613568,12.8988239,10z\/data=!3m1!4b1!4m5!3m4!1s0x477ba5e21c9bfaf1:0x307098715907f50!8m2!3d45.9053899!4d13.5163725\">GORIZIA<\/a><\/li>\n\n\n\n<li>Pordenone &#8211; Breve informazione con mappa disponibile qui: <a href=\"https:\/\/www.google.com\/maps\/place\/Pordenone,+Italien\/@46.1001409,12.0952738,9z\/data=!3m1!4b1!4m5!3m4!1s0x4779783d9294db81:0x307098715908330!8m2!3d46.0378862!4d12.710835\">PORDENONE<\/a><\/li>\n\n\n\n<li>Trieste &#8211; Breve informazione con mappa disponibile qui: <a href=\"https:\/\/www.google.com\/maps\/place\/Triest,+Italien\/@45.6943676,13.6073171,11z\/data=!3m1!4b1!4m5!3m4!1s0x477b13380802a5ab:0x307098715907f60!8m2!3d45.6894823!4d13.7833072\">TRIESTE<\/a><\/li>\n\n\n\n<li>Udine &#8211; Breve informazione con mappa disponibile qui: <a href=\"https:\/\/www.google.com\/maps\/place\/Udine,+Italien\/@46.1400695,11.983596,8z\/data=!3m1!4b1!4m5!3m4!1s0x477a32287b74833d:0x307098715907f40!8m2!3d46.1407972!4d13.1662896\">UDINE<\/a><\/li>\n<\/ul>\n\n<hr class=\"wp-block-separator has-css-opacity\"\/>\n\n<div class=\"wp-block-columns is-layout-flex wp-container-core-columns-is-layout-9d6595d7 wp-block-columns-is-layout-flex\">\n<div class=\"wp-block-column is-layout-flow wp-block-column-is-layout-flow\">\n<figure class=\"wp-block-image size-full\"><img decoding=\"async\" width=\"640\" height=\"428\" src=\"https:\/\/revitapolis.com\/wp-content\/uploads\/2022\/12\/trieste-791009_640-1.jpg\" alt=\"\" class=\"wp-image-3245\" srcset=\"https:\/\/revitapolis.com\/wp-content\/uploads\/2022\/12\/trieste-791009_640-1.jpg 640w, https:\/\/revitapolis.com\/wp-content\/uploads\/2022\/12\/trieste-791009_640-1-300x201.jpg 300w\" sizes=\"(max-width: 640px) 100vw, 640px\" \/><\/figure>\n<\/div>\n\n\n\n<div class=\"wp-block-column is-layout-flow wp-block-column-is-layout-flow\">\n<figure class=\"wp-block-image size-full\"><img decoding=\"async\" width=\"640\" height=\"427\" src=\"https:\/\/revitapolis.com\/wp-content\/uploads\/2022\/12\/castle-4357439_640.jpg\" alt=\"\" class=\"wp-image-3239\" srcset=\"https:\/\/revitapolis.com\/wp-content\/uploads\/2022\/12\/castle-4357439_640.jpg 640w, https:\/\/revitapolis.com\/wp-content\/uploads\/2022\/12\/castle-4357439_640-300x200.jpg 300w\" sizes=\"(max-width: 640px) 100vw, 640px\" \/><\/figure>\n<\/div>\n\n\n\n<div class=\"wp-block-column is-layout-flow wp-block-column-is-layout-flow\">\n<figure class=\"wp-block-image size-full\"><img loading=\"lazy\" decoding=\"async\" width=\"640\" height=\"427\" src=\"https:\/\/revitapolis.com\/wp-content\/uploads\/2022\/12\/friuli-venezia-giulia-6920101_640.jpg\" alt=\"\" class=\"wp-image-3242\" srcset=\"https:\/\/revitapolis.com\/wp-content\/uploads\/2022\/12\/friuli-venezia-giulia-6920101_640.jpg 640w, https:\/\/revitapolis.com\/wp-content\/uploads\/2022\/12\/friuli-venezia-giulia-6920101_640-300x200.jpg 300w\" sizes=\"(max-width: 640px) 100vw, 640px\" \/><\/figure>\n<\/div>\n<\/div>\n\n<p class=\"has-text-align-center has-small-font-size\">In questa regione \u00e8 percepibile in molti luoghi lo splendore di un tempo<\/p>\n\n<hr style=\"border: 0; height: 1px; background-image: linear-gradient(to right, rgba(0, 0, 0, 0), rgba(0, 0, 0, 0.75), rgba(0, 0, 0, 0));\"\/>\n","protected":false},"excerpt":{"rendered":"<p>Il fascino austriaco in Italia Il Friuli Venezia Giulia si caratterizza per l&#8217;architettura austriaca, presente in tutta la regione. Nel secondo dopoguerra ci furono ripetute dispute tra l&#8217;Italia e la Jugoslavia per il territorio della Venezia Giulia ma furono risolte a favore dell&#8217;Italia. Italia &gt; Friuli Venezia Giulia Il Friuli Venezia Giulia \u00e8 una regione [&hellip;]<\/p>\n","protected":false},"author":1,"featured_media":0,"parent":2626,"menu_order":0,"comment_status":"closed","ping_status":"closed","template":"","meta":{"_acf_changed":false,"om_disable_all_campaigns":false,"_monsterinsights_skip_tracking":false,"_monsterinsights_sitenote_active":false,"_monsterinsights_sitenote_note":"","_monsterinsights_sitenote_category":0,"ocean_post_layout":"","ocean_both_sidebars_style":"","ocean_both_sidebars_content_width":0,"ocean_both_sidebars_sidebars_width":0,"ocean_sidebar":"0","ocean_second_sidebar":"0","ocean_disable_margins":"enable","ocean_add_body_class":"","ocean_shortcode_before_top_bar":"","ocean_shortcode_after_top_bar":"","ocean_shortcode_before_header":"","ocean_shortcode_after_header":"","ocean_has_shortcode":"","ocean_shortcode_after_title":"","ocean_shortcode_before_footer_widgets":"","ocean_shortcode_after_footer_widgets":"","ocean_shortcode_before_footer_bottom":"","ocean_shortcode_after_footer_bottom":"","ocean_display_top_bar":"default","ocean_display_header":"default","ocean_header_style":"","ocean_center_header_left_menu":"0","ocean_custom_header_template":"0","ocean_custom_logo":0,"ocean_custom_retina_logo":0,"ocean_custom_logo_max_width":0,"ocean_custom_logo_tablet_max_width":0,"ocean_custom_logo_mobile_max_width":0,"ocean_custom_logo_max_height":0,"ocean_custom_logo_tablet_max_height":0,"ocean_custom_logo_mobile_max_height":0,"ocean_header_custom_menu":"0","ocean_menu_typo_font_family":"0","ocean_menu_typo_font_subset":"","ocean_menu_typo_font_size":0,"ocean_menu_typo_font_size_tablet":0,"ocean_menu_typo_font_size_mobile":0,"ocean_menu_typo_font_size_unit":"px","ocean_menu_typo_font_weight":"","ocean_menu_typo_font_weight_tablet":"","ocean_menu_typo_font_weight_mobile":"","ocean_menu_typo_transform":"","ocean_menu_typo_transform_tablet":"","ocean_menu_typo_transform_mobile":"","ocean_menu_typo_line_height":0,"ocean_menu_typo_line_height_tablet":0,"ocean_menu_typo_line_height_mobile":0,"ocean_menu_typo_line_height_unit":"","ocean_menu_typo_spacing":0,"ocean_menu_typo_spacing_tablet":0,"ocean_menu_typo_spacing_mobile":0,"ocean_menu_typo_spacing_unit":"","ocean_menu_link_color":"","ocean_menu_link_color_hover":"","ocean_menu_link_color_active":"","ocean_menu_link_background":"","ocean_menu_link_hover_background":"","ocean_menu_link_active_background":"","ocean_menu_social_links_bg":"","ocean_menu_social_hover_links_bg":"","ocean_menu_social_links_color":"","ocean_menu_social_hover_links_color":"","ocean_disable_title":"default","ocean_disable_heading":"default","ocean_post_title":"","ocean_post_subheading":"","ocean_post_title_style":"","ocean_post_title_background_color":"","ocean_post_title_background":0,"ocean_post_title_bg_image_position":"","ocean_post_title_bg_image_attachment":"","ocean_post_title_bg_image_repeat":"","ocean_post_title_bg_image_size":"","ocean_post_title_height":0,"ocean_post_title_bg_overlay":0.5,"ocean_post_title_bg_overlay_color":"","ocean_disable_breadcrumbs":"default","ocean_breadcrumbs_color":"","ocean_breadcrumbs_separator_color":"","ocean_breadcrumbs_links_color":"","ocean_breadcrumbs_links_hover_color":"","ocean_display_footer_widgets":"default","ocean_display_footer_bottom":"default","ocean_custom_footer_template":"0","footnotes":""},"class_list":["post-2690","page","type-page","status-publish","hentry","entry"],"acf":[],"yoast_head":"<!-- This site is optimized with the Yoast SEO plugin v27.3 - https:\/\/yoast.com\/product\/yoast-seo-wordpress\/ -->\n<title>Friuli Venezia Giulia - Revitapolis<\/title>\n<meta name=\"description\" content=\"La regione Friuli-Venezia Giulia \u00e8 caratterizzata da un fascino particolare, frutto dell&#039;influenza austriaca.\" \/>\n<meta name=\"robots\" content=\"index, follow, max-snippet:-1, max-image-preview:large, max-video-preview:-1\" \/>\n<link rel=\"canonical\" href=\"https:\/\/revitapolis.com\/it\/italia\/friuli-venezia-giulia\/\" \/>\n<meta property=\"og:locale\" content=\"it_IT\" \/>\n<meta property=\"og:type\" content=\"article\" \/>\n<meta property=\"og:title\" content=\"Friuli Venezia Giulia - Revitapolis\" \/>\n<meta property=\"og:description\" content=\"La regione Friuli-Venezia Giulia \u00e8 caratterizzata da un fascino particolare, frutto dell&#039;influenza austriaca.\" \/>\n<meta property=\"og:url\" content=\"https:\/\/revitapolis.com\/it\/italia\/friuli-venezia-giulia\/\" \/>\n<meta property=\"og:site_name\" content=\"Revitapolis\" \/>\n<meta property=\"article:modified_time\" content=\"2024-05-21T15:00:53+00:00\" \/>\n<meta property=\"og:image\" content=\"https:\/\/revitapolis.com\/wp-content\/uploads\/2022\/12\/friuli-2728562_640.jpg\" \/>\n<meta name=\"twitter:card\" content=\"summary_large_image\" \/>\n<meta name=\"twitter:label1\" content=\"Tempo di lettura stimato\" \/>\n\t<meta name=\"twitter:data1\" content=\"2 minuti\" \/>\n<script type=\"application\/ld+json\" class=\"yoast-schema-graph\">{\"@context\":\"https:\\\/\\\/schema.org\",\"@graph\":[{\"@type\":\"WebPage\",\"@id\":\"https:\\\/\\\/revitapolis.com\\\/it\\\/italia\\\/friuli-venezia-giulia\\\/\",\"url\":\"https:\\\/\\\/revitapolis.com\\\/it\\\/italia\\\/friuli-venezia-giulia\\\/\",\"name\":\"Friuli Venezia Giulia - Revitapolis\",\"isPartOf\":{\"@id\":\"https:\\\/\\\/revitapolis.com\\\/it\\\/#website\"},\"primaryImageOfPage\":{\"@id\":\"https:\\\/\\\/revitapolis.com\\\/it\\\/italia\\\/friuli-venezia-giulia\\\/#primaryimage\"},\"image\":{\"@id\":\"https:\\\/\\\/revitapolis.com\\\/it\\\/italia\\\/friuli-venezia-giulia\\\/#primaryimage\"},\"thumbnailUrl\":\"https:\\\/\\\/revitapolis.com\\\/wp-content\\\/uploads\\\/2022\\\/12\\\/friuli-2728562_640.jpg\",\"datePublished\":\"2022-05-03T19:07:41+00:00\",\"dateModified\":\"2024-05-21T15:00:53+00:00\",\"description\":\"La regione Friuli-Venezia Giulia \u00e8 caratterizzata da un fascino particolare, frutto dell'influenza austriaca.\",\"breadcrumb\":{\"@id\":\"https:\\\/\\\/revitapolis.com\\\/it\\\/italia\\\/friuli-venezia-giulia\\\/#breadcrumb\"},\"inLanguage\":\"it-IT\",\"potentialAction\":[{\"@type\":\"ReadAction\",\"target\":[\"https:\\\/\\\/revitapolis.com\\\/it\\\/italia\\\/friuli-venezia-giulia\\\/\"]}]},{\"@type\":\"ImageObject\",\"inLanguage\":\"it-IT\",\"@id\":\"https:\\\/\\\/revitapolis.com\\\/it\\\/italia\\\/friuli-venezia-giulia\\\/#primaryimage\",\"url\":\"https:\\\/\\\/revitapolis.com\\\/wp-content\\\/uploads\\\/2022\\\/12\\\/friuli-2728562_640.jpg\",\"contentUrl\":\"https:\\\/\\\/revitapolis.com\\\/wp-content\\\/uploads\\\/2022\\\/12\\\/friuli-2728562_640.jpg\"},{\"@type\":\"BreadcrumbList\",\"@id\":\"https:\\\/\\\/revitapolis.com\\\/it\\\/italia\\\/friuli-venezia-giulia\\\/#breadcrumb\",\"itemListElement\":[{\"@type\":\"ListItem\",\"position\":1,\"name\":\"Pagina iniziale\",\"item\":\"https:\\\/\\\/revitapolis.com\\\/it\\\/\"},{\"@type\":\"ListItem\",\"position\":2,\"name\":\"Italia\",\"item\":\"https:\\\/\\\/revitapolis.com\\\/it\\\/italia\\\/\"},{\"@type\":\"ListItem\",\"position\":3,\"name\":\"Friuli Venezia Giulia\"}]},{\"@type\":\"WebSite\",\"@id\":\"https:\\\/\\\/revitapolis.com\\\/it\\\/#website\",\"url\":\"https:\\\/\\\/revitapolis.com\\\/it\\\/\",\"name\":\"Revitapolis\",\"description\":\"Wiederbelebung italienischer Orte\",\"publisher\":{\"@id\":\"https:\\\/\\\/revitapolis.com\\\/it\\\/#organization\"},\"potentialAction\":[{\"@type\":\"SearchAction\",\"target\":{\"@type\":\"EntryPoint\",\"urlTemplate\":\"https:\\\/\\\/revitapolis.com\\\/it\\\/?s={search_term_string}\"},\"query-input\":{\"@type\":\"PropertyValueSpecification\",\"valueRequired\":true,\"valueName\":\"search_term_string\"}}],\"inLanguage\":\"it-IT\"},{\"@type\":\"Organization\",\"@id\":\"https:\\\/\\\/revitapolis.com\\\/it\\\/#organization\",\"name\":\"Revitapolis\",\"url\":\"https:\\\/\\\/revitapolis.com\\\/it\\\/\",\"logo\":{\"@type\":\"ImageObject\",\"inLanguage\":\"it-IT\",\"@id\":\"https:\\\/\\\/revitapolis.com\\\/it\\\/#\\\/schema\\\/logo\\\/image\\\/\",\"url\":\"https:\\\/\\\/revitapolis.com\\\/wp-content\\\/uploads\\\/2022\\\/03\\\/cropped-logo-revitapolis.jpg\",\"contentUrl\":\"https:\\\/\\\/revitapolis.com\\\/wp-content\\\/uploads\\\/2022\\\/03\\\/cropped-logo-revitapolis.jpg\",\"width\":200,\"height\":91,\"caption\":\"Revitapolis\"},\"image\":{\"@id\":\"https:\\\/\\\/revitapolis.com\\\/it\\\/#\\\/schema\\\/logo\\\/image\\\/\"}}]}<\/script>\n<!-- \/ Yoast SEO plugin. -->","yoast_head_json":{"title":"Friuli Venezia Giulia - Revitapolis","description":"La regione Friuli-Venezia Giulia \u00e8 caratterizzata da un fascino particolare, frutto dell'influenza austriaca.","robots":{"index":"index","follow":"follow","max-snippet":"max-snippet:-1","max-image-preview":"max-image-preview:large","max-video-preview":"max-video-preview:-1"},"canonical":"https:\/\/revitapolis.com\/it\/italia\/friuli-venezia-giulia\/","og_locale":"it_IT","og_type":"article","og_title":"Friuli Venezia Giulia - Revitapolis","og_description":"La regione Friuli-Venezia Giulia \u00e8 caratterizzata da un fascino particolare, frutto dell'influenza austriaca.","og_url":"https:\/\/revitapolis.com\/it\/italia\/friuli-venezia-giulia\/","og_site_name":"Revitapolis","article_modified_time":"2024-05-21T15:00:53+00:00","og_image":[{"url":"https:\/\/revitapolis.com\/wp-content\/uploads\/2022\/12\/friuli-2728562_640.jpg","type":"","width":"","height":""}],"twitter_card":"summary_large_image","twitter_misc":{"Tempo di lettura stimato":"2 minuti"},"schema":{"@context":"https:\/\/schema.org","@graph":[{"@type":"WebPage","@id":"https:\/\/revitapolis.com\/it\/italia\/friuli-venezia-giulia\/","url":"https:\/\/revitapolis.com\/it\/italia\/friuli-venezia-giulia\/","name":"Friuli Venezia Giulia - Revitapolis","isPartOf":{"@id":"https:\/\/revitapolis.com\/it\/#website"},"primaryImageOfPage":{"@id":"https:\/\/revitapolis.com\/it\/italia\/friuli-venezia-giulia\/#primaryimage"},"image":{"@id":"https:\/\/revitapolis.com\/it\/italia\/friuli-venezia-giulia\/#primaryimage"},"thumbnailUrl":"https:\/\/revitapolis.com\/wp-content\/uploads\/2022\/12\/friuli-2728562_640.jpg","datePublished":"2022-05-03T19:07:41+00:00","dateModified":"2024-05-21T15:00:53+00:00","description":"La regione Friuli-Venezia Giulia \u00e8 caratterizzata da un fascino particolare, frutto dell'influenza austriaca.","breadcrumb":{"@id":"https:\/\/revitapolis.com\/it\/italia\/friuli-venezia-giulia\/#breadcrumb"},"inLanguage":"it-IT","potentialAction":[{"@type":"ReadAction","target":["https:\/\/revitapolis.com\/it\/italia\/friuli-venezia-giulia\/"]}]},{"@type":"ImageObject","inLanguage":"it-IT","@id":"https:\/\/revitapolis.com\/it\/italia\/friuli-venezia-giulia\/#primaryimage","url":"https:\/\/revitapolis.com\/wp-content\/uploads\/2022\/12\/friuli-2728562_640.jpg","contentUrl":"https:\/\/revitapolis.com\/wp-content\/uploads\/2022\/12\/friuli-2728562_640.jpg"},{"@type":"BreadcrumbList","@id":"https:\/\/revitapolis.com\/it\/italia\/friuli-venezia-giulia\/#breadcrumb","itemListElement":[{"@type":"ListItem","position":1,"name":"Pagina iniziale","item":"https:\/\/revitapolis.com\/it\/"},{"@type":"ListItem","position":2,"name":"Italia","item":"https:\/\/revitapolis.com\/it\/italia\/"},{"@type":"ListItem","position":3,"name":"Friuli Venezia Giulia"}]},{"@type":"WebSite","@id":"https:\/\/revitapolis.com\/it\/#website","url":"https:\/\/revitapolis.com\/it\/","name":"Revitapolis","description":"Wiederbelebung italienischer Orte","publisher":{"@id":"https:\/\/revitapolis.com\/it\/#organization"},"potentialAction":[{"@type":"SearchAction","target":{"@type":"EntryPoint","urlTemplate":"https:\/\/revitapolis.com\/it\/?s={search_term_string}"},"query-input":{"@type":"PropertyValueSpecification","valueRequired":true,"valueName":"search_term_string"}}],"inLanguage":"it-IT"},{"@type":"Organization","@id":"https:\/\/revitapolis.com\/it\/#organization","name":"Revitapolis","url":"https:\/\/revitapolis.com\/it\/","logo":{"@type":"ImageObject","inLanguage":"it-IT","@id":"https:\/\/revitapolis.com\/it\/#\/schema\/logo\/image\/","url":"https:\/\/revitapolis.com\/wp-content\/uploads\/2022\/03\/cropped-logo-revitapolis.jpg","contentUrl":"https:\/\/revitapolis.com\/wp-content\/uploads\/2022\/03\/cropped-logo-revitapolis.jpg","width":200,"height":91,"caption":"Revitapolis"},"image":{"@id":"https:\/\/revitapolis.com\/it\/#\/schema\/logo\/image\/"}}]}},"_links":{"self":[{"href":"https:\/\/revitapolis.com\/it\/wp-json\/wp\/v2\/pages\/2690","targetHints":{"allow":["GET"]}}],"collection":[{"href":"https:\/\/revitapolis.com\/it\/wp-json\/wp\/v2\/pages"}],"about":[{"href":"https:\/\/revitapolis.com\/it\/wp-json\/wp\/v2\/types\/page"}],"author":[{"embeddable":true,"href":"https:\/\/revitapolis.com\/it\/wp-json\/wp\/v2\/users\/1"}],"replies":[{"embeddable":true,"href":"https:\/\/revitapolis.com\/it\/wp-json\/wp\/v2\/comments?post=2690"}],"version-history":[{"count":4,"href":"https:\/\/revitapolis.com\/it\/wp-json\/wp\/v2\/pages\/2690\/revisions"}],"predecessor-version":[{"id":5283,"href":"https:\/\/revitapolis.com\/it\/wp-json\/wp\/v2\/pages\/2690\/revisions\/5283"}],"up":[{"embeddable":true,"href":"https:\/\/revitapolis.com\/it\/wp-json\/wp\/v2\/pages\/2626"}],"wp:attachment":[{"href":"https:\/\/revitapolis.com\/it\/wp-json\/wp\/v2\/media?parent=2690"}],"curies":[{"name":"wp","href":"https:\/\/api.w.org\/{rel}","templated":true}]}}