{"id":2686,"date":"2022-05-03T19:07:15","date_gmt":"2022-05-03T19:07:15","guid":{"rendered":"https:\/\/revitapolis.com\/italia\/lazio\/"},"modified":"2024-07-09T14:25:53","modified_gmt":"2024-07-09T14:25:53","slug":"lazio","status":"publish","type":"page","link":"https:\/\/revitapolis.com\/it\/italia\/lazio\/","title":{"rendered":"Lazio"},"content":{"rendered":"\n<div style=\"height:30px\" aria-hidden=\"true\" class=\"wp-block-spacer\"><\/div>\n\n<div class=\"wp-block-columns is-layout-flex wp-container-core-columns-is-layout-9d6595d7 wp-block-columns-is-layout-flex\">\n<div class=\"wp-block-column is-layout-flow wp-block-column-is-layout-flow\">\n<figure class=\"wp-block-image size-full\"><img fetchpriority=\"high\" decoding=\"async\" width=\"640\" height=\"394\" src=\"https:\/\/revitapolis.com\/wp-content\/uploads\/2022\/12\/rome-3552509_640.jpg\" alt=\"Monumento Nazionale a Roma, Lazio\" class=\"wp-image-3271\" srcset=\"https:\/\/revitapolis.com\/wp-content\/uploads\/2022\/12\/rome-3552509_640.jpg 640w, https:\/\/revitapolis.com\/wp-content\/uploads\/2022\/12\/rome-3552509_640-300x185.jpg 300w\" sizes=\"(max-width: 640px) 100vw, 640px\" \/><\/figure>\n<\/div>\n\n\n\n<div class=\"wp-block-column is-layout-flow wp-block-column-is-layout-flow\">\n<h2 class=\"wp-block-heading\">Visitate il centro culturale d&#8217;Italia<\/h2>\n\n\n\n<p>Il Lazio \u00e8 stato significativamente caratterizzato dall&#8217;antica Roma, dalla Chiesa, dal fascismo e dalla Repubblica Italiana. La sua storia viva e la sua cultura diversificata determinano i paesaggi e le citt\u00e0 di questa regione. <\/p>\n<\/div>\n<\/div>\n\n<h2 class=\"wp-block-heading\" style=\"font-size:30px\">Italia &gt; Lazio<\/h2>\n\n<p class=\"has-black-color has-text-color\">Il Lazio si trova geograficamente nel centro dell&#8217;Italia. Nel Lazio \u00e8 situata la citt\u00e0 metropolitana di Roma, capitale del Paese. Anche lo Stato della Citt\u00e0 del Vaticano si trova a Roma. Su una superficie di 17.242 km\u00b2 vivono 5.707.521 abitanti (dati aggiornati al 31 agosto 2022), di cui 4.219.298 nella sola citt\u00e0 metropolitana di Roma, che \u00e8 allo stesso tempo il capoluogo della regione e la capitale del Paese. La densit\u00e0 di popolazione di 331 abitanti per km\u00b2 \u00e8 superiore alla media italiana ed \u00e8 dovuta alla citt\u00e0 metropolitana di Roma. Il prodotto interno lordo \u00e8 superiore alla media nel confronto europeo. La regione ha 361 km di costa sul Mar Tirreno, dove si trova la maggior parte delle pianure. Queste rappresentano in totale il 20 % della regione. Il 54 % della regione \u00e8 collinare e il 26 % montuoso. Il clima \u00e8 molto variabile a seconda della zona, anche se mediterraneo. Le precipitazioni sulla costa sono scarse. Nell&#8217;entroterra, il clima \u00e8 piuttosto continentale con inverni freddi.<\/p>\n\n<p class=\"has-white-color has-cyan-bluish-gray-background-color has-text-color has-background\"><strong>Il Lazio \u00e8 composto da quattro province<\/strong> <strong>e dalla citt\u00e0 metropolitana di Roma, che vi vogliamo presentare qui.<\/strong><\/p>\n\n<ul class=\"wp-block-list\">\n<li><a href=\"https:\/\/revitapolis.com\/it\/italia\/lazio\/provincia-di-frosinone\/\">Frosinone<\/a> &#8211; Breve informazione con mappa disponibile qui: <a href=\"https:\/\/www.google.com\/maps\/place\/Frosinone,+Italien\/@41.6241869,12.4263005,9z\/data=!3m1!4b1!4m5!3m4!1s0x132552e4989f37d1:0x3094f9ab2388120!8m2!3d41.6576528!4d13.6362715\">FROSINONE<\/a><\/li>\n\n\n\n<li>Latina &#8211; Breve informazione con mappa disponibile qui: <a href=\"https:\/\/www.google.com\/maps\/place\/Latina,+Italien\/@41.2494607,12.6519939,9z\/data=!3m1!4b1!4m5!3m4!1s0x132522313e9b2d8f:0x3094f9ab2388110!8m2!3d41.4087476!4d13.0817903\">LATINA<\/a><\/li>\n\n\n\n<li>Rieti &#8211; Breve informazione con mappa disponibile qui: <a href=\"https:\/\/www.google.com\/maps\/place\/Rieti,+Italien\/@42.4148093,12.3625668,9z\/data=!3m1!4b1!4m5!3m4!1s0x132facedae0bbdb1:0x3094f9ab23880f0!8m2!3d42.3674405!4d12.8975098\">RIETI<\/a><\/li>\n\n\n\n<li>Roma &#8211; Breve informazione con mappa disponibile qui: <a href=\"https:\/\/www.google.com\/maps\/place\/Rom,+Italien\/@41.8514669,11.9544203,9z\/data=!3m1!4b1!4m5!3m4!1s0x13258a111bd74ac3:0x3094f9ab2388100!8m2!3d41.9027008!4d12.4962352\">ROMA<\/a><\/li>\n\n\n\n<li>Viterbo &#8211; Breve informazione con mappa disponibile qui: <a href=\"https:\/\/www.google.com\/maps\/place\/Viterbo,+Italien\/@42.488175,10.9010415,9z\/data=!3m1!4b1!4m5!3m4!1s0x1328d426d040bfd3:0x3094f9ab23880e0!8m2!3d42.400242!4d11.8891721\">VITERBO<\/a><\/li>\n<\/ul>\n\n<hr class=\"wp-block-separator has-css-opacity\"\/>\n\n<div class=\"wp-block-columns is-layout-flex wp-container-core-columns-is-layout-9d6595d7 wp-block-columns-is-layout-flex\">\n<div class=\"wp-block-column is-layout-flow wp-block-column-is-layout-flow\">\n<figure class=\"wp-block-image size-full\"><img decoding=\"async\" width=\"640\" height=\"426\" src=\"https:\/\/revitapolis.com\/wp-content\/uploads\/2022\/12\/bomarzo-1938087_640.jpg\" alt=\"Bomarzo nel Lazio\" class=\"wp-image-3253\" srcset=\"https:\/\/revitapolis.com\/wp-content\/uploads\/2022\/12\/bomarzo-1938087_640.jpg 640w, https:\/\/revitapolis.com\/wp-content\/uploads\/2022\/12\/bomarzo-1938087_640-300x200.jpg 300w\" sizes=\"(max-width: 640px) 100vw, 640px\" \/><\/figure>\n<\/div>\n\n\n\n<div class=\"wp-block-column is-layout-flow wp-block-column-is-layout-flow\">\n<figure class=\"wp-block-image size-full\"><img decoding=\"async\" width=\"640\" height=\"427\" src=\"https:\/\/revitapolis.com\/wp-content\/uploads\/2022\/12\/lazio-3813541_640.jpg\" alt=\"Lago di Bolsena\" class=\"wp-image-3256\" srcset=\"https:\/\/revitapolis.com\/wp-content\/uploads\/2022\/12\/lazio-3813541_640.jpg 640w, https:\/\/revitapolis.com\/wp-content\/uploads\/2022\/12\/lazio-3813541_640-300x200.jpg 300w\" sizes=\"(max-width: 640px) 100vw, 640px\" \/><\/figure>\n<\/div>\n\n\n\n<div class=\"wp-block-column is-layout-flow wp-block-column-is-layout-flow\">\n<figure class=\"wp-block-image size-full\"><img loading=\"lazy\" decoding=\"async\" width=\"640\" height=\"427\" src=\"https:\/\/revitapolis.com\/wp-content\/uploads\/2022\/12\/globe-2295246_640.jpg\" alt=\"Civita di Bagnoregio nel Lazio\" class=\"wp-image-3262\" srcset=\"https:\/\/revitapolis.com\/wp-content\/uploads\/2022\/12\/globe-2295246_640.jpg 640w, https:\/\/revitapolis.com\/wp-content\/uploads\/2022\/12\/globe-2295246_640-300x200.jpg 300w\" sizes=\"(max-width: 640px) 100vw, 640px\" \/><\/figure>\n<\/div>\n<\/div>\n\n<p class=\"has-text-align-center has-small-font-size\">La regione Lazio caratterizza l&#8217;Italia con la sua storia come nessun&#8217;altra regione. <\/p>\n\n<hr style=\"border: 0; height: 1px; background-image: linear-gradient(to right, rgba(0, 0, 0, 0), rgba(0, 0, 0, 0.75), rgba(0, 0, 0, 0));\"\/>\n","protected":false},"excerpt":{"rendered":"<p>Visitate il centro culturale d&#8217;Italia Il Lazio \u00e8 stato significativamente caratterizzato dall&#8217;antica Roma, dalla Chiesa, dal fascismo e dalla Repubblica Italiana. La sua storia viva e la sua cultura diversificata determinano i paesaggi e le citt\u00e0 di questa regione. Italia &gt; Lazio Il Lazio si trova geograficamente nel centro dell&#8217;Italia. Nel Lazio \u00e8 situata la [&hellip;]<\/p>\n","protected":false},"author":1,"featured_media":0,"parent":2626,"menu_order":0,"comment_status":"closed","ping_status":"closed","template":"","meta":{"_acf_changed":false,"om_disable_all_campaigns":false,"_monsterinsights_skip_tracking":false,"_monsterinsights_sitenote_active":false,"_monsterinsights_sitenote_note":"","_monsterinsights_sitenote_category":0,"ocean_post_layout":"","ocean_both_sidebars_style":"","ocean_both_sidebars_content_width":0,"ocean_both_sidebars_sidebars_width":0,"ocean_sidebar":"0","ocean_second_sidebar":"0","ocean_disable_margins":"enable","ocean_add_body_class":"","ocean_shortcode_before_top_bar":"","ocean_shortcode_after_top_bar":"","ocean_shortcode_before_header":"","ocean_shortcode_after_header":"","ocean_has_shortcode":"","ocean_shortcode_after_title":"","ocean_shortcode_before_footer_widgets":"","ocean_shortcode_after_footer_widgets":"","ocean_shortcode_before_footer_bottom":"","ocean_shortcode_after_footer_bottom":"","ocean_display_top_bar":"default","ocean_display_header":"default","ocean_header_style":"","ocean_center_header_left_menu":"0","ocean_custom_header_template":"0","ocean_custom_logo":0,"ocean_custom_retina_logo":0,"ocean_custom_logo_max_width":0,"ocean_custom_logo_tablet_max_width":0,"ocean_custom_logo_mobile_max_width":0,"ocean_custom_logo_max_height":0,"ocean_custom_logo_tablet_max_height":0,"ocean_custom_logo_mobile_max_height":0,"ocean_header_custom_menu":"0","ocean_menu_typo_font_family":"0","ocean_menu_typo_font_subset":"","ocean_menu_typo_font_size":0,"ocean_menu_typo_font_size_tablet":0,"ocean_menu_typo_font_size_mobile":0,"ocean_menu_typo_font_size_unit":"px","ocean_menu_typo_font_weight":"","ocean_menu_typo_font_weight_tablet":"","ocean_menu_typo_font_weight_mobile":"","ocean_menu_typo_transform":"","ocean_menu_typo_transform_tablet":"","ocean_menu_typo_transform_mobile":"","ocean_menu_typo_line_height":0,"ocean_menu_typo_line_height_tablet":0,"ocean_menu_typo_line_height_mobile":0,"ocean_menu_typo_line_height_unit":"","ocean_menu_typo_spacing":0,"ocean_menu_typo_spacing_tablet":0,"ocean_menu_typo_spacing_mobile":0,"ocean_menu_typo_spacing_unit":"","ocean_menu_link_color":"","ocean_menu_link_color_hover":"","ocean_menu_link_color_active":"","ocean_menu_link_background":"","ocean_menu_link_hover_background":"","ocean_menu_link_active_background":"","ocean_menu_social_links_bg":"","ocean_menu_social_hover_links_bg":"","ocean_menu_social_links_color":"","ocean_menu_social_hover_links_color":"","ocean_disable_title":"default","ocean_disable_heading":"default","ocean_post_title":"","ocean_post_subheading":"","ocean_post_title_style":"","ocean_post_title_background_color":"","ocean_post_title_background":0,"ocean_post_title_bg_image_position":"","ocean_post_title_bg_image_attachment":"","ocean_post_title_bg_image_repeat":"","ocean_post_title_bg_image_size":"","ocean_post_title_height":0,"ocean_post_title_bg_overlay":0.5,"ocean_post_title_bg_overlay_color":"","ocean_disable_breadcrumbs":"default","ocean_breadcrumbs_color":"","ocean_breadcrumbs_separator_color":"","ocean_breadcrumbs_links_color":"","ocean_breadcrumbs_links_hover_color":"","ocean_display_footer_widgets":"default","ocean_display_footer_bottom":"default","ocean_custom_footer_template":"0","footnotes":""},"class_list":["post-2686","page","type-page","status-publish","hentry","entry"],"acf":[],"yoast_head":"<!-- This site is optimized with the Yoast SEO plugin v27.3 - https:\/\/yoast.com\/product\/yoast-seo-wordpress\/ -->\n<title>Lazio - Revitapolis<\/title>\n<meta name=\"description\" content=\"La regione Lazio \u00e8 stata caratterizzata dall&#039;antica Roma, dalla Chiesa, dal fascismo e dalla Repubblica Italiana. Godetevi la variet\u00e0!\" \/>\n<meta name=\"robots\" content=\"index, follow, max-snippet:-1, max-image-preview:large, max-video-preview:-1\" \/>\n<link rel=\"canonical\" href=\"https:\/\/revitapolis.com\/it\/italia\/lazio\/\" \/>\n<meta property=\"og:locale\" content=\"it_IT\" \/>\n<meta property=\"og:type\" content=\"article\" \/>\n<meta property=\"og:title\" content=\"Lazio - Revitapolis\" \/>\n<meta property=\"og:description\" content=\"La regione Lazio \u00e8 stata caratterizzata dall&#039;antica Roma, dalla Chiesa, dal fascismo e dalla Repubblica Italiana. Godetevi la variet\u00e0!\" \/>\n<meta property=\"og:url\" content=\"https:\/\/revitapolis.com\/it\/italia\/lazio\/\" \/>\n<meta property=\"og:site_name\" content=\"Revitapolis\" \/>\n<meta property=\"article:modified_time\" content=\"2024-07-09T14:25:53+00:00\" \/>\n<meta property=\"og:image\" content=\"https:\/\/revitapolis.com\/wp-content\/uploads\/2022\/12\/rome-3552509_640.jpg\" \/>\n<meta name=\"twitter:card\" content=\"summary_large_image\" \/>\n<meta name=\"twitter:label1\" content=\"Tempo di lettura stimato\" \/>\n\t<meta name=\"twitter:data1\" content=\"1 minuto\" \/>\n<script type=\"application\/ld+json\" class=\"yoast-schema-graph\">{\"@context\":\"https:\\\/\\\/schema.org\",\"@graph\":[{\"@type\":\"WebPage\",\"@id\":\"https:\\\/\\\/revitapolis.com\\\/it\\\/italia\\\/lazio\\\/\",\"url\":\"https:\\\/\\\/revitapolis.com\\\/it\\\/italia\\\/lazio\\\/\",\"name\":\"Lazio - Revitapolis\",\"isPartOf\":{\"@id\":\"https:\\\/\\\/revitapolis.com\\\/it\\\/#website\"},\"primaryImageOfPage\":{\"@id\":\"https:\\\/\\\/revitapolis.com\\\/it\\\/italia\\\/lazio\\\/#primaryimage\"},\"image\":{\"@id\":\"https:\\\/\\\/revitapolis.com\\\/it\\\/italia\\\/lazio\\\/#primaryimage\"},\"thumbnailUrl\":\"https:\\\/\\\/revitapolis.com\\\/wp-content\\\/uploads\\\/2022\\\/12\\\/rome-3552509_640.jpg\",\"datePublished\":\"2022-05-03T19:07:15+00:00\",\"dateModified\":\"2024-07-09T14:25:53+00:00\",\"description\":\"La regione Lazio \u00e8 stata caratterizzata dall'antica Roma, dalla Chiesa, dal fascismo e dalla Repubblica Italiana. Godetevi la variet\u00e0!\",\"breadcrumb\":{\"@id\":\"https:\\\/\\\/revitapolis.com\\\/it\\\/italia\\\/lazio\\\/#breadcrumb\"},\"inLanguage\":\"it-IT\",\"potentialAction\":[{\"@type\":\"ReadAction\",\"target\":[\"https:\\\/\\\/revitapolis.com\\\/it\\\/italia\\\/lazio\\\/\"]}]},{\"@type\":\"ImageObject\",\"inLanguage\":\"it-IT\",\"@id\":\"https:\\\/\\\/revitapolis.com\\\/it\\\/italia\\\/lazio\\\/#primaryimage\",\"url\":\"https:\\\/\\\/revitapolis.com\\\/wp-content\\\/uploads\\\/2022\\\/12\\\/rome-3552509_640.jpg\",\"contentUrl\":\"https:\\\/\\\/revitapolis.com\\\/wp-content\\\/uploads\\\/2022\\\/12\\\/rome-3552509_640.jpg\"},{\"@type\":\"BreadcrumbList\",\"@id\":\"https:\\\/\\\/revitapolis.com\\\/it\\\/italia\\\/lazio\\\/#breadcrumb\",\"itemListElement\":[{\"@type\":\"ListItem\",\"position\":1,\"name\":\"Pagina iniziale\",\"item\":\"https:\\\/\\\/revitapolis.com\\\/it\\\/\"},{\"@type\":\"ListItem\",\"position\":2,\"name\":\"Italia\",\"item\":\"https:\\\/\\\/revitapolis.com\\\/it\\\/italia\\\/\"},{\"@type\":\"ListItem\",\"position\":3,\"name\":\"Lazio\"}]},{\"@type\":\"WebSite\",\"@id\":\"https:\\\/\\\/revitapolis.com\\\/it\\\/#website\",\"url\":\"https:\\\/\\\/revitapolis.com\\\/it\\\/\",\"name\":\"Revitapolis\",\"description\":\"Wiederbelebung italienischer Orte\",\"publisher\":{\"@id\":\"https:\\\/\\\/revitapolis.com\\\/it\\\/#organization\"},\"potentialAction\":[{\"@type\":\"SearchAction\",\"target\":{\"@type\":\"EntryPoint\",\"urlTemplate\":\"https:\\\/\\\/revitapolis.com\\\/it\\\/?s={search_term_string}\"},\"query-input\":{\"@type\":\"PropertyValueSpecification\",\"valueRequired\":true,\"valueName\":\"search_term_string\"}}],\"inLanguage\":\"it-IT\"},{\"@type\":\"Organization\",\"@id\":\"https:\\\/\\\/revitapolis.com\\\/it\\\/#organization\",\"name\":\"Revitapolis\",\"url\":\"https:\\\/\\\/revitapolis.com\\\/it\\\/\",\"logo\":{\"@type\":\"ImageObject\",\"inLanguage\":\"it-IT\",\"@id\":\"https:\\\/\\\/revitapolis.com\\\/it\\\/#\\\/schema\\\/logo\\\/image\\\/\",\"url\":\"https:\\\/\\\/revitapolis.com\\\/wp-content\\\/uploads\\\/2022\\\/03\\\/cropped-logo-revitapolis.jpg\",\"contentUrl\":\"https:\\\/\\\/revitapolis.com\\\/wp-content\\\/uploads\\\/2022\\\/03\\\/cropped-logo-revitapolis.jpg\",\"width\":200,\"height\":91,\"caption\":\"Revitapolis\"},\"image\":{\"@id\":\"https:\\\/\\\/revitapolis.com\\\/it\\\/#\\\/schema\\\/logo\\\/image\\\/\"}}]}<\/script>\n<!-- \/ Yoast SEO plugin. -->","yoast_head_json":{"title":"Lazio - Revitapolis","description":"La regione Lazio \u00e8 stata caratterizzata dall'antica Roma, dalla Chiesa, dal fascismo e dalla Repubblica Italiana. Godetevi la variet\u00e0!","robots":{"index":"index","follow":"follow","max-snippet":"max-snippet:-1","max-image-preview":"max-image-preview:large","max-video-preview":"max-video-preview:-1"},"canonical":"https:\/\/revitapolis.com\/it\/italia\/lazio\/","og_locale":"it_IT","og_type":"article","og_title":"Lazio - Revitapolis","og_description":"La regione Lazio \u00e8 stata caratterizzata dall'antica Roma, dalla Chiesa, dal fascismo e dalla Repubblica Italiana. Godetevi la variet\u00e0!","og_url":"https:\/\/revitapolis.com\/it\/italia\/lazio\/","og_site_name":"Revitapolis","article_modified_time":"2024-07-09T14:25:53+00:00","og_image":[{"url":"https:\/\/revitapolis.com\/wp-content\/uploads\/2022\/12\/rome-3552509_640.jpg","type":"","width":"","height":""}],"twitter_card":"summary_large_image","twitter_misc":{"Tempo di lettura stimato":"1 minuto"},"schema":{"@context":"https:\/\/schema.org","@graph":[{"@type":"WebPage","@id":"https:\/\/revitapolis.com\/it\/italia\/lazio\/","url":"https:\/\/revitapolis.com\/it\/italia\/lazio\/","name":"Lazio - Revitapolis","isPartOf":{"@id":"https:\/\/revitapolis.com\/it\/#website"},"primaryImageOfPage":{"@id":"https:\/\/revitapolis.com\/it\/italia\/lazio\/#primaryimage"},"image":{"@id":"https:\/\/revitapolis.com\/it\/italia\/lazio\/#primaryimage"},"thumbnailUrl":"https:\/\/revitapolis.com\/wp-content\/uploads\/2022\/12\/rome-3552509_640.jpg","datePublished":"2022-05-03T19:07:15+00:00","dateModified":"2024-07-09T14:25:53+00:00","description":"La regione Lazio \u00e8 stata caratterizzata dall'antica Roma, dalla Chiesa, dal fascismo e dalla Repubblica Italiana. Godetevi la variet\u00e0!","breadcrumb":{"@id":"https:\/\/revitapolis.com\/it\/italia\/lazio\/#breadcrumb"},"inLanguage":"it-IT","potentialAction":[{"@type":"ReadAction","target":["https:\/\/revitapolis.com\/it\/italia\/lazio\/"]}]},{"@type":"ImageObject","inLanguage":"it-IT","@id":"https:\/\/revitapolis.com\/it\/italia\/lazio\/#primaryimage","url":"https:\/\/revitapolis.com\/wp-content\/uploads\/2022\/12\/rome-3552509_640.jpg","contentUrl":"https:\/\/revitapolis.com\/wp-content\/uploads\/2022\/12\/rome-3552509_640.jpg"},{"@type":"BreadcrumbList","@id":"https:\/\/revitapolis.com\/it\/italia\/lazio\/#breadcrumb","itemListElement":[{"@type":"ListItem","position":1,"name":"Pagina iniziale","item":"https:\/\/revitapolis.com\/it\/"},{"@type":"ListItem","position":2,"name":"Italia","item":"https:\/\/revitapolis.com\/it\/italia\/"},{"@type":"ListItem","position":3,"name":"Lazio"}]},{"@type":"WebSite","@id":"https:\/\/revitapolis.com\/it\/#website","url":"https:\/\/revitapolis.com\/it\/","name":"Revitapolis","description":"Wiederbelebung italienischer Orte","publisher":{"@id":"https:\/\/revitapolis.com\/it\/#organization"},"potentialAction":[{"@type":"SearchAction","target":{"@type":"EntryPoint","urlTemplate":"https:\/\/revitapolis.com\/it\/?s={search_term_string}"},"query-input":{"@type":"PropertyValueSpecification","valueRequired":true,"valueName":"search_term_string"}}],"inLanguage":"it-IT"},{"@type":"Organization","@id":"https:\/\/revitapolis.com\/it\/#organization","name":"Revitapolis","url":"https:\/\/revitapolis.com\/it\/","logo":{"@type":"ImageObject","inLanguage":"it-IT","@id":"https:\/\/revitapolis.com\/it\/#\/schema\/logo\/image\/","url":"https:\/\/revitapolis.com\/wp-content\/uploads\/2022\/03\/cropped-logo-revitapolis.jpg","contentUrl":"https:\/\/revitapolis.com\/wp-content\/uploads\/2022\/03\/cropped-logo-revitapolis.jpg","width":200,"height":91,"caption":"Revitapolis"},"image":{"@id":"https:\/\/revitapolis.com\/it\/#\/schema\/logo\/image\/"}}]}},"_links":{"self":[{"href":"https:\/\/revitapolis.com\/it\/wp-json\/wp\/v2\/pages\/2686","targetHints":{"allow":["GET"]}}],"collection":[{"href":"https:\/\/revitapolis.com\/it\/wp-json\/wp\/v2\/pages"}],"about":[{"href":"https:\/\/revitapolis.com\/it\/wp-json\/wp\/v2\/types\/page"}],"author":[{"embeddable":true,"href":"https:\/\/revitapolis.com\/it\/wp-json\/wp\/v2\/users\/1"}],"replies":[{"embeddable":true,"href":"https:\/\/revitapolis.com\/it\/wp-json\/wp\/v2\/comments?post=2686"}],"version-history":[{"count":20,"href":"https:\/\/revitapolis.com\/it\/wp-json\/wp\/v2\/pages\/2686\/revisions"}],"predecessor-version":[{"id":5409,"href":"https:\/\/revitapolis.com\/it\/wp-json\/wp\/v2\/pages\/2686\/revisions\/5409"}],"up":[{"embeddable":true,"href":"https:\/\/revitapolis.com\/it\/wp-json\/wp\/v2\/pages\/2626"}],"wp:attachment":[{"href":"https:\/\/revitapolis.com\/it\/wp-json\/wp\/v2\/media?parent=2686"}],"curies":[{"name":"wp","href":"https:\/\/api.w.org\/{rel}","templated":true}]}}