{"id":2679,"date":"2022-05-02T10:59:54","date_gmt":"2022-05-02T10:59:54","guid":{"rendered":"https:\/\/revitapolis.com\/la-cultura\/"},"modified":"2023-04-24T06:33:50","modified_gmt":"2023-04-24T06:33:50","slug":"la-cultura","status":"publish","type":"page","link":"https:\/\/revitapolis.com\/it\/la-cultura\/","title":{"rendered":"La cultura"},"content":{"rendered":"\n<div style=\"height:25px\" aria-hidden=\"true\" class=\"wp-block-spacer\"><\/div>\n\n<div class=\"wp-block-media-text is-stacked-on-mobile is-vertically-aligned-top\"><figure class=\"wp-block-media-text__media\"><img fetchpriority=\"high\" decoding=\"async\" width=\"469\" height=\"640\" src=\"https:\/\/revitapolis.com\/wp-content\/uploads\/2023\/04\/leonardo-da-vinci-165410_640.jpg\" alt=\"\" class=\"wp-image-4606 size-full\" srcset=\"https:\/\/revitapolis.com\/wp-content\/uploads\/2023\/04\/leonardo-da-vinci-165410_640.jpg 469w, https:\/\/revitapolis.com\/wp-content\/uploads\/2023\/04\/leonardo-da-vinci-165410_640-220x300.jpg 220w\" sizes=\"(max-width: 469px) 100vw, 469px\" \/><\/figure><div class=\"wp-block-media-text__content\">\n<p>Vogliamo promuovere la cultura in Italia. Non si tratta solo di cultura creata dall&#8217;uomo. Si tratta di una cultura in armonia con la natura. Vogliamo invitare in Italia persone da tutto il mondo per realizzarsi in armonia con il Paese in progetti ed eventi culturali. <\/p>\n\n\n\n<h2 class=\"wp-block-heading\" style=\"font-size:30px\">Che cos&#8217;\u00e8 la cultura?<\/h2>\n\n\n\n<p style=\"font-size:18px\">La cultura \u00e8 la natura creata dall&#8217;uomo, che in realt\u00e0 \u00e8 l&#8217;opposto della natura pura. Allora la natura attuale sarebbe la cultura divina, perch\u00e9 questa probabilmente scaturisce dal divino. Entrambi sono atti di creazione destinati a riflettere la maestosit\u00e0 di un essere. La creazione \u00e8 il tema centrale della cultura. Si inizia con l&#8217;agricoltura e si prosegue attraverso molte fasi fino all&#8217;arte alta, come quella della musica, del teatro, della pittura e della letteratura, per citare solo alcuni settori secondari. Una struttura sociale fortemente capitalista non \u00e8 quindi una cultura, perch\u00e9 la distruzione \u00e8 insita in essa e non \u00e8 una creazione. <\/p>\n<\/div><\/div>\n\n<p style=\"font-size:18px\">Il nostro obiettivo \u00e8 quindi anche quello di tornare un po&#8217; alla cultura reale in umilt\u00e0. Si potrebbe anche dire &#8220;ritorno alle origini&#8221;. Con la nostra iniziativa, vogliamo contribuire un po&#8217; a ricollegare l&#8217;alta cultura alla vita semplice in campagna. L&#8217;obiettivo \u00e8 creare e sostenere una vera cultura. <\/p>\n\n<p style=\"font-size:18px\">Se vi sentite indirizzati, questa potrebbe essere la vostra chiave per la felicit\u00e0!<\/p>\n\n<div style=\"height:10px\" aria-hidden=\"true\" class=\"wp-block-spacer\"><\/div>\n\n<p><strong>Foto: Vita di campagna in Italia, pensatore solitario in un paesaggio meraviglioso<\/strong><\/p>\n\n<p>Indipendentemente dal fatto che un artista raggiunga o voglia raggiungere il grande palcoscenico della vita, dovrebbe comunque sviluppare al massimo la propria arte in armonia con la natura. Questo, in un&#8217;interazione armoniosa con il paesaggio e la societ\u00e0, abbandonandosi a discussioni e conversazioni, lascia fluire l&#8217;energia. Con un tale stato d&#8217;animo di base, si possono sviluppare vere amicizie, si possono dare concerti di grande effetto e organizzare mostre colorate..<\/p>\n\n<p>Le persone devono tornare ad avere tempo per le cose belle della vita. Wir wollen das unterst\u00fctzen!<\/p>\n\n<p class=\"has-text-align-center\"><strong>Abbiamo in programma molte cose! Vi abbiamo incuriosito? <\/strong><\/p>\n\n<p class=\"has-text-align-center\">Allora portate con voi <a href=\"https:\/\/revitapolis.com\/it\/contatto\/\">Kontakt<\/a> a.<\/p>\n\n<div style=\"height:28px\" aria-hidden=\"true\" class=\"wp-block-spacer\"><\/div>\n\n<hr style=\"border: 0; height: 1px; background-image: linear-gradient(to right, rgba(0, 0, 0, 0), rgba(0, 0, 0, 0.75), rgba(0, 0, 0, 0));\"\/>\n<div style=\"height:28px\" aria-hidden=\"true\" class=\"wp-block-spacer\"><\/div>\n","protected":false},"excerpt":{"rendered":"<p>Vogliamo promuovere la cultura in Italia. Non si tratta solo di cultura creata dall&#8217;uomo. Si tratta di una cultura in armonia con la natura. Vogliamo invitare in Italia persone da tutto il mondo per realizzarsi in armonia con il Paese in progetti ed eventi culturali. Che cos&#8217;\u00e8 la cultura? La cultura \u00e8 la natura creata [&hellip;]<\/p>\n","protected":false},"author":1,"featured_media":0,"parent":0,"menu_order":0,"comment_status":"closed","ping_status":"closed","template":"","meta":{"_acf_changed":false,"om_disable_all_campaigns":false,"_monsterinsights_skip_tracking":false,"_monsterinsights_sitenote_active":false,"_monsterinsights_sitenote_note":"","_monsterinsights_sitenote_category":0,"ocean_post_layout":"right-sidebar","ocean_both_sidebars_style":"","ocean_both_sidebars_content_width":0,"ocean_both_sidebars_sidebars_width":0,"ocean_sidebar":"sidebar","ocean_second_sidebar":"0","ocean_disable_margins":"enable","ocean_add_body_class":"","ocean_shortcode_before_top_bar":"","ocean_shortcode_after_top_bar":"","ocean_shortcode_before_header":"","ocean_shortcode_after_header":"","ocean_has_shortcode":"","ocean_shortcode_after_title":"","ocean_shortcode_before_footer_widgets":"","ocean_shortcode_after_footer_widgets":"","ocean_shortcode_before_footer_bottom":"","ocean_shortcode_after_footer_bottom":"","ocean_display_top_bar":"default","ocean_display_header":"default","ocean_header_style":"","ocean_center_header_left_menu":"0","ocean_custom_header_template":"0","ocean_custom_logo":0,"ocean_custom_retina_logo":0,"ocean_custom_logo_max_width":0,"ocean_custom_logo_tablet_max_width":0,"ocean_custom_logo_mobile_max_width":0,"ocean_custom_logo_max_height":0,"ocean_custom_logo_tablet_max_height":0,"ocean_custom_logo_mobile_max_height":0,"ocean_header_custom_menu":"0","ocean_menu_typo_font_family":"0","ocean_menu_typo_font_subset":"","ocean_menu_typo_font_size":0,"ocean_menu_typo_font_size_tablet":0,"ocean_menu_typo_font_size_mobile":0,"ocean_menu_typo_font_size_unit":"px","ocean_menu_typo_font_weight":"","ocean_menu_typo_font_weight_tablet":"","ocean_menu_typo_font_weight_mobile":"","ocean_menu_typo_transform":"","ocean_menu_typo_transform_tablet":"","ocean_menu_typo_transform_mobile":"","ocean_menu_typo_line_height":0,"ocean_menu_typo_line_height_tablet":0,"ocean_menu_typo_line_height_mobile":0,"ocean_menu_typo_line_height_unit":"","ocean_menu_typo_spacing":0,"ocean_menu_typo_spacing_tablet":0,"ocean_menu_typo_spacing_mobile":0,"ocean_menu_typo_spacing_unit":"","ocean_menu_link_color":"","ocean_menu_link_color_hover":"","ocean_menu_link_color_active":"","ocean_menu_link_background":"","ocean_menu_link_hover_background":"","ocean_menu_link_active_background":"","ocean_menu_social_links_bg":"","ocean_menu_social_hover_links_bg":"","ocean_menu_social_links_color":"","ocean_menu_social_hover_links_color":"","ocean_disable_title":"default","ocean_disable_heading":"default","ocean_post_title":"","ocean_post_subheading":"","ocean_post_title_style":"","ocean_post_title_background_color":"","ocean_post_title_background":0,"ocean_post_title_bg_image_position":"","ocean_post_title_bg_image_attachment":"","ocean_post_title_bg_image_repeat":"","ocean_post_title_bg_image_size":"","ocean_post_title_height":0,"ocean_post_title_bg_overlay":0.5,"ocean_post_title_bg_overlay_color":"","ocean_disable_breadcrumbs":"default","ocean_breadcrumbs_color":"","ocean_breadcrumbs_separator_color":"","ocean_breadcrumbs_links_color":"","ocean_breadcrumbs_links_hover_color":"","ocean_display_footer_widgets":"default","ocean_display_footer_bottom":"default","ocean_custom_footer_template":"0","footnotes":""},"class_list":["post-2679","page","type-page","status-publish","hentry","entry"],"acf":[],"yoast_head":"<!-- This site is optimized with the Yoast SEO plugin v27.3 - https:\/\/yoast.com\/product\/yoast-seo-wordpress\/ -->\n<title>La cultura - Revitapolis<\/title>\n<meta name=\"description\" content=\"Vogliamo promuovere la cultura in Italia. Non si tratta solo di cultura creata dall&#039;uomo. Cultura e natura come nuova armonia\" \/>\n<meta name=\"robots\" content=\"index, follow, max-snippet:-1, max-image-preview:large, max-video-preview:-1\" \/>\n<link rel=\"canonical\" href=\"https:\/\/revitapolis.com\/it\/la-cultura\/\" \/>\n<meta property=\"og:locale\" content=\"it_IT\" \/>\n<meta property=\"og:type\" content=\"article\" \/>\n<meta property=\"og:title\" content=\"La cultura - Revitapolis\" \/>\n<meta property=\"og:description\" content=\"Vogliamo promuovere la cultura in Italia. Non si tratta solo di cultura creata dall&#039;uomo. Cultura e natura come nuova armonia\" \/>\n<meta property=\"og:url\" content=\"https:\/\/revitapolis.com\/it\/la-cultura\/\" \/>\n<meta property=\"og:site_name\" content=\"Revitapolis\" \/>\n<meta property=\"article:modified_time\" content=\"2023-04-24T06:33:50+00:00\" \/>\n<meta property=\"og:image\" content=\"https:\/\/revitapolis.com\/wp-content\/uploads\/2023\/04\/leonardo-da-vinci-165410_640.jpg\" \/>\n<meta name=\"twitter:card\" content=\"summary_large_image\" \/>\n<meta name=\"twitter:label1\" content=\"Tempo di lettura stimato\" \/>\n\t<meta name=\"twitter:data1\" content=\"2 minuti\" \/>\n<script type=\"application\/ld+json\" class=\"yoast-schema-graph\">{\"@context\":\"https:\\\/\\\/schema.org\",\"@graph\":[{\"@type\":\"WebPage\",\"@id\":\"https:\\\/\\\/revitapolis.com\\\/it\\\/la-cultura\\\/\",\"url\":\"https:\\\/\\\/revitapolis.com\\\/it\\\/la-cultura\\\/\",\"name\":\"La cultura - Revitapolis\",\"isPartOf\":{\"@id\":\"https:\\\/\\\/revitapolis.com\\\/it\\\/#website\"},\"primaryImageOfPage\":{\"@id\":\"https:\\\/\\\/revitapolis.com\\\/it\\\/la-cultura\\\/#primaryimage\"},\"image\":{\"@id\":\"https:\\\/\\\/revitapolis.com\\\/it\\\/la-cultura\\\/#primaryimage\"},\"thumbnailUrl\":\"https:\\\/\\\/revitapolis.com\\\/wp-content\\\/uploads\\\/2023\\\/04\\\/leonardo-da-vinci-165410_640.jpg\",\"datePublished\":\"2022-05-02T10:59:54+00:00\",\"dateModified\":\"2023-04-24T06:33:50+00:00\",\"description\":\"Vogliamo promuovere la cultura in Italia. Non si tratta solo di cultura creata dall'uomo. Cultura e natura come nuova armonia\",\"breadcrumb\":{\"@id\":\"https:\\\/\\\/revitapolis.com\\\/it\\\/la-cultura\\\/#breadcrumb\"},\"inLanguage\":\"it-IT\",\"potentialAction\":[{\"@type\":\"ReadAction\",\"target\":[\"https:\\\/\\\/revitapolis.com\\\/it\\\/la-cultura\\\/\"]}]},{\"@type\":\"ImageObject\",\"inLanguage\":\"it-IT\",\"@id\":\"https:\\\/\\\/revitapolis.com\\\/it\\\/la-cultura\\\/#primaryimage\",\"url\":\"https:\\\/\\\/revitapolis.com\\\/wp-content\\\/uploads\\\/2023\\\/04\\\/leonardo-da-vinci-165410_640.jpg\",\"contentUrl\":\"https:\\\/\\\/revitapolis.com\\\/wp-content\\\/uploads\\\/2023\\\/04\\\/leonardo-da-vinci-165410_640.jpg\"},{\"@type\":\"BreadcrumbList\",\"@id\":\"https:\\\/\\\/revitapolis.com\\\/it\\\/la-cultura\\\/#breadcrumb\",\"itemListElement\":[{\"@type\":\"ListItem\",\"position\":1,\"name\":\"Pagina iniziale\",\"item\":\"https:\\\/\\\/revitapolis.com\\\/it\\\/\"},{\"@type\":\"ListItem\",\"position\":2,\"name\":\"La cultura\"}]},{\"@type\":\"WebSite\",\"@id\":\"https:\\\/\\\/revitapolis.com\\\/it\\\/#website\",\"url\":\"https:\\\/\\\/revitapolis.com\\\/it\\\/\",\"name\":\"Revitapolis\",\"description\":\"Wiederbelebung italienischer Orte\",\"publisher\":{\"@id\":\"https:\\\/\\\/revitapolis.com\\\/it\\\/#organization\"},\"potentialAction\":[{\"@type\":\"SearchAction\",\"target\":{\"@type\":\"EntryPoint\",\"urlTemplate\":\"https:\\\/\\\/revitapolis.com\\\/it\\\/?s={search_term_string}\"},\"query-input\":{\"@type\":\"PropertyValueSpecification\",\"valueRequired\":true,\"valueName\":\"search_term_string\"}}],\"inLanguage\":\"it-IT\"},{\"@type\":\"Organization\",\"@id\":\"https:\\\/\\\/revitapolis.com\\\/it\\\/#organization\",\"name\":\"Revitapolis\",\"url\":\"https:\\\/\\\/revitapolis.com\\\/it\\\/\",\"logo\":{\"@type\":\"ImageObject\",\"inLanguage\":\"it-IT\",\"@id\":\"https:\\\/\\\/revitapolis.com\\\/it\\\/#\\\/schema\\\/logo\\\/image\\\/\",\"url\":\"https:\\\/\\\/revitapolis.com\\\/wp-content\\\/uploads\\\/2022\\\/03\\\/cropped-logo-revitapolis.jpg\",\"contentUrl\":\"https:\\\/\\\/revitapolis.com\\\/wp-content\\\/uploads\\\/2022\\\/03\\\/cropped-logo-revitapolis.jpg\",\"width\":200,\"height\":91,\"caption\":\"Revitapolis\"},\"image\":{\"@id\":\"https:\\\/\\\/revitapolis.com\\\/it\\\/#\\\/schema\\\/logo\\\/image\\\/\"}}]}<\/script>\n<!-- \/ Yoast SEO plugin. -->","yoast_head_json":{"title":"La cultura - Revitapolis","description":"Vogliamo promuovere la cultura in Italia. Non si tratta solo di cultura creata dall'uomo. Cultura e natura come nuova armonia","robots":{"index":"index","follow":"follow","max-snippet":"max-snippet:-1","max-image-preview":"max-image-preview:large","max-video-preview":"max-video-preview:-1"},"canonical":"https:\/\/revitapolis.com\/it\/la-cultura\/","og_locale":"it_IT","og_type":"article","og_title":"La cultura - Revitapolis","og_description":"Vogliamo promuovere la cultura in Italia. Non si tratta solo di cultura creata dall'uomo. Cultura e natura come nuova armonia","og_url":"https:\/\/revitapolis.com\/it\/la-cultura\/","og_site_name":"Revitapolis","article_modified_time":"2023-04-24T06:33:50+00:00","og_image":[{"url":"https:\/\/revitapolis.com\/wp-content\/uploads\/2023\/04\/leonardo-da-vinci-165410_640.jpg","type":"","width":"","height":""}],"twitter_card":"summary_large_image","twitter_misc":{"Tempo di lettura stimato":"2 minuti"},"schema":{"@context":"https:\/\/schema.org","@graph":[{"@type":"WebPage","@id":"https:\/\/revitapolis.com\/it\/la-cultura\/","url":"https:\/\/revitapolis.com\/it\/la-cultura\/","name":"La cultura - Revitapolis","isPartOf":{"@id":"https:\/\/revitapolis.com\/it\/#website"},"primaryImageOfPage":{"@id":"https:\/\/revitapolis.com\/it\/la-cultura\/#primaryimage"},"image":{"@id":"https:\/\/revitapolis.com\/it\/la-cultura\/#primaryimage"},"thumbnailUrl":"https:\/\/revitapolis.com\/wp-content\/uploads\/2023\/04\/leonardo-da-vinci-165410_640.jpg","datePublished":"2022-05-02T10:59:54+00:00","dateModified":"2023-04-24T06:33:50+00:00","description":"Vogliamo promuovere la cultura in Italia. Non si tratta solo di cultura creata dall'uomo. Cultura e natura come nuova armonia","breadcrumb":{"@id":"https:\/\/revitapolis.com\/it\/la-cultura\/#breadcrumb"},"inLanguage":"it-IT","potentialAction":[{"@type":"ReadAction","target":["https:\/\/revitapolis.com\/it\/la-cultura\/"]}]},{"@type":"ImageObject","inLanguage":"it-IT","@id":"https:\/\/revitapolis.com\/it\/la-cultura\/#primaryimage","url":"https:\/\/revitapolis.com\/wp-content\/uploads\/2023\/04\/leonardo-da-vinci-165410_640.jpg","contentUrl":"https:\/\/revitapolis.com\/wp-content\/uploads\/2023\/04\/leonardo-da-vinci-165410_640.jpg"},{"@type":"BreadcrumbList","@id":"https:\/\/revitapolis.com\/it\/la-cultura\/#breadcrumb","itemListElement":[{"@type":"ListItem","position":1,"name":"Pagina iniziale","item":"https:\/\/revitapolis.com\/it\/"},{"@type":"ListItem","position":2,"name":"La cultura"}]},{"@type":"WebSite","@id":"https:\/\/revitapolis.com\/it\/#website","url":"https:\/\/revitapolis.com\/it\/","name":"Revitapolis","description":"Wiederbelebung italienischer Orte","publisher":{"@id":"https:\/\/revitapolis.com\/it\/#organization"},"potentialAction":[{"@type":"SearchAction","target":{"@type":"EntryPoint","urlTemplate":"https:\/\/revitapolis.com\/it\/?s={search_term_string}"},"query-input":{"@type":"PropertyValueSpecification","valueRequired":true,"valueName":"search_term_string"}}],"inLanguage":"it-IT"},{"@type":"Organization","@id":"https:\/\/revitapolis.com\/it\/#organization","name":"Revitapolis","url":"https:\/\/revitapolis.com\/it\/","logo":{"@type":"ImageObject","inLanguage":"it-IT","@id":"https:\/\/revitapolis.com\/it\/#\/schema\/logo\/image\/","url":"https:\/\/revitapolis.com\/wp-content\/uploads\/2022\/03\/cropped-logo-revitapolis.jpg","contentUrl":"https:\/\/revitapolis.com\/wp-content\/uploads\/2022\/03\/cropped-logo-revitapolis.jpg","width":200,"height":91,"caption":"Revitapolis"},"image":{"@id":"https:\/\/revitapolis.com\/it\/#\/schema\/logo\/image\/"}}]}},"_links":{"self":[{"href":"https:\/\/revitapolis.com\/it\/wp-json\/wp\/v2\/pages\/2679","targetHints":{"allow":["GET"]}}],"collection":[{"href":"https:\/\/revitapolis.com\/it\/wp-json\/wp\/v2\/pages"}],"about":[{"href":"https:\/\/revitapolis.com\/it\/wp-json\/wp\/v2\/types\/page"}],"author":[{"embeddable":true,"href":"https:\/\/revitapolis.com\/it\/wp-json\/wp\/v2\/users\/1"}],"replies":[{"embeddable":true,"href":"https:\/\/revitapolis.com\/it\/wp-json\/wp\/v2\/comments?post=2679"}],"version-history":[{"count":3,"href":"https:\/\/revitapolis.com\/it\/wp-json\/wp\/v2\/pages\/2679\/revisions"}],"predecessor-version":[{"id":4611,"href":"https:\/\/revitapolis.com\/it\/wp-json\/wp\/v2\/pages\/2679\/revisions\/4611"}],"wp:attachment":[{"href":"https:\/\/revitapolis.com\/it\/wp-json\/wp\/v2\/media?parent=2679"}],"curies":[{"name":"wp","href":"https:\/\/api.w.org\/{rel}","templated":true}]}}