{"id":2669,"date":"2022-03-15T09:32:32","date_gmt":"2022-03-15T09:32:32","guid":{"rendered":"https:\/\/revitapolis.com\/italia\/umbria\/"},"modified":"2024-06-04T13:21:44","modified_gmt":"2024-06-04T13:21:44","slug":"umbria","status":"publish","type":"page","link":"https:\/\/revitapolis.com\/it\/italia\/umbria\/","title":{"rendered":"Umbria"},"content":{"rendered":"\n<div style=\"height:30px\" aria-hidden=\"true\" class=\"wp-block-spacer\"><\/div>\n\n<div class=\"wp-block-columns is-layout-flex wp-container-core-columns-is-layout-9d6595d7 wp-block-columns-is-layout-flex\">\n<div class=\"wp-block-column is-layout-flow wp-block-column-is-layout-flow\">\n<figure class=\"wp-block-image size-large\"><img fetchpriority=\"high\" decoding=\"async\" width=\"1024\" height=\"766\" src=\"https:\/\/revitapolis.com\/wp-content\/uploads\/2023\/03\/perugia-1518571_1920-1024x766.jpg\" alt=\"\" class=\"wp-image-3561\" srcset=\"https:\/\/revitapolis.com\/wp-content\/uploads\/2023\/03\/perugia-1518571_1920-1024x766.jpg 1024w, https:\/\/revitapolis.com\/wp-content\/uploads\/2023\/03\/perugia-1518571_1920-300x225.jpg 300w, https:\/\/revitapolis.com\/wp-content\/uploads\/2023\/03\/perugia-1518571_1920-768x575.jpg 768w, https:\/\/revitapolis.com\/wp-content\/uploads\/2023\/03\/perugia-1518571_1920-1536x1150.jpg 1536w, https:\/\/revitapolis.com\/wp-content\/uploads\/2023\/03\/perugia-1518571_1920.jpg 1920w\" sizes=\"(max-width: 1024px) 100vw, 1024px\" \/><\/figure>\n<\/div>\n\n\n\n<div class=\"wp-block-column is-layout-flow wp-block-column-is-layout-flow\">\n<h2 class=\"wp-block-heading\">Il cuore verde d&#8217;Italia<\/h2>\n\n\n\n<p>L&#8217;Umbria \u00e8 considerata il cuore verde d&#8217;Italia. Situata in posizione centrale, senza coste, accoglie i visitatori con il suo paesaggio collinare. L&#8217;Umbria \u00e8 anche considerata la regione dell&#8217;amore, visto che San Valentino \u00e8 di Terni.<\/p>\n\n\n\n<p><\/p>\n<\/div>\n<\/div>\n\n<h2 class=\"wp-block-heading\" style=\"font-size:30px\">Italia &gt; Umbria<\/h2>\n\n<p>L&#8217;Umbria \u00e8 una regione dell&#8217;Italia centrale, confinante con la Toscana a nord-ovest, le Marche a est e il Lazio a sud-ovest. Il capoluogo della regione \u00e8 Perugia, citt\u00e0 nota per il suo cioccolato e la sua universit\u00e0.<\/p>\n\n<p>L&#8217;Umbria \u00e8 una regione collinare con paesaggi dolci e citt\u00e0 pittoresche, dove vivono 858.812 abitanti (dati aggiornati al 1 gennaio 2022) su 8.464,22 km\u00b2. \u00c8 anche una delle regioni pi\u00f9 scarsamente popolate d&#8217;Italia, il che ha contribuito a preservare la sua bellezza naturale. Ci sono molte citt\u00e0 medievali ben conservate e ricche di storia. Tra questi, ci sono Orvieto, Assisi, Gubbio e Spoleto.<\/p>\n\n<p>Nonostante le sue modeste dimensioni, la regione \u00e8 ricca di dialetti diversi. Ogni dialetto, sia esso il folignate, il perugino, l&#8217;orvietano, il ternano, il narnese, il castellano, l&#8217;eugubino e molti altri, presenta anche piccole variazioni dovute alla mescolanza di culture che hanno attraversato questa terra.<\/p>\n\n<p>La regione \u00e8 nota anche per la sua arte, la sua cultura e la sua cucina. Ci sono molte chiese e opere d&#8217;arte di artisti come Giotto, Perugino e Pinturicchio da visitare. La cucina umbra \u00e8 caraterizzata dalla tradizione rurale e nota per piatti come il tartufo, il cinghiale e la pasta fatta a mano.<\/p>\n\n<p>L&#8217;Umbria \u00e8 anche una destinazione apprezzata dagli amanti della natura e dell&#8217;escursionismo. Sono numerose le riserve naturali e i sentieri escursionistici, tra cui il Parco Nazionale dei Monti Sibillini e il Parco Regionale di Colfiorito.<\/p>\n\n<p><strong>L&#8217;Umbria \u00e8 costituita da due province, che vogliamo presentarvi qui.<\/strong><\/p>\n\n<ul class=\"wp-block-list\">\n<li><a href=\"https:\/\/revitapolis.com\/it\/italia\/umbria\/provincia-di-perugia\/\">Perugia<\/a> &#8211; Breve informazione con mappa disponibile qui: <a href=\"https:\/\/www.google.com\/maps\/place\/Perugia,+Italien\/@43.0886003,10.4189785,8z\/data=!3m1!4b1!4m6!3m5!1s0x132c27908da9d521:0x3082c90e3e480c0!8m2!3d42.938004!4d12.6216211!16zL20vMDN4NWw1\">PERUGIA<\/a><\/li>\n\n\n\n<li><a href=\"https:\/\/revitapolis.com\/it\/italia\/umbria\/provincia-di-terni\/\">Terni<\/a> &#8211; Breve informazione con mappa disponibile qui: <a href=\"https:\/\/www.google.com\/maps\/place\/Terni,+Italien\/@42.6534333,11.8336233,9z\/data=!3m1!4b1!4m6!3m5!1s0x132edd2aeee707d1:0x3082c90e3e480d0!8m2!3d42.5634534!4d12.5298028!16zL20vMDN4NWti\">TERNI<\/a><\/li>\n<\/ul>\n\n<hr class=\"wp-block-separator has-css-opacity\"\/>\n\n<div class=\"wp-block-columns is-layout-flex wp-container-core-columns-is-layout-9d6595d7 wp-block-columns-is-layout-flex\">\n<div class=\"wp-block-column is-layout-flow wp-block-column-is-layout-flow\">\n<figure class=\"wp-block-image size-large\"><img decoding=\"async\" width=\"1024\" height=\"683\" src=\"https:\/\/revitapolis.com\/wp-content\/uploads\/2023\/03\/umbria-3738185_1920-1024x683.jpg\" alt=\"\" class=\"wp-image-3564\" srcset=\"https:\/\/revitapolis.com\/wp-content\/uploads\/2023\/03\/umbria-3738185_1920-1024x683.jpg 1024w, https:\/\/revitapolis.com\/wp-content\/uploads\/2023\/03\/umbria-3738185_1920-300x200.jpg 300w, https:\/\/revitapolis.com\/wp-content\/uploads\/2023\/03\/umbria-3738185_1920-768x512.jpg 768w, https:\/\/revitapolis.com\/wp-content\/uploads\/2023\/03\/umbria-3738185_1920-1536x1024.jpg 1536w, https:\/\/revitapolis.com\/wp-content\/uploads\/2023\/03\/umbria-3738185_1920.jpg 1920w\" sizes=\"(max-width: 1024px) 100vw, 1024px\" \/><\/figure>\n<\/div>\n\n\n\n<div class=\"wp-block-column is-layout-flow wp-block-column-is-layout-flow\">\n<figure class=\"wp-block-image size-large\"><img decoding=\"async\" width=\"1024\" height=\"683\" src=\"https:\/\/revitapolis.com\/wp-content\/uploads\/2023\/03\/spello-4211418_1920-1024x683.jpg\" alt=\"\" class=\"wp-image-3567\" srcset=\"https:\/\/revitapolis.com\/wp-content\/uploads\/2023\/03\/spello-4211418_1920-1024x683.jpg 1024w, https:\/\/revitapolis.com\/wp-content\/uploads\/2023\/03\/spello-4211418_1920-300x200.jpg 300w, https:\/\/revitapolis.com\/wp-content\/uploads\/2023\/03\/spello-4211418_1920-768x512.jpg 768w, https:\/\/revitapolis.com\/wp-content\/uploads\/2023\/03\/spello-4211418_1920-1536x1024.jpg 1536w, https:\/\/revitapolis.com\/wp-content\/uploads\/2023\/03\/spello-4211418_1920.jpg 1920w\" sizes=\"(max-width: 1024px) 100vw, 1024px\" \/><\/figure>\n<\/div>\n\n\n\n<div class=\"wp-block-column is-layout-flow wp-block-column-is-layout-flow\">\n<figure class=\"wp-block-image size-large\"><img loading=\"lazy\" decoding=\"async\" width=\"1024\" height=\"683\" src=\"https:\/\/revitapolis.com\/wp-content\/uploads\/2023\/03\/assisi-1693681_1920-1024x683.jpg\" alt=\"\" class=\"wp-image-3573\" srcset=\"https:\/\/revitapolis.com\/wp-content\/uploads\/2023\/03\/assisi-1693681_1920-1024x683.jpg 1024w, https:\/\/revitapolis.com\/wp-content\/uploads\/2023\/03\/assisi-1693681_1920-300x200.jpg 300w, https:\/\/revitapolis.com\/wp-content\/uploads\/2023\/03\/assisi-1693681_1920-768x512.jpg 768w, https:\/\/revitapolis.com\/wp-content\/uploads\/2023\/03\/assisi-1693681_1920-1536x1024.jpg 1536w, https:\/\/revitapolis.com\/wp-content\/uploads\/2023\/03\/assisi-1693681_1920.jpg 1920w\" sizes=\"(max-width: 1024px) 100vw, 1024px\" \/><\/figure>\n<\/div>\n<\/div>\n\n<p class=\"has-text-align-center has-small-font-size\">L&#8217;Umbria \u00e8 una regione che offre un mix unico di arte, cultura, natura e gastronomia.<\/p>\n\n<hr style=\"border: 0; height: 1px; background-image: linear-gradient(to right, rgba(0, 0, 0, 0), rgba(0, 0, 0, 0.75), rgba(0, 0, 0, 0));\"\/>\n","protected":false},"excerpt":{"rendered":"<p>Il cuore verde d&#8217;Italia L&#8217;Umbria \u00e8 considerata il cuore verde d&#8217;Italia. Situata in posizione centrale, senza coste, accoglie i visitatori con il suo paesaggio collinare. L&#8217;Umbria \u00e8 anche considerata la regione dell&#8217;amore, visto che San Valentino \u00e8 di Terni. Italia &gt; Umbria L&#8217;Umbria \u00e8 una regione dell&#8217;Italia centrale, confinante con la Toscana a nord-ovest, le [&hellip;]<\/p>\n","protected":false},"author":1,"featured_media":0,"parent":2626,"menu_order":0,"comment_status":"closed","ping_status":"closed","template":"","meta":{"_acf_changed":false,"om_disable_all_campaigns":false,"_monsterinsights_skip_tracking":false,"_monsterinsights_sitenote_active":false,"_monsterinsights_sitenote_note":"","_monsterinsights_sitenote_category":0,"ocean_post_layout":"","ocean_both_sidebars_style":"","ocean_both_sidebars_content_width":0,"ocean_both_sidebars_sidebars_width":0,"ocean_sidebar":"0","ocean_second_sidebar":"0","ocean_disable_margins":"enable","ocean_add_body_class":"","ocean_shortcode_before_top_bar":"","ocean_shortcode_after_top_bar":"","ocean_shortcode_before_header":"","ocean_shortcode_after_header":"","ocean_has_shortcode":"","ocean_shortcode_after_title":"","ocean_shortcode_before_footer_widgets":"","ocean_shortcode_after_footer_widgets":"","ocean_shortcode_before_footer_bottom":"","ocean_shortcode_after_footer_bottom":"","ocean_display_top_bar":"default","ocean_display_header":"default","ocean_header_style":"","ocean_center_header_left_menu":"0","ocean_custom_header_template":"0","ocean_custom_logo":0,"ocean_custom_retina_logo":0,"ocean_custom_logo_max_width":0,"ocean_custom_logo_tablet_max_width":0,"ocean_custom_logo_mobile_max_width":0,"ocean_custom_logo_max_height":0,"ocean_custom_logo_tablet_max_height":0,"ocean_custom_logo_mobile_max_height":0,"ocean_header_custom_menu":"0","ocean_menu_typo_font_family":"0","ocean_menu_typo_font_subset":"","ocean_menu_typo_font_size":0,"ocean_menu_typo_font_size_tablet":0,"ocean_menu_typo_font_size_mobile":0,"ocean_menu_typo_font_size_unit":"px","ocean_menu_typo_font_weight":"","ocean_menu_typo_font_weight_tablet":"","ocean_menu_typo_font_weight_mobile":"","ocean_menu_typo_transform":"","ocean_menu_typo_transform_tablet":"","ocean_menu_typo_transform_mobile":"","ocean_menu_typo_line_height":0,"ocean_menu_typo_line_height_tablet":0,"ocean_menu_typo_line_height_mobile":0,"ocean_menu_typo_line_height_unit":"","ocean_menu_typo_spacing":0,"ocean_menu_typo_spacing_tablet":0,"ocean_menu_typo_spacing_mobile":0,"ocean_menu_typo_spacing_unit":"","ocean_menu_link_color":"","ocean_menu_link_color_hover":"","ocean_menu_link_color_active":"","ocean_menu_link_background":"","ocean_menu_link_hover_background":"","ocean_menu_link_active_background":"","ocean_menu_social_links_bg":"","ocean_menu_social_hover_links_bg":"","ocean_menu_social_links_color":"","ocean_menu_social_hover_links_color":"","ocean_disable_title":"default","ocean_disable_heading":"default","ocean_post_title":"","ocean_post_subheading":"","ocean_post_title_style":"","ocean_post_title_background_color":"","ocean_post_title_background":0,"ocean_post_title_bg_image_position":"","ocean_post_title_bg_image_attachment":"","ocean_post_title_bg_image_repeat":"","ocean_post_title_bg_image_size":"","ocean_post_title_height":0,"ocean_post_title_bg_overlay":0.5,"ocean_post_title_bg_overlay_color":"","ocean_disable_breadcrumbs":"default","ocean_breadcrumbs_color":"","ocean_breadcrumbs_separator_color":"","ocean_breadcrumbs_links_color":"","ocean_breadcrumbs_links_hover_color":"","ocean_display_footer_widgets":"default","ocean_display_footer_bottom":"default","ocean_custom_footer_template":"0","footnotes":""},"class_list":["post-2669","page","type-page","status-publish","hentry","entry"],"acf":[],"yoast_head":"<!-- This site is optimized with the Yoast SEO plugin v27.3 - https:\/\/yoast.com\/product\/yoast-seo-wordpress\/ -->\n<title>Umbria - Revitapolis<\/title>\n<meta name=\"description\" content=\"Qui vi presentiamo la regione italiana dell&#039;Umbria, conosciuta anche come il cuore verde d&#039;Italia.\" \/>\n<meta name=\"robots\" content=\"index, follow, max-snippet:-1, max-image-preview:large, max-video-preview:-1\" \/>\n<link rel=\"canonical\" href=\"https:\/\/revitapolis.com\/it\/italia\/umbria\/\" \/>\n<meta property=\"og:locale\" content=\"it_IT\" \/>\n<meta property=\"og:type\" content=\"article\" \/>\n<meta property=\"og:title\" content=\"Umbria - Revitapolis\" \/>\n<meta property=\"og:description\" content=\"Qui vi presentiamo la regione italiana dell&#039;Umbria, conosciuta anche come il cuore verde d&#039;Italia.\" \/>\n<meta property=\"og:url\" content=\"https:\/\/revitapolis.com\/it\/italia\/umbria\/\" \/>\n<meta property=\"og:site_name\" content=\"Revitapolis\" \/>\n<meta property=\"article:modified_time\" content=\"2024-06-04T13:21:44+00:00\" \/>\n<meta property=\"og:image\" content=\"https:\/\/revitapolis.com\/wp-content\/uploads\/2023\/03\/perugia-1518571_1920-1024x766.jpg\" \/>\n<meta name=\"twitter:card\" content=\"summary_large_image\" \/>\n<meta name=\"twitter:label1\" content=\"Tempo di lettura stimato\" \/>\n\t<meta name=\"twitter:data1\" content=\"2 minuti\" \/>\n<script type=\"application\/ld+json\" class=\"yoast-schema-graph\">{\"@context\":\"https:\\\/\\\/schema.org\",\"@graph\":[{\"@type\":\"WebPage\",\"@id\":\"https:\\\/\\\/revitapolis.com\\\/it\\\/italia\\\/umbria\\\/\",\"url\":\"https:\\\/\\\/revitapolis.com\\\/it\\\/italia\\\/umbria\\\/\",\"name\":\"Umbria - Revitapolis\",\"isPartOf\":{\"@id\":\"https:\\\/\\\/revitapolis.com\\\/it\\\/#website\"},\"primaryImageOfPage\":{\"@id\":\"https:\\\/\\\/revitapolis.com\\\/it\\\/italia\\\/umbria\\\/#primaryimage\"},\"image\":{\"@id\":\"https:\\\/\\\/revitapolis.com\\\/it\\\/italia\\\/umbria\\\/#primaryimage\"},\"thumbnailUrl\":\"https:\\\/\\\/revitapolis.com\\\/wp-content\\\/uploads\\\/2023\\\/03\\\/perugia-1518571_1920-1024x766.jpg\",\"datePublished\":\"2022-03-15T09:32:32+00:00\",\"dateModified\":\"2024-06-04T13:21:44+00:00\",\"description\":\"Qui vi presentiamo la regione italiana dell'Umbria, conosciuta anche come il cuore verde d'Italia.\",\"breadcrumb\":{\"@id\":\"https:\\\/\\\/revitapolis.com\\\/it\\\/italia\\\/umbria\\\/#breadcrumb\"},\"inLanguage\":\"it-IT\",\"potentialAction\":[{\"@type\":\"ReadAction\",\"target\":[\"https:\\\/\\\/revitapolis.com\\\/it\\\/italia\\\/umbria\\\/\"]}]},{\"@type\":\"ImageObject\",\"inLanguage\":\"it-IT\",\"@id\":\"https:\\\/\\\/revitapolis.com\\\/it\\\/italia\\\/umbria\\\/#primaryimage\",\"url\":\"https:\\\/\\\/revitapolis.com\\\/wp-content\\\/uploads\\\/2023\\\/03\\\/perugia-1518571_1920-1024x766.jpg\",\"contentUrl\":\"https:\\\/\\\/revitapolis.com\\\/wp-content\\\/uploads\\\/2023\\\/03\\\/perugia-1518571_1920-1024x766.jpg\"},{\"@type\":\"BreadcrumbList\",\"@id\":\"https:\\\/\\\/revitapolis.com\\\/it\\\/italia\\\/umbria\\\/#breadcrumb\",\"itemListElement\":[{\"@type\":\"ListItem\",\"position\":1,\"name\":\"Pagina iniziale\",\"item\":\"https:\\\/\\\/revitapolis.com\\\/it\\\/\"},{\"@type\":\"ListItem\",\"position\":2,\"name\":\"Italia\",\"item\":\"https:\\\/\\\/revitapolis.com\\\/it\\\/italia\\\/\"},{\"@type\":\"ListItem\",\"position\":3,\"name\":\"Umbria\"}]},{\"@type\":\"WebSite\",\"@id\":\"https:\\\/\\\/revitapolis.com\\\/it\\\/#website\",\"url\":\"https:\\\/\\\/revitapolis.com\\\/it\\\/\",\"name\":\"Revitapolis\",\"description\":\"Wiederbelebung italienischer Orte\",\"publisher\":{\"@id\":\"https:\\\/\\\/revitapolis.com\\\/it\\\/#organization\"},\"potentialAction\":[{\"@type\":\"SearchAction\",\"target\":{\"@type\":\"EntryPoint\",\"urlTemplate\":\"https:\\\/\\\/revitapolis.com\\\/it\\\/?s={search_term_string}\"},\"query-input\":{\"@type\":\"PropertyValueSpecification\",\"valueRequired\":true,\"valueName\":\"search_term_string\"}}],\"inLanguage\":\"it-IT\"},{\"@type\":\"Organization\",\"@id\":\"https:\\\/\\\/revitapolis.com\\\/it\\\/#organization\",\"name\":\"Revitapolis\",\"url\":\"https:\\\/\\\/revitapolis.com\\\/it\\\/\",\"logo\":{\"@type\":\"ImageObject\",\"inLanguage\":\"it-IT\",\"@id\":\"https:\\\/\\\/revitapolis.com\\\/it\\\/#\\\/schema\\\/logo\\\/image\\\/\",\"url\":\"https:\\\/\\\/revitapolis.com\\\/wp-content\\\/uploads\\\/2022\\\/03\\\/cropped-logo-revitapolis.jpg\",\"contentUrl\":\"https:\\\/\\\/revitapolis.com\\\/wp-content\\\/uploads\\\/2022\\\/03\\\/cropped-logo-revitapolis.jpg\",\"width\":200,\"height\":91,\"caption\":\"Revitapolis\"},\"image\":{\"@id\":\"https:\\\/\\\/revitapolis.com\\\/it\\\/#\\\/schema\\\/logo\\\/image\\\/\"}}]}<\/script>\n<!-- \/ Yoast SEO plugin. -->","yoast_head_json":{"title":"Umbria - Revitapolis","description":"Qui vi presentiamo la regione italiana dell'Umbria, conosciuta anche come il cuore verde d'Italia.","robots":{"index":"index","follow":"follow","max-snippet":"max-snippet:-1","max-image-preview":"max-image-preview:large","max-video-preview":"max-video-preview:-1"},"canonical":"https:\/\/revitapolis.com\/it\/italia\/umbria\/","og_locale":"it_IT","og_type":"article","og_title":"Umbria - Revitapolis","og_description":"Qui vi presentiamo la regione italiana dell'Umbria, conosciuta anche come il cuore verde d'Italia.","og_url":"https:\/\/revitapolis.com\/it\/italia\/umbria\/","og_site_name":"Revitapolis","article_modified_time":"2024-06-04T13:21:44+00:00","og_image":[{"url":"https:\/\/revitapolis.com\/wp-content\/uploads\/2023\/03\/perugia-1518571_1920-1024x766.jpg","type":"","width":"","height":""}],"twitter_card":"summary_large_image","twitter_misc":{"Tempo di lettura stimato":"2 minuti"},"schema":{"@context":"https:\/\/schema.org","@graph":[{"@type":"WebPage","@id":"https:\/\/revitapolis.com\/it\/italia\/umbria\/","url":"https:\/\/revitapolis.com\/it\/italia\/umbria\/","name":"Umbria - Revitapolis","isPartOf":{"@id":"https:\/\/revitapolis.com\/it\/#website"},"primaryImageOfPage":{"@id":"https:\/\/revitapolis.com\/it\/italia\/umbria\/#primaryimage"},"image":{"@id":"https:\/\/revitapolis.com\/it\/italia\/umbria\/#primaryimage"},"thumbnailUrl":"https:\/\/revitapolis.com\/wp-content\/uploads\/2023\/03\/perugia-1518571_1920-1024x766.jpg","datePublished":"2022-03-15T09:32:32+00:00","dateModified":"2024-06-04T13:21:44+00:00","description":"Qui vi presentiamo la regione italiana dell'Umbria, conosciuta anche come il cuore verde d'Italia.","breadcrumb":{"@id":"https:\/\/revitapolis.com\/it\/italia\/umbria\/#breadcrumb"},"inLanguage":"it-IT","potentialAction":[{"@type":"ReadAction","target":["https:\/\/revitapolis.com\/it\/italia\/umbria\/"]}]},{"@type":"ImageObject","inLanguage":"it-IT","@id":"https:\/\/revitapolis.com\/it\/italia\/umbria\/#primaryimage","url":"https:\/\/revitapolis.com\/wp-content\/uploads\/2023\/03\/perugia-1518571_1920-1024x766.jpg","contentUrl":"https:\/\/revitapolis.com\/wp-content\/uploads\/2023\/03\/perugia-1518571_1920-1024x766.jpg"},{"@type":"BreadcrumbList","@id":"https:\/\/revitapolis.com\/it\/italia\/umbria\/#breadcrumb","itemListElement":[{"@type":"ListItem","position":1,"name":"Pagina iniziale","item":"https:\/\/revitapolis.com\/it\/"},{"@type":"ListItem","position":2,"name":"Italia","item":"https:\/\/revitapolis.com\/it\/italia\/"},{"@type":"ListItem","position":3,"name":"Umbria"}]},{"@type":"WebSite","@id":"https:\/\/revitapolis.com\/it\/#website","url":"https:\/\/revitapolis.com\/it\/","name":"Revitapolis","description":"Wiederbelebung italienischer Orte","publisher":{"@id":"https:\/\/revitapolis.com\/it\/#organization"},"potentialAction":[{"@type":"SearchAction","target":{"@type":"EntryPoint","urlTemplate":"https:\/\/revitapolis.com\/it\/?s={search_term_string}"},"query-input":{"@type":"PropertyValueSpecification","valueRequired":true,"valueName":"search_term_string"}}],"inLanguage":"it-IT"},{"@type":"Organization","@id":"https:\/\/revitapolis.com\/it\/#organization","name":"Revitapolis","url":"https:\/\/revitapolis.com\/it\/","logo":{"@type":"ImageObject","inLanguage":"it-IT","@id":"https:\/\/revitapolis.com\/it\/#\/schema\/logo\/image\/","url":"https:\/\/revitapolis.com\/wp-content\/uploads\/2022\/03\/cropped-logo-revitapolis.jpg","contentUrl":"https:\/\/revitapolis.com\/wp-content\/uploads\/2022\/03\/cropped-logo-revitapolis.jpg","width":200,"height":91,"caption":"Revitapolis"},"image":{"@id":"https:\/\/revitapolis.com\/it\/#\/schema\/logo\/image\/"}}]}},"_links":{"self":[{"href":"https:\/\/revitapolis.com\/it\/wp-json\/wp\/v2\/pages\/2669","targetHints":{"allow":["GET"]}}],"collection":[{"href":"https:\/\/revitapolis.com\/it\/wp-json\/wp\/v2\/pages"}],"about":[{"href":"https:\/\/revitapolis.com\/it\/wp-json\/wp\/v2\/types\/page"}],"author":[{"embeddable":true,"href":"https:\/\/revitapolis.com\/it\/wp-json\/wp\/v2\/users\/1"}],"replies":[{"embeddable":true,"href":"https:\/\/revitapolis.com\/it\/wp-json\/wp\/v2\/comments?post=2669"}],"version-history":[{"count":12,"href":"https:\/\/revitapolis.com\/it\/wp-json\/wp\/v2\/pages\/2669\/revisions"}],"predecessor-version":[{"id":5351,"href":"https:\/\/revitapolis.com\/it\/wp-json\/wp\/v2\/pages\/2669\/revisions\/5351"}],"up":[{"embeddable":true,"href":"https:\/\/revitapolis.com\/it\/wp-json\/wp\/v2\/pages\/2626"}],"wp:attachment":[{"href":"https:\/\/revitapolis.com\/it\/wp-json\/wp\/v2\/media?parent=2669"}],"curies":[{"name":"wp","href":"https:\/\/api.w.org\/{rel}","templated":true}]}}