{"id":2663,"date":"2022-05-03T19:01:13","date_gmt":"2022-05-03T19:01:13","guid":{"rendered":"https:\/\/revitapolis.com\/italia\/toscana\/"},"modified":"2024-05-14T14:50:21","modified_gmt":"2024-05-14T14:50:21","slug":"toscana","status":"publish","type":"page","link":"https:\/\/revitapolis.com\/it\/italia\/toscana\/","title":{"rendered":"Toscana"},"content":{"rendered":"\n<div style=\"height:30px\" aria-hidden=\"true\" class=\"wp-block-spacer\"><\/div>\n\n<div class=\"wp-block-columns is-layout-flex wp-container-core-columns-is-layout-9d6595d7 wp-block-columns-is-layout-flex\">\n<div class=\"wp-block-column is-layout-flow wp-block-column-is-layout-flow\">\n<figure class=\"wp-block-image size-large\"><img fetchpriority=\"high\" decoding=\"async\" width=\"1024\" height=\"646\" src=\"https:\/\/revitapolis.com\/wp-content\/uploads\/2023\/03\/florence-2718182_1920-1024x646.jpg\" alt=\"\" class=\"wp-image-3532\" srcset=\"https:\/\/revitapolis.com\/wp-content\/uploads\/2023\/03\/florence-2718182_1920-1024x646.jpg 1024w, https:\/\/revitapolis.com\/wp-content\/uploads\/2023\/03\/florence-2718182_1920-300x189.jpg 300w, https:\/\/revitapolis.com\/wp-content\/uploads\/2023\/03\/florence-2718182_1920-768x485.jpg 768w, https:\/\/revitapolis.com\/wp-content\/uploads\/2023\/03\/florence-2718182_1920-1536x970.jpg 1536w, https:\/\/revitapolis.com\/wp-content\/uploads\/2023\/03\/florence-2718182_1920.jpg 1920w\" sizes=\"(max-width: 1024px) 100vw, 1024px\" \/><\/figure>\n<\/div>\n\n\n\n<div class=\"wp-block-column is-layout-flow wp-block-column-is-layout-flow\">\n<h2 class=\"wp-block-heading\">La culla della lingua italiana <\/h2>\n\n\n\n<p>La Toscana non \u00e8 solo considerata la culla della lingua italiana. Con sette siti riconosciuti dall&#8217;UNESCO come Patrimonio dell&#8217;Umanit\u00e0, la Toscana \u00e8 una delle regioni con la pi\u00f9 alta concentrazione di siti UNESCO al mondo. Firenze \u00e8 anche considerata il luogo di nascita dell&#8217;attivit\u00e0 bancaria. La Banca Monte dei Paschi di Siena, fondata nel 1472 come Monte di Piet\u00e0, \u00e8 la pi\u00f9 antica banca operativa al mondo.<\/p>\n<\/div>\n<\/div>\n\n<h2 class=\"wp-block-heading\" style=\"font-size:30px\">Italia &gt; Toscana<\/h2>\n\n<p>La Toscana \u00e8 tra le regioni pi\u00f9 conosciute d&#8217;Italia. La regione \u00e8 famosa per il suo paesaggio idilliaco, le sue citt\u00e0 storiche e i suoi tesori artistici e culturali. I suoi 3.663.191 abitanti (dati aggiornati al 1\u00b0 gennaio 2022) vivono su 22.987,44 km\u00b2.<\/p>\n\n<p>Il paesaggio della Toscana \u00e8 caratterizzato da dolci colline, oliveti, vigneti e viali di cipressi. La regione \u00e8 nota anche per i suoi borghi medievali arroccati sulle colline, come San Gimignano o Montepulciano. La regione ha anche una costa mozzafiato, la costa tirrenica, con citt\u00e0 pittoresche come Viareggio e Livorno.<\/p>\n\n<p>Inoltre, la Toscana \u00e8 famosa per la sua ricca storia artistica e culturale. Fu un centro del Rinascimento e diede vita ad alcuni dei pi\u00f9 importanti artisti come Leonardo da Vinci e Michelangelo. La citt\u00e0 di Firenze \u00e8 il cuore della Toscana e ospita alcune delle opere d&#8217;arte pi\u00f9 famose al mondo, tra cui la Galleria degli Uffizi e le sculture di Piazza della Signoria. Altre citt\u00e0 importanti della Toscana sono Pisa, Siena e Lucca, tutte note per i loro edifici storici, le cattedrali e i tesori artistici.<\/p>\n\n<p>La regione \u00e8 nota anche per la sua eccellente cucina, basata su ingredienti freschi e ricette tradizionali. Alcuni dei piatti pi\u00f9 famosi sono la ribollita (una zuppa di verdure), la bistecca alla fiorentina (una bistecca alla griglia) e i pici (un tipo di spaghetti spessi). La regione \u00e8 nota anche per i suoi vini, tra cui il Chianti, il Brunello di Montalcino e il Vino Nobile di Montepulciano.<\/p>\n\n<p>La Toscana \u00e8 una destinazione popolare per chi \u00e8 interessato all&#8217;arte e alla cultura, ma anche per tutti gli intenditori che vogliono godersi il paesaggio, la cucina e il vino della regione. Questa regione \u00e8 in grado di offrire qualcosa a tutti. Dai pittoreschi paesaggi e dalle incantevoli citt\u00e0 ai ricchi tesori artistici e culturali.<\/p>\n\n<p class=\"has-white-color has-cyan-bluish-gray-background-color has-text-color has-background\"><strong>La Toscana \u00e8 composta da 9 province e dalla citt\u00e0 metropolitana di Firenze, che vogliamo presentarvi qui.<\/strong><\/p>\n\n<ul class=\"wp-block-list\">\n<li>Arezzo \u2013 Breve informazione con mappa disponibile qui: <a href=\"https:\/\/www.google.com\/maps\/place\/Arezzo,+Italien\/@43.5167989,11.3239569,9z\/data=!3m1!4b1!4m6!3m5!1s0x132b927eeb2c214d:0x3082c90e3e48090!8m2!3d43.4668955!4d11.8823602!16zL20vMDUzN2tw\">AREZZO<\/a><\/li>\n\n\n\n<li>Firenze \u2013 Breve informazione con mappa disponibile qui: <a href=\"https:\/\/www.google.com\/maps\/place\/Florenz,+Italien\/@43.8416327,10.1486336,9z\/data=!3m1!4b1!4m6!3m5!1s0x132af8a078bd7663:0x3082c90e3e48060!8m2!3d43.7679178!4d11.2523792!16s%2Fg%2F11b6cmkpxv\">FIRENZE<\/a><\/li>\n\n\n\n<li>Grosseto \u2013 Breve informazione con mappa disponibile qui: <a href=\"https:\/\/www.google.com\/maps\/place\/Grosseto,+Italien\/@42.7130398,10.7021224,9z\/data=!3m1!4b1!4m6!3m5!1s0x1329a9488500a5f5:0x3082c90e3e480b0!8m2!3d42.8518007!4d11.2523792!16zL20vMDNmbTI\">GROSSETO<\/a><\/li>\n\n\n\n<li>Livorno \u2013 Breve informazione con mappa disponibile qui: <a href=\"https:\/\/www.google.com\/maps\/place\/Livorno,+Italien\/@42.9705495,9.1724557,8z\/data=!3m1!4b1!4m6!3m5!1s0x12d63f0580208437:0x3082c90e3e48070!8m2!3d43.0239848!4d10.6647101!16zL20vMDUzN3E1\">LIVORNO<\/a><\/li>\n\n\n\n<li>Lucca \u2013 Breve informazione con mappa disponibile qui: <a href=\"https:\/\/www.google.com\/maps\/place\/Lucca,+Italien\/@44.0171587,9.8804466,9z\/data=!3m1!4b1!4m6!3m5!1s0x12d57a759d09c91b:0x3082c90e3e48040!8m2!3d43.8376736!4d10.495053!16zL20vMDUzN3Iw\">LUCCA<\/a><\/li>\n\n\n\n<li>Massa-Carrara \u2013 Breve informazione con mappa disponibile qui: <a href=\"https:\/\/www.google.com\/maps\/place\/Massa-Carrara,+Italien\/@44.2242078,9.6909595,10z\/data=!3m1!4b1!4m6!3m5!1s0x12d51ede46403999:0x3082c90e3e48030!8m2!3d44.2213998!4d10.0359661!16zL20vMDU4cmg\">MASSA-CARRARA<\/a><\/li>\n\n\n\n<li>Pisa \u2013 Breve informazione con mappa disponibile qui: <a href=\"https:\/\/www.google.com\/maps\/place\/Pisa,+Italien\/@43.4713655,10.0754244,9z\/data=!3m1!4b1!4m6!3m5!1s0x132a083bf5d76fa7:0x3082c90e3e48080!8m2!3d43.7228315!4d10.4017194!16zL20vMDUzN3Nt\">PISA<\/a><\/li>\n\n\n\n<li>Pistoia \u2013 Breve informazione con mappa disponibile qui: <a href=\"https:\/\/www.google.com\/maps\/place\/Pistoia,+Italien\/@43.9745987,10.565602,10z\/data=!3m1!4b1!4m6!3m5!1s0x132a8edf6b3243b5:0x3082c90e3e48050!8m2!3d43.9543733!4d10.8903099!16zL20vMDUzN3Qz\">PISTOIA<\/a><\/li>\n\n\n\n<li>Prato \u2013 Breve informazione con mappa disponibile qui: <a href=\"https:\/\/www.google.com\/maps\/place\/Prato,+Italien\/@43.9355469,10.8082877,10z\/data=!3m1!4b1!4m6!3m5!1s0x132af14cb28a2591:0x3082c90e3e483a0!8m2!3d44.04539!4d11.1164452!16zL20vMDUzN3dj\">PRATO<\/a><\/li>\n\n\n\n<li>Siena \u2013 Breve informazione con mappa disponibile qui: <a href=\"https:\/\/www.google.com\/maps\/place\/Siena,+Italien\/@43.163004,10.3619651,9z\/data=!3m1!4b1!4m6!3m5!1s0x13297c3aca79d275:0x3082c90e3e480a0!8m2!3d43.2937732!4d11.4339148!16zL20vMDRtM3pw\">SIENA<\/a><\/li>\n<\/ul>\n\n<hr class=\"wp-block-separator has-css-opacity\"\/>\n\n<div class=\"wp-block-columns is-layout-flex wp-container-core-columns-is-layout-9d6595d7 wp-block-columns-is-layout-flex\">\n<div class=\"wp-block-column is-layout-flow wp-block-column-is-layout-flow\">\n<figure class=\"wp-block-image size-large\"><img decoding=\"async\" width=\"1024\" height=\"683\" src=\"https:\/\/revitapolis.com\/wp-content\/uploads\/2023\/03\/tags-tuscany-4420960_1920-1024x683.jpg\" alt=\"\" class=\"wp-image-3535\" srcset=\"https:\/\/revitapolis.com\/wp-content\/uploads\/2023\/03\/tags-tuscany-4420960_1920-1024x683.jpg 1024w, https:\/\/revitapolis.com\/wp-content\/uploads\/2023\/03\/tags-tuscany-4420960_1920-300x200.jpg 300w, https:\/\/revitapolis.com\/wp-content\/uploads\/2023\/03\/tags-tuscany-4420960_1920-768x512.jpg 768w, https:\/\/revitapolis.com\/wp-content\/uploads\/2023\/03\/tags-tuscany-4420960_1920-1536x1024.jpg 1536w, https:\/\/revitapolis.com\/wp-content\/uploads\/2023\/03\/tags-tuscany-4420960_1920.jpg 1920w\" sizes=\"(max-width: 1024px) 100vw, 1024px\" \/><\/figure>\n<\/div>\n\n\n\n<div class=\"wp-block-column is-layout-flow wp-block-column-is-layout-flow\">\n<figure class=\"wp-block-image size-large\"><img decoding=\"async\" width=\"1024\" height=\"683\" src=\"https:\/\/revitapolis.com\/wp-content\/uploads\/2023\/03\/tuscany-4240688_1920-1024x683.jpg\" alt=\"\" class=\"wp-image-3538\" srcset=\"https:\/\/revitapolis.com\/wp-content\/uploads\/2023\/03\/tuscany-4240688_1920-1024x683.jpg 1024w, https:\/\/revitapolis.com\/wp-content\/uploads\/2023\/03\/tuscany-4240688_1920-300x200.jpg 300w, https:\/\/revitapolis.com\/wp-content\/uploads\/2023\/03\/tuscany-4240688_1920-768x512.jpg 768w, https:\/\/revitapolis.com\/wp-content\/uploads\/2023\/03\/tuscany-4240688_1920-1536x1024.jpg 1536w, https:\/\/revitapolis.com\/wp-content\/uploads\/2023\/03\/tuscany-4240688_1920.jpg 1920w\" sizes=\"(max-width: 1024px) 100vw, 1024px\" \/><\/figure>\n<\/div>\n\n\n\n<div class=\"wp-block-column is-layout-flow wp-block-column-is-layout-flow\">\n<figure class=\"wp-block-image size-large\"><img loading=\"lazy\" decoding=\"async\" width=\"1024\" height=\"682\" src=\"https:\/\/revitapolis.com\/wp-content\/uploads\/2023\/03\/volterra-1593874_1920-1024x682.jpg\" alt=\"\" class=\"wp-image-3541\" srcset=\"https:\/\/revitapolis.com\/wp-content\/uploads\/2023\/03\/volterra-1593874_1920-1024x682.jpg 1024w, https:\/\/revitapolis.com\/wp-content\/uploads\/2023\/03\/volterra-1593874_1920-300x200.jpg 300w, https:\/\/revitapolis.com\/wp-content\/uploads\/2023\/03\/volterra-1593874_1920-768x511.jpg 768w, https:\/\/revitapolis.com\/wp-content\/uploads\/2023\/03\/volterra-1593874_1920-1536x1022.jpg 1536w, https:\/\/revitapolis.com\/wp-content\/uploads\/2023\/03\/volterra-1593874_1920.jpg 1920w\" sizes=\"(max-width: 1024px) 100vw, 1024px\" \/><\/figure>\n<\/div>\n<\/div>\n\n<p class=\"has-text-align-center has-small-font-size\">La Toscana \u00e8 famosa in tutto il mondo per la sua storia artistica e culturale unica. <\/p>\n\n<hr style=\"border: 0; height: 1px; background-image: linear-gradient(to right, rgba(0, 0, 0, 0), rgba(0, 0, 0, 0.75), rgba(0, 0, 0, 0));\"\/>\n","protected":false},"excerpt":{"rendered":"<p>La culla della lingua italiana La Toscana non \u00e8 solo considerata la culla della lingua italiana. Con sette siti riconosciuti dall&#8217;UNESCO come Patrimonio dell&#8217;Umanit\u00e0, la Toscana \u00e8 una delle regioni con la pi\u00f9 alta concentrazione di siti UNESCO al mondo. Firenze \u00e8 anche considerata il luogo di nascita dell&#8217;attivit\u00e0 bancaria. La Banca Monte dei Paschi [&hellip;]<\/p>\n","protected":false},"author":1,"featured_media":0,"parent":2626,"menu_order":0,"comment_status":"closed","ping_status":"closed","template":"","meta":{"_acf_changed":false,"om_disable_all_campaigns":false,"_monsterinsights_skip_tracking":false,"_monsterinsights_sitenote_active":false,"_monsterinsights_sitenote_note":"","_monsterinsights_sitenote_category":0,"ocean_post_layout":"","ocean_both_sidebars_style":"","ocean_both_sidebars_content_width":0,"ocean_both_sidebars_sidebars_width":0,"ocean_sidebar":"0","ocean_second_sidebar":"0","ocean_disable_margins":"enable","ocean_add_body_class":"","ocean_shortcode_before_top_bar":"","ocean_shortcode_after_top_bar":"","ocean_shortcode_before_header":"","ocean_shortcode_after_header":"","ocean_has_shortcode":"","ocean_shortcode_after_title":"","ocean_shortcode_before_footer_widgets":"","ocean_shortcode_after_footer_widgets":"","ocean_shortcode_before_footer_bottom":"","ocean_shortcode_after_footer_bottom":"","ocean_display_top_bar":"default","ocean_display_header":"default","ocean_header_style":"","ocean_center_header_left_menu":"0","ocean_custom_header_template":"0","ocean_custom_logo":0,"ocean_custom_retina_logo":0,"ocean_custom_logo_max_width":0,"ocean_custom_logo_tablet_max_width":0,"ocean_custom_logo_mobile_max_width":0,"ocean_custom_logo_max_height":0,"ocean_custom_logo_tablet_max_height":0,"ocean_custom_logo_mobile_max_height":0,"ocean_header_custom_menu":"0","ocean_menu_typo_font_family":"0","ocean_menu_typo_font_subset":"","ocean_menu_typo_font_size":0,"ocean_menu_typo_font_size_tablet":0,"ocean_menu_typo_font_size_mobile":0,"ocean_menu_typo_font_size_unit":"px","ocean_menu_typo_font_weight":"","ocean_menu_typo_font_weight_tablet":"","ocean_menu_typo_font_weight_mobile":"","ocean_menu_typo_transform":"","ocean_menu_typo_transform_tablet":"","ocean_menu_typo_transform_mobile":"","ocean_menu_typo_line_height":0,"ocean_menu_typo_line_height_tablet":0,"ocean_menu_typo_line_height_mobile":0,"ocean_menu_typo_line_height_unit":"","ocean_menu_typo_spacing":0,"ocean_menu_typo_spacing_tablet":0,"ocean_menu_typo_spacing_mobile":0,"ocean_menu_typo_spacing_unit":"","ocean_menu_link_color":"","ocean_menu_link_color_hover":"","ocean_menu_link_color_active":"","ocean_menu_link_background":"","ocean_menu_link_hover_background":"","ocean_menu_link_active_background":"","ocean_menu_social_links_bg":"","ocean_menu_social_hover_links_bg":"","ocean_menu_social_links_color":"","ocean_menu_social_hover_links_color":"","ocean_disable_title":"default","ocean_disable_heading":"default","ocean_post_title":"","ocean_post_subheading":"","ocean_post_title_style":"","ocean_post_title_background_color":"","ocean_post_title_background":0,"ocean_post_title_bg_image_position":"","ocean_post_title_bg_image_attachment":"","ocean_post_title_bg_image_repeat":"","ocean_post_title_bg_image_size":"","ocean_post_title_height":0,"ocean_post_title_bg_overlay":0.5,"ocean_post_title_bg_overlay_color":"","ocean_disable_breadcrumbs":"default","ocean_breadcrumbs_color":"","ocean_breadcrumbs_separator_color":"","ocean_breadcrumbs_links_color":"","ocean_breadcrumbs_links_hover_color":"","ocean_display_footer_widgets":"default","ocean_display_footer_bottom":"default","ocean_custom_footer_template":"0","footnotes":""},"class_list":["post-2663","page","type-page","status-publish","hentry","entry"],"acf":[],"yoast_head":"<!-- This site is optimized with the Yoast SEO plugin v27.4 - https:\/\/yoast.com\/product\/yoast-seo-wordpress\/ -->\n<title>Toscana - Revitapolis<\/title>\n<meta name=\"description\" content=\"Qui vi presentiamo la regione italiana della Toscana con le sue dolci colline, gli uliveti, i vigneti e i viali di cipressi.\" \/>\n<meta name=\"robots\" content=\"index, follow, max-snippet:-1, max-image-preview:large, max-video-preview:-1\" \/>\n<link rel=\"canonical\" href=\"https:\/\/revitapolis.com\/it\/italia\/toscana\/\" \/>\n<meta property=\"og:locale\" content=\"it_IT\" \/>\n<meta property=\"og:type\" content=\"article\" \/>\n<meta property=\"og:title\" content=\"Toscana - Revitapolis\" \/>\n<meta property=\"og:description\" content=\"Qui vi presentiamo la regione italiana della Toscana con le sue dolci colline, gli uliveti, i vigneti e i viali di cipressi.\" \/>\n<meta property=\"og:url\" content=\"https:\/\/revitapolis.com\/it\/italia\/toscana\/\" \/>\n<meta property=\"og:site_name\" content=\"Revitapolis\" \/>\n<meta property=\"article:modified_time\" content=\"2024-05-14T14:50:21+00:00\" \/>\n<meta property=\"og:image\" content=\"https:\/\/revitapolis.com\/wp-content\/uploads\/2023\/03\/florence-2718182_1920-1024x646.jpg\" \/>\n<meta name=\"twitter:card\" content=\"summary_large_image\" \/>\n<meta name=\"twitter:label1\" content=\"Tempo di lettura stimato\" \/>\n\t<meta name=\"twitter:data1\" content=\"2 minuti\" \/>\n<script type=\"application\/ld+json\" class=\"yoast-schema-graph\">{\"@context\":\"https:\\\/\\\/schema.org\",\"@graph\":[{\"@type\":\"WebPage\",\"@id\":\"https:\\\/\\\/revitapolis.com\\\/it\\\/italia\\\/toscana\\\/\",\"url\":\"https:\\\/\\\/revitapolis.com\\\/it\\\/italia\\\/toscana\\\/\",\"name\":\"Toscana - Revitapolis\",\"isPartOf\":{\"@id\":\"https:\\\/\\\/revitapolis.com\\\/it\\\/#website\"},\"primaryImageOfPage\":{\"@id\":\"https:\\\/\\\/revitapolis.com\\\/it\\\/italia\\\/toscana\\\/#primaryimage\"},\"image\":{\"@id\":\"https:\\\/\\\/revitapolis.com\\\/it\\\/italia\\\/toscana\\\/#primaryimage\"},\"thumbnailUrl\":\"https:\\\/\\\/revitapolis.com\\\/wp-content\\\/uploads\\\/2023\\\/03\\\/florence-2718182_1920-1024x646.jpg\",\"datePublished\":\"2022-05-03T19:01:13+00:00\",\"dateModified\":\"2024-05-14T14:50:21+00:00\",\"description\":\"Qui vi presentiamo la regione italiana della Toscana con le sue dolci colline, gli uliveti, i vigneti e i viali di cipressi.\",\"breadcrumb\":{\"@id\":\"https:\\\/\\\/revitapolis.com\\\/it\\\/italia\\\/toscana\\\/#breadcrumb\"},\"inLanguage\":\"it-IT\",\"potentialAction\":[{\"@type\":\"ReadAction\",\"target\":[\"https:\\\/\\\/revitapolis.com\\\/it\\\/italia\\\/toscana\\\/\"]}]},{\"@type\":\"ImageObject\",\"inLanguage\":\"it-IT\",\"@id\":\"https:\\\/\\\/revitapolis.com\\\/it\\\/italia\\\/toscana\\\/#primaryimage\",\"url\":\"https:\\\/\\\/revitapolis.com\\\/wp-content\\\/uploads\\\/2023\\\/03\\\/florence-2718182_1920-1024x646.jpg\",\"contentUrl\":\"https:\\\/\\\/revitapolis.com\\\/wp-content\\\/uploads\\\/2023\\\/03\\\/florence-2718182_1920-1024x646.jpg\"},{\"@type\":\"BreadcrumbList\",\"@id\":\"https:\\\/\\\/revitapolis.com\\\/it\\\/italia\\\/toscana\\\/#breadcrumb\",\"itemListElement\":[{\"@type\":\"ListItem\",\"position\":1,\"name\":\"Pagina iniziale\",\"item\":\"https:\\\/\\\/revitapolis.com\\\/it\\\/\"},{\"@type\":\"ListItem\",\"position\":2,\"name\":\"Italia\",\"item\":\"https:\\\/\\\/revitapolis.com\\\/it\\\/italia\\\/\"},{\"@type\":\"ListItem\",\"position\":3,\"name\":\"Toscana\"}]},{\"@type\":\"WebSite\",\"@id\":\"https:\\\/\\\/revitapolis.com\\\/it\\\/#website\",\"url\":\"https:\\\/\\\/revitapolis.com\\\/it\\\/\",\"name\":\"Revitapolis\",\"description\":\"Wiederbelebung italienischer Orte\",\"publisher\":{\"@id\":\"https:\\\/\\\/revitapolis.com\\\/it\\\/#organization\"},\"potentialAction\":[{\"@type\":\"SearchAction\",\"target\":{\"@type\":\"EntryPoint\",\"urlTemplate\":\"https:\\\/\\\/revitapolis.com\\\/it\\\/?s={search_term_string}\"},\"query-input\":{\"@type\":\"PropertyValueSpecification\",\"valueRequired\":true,\"valueName\":\"search_term_string\"}}],\"inLanguage\":\"it-IT\"},{\"@type\":\"Organization\",\"@id\":\"https:\\\/\\\/revitapolis.com\\\/it\\\/#organization\",\"name\":\"Revitapolis\",\"url\":\"https:\\\/\\\/revitapolis.com\\\/it\\\/\",\"logo\":{\"@type\":\"ImageObject\",\"inLanguage\":\"it-IT\",\"@id\":\"https:\\\/\\\/revitapolis.com\\\/it\\\/#\\\/schema\\\/logo\\\/image\\\/\",\"url\":\"https:\\\/\\\/revitapolis.com\\\/wp-content\\\/uploads\\\/2022\\\/03\\\/cropped-logo-revitapolis.jpg\",\"contentUrl\":\"https:\\\/\\\/revitapolis.com\\\/wp-content\\\/uploads\\\/2022\\\/03\\\/cropped-logo-revitapolis.jpg\",\"width\":200,\"height\":91,\"caption\":\"Revitapolis\"},\"image\":{\"@id\":\"https:\\\/\\\/revitapolis.com\\\/it\\\/#\\\/schema\\\/logo\\\/image\\\/\"}}]}<\/script>\n<!-- \/ Yoast SEO plugin. -->","yoast_head_json":{"title":"Toscana - Revitapolis","description":"Qui vi presentiamo la regione italiana della Toscana con le sue dolci colline, gli uliveti, i vigneti e i viali di cipressi.","robots":{"index":"index","follow":"follow","max-snippet":"max-snippet:-1","max-image-preview":"max-image-preview:large","max-video-preview":"max-video-preview:-1"},"canonical":"https:\/\/revitapolis.com\/it\/italia\/toscana\/","og_locale":"it_IT","og_type":"article","og_title":"Toscana - Revitapolis","og_description":"Qui vi presentiamo la regione italiana della Toscana con le sue dolci colline, gli uliveti, i vigneti e i viali di cipressi.","og_url":"https:\/\/revitapolis.com\/it\/italia\/toscana\/","og_site_name":"Revitapolis","article_modified_time":"2024-05-14T14:50:21+00:00","og_image":[{"url":"https:\/\/revitapolis.com\/wp-content\/uploads\/2023\/03\/florence-2718182_1920-1024x646.jpg","type":"","width":"","height":""}],"twitter_card":"summary_large_image","twitter_misc":{"Tempo di lettura stimato":"2 minuti"},"schema":{"@context":"https:\/\/schema.org","@graph":[{"@type":"WebPage","@id":"https:\/\/revitapolis.com\/it\/italia\/toscana\/","url":"https:\/\/revitapolis.com\/it\/italia\/toscana\/","name":"Toscana - Revitapolis","isPartOf":{"@id":"https:\/\/revitapolis.com\/it\/#website"},"primaryImageOfPage":{"@id":"https:\/\/revitapolis.com\/it\/italia\/toscana\/#primaryimage"},"image":{"@id":"https:\/\/revitapolis.com\/it\/italia\/toscana\/#primaryimage"},"thumbnailUrl":"https:\/\/revitapolis.com\/wp-content\/uploads\/2023\/03\/florence-2718182_1920-1024x646.jpg","datePublished":"2022-05-03T19:01:13+00:00","dateModified":"2024-05-14T14:50:21+00:00","description":"Qui vi presentiamo la regione italiana della Toscana con le sue dolci colline, gli uliveti, i vigneti e i viali di cipressi.","breadcrumb":{"@id":"https:\/\/revitapolis.com\/it\/italia\/toscana\/#breadcrumb"},"inLanguage":"it-IT","potentialAction":[{"@type":"ReadAction","target":["https:\/\/revitapolis.com\/it\/italia\/toscana\/"]}]},{"@type":"ImageObject","inLanguage":"it-IT","@id":"https:\/\/revitapolis.com\/it\/italia\/toscana\/#primaryimage","url":"https:\/\/revitapolis.com\/wp-content\/uploads\/2023\/03\/florence-2718182_1920-1024x646.jpg","contentUrl":"https:\/\/revitapolis.com\/wp-content\/uploads\/2023\/03\/florence-2718182_1920-1024x646.jpg"},{"@type":"BreadcrumbList","@id":"https:\/\/revitapolis.com\/it\/italia\/toscana\/#breadcrumb","itemListElement":[{"@type":"ListItem","position":1,"name":"Pagina iniziale","item":"https:\/\/revitapolis.com\/it\/"},{"@type":"ListItem","position":2,"name":"Italia","item":"https:\/\/revitapolis.com\/it\/italia\/"},{"@type":"ListItem","position":3,"name":"Toscana"}]},{"@type":"WebSite","@id":"https:\/\/revitapolis.com\/it\/#website","url":"https:\/\/revitapolis.com\/it\/","name":"Revitapolis","description":"Wiederbelebung italienischer Orte","publisher":{"@id":"https:\/\/revitapolis.com\/it\/#organization"},"potentialAction":[{"@type":"SearchAction","target":{"@type":"EntryPoint","urlTemplate":"https:\/\/revitapolis.com\/it\/?s={search_term_string}"},"query-input":{"@type":"PropertyValueSpecification","valueRequired":true,"valueName":"search_term_string"}}],"inLanguage":"it-IT"},{"@type":"Organization","@id":"https:\/\/revitapolis.com\/it\/#organization","name":"Revitapolis","url":"https:\/\/revitapolis.com\/it\/","logo":{"@type":"ImageObject","inLanguage":"it-IT","@id":"https:\/\/revitapolis.com\/it\/#\/schema\/logo\/image\/","url":"https:\/\/revitapolis.com\/wp-content\/uploads\/2022\/03\/cropped-logo-revitapolis.jpg","contentUrl":"https:\/\/revitapolis.com\/wp-content\/uploads\/2022\/03\/cropped-logo-revitapolis.jpg","width":200,"height":91,"caption":"Revitapolis"},"image":{"@id":"https:\/\/revitapolis.com\/it\/#\/schema\/logo\/image\/"}}]}},"_links":{"self":[{"href":"https:\/\/revitapolis.com\/it\/wp-json\/wp\/v2\/pages\/2663","targetHints":{"allow":["GET"]}}],"collection":[{"href":"https:\/\/revitapolis.com\/it\/wp-json\/wp\/v2\/pages"}],"about":[{"href":"https:\/\/revitapolis.com\/it\/wp-json\/wp\/v2\/types\/page"}],"author":[{"embeddable":true,"href":"https:\/\/revitapolis.com\/it\/wp-json\/wp\/v2\/users\/1"}],"replies":[{"embeddable":true,"href":"https:\/\/revitapolis.com\/it\/wp-json\/wp\/v2\/comments?post=2663"}],"version-history":[{"count":4,"href":"https:\/\/revitapolis.com\/it\/wp-json\/wp\/v2\/pages\/2663\/revisions"}],"predecessor-version":[{"id":5213,"href":"https:\/\/revitapolis.com\/it\/wp-json\/wp\/v2\/pages\/2663\/revisions\/5213"}],"up":[{"embeddable":true,"href":"https:\/\/revitapolis.com\/it\/wp-json\/wp\/v2\/pages\/2626"}],"wp:attachment":[{"href":"https:\/\/revitapolis.com\/it\/wp-json\/wp\/v2\/media?parent=2663"}],"curies":[{"name":"wp","href":"https:\/\/api.w.org\/{rel}","templated":true}]}}