{"id":2660,"date":"2022-09-07T19:42:44","date_gmt":"2022-09-07T19:42:44","guid":{"rendered":"https:\/\/revitapolis.com\/studio-legale-salvoni-lex\/"},"modified":"2022-10-28T13:21:10","modified_gmt":"2022-10-28T13:21:10","slug":"studio-legale-salvoni-lex","status":"publish","type":"page","link":"https:\/\/revitapolis.com\/it\/studio-legale-salvoni-lex\/","title":{"rendered":"Studio Legale Salvoni Lex"},"content":{"rendered":"\n<div style=\"height:30px\" aria-hidden=\"true\" class=\"wp-block-spacer\"><\/div>\n\n<div class=\"wp-block-columns is-layout-flex wp-container-core-columns-is-layout-9d6595d7 wp-block-columns-is-layout-flex\">\n<div class=\"wp-block-column is-layout-flow wp-block-column-is-layout-flow\" style=\"flex-basis:33.33%\"><div class=\"wp-block-image\">\n<figure class=\"aligncenter size-full\"><img decoding=\"async\" width=\"134\" height=\"258\" src=\"https:\/\/revitapolis.com\/wp-content\/uploads\/2022\/09\/rechtsanwalt-alessandro-salvoni.jpg\" alt=\"\" class=\"wp-image-2461\"\/><figcaption>Avvocato Alessandro Salvoni<\/figcaption><\/figure><\/div><\/div>\n\n\n\n<div class=\"wp-block-column is-layout-flow wp-block-column-is-layout-flow\" style=\"flex-basis:66.66%\">\n<figure class=\"wp-block-image size-full\"><img fetchpriority=\"high\" decoding=\"async\" width=\"1020\" height=\"450\" src=\"https:\/\/revitapolis.com\/wp-content\/uploads\/2022\/09\/kanzlei-salvoni-lex-italien.jpg\" alt=\"\" class=\"wp-image-2464\" srcset=\"https:\/\/revitapolis.com\/wp-content\/uploads\/2022\/09\/kanzlei-salvoni-lex-italien.jpg 1020w, https:\/\/revitapolis.com\/wp-content\/uploads\/2022\/09\/kanzlei-salvoni-lex-italien-300x132.jpg 300w, https:\/\/revitapolis.com\/wp-content\/uploads\/2022\/09\/kanzlei-salvoni-lex-italien-768x339.jpg 768w\" sizes=\"(max-width: 1020px) 100vw, 1020px\" \/><figcaption>STUDIO LEGALE SALVONI<br\/>Via Passione,<br\/>20122 Milano,<br\/>tel 0039 393 0564399<br\/><a href=\"mailto:a.salvoni@salvonilex.com\">a.salvoni@salvonilex.com<\/a><\/figcaption><\/figure><\/div>\n<\/div>\n\n<hr class=\"wp-block-separator alignwide has-text-color has-cyan-bluish-gray-color has-alpha-channel-opacity has-cyan-bluish-gray-background-color has-background is-style-wide\"\/>\n\n<div style=\"height:20px\" aria-hidden=\"true\" class=\"wp-block-spacer\"><\/div>\n\n<p class=\"has-black-color has-luminous-vivid-amber-background-color has-text-color has-background\">[ <strong><mark style=\"background-color:rgba(0, 0, 0, 0)\" class=\"has-inline-color has-vivid-red-color\">T\u00c4TIGKEITSFELDER<\/mark><\/strong> ]: <strong>GEISTIGES EIGENTUM | RECHTSSTREIT | GESELLSCHAFTSRECHT<\/strong><\/p>\n\n<p class=\"has-background\" style=\"background-color:#e0dcdc\">[ <strong><mark style=\"background-color:rgba(0, 0, 0, 0)\" class=\"has-inline-color has-vivid-red-color\">BERUFSWEG<\/mark><\/strong> ]: <\/p>\n\n<p class=\"has-background\" style=\"background-color:#e7e7e7\">NATO 1974<br\/>UNIVERSITA&#8217; DI PAVIA, ITALIA, ammesso all&#8217;albo degli avvocati 2003<br\/>1999 Haarmann Hemmelrath,Monaco di Baviera<br\/>2003 Studio Prof. Maria Costanza, Milano<br\/>2004 Bianchi Schierholz &amp; Partner, Milano<br\/>2006 Studio legale Salvoni<\/p>\n\n<p class=\"has-black-color has-text-color has-background\" style=\"background-color:#dddddd\">[ <strong><mark style=\"background-color:rgba(0, 0, 0, 0)\" class=\"has-inline-color has-vivid-red-color\">SPRACHEN<\/mark><\/strong> ]: <strong>Italienisch, Englisch, Deutsch, Russisch<\/strong><\/p>\n\n<hr class=\"wp-block-separator alignwide has-text-color has-cyan-bluish-gray-color has-alpha-channel-opacity has-cyan-bluish-gray-background-color has-background is-style-wide\"\/>\n\n<div style=\"height:40px\" aria-hidden=\"true\" class=\"wp-block-spacer\"><\/div>\n\n<p>Il <strong><mark style=\"background-color:rgba(0, 0, 0, 0);color:#a13333\" class=\"has-inline-color\">ANWALTSKANZLEI SALVONI <\/mark><\/strong>fornisce ai propri clienti un&#8217;assistenza legale caratterizzata da un riferimento individuale e da un&#8217;elevata qualit\u00e0. Copre ampie aree e una variet\u00e0 di servizi. Il loro tratto distintivo \u00e8 la richiesta di un&#8217;accurata verifica dei fatti e di una tempistica efficiente. Lo studio si avvale di partner competenti per la cooperazione, sia all&#8217;interno che all&#8217;esterno dell&#8217;Italia. Ha competenze linguistiche che le consentono di svolgere i suoi mandati direttamente in italiano, inglese, russo e tedesco.<\/p>\n\n<p><strong><em>ATTIVIT\u00c0 DAVANTI AI TRIBUNALI<\/em><\/strong><\/p>\n\n<p>Lo Studio Legale Salvoni \u00e8 in grado di fornire assistenza e rappresentanza altamente qualificata a persone fisiche e giuridiche davanti a qualsiasi giurisdizione, caratterizzata da determinazione e accuratezza nella penetrazione giuridica dei fatti nello svolgimento del mandato. Questo in tutte le attivit\u00e0 processuali civili, tra l&#8217;altro nei settori di: Diritto civile generale, diritto della propriet\u00e0 intellettuale, diritto di famiglia, diritto societario, diritto tributario e diritto fallimentare.<\/p>\n\n<p><strong><em>DIRITTO INTERNAZIONALE<\/em><\/strong><\/p>\n\n<p>Salvoni \u00e8 specializzato nel diritto unificato e non unificato che regola le questioni inter e transnazionali, compreso il diritto commerciale, il conflitto di leggi (legge che determina inizialmente l&#8217;applicabilit\u00e0 di una determinata legge in tali questioni), nel settore delle opere normative per la determinazione della giurisdizione competente e l&#8217;esecuzione dei titoli di vari settori del diritto nell&#8217;area inter e transnazionale.<br\/>Lo studio ha esperienza in transazioni commerciali internazionali, trasferimento di tecnologie all&#8217;interno e all&#8217;esterno dell&#8217;Italia. Pu\u00f2 accompagnare professionalmente il collocamento di investimenti effettuati da aziende, ma anche, in generale, da privati e da imprese in attivit\u00e0 inter- e transnazionali.<\/p>\n\n<p><strong><em>DIRITTO TRIBUTARIO<\/em><\/strong><\/p>\n\n<p>Salvoni fornisce consulenza su operazioni finanziarie di ogni tipo, compresa la consulenza fiscale finalizzata all&#8217;ottimizzazione delle strutture societarie, le operazioni immobiliari e la strutturazione aziendale.<br\/>In questo contesto, rappresenta i clienti in sede extragiudiziale e giudiziale.<\/p>\n\n<p><strong><em>INVESTIMENTI IMMOBILIARI<\/em><\/strong><\/p>\n\n<p>Salvoni fornisce consulenza nelle fasi di realizzazione di progetti immobiliari e relativi investimenti, nella redazione dei contratti (siano essi contratti di acquisto di oggetti di investimento, contratti di finanziamento di qualsiasi tipo) fino alla conclusione delle operazioni, compresa la gestione delle problematiche di diritto amministrativo e la rappresentanza davanti alle autorit\u00e0.<\/p>\n\n<p><strong><em>RIORGANIZZAZIONE E INSOLVENZA<\/em><\/strong><\/p>\n\n<p>Abbiamo una particolare esperienza nella consulenza in materia di insolvenze societarie e nella consulenza e rappresentanza di clienti in procedure concorsuali. Questo vale in particolare per le transazioni con i creditori, le riorganizzazioni e le ristrutturazioni di imprese. Lo studio legale Salvoni fornisce una consulenza e una rappresentanza competente nel recupero e nella corretta presentazione dei crediti dei creditori in caso di insolvenza.<\/p>\n\n<p><strong><em>DIRITTO DEL LAVORO E INDUSTRIALE, CONTRATTI DI AGENZIA<\/em><\/strong><\/p>\n\n<p>Lo Studio Legale Salvoni fornisce un&#8217;assistenza completa nei settori del diritto commerciale, dei problemi di diritto previdenziale e della consulenza:<\/p>\n\n<p>Contratti di agenzia, accordi di agenzia,<br\/>quando si intraprende un lavoro da freelance;<br\/>Procedura di protezione dal licenziamento;<br\/>Questioni relative alla responsabilit\u00e0 dei lavoratori;<br\/>questioni nell&#8217;ambito dell&#8217;assistenza sociale.<\/p>\n\n<p><strong><em>DIRITTO SOCIETARIO E AFFARI INTERNI<\/em><\/strong><\/p>\n\n<p>Lo Studio Legale Salvoni fornisce un&#8217;assistenza completa in tutte le attivit\u00e0 di e per le societ\u00e0, dalla costituzione alle questioni relative alla gestione ordinaria da parte delle persone o degli organi autorizzati a tale scopo. L&#8217;attenzione \u00e8 rivolta alla costituzione e alla strutturazione di nuove societ\u00e0, alla stesura degli statuti e alla rappresentanza nelle controversie in materia.<\/p>\n\n<p>Forniamo consulenza ai nostri clienti in materia di fusioni e acquisizioni societarie, costituzione e scioglimento temporaneo di societ\u00e0 e fusioni, nonch\u00e9 trasferimento e acquisizione di azioni, beni e parti di societ\u00e0.<\/p>\n\n<p><strong><em>PROTEZIONE DELLA PROPRIET\u00c0 INTELLETTUALE<\/em><\/strong><\/p>\n\n<p>Salvoni fornisce consulenza in materia di protezione e sfruttamento dei diritti di propriet\u00e0 intellettuale a livello nazionale e internazionale, nonch\u00e9 di rappresentanza nelle controversie e nella gestione corrente di tali diritti; infine, nelle trattative e nei contratti per l&#8217;acquisizione di tali diritti e la registrazione di disegni e marchi.<\/p>\n\n<hr style=\"border: 0; height: 1px; background-image: linear-gradient(to right, rgba(0, 0, 0, 0), rgba(0, 0, 0, 0.75), rgba(0, 0, 0, 0));\"\/>\n<hr class=\"wp-block-separator has-alpha-channel-opacity\"\/>\n\n<div style=\"height:40px\" aria-hidden=\"true\" class=\"wp-block-spacer\"><\/div>\n","protected":false},"excerpt":{"rendered":"<p>[ T\u00c4TIGKEITSFELDER ]: GEISTIGES EIGENTUM | RECHTSSTREIT | GESELLSCHAFTSRECHT [ BERUFSWEG ]: NATO 1974UNIVERSITA&#8217; DI PAVIA, ITALIA, ammesso all&#8217;albo degli avvocati 20031999 Haarmann Hemmelrath,Monaco di Baviera2003 Studio Prof. Maria Costanza, Milano2004 Bianchi Schierholz &amp; Partner, Milano2006 Studio legale Salvoni [ SPRACHEN ]: Italienisch, Englisch, Deutsch, Russisch Il ANWALTSKANZLEI SALVONI fornisce ai propri clienti un&#8217;assistenza legale [&hellip;]<\/p>\n","protected":false},"author":1,"featured_media":0,"parent":0,"menu_order":0,"comment_status":"closed","ping_status":"closed","template":"","meta":{"_acf_changed":false,"om_disable_all_campaigns":false,"_monsterinsights_skip_tracking":false,"_monsterinsights_sitenote_active":false,"_monsterinsights_sitenote_note":"","_monsterinsights_sitenote_category":0,"ocean_post_layout":"","ocean_both_sidebars_style":"","ocean_both_sidebars_content_width":0,"ocean_both_sidebars_sidebars_width":0,"ocean_sidebar":"0","ocean_second_sidebar":"0","ocean_disable_margins":"enable","ocean_add_body_class":"","ocean_shortcode_before_top_bar":"","ocean_shortcode_after_top_bar":"","ocean_shortcode_before_header":"","ocean_shortcode_after_header":"","ocean_has_shortcode":"","ocean_shortcode_after_title":"","ocean_shortcode_before_footer_widgets":"","ocean_shortcode_after_footer_widgets":"","ocean_shortcode_before_footer_bottom":"","ocean_shortcode_after_footer_bottom":"","ocean_display_top_bar":"default","ocean_display_header":"default","ocean_header_style":"","ocean_center_header_left_menu":"0","ocean_custom_header_template":"0","ocean_custom_logo":0,"ocean_custom_retina_logo":0,"ocean_custom_logo_max_width":0,"ocean_custom_logo_tablet_max_width":0,"ocean_custom_logo_mobile_max_width":0,"ocean_custom_logo_max_height":0,"ocean_custom_logo_tablet_max_height":0,"ocean_custom_logo_mobile_max_height":0,"ocean_header_custom_menu":"0","ocean_menu_typo_font_family":"0","ocean_menu_typo_font_subset":"","ocean_menu_typo_font_size":0,"ocean_menu_typo_font_size_tablet":0,"ocean_menu_typo_font_size_mobile":0,"ocean_menu_typo_font_size_unit":"px","ocean_menu_typo_font_weight":"","ocean_menu_typo_font_weight_tablet":"","ocean_menu_typo_font_weight_mobile":"","ocean_menu_typo_transform":"","ocean_menu_typo_transform_tablet":"","ocean_menu_typo_transform_mobile":"","ocean_menu_typo_line_height":0,"ocean_menu_typo_line_height_tablet":0,"ocean_menu_typo_line_height_mobile":0,"ocean_menu_typo_line_height_unit":"","ocean_menu_typo_spacing":0,"ocean_menu_typo_spacing_tablet":0,"ocean_menu_typo_spacing_mobile":0,"ocean_menu_typo_spacing_unit":"","ocean_menu_link_color":"","ocean_menu_link_color_hover":"","ocean_menu_link_color_active":"","ocean_menu_link_background":"","ocean_menu_link_hover_background":"","ocean_menu_link_active_background":"","ocean_menu_social_links_bg":"","ocean_menu_social_hover_links_bg":"","ocean_menu_social_links_color":"","ocean_menu_social_hover_links_color":"","ocean_disable_title":"default","ocean_disable_heading":"default","ocean_post_title":"","ocean_post_subheading":"","ocean_post_title_style":"","ocean_post_title_background_color":"","ocean_post_title_background":0,"ocean_post_title_bg_image_position":"","ocean_post_title_bg_image_attachment":"","ocean_post_title_bg_image_repeat":"","ocean_post_title_bg_image_size":"","ocean_post_title_height":0,"ocean_post_title_bg_overlay":0.5,"ocean_post_title_bg_overlay_color":"","ocean_disable_breadcrumbs":"default","ocean_breadcrumbs_color":"","ocean_breadcrumbs_separator_color":"","ocean_breadcrumbs_links_color":"","ocean_breadcrumbs_links_hover_color":"","ocean_display_footer_widgets":"default","ocean_display_footer_bottom":"default","ocean_custom_footer_template":"0","footnotes":""},"class_list":["post-2660","page","type-page","status-publish","hentry","entry"],"acf":[],"yoast_head":"<!-- This site is optimized with the Yoast SEO plugin v27.3 - https:\/\/yoast.com\/product\/yoast-seo-wordpress\/ -->\n<title>Studio Legale Salvoni Lex - Revitapolis<\/title>\n<meta name=\"robots\" content=\"index, follow, max-snippet:-1, max-image-preview:large, max-video-preview:-1\" \/>\n<link rel=\"canonical\" href=\"https:\/\/revitapolis.com\/it\/studio-legale-salvoni-lex\/\" \/>\n<meta property=\"og:locale\" content=\"it_IT\" \/>\n<meta property=\"og:type\" content=\"article\" \/>\n<meta property=\"og:title\" content=\"Studio Legale Salvoni Lex - Revitapolis\" \/>\n<meta property=\"og:description\" content=\"[ T\u00c4TIGKEITSFELDER ]: GEISTIGES EIGENTUM | RECHTSSTREIT | GESELLSCHAFTSRECHT [ BERUFSWEG ]: NATO 1974UNIVERSITA&#8217; DI PAVIA, ITALIA, ammesso all&#8217;albo degli avvocati 20031999 Haarmann Hemmelrath,Monaco di Baviera2003 Studio Prof. Maria Costanza, Milano2004 Bianchi Schierholz &amp; Partner, Milano2006 Studio legale Salvoni [ SPRACHEN ]: Italienisch, Englisch, Deutsch, Russisch Il ANWALTSKANZLEI SALVONI fornisce ai propri clienti un&#8217;assistenza legale [&hellip;]\" \/>\n<meta property=\"og:url\" content=\"https:\/\/revitapolis.com\/it\/studio-legale-salvoni-lex\/\" \/>\n<meta property=\"og:site_name\" content=\"Revitapolis\" \/>\n<meta property=\"article:modified_time\" content=\"2022-10-28T13:21:10+00:00\" \/>\n<meta property=\"og:image\" content=\"https:\/\/revitapolis.com\/wp-content\/uploads\/2022\/09\/rechtsanwalt-alessandro-salvoni.jpg\" \/>\n<meta name=\"twitter:card\" content=\"summary_large_image\" \/>\n<meta name=\"twitter:label1\" content=\"Tempo di lettura stimato\" \/>\n\t<meta name=\"twitter:data1\" content=\"3 minuti\" \/>\n<script type=\"application\/ld+json\" class=\"yoast-schema-graph\">{\"@context\":\"https:\\\/\\\/schema.org\",\"@graph\":[{\"@type\":\"WebPage\",\"@id\":\"https:\\\/\\\/revitapolis.com\\\/it\\\/studio-legale-salvoni-lex\\\/\",\"url\":\"https:\\\/\\\/revitapolis.com\\\/it\\\/studio-legale-salvoni-lex\\\/\",\"name\":\"Studio Legale Salvoni Lex - Revitapolis\",\"isPartOf\":{\"@id\":\"https:\\\/\\\/revitapolis.com\\\/it\\\/#website\"},\"primaryImageOfPage\":{\"@id\":\"https:\\\/\\\/revitapolis.com\\\/it\\\/studio-legale-salvoni-lex\\\/#primaryimage\"},\"image\":{\"@id\":\"https:\\\/\\\/revitapolis.com\\\/it\\\/studio-legale-salvoni-lex\\\/#primaryimage\"},\"thumbnailUrl\":\"https:\\\/\\\/revitapolis.com\\\/wp-content\\\/uploads\\\/2022\\\/09\\\/rechtsanwalt-alessandro-salvoni.jpg\",\"datePublished\":\"2022-09-07T19:42:44+00:00\",\"dateModified\":\"2022-10-28T13:21:10+00:00\",\"breadcrumb\":{\"@id\":\"https:\\\/\\\/revitapolis.com\\\/it\\\/studio-legale-salvoni-lex\\\/#breadcrumb\"},\"inLanguage\":\"it-IT\",\"potentialAction\":[{\"@type\":\"ReadAction\",\"target\":[\"https:\\\/\\\/revitapolis.com\\\/it\\\/studio-legale-salvoni-lex\\\/\"]}]},{\"@type\":\"ImageObject\",\"inLanguage\":\"it-IT\",\"@id\":\"https:\\\/\\\/revitapolis.com\\\/it\\\/studio-legale-salvoni-lex\\\/#primaryimage\",\"url\":\"https:\\\/\\\/revitapolis.com\\\/wp-content\\\/uploads\\\/2022\\\/09\\\/rechtsanwalt-alessandro-salvoni.jpg\",\"contentUrl\":\"https:\\\/\\\/revitapolis.com\\\/wp-content\\\/uploads\\\/2022\\\/09\\\/rechtsanwalt-alessandro-salvoni.jpg\"},{\"@type\":\"BreadcrumbList\",\"@id\":\"https:\\\/\\\/revitapolis.com\\\/it\\\/studio-legale-salvoni-lex\\\/#breadcrumb\",\"itemListElement\":[{\"@type\":\"ListItem\",\"position\":1,\"name\":\"Pagina iniziale\",\"item\":\"https:\\\/\\\/revitapolis.com\\\/it\\\/\"},{\"@type\":\"ListItem\",\"position\":2,\"name\":\"Studio Legale Salvoni Lex\"}]},{\"@type\":\"WebSite\",\"@id\":\"https:\\\/\\\/revitapolis.com\\\/it\\\/#website\",\"url\":\"https:\\\/\\\/revitapolis.com\\\/it\\\/\",\"name\":\"Revitapolis\",\"description\":\"Wiederbelebung italienischer Orte\",\"publisher\":{\"@id\":\"https:\\\/\\\/revitapolis.com\\\/it\\\/#organization\"},\"potentialAction\":[{\"@type\":\"SearchAction\",\"target\":{\"@type\":\"EntryPoint\",\"urlTemplate\":\"https:\\\/\\\/revitapolis.com\\\/it\\\/?s={search_term_string}\"},\"query-input\":{\"@type\":\"PropertyValueSpecification\",\"valueRequired\":true,\"valueName\":\"search_term_string\"}}],\"inLanguage\":\"it-IT\"},{\"@type\":\"Organization\",\"@id\":\"https:\\\/\\\/revitapolis.com\\\/it\\\/#organization\",\"name\":\"Revitapolis\",\"url\":\"https:\\\/\\\/revitapolis.com\\\/it\\\/\",\"logo\":{\"@type\":\"ImageObject\",\"inLanguage\":\"it-IT\",\"@id\":\"https:\\\/\\\/revitapolis.com\\\/it\\\/#\\\/schema\\\/logo\\\/image\\\/\",\"url\":\"https:\\\/\\\/revitapolis.com\\\/wp-content\\\/uploads\\\/2022\\\/03\\\/cropped-logo-revitapolis.jpg\",\"contentUrl\":\"https:\\\/\\\/revitapolis.com\\\/wp-content\\\/uploads\\\/2022\\\/03\\\/cropped-logo-revitapolis.jpg\",\"width\":200,\"height\":91,\"caption\":\"Revitapolis\"},\"image\":{\"@id\":\"https:\\\/\\\/revitapolis.com\\\/it\\\/#\\\/schema\\\/logo\\\/image\\\/\"}}]}<\/script>\n<!-- \/ Yoast SEO plugin. -->","yoast_head_json":{"title":"Studio Legale Salvoni Lex - Revitapolis","robots":{"index":"index","follow":"follow","max-snippet":"max-snippet:-1","max-image-preview":"max-image-preview:large","max-video-preview":"max-video-preview:-1"},"canonical":"https:\/\/revitapolis.com\/it\/studio-legale-salvoni-lex\/","og_locale":"it_IT","og_type":"article","og_title":"Studio Legale Salvoni Lex - Revitapolis","og_description":"[ T\u00c4TIGKEITSFELDER ]: GEISTIGES EIGENTUM | RECHTSSTREIT | GESELLSCHAFTSRECHT [ BERUFSWEG ]: NATO 1974UNIVERSITA&#8217; DI PAVIA, ITALIA, ammesso all&#8217;albo degli avvocati 20031999 Haarmann Hemmelrath,Monaco di Baviera2003 Studio Prof. Maria Costanza, Milano2004 Bianchi Schierholz &amp; Partner, Milano2006 Studio legale Salvoni [ SPRACHEN ]: Italienisch, Englisch, Deutsch, Russisch Il ANWALTSKANZLEI SALVONI fornisce ai propri clienti un&#8217;assistenza legale [&hellip;]","og_url":"https:\/\/revitapolis.com\/it\/studio-legale-salvoni-lex\/","og_site_name":"Revitapolis","article_modified_time":"2022-10-28T13:21:10+00:00","og_image":[{"url":"https:\/\/revitapolis.com\/wp-content\/uploads\/2022\/09\/rechtsanwalt-alessandro-salvoni.jpg","type":"","width":"","height":""}],"twitter_card":"summary_large_image","twitter_misc":{"Tempo di lettura stimato":"3 minuti"},"schema":{"@context":"https:\/\/schema.org","@graph":[{"@type":"WebPage","@id":"https:\/\/revitapolis.com\/it\/studio-legale-salvoni-lex\/","url":"https:\/\/revitapolis.com\/it\/studio-legale-salvoni-lex\/","name":"Studio Legale Salvoni Lex - Revitapolis","isPartOf":{"@id":"https:\/\/revitapolis.com\/it\/#website"},"primaryImageOfPage":{"@id":"https:\/\/revitapolis.com\/it\/studio-legale-salvoni-lex\/#primaryimage"},"image":{"@id":"https:\/\/revitapolis.com\/it\/studio-legale-salvoni-lex\/#primaryimage"},"thumbnailUrl":"https:\/\/revitapolis.com\/wp-content\/uploads\/2022\/09\/rechtsanwalt-alessandro-salvoni.jpg","datePublished":"2022-09-07T19:42:44+00:00","dateModified":"2022-10-28T13:21:10+00:00","breadcrumb":{"@id":"https:\/\/revitapolis.com\/it\/studio-legale-salvoni-lex\/#breadcrumb"},"inLanguage":"it-IT","potentialAction":[{"@type":"ReadAction","target":["https:\/\/revitapolis.com\/it\/studio-legale-salvoni-lex\/"]}]},{"@type":"ImageObject","inLanguage":"it-IT","@id":"https:\/\/revitapolis.com\/it\/studio-legale-salvoni-lex\/#primaryimage","url":"https:\/\/revitapolis.com\/wp-content\/uploads\/2022\/09\/rechtsanwalt-alessandro-salvoni.jpg","contentUrl":"https:\/\/revitapolis.com\/wp-content\/uploads\/2022\/09\/rechtsanwalt-alessandro-salvoni.jpg"},{"@type":"BreadcrumbList","@id":"https:\/\/revitapolis.com\/it\/studio-legale-salvoni-lex\/#breadcrumb","itemListElement":[{"@type":"ListItem","position":1,"name":"Pagina iniziale","item":"https:\/\/revitapolis.com\/it\/"},{"@type":"ListItem","position":2,"name":"Studio Legale Salvoni Lex"}]},{"@type":"WebSite","@id":"https:\/\/revitapolis.com\/it\/#website","url":"https:\/\/revitapolis.com\/it\/","name":"Revitapolis","description":"Wiederbelebung italienischer Orte","publisher":{"@id":"https:\/\/revitapolis.com\/it\/#organization"},"potentialAction":[{"@type":"SearchAction","target":{"@type":"EntryPoint","urlTemplate":"https:\/\/revitapolis.com\/it\/?s={search_term_string}"},"query-input":{"@type":"PropertyValueSpecification","valueRequired":true,"valueName":"search_term_string"}}],"inLanguage":"it-IT"},{"@type":"Organization","@id":"https:\/\/revitapolis.com\/it\/#organization","name":"Revitapolis","url":"https:\/\/revitapolis.com\/it\/","logo":{"@type":"ImageObject","inLanguage":"it-IT","@id":"https:\/\/revitapolis.com\/it\/#\/schema\/logo\/image\/","url":"https:\/\/revitapolis.com\/wp-content\/uploads\/2022\/03\/cropped-logo-revitapolis.jpg","contentUrl":"https:\/\/revitapolis.com\/wp-content\/uploads\/2022\/03\/cropped-logo-revitapolis.jpg","width":200,"height":91,"caption":"Revitapolis"},"image":{"@id":"https:\/\/revitapolis.com\/it\/#\/schema\/logo\/image\/"}}]}},"_links":{"self":[{"href":"https:\/\/revitapolis.com\/it\/wp-json\/wp\/v2\/pages\/2660","targetHints":{"allow":["GET"]}}],"collection":[{"href":"https:\/\/revitapolis.com\/it\/wp-json\/wp\/v2\/pages"}],"about":[{"href":"https:\/\/revitapolis.com\/it\/wp-json\/wp\/v2\/types\/page"}],"author":[{"embeddable":true,"href":"https:\/\/revitapolis.com\/it\/wp-json\/wp\/v2\/users\/1"}],"replies":[{"embeddable":true,"href":"https:\/\/revitapolis.com\/it\/wp-json\/wp\/v2\/comments?post=2660"}],"version-history":[{"count":1,"href":"https:\/\/revitapolis.com\/it\/wp-json\/wp\/v2\/pages\/2660\/revisions"}],"predecessor-version":[{"id":2661,"href":"https:\/\/revitapolis.com\/it\/wp-json\/wp\/v2\/pages\/2660\/revisions\/2661"}],"wp:attachment":[{"href":"https:\/\/revitapolis.com\/it\/wp-json\/wp\/v2\/media?parent=2660"}],"curies":[{"name":"wp","href":"https:\/\/api.w.org\/{rel}","templated":true}]}}