{"id":2654,"date":"2022-03-14T07:32:29","date_gmt":"2022-03-14T07:32:29","guid":{"rendered":"https:\/\/revitapolis.com\/italia\/sicilia\/provincia-di-agrigento\/"},"modified":"2024-07-09T14:20:12","modified_gmt":"2024-07-09T14:20:12","slug":"provincia-di-agrigento","status":"publish","type":"page","link":"https:\/\/revitapolis.com\/it\/italia\/sicilia\/provincia-di-agrigento\/","title":{"rendered":"Provincia di Agrigento"},"content":{"rendered":"\n<div style=\"height:10px\" aria-hidden=\"true\" class=\"wp-block-spacer\"><\/div>\n\n<p>Qui trovate informazioni sulla provincia di Agrigento e un elenco di tutti i comuni.<\/p>\n\n<div class=\"wp-block-media-text is-stacked-on-mobile is-vertically-aligned-center\" style=\"grid-template-columns:44% auto\"><figure class=\"wp-block-media-text__media\"><img fetchpriority=\"high\" decoding=\"async\" width=\"1024\" height=\"640\" src=\"https:\/\/revitapolis.com\/wp-content\/uploads\/2022\/03\/cropped-20211112_1256572381581532298386605-scaled-1-1024x640.jpg\" alt=\"\" class=\"wp-image-72 size-full\" srcset=\"https:\/\/revitapolis.com\/wp-content\/uploads\/2022\/03\/cropped-20211112_1256572381581532298386605-scaled-1-1024x640.jpg 1024w, https:\/\/revitapolis.com\/wp-content\/uploads\/2022\/03\/cropped-20211112_1256572381581532298386605-scaled-1-300x188.jpg 300w, https:\/\/revitapolis.com\/wp-content\/uploads\/2022\/03\/cropped-20211112_1256572381581532298386605-scaled-1-768x480.jpg 768w, https:\/\/revitapolis.com\/wp-content\/uploads\/2022\/03\/cropped-20211112_1256572381581532298386605-scaled-1-1240x775.jpg 1240w, https:\/\/revitapolis.com\/wp-content\/uploads\/2022\/03\/cropped-20211112_1256572381581532298386605-scaled-1-508x318.jpg 508w, https:\/\/revitapolis.com\/wp-content\/uploads\/2022\/03\/cropped-20211112_1256572381581532298386605-scaled-1.jpg 1440w\" sizes=\"(max-width: 1024px) 100vw, 1024px\" \/><\/figure><div class=\"wp-block-media-text__content\">\n<div style=\"height:20px\" aria-hidden=\"true\" class=\"wp-block-spacer\"><\/div>\n\n\n\n<p style=\"font-size:18px\">La provincia di Agrigento, ossia il libero consorzio comunale di Agrigento, \u00e8 composta da 43 comuni. Su una superficie di 3.042 km\u00b2 vivono 429.611 abitanti (dati aggiornati al 31 dicembre 2019). Il capoluogo \u00e8 Agrigento, con una popolazione di 58.273 abitanti (dati aggiornati al 31 dicembre 2019).<\/p>\n\n\n\n<p>Breve informazione con mappa disponibile qui: <a href=\"https:\/\/www.google.com\/maps\/place\/92100+Agrigent,+Italien\/@37.318175,13.5686655,14z\/data=!3m1!4b1!4m5!3m4!1s0x1310825576b38787:0x3af1c012089341b3!8m2!3d37.3088512!4d13.5857528\" target=\"_blank\" rel=\"noreferrer noopener\">AGRIGENTO<\/a><\/p>\n<\/div><\/div>\n\n<h2 class=\"wp-block-heading\" style=\"font-size:30px\">Italia &gt; Sicilia &gt; Provincia di Agrigento<\/h2>\n\n<p>La provincia di Agrigento si trova nel sud della Sicilia ed \u00e8 una delle cinque province della regione. Prende il nome dal suo capoluogo Agrigento, noto per la &#8220;Valle dei Templi&#8221;, patrimonio mondiale dell&#8217;UNESCO e importante meta turistica.<\/p>\n\n<p>La provincia di Agrigento si estende su una superficie di oltre 3.000 chilometri quadrati e confina a sud con il Mar Mediterraneo. \u00c8 una delle province pi\u00f9 scarsamente popolate della Sicilia e conta circa 450.000 abitanti. Il paesaggio della provincia \u00e8 caratterizzato da colline e montagne. Si vedono uliveti, vigneti, mandorli e agrumeti.<\/p>\n\n<p>Nella provincia di Agrigento ci sono molte piccole citt\u00e0 e paesi affascinanti che meritano una visita. La costa offre chilometri di spiagge sabbiose, molto apprezzate sia dai locali che dai turisti.<\/p>\n\n<p>La provincia \u00e8 nota anche per le sue specialit\u00e0 culinarie. Olio d&#8217;oliva, vino, formaggio, mandorle e frutti di mare sono solo una selezione di tutte le prelibatezze che si possono trovare qui. La cucina locale si basa su ingredienti freschi e di stagione e rappresenta una parte importante della cultura della regione.<\/p>\n\n<p>Nel complesso, la provincia di Agrigento \u00e8 una regione affascinante, ricca di storia, cultura e bellezze naturali.<\/p>\n\n<div style=\"height:20px\" aria-hidden=\"true\" class=\"wp-block-spacer\"><\/div>\n\n<hr\/>\n\n<p class=\"has-white-color has-cyan-bluish-gray-background-color has-text-color has-background\"><strong>I comuni del libero consorzio comunale di Agrigento<\/strong><\/p>\n\n<ul class=\"wp-block-list\">\n<li>Agrigento<\/li>\n\n\n\n<li>Alessandria della Rocca<\/li>\n\n\n\n<li><a href=\"https:\/\/revitapolis.com\/aragona\/\">Aragona<\/a><\/li>\n\n\n\n<li>Bivona<\/li>\n\n\n\n<li>Burgio<\/li>\n\n\n\n<li>Calamonaci<\/li>\n\n\n\n<li>Caltabellotta<\/li>\n\n\n\n<li>Camastra<\/li>\n\n\n\n<li>Cammarata<\/li>\n\n\n\n<li>Campobello di Licata<\/li>\n\n\n\n<li>Canicatt\u00ec<\/li>\n\n\n\n<li>Casteltermini<\/li>\n\n\n\n<li>Castrofilippo<\/li>\n\n\n\n<li>Cattolica Eraclea<\/li>\n\n\n\n<li>Cianciana<\/li>\n\n\n\n<li>Comitini<\/li>\n\n\n\n<li>Favara<\/li>\n\n\n\n<li>Grotte<\/li>\n\n\n\n<li>Joppolo Giancaxio<\/li>\n\n\n\n<li>Lampedusa e Linosa<\/li>\n\n\n\n<li>Licata<\/li>\n\n\n\n<li>Lucca Sicula<\/li>\n\n\n\n<li>Menfi<\/li>\n\n\n\n<li>Montallegro<\/li>\n\n\n\n<li>Montevago<\/li>\n\n\n\n<li>Naro<\/li>\n\n\n\n<li>Palma di Montechiaro<\/li>\n\n\n\n<li>Porto Empedocle<\/li>\n\n\n\n<li>Racalmuto<\/li>\n\n\n\n<li>Raffadali<\/li>\n\n\n\n<li>Ravanusa<\/li>\n\n\n\n<li>Realmonte<\/li>\n\n\n\n<li>Ribera<\/li>\n\n\n\n<li>Sambuca di Sicilia<\/li>\n\n\n\n<li>San Biagio Platani<\/li>\n\n\n\n<li>San Giovanni Gemini<\/li>\n\n\n\n<li>Santa Elisabetta<\/li>\n\n\n\n<li>Santa Margherita di Belice<\/li>\n\n\n\n<li>Sant\u2019Angelo Muxaro<\/li>\n\n\n\n<li>Santo Stefano Quisquina<\/li>\n\n\n\n<li>Sciacca<\/li>\n\n\n\n<li>Siculiana<\/li>\n\n\n\n<li>Villafranca Sicula<\/li>\n<\/ul>\n\n<hr style=\"border: 0; height: 1px; background-image: linear-gradient(to right, rgba(0, 0, 0, 0), rgba(0, 0, 0, 0.75), rgba(0, 0, 0, 0));\"\/>\n\n<div style=\"height:10px\" aria-hidden=\"true\" class=\"wp-block-spacer\"><\/div>\n","protected":false},"excerpt":{"rendered":"<p>Qui trovate informazioni sulla provincia di Agrigento e un elenco di tutti i comuni. Italia &gt; Sicilia &gt; Provincia di Agrigento La provincia di Agrigento si trova nel sud della Sicilia ed \u00e8 una delle cinque province della regione. Prende il nome dal suo capoluogo Agrigento, noto per la &#8220;Valle dei Templi&#8221;, patrimonio mondiale dell&#8217;UNESCO [&hellip;]<\/p>\n","protected":false},"author":4,"featured_media":0,"parent":2650,"menu_order":0,"comment_status":"closed","ping_status":"closed","template":"","meta":{"_acf_changed":false,"om_disable_all_campaigns":false,"_monsterinsights_skip_tracking":false,"_monsterinsights_sitenote_active":false,"_monsterinsights_sitenote_note":"","_monsterinsights_sitenote_category":0,"ocean_post_layout":"","ocean_both_sidebars_style":"","ocean_both_sidebars_content_width":0,"ocean_both_sidebars_sidebars_width":0,"ocean_sidebar":"0","ocean_second_sidebar":"0","ocean_disable_margins":"enable","ocean_add_body_class":"","ocean_shortcode_before_top_bar":"","ocean_shortcode_after_top_bar":"","ocean_shortcode_before_header":"","ocean_shortcode_after_header":"","ocean_has_shortcode":"","ocean_shortcode_after_title":"","ocean_shortcode_before_footer_widgets":"","ocean_shortcode_after_footer_widgets":"","ocean_shortcode_before_footer_bottom":"","ocean_shortcode_after_footer_bottom":"","ocean_display_top_bar":"default","ocean_display_header":"default","ocean_header_style":"","ocean_center_header_left_menu":"0","ocean_custom_header_template":"0","ocean_custom_logo":0,"ocean_custom_retina_logo":0,"ocean_custom_logo_max_width":0,"ocean_custom_logo_tablet_max_width":0,"ocean_custom_logo_mobile_max_width":0,"ocean_custom_logo_max_height":0,"ocean_custom_logo_tablet_max_height":0,"ocean_custom_logo_mobile_max_height":0,"ocean_header_custom_menu":"0","ocean_menu_typo_font_family":"0","ocean_menu_typo_font_subset":"","ocean_menu_typo_font_size":0,"ocean_menu_typo_font_size_tablet":0,"ocean_menu_typo_font_size_mobile":0,"ocean_menu_typo_font_size_unit":"px","ocean_menu_typo_font_weight":"","ocean_menu_typo_font_weight_tablet":"","ocean_menu_typo_font_weight_mobile":"","ocean_menu_typo_transform":"","ocean_menu_typo_transform_tablet":"","ocean_menu_typo_transform_mobile":"","ocean_menu_typo_line_height":0,"ocean_menu_typo_line_height_tablet":0,"ocean_menu_typo_line_height_mobile":0,"ocean_menu_typo_line_height_unit":"","ocean_menu_typo_spacing":0,"ocean_menu_typo_spacing_tablet":0,"ocean_menu_typo_spacing_mobile":0,"ocean_menu_typo_spacing_unit":"","ocean_menu_link_color":"","ocean_menu_link_color_hover":"","ocean_menu_link_color_active":"","ocean_menu_link_background":"","ocean_menu_link_hover_background":"","ocean_menu_link_active_background":"","ocean_menu_social_links_bg":"","ocean_menu_social_hover_links_bg":"","ocean_menu_social_links_color":"","ocean_menu_social_hover_links_color":"","ocean_disable_title":"default","ocean_disable_heading":"default","ocean_post_title":"","ocean_post_subheading":"","ocean_post_title_style":"","ocean_post_title_background_color":"","ocean_post_title_background":0,"ocean_post_title_bg_image_position":"","ocean_post_title_bg_image_attachment":"","ocean_post_title_bg_image_repeat":"","ocean_post_title_bg_image_size":"","ocean_post_title_height":0,"ocean_post_title_bg_overlay":0.5,"ocean_post_title_bg_overlay_color":"","ocean_disable_breadcrumbs":"default","ocean_breadcrumbs_color":"","ocean_breadcrumbs_separator_color":"","ocean_breadcrumbs_links_color":"","ocean_breadcrumbs_links_hover_color":"","ocean_display_footer_widgets":"default","ocean_display_footer_bottom":"default","ocean_custom_footer_template":"0","footnotes":""},"class_list":["post-2654","page","type-page","status-publish","hentry","entry"],"acf":[],"yoast_head":"<!-- This site is optimized with the Yoast SEO plugin v27.3 - https:\/\/yoast.com\/product\/yoast-seo-wordpress\/ -->\n<title>Provincia di Agrigento - Revitapolis<\/title>\n<meta name=\"description\" content=\"La provincia di Agrigento, ossia il libero consorzio comunale di Agrigento, \u00e8 nota in modo particolare per la Valle dei Templi e la Scala dei Turchi.\" \/>\n<meta name=\"robots\" content=\"index, follow, max-snippet:-1, max-image-preview:large, max-video-preview:-1\" \/>\n<link rel=\"canonical\" href=\"https:\/\/revitapolis.com\/it\/italia\/sicilia\/provincia-di-agrigento\/\" \/>\n<meta property=\"og:locale\" content=\"it_IT\" \/>\n<meta property=\"og:type\" content=\"article\" \/>\n<meta property=\"og:title\" content=\"Provincia di Agrigento - Revitapolis\" \/>\n<meta property=\"og:description\" content=\"La provincia di Agrigento, ossia il libero consorzio comunale di Agrigento, \u00e8 nota in modo particolare per la Valle dei Templi e la Scala dei Turchi.\" \/>\n<meta property=\"og:url\" content=\"https:\/\/revitapolis.com\/it\/italia\/sicilia\/provincia-di-agrigento\/\" \/>\n<meta property=\"og:site_name\" content=\"Revitapolis\" \/>\n<meta property=\"article:modified_time\" content=\"2024-07-09T14:20:12+00:00\" \/>\n<meta property=\"og:image\" content=\"https:\/\/revitapolis.com\/wp-content\/uploads\/2022\/03\/cropped-20211112_1256572381581532298386605-scaled-1-1024x640.jpg\" \/>\n<meta name=\"twitter:card\" content=\"summary_large_image\" \/>\n<meta name=\"twitter:label1\" content=\"Tempo di lettura stimato\" \/>\n\t<meta name=\"twitter:data1\" content=\"3 minuti\" \/>\n<script type=\"application\/ld+json\" class=\"yoast-schema-graph\">{\"@context\":\"https:\\\/\\\/schema.org\",\"@graph\":[{\"@type\":\"WebPage\",\"@id\":\"https:\\\/\\\/revitapolis.com\\\/it\\\/italia\\\/sicilia\\\/provincia-di-agrigento\\\/\",\"url\":\"https:\\\/\\\/revitapolis.com\\\/it\\\/italia\\\/sicilia\\\/provincia-di-agrigento\\\/\",\"name\":\"Provincia di Agrigento - Revitapolis\",\"isPartOf\":{\"@id\":\"https:\\\/\\\/revitapolis.com\\\/it\\\/#website\"},\"primaryImageOfPage\":{\"@id\":\"https:\\\/\\\/revitapolis.com\\\/it\\\/italia\\\/sicilia\\\/provincia-di-agrigento\\\/#primaryimage\"},\"image\":{\"@id\":\"https:\\\/\\\/revitapolis.com\\\/it\\\/italia\\\/sicilia\\\/provincia-di-agrigento\\\/#primaryimage\"},\"thumbnailUrl\":\"https:\\\/\\\/revitapolis.com\\\/wp-content\\\/uploads\\\/2022\\\/03\\\/cropped-20211112_1256572381581532298386605-scaled-1-1024x640.jpg\",\"datePublished\":\"2022-03-14T07:32:29+00:00\",\"dateModified\":\"2024-07-09T14:20:12+00:00\",\"description\":\"La provincia di Agrigento, ossia il libero consorzio comunale di Agrigento, \u00e8 nota in modo particolare per la Valle dei Templi e la Scala dei Turchi.\",\"breadcrumb\":{\"@id\":\"https:\\\/\\\/revitapolis.com\\\/it\\\/italia\\\/sicilia\\\/provincia-di-agrigento\\\/#breadcrumb\"},\"inLanguage\":\"it-IT\",\"potentialAction\":[{\"@type\":\"ReadAction\",\"target\":[\"https:\\\/\\\/revitapolis.com\\\/it\\\/italia\\\/sicilia\\\/provincia-di-agrigento\\\/\"]}]},{\"@type\":\"ImageObject\",\"inLanguage\":\"it-IT\",\"@id\":\"https:\\\/\\\/revitapolis.com\\\/it\\\/italia\\\/sicilia\\\/provincia-di-agrigento\\\/#primaryimage\",\"url\":\"https:\\\/\\\/revitapolis.com\\\/wp-content\\\/uploads\\\/2022\\\/03\\\/cropped-20211112_1256572381581532298386605-scaled-1-1024x640.jpg\",\"contentUrl\":\"https:\\\/\\\/revitapolis.com\\\/wp-content\\\/uploads\\\/2022\\\/03\\\/cropped-20211112_1256572381581532298386605-scaled-1-1024x640.jpg\"},{\"@type\":\"BreadcrumbList\",\"@id\":\"https:\\\/\\\/revitapolis.com\\\/it\\\/italia\\\/sicilia\\\/provincia-di-agrigento\\\/#breadcrumb\",\"itemListElement\":[{\"@type\":\"ListItem\",\"position\":1,\"name\":\"Pagina iniziale\",\"item\":\"https:\\\/\\\/revitapolis.com\\\/it\\\/\"},{\"@type\":\"ListItem\",\"position\":2,\"name\":\"Italia\",\"item\":\"https:\\\/\\\/revitapolis.com\\\/it\\\/italia\\\/\"},{\"@type\":\"ListItem\",\"position\":3,\"name\":\"Sicilia\",\"item\":\"https:\\\/\\\/revitapolis.com\\\/it\\\/italia\\\/sicilia\\\/\"},{\"@type\":\"ListItem\",\"position\":4,\"name\":\"Provincia di Agrigento\"}]},{\"@type\":\"WebSite\",\"@id\":\"https:\\\/\\\/revitapolis.com\\\/it\\\/#website\",\"url\":\"https:\\\/\\\/revitapolis.com\\\/it\\\/\",\"name\":\"Revitapolis\",\"description\":\"Wiederbelebung italienischer Orte\",\"publisher\":{\"@id\":\"https:\\\/\\\/revitapolis.com\\\/it\\\/#organization\"},\"potentialAction\":[{\"@type\":\"SearchAction\",\"target\":{\"@type\":\"EntryPoint\",\"urlTemplate\":\"https:\\\/\\\/revitapolis.com\\\/it\\\/?s={search_term_string}\"},\"query-input\":{\"@type\":\"PropertyValueSpecification\",\"valueRequired\":true,\"valueName\":\"search_term_string\"}}],\"inLanguage\":\"it-IT\"},{\"@type\":\"Organization\",\"@id\":\"https:\\\/\\\/revitapolis.com\\\/it\\\/#organization\",\"name\":\"Revitapolis\",\"url\":\"https:\\\/\\\/revitapolis.com\\\/it\\\/\",\"logo\":{\"@type\":\"ImageObject\",\"inLanguage\":\"it-IT\",\"@id\":\"https:\\\/\\\/revitapolis.com\\\/it\\\/#\\\/schema\\\/logo\\\/image\\\/\",\"url\":\"https:\\\/\\\/revitapolis.com\\\/wp-content\\\/uploads\\\/2022\\\/03\\\/cropped-logo-revitapolis.jpg\",\"contentUrl\":\"https:\\\/\\\/revitapolis.com\\\/wp-content\\\/uploads\\\/2022\\\/03\\\/cropped-logo-revitapolis.jpg\",\"width\":200,\"height\":91,\"caption\":\"Revitapolis\"},\"image\":{\"@id\":\"https:\\\/\\\/revitapolis.com\\\/it\\\/#\\\/schema\\\/logo\\\/image\\\/\"}}]}<\/script>\n<!-- \/ Yoast SEO plugin. -->","yoast_head_json":{"title":"Provincia di Agrigento - Revitapolis","description":"La provincia di Agrigento, ossia il libero consorzio comunale di Agrigento, \u00e8 nota in modo particolare per la Valle dei Templi e la Scala dei Turchi.","robots":{"index":"index","follow":"follow","max-snippet":"max-snippet:-1","max-image-preview":"max-image-preview:large","max-video-preview":"max-video-preview:-1"},"canonical":"https:\/\/revitapolis.com\/it\/italia\/sicilia\/provincia-di-agrigento\/","og_locale":"it_IT","og_type":"article","og_title":"Provincia di Agrigento - Revitapolis","og_description":"La provincia di Agrigento, ossia il libero consorzio comunale di Agrigento, \u00e8 nota in modo particolare per la Valle dei Templi e la Scala dei Turchi.","og_url":"https:\/\/revitapolis.com\/it\/italia\/sicilia\/provincia-di-agrigento\/","og_site_name":"Revitapolis","article_modified_time":"2024-07-09T14:20:12+00:00","og_image":[{"url":"https:\/\/revitapolis.com\/wp-content\/uploads\/2022\/03\/cropped-20211112_1256572381581532298386605-scaled-1-1024x640.jpg","type":"","width":"","height":""}],"twitter_card":"summary_large_image","twitter_misc":{"Tempo di lettura stimato":"3 minuti"},"schema":{"@context":"https:\/\/schema.org","@graph":[{"@type":"WebPage","@id":"https:\/\/revitapolis.com\/it\/italia\/sicilia\/provincia-di-agrigento\/","url":"https:\/\/revitapolis.com\/it\/italia\/sicilia\/provincia-di-agrigento\/","name":"Provincia di Agrigento - Revitapolis","isPartOf":{"@id":"https:\/\/revitapolis.com\/it\/#website"},"primaryImageOfPage":{"@id":"https:\/\/revitapolis.com\/it\/italia\/sicilia\/provincia-di-agrigento\/#primaryimage"},"image":{"@id":"https:\/\/revitapolis.com\/it\/italia\/sicilia\/provincia-di-agrigento\/#primaryimage"},"thumbnailUrl":"https:\/\/revitapolis.com\/wp-content\/uploads\/2022\/03\/cropped-20211112_1256572381581532298386605-scaled-1-1024x640.jpg","datePublished":"2022-03-14T07:32:29+00:00","dateModified":"2024-07-09T14:20:12+00:00","description":"La provincia di Agrigento, ossia il libero consorzio comunale di Agrigento, \u00e8 nota in modo particolare per la Valle dei Templi e la Scala dei Turchi.","breadcrumb":{"@id":"https:\/\/revitapolis.com\/it\/italia\/sicilia\/provincia-di-agrigento\/#breadcrumb"},"inLanguage":"it-IT","potentialAction":[{"@type":"ReadAction","target":["https:\/\/revitapolis.com\/it\/italia\/sicilia\/provincia-di-agrigento\/"]}]},{"@type":"ImageObject","inLanguage":"it-IT","@id":"https:\/\/revitapolis.com\/it\/italia\/sicilia\/provincia-di-agrigento\/#primaryimage","url":"https:\/\/revitapolis.com\/wp-content\/uploads\/2022\/03\/cropped-20211112_1256572381581532298386605-scaled-1-1024x640.jpg","contentUrl":"https:\/\/revitapolis.com\/wp-content\/uploads\/2022\/03\/cropped-20211112_1256572381581532298386605-scaled-1-1024x640.jpg"},{"@type":"BreadcrumbList","@id":"https:\/\/revitapolis.com\/it\/italia\/sicilia\/provincia-di-agrigento\/#breadcrumb","itemListElement":[{"@type":"ListItem","position":1,"name":"Pagina iniziale","item":"https:\/\/revitapolis.com\/it\/"},{"@type":"ListItem","position":2,"name":"Italia","item":"https:\/\/revitapolis.com\/it\/italia\/"},{"@type":"ListItem","position":3,"name":"Sicilia","item":"https:\/\/revitapolis.com\/it\/italia\/sicilia\/"},{"@type":"ListItem","position":4,"name":"Provincia di Agrigento"}]},{"@type":"WebSite","@id":"https:\/\/revitapolis.com\/it\/#website","url":"https:\/\/revitapolis.com\/it\/","name":"Revitapolis","description":"Wiederbelebung italienischer Orte","publisher":{"@id":"https:\/\/revitapolis.com\/it\/#organization"},"potentialAction":[{"@type":"SearchAction","target":{"@type":"EntryPoint","urlTemplate":"https:\/\/revitapolis.com\/it\/?s={search_term_string}"},"query-input":{"@type":"PropertyValueSpecification","valueRequired":true,"valueName":"search_term_string"}}],"inLanguage":"it-IT"},{"@type":"Organization","@id":"https:\/\/revitapolis.com\/it\/#organization","name":"Revitapolis","url":"https:\/\/revitapolis.com\/it\/","logo":{"@type":"ImageObject","inLanguage":"it-IT","@id":"https:\/\/revitapolis.com\/it\/#\/schema\/logo\/image\/","url":"https:\/\/revitapolis.com\/wp-content\/uploads\/2022\/03\/cropped-logo-revitapolis.jpg","contentUrl":"https:\/\/revitapolis.com\/wp-content\/uploads\/2022\/03\/cropped-logo-revitapolis.jpg","width":200,"height":91,"caption":"Revitapolis"},"image":{"@id":"https:\/\/revitapolis.com\/it\/#\/schema\/logo\/image\/"}}]}},"_links":{"self":[{"href":"https:\/\/revitapolis.com\/it\/wp-json\/wp\/v2\/pages\/2654","targetHints":{"allow":["GET"]}}],"collection":[{"href":"https:\/\/revitapolis.com\/it\/wp-json\/wp\/v2\/pages"}],"about":[{"href":"https:\/\/revitapolis.com\/it\/wp-json\/wp\/v2\/types\/page"}],"author":[{"embeddable":true,"href":"https:\/\/revitapolis.com\/it\/wp-json\/wp\/v2\/users\/4"}],"replies":[{"embeddable":true,"href":"https:\/\/revitapolis.com\/it\/wp-json\/wp\/v2\/comments?post=2654"}],"version-history":[{"count":8,"href":"https:\/\/revitapolis.com\/it\/wp-json\/wp\/v2\/pages\/2654\/revisions"}],"predecessor-version":[{"id":5233,"href":"https:\/\/revitapolis.com\/it\/wp-json\/wp\/v2\/pages\/2654\/revisions\/5233"}],"up":[{"embeddable":true,"href":"https:\/\/revitapolis.com\/it\/wp-json\/wp\/v2\/pages\/2650"}],"wp:attachment":[{"href":"https:\/\/revitapolis.com\/it\/wp-json\/wp\/v2\/media?parent=2654"}],"curies":[{"name":"wp","href":"https:\/\/api.w.org\/{rel}","templated":true}]}}