{"id":2650,"date":"2022-05-04T11:07:14","date_gmt":"2022-05-04T11:07:14","guid":{"rendered":"https:\/\/revitapolis.com\/italia\/sicilia\/"},"modified":"2024-05-14T16:13:08","modified_gmt":"2024-05-14T16:13:08","slug":"sicilia","status":"publish","type":"page","link":"https:\/\/revitapolis.com\/it\/italia\/sicilia\/","title":{"rendered":"Sicilia"},"content":{"rendered":"\n<div style=\"height:10px\" aria-hidden=\"true\" class=\"wp-block-spacer\"><\/div>\n\n<div class=\"wp-block-media-text is-stacked-on-mobile is-vertically-aligned-center\"><figure class=\"wp-block-media-text__media\"><img fetchpriority=\"high\" decoding=\"async\" width=\"640\" height=\"502\" src=\"https:\/\/revitapolis.com\/wp-content\/uploads\/2022\/03\/johann-wolfgang-von-goethe-g0c4b48eba_640.jpg\" alt=\"Johann Wolfgang von Goethe - Viaggio in Italia\" class=\"wp-image-928 size-full\" srcset=\"https:\/\/revitapolis.com\/wp-content\/uploads\/2022\/03\/johann-wolfgang-von-goethe-g0c4b48eba_640.jpg 640w, https:\/\/revitapolis.com\/wp-content\/uploads\/2022\/03\/johann-wolfgang-von-goethe-g0c4b48eba_640-300x235.jpg 300w\" sizes=\"(max-width: 640px) 100vw, 640px\" \/><\/figure><div class=\"wp-block-media-text__content\">\n<h2 class=\"wp-block-heading\">La Sicilia e i tedeschi<\/h2>\n\n\n\n<p>La Sicilia \u00e8 sempre stata una meta di viaggio per l&#8217;aristocrazia e l&#8217;alta borghesia europea. L&#8217;isola era spesso la tappa finale del cosiddetto Grand Tour. <\/p>\n\n\n\n<p>Johann Wolfgang von Goethe, il famoso poeta e pensatore tedesco, il 13 aprile 1787 a Palermo disse: &#8220;L&#8217;Italia senza la Sicilia non lascia immagine alcuna nello spirito: soltanto qui \u00e8 la chiave di tutto&#8221;. Al duca Karl August disse nel maggio 1787: &#8220;L&#8217;aver visto la Sicilia \u00e8 un tesoro indistruttibile per tutta la mia vita&#8221;.<\/p>\n<\/div><\/div>\n\n<h2 class=\"wp-block-heading\" style=\"font-size:30px\">Italia &gt; Sicilia<\/h2>\n<p>La Regione Autonoma della Sicilia comprende l\u2019isola di Sicilia e alcune piccole isole e gruppi di isole al largo. L\u2019isola principale ha una superficie di 25.703 km\u00b2 e una popolazione di 4.968.410 abitanti (dati aggiornati al 31 dicembre 2019). L&#8217;isola vanta anche 1152 chilometri di costa. Le spiagge, alcune delle quali non hanno nulla da invidiare alle pittoresche spiagge dei Caraibi, invitano a fare il bagno. Il capoluogo e la sede del governo della regione autonoma \u00e8 Palermo. Con 657.960 abitanti (dati aggiornati al 31 dicembre 2019), Palermo \u00e8 la quinta citt\u00e0 pi\u00f9 grande d\u2019Italia. La Sicilia ha un clima mediterraneo con estati calde e secche e inverni miti e umidi. Il clima \u00e8 pi\u00f9 mite nell&#8217;entroterra che sulle coste. L&#8217;isola si trova sulla &#8220;punta dello stivale&#8221; dell&#8217;Italia ed \u00e8 il residuo di un ponte di terra che collegava l&#8217;Europa e l&#8217;Africa molto tempo fa. Dal punto di vista geografico, la caratteristica pi\u00f9 evidente dell&#8217;isola \u00e8 il vulcano Etna, con i suoi circa 3357 metri di altezza (dati aggiornati al 2021), che attira ripetutamente l&#8217;attenzione su di s\u00e9 con le sue eruzioni.&nbsp; &nbsp;<\/p>\n\n<p class=\"has-white-color has-cyan-bluish-gray-background-color has-text-color has-background\"><strong>La Sicilia \u00e8 costituita da 9 liberi consorzi comunali o citt\u00e0 metropolitane, che vogliamo presentarvi qui.<\/strong><\/p>\n\n<ul class=\"wp-block-list\">\n<li><a href=\"https:\/\/revitapolis.com\/it\/italia\/sicilia\/provincia-di-agrigento\/\">Agrigento<\/a> &#8211; Breve informazione con mappa disponibile qui: <a href=\"https:\/\/www.google.com\/maps\/place\/Agrigent,+Italien\/@36.6149221,12.0564261,8z\/data=!3m1!4b1!4m6!3m5!1s0x131ab588f1d0fb9f:0x30b042967b682a0!8m2!3d37.3088512!4d13.5857459!16zL20vMDUzMW01\">AGRIGENTO<\/a><\/li>\n\n\n\n<li><a href=\"https:\/\/revitapolis.com\/it\/?page_id=4318\">Caltanissetta<\/a> &#8211; Breve informazione con mappa disponibile qui: <a href=\"https:\/\/www.google.com\/maps\/place\/93100+Caltanissetta,+Italien\/@37.4858311,14.0218291,13z\/data=!3m1!4b1!4m5!3m4!1s0x1310c261e52ae8a3:0x455ddc54ef3d967f!8m2!3d37.4901115!4d14.0628928\" target=\"_blank\" rel=\"noreferrer noopener\">CALTANISSETTA<\/a><\/li>\n\n\n\n<li>Catania &#8211; Breve informazione con mappa disponibile qui: <a href=\"https:\/\/www.google.com\/maps\/place\/Catania,+Italien\/@37.4908267,15.0074778,12z\/data=!3m1!4b1!4m5!3m4!1s0x1313e2dd761525b5:0x58fe876151c83cf0!8m2!3d37.5078772!4d15.0830304\" target=\"_blank\" rel=\"noreferrer noopener\">CATANIA<\/a><\/li>\n\n\n\n<li>Enna &#8211; Breve informazione con mappa disponibile qui: <a href=\"https:\/\/www.google.com\/maps\/place\/94100+Enna,+Italien\/@37.5520174,14.1529045,11z\/data=!3m1!4b1!4m5!3m4!1s0x1310d885a140bcff:0x194ee7ad039cae7d!8m2!3d37.5099321!4d14.262851\" target=\"_blank\" rel=\"noreferrer noopener\">ENNA<\/a><\/li>\n\n\n\n<li>Messina &#8211; Breve informazione con mappa disponibile qui: <a href=\"https:\/\/www.google.com\/maps\/place\/Messina,+Italien\/@38.1783042,15.4107895,11z\/data=!3m1!4b1!4m5!3m4!1s0x13144c2b02b8cde1:0x201eca06d521f25d!8m2!3d38.1937335!4d15.5542057\" target=\"_blank\" rel=\"noreferrer noopener\">MESSINA<\/a><\/li>\n\n\n\n<li>Palermo &#8211; Breve informazione con mappa disponibile qui: <a href=\"https:\/\/www.google.com\/maps\/place\/Palermo,+Italien\/@38.1406578,13.2872484,12z\/data=!3m1!4b1!4m5!3m4!1s0x1319e8c9814ed099:0xa0b042c233bd880!8m2!3d38.11569!4d13.3614868\" target=\"_blank\" rel=\"noreferrer noopener\">PALERMO<\/a><\/li>\n\n\n\n<li>Ragusa &#8211; Breve informazione con mappa disponibile qui: <a href=\"https:\/\/www.google.com\/maps\/place\/97100+Ragusa,+Italien\/@36.9187166,14.6927784,14z\/data=!3m1!4b1!4m5!3m4!1s0x131199adbb2e54a9:0x27e898810ccef3ad!8m2!3d36.9269273!4d14.7255129\" target=\"_blank\" rel=\"noreferrer noopener\">RAGUSA<\/a><\/li>\n\n\n\n<li>Siracusa &#8211; Breve informazione con mappa disponibile qui: <a href=\"https:\/\/www.google.com\/maps\/place\/96100+Syrakus,+Italien\/@37.0792122,15.2358769,13z\/data=!3m1!4b1!4m5!3m4!1s0x1313ce8da28bdf79:0xd1736683b2c58b87!8m2!3d37.0754739!4d15.2865861\" target=\"_blank\" rel=\"noreferrer noopener\">SIRACUSA<\/a><\/li>\n\n\n\n<li><a href=\"https:\/\/revitapolis.com\/it\/?page_id=4328\">Trapani<\/a> &#8211; Breve informazione con mappa disponibile qui: <a href=\"https:\/\/www.google.com\/maps\/place\/91100+Trapani,+Italien\/@38.0174645,12.503583,13z\/data=!3m1!4b1!4m5!3m4!1s0x1319622fd6a4905f:0x8bf1debcf9983482!8m2!3d38.0173505!4d12.5365171\" target=\"_blank\" rel=\"noreferrer noopener\">TRAPANI<\/a><\/li>\n<\/ul>\n\n<hr class=\"wp-block-separator has-css-opacity\"\/>\n\n<div class=\"wp-block-columns is-layout-flex wp-container-core-columns-is-layout-9d6595d7 wp-block-columns-is-layout-flex\">\n<div class=\"wp-block-column is-layout-flow wp-block-column-is-layout-flow\">\n<figure class=\"wp-block-image size-large\"><img decoding=\"async\" width=\"1024\" height=\"683\" src=\"https:\/\/revitapolis.com\/wp-content\/uploads\/2023\/03\/palermo-4217376_1920-1024x683.jpg\" alt=\"\" class=\"wp-image-3441\" srcset=\"https:\/\/revitapolis.com\/wp-content\/uploads\/2023\/03\/palermo-4217376_1920-1024x683.jpg 1024w, https:\/\/revitapolis.com\/wp-content\/uploads\/2023\/03\/palermo-4217376_1920-300x200.jpg 300w, https:\/\/revitapolis.com\/wp-content\/uploads\/2023\/03\/palermo-4217376_1920-768x512.jpg 768w, https:\/\/revitapolis.com\/wp-content\/uploads\/2023\/03\/palermo-4217376_1920-1536x1024.jpg 1536w, https:\/\/revitapolis.com\/wp-content\/uploads\/2023\/03\/palermo-4217376_1920.jpg 1920w\" sizes=\"(max-width: 1024px) 100vw, 1024px\" \/><\/figure>\n<\/div>\n\n\n\n<div class=\"wp-block-column is-layout-flow wp-block-column-is-layout-flow\">\n<figure class=\"wp-block-image size-large\"><img decoding=\"async\" width=\"1024\" height=\"676\" src=\"https:\/\/revitapolis.com\/wp-content\/uploads\/2023\/03\/it-2447750_1920-1024x676.jpg\" alt=\"\" class=\"wp-image-3444\" srcset=\"https:\/\/revitapolis.com\/wp-content\/uploads\/2023\/03\/it-2447750_1920-1024x676.jpg 1024w, https:\/\/revitapolis.com\/wp-content\/uploads\/2023\/03\/it-2447750_1920-300x198.jpg 300w, https:\/\/revitapolis.com\/wp-content\/uploads\/2023\/03\/it-2447750_1920-768x507.jpg 768w, https:\/\/revitapolis.com\/wp-content\/uploads\/2023\/03\/it-2447750_1920-1536x1014.jpg 1536w, https:\/\/revitapolis.com\/wp-content\/uploads\/2023\/03\/it-2447750_1920.jpg 1920w\" sizes=\"(max-width: 1024px) 100vw, 1024px\" \/><\/figure>\n<\/div>\n\n\n\n<div class=\"wp-block-column is-layout-flow wp-block-column-is-layout-flow\">\n<figure class=\"wp-block-image size-large\"><img loading=\"lazy\" decoding=\"async\" width=\"1024\" height=\"683\" src=\"https:\/\/revitapolis.com\/wp-content\/uploads\/2023\/03\/scala-dei-turchi-3552640_1920-1024x683.jpg\" alt=\"\" class=\"wp-image-3447\" srcset=\"https:\/\/revitapolis.com\/wp-content\/uploads\/2023\/03\/scala-dei-turchi-3552640_1920-1024x683.jpg 1024w, https:\/\/revitapolis.com\/wp-content\/uploads\/2023\/03\/scala-dei-turchi-3552640_1920-300x200.jpg 300w, https:\/\/revitapolis.com\/wp-content\/uploads\/2023\/03\/scala-dei-turchi-3552640_1920-768x512.jpg 768w, https:\/\/revitapolis.com\/wp-content\/uploads\/2023\/03\/scala-dei-turchi-3552640_1920-1536x1024.jpg 1536w, https:\/\/revitapolis.com\/wp-content\/uploads\/2023\/03\/scala-dei-turchi-3552640_1920.jpg 1920w\" sizes=\"(max-width: 1024px) 100vw, 1024px\" \/><\/figure>\n<\/div>\n<\/div>\n\n<p class=\"has-text-align-center has-small-font-size\">La Sicilia \u00e8 sempre stata visitata o abitata da una grande variet\u00e0 di popoli che hanno lasciato la loro impronta sull&#8217;isola, soprattutto dal punto di vista culturale, culinario e architettonico. L&#8217;isola \u00e8 stata influenzata particolarmente dai Greci, Cartaginesi, Romani, Arabi, Bizantini, Saraceni e Normanni. <\/p>\n\n<hr style=\"border: 0; height: 1px; background-image: linear-gradient(to right, rgba(0, 0, 0, 0), rgba(0, 0, 0, 0.75), rgba(0, 0, 0, 0));\"\/>\n","protected":false},"excerpt":{"rendered":"<p>La Sicilia e i tedeschi La Sicilia \u00e8 sempre stata una meta di viaggio per l&#8217;aristocrazia e l&#8217;alta borghesia europea. L&#8217;isola era spesso la tappa finale del cosiddetto Grand Tour. Johann Wolfgang von Goethe, il famoso poeta e pensatore tedesco, il 13 aprile 1787 a Palermo disse: &#8220;L&#8217;Italia senza la Sicilia non lascia immagine alcuna [&hellip;]<\/p>\n","protected":false},"author":4,"featured_media":0,"parent":2626,"menu_order":0,"comment_status":"closed","ping_status":"closed","template":"","meta":{"_acf_changed":false,"om_disable_all_campaigns":false,"_monsterinsights_skip_tracking":false,"_monsterinsights_sitenote_active":false,"_monsterinsights_sitenote_note":"","_monsterinsights_sitenote_category":0,"ocean_post_layout":"","ocean_both_sidebars_style":"","ocean_both_sidebars_content_width":0,"ocean_both_sidebars_sidebars_width":0,"ocean_sidebar":"0","ocean_second_sidebar":"0","ocean_disable_margins":"enable","ocean_add_body_class":"","ocean_shortcode_before_top_bar":"","ocean_shortcode_after_top_bar":"","ocean_shortcode_before_header":"","ocean_shortcode_after_header":"","ocean_has_shortcode":"","ocean_shortcode_after_title":"","ocean_shortcode_before_footer_widgets":"","ocean_shortcode_after_footer_widgets":"","ocean_shortcode_before_footer_bottom":"","ocean_shortcode_after_footer_bottom":"","ocean_display_top_bar":"default","ocean_display_header":"default","ocean_header_style":"","ocean_center_header_left_menu":"0","ocean_custom_header_template":"0","ocean_custom_logo":0,"ocean_custom_retina_logo":0,"ocean_custom_logo_max_width":0,"ocean_custom_logo_tablet_max_width":0,"ocean_custom_logo_mobile_max_width":0,"ocean_custom_logo_max_height":0,"ocean_custom_logo_tablet_max_height":0,"ocean_custom_logo_mobile_max_height":0,"ocean_header_custom_menu":"0","ocean_menu_typo_font_family":"0","ocean_menu_typo_font_subset":"","ocean_menu_typo_font_size":0,"ocean_menu_typo_font_size_tablet":0,"ocean_menu_typo_font_size_mobile":0,"ocean_menu_typo_font_size_unit":"px","ocean_menu_typo_font_weight":"","ocean_menu_typo_font_weight_tablet":"","ocean_menu_typo_font_weight_mobile":"","ocean_menu_typo_transform":"","ocean_menu_typo_transform_tablet":"","ocean_menu_typo_transform_mobile":"","ocean_menu_typo_line_height":0,"ocean_menu_typo_line_height_tablet":0,"ocean_menu_typo_line_height_mobile":0,"ocean_menu_typo_line_height_unit":"","ocean_menu_typo_spacing":0,"ocean_menu_typo_spacing_tablet":0,"ocean_menu_typo_spacing_mobile":0,"ocean_menu_typo_spacing_unit":"","ocean_menu_link_color":"","ocean_menu_link_color_hover":"","ocean_menu_link_color_active":"","ocean_menu_link_background":"","ocean_menu_link_hover_background":"","ocean_menu_link_active_background":"","ocean_menu_social_links_bg":"","ocean_menu_social_hover_links_bg":"","ocean_menu_social_links_color":"","ocean_menu_social_hover_links_color":"","ocean_disable_title":"default","ocean_disable_heading":"default","ocean_post_title":"","ocean_post_subheading":"","ocean_post_title_style":"","ocean_post_title_background_color":"","ocean_post_title_background":0,"ocean_post_title_bg_image_position":"","ocean_post_title_bg_image_attachment":"","ocean_post_title_bg_image_repeat":"","ocean_post_title_bg_image_size":"","ocean_post_title_height":0,"ocean_post_title_bg_overlay":0.5,"ocean_post_title_bg_overlay_color":"","ocean_disable_breadcrumbs":"default","ocean_breadcrumbs_color":"","ocean_breadcrumbs_separator_color":"","ocean_breadcrumbs_links_color":"","ocean_breadcrumbs_links_hover_color":"","ocean_display_footer_widgets":"default","ocean_display_footer_bottom":"default","ocean_custom_footer_template":"0","footnotes":""},"class_list":["post-2650","page","type-page","status-publish","hentry","entry"],"acf":[],"yoast_head":"<!-- This site is optimized with the Yoast SEO plugin v27.3 - https:\/\/yoast.com\/product\/yoast-seo-wordpress\/ -->\n<title>Sicilia - Revitapolis<\/title>\n<meta name=\"description\" content=\"La Sicilia \u00e8 una regione autonoma che vuole essere esplorata da voi. Fate come Goethe e visitate questo luogo magico.\" \/>\n<meta name=\"robots\" content=\"index, follow, max-snippet:-1, max-image-preview:large, max-video-preview:-1\" \/>\n<link rel=\"canonical\" href=\"https:\/\/revitapolis.com\/it\/italia\/sicilia\/\" \/>\n<meta property=\"og:locale\" content=\"it_IT\" \/>\n<meta property=\"og:type\" content=\"article\" \/>\n<meta property=\"og:title\" content=\"Sicilia - Revitapolis\" \/>\n<meta property=\"og:description\" content=\"La Sicilia \u00e8 una regione autonoma che vuole essere esplorata da voi. Fate come Goethe e visitate questo luogo magico.\" \/>\n<meta property=\"og:url\" content=\"https:\/\/revitapolis.com\/it\/italia\/sicilia\/\" \/>\n<meta property=\"og:site_name\" content=\"Revitapolis\" \/>\n<meta property=\"article:modified_time\" content=\"2024-05-14T16:13:08+00:00\" \/>\n<meta property=\"og:image\" content=\"https:\/\/revitapolis.com\/wp-content\/uploads\/2022\/03\/johann-wolfgang-von-goethe-g0c4b48eba_640.jpg\" \/>\n<meta name=\"twitter:card\" content=\"summary_large_image\" \/>\n<meta name=\"twitter:label1\" content=\"Tempo di lettura stimato\" \/>\n\t<meta name=\"twitter:data1\" content=\"2 minuti\" \/>\n<script type=\"application\/ld+json\" class=\"yoast-schema-graph\">{\"@context\":\"https:\\\/\\\/schema.org\",\"@graph\":[{\"@type\":\"WebPage\",\"@id\":\"https:\\\/\\\/revitapolis.com\\\/it\\\/italia\\\/sicilia\\\/\",\"url\":\"https:\\\/\\\/revitapolis.com\\\/it\\\/italia\\\/sicilia\\\/\",\"name\":\"Sicilia - Revitapolis\",\"isPartOf\":{\"@id\":\"https:\\\/\\\/revitapolis.com\\\/it\\\/#website\"},\"primaryImageOfPage\":{\"@id\":\"https:\\\/\\\/revitapolis.com\\\/it\\\/italia\\\/sicilia\\\/#primaryimage\"},\"image\":{\"@id\":\"https:\\\/\\\/revitapolis.com\\\/it\\\/italia\\\/sicilia\\\/#primaryimage\"},\"thumbnailUrl\":\"https:\\\/\\\/revitapolis.com\\\/wp-content\\\/uploads\\\/2022\\\/03\\\/johann-wolfgang-von-goethe-g0c4b48eba_640.jpg\",\"datePublished\":\"2022-05-04T11:07:14+00:00\",\"dateModified\":\"2024-05-14T16:13:08+00:00\",\"description\":\"La Sicilia \u00e8 una regione autonoma che vuole essere esplorata da voi. Fate come Goethe e visitate questo luogo magico.\",\"breadcrumb\":{\"@id\":\"https:\\\/\\\/revitapolis.com\\\/it\\\/italia\\\/sicilia\\\/#breadcrumb\"},\"inLanguage\":\"it-IT\",\"potentialAction\":[{\"@type\":\"ReadAction\",\"target\":[\"https:\\\/\\\/revitapolis.com\\\/it\\\/italia\\\/sicilia\\\/\"]}]},{\"@type\":\"ImageObject\",\"inLanguage\":\"it-IT\",\"@id\":\"https:\\\/\\\/revitapolis.com\\\/it\\\/italia\\\/sicilia\\\/#primaryimage\",\"url\":\"https:\\\/\\\/revitapolis.com\\\/wp-content\\\/uploads\\\/2022\\\/03\\\/johann-wolfgang-von-goethe-g0c4b48eba_640.jpg\",\"contentUrl\":\"https:\\\/\\\/revitapolis.com\\\/wp-content\\\/uploads\\\/2022\\\/03\\\/johann-wolfgang-von-goethe-g0c4b48eba_640.jpg\"},{\"@type\":\"BreadcrumbList\",\"@id\":\"https:\\\/\\\/revitapolis.com\\\/it\\\/italia\\\/sicilia\\\/#breadcrumb\",\"itemListElement\":[{\"@type\":\"ListItem\",\"position\":1,\"name\":\"Pagina iniziale\",\"item\":\"https:\\\/\\\/revitapolis.com\\\/it\\\/\"},{\"@type\":\"ListItem\",\"position\":2,\"name\":\"Italia\",\"item\":\"https:\\\/\\\/revitapolis.com\\\/it\\\/italia\\\/\"},{\"@type\":\"ListItem\",\"position\":3,\"name\":\"Sicilia\"}]},{\"@type\":\"WebSite\",\"@id\":\"https:\\\/\\\/revitapolis.com\\\/it\\\/#website\",\"url\":\"https:\\\/\\\/revitapolis.com\\\/it\\\/\",\"name\":\"Revitapolis\",\"description\":\"Wiederbelebung italienischer Orte\",\"publisher\":{\"@id\":\"https:\\\/\\\/revitapolis.com\\\/it\\\/#organization\"},\"potentialAction\":[{\"@type\":\"SearchAction\",\"target\":{\"@type\":\"EntryPoint\",\"urlTemplate\":\"https:\\\/\\\/revitapolis.com\\\/it\\\/?s={search_term_string}\"},\"query-input\":{\"@type\":\"PropertyValueSpecification\",\"valueRequired\":true,\"valueName\":\"search_term_string\"}}],\"inLanguage\":\"it-IT\"},{\"@type\":\"Organization\",\"@id\":\"https:\\\/\\\/revitapolis.com\\\/it\\\/#organization\",\"name\":\"Revitapolis\",\"url\":\"https:\\\/\\\/revitapolis.com\\\/it\\\/\",\"logo\":{\"@type\":\"ImageObject\",\"inLanguage\":\"it-IT\",\"@id\":\"https:\\\/\\\/revitapolis.com\\\/it\\\/#\\\/schema\\\/logo\\\/image\\\/\",\"url\":\"https:\\\/\\\/revitapolis.com\\\/wp-content\\\/uploads\\\/2022\\\/03\\\/cropped-logo-revitapolis.jpg\",\"contentUrl\":\"https:\\\/\\\/revitapolis.com\\\/wp-content\\\/uploads\\\/2022\\\/03\\\/cropped-logo-revitapolis.jpg\",\"width\":200,\"height\":91,\"caption\":\"Revitapolis\"},\"image\":{\"@id\":\"https:\\\/\\\/revitapolis.com\\\/it\\\/#\\\/schema\\\/logo\\\/image\\\/\"}}]}<\/script>\n<!-- \/ Yoast SEO plugin. -->","yoast_head_json":{"title":"Sicilia - Revitapolis","description":"La Sicilia \u00e8 una regione autonoma che vuole essere esplorata da voi. Fate come Goethe e visitate questo luogo magico.","robots":{"index":"index","follow":"follow","max-snippet":"max-snippet:-1","max-image-preview":"max-image-preview:large","max-video-preview":"max-video-preview:-1"},"canonical":"https:\/\/revitapolis.com\/it\/italia\/sicilia\/","og_locale":"it_IT","og_type":"article","og_title":"Sicilia - Revitapolis","og_description":"La Sicilia \u00e8 una regione autonoma che vuole essere esplorata da voi. Fate come Goethe e visitate questo luogo magico.","og_url":"https:\/\/revitapolis.com\/it\/italia\/sicilia\/","og_site_name":"Revitapolis","article_modified_time":"2024-05-14T16:13:08+00:00","og_image":[{"url":"https:\/\/revitapolis.com\/wp-content\/uploads\/2022\/03\/johann-wolfgang-von-goethe-g0c4b48eba_640.jpg","type":"","width":"","height":""}],"twitter_card":"summary_large_image","twitter_misc":{"Tempo di lettura stimato":"2 minuti"},"schema":{"@context":"https:\/\/schema.org","@graph":[{"@type":"WebPage","@id":"https:\/\/revitapolis.com\/it\/italia\/sicilia\/","url":"https:\/\/revitapolis.com\/it\/italia\/sicilia\/","name":"Sicilia - Revitapolis","isPartOf":{"@id":"https:\/\/revitapolis.com\/it\/#website"},"primaryImageOfPage":{"@id":"https:\/\/revitapolis.com\/it\/italia\/sicilia\/#primaryimage"},"image":{"@id":"https:\/\/revitapolis.com\/it\/italia\/sicilia\/#primaryimage"},"thumbnailUrl":"https:\/\/revitapolis.com\/wp-content\/uploads\/2022\/03\/johann-wolfgang-von-goethe-g0c4b48eba_640.jpg","datePublished":"2022-05-04T11:07:14+00:00","dateModified":"2024-05-14T16:13:08+00:00","description":"La Sicilia \u00e8 una regione autonoma che vuole essere esplorata da voi. Fate come Goethe e visitate questo luogo magico.","breadcrumb":{"@id":"https:\/\/revitapolis.com\/it\/italia\/sicilia\/#breadcrumb"},"inLanguage":"it-IT","potentialAction":[{"@type":"ReadAction","target":["https:\/\/revitapolis.com\/it\/italia\/sicilia\/"]}]},{"@type":"ImageObject","inLanguage":"it-IT","@id":"https:\/\/revitapolis.com\/it\/italia\/sicilia\/#primaryimage","url":"https:\/\/revitapolis.com\/wp-content\/uploads\/2022\/03\/johann-wolfgang-von-goethe-g0c4b48eba_640.jpg","contentUrl":"https:\/\/revitapolis.com\/wp-content\/uploads\/2022\/03\/johann-wolfgang-von-goethe-g0c4b48eba_640.jpg"},{"@type":"BreadcrumbList","@id":"https:\/\/revitapolis.com\/it\/italia\/sicilia\/#breadcrumb","itemListElement":[{"@type":"ListItem","position":1,"name":"Pagina iniziale","item":"https:\/\/revitapolis.com\/it\/"},{"@type":"ListItem","position":2,"name":"Italia","item":"https:\/\/revitapolis.com\/it\/italia\/"},{"@type":"ListItem","position":3,"name":"Sicilia"}]},{"@type":"WebSite","@id":"https:\/\/revitapolis.com\/it\/#website","url":"https:\/\/revitapolis.com\/it\/","name":"Revitapolis","description":"Wiederbelebung italienischer Orte","publisher":{"@id":"https:\/\/revitapolis.com\/it\/#organization"},"potentialAction":[{"@type":"SearchAction","target":{"@type":"EntryPoint","urlTemplate":"https:\/\/revitapolis.com\/it\/?s={search_term_string}"},"query-input":{"@type":"PropertyValueSpecification","valueRequired":true,"valueName":"search_term_string"}}],"inLanguage":"it-IT"},{"@type":"Organization","@id":"https:\/\/revitapolis.com\/it\/#organization","name":"Revitapolis","url":"https:\/\/revitapolis.com\/it\/","logo":{"@type":"ImageObject","inLanguage":"it-IT","@id":"https:\/\/revitapolis.com\/it\/#\/schema\/logo\/image\/","url":"https:\/\/revitapolis.com\/wp-content\/uploads\/2022\/03\/cropped-logo-revitapolis.jpg","contentUrl":"https:\/\/revitapolis.com\/wp-content\/uploads\/2022\/03\/cropped-logo-revitapolis.jpg","width":200,"height":91,"caption":"Revitapolis"},"image":{"@id":"https:\/\/revitapolis.com\/it\/#\/schema\/logo\/image\/"}}]}},"_links":{"self":[{"href":"https:\/\/revitapolis.com\/it\/wp-json\/wp\/v2\/pages\/2650","targetHints":{"allow":["GET"]}}],"collection":[{"href":"https:\/\/revitapolis.com\/it\/wp-json\/wp\/v2\/pages"}],"about":[{"href":"https:\/\/revitapolis.com\/it\/wp-json\/wp\/v2\/types\/page"}],"author":[{"embeddable":true,"href":"https:\/\/revitapolis.com\/it\/wp-json\/wp\/v2\/users\/4"}],"replies":[{"embeddable":true,"href":"https:\/\/revitapolis.com\/it\/wp-json\/wp\/v2\/comments?post=2650"}],"version-history":[{"count":10,"href":"https:\/\/revitapolis.com\/it\/wp-json\/wp\/v2\/pages\/2650\/revisions"}],"predecessor-version":[{"id":5232,"href":"https:\/\/revitapolis.com\/it\/wp-json\/wp\/v2\/pages\/2650\/revisions\/5232"}],"up":[{"embeddable":true,"href":"https:\/\/revitapolis.com\/it\/wp-json\/wp\/v2\/pages\/2626"}],"wp:attachment":[{"href":"https:\/\/revitapolis.com\/it\/wp-json\/wp\/v2\/media?parent=2650"}],"curies":[{"name":"wp","href":"https:\/\/api.w.org\/{rel}","templated":true}]}}