{"id":2644,"date":"2022-05-03T19:05:33","date_gmt":"2022-05-03T19:05:33","guid":{"rendered":"https:\/\/revitapolis.com\/italia\/molise\/"},"modified":"2024-06-04T10:09:28","modified_gmt":"2024-06-04T10:09:28","slug":"molise","status":"publish","type":"page","link":"https:\/\/revitapolis.com\/it\/italia\/molise\/","title":{"rendered":"Molise"},"content":{"rendered":"\n<div style=\"height:30px\" aria-hidden=\"true\" class=\"wp-block-spacer\"><\/div>\n\n<div class=\"wp-block-columns is-layout-flex wp-container-core-columns-is-layout-9d6595d7 wp-block-columns-is-layout-flex\">\n<div class=\"wp-block-column is-layout-flow wp-block-column-is-layout-flow\">\n<figure class=\"wp-block-image size-large\"><img fetchpriority=\"high\" decoding=\"async\" width=\"1024\" height=\"678\" src=\"https:\/\/revitapolis.com\/wp-content\/uploads\/2023\/03\/torre-2814354_1920-1024x678.jpg\" alt=\"\" class=\"wp-image-3467\" srcset=\"https:\/\/revitapolis.com\/wp-content\/uploads\/2023\/03\/torre-2814354_1920-1024x678.jpg 1024w, https:\/\/revitapolis.com\/wp-content\/uploads\/2023\/03\/torre-2814354_1920-300x199.jpg 300w, https:\/\/revitapolis.com\/wp-content\/uploads\/2023\/03\/torre-2814354_1920-768x509.jpg 768w, https:\/\/revitapolis.com\/wp-content\/uploads\/2023\/03\/torre-2814354_1920-1536x1018.jpg 1536w, https:\/\/revitapolis.com\/wp-content\/uploads\/2023\/03\/torre-2814354_1920.jpg 1920w\" sizes=\"(max-width: 1024px) 100vw, 1024px\" \/><\/figure>\n<\/div>\n\n\n\n<div class=\"wp-block-column is-layout-flow wp-block-column-is-layout-flow\">\n<h2 class=\"wp-block-heading\">La regione sconosciuta dei castelli e delle fortezze<\/h2>\n\n\n\n<p>La regione Molise \u00e8 forse &#8220;sconosciuta&#8221; a molti, sebbene sia ricca di storia, di borghi da visitare e di riserve naturali. In particolare, il Molise ospita numerosi castelli e fortezze medievali.<\/p>\n<\/div>\n<\/div>\n\n<h2 class=\"wp-block-heading\" style=\"font-size:30px\">Italia &gt; Molise<\/h2>\n\n<p>La regione Molise si trova nell&#8217;Italia centro-meridionale, tra le regioni Abruzzo e Puglia. \u00c8 una delle regioni pi\u00f9 piccole e meno visitate d&#8217;Italia e ha una superficie di soli 4.460,65 km\u00b2 circa con una popolazione di 290.255 abitanti (dati aggiornati al 31 ottobre 2022). Il paesaggio \u00e8 costituito principalmente da dolci colline e montagne attraversate da fiumi e torrenti. La regione ha anche una breve tratta costiera sul Mare Adriatico. \u00c8 per\u00f2 meno conosciuta rispetto alle coste di altre regioni italiane. La piccola regione \u00e8 nota per la sua natura incontaminata e offre molte opportunit\u00e0 per attivit\u00e0 all&#8217;aria aperta come l&#8217;escursionismo, l&#8217;arrampicata e la mountain bike.<\/p>\n\n<p>Il capoluogo del Molise \u00e8 Campobasso, una citt\u00e0 pittoresca con un castello medievale, una cattedrale gotica e una variet\u00e0 di musei e gallerie d&#8217;arte. Altre citt\u00e0 importanti della regione sono Termoli, una nota localit\u00e0 balneare sul mare, e Isernia, una citt\u00e0 storica con antiche rovine romane.<\/p>\n\n<p>Questa regione offre una cucina unica basata su prodotti e tradizioni locali. Le specialit\u00e0 culinarie della regione includono pasta casereccia, agnello alla griglia, formaggio e salsicce. La regione produce anche eccellenti oli d&#8217;oliva e vini.<\/p>\n\n<p>Nel complesso, il Molise \u00e8 una regione piccola ma affascinante. \u00c8 particolarmente nota per la sua natura incontaminata, le sue specialit\u00e0 culinarie e la sua storia e cultura. Per molti turisti, questa regione rappresenta una meta interessante per sperimentare la bellezza e l&#8217;autenticit\u00e0 dell&#8217;Italia al di fuori dei sentieri battuti.<\/p>\n\n<p class=\"has-white-color has-cyan-bluish-gray-background-color has-text-color has-background\"><strong>La regione Molise \u00e8 composta da due province, che vogliamo presentarvi qui:<\/strong><\/p>\n\n<ul class=\"wp-block-list\">\n<li>Campobasso \u2013 Breve informazione con mappa disponibile qui: <a href=\"https:\/\/www.google.com\/maps\/place\/Campobasso,+Italien\/@41.7166567,14.2091377,9z\/data=!3m1!4b1!4m6!3m5!1s0x1330a48c274aa7df:0x3094f9ab23881c0!8m2!3d41.6738865!4d14.7520939!16zL20vMDUyZm5r\">CAMPOBASSO<\/a><\/li>\n\n\n\n<li>Isernia \u2013 Breve informazione con mappa disponibile qui: <a href=\"https:\/\/www.google.com\/maps\/place\/Isernia,+Italien\/@41.6487806,13.9514345,10z\/data=!4m6!3m5!1s0x133a81cec01c589b:0x3094f9ab2388340!8m2!3d41.5891555!4d14.1930918!16zL20vMDUyZnAx\">ISERNIA<\/a><\/li>\n<\/ul>\n\n<hr class=\"wp-block-separator has-css-opacity\"\/>\n\n<div class=\"wp-block-columns is-layout-flex wp-container-core-columns-is-layout-9d6595d7 wp-block-columns-is-layout-flex\">\n<div class=\"wp-block-column is-layout-flow wp-block-column-is-layout-flow\">\n<figure class=\"wp-block-image size-large\"><img decoding=\"async\" width=\"1024\" height=\"683\" src=\"https:\/\/revitapolis.com\/wp-content\/uploads\/2023\/03\/termoli-1699606_1920-1-1024x683.jpg\" alt=\"\" class=\"wp-image-3482\"\/><\/figure>\n<\/div>\n\n\n\n<div class=\"wp-block-column is-layout-flow wp-block-column-is-layout-flow\">\n<figure class=\"wp-block-image size-full\"><img decoding=\"async\" width=\"1024\" height=\"683\" src=\"https:\/\/revitapolis.com\/wp-content\/uploads\/2023\/03\/landscape-838169_1920-e1679927349956.jpg\" alt=\"\" class=\"wp-image-3473\" srcset=\"https:\/\/revitapolis.com\/wp-content\/uploads\/2023\/03\/landscape-838169_1920-e1679927349956.jpg 1024w, https:\/\/revitapolis.com\/wp-content\/uploads\/2023\/03\/landscape-838169_1920-e1679927349956-300x200.jpg 300w, https:\/\/revitapolis.com\/wp-content\/uploads\/2023\/03\/landscape-838169_1920-e1679927349956-768x512.jpg 768w\" sizes=\"(max-width: 1024px) 100vw, 1024px\" \/><\/figure>\n<\/div>\n\n\n\n<div class=\"wp-block-column is-layout-flow wp-block-column-is-layout-flow\">\n<figure class=\"wp-block-image size-full\"><img loading=\"lazy\" decoding=\"async\" width=\"1024\" height=\"683\" src=\"https:\/\/revitapolis.com\/wp-content\/uploads\/2023\/03\/artichoke-3473701_1920-e1679928080780.jpg\" alt=\"\" class=\"wp-image-3476\" srcset=\"https:\/\/revitapolis.com\/wp-content\/uploads\/2023\/03\/artichoke-3473701_1920-e1679928080780.jpg 1024w, https:\/\/revitapolis.com\/wp-content\/uploads\/2023\/03\/artichoke-3473701_1920-e1679928080780-300x200.jpg 300w, https:\/\/revitapolis.com\/wp-content\/uploads\/2023\/03\/artichoke-3473701_1920-e1679928080780-768x512.jpg 768w\" sizes=\"(max-width: 1024px) 100vw, 1024px\" \/><\/figure>\n<\/div>\n<\/div>\n\n<p class=\"has-text-align-center has-small-font-size\">La regione Molise offre tante cose da scoprire.<\/p>\n\n<hr style=\"border: 0; height: 1px; background-image: linear-gradient(to right, rgba(0, 0, 0, 0), rgba(0, 0, 0, 0.75), rgba(0, 0, 0, 0));\"\/>\n","protected":false},"excerpt":{"rendered":"<p>La regione sconosciuta dei castelli e delle fortezze La regione Molise \u00e8 forse &#8220;sconosciuta&#8221; a molti, sebbene sia ricca di storia, di borghi da visitare e di riserve naturali. In particolare, il Molise ospita numerosi castelli e fortezze medievali. Italia &gt; Molise La regione Molise si trova nell&#8217;Italia centro-meridionale, tra le regioni Abruzzo e Puglia. [&hellip;]<\/p>\n","protected":false},"author":1,"featured_media":0,"parent":2626,"menu_order":0,"comment_status":"closed","ping_status":"closed","template":"","meta":{"_acf_changed":false,"om_disable_all_campaigns":false,"_monsterinsights_skip_tracking":false,"_monsterinsights_sitenote_active":false,"_monsterinsights_sitenote_note":"","_monsterinsights_sitenote_category":0,"ocean_post_layout":"","ocean_both_sidebars_style":"","ocean_both_sidebars_content_width":0,"ocean_both_sidebars_sidebars_width":0,"ocean_sidebar":"0","ocean_second_sidebar":"0","ocean_disable_margins":"enable","ocean_add_body_class":"","ocean_shortcode_before_top_bar":"","ocean_shortcode_after_top_bar":"","ocean_shortcode_before_header":"","ocean_shortcode_after_header":"","ocean_has_shortcode":"","ocean_shortcode_after_title":"","ocean_shortcode_before_footer_widgets":"","ocean_shortcode_after_footer_widgets":"","ocean_shortcode_before_footer_bottom":"","ocean_shortcode_after_footer_bottom":"","ocean_display_top_bar":"default","ocean_display_header":"default","ocean_header_style":"","ocean_center_header_left_menu":"0","ocean_custom_header_template":"0","ocean_custom_logo":0,"ocean_custom_retina_logo":0,"ocean_custom_logo_max_width":0,"ocean_custom_logo_tablet_max_width":0,"ocean_custom_logo_mobile_max_width":0,"ocean_custom_logo_max_height":0,"ocean_custom_logo_tablet_max_height":0,"ocean_custom_logo_mobile_max_height":0,"ocean_header_custom_menu":"0","ocean_menu_typo_font_family":"0","ocean_menu_typo_font_subset":"","ocean_menu_typo_font_size":0,"ocean_menu_typo_font_size_tablet":0,"ocean_menu_typo_font_size_mobile":0,"ocean_menu_typo_font_size_unit":"px","ocean_menu_typo_font_weight":"","ocean_menu_typo_font_weight_tablet":"","ocean_menu_typo_font_weight_mobile":"","ocean_menu_typo_transform":"","ocean_menu_typo_transform_tablet":"","ocean_menu_typo_transform_mobile":"","ocean_menu_typo_line_height":0,"ocean_menu_typo_line_height_tablet":0,"ocean_menu_typo_line_height_mobile":0,"ocean_menu_typo_line_height_unit":"","ocean_menu_typo_spacing":0,"ocean_menu_typo_spacing_tablet":0,"ocean_menu_typo_spacing_mobile":0,"ocean_menu_typo_spacing_unit":"","ocean_menu_link_color":"","ocean_menu_link_color_hover":"","ocean_menu_link_color_active":"","ocean_menu_link_background":"","ocean_menu_link_hover_background":"","ocean_menu_link_active_background":"","ocean_menu_social_links_bg":"","ocean_menu_social_hover_links_bg":"","ocean_menu_social_links_color":"","ocean_menu_social_hover_links_color":"","ocean_disable_title":"default","ocean_disable_heading":"default","ocean_post_title":"","ocean_post_subheading":"","ocean_post_title_style":"","ocean_post_title_background_color":"","ocean_post_title_background":0,"ocean_post_title_bg_image_position":"","ocean_post_title_bg_image_attachment":"","ocean_post_title_bg_image_repeat":"","ocean_post_title_bg_image_size":"","ocean_post_title_height":0,"ocean_post_title_bg_overlay":0.5,"ocean_post_title_bg_overlay_color":"","ocean_disable_breadcrumbs":"default","ocean_breadcrumbs_color":"","ocean_breadcrumbs_separator_color":"","ocean_breadcrumbs_links_color":"","ocean_breadcrumbs_links_hover_color":"","ocean_display_footer_widgets":"default","ocean_display_footer_bottom":"default","ocean_custom_footer_template":"0","footnotes":""},"class_list":["post-2644","page","type-page","status-publish","hentry","entry"],"acf":[],"yoast_head":"<!-- This site is optimized with the Yoast SEO plugin v27.3 - https:\/\/yoast.com\/product\/yoast-seo-wordpress\/ -->\n<title>Molise - Revitapolis<\/title>\n<meta name=\"description\" content=\"La piccola regione del Molise \u00e8 sconosciuta a molti. Tuttavia, offre una moltitudine di cose da vedere che aspettano solo di essere scoperte.\" \/>\n<meta name=\"robots\" content=\"index, follow, max-snippet:-1, max-image-preview:large, max-video-preview:-1\" \/>\n<link rel=\"canonical\" href=\"https:\/\/revitapolis.com\/it\/italia\/molise\/\" \/>\n<meta property=\"og:locale\" content=\"it_IT\" \/>\n<meta property=\"og:type\" content=\"article\" \/>\n<meta property=\"og:title\" content=\"Molise - Revitapolis\" \/>\n<meta property=\"og:description\" content=\"La piccola regione del Molise \u00e8 sconosciuta a molti. Tuttavia, offre una moltitudine di cose da vedere che aspettano solo di essere scoperte.\" \/>\n<meta property=\"og:url\" content=\"https:\/\/revitapolis.com\/it\/italia\/molise\/\" \/>\n<meta property=\"og:site_name\" content=\"Revitapolis\" \/>\n<meta property=\"article:modified_time\" content=\"2024-06-04T10:09:28+00:00\" \/>\n<meta property=\"og:image\" content=\"https:\/\/revitapolis.com\/wp-content\/uploads\/2023\/03\/torre-2814354_1920-1024x678.jpg\" \/>\n<meta name=\"twitter:card\" content=\"summary_large_image\" \/>\n<meta name=\"twitter:label1\" content=\"Tempo di lettura stimato\" \/>\n\t<meta name=\"twitter:data1\" content=\"2 minuti\" \/>\n<script type=\"application\/ld+json\" class=\"yoast-schema-graph\">{\"@context\":\"https:\\\/\\\/schema.org\",\"@graph\":[{\"@type\":\"WebPage\",\"@id\":\"https:\\\/\\\/revitapolis.com\\\/it\\\/italia\\\/molise\\\/\",\"url\":\"https:\\\/\\\/revitapolis.com\\\/it\\\/italia\\\/molise\\\/\",\"name\":\"Molise - Revitapolis\",\"isPartOf\":{\"@id\":\"https:\\\/\\\/revitapolis.com\\\/it\\\/#website\"},\"primaryImageOfPage\":{\"@id\":\"https:\\\/\\\/revitapolis.com\\\/it\\\/italia\\\/molise\\\/#primaryimage\"},\"image\":{\"@id\":\"https:\\\/\\\/revitapolis.com\\\/it\\\/italia\\\/molise\\\/#primaryimage\"},\"thumbnailUrl\":\"https:\\\/\\\/revitapolis.com\\\/wp-content\\\/uploads\\\/2023\\\/03\\\/torre-2814354_1920-1024x678.jpg\",\"datePublished\":\"2022-05-03T19:05:33+00:00\",\"dateModified\":\"2024-06-04T10:09:28+00:00\",\"description\":\"La piccola regione del Molise \u00e8 sconosciuta a molti. Tuttavia, offre una moltitudine di cose da vedere che aspettano solo di essere scoperte.\",\"breadcrumb\":{\"@id\":\"https:\\\/\\\/revitapolis.com\\\/it\\\/italia\\\/molise\\\/#breadcrumb\"},\"inLanguage\":\"it-IT\",\"potentialAction\":[{\"@type\":\"ReadAction\",\"target\":[\"https:\\\/\\\/revitapolis.com\\\/it\\\/italia\\\/molise\\\/\"]}]},{\"@type\":\"ImageObject\",\"inLanguage\":\"it-IT\",\"@id\":\"https:\\\/\\\/revitapolis.com\\\/it\\\/italia\\\/molise\\\/#primaryimage\",\"url\":\"https:\\\/\\\/revitapolis.com\\\/wp-content\\\/uploads\\\/2023\\\/03\\\/torre-2814354_1920-1024x678.jpg\",\"contentUrl\":\"https:\\\/\\\/revitapolis.com\\\/wp-content\\\/uploads\\\/2023\\\/03\\\/torre-2814354_1920-1024x678.jpg\"},{\"@type\":\"BreadcrumbList\",\"@id\":\"https:\\\/\\\/revitapolis.com\\\/it\\\/italia\\\/molise\\\/#breadcrumb\",\"itemListElement\":[{\"@type\":\"ListItem\",\"position\":1,\"name\":\"Pagina iniziale\",\"item\":\"https:\\\/\\\/revitapolis.com\\\/it\\\/\"},{\"@type\":\"ListItem\",\"position\":2,\"name\":\"Italia\",\"item\":\"https:\\\/\\\/revitapolis.com\\\/it\\\/italia\\\/\"},{\"@type\":\"ListItem\",\"position\":3,\"name\":\"Molise\"}]},{\"@type\":\"WebSite\",\"@id\":\"https:\\\/\\\/revitapolis.com\\\/it\\\/#website\",\"url\":\"https:\\\/\\\/revitapolis.com\\\/it\\\/\",\"name\":\"Revitapolis\",\"description\":\"Wiederbelebung italienischer Orte\",\"publisher\":{\"@id\":\"https:\\\/\\\/revitapolis.com\\\/it\\\/#organization\"},\"potentialAction\":[{\"@type\":\"SearchAction\",\"target\":{\"@type\":\"EntryPoint\",\"urlTemplate\":\"https:\\\/\\\/revitapolis.com\\\/it\\\/?s={search_term_string}\"},\"query-input\":{\"@type\":\"PropertyValueSpecification\",\"valueRequired\":true,\"valueName\":\"search_term_string\"}}],\"inLanguage\":\"it-IT\"},{\"@type\":\"Organization\",\"@id\":\"https:\\\/\\\/revitapolis.com\\\/it\\\/#organization\",\"name\":\"Revitapolis\",\"url\":\"https:\\\/\\\/revitapolis.com\\\/it\\\/\",\"logo\":{\"@type\":\"ImageObject\",\"inLanguage\":\"it-IT\",\"@id\":\"https:\\\/\\\/revitapolis.com\\\/it\\\/#\\\/schema\\\/logo\\\/image\\\/\",\"url\":\"https:\\\/\\\/revitapolis.com\\\/wp-content\\\/uploads\\\/2022\\\/03\\\/cropped-logo-revitapolis.jpg\",\"contentUrl\":\"https:\\\/\\\/revitapolis.com\\\/wp-content\\\/uploads\\\/2022\\\/03\\\/cropped-logo-revitapolis.jpg\",\"width\":200,\"height\":91,\"caption\":\"Revitapolis\"},\"image\":{\"@id\":\"https:\\\/\\\/revitapolis.com\\\/it\\\/#\\\/schema\\\/logo\\\/image\\\/\"}}]}<\/script>\n<!-- \/ Yoast SEO plugin. -->","yoast_head_json":{"title":"Molise - Revitapolis","description":"La piccola regione del Molise \u00e8 sconosciuta a molti. Tuttavia, offre una moltitudine di cose da vedere che aspettano solo di essere scoperte.","robots":{"index":"index","follow":"follow","max-snippet":"max-snippet:-1","max-image-preview":"max-image-preview:large","max-video-preview":"max-video-preview:-1"},"canonical":"https:\/\/revitapolis.com\/it\/italia\/molise\/","og_locale":"it_IT","og_type":"article","og_title":"Molise - Revitapolis","og_description":"La piccola regione del Molise \u00e8 sconosciuta a molti. Tuttavia, offre una moltitudine di cose da vedere che aspettano solo di essere scoperte.","og_url":"https:\/\/revitapolis.com\/it\/italia\/molise\/","og_site_name":"Revitapolis","article_modified_time":"2024-06-04T10:09:28+00:00","og_image":[{"url":"https:\/\/revitapolis.com\/wp-content\/uploads\/2023\/03\/torre-2814354_1920-1024x678.jpg","type":"","width":"","height":""}],"twitter_card":"summary_large_image","twitter_misc":{"Tempo di lettura stimato":"2 minuti"},"schema":{"@context":"https:\/\/schema.org","@graph":[{"@type":"WebPage","@id":"https:\/\/revitapolis.com\/it\/italia\/molise\/","url":"https:\/\/revitapolis.com\/it\/italia\/molise\/","name":"Molise - Revitapolis","isPartOf":{"@id":"https:\/\/revitapolis.com\/it\/#website"},"primaryImageOfPage":{"@id":"https:\/\/revitapolis.com\/it\/italia\/molise\/#primaryimage"},"image":{"@id":"https:\/\/revitapolis.com\/it\/italia\/molise\/#primaryimage"},"thumbnailUrl":"https:\/\/revitapolis.com\/wp-content\/uploads\/2023\/03\/torre-2814354_1920-1024x678.jpg","datePublished":"2022-05-03T19:05:33+00:00","dateModified":"2024-06-04T10:09:28+00:00","description":"La piccola regione del Molise \u00e8 sconosciuta a molti. Tuttavia, offre una moltitudine di cose da vedere che aspettano solo di essere scoperte.","breadcrumb":{"@id":"https:\/\/revitapolis.com\/it\/italia\/molise\/#breadcrumb"},"inLanguage":"it-IT","potentialAction":[{"@type":"ReadAction","target":["https:\/\/revitapolis.com\/it\/italia\/molise\/"]}]},{"@type":"ImageObject","inLanguage":"it-IT","@id":"https:\/\/revitapolis.com\/it\/italia\/molise\/#primaryimage","url":"https:\/\/revitapolis.com\/wp-content\/uploads\/2023\/03\/torre-2814354_1920-1024x678.jpg","contentUrl":"https:\/\/revitapolis.com\/wp-content\/uploads\/2023\/03\/torre-2814354_1920-1024x678.jpg"},{"@type":"BreadcrumbList","@id":"https:\/\/revitapolis.com\/it\/italia\/molise\/#breadcrumb","itemListElement":[{"@type":"ListItem","position":1,"name":"Pagina iniziale","item":"https:\/\/revitapolis.com\/it\/"},{"@type":"ListItem","position":2,"name":"Italia","item":"https:\/\/revitapolis.com\/it\/italia\/"},{"@type":"ListItem","position":3,"name":"Molise"}]},{"@type":"WebSite","@id":"https:\/\/revitapolis.com\/it\/#website","url":"https:\/\/revitapolis.com\/it\/","name":"Revitapolis","description":"Wiederbelebung italienischer Orte","publisher":{"@id":"https:\/\/revitapolis.com\/it\/#organization"},"potentialAction":[{"@type":"SearchAction","target":{"@type":"EntryPoint","urlTemplate":"https:\/\/revitapolis.com\/it\/?s={search_term_string}"},"query-input":{"@type":"PropertyValueSpecification","valueRequired":true,"valueName":"search_term_string"}}],"inLanguage":"it-IT"},{"@type":"Organization","@id":"https:\/\/revitapolis.com\/it\/#organization","name":"Revitapolis","url":"https:\/\/revitapolis.com\/it\/","logo":{"@type":"ImageObject","inLanguage":"it-IT","@id":"https:\/\/revitapolis.com\/it\/#\/schema\/logo\/image\/","url":"https:\/\/revitapolis.com\/wp-content\/uploads\/2022\/03\/cropped-logo-revitapolis.jpg","contentUrl":"https:\/\/revitapolis.com\/wp-content\/uploads\/2022\/03\/cropped-logo-revitapolis.jpg","width":200,"height":91,"caption":"Revitapolis"},"image":{"@id":"https:\/\/revitapolis.com\/it\/#\/schema\/logo\/image\/"}}]}},"_links":{"self":[{"href":"https:\/\/revitapolis.com\/it\/wp-json\/wp\/v2\/pages\/2644","targetHints":{"allow":["GET"]}}],"collection":[{"href":"https:\/\/revitapolis.com\/it\/wp-json\/wp\/v2\/pages"}],"about":[{"href":"https:\/\/revitapolis.com\/it\/wp-json\/wp\/v2\/types\/page"}],"author":[{"embeddable":true,"href":"https:\/\/revitapolis.com\/it\/wp-json\/wp\/v2\/users\/1"}],"replies":[{"embeddable":true,"href":"https:\/\/revitapolis.com\/it\/wp-json\/wp\/v2\/comments?post=2644"}],"version-history":[{"count":2,"href":"https:\/\/revitapolis.com\/it\/wp-json\/wp\/v2\/pages\/2644\/revisions"}],"predecessor-version":[{"id":5192,"href":"https:\/\/revitapolis.com\/it\/wp-json\/wp\/v2\/pages\/2644\/revisions\/5192"}],"up":[{"embeddable":true,"href":"https:\/\/revitapolis.com\/it\/wp-json\/wp\/v2\/pages\/2626"}],"wp:attachment":[{"href":"https:\/\/revitapolis.com\/it\/wp-json\/wp\/v2\/media?parent=2644"}],"curies":[{"name":"wp","href":"https:\/\/api.w.org\/{rel}","templated":true}]}}