{"id":2642,"date":"2022-05-03T19:05:53","date_gmt":"2022-05-03T19:05:53","guid":{"rendered":"https:\/\/revitapolis.com\/italia\/marken\/"},"modified":"2024-06-04T09:37:55","modified_gmt":"2024-06-04T09:37:55","slug":"marken","status":"publish","type":"page","link":"https:\/\/revitapolis.com\/it\/italia\/marken\/","title":{"rendered":"Marche"},"content":{"rendered":"\n<div style=\"height:30px\" aria-hidden=\"true\" class=\"wp-block-spacer\"><\/div>\n\n<div class=\"wp-block-columns is-layout-flex wp-container-core-columns-is-layout-9d6595d7 wp-block-columns-is-layout-flex\">\n<div class=\"wp-block-column is-layout-flow wp-block-column-is-layout-flow\">\n<figure class=\"wp-block-image size-large\"><img fetchpriority=\"high\" decoding=\"async\" width=\"1024\" height=\"672\" src=\"https:\/\/revitapolis.com\/wp-content\/uploads\/2023\/03\/bell-tower-2925173_1920-1024x672.jpg\" alt=\"\" class=\"wp-image-3425\" srcset=\"https:\/\/revitapolis.com\/wp-content\/uploads\/2023\/03\/bell-tower-2925173_1920-1024x672.jpg 1024w, https:\/\/revitapolis.com\/wp-content\/uploads\/2023\/03\/bell-tower-2925173_1920-300x197.jpg 300w, https:\/\/revitapolis.com\/wp-content\/uploads\/2023\/03\/bell-tower-2925173_1920-768x504.jpg 768w, https:\/\/revitapolis.com\/wp-content\/uploads\/2023\/03\/bell-tower-2925173_1920-1536x1008.jpg 1536w, https:\/\/revitapolis.com\/wp-content\/uploads\/2023\/03\/bell-tower-2925173_1920.jpg 1920w\" sizes=\"(max-width: 1024px) 100vw, 1024px\" \/><\/figure>\n<\/div>\n\n\n\n<div class=\"wp-block-column is-layout-flow wp-block-column-is-layout-flow\">\n<h2 class=\"wp-block-heading\">La region dei mille colori<\/h2>\n\n\n\n<p>Le Marche sono caratterizzate dai loro mille colori: il giallo dei campi di girasole, il verde delle colline, il rosso delle tradizioni e il blu del mare, dei laghi e dei fiumi.<\/p>\n<\/div>\n<\/div>\n\n<h2 class=\"wp-block-heading\" style=\"font-size:30px\">Italia &gt; Marche<\/h2>\n\n<p>Le Marche sono una regione dell&#8217;Italia centrale che si estende lungo la costa adriatica tra l&#8217;Emilia-Romagna e l&#8217;Abruzzo. Su una superficie di 9.344,49 km\u00b2 vivono 1.482.470 abitanti (dati aggiornati al 31 ottobre 2022). La regione \u00e8 nota per la sua ricca storia, cultura e natura e offre molte attrazioni e attivit\u00e0 ai visitatori.<\/p>\n\n<p>Il paesaggio delle Marche \u00e8 molto vario e comprende sia le montagne dell&#8217;Appennino che la pianura costiera. La regione dispone di molti parchi naturali. Il parco nazionale pi\u00f9 famoso \u00e8 il Parco Naturale dei Monti Sibillini. Si estende tra le province di Macerata e Perugia ed \u00e8 una destinazione popolare per gli escursionisti e gli amanti della natura.<\/p>\n\n<p>La costa marchigiana \u00e8 nota per le sue spiagge pittoresche e per le caratteristiche citt\u00e0 costiere come Senigallia, Numana e Portonovo, uniche dal punto di vista architettonico, storico e culturale. La regione \u00e8 nota anche per le sue specialit\u00e0 culinarie, come l&#8217;olio d&#8217;oliva, il tartufo, il prosciutto e il vino, in particolare il Verdicchio e il Rosso Conero.<\/p>\n\n<p>Le Marche hanno una ricca storia, che si riflette in molte citt\u00e0 antiche, castelli e chiese. Il capoluogo della regione \u00e8 Ancona. Ancona \u00e8 una citt\u00e0 che possiede un importante porto e molte attrazioni culturali come l&#8217;anfiteatro romano e la cattedrale medievale di San Ciriaco. Altre citt\u00e0 importanti della regione sono Pesaro, Urbino e Ascoli Piceno, che offrono opere d&#8217;arte, edifici storici e specialit\u00e0 culinarie di rilievo.<\/p>\n\n<p class=\"has-white-color has-cyan-bluish-gray-background-color has-text-color has-background\"><strong>Le Marche sono costituite da cinque province, che vi presentiamo qui.<\/strong><\/p>\n\n<ul class=\"wp-block-list\">\n<li>Ancona &#8211; Breve informazione con mappa disponibile qui: <a href=\"https:\/\/www.google.com\/maps\/place\/Ancona,+Italien\/@43.4781696,12.5428973,9z\/data=!3m1!4b1!4m6!3m5!1s0x132d9789ee48b3c5:0x3082c90e3e48000!8m2!3d43.5493245!4d13.2663479!16zL20vMDRoczhr?entry=ttu\">ANCONA<\/a><\/li>\n\n\n\n<li>Ascoli Piceno &#8211; Breve informazione con mappa disponibile qui: <a href=\"https:\/\/www.google.com\/maps\/place\/Ascoli+Piceno,+Italien\/@42.8815751,12.8927443,9z\/data=!3m1!4b1!4m6!3m5!1s0x133200059f27e417:0x3082c90e3e48020!8m2!3d42.8638933!4d13.5899733!16zL20vMDUyZmo2?entry=ttu\">ASCOLI PICENO<\/a><\/li>\n\n\n\n<li><a href=\"https:\/\/revitapolis.com\/it\/italia\/marken\/provincia-di-fermo\/\">Fermo<\/a> &#8211; Breve informazione con mappa disponibile qui: <a href=\"https:\/\/www.google.com\/maps\/place\/Fermo,+Italien\/@43.0902311,12.8734637,9z\/data=!3m1!4b1!4m6!3m5!1s0x132df8859ca7013b:0x3082c90e3e67fc0!8m2!3d43.0931367!4d13.5899733!16zL20vMDY5YmZ4?entry=ttu\">FERMO<\/a><\/li>\n\n\n\n<li>Macerata &#8211; Breve informazione con mappa disponibile qui: <a href=\"https:\/\/www.google.com\/maps\/place\/Macerata,+Italien\/@43.1511372,12.6269527,9z\/data=!3m1!4b1!4m6!3m5!1s0x132de5eb825f98cb:0x3082c90e3e48010!8m2!3d43.2459322!4d13.2663479!16zL20vMDUyZmtz?entry=ttu\">MACERATA<\/a><\/li>\n\n\n\n<li>Pesaro e Urbino &#8211; Breve informazione con mappa disponibile qui: <a href=\"https:\/\/www.google.com\/maps\/place\/Pesaro+und+Urbino,+Italien\/@43.6911733,12.0200415,9z\/data=!3m1!4b1!4m6!3m5!1s0x132c57e347e8d935:0x3082c90e3e47ff0!8m2!3d43.6130118!4d12.7135121!16zL20vMDUyZmw4?entry=ttu\">PESARO E URBINO<\/a><\/li>\n<\/ul>\n\n<hr class=\"wp-block-separator has-css-opacity\"\/>\n\n<div class=\"wp-block-columns is-layout-flex wp-container-core-columns-is-layout-9d6595d7 wp-block-columns-is-layout-flex\">\n<div class=\"wp-block-column is-layout-flow wp-block-column-is-layout-flow\">\n<figure class=\"wp-block-image size-large\"><img decoding=\"async\" width=\"1024\" height=\"681\" src=\"https:\/\/revitapolis.com\/wp-content\/uploads\/2023\/03\/sirolo-1920838_1920-1024x681.jpg\" alt=\"\" class=\"wp-image-3428\" srcset=\"https:\/\/revitapolis.com\/wp-content\/uploads\/2023\/03\/sirolo-1920838_1920-1024x681.jpg 1024w, https:\/\/revitapolis.com\/wp-content\/uploads\/2023\/03\/sirolo-1920838_1920-300x200.jpg 300w, https:\/\/revitapolis.com\/wp-content\/uploads\/2023\/03\/sirolo-1920838_1920-768x511.jpg 768w, https:\/\/revitapolis.com\/wp-content\/uploads\/2023\/03\/sirolo-1920838_1920-1536x1022.jpg 1536w, https:\/\/revitapolis.com\/wp-content\/uploads\/2023\/03\/sirolo-1920838_1920.jpg 1920w\" sizes=\"(max-width: 1024px) 100vw, 1024px\" \/><\/figure>\n<\/div>\n\n\n\n<div class=\"wp-block-column is-layout-flow wp-block-column-is-layout-flow\">\n<figure class=\"wp-block-image size-large\"><img decoding=\"async\" width=\"1024\" height=\"683\" src=\"https:\/\/revitapolis.com\/wp-content\/uploads\/2023\/03\/urbino-2937987_1920-1024x683.jpg\" alt=\"\" class=\"wp-image-3437\" srcset=\"https:\/\/revitapolis.com\/wp-content\/uploads\/2023\/03\/urbino-2937987_1920-1024x683.jpg 1024w, https:\/\/revitapolis.com\/wp-content\/uploads\/2023\/03\/urbino-2937987_1920-300x200.jpg 300w, https:\/\/revitapolis.com\/wp-content\/uploads\/2023\/03\/urbino-2937987_1920-768x512.jpg 768w, https:\/\/revitapolis.com\/wp-content\/uploads\/2023\/03\/urbino-2937987_1920-1536x1024.jpg 1536w, https:\/\/revitapolis.com\/wp-content\/uploads\/2023\/03\/urbino-2937987_1920.jpg 1920w\" sizes=\"(max-width: 1024px) 100vw, 1024px\" \/><\/figure>\n<\/div>\n\n\n\n<div class=\"wp-block-column is-layout-flow wp-block-column-is-layout-flow\">\n<figure class=\"wp-block-image size-large\"><img loading=\"lazy\" decoding=\"async\" width=\"1024\" height=\"683\" src=\"https:\/\/revitapolis.com\/wp-content\/uploads\/2023\/03\/the-basilica-of-loreto-2884628_1920-1024x683.jpg\" alt=\"\" class=\"wp-image-3434\" srcset=\"https:\/\/revitapolis.com\/wp-content\/uploads\/2023\/03\/the-basilica-of-loreto-2884628_1920-1024x683.jpg 1024w, https:\/\/revitapolis.com\/wp-content\/uploads\/2023\/03\/the-basilica-of-loreto-2884628_1920-300x200.jpg 300w, https:\/\/revitapolis.com\/wp-content\/uploads\/2023\/03\/the-basilica-of-loreto-2884628_1920-768x512.jpg 768w, https:\/\/revitapolis.com\/wp-content\/uploads\/2023\/03\/the-basilica-of-loreto-2884628_1920-1536x1024.jpg 1536w, https:\/\/revitapolis.com\/wp-content\/uploads\/2023\/03\/the-basilica-of-loreto-2884628_1920.jpg 1920w\" sizes=\"(max-width: 1024px) 100vw, 1024px\" \/><\/figure>\n<\/div>\n<\/div>\n\n<p class=\"has-text-align-center has-small-font-size\">La regione Marche \u00e8 un affascinante mix di natura mozzafiato, ricca storia e cultura e delizie culinarie, situata nell&#8217;Italia centrale.<\/p>\n\n<hr style=\"border: 0; height: 1px; background-image: linear-gradient(to right, rgba(0, 0, 0, 0), rgba(0, 0, 0, 0.75), rgba(0, 0, 0, 0));\"\/>\n","protected":false},"excerpt":{"rendered":"<p>La region dei mille colori Le Marche sono caratterizzate dai loro mille colori: il giallo dei campi di girasole, il verde delle colline, il rosso delle tradizioni e il blu del mare, dei laghi e dei fiumi. Italia &gt; Marche Le Marche sono una regione dell&#8217;Italia centrale che si estende lungo la costa adriatica tra [&hellip;]<\/p>\n","protected":false},"author":1,"featured_media":0,"parent":2626,"menu_order":0,"comment_status":"closed","ping_status":"closed","template":"","meta":{"_acf_changed":false,"om_disable_all_campaigns":false,"_monsterinsights_skip_tracking":false,"_monsterinsights_sitenote_active":false,"_monsterinsights_sitenote_note":"","_monsterinsights_sitenote_category":0,"ocean_post_layout":"","ocean_both_sidebars_style":"","ocean_both_sidebars_content_width":0,"ocean_both_sidebars_sidebars_width":0,"ocean_sidebar":"0","ocean_second_sidebar":"0","ocean_disable_margins":"enable","ocean_add_body_class":"","ocean_shortcode_before_top_bar":"","ocean_shortcode_after_top_bar":"","ocean_shortcode_before_header":"","ocean_shortcode_after_header":"","ocean_has_shortcode":"","ocean_shortcode_after_title":"","ocean_shortcode_before_footer_widgets":"","ocean_shortcode_after_footer_widgets":"","ocean_shortcode_before_footer_bottom":"","ocean_shortcode_after_footer_bottom":"","ocean_display_top_bar":"default","ocean_display_header":"default","ocean_header_style":"","ocean_center_header_left_menu":"0","ocean_custom_header_template":"0","ocean_custom_logo":0,"ocean_custom_retina_logo":0,"ocean_custom_logo_max_width":0,"ocean_custom_logo_tablet_max_width":0,"ocean_custom_logo_mobile_max_width":0,"ocean_custom_logo_max_height":0,"ocean_custom_logo_tablet_max_height":0,"ocean_custom_logo_mobile_max_height":0,"ocean_header_custom_menu":"0","ocean_menu_typo_font_family":"0","ocean_menu_typo_font_subset":"","ocean_menu_typo_font_size":0,"ocean_menu_typo_font_size_tablet":0,"ocean_menu_typo_font_size_mobile":0,"ocean_menu_typo_font_size_unit":"px","ocean_menu_typo_font_weight":"","ocean_menu_typo_font_weight_tablet":"","ocean_menu_typo_font_weight_mobile":"","ocean_menu_typo_transform":"","ocean_menu_typo_transform_tablet":"","ocean_menu_typo_transform_mobile":"","ocean_menu_typo_line_height":0,"ocean_menu_typo_line_height_tablet":0,"ocean_menu_typo_line_height_mobile":0,"ocean_menu_typo_line_height_unit":"","ocean_menu_typo_spacing":0,"ocean_menu_typo_spacing_tablet":0,"ocean_menu_typo_spacing_mobile":0,"ocean_menu_typo_spacing_unit":"","ocean_menu_link_color":"","ocean_menu_link_color_hover":"","ocean_menu_link_color_active":"","ocean_menu_link_background":"","ocean_menu_link_hover_background":"","ocean_menu_link_active_background":"","ocean_menu_social_links_bg":"","ocean_menu_social_hover_links_bg":"","ocean_menu_social_links_color":"","ocean_menu_social_hover_links_color":"","ocean_disable_title":"default","ocean_disable_heading":"default","ocean_post_title":"","ocean_post_subheading":"","ocean_post_title_style":"","ocean_post_title_background_color":"","ocean_post_title_background":0,"ocean_post_title_bg_image_position":"","ocean_post_title_bg_image_attachment":"","ocean_post_title_bg_image_repeat":"","ocean_post_title_bg_image_size":"","ocean_post_title_height":0,"ocean_post_title_bg_overlay":0.5,"ocean_post_title_bg_overlay_color":"","ocean_disable_breadcrumbs":"default","ocean_breadcrumbs_color":"","ocean_breadcrumbs_separator_color":"","ocean_breadcrumbs_links_color":"","ocean_breadcrumbs_links_hover_color":"","ocean_display_footer_widgets":"default","ocean_display_footer_bottom":"default","ocean_custom_footer_template":"0","footnotes":""},"class_list":["post-2642","page","type-page","status-publish","hentry","entry"],"acf":[],"yoast_head":"<!-- This site is optimized with the Yoast SEO plugin v27.3 - https:\/\/yoast.com\/product\/yoast-seo-wordpress\/ -->\n<title>Marche - Revitapolis<\/title>\n<meta name=\"description\" content=\"Qui vi presentiamo la regione Marche, situata nell&#039;Italia centrale. Le Marche si contraddistingue per la sua variet\u00e0.\" \/>\n<meta name=\"robots\" content=\"index, follow, max-snippet:-1, max-image-preview:large, max-video-preview:-1\" \/>\n<link rel=\"canonical\" href=\"https:\/\/revitapolis.com\/it\/italia\/marken\/\" \/>\n<meta property=\"og:locale\" content=\"it_IT\" \/>\n<meta property=\"og:type\" content=\"article\" \/>\n<meta property=\"og:title\" content=\"Marche - Revitapolis\" \/>\n<meta property=\"og:description\" content=\"Qui vi presentiamo la regione Marche, situata nell&#039;Italia centrale. Le Marche si contraddistingue per la sua variet\u00e0.\" \/>\n<meta property=\"og:url\" content=\"https:\/\/revitapolis.com\/it\/italia\/marken\/\" \/>\n<meta property=\"og:site_name\" content=\"Revitapolis\" \/>\n<meta property=\"article:modified_time\" content=\"2024-06-04T09:37:55+00:00\" \/>\n<meta property=\"og:image\" content=\"https:\/\/revitapolis.com\/wp-content\/uploads\/2023\/03\/bell-tower-2925173_1920-1024x672.jpg\" \/>\n<meta name=\"twitter:card\" content=\"summary_large_image\" \/>\n<meta name=\"twitter:label1\" content=\"Tempo di lettura stimato\" \/>\n\t<meta name=\"twitter:data1\" content=\"2 minuti\" \/>\n<script type=\"application\/ld+json\" class=\"yoast-schema-graph\">{\"@context\":\"https:\\\/\\\/schema.org\",\"@graph\":[{\"@type\":\"WebPage\",\"@id\":\"https:\\\/\\\/revitapolis.com\\\/it\\\/italia\\\/marken\\\/\",\"url\":\"https:\\\/\\\/revitapolis.com\\\/it\\\/italia\\\/marken\\\/\",\"name\":\"Marche - Revitapolis\",\"isPartOf\":{\"@id\":\"https:\\\/\\\/revitapolis.com\\\/it\\\/#website\"},\"primaryImageOfPage\":{\"@id\":\"https:\\\/\\\/revitapolis.com\\\/it\\\/italia\\\/marken\\\/#primaryimage\"},\"image\":{\"@id\":\"https:\\\/\\\/revitapolis.com\\\/it\\\/italia\\\/marken\\\/#primaryimage\"},\"thumbnailUrl\":\"https:\\\/\\\/revitapolis.com\\\/wp-content\\\/uploads\\\/2023\\\/03\\\/bell-tower-2925173_1920-1024x672.jpg\",\"datePublished\":\"2022-05-03T19:05:53+00:00\",\"dateModified\":\"2024-06-04T09:37:55+00:00\",\"description\":\"Qui vi presentiamo la regione Marche, situata nell'Italia centrale. Le Marche si contraddistingue per la sua variet\u00e0.\",\"breadcrumb\":{\"@id\":\"https:\\\/\\\/revitapolis.com\\\/it\\\/italia\\\/marken\\\/#breadcrumb\"},\"inLanguage\":\"it-IT\",\"potentialAction\":[{\"@type\":\"ReadAction\",\"target\":[\"https:\\\/\\\/revitapolis.com\\\/it\\\/italia\\\/marken\\\/\"]}]},{\"@type\":\"ImageObject\",\"inLanguage\":\"it-IT\",\"@id\":\"https:\\\/\\\/revitapolis.com\\\/it\\\/italia\\\/marken\\\/#primaryimage\",\"url\":\"https:\\\/\\\/revitapolis.com\\\/wp-content\\\/uploads\\\/2023\\\/03\\\/bell-tower-2925173_1920-1024x672.jpg\",\"contentUrl\":\"https:\\\/\\\/revitapolis.com\\\/wp-content\\\/uploads\\\/2023\\\/03\\\/bell-tower-2925173_1920-1024x672.jpg\"},{\"@type\":\"BreadcrumbList\",\"@id\":\"https:\\\/\\\/revitapolis.com\\\/it\\\/italia\\\/marken\\\/#breadcrumb\",\"itemListElement\":[{\"@type\":\"ListItem\",\"position\":1,\"name\":\"Pagina iniziale\",\"item\":\"https:\\\/\\\/revitapolis.com\\\/it\\\/\"},{\"@type\":\"ListItem\",\"position\":2,\"name\":\"Italia\",\"item\":\"https:\\\/\\\/revitapolis.com\\\/it\\\/italia\\\/\"},{\"@type\":\"ListItem\",\"position\":3,\"name\":\"Marche\"}]},{\"@type\":\"WebSite\",\"@id\":\"https:\\\/\\\/revitapolis.com\\\/it\\\/#website\",\"url\":\"https:\\\/\\\/revitapolis.com\\\/it\\\/\",\"name\":\"Revitapolis\",\"description\":\"Wiederbelebung italienischer Orte\",\"publisher\":{\"@id\":\"https:\\\/\\\/revitapolis.com\\\/it\\\/#organization\"},\"potentialAction\":[{\"@type\":\"SearchAction\",\"target\":{\"@type\":\"EntryPoint\",\"urlTemplate\":\"https:\\\/\\\/revitapolis.com\\\/it\\\/?s={search_term_string}\"},\"query-input\":{\"@type\":\"PropertyValueSpecification\",\"valueRequired\":true,\"valueName\":\"search_term_string\"}}],\"inLanguage\":\"it-IT\"},{\"@type\":\"Organization\",\"@id\":\"https:\\\/\\\/revitapolis.com\\\/it\\\/#organization\",\"name\":\"Revitapolis\",\"url\":\"https:\\\/\\\/revitapolis.com\\\/it\\\/\",\"logo\":{\"@type\":\"ImageObject\",\"inLanguage\":\"it-IT\",\"@id\":\"https:\\\/\\\/revitapolis.com\\\/it\\\/#\\\/schema\\\/logo\\\/image\\\/\",\"url\":\"https:\\\/\\\/revitapolis.com\\\/wp-content\\\/uploads\\\/2022\\\/03\\\/cropped-logo-revitapolis.jpg\",\"contentUrl\":\"https:\\\/\\\/revitapolis.com\\\/wp-content\\\/uploads\\\/2022\\\/03\\\/cropped-logo-revitapolis.jpg\",\"width\":200,\"height\":91,\"caption\":\"Revitapolis\"},\"image\":{\"@id\":\"https:\\\/\\\/revitapolis.com\\\/it\\\/#\\\/schema\\\/logo\\\/image\\\/\"}}]}<\/script>\n<!-- \/ Yoast SEO plugin. -->","yoast_head_json":{"title":"Marche - Revitapolis","description":"Qui vi presentiamo la regione Marche, situata nell'Italia centrale. Le Marche si contraddistingue per la sua variet\u00e0.","robots":{"index":"index","follow":"follow","max-snippet":"max-snippet:-1","max-image-preview":"max-image-preview:large","max-video-preview":"max-video-preview:-1"},"canonical":"https:\/\/revitapolis.com\/it\/italia\/marken\/","og_locale":"it_IT","og_type":"article","og_title":"Marche - Revitapolis","og_description":"Qui vi presentiamo la regione Marche, situata nell'Italia centrale. Le Marche si contraddistingue per la sua variet\u00e0.","og_url":"https:\/\/revitapolis.com\/it\/italia\/marken\/","og_site_name":"Revitapolis","article_modified_time":"2024-06-04T09:37:55+00:00","og_image":[{"url":"https:\/\/revitapolis.com\/wp-content\/uploads\/2023\/03\/bell-tower-2925173_1920-1024x672.jpg","type":"","width":"","height":""}],"twitter_card":"summary_large_image","twitter_misc":{"Tempo di lettura stimato":"2 minuti"},"schema":{"@context":"https:\/\/schema.org","@graph":[{"@type":"WebPage","@id":"https:\/\/revitapolis.com\/it\/italia\/marken\/","url":"https:\/\/revitapolis.com\/it\/italia\/marken\/","name":"Marche - Revitapolis","isPartOf":{"@id":"https:\/\/revitapolis.com\/it\/#website"},"primaryImageOfPage":{"@id":"https:\/\/revitapolis.com\/it\/italia\/marken\/#primaryimage"},"image":{"@id":"https:\/\/revitapolis.com\/it\/italia\/marken\/#primaryimage"},"thumbnailUrl":"https:\/\/revitapolis.com\/wp-content\/uploads\/2023\/03\/bell-tower-2925173_1920-1024x672.jpg","datePublished":"2022-05-03T19:05:53+00:00","dateModified":"2024-06-04T09:37:55+00:00","description":"Qui vi presentiamo la regione Marche, situata nell'Italia centrale. Le Marche si contraddistingue per la sua variet\u00e0.","breadcrumb":{"@id":"https:\/\/revitapolis.com\/it\/italia\/marken\/#breadcrumb"},"inLanguage":"it-IT","potentialAction":[{"@type":"ReadAction","target":["https:\/\/revitapolis.com\/it\/italia\/marken\/"]}]},{"@type":"ImageObject","inLanguage":"it-IT","@id":"https:\/\/revitapolis.com\/it\/italia\/marken\/#primaryimage","url":"https:\/\/revitapolis.com\/wp-content\/uploads\/2023\/03\/bell-tower-2925173_1920-1024x672.jpg","contentUrl":"https:\/\/revitapolis.com\/wp-content\/uploads\/2023\/03\/bell-tower-2925173_1920-1024x672.jpg"},{"@type":"BreadcrumbList","@id":"https:\/\/revitapolis.com\/it\/italia\/marken\/#breadcrumb","itemListElement":[{"@type":"ListItem","position":1,"name":"Pagina iniziale","item":"https:\/\/revitapolis.com\/it\/"},{"@type":"ListItem","position":2,"name":"Italia","item":"https:\/\/revitapolis.com\/it\/italia\/"},{"@type":"ListItem","position":3,"name":"Marche"}]},{"@type":"WebSite","@id":"https:\/\/revitapolis.com\/it\/#website","url":"https:\/\/revitapolis.com\/it\/","name":"Revitapolis","description":"Wiederbelebung italienischer Orte","publisher":{"@id":"https:\/\/revitapolis.com\/it\/#organization"},"potentialAction":[{"@type":"SearchAction","target":{"@type":"EntryPoint","urlTemplate":"https:\/\/revitapolis.com\/it\/?s={search_term_string}"},"query-input":{"@type":"PropertyValueSpecification","valueRequired":true,"valueName":"search_term_string"}}],"inLanguage":"it-IT"},{"@type":"Organization","@id":"https:\/\/revitapolis.com\/it\/#organization","name":"Revitapolis","url":"https:\/\/revitapolis.com\/it\/","logo":{"@type":"ImageObject","inLanguage":"it-IT","@id":"https:\/\/revitapolis.com\/it\/#\/schema\/logo\/image\/","url":"https:\/\/revitapolis.com\/wp-content\/uploads\/2022\/03\/cropped-logo-revitapolis.jpg","contentUrl":"https:\/\/revitapolis.com\/wp-content\/uploads\/2022\/03\/cropped-logo-revitapolis.jpg","width":200,"height":91,"caption":"Revitapolis"},"image":{"@id":"https:\/\/revitapolis.com\/it\/#\/schema\/logo\/image\/"}}]}},"_links":{"self":[{"href":"https:\/\/revitapolis.com\/it\/wp-json\/wp\/v2\/pages\/2642","targetHints":{"allow":["GET"]}}],"collection":[{"href":"https:\/\/revitapolis.com\/it\/wp-json\/wp\/v2\/pages"}],"about":[{"href":"https:\/\/revitapolis.com\/it\/wp-json\/wp\/v2\/types\/page"}],"author":[{"embeddable":true,"href":"https:\/\/revitapolis.com\/it\/wp-json\/wp\/v2\/users\/1"}],"replies":[{"embeddable":true,"href":"https:\/\/revitapolis.com\/it\/wp-json\/wp\/v2\/comments?post=2642"}],"version-history":[{"count":11,"href":"https:\/\/revitapolis.com\/it\/wp-json\/wp\/v2\/pages\/2642\/revisions"}],"predecessor-version":[{"id":5326,"href":"https:\/\/revitapolis.com\/it\/wp-json\/wp\/v2\/pages\/2642\/revisions\/5326"}],"up":[{"embeddable":true,"href":"https:\/\/revitapolis.com\/it\/wp-json\/wp\/v2\/pages\/2626"}],"wp:attachment":[{"href":"https:\/\/revitapolis.com\/it\/wp-json\/wp\/v2\/media?parent=2642"}],"curies":[{"name":"wp","href":"https:\/\/api.w.org\/{rel}","templated":true}]}}