{"id":2640,"date":"2022-05-03T19:06:19","date_gmt":"2022-05-03T19:06:19","guid":{"rendered":"https:\/\/revitapolis.com\/italia\/lombardia\/"},"modified":"2024-05-14T11:26:45","modified_gmt":"2024-05-14T11:26:45","slug":"lombardia","status":"publish","type":"page","link":"https:\/\/revitapolis.com\/it\/italia\/lombardia\/","title":{"rendered":"Lombardia"},"content":{"rendered":"\n<div style=\"height:30px\" aria-hidden=\"true\" class=\"wp-block-spacer\"><\/div>\n\n<div class=\"wp-block-columns is-layout-flex wp-container-core-columns-is-layout-9d6595d7 wp-block-columns-is-layout-flex\">\n<div class=\"wp-block-column is-layout-flow wp-block-column-is-layout-flow\">\n<figure class=\"wp-block-image size-large\"><img fetchpriority=\"high\" decoding=\"async\" width=\"1024\" height=\"683\" src=\"https:\/\/revitapolis.com\/wp-content\/uploads\/2023\/03\/milan-1826515_1920-1024x683.jpg\" alt=\"\" class=\"wp-image-3402\" srcset=\"https:\/\/revitapolis.com\/wp-content\/uploads\/2023\/03\/milan-1826515_1920-1024x683.jpg 1024w, https:\/\/revitapolis.com\/wp-content\/uploads\/2023\/03\/milan-1826515_1920-300x200.jpg 300w, https:\/\/revitapolis.com\/wp-content\/uploads\/2023\/03\/milan-1826515_1920-768x512.jpg 768w, https:\/\/revitapolis.com\/wp-content\/uploads\/2023\/03\/milan-1826515_1920-1536x1025.jpg 1536w, https:\/\/revitapolis.com\/wp-content\/uploads\/2023\/03\/milan-1826515_1920.jpg 1920w\" sizes=\"(max-width: 1024px) 100vw, 1024px\" \/><\/figure>\n<\/div>\n\n\n\n<div class=\"wp-block-column is-layout-flow wp-block-column-is-layout-flow\">\n<h2 class=\"wp-block-heading\">Qui pulsa l&#8217;economia italiana<\/h2>\n\n\n\n<p>La Lombardia si trova nel nord dell&#8217;Italia. La regione \u00e8 nota per la finanza, il commercio e l&#8217;industria. Milano, il capoluogo di regione, rappresenta il cuore dell&#8217;economia italiana.<\/p>\n<\/div>\n<\/div>\n\n<h2 class=\"wp-block-heading\" style=\"font-size:30px\">Italia &gt; Lombardia<\/h2>\n\n<p>La Lombardia \u00e8 una regione del nord Italia che si estende a sud delle Alpi. Con i suoi 9.950.144 abitanti (dati aggiornati al 31 ottobre 2022), \u00e8 la regione pi\u00f9 popolosa d&#8217;Italia e si estende su una superficie di circa 23.863 km\u00b2.<\/p>\n\n<p>La Lombardia \u00e8 una delle regioni economiche pi\u00f9 importanti d&#8217;Italia e d&#8217;Europa. La regione \u00e8 nota per la sua fiorente industria, in particolare nei settori della moda, del design, dell&#8217;ingegneria meccanica e dell&#8217;elettronica. La Lombardia \u00e8 anche un importante produttore agricolo, in particolare di vino e formaggio.<\/p>\n\n<p>Il paesaggio della regione \u00e8 vario e comprende sia le Alpi che la Pianura Padana. La regione \u00e8 ricca di laghi, tra cui il Lago di Como, il Lago di Garda e il Lago Maggiore, tutte mete turistiche popolari.<\/p>\n\n<p>La Lombardia comprende anche alcune delle citt\u00e0 pi\u00f9 famose d&#8217;Italia, tra cui Milano, capoluogo della regione e una delle capitali della moda pi\u00f9 importanti al mondo. Altre citt\u00e0 di importanza storica e culturale sono Bergamo, Brescia, Cremona, Mantova e Pavia.<\/p>\n\n<p>La regione offre anche numerose specialit\u00e0 culinarie, tra cui il risotto alla milanese, l&#8217;ossobuco e vari tipi di formaggi e salumi. La Lombardia \u00e8 nota anche per i suoi vini, in particolare per il vino rosso della zona del Lago di Garda.<\/p>\n\n<p>Nel complesso, la Lombardia \u00e8 una regione italiana importante e diversificata, con una ricca cultura, un paesaggio impressionante e un&#8217;economia forte.<\/p>\n\n<p class=\"has-white-color has-cyan-bluish-gray-background-color has-text-color has-background\"><strong>La Lombardia \u00e8 composta da undici province e dalla citt\u00e0 metropolitana di Milano, che vogliamo presentarvi qui.<\/strong><\/p>\n\n<ul class=\"wp-block-list\">\n<li>Bergamo \u2013 Breve informazione con mappa disponibile qui: <a href=\"https:\/\/www.google.com\/maps\/place\/Bergamo,+Italien\/@45.7563731,9.2935682,9z\/data=!3m1!4b1!4m6!3m5!1s0x47815f31974a428b:0x30678022e667e60!8m2!3d45.8578304!4d9.8819978!16zL20vMDN3eHps\">BERGAMO<\/a><\/li>\n\n\n\n<li>Brescia \u2013 Breve informazione con mappa disponibile qui: <a href=\"https:\/\/www.google.com\/maps\/place\/Brescia,+Italien\/@45.7757896,9.2168297,8z\/data=!3m1!4b1!4m6!3m5!1s0x47822b2a110290d7:0x30678022e667e70!8m2!3d45.6596772!4d10.3856716!16zL20vMDQwaGc4\">BRESCIA<\/a><\/li>\n\n\n\n<li>Como \u2013 Breve informazione con mappa disponibile qui: <a href=\"https:\/\/www.google.com\/maps\/place\/Como,+Italien\/@45.9392318,8.606691,9z\/data=!3m1!4b1!4m6!3m5!1s0x478423947f8118e7:0x30678022e667e30!8m2!3d45.8080416!4d9.0851793!16zL20vMDN3eHZr\">COMO<\/a><\/li>\n\n\n\n<li>Cremona \u2013 Breve informazione con mappa disponibile qui: <a href=\"https:\/\/www.google.com\/maps\/place\/Cremona,+Italien\/@45.2204168,9.4644969,9z\/data=!3m1!4b1!4m6!3m5!1s0x478103e8b0df2651:0x30678022e667e90!8m2!3d45.2014375!4d9.9836582!16zL20vMDQwbGxu\">CREMONA<\/a><\/li>\n\n\n\n<li>Lecco \u2013 Breve informazione con mappa disponibile qui: <a href=\"https:\/\/www.google.com\/maps\/place\/Lecco,+Italien\/@45.9030882,8.8316682,9z\/data=!3m1!4b1!4m6!3m5!1s0x47841b61ea40bce5:0x30678022e668370!8m2!3d45.9382941!4d9.385729!16zL20vMDQwbHFs\">LECCO<\/a><\/li>\n\n\n\n<li>Lodi \u2013 Breve informazione con mappa disponibile qui: <a href=\"https:\/\/www.google.com\/maps\/place\/Lodi,+Italien\/@45.2615067,9.3254748,10z\/data=!3m1!4b1!4m6!3m5!1s0x47812612b905cad7:0x30678022e668380!8m2!3d45.2405036!4d9.5292512!16zL20vMDQwbHR6\">LODI<\/a><\/li>\n\n\n\n<li>Mantova \u2013 Breve informazione con mappa disponibile qui: <a href=\"https:\/\/www.google.com\/maps\/place\/Mantua,+Italien\/@45.1678031,10.30802,9z\/data=!3m1!4b1!4m6!3m5!1s0x4781d61d06b80387:0x30678022e667ea0!8m2!3d45.1667728!4d10.7753613!16zL20vMDQwbHl6\">MANTOVA<\/a><\/li>\n\n\n\n<li>Milano \u2013 Breve informazione con mappa disponibile qui: <a href=\"https:\/\/www.google.com\/maps\/place\/Mailand,+Italien\/@45.4022409,8.8486485,10z\/data=!3m1!4b1!4m6!3m5!1s0x4786c23238a2db95:0x30678022e667e50!8m2!3d45.458626!4d9.181873!16s%2Fm%2F0120_9s8\">MILANO<\/a><\/li>\n\n\n\n<li>Monza e Brianza \u2013 Breve informazione con mappa disponibile qui: <a href=\"https:\/\/www.google.com\/maps\/place\/Monza+und+Brianza,+Italien\/@45.6388915,8.7322152,10z\/data=!3m1!4b1!4m6!3m5!1s0x4786bba7b7a8878b:0x30678022e687fd0!8m2!3d45.623599!4d9.2588015!16zL20vMDY3NDZj\">MONZA E BRIANZA<\/a><\/li>\n\n\n\n<li>Pavia \u2013 Breve informazione con mappa disponibile qui: <a href=\"https:\/\/www.google.com\/maps\/place\/Pavia,+Italien\/@45.0363443,8.4641442,9z\/data=!3m1!4b1!4m6!3m5!1s0x47873c6ab934686f:0x30678022e667e80!8m2!3d45.3218166!4d8.8466236!16zL20vMDUyZmNf\">PAVIA<\/a><\/li>\n\n\n\n<li>Sondrio \u2013 Breve informazione con mappa disponibile qui: <a href=\"https:\/\/www.google.com\/maps\/place\/Sondrio,+Italien\/@46.3227381,9.3791818,9z\/data=!3m1!4b1!4m6!3m5!1s0x47838351b4739b79:0x30678022e667e40!8m2!3d46.1727636!4d9.7994917!16zL20vMDUyZmY1\">SONDRIO<\/a><\/li>\n\n\n\n<li>Varese \u2013 Breve informazione con mappa disponibile qui:<a href=\"https:\/\/www.google.com\/maps\/place\/Varese,+Italien\/@45.8359275,8.2487005,9z\/data=!3m1!4b1!4m6!3m5!1s0x47867fb6680c46bd:0x30678022e667e20!8m2!3d45.799026!4d8.7300945!16zL20vMDRkZncx\">VARESE<\/a><\/li>\n<\/ul>\n\n<hr class=\"wp-block-separator has-css-opacity\"\/>\n\n<div class=\"wp-block-columns is-layout-flex wp-container-core-columns-is-layout-9d6595d7 wp-block-columns-is-layout-flex\">\n<div class=\"wp-block-column is-layout-flow wp-block-column-is-layout-flow\">\n<figure class=\"wp-block-image size-large\"><img decoding=\"async\" width=\"1024\" height=\"683\" src=\"https:\/\/revitapolis.com\/wp-content\/uploads\/2023\/03\/certosa-di-pavia-4048437_1920-1024x683.jpg\" alt=\"\" class=\"wp-image-3405\" srcset=\"https:\/\/revitapolis.com\/wp-content\/uploads\/2023\/03\/certosa-di-pavia-4048437_1920-1024x683.jpg 1024w, https:\/\/revitapolis.com\/wp-content\/uploads\/2023\/03\/certosa-di-pavia-4048437_1920-300x200.jpg 300w, https:\/\/revitapolis.com\/wp-content\/uploads\/2023\/03\/certosa-di-pavia-4048437_1920-768x512.jpg 768w, https:\/\/revitapolis.com\/wp-content\/uploads\/2023\/03\/certosa-di-pavia-4048437_1920-1536x1024.jpg 1536w, https:\/\/revitapolis.com\/wp-content\/uploads\/2023\/03\/certosa-di-pavia-4048437_1920.jpg 1920w\" sizes=\"(max-width: 1024px) 100vw, 1024px\" \/><\/figure>\n<\/div>\n\n\n\n<div class=\"wp-block-column is-layout-flow wp-block-column-is-layout-flow\">\n<figure class=\"wp-block-image size-large\"><img decoding=\"async\" width=\"1024\" height=\"683\" src=\"https:\/\/revitapolis.com\/wp-content\/uploads\/2023\/03\/castle-3690964_1920-1024x683.jpg\" alt=\"\" class=\"wp-image-3408\" srcset=\"https:\/\/revitapolis.com\/wp-content\/uploads\/2023\/03\/castle-3690964_1920-1024x683.jpg 1024w, https:\/\/revitapolis.com\/wp-content\/uploads\/2023\/03\/castle-3690964_1920-300x200.jpg 300w, https:\/\/revitapolis.com\/wp-content\/uploads\/2023\/03\/castle-3690964_1920-768x512.jpg 768w, https:\/\/revitapolis.com\/wp-content\/uploads\/2023\/03\/castle-3690964_1920-1536x1024.jpg 1536w, https:\/\/revitapolis.com\/wp-content\/uploads\/2023\/03\/castle-3690964_1920.jpg 1920w\" sizes=\"(max-width: 1024px) 100vw, 1024px\" \/><\/figure>\n<\/div>\n\n\n\n<div class=\"wp-block-column is-layout-flow wp-block-column-is-layout-flow\">\n<figure class=\"wp-block-image size-large\"><img loading=\"lazy\" decoding=\"async\" width=\"1024\" height=\"693\" src=\"https:\/\/revitapolis.com\/wp-content\/uploads\/2023\/03\/italy-5046546_1920-1024x693.jpg\" alt=\"\" class=\"wp-image-3421\" srcset=\"https:\/\/revitapolis.com\/wp-content\/uploads\/2023\/03\/italy-5046546_1920-1024x693.jpg 1024w, https:\/\/revitapolis.com\/wp-content\/uploads\/2023\/03\/italy-5046546_1920-300x203.jpg 300w, https:\/\/revitapolis.com\/wp-content\/uploads\/2023\/03\/italy-5046546_1920-768x520.jpg 768w, https:\/\/revitapolis.com\/wp-content\/uploads\/2023\/03\/italy-5046546_1920-1536x1040.jpg 1536w, https:\/\/revitapolis.com\/wp-content\/uploads\/2023\/03\/italy-5046546_1920.jpg 1920w\" sizes=\"(max-width: 1024px) 100vw, 1024px\" \/><\/figure>\n<\/div>\n<\/div>\n\n<p class=\"has-text-align-center has-small-font-size\">Lombardia significa &#8216;terra dei Longobardi&#8217;. I Longobardi occuparono gran parte della penisola dopo la caduta dell&#8217;Impero Romano d&#8217;Occidente nel IV secolo d.C. Oggi la Lombardia \u00e8 una delle regioni economiche pi\u00f9 forti d&#8217;Europa. Milano \u00e8 conosciuta in tutto il mondo per la moda e il design.<\/p>\n\n<hr style=\"border: 0; height: 1px; background-image: linear-gradient(to right, rgba(0, 0, 0, 0), rgba(0, 0, 0, 0.75), rgba(0, 0, 0, 0));\"\/>\n","protected":false},"excerpt":{"rendered":"<p>Qui pulsa l&#8217;economia italiana La Lombardia si trova nel nord dell&#8217;Italia. La regione \u00e8 nota per la finanza, il commercio e l&#8217;industria. Milano, il capoluogo di regione, rappresenta il cuore dell&#8217;economia italiana. Italia &gt; Lombardia La Lombardia \u00e8 una regione del nord Italia che si estende a sud delle Alpi. Con i suoi 9.950.144 abitanti [&hellip;]<\/p>\n","protected":false},"author":1,"featured_media":0,"parent":2626,"menu_order":0,"comment_status":"closed","ping_status":"closed","template":"","meta":{"_acf_changed":false,"om_disable_all_campaigns":false,"_monsterinsights_skip_tracking":false,"_monsterinsights_sitenote_active":false,"_monsterinsights_sitenote_note":"","_monsterinsights_sitenote_category":0,"ocean_post_layout":"","ocean_both_sidebars_style":"","ocean_both_sidebars_content_width":0,"ocean_both_sidebars_sidebars_width":0,"ocean_sidebar":"0","ocean_second_sidebar":"0","ocean_disable_margins":"enable","ocean_add_body_class":"","ocean_shortcode_before_top_bar":"","ocean_shortcode_after_top_bar":"","ocean_shortcode_before_header":"","ocean_shortcode_after_header":"","ocean_has_shortcode":"","ocean_shortcode_after_title":"","ocean_shortcode_before_footer_widgets":"","ocean_shortcode_after_footer_widgets":"","ocean_shortcode_before_footer_bottom":"","ocean_shortcode_after_footer_bottom":"","ocean_display_top_bar":"default","ocean_display_header":"default","ocean_header_style":"","ocean_center_header_left_menu":"0","ocean_custom_header_template":"0","ocean_custom_logo":0,"ocean_custom_retina_logo":0,"ocean_custom_logo_max_width":0,"ocean_custom_logo_tablet_max_width":0,"ocean_custom_logo_mobile_max_width":0,"ocean_custom_logo_max_height":0,"ocean_custom_logo_tablet_max_height":0,"ocean_custom_logo_mobile_max_height":0,"ocean_header_custom_menu":"0","ocean_menu_typo_font_family":"0","ocean_menu_typo_font_subset":"","ocean_menu_typo_font_size":0,"ocean_menu_typo_font_size_tablet":0,"ocean_menu_typo_font_size_mobile":0,"ocean_menu_typo_font_size_unit":"px","ocean_menu_typo_font_weight":"","ocean_menu_typo_font_weight_tablet":"","ocean_menu_typo_font_weight_mobile":"","ocean_menu_typo_transform":"","ocean_menu_typo_transform_tablet":"","ocean_menu_typo_transform_mobile":"","ocean_menu_typo_line_height":0,"ocean_menu_typo_line_height_tablet":0,"ocean_menu_typo_line_height_mobile":0,"ocean_menu_typo_line_height_unit":"","ocean_menu_typo_spacing":0,"ocean_menu_typo_spacing_tablet":0,"ocean_menu_typo_spacing_mobile":0,"ocean_menu_typo_spacing_unit":"","ocean_menu_link_color":"","ocean_menu_link_color_hover":"","ocean_menu_link_color_active":"","ocean_menu_link_background":"","ocean_menu_link_hover_background":"","ocean_menu_link_active_background":"","ocean_menu_social_links_bg":"","ocean_menu_social_hover_links_bg":"","ocean_menu_social_links_color":"","ocean_menu_social_hover_links_color":"","ocean_disable_title":"default","ocean_disable_heading":"default","ocean_post_title":"","ocean_post_subheading":"","ocean_post_title_style":"","ocean_post_title_background_color":"","ocean_post_title_background":0,"ocean_post_title_bg_image_position":"","ocean_post_title_bg_image_attachment":"","ocean_post_title_bg_image_repeat":"","ocean_post_title_bg_image_size":"","ocean_post_title_height":0,"ocean_post_title_bg_overlay":0.5,"ocean_post_title_bg_overlay_color":"","ocean_disable_breadcrumbs":"default","ocean_breadcrumbs_color":"","ocean_breadcrumbs_separator_color":"","ocean_breadcrumbs_links_color":"","ocean_breadcrumbs_links_hover_color":"","ocean_display_footer_widgets":"default","ocean_display_footer_bottom":"default","ocean_custom_footer_template":"0","footnotes":""},"class_list":["post-2640","page","type-page","status-publish","hentry","entry"],"acf":[],"yoast_head":"<!-- This site is optimized with the Yoast SEO plugin v27.3 - https:\/\/yoast.com\/product\/yoast-seo-wordpress\/ -->\n<title>Lombardia - Revitapolis<\/title>\n<meta name=\"description\" content=\"La regione Lombardia \u00e8 famosa in tutto il mondo per la moda e il design. Scoprite una delle regioni economiche pi\u00f9 forti d&#039;Europa.\" \/>\n<meta name=\"robots\" content=\"index, follow, max-snippet:-1, max-image-preview:large, max-video-preview:-1\" \/>\n<link rel=\"canonical\" href=\"https:\/\/revitapolis.com\/it\/italia\/lombardia\/\" \/>\n<meta property=\"og:locale\" content=\"it_IT\" \/>\n<meta property=\"og:type\" content=\"article\" \/>\n<meta property=\"og:title\" content=\"Lombardia - Revitapolis\" \/>\n<meta property=\"og:description\" content=\"La regione Lombardia \u00e8 famosa in tutto il mondo per la moda e il design. Scoprite una delle regioni economiche pi\u00f9 forti d&#039;Europa.\" \/>\n<meta property=\"og:url\" content=\"https:\/\/revitapolis.com\/it\/italia\/lombardia\/\" \/>\n<meta property=\"og:site_name\" content=\"Revitapolis\" \/>\n<meta property=\"article:modified_time\" content=\"2024-05-14T11:26:45+00:00\" \/>\n<meta property=\"og:image\" content=\"https:\/\/revitapolis.com\/wp-content\/uploads\/2023\/03\/milan-1826515_1920-1024x683.jpg\" \/>\n<meta name=\"twitter:card\" content=\"summary_large_image\" \/>\n<meta name=\"twitter:label1\" content=\"Tempo di lettura stimato\" \/>\n\t<meta name=\"twitter:data1\" content=\"2 minuti\" \/>\n<script type=\"application\/ld+json\" class=\"yoast-schema-graph\">{\"@context\":\"https:\\\/\\\/schema.org\",\"@graph\":[{\"@type\":\"WebPage\",\"@id\":\"https:\\\/\\\/revitapolis.com\\\/it\\\/italia\\\/lombardia\\\/\",\"url\":\"https:\\\/\\\/revitapolis.com\\\/it\\\/italia\\\/lombardia\\\/\",\"name\":\"Lombardia - Revitapolis\",\"isPartOf\":{\"@id\":\"https:\\\/\\\/revitapolis.com\\\/it\\\/#website\"},\"primaryImageOfPage\":{\"@id\":\"https:\\\/\\\/revitapolis.com\\\/it\\\/italia\\\/lombardia\\\/#primaryimage\"},\"image\":{\"@id\":\"https:\\\/\\\/revitapolis.com\\\/it\\\/italia\\\/lombardia\\\/#primaryimage\"},\"thumbnailUrl\":\"https:\\\/\\\/revitapolis.com\\\/wp-content\\\/uploads\\\/2023\\\/03\\\/milan-1826515_1920-1024x683.jpg\",\"datePublished\":\"2022-05-03T19:06:19+00:00\",\"dateModified\":\"2024-05-14T11:26:45+00:00\",\"description\":\"La regione Lombardia \u00e8 famosa in tutto il mondo per la moda e il design. Scoprite una delle regioni economiche pi\u00f9 forti d'Europa.\",\"breadcrumb\":{\"@id\":\"https:\\\/\\\/revitapolis.com\\\/it\\\/italia\\\/lombardia\\\/#breadcrumb\"},\"inLanguage\":\"it-IT\",\"potentialAction\":[{\"@type\":\"ReadAction\",\"target\":[\"https:\\\/\\\/revitapolis.com\\\/it\\\/italia\\\/lombardia\\\/\"]}]},{\"@type\":\"ImageObject\",\"inLanguage\":\"it-IT\",\"@id\":\"https:\\\/\\\/revitapolis.com\\\/it\\\/italia\\\/lombardia\\\/#primaryimage\",\"url\":\"https:\\\/\\\/revitapolis.com\\\/wp-content\\\/uploads\\\/2023\\\/03\\\/milan-1826515_1920-1024x683.jpg\",\"contentUrl\":\"https:\\\/\\\/revitapolis.com\\\/wp-content\\\/uploads\\\/2023\\\/03\\\/milan-1826515_1920-1024x683.jpg\"},{\"@type\":\"BreadcrumbList\",\"@id\":\"https:\\\/\\\/revitapolis.com\\\/it\\\/italia\\\/lombardia\\\/#breadcrumb\",\"itemListElement\":[{\"@type\":\"ListItem\",\"position\":1,\"name\":\"Pagina iniziale\",\"item\":\"https:\\\/\\\/revitapolis.com\\\/it\\\/\"},{\"@type\":\"ListItem\",\"position\":2,\"name\":\"Italia\",\"item\":\"https:\\\/\\\/revitapolis.com\\\/it\\\/italia\\\/\"},{\"@type\":\"ListItem\",\"position\":3,\"name\":\"Lombardia\"}]},{\"@type\":\"WebSite\",\"@id\":\"https:\\\/\\\/revitapolis.com\\\/it\\\/#website\",\"url\":\"https:\\\/\\\/revitapolis.com\\\/it\\\/\",\"name\":\"Revitapolis\",\"description\":\"Wiederbelebung italienischer Orte\",\"publisher\":{\"@id\":\"https:\\\/\\\/revitapolis.com\\\/it\\\/#organization\"},\"potentialAction\":[{\"@type\":\"SearchAction\",\"target\":{\"@type\":\"EntryPoint\",\"urlTemplate\":\"https:\\\/\\\/revitapolis.com\\\/it\\\/?s={search_term_string}\"},\"query-input\":{\"@type\":\"PropertyValueSpecification\",\"valueRequired\":true,\"valueName\":\"search_term_string\"}}],\"inLanguage\":\"it-IT\"},{\"@type\":\"Organization\",\"@id\":\"https:\\\/\\\/revitapolis.com\\\/it\\\/#organization\",\"name\":\"Revitapolis\",\"url\":\"https:\\\/\\\/revitapolis.com\\\/it\\\/\",\"logo\":{\"@type\":\"ImageObject\",\"inLanguage\":\"it-IT\",\"@id\":\"https:\\\/\\\/revitapolis.com\\\/it\\\/#\\\/schema\\\/logo\\\/image\\\/\",\"url\":\"https:\\\/\\\/revitapolis.com\\\/wp-content\\\/uploads\\\/2022\\\/03\\\/cropped-logo-revitapolis.jpg\",\"contentUrl\":\"https:\\\/\\\/revitapolis.com\\\/wp-content\\\/uploads\\\/2022\\\/03\\\/cropped-logo-revitapolis.jpg\",\"width\":200,\"height\":91,\"caption\":\"Revitapolis\"},\"image\":{\"@id\":\"https:\\\/\\\/revitapolis.com\\\/it\\\/#\\\/schema\\\/logo\\\/image\\\/\"}}]}<\/script>\n<!-- \/ Yoast SEO plugin. -->","yoast_head_json":{"title":"Lombardia - Revitapolis","description":"La regione Lombardia \u00e8 famosa in tutto il mondo per la moda e il design. Scoprite una delle regioni economiche pi\u00f9 forti d'Europa.","robots":{"index":"index","follow":"follow","max-snippet":"max-snippet:-1","max-image-preview":"max-image-preview:large","max-video-preview":"max-video-preview:-1"},"canonical":"https:\/\/revitapolis.com\/it\/italia\/lombardia\/","og_locale":"it_IT","og_type":"article","og_title":"Lombardia - Revitapolis","og_description":"La regione Lombardia \u00e8 famosa in tutto il mondo per la moda e il design. Scoprite una delle regioni economiche pi\u00f9 forti d'Europa.","og_url":"https:\/\/revitapolis.com\/it\/italia\/lombardia\/","og_site_name":"Revitapolis","article_modified_time":"2024-05-14T11:26:45+00:00","og_image":[{"url":"https:\/\/revitapolis.com\/wp-content\/uploads\/2023\/03\/milan-1826515_1920-1024x683.jpg","type":"","width":"","height":""}],"twitter_card":"summary_large_image","twitter_misc":{"Tempo di lettura stimato":"2 minuti"},"schema":{"@context":"https:\/\/schema.org","@graph":[{"@type":"WebPage","@id":"https:\/\/revitapolis.com\/it\/italia\/lombardia\/","url":"https:\/\/revitapolis.com\/it\/italia\/lombardia\/","name":"Lombardia - Revitapolis","isPartOf":{"@id":"https:\/\/revitapolis.com\/it\/#website"},"primaryImageOfPage":{"@id":"https:\/\/revitapolis.com\/it\/italia\/lombardia\/#primaryimage"},"image":{"@id":"https:\/\/revitapolis.com\/it\/italia\/lombardia\/#primaryimage"},"thumbnailUrl":"https:\/\/revitapolis.com\/wp-content\/uploads\/2023\/03\/milan-1826515_1920-1024x683.jpg","datePublished":"2022-05-03T19:06:19+00:00","dateModified":"2024-05-14T11:26:45+00:00","description":"La regione Lombardia \u00e8 famosa in tutto il mondo per la moda e il design. Scoprite una delle regioni economiche pi\u00f9 forti d'Europa.","breadcrumb":{"@id":"https:\/\/revitapolis.com\/it\/italia\/lombardia\/#breadcrumb"},"inLanguage":"it-IT","potentialAction":[{"@type":"ReadAction","target":["https:\/\/revitapolis.com\/it\/italia\/lombardia\/"]}]},{"@type":"ImageObject","inLanguage":"it-IT","@id":"https:\/\/revitapolis.com\/it\/italia\/lombardia\/#primaryimage","url":"https:\/\/revitapolis.com\/wp-content\/uploads\/2023\/03\/milan-1826515_1920-1024x683.jpg","contentUrl":"https:\/\/revitapolis.com\/wp-content\/uploads\/2023\/03\/milan-1826515_1920-1024x683.jpg"},{"@type":"BreadcrumbList","@id":"https:\/\/revitapolis.com\/it\/italia\/lombardia\/#breadcrumb","itemListElement":[{"@type":"ListItem","position":1,"name":"Pagina iniziale","item":"https:\/\/revitapolis.com\/it\/"},{"@type":"ListItem","position":2,"name":"Italia","item":"https:\/\/revitapolis.com\/it\/italia\/"},{"@type":"ListItem","position":3,"name":"Lombardia"}]},{"@type":"WebSite","@id":"https:\/\/revitapolis.com\/it\/#website","url":"https:\/\/revitapolis.com\/it\/","name":"Revitapolis","description":"Wiederbelebung italienischer Orte","publisher":{"@id":"https:\/\/revitapolis.com\/it\/#organization"},"potentialAction":[{"@type":"SearchAction","target":{"@type":"EntryPoint","urlTemplate":"https:\/\/revitapolis.com\/it\/?s={search_term_string}"},"query-input":{"@type":"PropertyValueSpecification","valueRequired":true,"valueName":"search_term_string"}}],"inLanguage":"it-IT"},{"@type":"Organization","@id":"https:\/\/revitapolis.com\/it\/#organization","name":"Revitapolis","url":"https:\/\/revitapolis.com\/it\/","logo":{"@type":"ImageObject","inLanguage":"it-IT","@id":"https:\/\/revitapolis.com\/it\/#\/schema\/logo\/image\/","url":"https:\/\/revitapolis.com\/wp-content\/uploads\/2022\/03\/cropped-logo-revitapolis.jpg","contentUrl":"https:\/\/revitapolis.com\/wp-content\/uploads\/2022\/03\/cropped-logo-revitapolis.jpg","width":200,"height":91,"caption":"Revitapolis"},"image":{"@id":"https:\/\/revitapolis.com\/it\/#\/schema\/logo\/image\/"}}]}},"_links":{"self":[{"href":"https:\/\/revitapolis.com\/it\/wp-json\/wp\/v2\/pages\/2640","targetHints":{"allow":["GET"]}}],"collection":[{"href":"https:\/\/revitapolis.com\/it\/wp-json\/wp\/v2\/pages"}],"about":[{"href":"https:\/\/revitapolis.com\/it\/wp-json\/wp\/v2\/types\/page"}],"author":[{"embeddable":true,"href":"https:\/\/revitapolis.com\/it\/wp-json\/wp\/v2\/users\/1"}],"replies":[{"embeddable":true,"href":"https:\/\/revitapolis.com\/it\/wp-json\/wp\/v2\/comments?post=2640"}],"version-history":[{"count":2,"href":"https:\/\/revitapolis.com\/it\/wp-json\/wp\/v2\/pages\/2640\/revisions"}],"predecessor-version":[{"id":5190,"href":"https:\/\/revitapolis.com\/it\/wp-json\/wp\/v2\/pages\/2640\/revisions\/5190"}],"up":[{"embeddable":true,"href":"https:\/\/revitapolis.com\/it\/wp-json\/wp\/v2\/pages\/2626"}],"wp:attachment":[{"href":"https:\/\/revitapolis.com\/it\/wp-json\/wp\/v2\/media?parent=2640"}],"curies":[{"name":"wp","href":"https:\/\/api.w.org\/{rel}","templated":true}]}}