{"id":2630,"date":"2022-05-03T19:09:01","date_gmt":"2022-05-03T19:09:01","guid":{"rendered":"https:\/\/revitapolis.com\/italia\/campania\/"},"modified":"2024-05-14T07:34:59","modified_gmt":"2024-05-14T07:34:59","slug":"campania","status":"publish","type":"page","link":"https:\/\/revitapolis.com\/it\/italia\/campania\/","title":{"rendered":"Campania"},"content":{"rendered":"\n<div style=\"height:30px\" aria-hidden=\"true\" class=\"wp-block-spacer\"><\/div>\n\n<div class=\"wp-block-columns is-layout-flex wp-container-core-columns-is-layout-9d6595d7 wp-block-columns-is-layout-flex\">\n<div class=\"wp-block-column is-layout-flow wp-block-column-is-layout-flow\">\n<figure class=\"wp-block-image size-full\"><img fetchpriority=\"high\" decoding=\"async\" width=\"640\" height=\"360\" src=\"https:\/\/revitapolis.com\/wp-content\/uploads\/2022\/12\/vesuv-neapel-kampanien.jpg\" alt=\"Golfo di Napoli con il Vesuvio, Campania\" class=\"wp-image-3187\" srcset=\"https:\/\/revitapolis.com\/wp-content\/uploads\/2022\/12\/vesuv-neapel-kampanien.jpg 640w, https:\/\/revitapolis.com\/wp-content\/uploads\/2022\/12\/vesuv-neapel-kampanien-300x169.jpg 300w\" sizes=\"(max-width: 640px) 100vw, 640px\" \/><\/figure>\n<\/div>\n\n\n\n<div class=\"wp-block-column is-layout-flow wp-block-column-is-layout-flow\">\n<h2 class=\"wp-block-heading\">Il fascino dei contrasti<\/h2>\n\n\n\n<p>La Campania \u00e8 una regione ricca di tesori che aspettano di essere scoperti. La regione \u00e8 carica di sorprese e di gioia di vivere. Il caff\u00e8 a Napoli \u00e8 impareggiabile e in nessun altro luogo \u00e8 possibile gustarlo cos\u00ec bene.<\/p>\n<\/div>\n<\/div>\n\n<h2 class=\"wp-block-heading\" style=\"font-size:30px\">Italia &gt; Campania<\/h2>\n\n<p class=\"has-black-color has-text-color\">La Campania \u00e8 la regione pi\u00f9 densamente popolata dell&#8217;Italia meridionale. Su una superficie di 13.670 km\u00b2 vivono 5.567.642 abitanti (dati aggiornati al 31 agosto 2022). La densit\u00e0 di popolazione \u00e8 di 407,26 abitanti\/km\u00b2, con la maggior parte degli abitanti che vive nell&#8217;area metropolitana di Napoli. A nord, la regione \u00e8 caratterizzata da pianure. Nell&#8217;entroterra si estendono fino agli Appennini. Napoli \u00e8 stata la capitale del Regno delle Due Sicilie per molti anni, fino all&#8217;unit\u00e0 d&#8217;Italia. La regione ha un settore alimentare ben sviluppato. Napoli, Ischia, Capri, la Costiera Amalfitana, Sorrento e il Cilento sono importanti per il turismo. La Campania, una delle regioni dell&#8217;Italia meridionale, ospita anche gli scavi di Pompei, Ercolano e Paestum, famosi in tutto il mondo. Il terreno vulcanico dell&#8217;area intorno al Vesuvio \u00e8 predestinato alla viticoltura in quanto molto fertile.<\/p>\n\n<p class=\"has-black-color has-text-color\">Con il 20,9% (dato del 2017), il tasso di disoccupazione della regione Campania \u00e8 tra i pi\u00f9 alti d&#8217;Europa. Soprattutto in alcune zone della citt\u00e0 di Napoli, il tenore di vita \u00e8 molto basso. Nel sud della regione l&#8217;agricoltura \u00e8 ben sviluppata, in particolare nella zona di Battipaglia.<\/p>\n\n<p class=\"has-white-color has-cyan-bluish-gray-background-color has-text-color has-background\"><strong>La Campania \u00e8 composta da quattro province e una citt\u00e0 metropolitana, che vogliamo presentarvi qui.<\/strong><\/p>\n\n<ul class=\"wp-block-list\">\n<li>Avellino &#8211; Breve informazione con mappa disponibile qui: <a href=\"https:\/\/www.google.com\/maps\/place\/Avellino,+Italien\/@40.9951944,14.505455,9z\/data=!3m1!4b1!4m5!3m4!1s0x133980cfd278795b:0x309e11f99628160!8m2!3d40.996451!4d15.1258955\">AVELLINO<\/a><\/li>\n\n\n\n<li>Benevento &#8211; Breve informazione con mappa disponibile qui: <a href=\"https:\/\/www.google.com\/maps\/place\/Benevento,+Italien\/@41.2266714,13.6671302,9z\/data=!3m1!4b1!4m5!3m4!1s0x133a3ee6dff97fd1:0x309e11f99628140!8m2!3d41.2035093!4d14.7520939\">BENEVENTO<\/a><\/li>\n\n\n\n<li>Caserta &#8211; Breve informazione con mappa disponibile qui: <a href=\"https:\/\/www.google.com\/maps\/place\/Caserta,+Italien\/@41.2028571,13.587787,9z\/data=!3m1!4b1!4m5!3m4!1s0x133af08015736921:0x309e11f99628130!8m2!3d41.2078354!4d14.1001326\">CASERTA<\/a><\/li>\n\n\n\n<li>Napoli &#8211; Breve informazione con mappa disponibile qui: <a href=\"https:\/\/www.google.com\/maps\/place\/Neapel,+Italien\/@40.7780502,13.9804425,10z\/data=!3m1!4b1!4m5!3m4!1s0x133b0a3c328d896b:0x309e11f99628150!8m2!3d40.901975!4d14.332644\">NAPOLI<\/a><\/li>\n\n\n\n<li>Salerno &#8211; Breve informazione con mappa disponibile qui: <a href=\"https:\/\/www.google.com\/maps\/place\/Salerno,+Italien\/@40.4193482,14.5570598,9z\/data=!3m1!4b1!4m5!3m4!1s0x133950c9ce7991a7:0x309e11f99628170!8m2!3d40.4287832!4d15.2194808\">SALERNO<\/a><\/li>\n<\/ul>\n\n<hr class=\"wp-block-separator has-css-opacity\"\/>\n\n<div class=\"wp-block-columns is-layout-flex wp-container-core-columns-is-layout-9d6595d7 wp-block-columns-is-layout-flex\">\n<div class=\"wp-block-column is-layout-flow wp-block-column-is-layout-flow\">\n<figure class=\"wp-block-image size-full\"><img decoding=\"async\" width=\"640\" height=\"427\" src=\"https:\/\/revitapolis.com\/wp-content\/uploads\/2022\/12\/Amalfikueste-kampanien.jpg\" alt=\"Costiera Amalfitana in Campania\" class=\"wp-image-3178\" srcset=\"https:\/\/revitapolis.com\/wp-content\/uploads\/2022\/12\/Amalfikueste-kampanien.jpg 640w, https:\/\/revitapolis.com\/wp-content\/uploads\/2022\/12\/Amalfikueste-kampanien-300x200.jpg 300w\" sizes=\"(max-width: 640px) 100vw, 640px\" \/><\/figure>\n<\/div>\n\n\n\n<div class=\"wp-block-column is-layout-flow wp-block-column-is-layout-flow\">\n<figure class=\"wp-block-image size-full\"><img decoding=\"async\" width=\"640\" height=\"427\" src=\"https:\/\/revitapolis.com\/wp-content\/uploads\/2022\/12\/paestum-kampanien.jpg\" alt=\"Tempio greco a Paestum, Campania\" class=\"wp-image-3181\" srcset=\"https:\/\/revitapolis.com\/wp-content\/uploads\/2022\/12\/paestum-kampanien.jpg 640w, https:\/\/revitapolis.com\/wp-content\/uploads\/2022\/12\/paestum-kampanien-300x200.jpg 300w\" sizes=\"(max-width: 640px) 100vw, 640px\" \/><\/figure>\n<\/div>\n\n\n\n<div class=\"wp-block-column is-layout-flow wp-block-column-is-layout-flow\">\n<figure class=\"wp-block-image size-full\"><img loading=\"lazy\" decoding=\"async\" width=\"640\" height=\"427\" src=\"https:\/\/revitapolis.com\/wp-content\/uploads\/2022\/12\/caserta-reggia-kampanien.jpg\" alt=\"Residenza reale Reggia di Caserta, Campania\" class=\"wp-image-3184\" srcset=\"https:\/\/revitapolis.com\/wp-content\/uploads\/2022\/12\/caserta-reggia-kampanien.jpg 640w, https:\/\/revitapolis.com\/wp-content\/uploads\/2022\/12\/caserta-reggia-kampanien-300x200.jpg 300w\" sizes=\"(max-width: 640px) 100vw, 640px\" \/><\/figure>\n<\/div>\n<\/div>\n\n<p class=\"has-text-align-center has-small-font-size\">La Campania \u00e8 la regione italiana con il maggior numero di siti Patrimonio dell&#8217;Umanit\u00e0 dell&#8217;UNESCO. <\/p>\n\n<hr style=\"border: 0; height: 1px; background-image: linear-gradient(to right, rgba(0, 0, 0, 0), rgba(0, 0, 0, 0.75), rgba(0, 0, 0, 0));\"\/>\n","protected":false},"excerpt":{"rendered":"<p>Il fascino dei contrasti La Campania \u00e8 una regione ricca di tesori che aspettano di essere scoperti. La regione \u00e8 carica di sorprese e di gioia di vivere. Il caff\u00e8 a Napoli \u00e8 impareggiabile e in nessun altro luogo \u00e8 possibile gustarlo cos\u00ec bene. Italia &gt; Campania La Campania \u00e8 la regione pi\u00f9 densamente popolata [&hellip;]<\/p>\n","protected":false},"author":1,"featured_media":0,"parent":2626,"menu_order":0,"comment_status":"closed","ping_status":"closed","template":"","meta":{"_acf_changed":false,"om_disable_all_campaigns":false,"_monsterinsights_skip_tracking":false,"_monsterinsights_sitenote_active":false,"_monsterinsights_sitenote_note":"","_monsterinsights_sitenote_category":0,"ocean_post_layout":"","ocean_both_sidebars_style":"","ocean_both_sidebars_content_width":0,"ocean_both_sidebars_sidebars_width":0,"ocean_sidebar":"0","ocean_second_sidebar":"0","ocean_disable_margins":"enable","ocean_add_body_class":"","ocean_shortcode_before_top_bar":"","ocean_shortcode_after_top_bar":"","ocean_shortcode_before_header":"","ocean_shortcode_after_header":"","ocean_has_shortcode":"","ocean_shortcode_after_title":"","ocean_shortcode_before_footer_widgets":"","ocean_shortcode_after_footer_widgets":"","ocean_shortcode_before_footer_bottom":"","ocean_shortcode_after_footer_bottom":"","ocean_display_top_bar":"default","ocean_display_header":"default","ocean_header_style":"","ocean_center_header_left_menu":"0","ocean_custom_header_template":"0","ocean_custom_logo":0,"ocean_custom_retina_logo":0,"ocean_custom_logo_max_width":0,"ocean_custom_logo_tablet_max_width":0,"ocean_custom_logo_mobile_max_width":0,"ocean_custom_logo_max_height":0,"ocean_custom_logo_tablet_max_height":0,"ocean_custom_logo_mobile_max_height":0,"ocean_header_custom_menu":"0","ocean_menu_typo_font_family":"0","ocean_menu_typo_font_subset":"","ocean_menu_typo_font_size":0,"ocean_menu_typo_font_size_tablet":0,"ocean_menu_typo_font_size_mobile":0,"ocean_menu_typo_font_size_unit":"px","ocean_menu_typo_font_weight":"","ocean_menu_typo_font_weight_tablet":"","ocean_menu_typo_font_weight_mobile":"","ocean_menu_typo_transform":"","ocean_menu_typo_transform_tablet":"","ocean_menu_typo_transform_mobile":"","ocean_menu_typo_line_height":0,"ocean_menu_typo_line_height_tablet":0,"ocean_menu_typo_line_height_mobile":0,"ocean_menu_typo_line_height_unit":"","ocean_menu_typo_spacing":0,"ocean_menu_typo_spacing_tablet":0,"ocean_menu_typo_spacing_mobile":0,"ocean_menu_typo_spacing_unit":"","ocean_menu_link_color":"","ocean_menu_link_color_hover":"","ocean_menu_link_color_active":"","ocean_menu_link_background":"","ocean_menu_link_hover_background":"","ocean_menu_link_active_background":"","ocean_menu_social_links_bg":"","ocean_menu_social_hover_links_bg":"","ocean_menu_social_links_color":"","ocean_menu_social_hover_links_color":"","ocean_disable_title":"default","ocean_disable_heading":"default","ocean_post_title":"","ocean_post_subheading":"","ocean_post_title_style":"","ocean_post_title_background_color":"","ocean_post_title_background":0,"ocean_post_title_bg_image_position":"","ocean_post_title_bg_image_attachment":"","ocean_post_title_bg_image_repeat":"","ocean_post_title_bg_image_size":"","ocean_post_title_height":0,"ocean_post_title_bg_overlay":0.5,"ocean_post_title_bg_overlay_color":"","ocean_disable_breadcrumbs":"default","ocean_breadcrumbs_color":"","ocean_breadcrumbs_separator_color":"","ocean_breadcrumbs_links_color":"","ocean_breadcrumbs_links_hover_color":"","ocean_display_footer_widgets":"default","ocean_display_footer_bottom":"default","ocean_custom_footer_template":"0","footnotes":""},"class_list":["post-2630","page","type-page","status-publish","hentry","entry"],"acf":[],"yoast_head":"<!-- This site is optimized with the Yoast SEO plugin v27.4 - https:\/\/yoast.com\/product\/yoast-seo-wordpress\/ -->\n<title>Campania - Revitapolis<\/title>\n<meta name=\"description\" content=\"La Campania \u00e8 una regione dell&#039;Italia meridionale ricca di attrazioni turistiche. Gli abitanti sono calorosi e ospitali.\" \/>\n<meta name=\"robots\" content=\"index, follow, max-snippet:-1, max-image-preview:large, max-video-preview:-1\" \/>\n<link rel=\"canonical\" href=\"https:\/\/revitapolis.com\/it\/italia\/campania\/\" \/>\n<meta property=\"og:locale\" content=\"it_IT\" \/>\n<meta property=\"og:type\" content=\"article\" \/>\n<meta property=\"og:title\" content=\"Campania - Revitapolis\" \/>\n<meta property=\"og:description\" content=\"La Campania \u00e8 una regione dell&#039;Italia meridionale ricca di attrazioni turistiche. Gli abitanti sono calorosi e ospitali.\" \/>\n<meta property=\"og:url\" content=\"https:\/\/revitapolis.com\/it\/italia\/campania\/\" \/>\n<meta property=\"og:site_name\" content=\"Revitapolis\" \/>\n<meta property=\"article:modified_time\" content=\"2024-05-14T07:34:59+00:00\" \/>\n<meta property=\"og:image\" content=\"https:\/\/revitapolis.com\/wp-content\/uploads\/2022\/12\/vesuv-neapel-kampanien.jpg\" \/>\n<meta name=\"twitter:card\" content=\"summary_large_image\" \/>\n<meta name=\"twitter:label1\" content=\"Tempo di lettura stimato\" \/>\n\t<meta name=\"twitter:data1\" content=\"1 minuto\" \/>\n<script type=\"application\/ld+json\" class=\"yoast-schema-graph\">{\"@context\":\"https:\\\/\\\/schema.org\",\"@graph\":[{\"@type\":\"WebPage\",\"@id\":\"https:\\\/\\\/revitapolis.com\\\/it\\\/italia\\\/campania\\\/\",\"url\":\"https:\\\/\\\/revitapolis.com\\\/it\\\/italia\\\/campania\\\/\",\"name\":\"Campania - Revitapolis\",\"isPartOf\":{\"@id\":\"https:\\\/\\\/revitapolis.com\\\/it\\\/#website\"},\"primaryImageOfPage\":{\"@id\":\"https:\\\/\\\/revitapolis.com\\\/it\\\/italia\\\/campania\\\/#primaryimage\"},\"image\":{\"@id\":\"https:\\\/\\\/revitapolis.com\\\/it\\\/italia\\\/campania\\\/#primaryimage\"},\"thumbnailUrl\":\"https:\\\/\\\/revitapolis.com\\\/wp-content\\\/uploads\\\/2022\\\/12\\\/vesuv-neapel-kampanien.jpg\",\"datePublished\":\"2022-05-03T19:09:01+00:00\",\"dateModified\":\"2024-05-14T07:34:59+00:00\",\"description\":\"La Campania \u00e8 una regione dell'Italia meridionale ricca di attrazioni turistiche. Gli abitanti sono calorosi e ospitali.\",\"breadcrumb\":{\"@id\":\"https:\\\/\\\/revitapolis.com\\\/it\\\/italia\\\/campania\\\/#breadcrumb\"},\"inLanguage\":\"it-IT\",\"potentialAction\":[{\"@type\":\"ReadAction\",\"target\":[\"https:\\\/\\\/revitapolis.com\\\/it\\\/italia\\\/campania\\\/\"]}]},{\"@type\":\"ImageObject\",\"inLanguage\":\"it-IT\",\"@id\":\"https:\\\/\\\/revitapolis.com\\\/it\\\/italia\\\/campania\\\/#primaryimage\",\"url\":\"https:\\\/\\\/revitapolis.com\\\/wp-content\\\/uploads\\\/2022\\\/12\\\/vesuv-neapel-kampanien.jpg\",\"contentUrl\":\"https:\\\/\\\/revitapolis.com\\\/wp-content\\\/uploads\\\/2022\\\/12\\\/vesuv-neapel-kampanien.jpg\"},{\"@type\":\"BreadcrumbList\",\"@id\":\"https:\\\/\\\/revitapolis.com\\\/it\\\/italia\\\/campania\\\/#breadcrumb\",\"itemListElement\":[{\"@type\":\"ListItem\",\"position\":1,\"name\":\"Pagina iniziale\",\"item\":\"https:\\\/\\\/revitapolis.com\\\/it\\\/\"},{\"@type\":\"ListItem\",\"position\":2,\"name\":\"Italia\",\"item\":\"https:\\\/\\\/revitapolis.com\\\/it\\\/italia\\\/\"},{\"@type\":\"ListItem\",\"position\":3,\"name\":\"Campania\"}]},{\"@type\":\"WebSite\",\"@id\":\"https:\\\/\\\/revitapolis.com\\\/it\\\/#website\",\"url\":\"https:\\\/\\\/revitapolis.com\\\/it\\\/\",\"name\":\"Revitapolis\",\"description\":\"Wiederbelebung italienischer Orte\",\"publisher\":{\"@id\":\"https:\\\/\\\/revitapolis.com\\\/it\\\/#organization\"},\"potentialAction\":[{\"@type\":\"SearchAction\",\"target\":{\"@type\":\"EntryPoint\",\"urlTemplate\":\"https:\\\/\\\/revitapolis.com\\\/it\\\/?s={search_term_string}\"},\"query-input\":{\"@type\":\"PropertyValueSpecification\",\"valueRequired\":true,\"valueName\":\"search_term_string\"}}],\"inLanguage\":\"it-IT\"},{\"@type\":\"Organization\",\"@id\":\"https:\\\/\\\/revitapolis.com\\\/it\\\/#organization\",\"name\":\"Revitapolis\",\"url\":\"https:\\\/\\\/revitapolis.com\\\/it\\\/\",\"logo\":{\"@type\":\"ImageObject\",\"inLanguage\":\"it-IT\",\"@id\":\"https:\\\/\\\/revitapolis.com\\\/it\\\/#\\\/schema\\\/logo\\\/image\\\/\",\"url\":\"https:\\\/\\\/revitapolis.com\\\/wp-content\\\/uploads\\\/2022\\\/03\\\/cropped-logo-revitapolis.jpg\",\"contentUrl\":\"https:\\\/\\\/revitapolis.com\\\/wp-content\\\/uploads\\\/2022\\\/03\\\/cropped-logo-revitapolis.jpg\",\"width\":200,\"height\":91,\"caption\":\"Revitapolis\"},\"image\":{\"@id\":\"https:\\\/\\\/revitapolis.com\\\/it\\\/#\\\/schema\\\/logo\\\/image\\\/\"}}]}<\/script>\n<!-- \/ Yoast SEO plugin. -->","yoast_head_json":{"title":"Campania - Revitapolis","description":"La Campania \u00e8 una regione dell'Italia meridionale ricca di attrazioni turistiche. Gli abitanti sono calorosi e ospitali.","robots":{"index":"index","follow":"follow","max-snippet":"max-snippet:-1","max-image-preview":"max-image-preview:large","max-video-preview":"max-video-preview:-1"},"canonical":"https:\/\/revitapolis.com\/it\/italia\/campania\/","og_locale":"it_IT","og_type":"article","og_title":"Campania - Revitapolis","og_description":"La Campania \u00e8 una regione dell'Italia meridionale ricca di attrazioni turistiche. Gli abitanti sono calorosi e ospitali.","og_url":"https:\/\/revitapolis.com\/it\/italia\/campania\/","og_site_name":"Revitapolis","article_modified_time":"2024-05-14T07:34:59+00:00","og_image":[{"url":"https:\/\/revitapolis.com\/wp-content\/uploads\/2022\/12\/vesuv-neapel-kampanien.jpg","type":"","width":"","height":""}],"twitter_card":"summary_large_image","twitter_misc":{"Tempo di lettura stimato":"1 minuto"},"schema":{"@context":"https:\/\/schema.org","@graph":[{"@type":"WebPage","@id":"https:\/\/revitapolis.com\/it\/italia\/campania\/","url":"https:\/\/revitapolis.com\/it\/italia\/campania\/","name":"Campania - Revitapolis","isPartOf":{"@id":"https:\/\/revitapolis.com\/it\/#website"},"primaryImageOfPage":{"@id":"https:\/\/revitapolis.com\/it\/italia\/campania\/#primaryimage"},"image":{"@id":"https:\/\/revitapolis.com\/it\/italia\/campania\/#primaryimage"},"thumbnailUrl":"https:\/\/revitapolis.com\/wp-content\/uploads\/2022\/12\/vesuv-neapel-kampanien.jpg","datePublished":"2022-05-03T19:09:01+00:00","dateModified":"2024-05-14T07:34:59+00:00","description":"La Campania \u00e8 una regione dell'Italia meridionale ricca di attrazioni turistiche. Gli abitanti sono calorosi e ospitali.","breadcrumb":{"@id":"https:\/\/revitapolis.com\/it\/italia\/campania\/#breadcrumb"},"inLanguage":"it-IT","potentialAction":[{"@type":"ReadAction","target":["https:\/\/revitapolis.com\/it\/italia\/campania\/"]}]},{"@type":"ImageObject","inLanguage":"it-IT","@id":"https:\/\/revitapolis.com\/it\/italia\/campania\/#primaryimage","url":"https:\/\/revitapolis.com\/wp-content\/uploads\/2022\/12\/vesuv-neapel-kampanien.jpg","contentUrl":"https:\/\/revitapolis.com\/wp-content\/uploads\/2022\/12\/vesuv-neapel-kampanien.jpg"},{"@type":"BreadcrumbList","@id":"https:\/\/revitapolis.com\/it\/italia\/campania\/#breadcrumb","itemListElement":[{"@type":"ListItem","position":1,"name":"Pagina iniziale","item":"https:\/\/revitapolis.com\/it\/"},{"@type":"ListItem","position":2,"name":"Italia","item":"https:\/\/revitapolis.com\/it\/italia\/"},{"@type":"ListItem","position":3,"name":"Campania"}]},{"@type":"WebSite","@id":"https:\/\/revitapolis.com\/it\/#website","url":"https:\/\/revitapolis.com\/it\/","name":"Revitapolis","description":"Wiederbelebung italienischer Orte","publisher":{"@id":"https:\/\/revitapolis.com\/it\/#organization"},"potentialAction":[{"@type":"SearchAction","target":{"@type":"EntryPoint","urlTemplate":"https:\/\/revitapolis.com\/it\/?s={search_term_string}"},"query-input":{"@type":"PropertyValueSpecification","valueRequired":true,"valueName":"search_term_string"}}],"inLanguage":"it-IT"},{"@type":"Organization","@id":"https:\/\/revitapolis.com\/it\/#organization","name":"Revitapolis","url":"https:\/\/revitapolis.com\/it\/","logo":{"@type":"ImageObject","inLanguage":"it-IT","@id":"https:\/\/revitapolis.com\/it\/#\/schema\/logo\/image\/","url":"https:\/\/revitapolis.com\/wp-content\/uploads\/2022\/03\/cropped-logo-revitapolis.jpg","contentUrl":"https:\/\/revitapolis.com\/wp-content\/uploads\/2022\/03\/cropped-logo-revitapolis.jpg","width":200,"height":91,"caption":"Revitapolis"},"image":{"@id":"https:\/\/revitapolis.com\/it\/#\/schema\/logo\/image\/"}}]}},"_links":{"self":[{"href":"https:\/\/revitapolis.com\/it\/wp-json\/wp\/v2\/pages\/2630","targetHints":{"allow":["GET"]}}],"collection":[{"href":"https:\/\/revitapolis.com\/it\/wp-json\/wp\/v2\/pages"}],"about":[{"href":"https:\/\/revitapolis.com\/it\/wp-json\/wp\/v2\/types\/page"}],"author":[{"embeddable":true,"href":"https:\/\/revitapolis.com\/it\/wp-json\/wp\/v2\/users\/1"}],"replies":[{"embeddable":true,"href":"https:\/\/revitapolis.com\/it\/wp-json\/wp\/v2\/comments?post=2630"}],"version-history":[{"count":3,"href":"https:\/\/revitapolis.com\/it\/wp-json\/wp\/v2\/pages\/2630\/revisions"}],"predecessor-version":[{"id":5176,"href":"https:\/\/revitapolis.com\/it\/wp-json\/wp\/v2\/pages\/2630\/revisions\/5176"}],"up":[{"embeddable":true,"href":"https:\/\/revitapolis.com\/it\/wp-json\/wp\/v2\/pages\/2626"}],"wp:attachment":[{"href":"https:\/\/revitapolis.com\/it\/wp-json\/wp\/v2\/media?parent=2630"}],"curies":[{"name":"wp","href":"https:\/\/api.w.org\/{rel}","templated":true}]}}