{"id":2628,"date":"2022-05-03T19:10:19","date_gmt":"2022-05-03T19:10:19","guid":{"rendered":"https:\/\/revitapolis.com\/italia\/abruzzen\/"},"modified":"2024-05-21T15:50:12","modified_gmt":"2024-05-21T15:50:12","slug":"abruzzo","status":"publish","type":"page","link":"https:\/\/revitapolis.com\/it\/italia\/abruzzo\/","title":{"rendered":"Abruzzo"},"content":{"rendered":"\n<div style=\"height:30px\" aria-hidden=\"true\" class=\"wp-block-spacer\"><\/div>\n\n<div class=\"wp-block-columns is-layout-flex wp-container-core-columns-is-layout-9d6595d7 wp-block-columns-is-layout-flex\">\n<div class=\"wp-block-column is-layout-flow wp-block-column-is-layout-flow\">\n<figure class=\"wp-block-image\"><img fetchpriority=\"high\" decoding=\"async\" width=\"640\" height=\"400\" src=\"https:\/\/revitapolis.com\/wp-content\/uploads\/2022\/12\/campotosto-2156733_640.jpg\" alt=\"Campotosto nella provincia dell'Aquila, Abruzzo\" class=\"wp-image-3125\" srcset=\"https:\/\/revitapolis.com\/wp-content\/uploads\/2022\/12\/campotosto-2156733_640.jpg 640w, https:\/\/revitapolis.com\/wp-content\/uploads\/2022\/12\/campotosto-2156733_640-300x188.jpg 300w\" sizes=\"(max-width: 640px) 100vw, 640px\" \/><\/figure>\n<\/div>\n\n\n\n<div class=\"wp-block-column is-layout-flow wp-block-column-is-layout-flow\">\n<h2 class=\"wp-block-heading\">La regione verde d&#8217;Italia<\/h2>\n\n\n\n<p>Se cercate una natura incontaminata, l&#8217;Abruzzo \u00e8 il posto che fa per voi! La regione \u00e8 anche chiamata la &#8220;regione verde d&#8217;Europa&#8221;. Pi\u00f9 di un terzo della sua superficie \u00e8 protetto e designato come parco. Una buona parte del territorio offre una natura ancora incontaminata.<\/p>\n<\/div>\n<\/div>\n\n<h2 class=\"wp-block-heading\" style=\"font-size:30px\">Italia &gt; Abruzzo<\/h2>\n\n<p class=\"has-black-color has-text-color\">L&#8217;Abruzzo \u00e8 geograficamente situato al centro dell&#8217;Italia. Storicamente e culturalmente, la regione fa comunque parte dell&#8217;Italia meridionale. La regione ha una superficie di 10.831,84 km\u00b2 e una popolazione di 1.305.770 abitanti (dati aggiornati al 31 dicembre 2019). Dal medioevo fino al XIX secolo, l&#8217;Abruzzo appartenne al Regno delle Due Sicilie e, successivamente, a Napoli, il che port\u00f2 a interdipendenze economiche e culturali. Dietro la fascia costiera, lunga 150 km e situata sul mar Adriatico, segue un paesaggio collinare che conduce fino all&#8217;Appennino abruzzese, dove si trova anche il famoso massiccio del Gran Sasso. La regione \u00e8 nota per la sua natura intatta e incontaminata, motivo per cui viene anche chiamata la \u201cregione verde d\u2019Europa\u201d. L&#8217;Abruzzo ospita il Parco Nazionale d&#8217;Abruzzo, il Parco Nazionale del Gran Sasso, il Parco Nazionale della Maiella e il Parco Regionale Sirente-Velino. Il capoluogo della regione \u00e8 L&#8217;Aquila, con 69.710 abitanti (dati aggiornati al 31 dicembre 2019). Il clima varia da un clima mediterraneo sulla costa a un clima continentale sulle montagne.<\/p>\n\n<p class=\"has-white-color has-cyan-bluish-gray-background-color has-text-color has-background\"><strong>L\u2019Abruzzo \u00e8 costituito da quattro province, che vi presentiamo qui.<\/strong><\/p>\n\n<ul class=\"wp-block-list\">\n<li>Chieti &#8211; Breve informazione con mappa disponibile qui: <a href=\"https:\/\/www.google.com\/maps\/place\/Chieti,+Italien\/@42.1009135,13.8688394,9z\/data=!3m1!4b1!4m5!3m4!1s0x1330f07f2c317a7b:0x3094f9ab23881b0!8m2!3d42.0334428!4d14.3791912\">CHIETI<\/a><\/li>\n\n\n\n<li>Pescara &#8211; Breve informazione con mappa disponibile qui: <a href=\"https:\/\/www.google.com\/maps\/place\/Pescara,+Italien\/@42.3084596,13.7296553,10z\/data=!3m1!4b1!4m5!3m4!1s0x13304caa4a157165:0x3094f9ab23881a0!8m2!3d42.3570655!4d13.9608091\">PESCARA<\/a><\/li>\n\n\n\n<li>Teramo &#8211; Breve informazione con mappa disponibile qui: <a href=\"https:\/\/www.google.com\/maps\/place\/Teramo,+Italien\/@42.6525115,12.6629137,9z\/data=!3m1!4b1!4m5!3m4!1s0x1331e81ea9a8a2e7:0x3094f9ab2388190!8m2!3d42.5895608!4d13.6362715\">TERAMO<\/a><\/li>\n\n\n\n<li>L&#8217;Aquila &#8211; Breve informazione con mappa disponibile qui: <a href=\"https:\/\/www.google.com\/maps\/place\/L%E2%80%99Aquila,+Italien\/@42.1353191,13.0636157,9z\/data=!3m1!4b1!4m5!3m4!1s0x133026b005ffd4ff:0x3094f9ab2388180!8m2!3d42.1256317!4d13.6362715\">L&#8217;AQUILA<\/a><\/li>\n<\/ul>\n\n<hr class=\"wp-block-separator has-css-opacity\"\/>\n\n<figure class=\"wp-block-gallery has-nested-images columns-default is-cropped wp-block-gallery-2 is-layout-flex wp-block-gallery-is-layout-flex\">\n<figure class=\"wp-block-image size-large\"><img decoding=\"async\" width=\"640\" height=\"480\" data-id=\"3193\" src=\"https:\/\/revitapolis.com\/wp-content\/uploads\/2022\/12\/Abruzzen-Torricella-Peligna-Italien.jpg\" alt=\"Abruzzo-Torricella-Peligna-Italia\" class=\"wp-image-3193\" srcset=\"https:\/\/revitapolis.com\/wp-content\/uploads\/2022\/12\/Abruzzen-Torricella-Peligna-Italien.jpg 640w, https:\/\/revitapolis.com\/wp-content\/uploads\/2022\/12\/Abruzzen-Torricella-Peligna-Italien-300x225.jpg 300w\" sizes=\"(max-width: 640px) 100vw, 640px\" \/><\/figure>\n\n\n\n<figure class=\"wp-block-image size-large\"><img decoding=\"async\" width=\"640\" height=\"480\" data-id=\"3132\" src=\"https:\/\/revitapolis.com\/wp-content\/uploads\/2022\/12\/rocca-calascio-abruzzo.jpg\" alt=\"Rocca Calascio nella provincia dell'Aquila, Abruzzo\" class=\"wp-image-3132\" srcset=\"https:\/\/revitapolis.com\/wp-content\/uploads\/2022\/12\/rocca-calascio-abruzzo.jpg 640w, https:\/\/revitapolis.com\/wp-content\/uploads\/2022\/12\/rocca-calascio-abruzzo-300x225.jpg 300w\" sizes=\"(max-width: 640px) 100vw, 640px\" \/><\/figure>\n\n\n\n<figure class=\"wp-block-image size-large\"><img loading=\"lazy\" decoding=\"async\" width=\"640\" height=\"480\" data-id=\"3135\" src=\"https:\/\/revitapolis.com\/wp-content\/uploads\/2022\/12\/trabocchi-abruzzo.jpg\" alt=\"Trabocchi in Abruzzo\" class=\"wp-image-3135\" srcset=\"https:\/\/revitapolis.com\/wp-content\/uploads\/2022\/12\/trabocchi-abruzzo.jpg 640w, https:\/\/revitapolis.com\/wp-content\/uploads\/2022\/12\/trabocchi-abruzzo-300x225.jpg 300w\" sizes=\"(max-width: 640px) 100vw, 640px\" \/><\/figure>\n<\/figure>\n\n<div style=\"height:15px\" aria-hidden=\"true\" class=\"wp-block-spacer\"><\/div>\n\n<p class=\"has-text-align-center has-small-font-size\">La regione Abruzzo \u00e8 unica con i suoi paesaggi incontaminati e si presta ad ampie escursioni.<\/p>\n\n<hr style=\"border: 0; height: 1px; background-image: linear-gradient(to right, rgba(0, 0, 0, 0), rgba(0, 0, 0, 0.75), rgba(0, 0, 0, 0));\"\/>\n","protected":false},"excerpt":{"rendered":"<p>La regione verde d&#8217;Italia Se cercate una natura incontaminata, l&#8217;Abruzzo \u00e8 il posto che fa per voi! La regione \u00e8 anche chiamata la &#8220;regione verde d&#8217;Europa&#8221;. Pi\u00f9 di un terzo della sua superficie \u00e8 protetto e designato come parco. Una buona parte del territorio offre una natura ancora incontaminata. Italia &gt; Abruzzo L&#8217;Abruzzo \u00e8 geograficamente [&hellip;]<\/p>\n","protected":false},"author":1,"featured_media":0,"parent":2626,"menu_order":0,"comment_status":"closed","ping_status":"closed","template":"","meta":{"_acf_changed":false,"om_disable_all_campaigns":false,"_monsterinsights_skip_tracking":false,"_monsterinsights_sitenote_active":false,"_monsterinsights_sitenote_note":"","_monsterinsights_sitenote_category":0,"ocean_post_layout":"","ocean_both_sidebars_style":"","ocean_both_sidebars_content_width":0,"ocean_both_sidebars_sidebars_width":0,"ocean_sidebar":"0","ocean_second_sidebar":"0","ocean_disable_margins":"enable","ocean_add_body_class":"","ocean_shortcode_before_top_bar":"","ocean_shortcode_after_top_bar":"","ocean_shortcode_before_header":"","ocean_shortcode_after_header":"","ocean_has_shortcode":"","ocean_shortcode_after_title":"","ocean_shortcode_before_footer_widgets":"","ocean_shortcode_after_footer_widgets":"","ocean_shortcode_before_footer_bottom":"","ocean_shortcode_after_footer_bottom":"","ocean_display_top_bar":"default","ocean_display_header":"default","ocean_header_style":"","ocean_center_header_left_menu":"0","ocean_custom_header_template":"0","ocean_custom_logo":0,"ocean_custom_retina_logo":0,"ocean_custom_logo_max_width":0,"ocean_custom_logo_tablet_max_width":0,"ocean_custom_logo_mobile_max_width":0,"ocean_custom_logo_max_height":0,"ocean_custom_logo_tablet_max_height":0,"ocean_custom_logo_mobile_max_height":0,"ocean_header_custom_menu":"0","ocean_menu_typo_font_family":"0","ocean_menu_typo_font_subset":"","ocean_menu_typo_font_size":0,"ocean_menu_typo_font_size_tablet":0,"ocean_menu_typo_font_size_mobile":0,"ocean_menu_typo_font_size_unit":"px","ocean_menu_typo_font_weight":"","ocean_menu_typo_font_weight_tablet":"","ocean_menu_typo_font_weight_mobile":"","ocean_menu_typo_transform":"","ocean_menu_typo_transform_tablet":"","ocean_menu_typo_transform_mobile":"","ocean_menu_typo_line_height":0,"ocean_menu_typo_line_height_tablet":0,"ocean_menu_typo_line_height_mobile":0,"ocean_menu_typo_line_height_unit":"","ocean_menu_typo_spacing":0,"ocean_menu_typo_spacing_tablet":0,"ocean_menu_typo_spacing_mobile":0,"ocean_menu_typo_spacing_unit":"","ocean_menu_link_color":"","ocean_menu_link_color_hover":"","ocean_menu_link_color_active":"","ocean_menu_link_background":"","ocean_menu_link_hover_background":"","ocean_menu_link_active_background":"","ocean_menu_social_links_bg":"","ocean_menu_social_hover_links_bg":"","ocean_menu_social_links_color":"","ocean_menu_social_hover_links_color":"","ocean_disable_title":"default","ocean_disable_heading":"default","ocean_post_title":"","ocean_post_subheading":"","ocean_post_title_style":"","ocean_post_title_background_color":"","ocean_post_title_background":0,"ocean_post_title_bg_image_position":"","ocean_post_title_bg_image_attachment":"","ocean_post_title_bg_image_repeat":"","ocean_post_title_bg_image_size":"","ocean_post_title_height":0,"ocean_post_title_bg_overlay":0.5,"ocean_post_title_bg_overlay_color":"","ocean_disable_breadcrumbs":"default","ocean_breadcrumbs_color":"","ocean_breadcrumbs_separator_color":"","ocean_breadcrumbs_links_color":"","ocean_breadcrumbs_links_hover_color":"","ocean_display_footer_widgets":"default","ocean_display_footer_bottom":"default","ocean_custom_footer_template":"0","footnotes":""},"class_list":["post-2628","page","type-page","status-publish","hentry","entry"],"acf":[],"yoast_head":"<!-- This site is optimized with the Yoast SEO plugin v27.3 - https:\/\/yoast.com\/product\/yoast-seo-wordpress\/ -->\n<title>Abruzzo - Revitapolis<\/title>\n<meta name=\"description\" content=\"La regione Abruzzo \u00e8 la regione verde d&#039;Europa. Godetevi la natura incontaminata e i paesaggi unici!\" \/>\n<meta name=\"robots\" content=\"index, follow, max-snippet:-1, max-image-preview:large, max-video-preview:-1\" \/>\n<link rel=\"canonical\" href=\"https:\/\/revitapolis.com\/it\/italia\/abruzzo\/\" \/>\n<meta property=\"og:locale\" content=\"it_IT\" \/>\n<meta property=\"og:type\" content=\"article\" \/>\n<meta property=\"og:title\" content=\"Abruzzo - Revitapolis\" \/>\n<meta property=\"og:description\" content=\"La regione Abruzzo \u00e8 la regione verde d&#039;Europa. Godetevi la natura incontaminata e i paesaggi unici!\" \/>\n<meta property=\"og:url\" content=\"https:\/\/revitapolis.com\/it\/italia\/abruzzo\/\" \/>\n<meta property=\"og:site_name\" content=\"Revitapolis\" \/>\n<meta property=\"article:modified_time\" content=\"2024-05-21T15:50:12+00:00\" \/>\n<meta property=\"og:image\" content=\"https:\/\/revitapolis.com\/wp-content\/uploads\/2022\/12\/campotosto-2156733_640.jpg\" \/>\n<meta name=\"twitter:card\" content=\"summary_large_image\" \/>\n<meta name=\"twitter:label1\" content=\"Tempo di lettura stimato\" \/>\n\t<meta name=\"twitter:data1\" content=\"1 minuto\" \/>\n<script type=\"application\/ld+json\" class=\"yoast-schema-graph\">{\"@context\":\"https:\\\/\\\/schema.org\",\"@graph\":[{\"@type\":\"WebPage\",\"@id\":\"https:\\\/\\\/revitapolis.com\\\/it\\\/italia\\\/abruzzo\\\/\",\"url\":\"https:\\\/\\\/revitapolis.com\\\/it\\\/italia\\\/abruzzo\\\/\",\"name\":\"Abruzzo - Revitapolis\",\"isPartOf\":{\"@id\":\"https:\\\/\\\/revitapolis.com\\\/it\\\/#website\"},\"primaryImageOfPage\":{\"@id\":\"https:\\\/\\\/revitapolis.com\\\/it\\\/italia\\\/abruzzo\\\/#primaryimage\"},\"image\":{\"@id\":\"https:\\\/\\\/revitapolis.com\\\/it\\\/italia\\\/abruzzo\\\/#primaryimage\"},\"thumbnailUrl\":\"https:\\\/\\\/revitapolis.com\\\/wp-content\\\/uploads\\\/2022\\\/12\\\/campotosto-2156733_640.jpg\",\"datePublished\":\"2022-05-03T19:10:19+00:00\",\"dateModified\":\"2024-05-21T15:50:12+00:00\",\"description\":\"La regione Abruzzo \u00e8 la regione verde d'Europa. Godetevi la natura incontaminata e i paesaggi unici!\",\"breadcrumb\":{\"@id\":\"https:\\\/\\\/revitapolis.com\\\/it\\\/italia\\\/abruzzo\\\/#breadcrumb\"},\"inLanguage\":\"it-IT\",\"potentialAction\":[{\"@type\":\"ReadAction\",\"target\":[\"https:\\\/\\\/revitapolis.com\\\/it\\\/italia\\\/abruzzo\\\/\"]}]},{\"@type\":\"ImageObject\",\"inLanguage\":\"it-IT\",\"@id\":\"https:\\\/\\\/revitapolis.com\\\/it\\\/italia\\\/abruzzo\\\/#primaryimage\",\"url\":\"https:\\\/\\\/revitapolis.com\\\/wp-content\\\/uploads\\\/2022\\\/12\\\/campotosto-2156733_640.jpg\",\"contentUrl\":\"https:\\\/\\\/revitapolis.com\\\/wp-content\\\/uploads\\\/2022\\\/12\\\/campotosto-2156733_640.jpg\"},{\"@type\":\"BreadcrumbList\",\"@id\":\"https:\\\/\\\/revitapolis.com\\\/it\\\/italia\\\/abruzzo\\\/#breadcrumb\",\"itemListElement\":[{\"@type\":\"ListItem\",\"position\":1,\"name\":\"Pagina iniziale\",\"item\":\"https:\\\/\\\/revitapolis.com\\\/it\\\/\"},{\"@type\":\"ListItem\",\"position\":2,\"name\":\"Italia\",\"item\":\"https:\\\/\\\/revitapolis.com\\\/it\\\/italia\\\/\"},{\"@type\":\"ListItem\",\"position\":3,\"name\":\"Abruzzo\"}]},{\"@type\":\"WebSite\",\"@id\":\"https:\\\/\\\/revitapolis.com\\\/it\\\/#website\",\"url\":\"https:\\\/\\\/revitapolis.com\\\/it\\\/\",\"name\":\"Revitapolis\",\"description\":\"Wiederbelebung italienischer Orte\",\"publisher\":{\"@id\":\"https:\\\/\\\/revitapolis.com\\\/it\\\/#organization\"},\"potentialAction\":[{\"@type\":\"SearchAction\",\"target\":{\"@type\":\"EntryPoint\",\"urlTemplate\":\"https:\\\/\\\/revitapolis.com\\\/it\\\/?s={search_term_string}\"},\"query-input\":{\"@type\":\"PropertyValueSpecification\",\"valueRequired\":true,\"valueName\":\"search_term_string\"}}],\"inLanguage\":\"it-IT\"},{\"@type\":\"Organization\",\"@id\":\"https:\\\/\\\/revitapolis.com\\\/it\\\/#organization\",\"name\":\"Revitapolis\",\"url\":\"https:\\\/\\\/revitapolis.com\\\/it\\\/\",\"logo\":{\"@type\":\"ImageObject\",\"inLanguage\":\"it-IT\",\"@id\":\"https:\\\/\\\/revitapolis.com\\\/it\\\/#\\\/schema\\\/logo\\\/image\\\/\",\"url\":\"https:\\\/\\\/revitapolis.com\\\/wp-content\\\/uploads\\\/2022\\\/03\\\/cropped-logo-revitapolis.jpg\",\"contentUrl\":\"https:\\\/\\\/revitapolis.com\\\/wp-content\\\/uploads\\\/2022\\\/03\\\/cropped-logo-revitapolis.jpg\",\"width\":200,\"height\":91,\"caption\":\"Revitapolis\"},\"image\":{\"@id\":\"https:\\\/\\\/revitapolis.com\\\/it\\\/#\\\/schema\\\/logo\\\/image\\\/\"}}]}<\/script>\n<!-- \/ Yoast SEO plugin. -->","yoast_head_json":{"title":"Abruzzo - Revitapolis","description":"La regione Abruzzo \u00e8 la regione verde d'Europa. Godetevi la natura incontaminata e i paesaggi unici!","robots":{"index":"index","follow":"follow","max-snippet":"max-snippet:-1","max-image-preview":"max-image-preview:large","max-video-preview":"max-video-preview:-1"},"canonical":"https:\/\/revitapolis.com\/it\/italia\/abruzzo\/","og_locale":"it_IT","og_type":"article","og_title":"Abruzzo - Revitapolis","og_description":"La regione Abruzzo \u00e8 la regione verde d'Europa. Godetevi la natura incontaminata e i paesaggi unici!","og_url":"https:\/\/revitapolis.com\/it\/italia\/abruzzo\/","og_site_name":"Revitapolis","article_modified_time":"2024-05-21T15:50:12+00:00","og_image":[{"url":"https:\/\/revitapolis.com\/wp-content\/uploads\/2022\/12\/campotosto-2156733_640.jpg","type":"","width":"","height":""}],"twitter_card":"summary_large_image","twitter_misc":{"Tempo di lettura stimato":"1 minuto"},"schema":{"@context":"https:\/\/schema.org","@graph":[{"@type":"WebPage","@id":"https:\/\/revitapolis.com\/it\/italia\/abruzzo\/","url":"https:\/\/revitapolis.com\/it\/italia\/abruzzo\/","name":"Abruzzo - Revitapolis","isPartOf":{"@id":"https:\/\/revitapolis.com\/it\/#website"},"primaryImageOfPage":{"@id":"https:\/\/revitapolis.com\/it\/italia\/abruzzo\/#primaryimage"},"image":{"@id":"https:\/\/revitapolis.com\/it\/italia\/abruzzo\/#primaryimage"},"thumbnailUrl":"https:\/\/revitapolis.com\/wp-content\/uploads\/2022\/12\/campotosto-2156733_640.jpg","datePublished":"2022-05-03T19:10:19+00:00","dateModified":"2024-05-21T15:50:12+00:00","description":"La regione Abruzzo \u00e8 la regione verde d'Europa. Godetevi la natura incontaminata e i paesaggi unici!","breadcrumb":{"@id":"https:\/\/revitapolis.com\/it\/italia\/abruzzo\/#breadcrumb"},"inLanguage":"it-IT","potentialAction":[{"@type":"ReadAction","target":["https:\/\/revitapolis.com\/it\/italia\/abruzzo\/"]}]},{"@type":"ImageObject","inLanguage":"it-IT","@id":"https:\/\/revitapolis.com\/it\/italia\/abruzzo\/#primaryimage","url":"https:\/\/revitapolis.com\/wp-content\/uploads\/2022\/12\/campotosto-2156733_640.jpg","contentUrl":"https:\/\/revitapolis.com\/wp-content\/uploads\/2022\/12\/campotosto-2156733_640.jpg"},{"@type":"BreadcrumbList","@id":"https:\/\/revitapolis.com\/it\/italia\/abruzzo\/#breadcrumb","itemListElement":[{"@type":"ListItem","position":1,"name":"Pagina iniziale","item":"https:\/\/revitapolis.com\/it\/"},{"@type":"ListItem","position":2,"name":"Italia","item":"https:\/\/revitapolis.com\/it\/italia\/"},{"@type":"ListItem","position":3,"name":"Abruzzo"}]},{"@type":"WebSite","@id":"https:\/\/revitapolis.com\/it\/#website","url":"https:\/\/revitapolis.com\/it\/","name":"Revitapolis","description":"Wiederbelebung italienischer Orte","publisher":{"@id":"https:\/\/revitapolis.com\/it\/#organization"},"potentialAction":[{"@type":"SearchAction","target":{"@type":"EntryPoint","urlTemplate":"https:\/\/revitapolis.com\/it\/?s={search_term_string}"},"query-input":{"@type":"PropertyValueSpecification","valueRequired":true,"valueName":"search_term_string"}}],"inLanguage":"it-IT"},{"@type":"Organization","@id":"https:\/\/revitapolis.com\/it\/#organization","name":"Revitapolis","url":"https:\/\/revitapolis.com\/it\/","logo":{"@type":"ImageObject","inLanguage":"it-IT","@id":"https:\/\/revitapolis.com\/it\/#\/schema\/logo\/image\/","url":"https:\/\/revitapolis.com\/wp-content\/uploads\/2022\/03\/cropped-logo-revitapolis.jpg","contentUrl":"https:\/\/revitapolis.com\/wp-content\/uploads\/2022\/03\/cropped-logo-revitapolis.jpg","width":200,"height":91,"caption":"Revitapolis"},"image":{"@id":"https:\/\/revitapolis.com\/it\/#\/schema\/logo\/image\/"}}]}},"_links":{"self":[{"href":"https:\/\/revitapolis.com\/it\/wp-json\/wp\/v2\/pages\/2628","targetHints":{"allow":["GET"]}}],"collection":[{"href":"https:\/\/revitapolis.com\/it\/wp-json\/wp\/v2\/pages"}],"about":[{"href":"https:\/\/revitapolis.com\/it\/wp-json\/wp\/v2\/types\/page"}],"author":[{"embeddable":true,"href":"https:\/\/revitapolis.com\/it\/wp-json\/wp\/v2\/users\/1"}],"replies":[{"embeddable":true,"href":"https:\/\/revitapolis.com\/it\/wp-json\/wp\/v2\/comments?post=2628"}],"version-history":[{"count":8,"href":"https:\/\/revitapolis.com\/it\/wp-json\/wp\/v2\/pages\/2628\/revisions"}],"predecessor-version":[{"id":5225,"href":"https:\/\/revitapolis.com\/it\/wp-json\/wp\/v2\/pages\/2628\/revisions\/5225"}],"up":[{"embeddable":true,"href":"https:\/\/revitapolis.com\/it\/wp-json\/wp\/v2\/pages\/2626"}],"wp:attachment":[{"href":"https:\/\/revitapolis.com\/it\/wp-json\/wp\/v2\/media?parent=2628"}],"curies":[{"name":"wp","href":"https:\/\/api.w.org\/{rel}","templated":true}]}}