{"id":2626,"date":"2024-09-08T07:08:22","date_gmt":"2024-09-08T07:08:22","guid":{"rendered":"https:\/\/revitapolis.com\/italia\/"},"modified":"2024-06-04T13:23:42","modified_gmt":"2024-06-04T13:23:42","slug":"italia","status":"publish","type":"page","link":"https:\/\/revitapolis.com\/it\/italia\/","title":{"rendered":"Italia"},"content":{"rendered":"\n<div style=\"height:30px\" aria-hidden=\"true\" class=\"wp-block-spacer\"><\/div>\n\n<h2 class=\"wp-block-heading\" style=\"font-size:30px\">Italia &gt; Regioni<\/h2>\n\n<p>L&#8217;Italia, ufficialmente la Repubblica Italiana, esiste come Stato dal 1861. La capitale d&#8217;Italia \u00e8 Roma. Milano \u00e8 il centro finanziario del Paese. L&#8217;italiano \u00e8 la lingua ufficiale dello Stato. In Trentino-Alto Adige, oltre all&#8217;italiano, il tedesco e il ladino sono lingue ufficiali, in Valle d&#8217;Aosta il francese e in Friuli-Venezia Giulia lo sloveno. L&#8217;Italia \u00e8 politicamente divisa in 20 regioni, 90 province e 15 citt\u00e0 metropolitane. In totale, ci sono 7.904 comuni in Italia. Con i suoi 7.400 km\u00b2, la provincia di Bolzano in Alto Adige \u00e8 la pi\u00f9 grande provincia italiana in termini di superficie e, insieme a Trento, \u00e8 equiparata alle regioni italiane come cosiddette province autonome.<\/p>\n\n<p>Il Paese \u00e8 un moderno Stato industrializzato e l&#8217;ottava economia del mondo in termini di prodotto interno lordo nominale. Il tenore di vita e il livello di istruzione sono elevati. Italien hat eine der h\u00f6chsten Lebenserwartungen in der Welt. L&#8217;Italia \u00e8 tra l&#8217;altro membro fondatore dell&#8217;Unione Europea, membro del G7, del G20, della NATO, delle Nazioni Unite (ONU), dell&#8217;Organizzazione per la Cooperazione e lo Sviluppo Economico (OCSE) e dell&#8217;Organizzazione Mondiale del Commercio (OMC).<\/p>\n\n<p>La penisola, che ricorda la forma di uno stivale, confina con Francia, Svizzera, Austria e Slovenia. Esiste un confine marittimo con la Croazia. I piccoli Stati di Citt\u00e0 del Vaticano e San Marino si trovano in Italia. Le isole pi\u00f9 grandi sono la Sicilia e la Sardegna, che sono anche regioni autonome.<\/p>\n\n<p>Su una superficie di 302.073 km\u00b2 vivono 58.983.122 abitanti (8 novembre 2022). Nel 2021, il 71% degli abitanti dell&#8217;Italia viveva in citt\u00e0. La densit\u00e0 media di popolazione \u00e8 piuttosto elevata, con 195,26 abitanti\/km\u00b2. Nelle pianure, la densit\u00e0 di popolazione raggiunge i 400 abitanti\/km\u00b2. Nella sola Pianura Padana, circa 20 milioni di abitanti (pi\u00f9 di 1\/3 della popolazione) vivono su 47.820 km\u00b2 (circa 1\/6 della superficie totale dell&#8217;Italia). Allo stesso tempo, ci sono molte aree in Italia dove la densit\u00e0 di popolazione \u00e8 inferiore alla media.<\/p>\n\n<p>L&#8217;Italia \u00e8 prevalentemente montuosa, essendo caratterizzata dagli Appennini e dalle Alpi. Nel nord Italia si trova la Pianura Padana, densamente popolata e altamente industrializzata. Il clima in Italia \u00e8 prevalentemente mediterraneo, ma a causa della forte espansione nord-sud e dei paesaggi diversificati, \u00e8 presente anche un clima alpino e continentale al nord e in montagna e un clima subtropicale pi\u00f9 a sud. Con oltre 7.600 km di costa e fino a 2000 ore di sole all&#8217;anno, l&#8217;Italia attira milioni di turisti in estate. I 24 parchi nazionali che coprono una superficie di 15.000 km\u00b2 ed i 134 parchi regionali distesi su 13.000 km\u00b2 dimostrano il grande amore che gli italiani nutrono per la natura.<\/p>\n\n<p>L&#8217;Italia \u00e8 anche chiamata la crocevia di civilt\u00e0. L&#8217;Italia ha influenzato la cultura e la storia dell&#8217;umanit\u00e0 per millenni. Nell&#8217;antichit\u00e0, l&#8217;Italia era la regione centrale dell&#8217;Impero Romano. I Romani continuano a influenzare la cultura europea in tutte le sue sfaccettature fino ai giorni nostri. In Toscana troviamo l&#8217;origine del Rinascimento. L&#8217;Italia \u00e8 stata, inoltre, un pioniere del Barocco. L&#8217;importanza culturale dell&#8217;Italia si riflette gi\u00e0 nel fatto che la maggior parte dei siti del patrimonio mondiale dell&#8217;UNESCO si trova in Italia.<\/p>\n\n<p>Cliccate qui sulla regione d&#8217;Italia che vi interessa. Indipendentemente dal luogo che attrae il vostro interesse, ogni zona ha le sue particolarit\u00e0. Lasciatevi catturare da paesaggi unici, colori meravigliosi, profumi ammalianti e cibi deliziosi. Venite con noi a fare un viaggio staordinario, un Grand Tour dell&#8217;era moderna.<\/p>\n\n<ul class=\"wp-block-list\">\n<li><a href=\"https:\/\/revitapolis.com\/it\/italia\/abruzzo\/\">Abruzzo<\/a> &#8211; Breve informazione con mappa disponibile qui: <a href=\"https:\/\/www.google.com\/maps\/place\/Abruzzen,+Italien\/@42.283134,12.7796472,8z\/data=!3m1!4b1!4m5!3m4!1s0x13303577b894aa23:0x1094f9ab2387cf0!8m2!3d42.1920119!4d13.7289167\" target=\"_blank\" rel=\"noreferrer noopener\">ABRUZZO<\/a><\/li>\n\n\n\n<li><a href=\"https:\/\/revitapolis.com\/it\/italia\/basilicata\/\">Basilicata<\/a> &#8211; Breve informazione con mappa disponibile qui: <a href=\"https:\/\/www.google.com\/maps\/place\/Basilikata,+Italien\/@40.5170529,15.5406342,9z\/data=!3m1!4b1!4m5!3m4!1s0x1338ea31058d2c83:0x241cc4d56e3b68d!8m2!3d40.6430766!4d15.9699878\" target=\"_blank\" rel=\"noreferrer noopener\">BASILICATA<\/a> <\/li>\n\n\n\n<li><a href=\"https:\/\/revitapolis.com\/it\/?page_id=3354\">Calabria<\/a> &#8211; Breve informazione con mappa disponibile qui: <a href=\"https:\/\/www.google.com\/maps?q=KALABRIEN&amp;rlz=1C1ONGR_deDE1019DE1019&amp;um=1&amp;ie=UTF-8&amp;sa=X&amp;ved=2ahUKEwi6gaCu9Pf9AhU6VfEDHZFGDHwQ_AUoAXoECAMQAw\">CALABRIA<\/a><\/li>\n\n\n\n<li><a href=\"https:\/\/revitapolis.com\/it\/italia\/campania\/\">Campania<\/a> &#8211; Breve informazione con mappa disponibile qui: <a href=\"https:\/\/www.google.com\/maps\/place\/Kampanien,+Italien\/@40.7456239,13.6631149,8z\/data=!3m1!4b1!4m5!3m4!1s0x133b1358d36a96df:0xcd02451454b543cd!8m2!3d41.1099473!4d14.8475139\" target=\"_blank\" rel=\"noreferrer noopener\">CAMPANIA<\/a><\/li>\n\n\n\n<li><a href=\"https:\/\/revitapolis.com\/it\/italia\/emilia-romagna\/\">Emilia-Romagna<\/a> &#8211; Breve informazione con mappa disponibile qui: <a href=\"https:\/\/www.google.com\/maps\/place\/Emilia-Romagna,+Italien\/@44.4319835,9.8556653,8z\/data=!3m1!4b1!4m5!3m4!1s0x132ab57c46f385dd:0x1079b0bfcba7ca0!8m2!3d44.5967607!4d11.2186396\" target=\"_blank\" rel=\"noreferrer noopener\">EMILIA-ROMAGNA<\/a><\/li>\n\n\n\n<li><a href=\"https:\/\/revitapolis.com\/it\/italia\/friuli-venezia-giulia\/\">Friuli Venezia Giulia<\/a> &#8211; Breve informazione con mappa disponibile qui: <a href=\"https:\/\/www.google.com\/maps\/place\/Friaul-Julisch+Venetien,+Italien\/@46.1139515,12.559465,9z\/data=!3m1!4b1!4m5!3m4!1s0x477a33a45ebebaeb:0x107098715907c80!8m2!3d46.2259177!4d13.1033646\" target=\"_blank\" rel=\"noreferrer noopener\">FRIULI VENEZIA GIULIA<\/a><\/li>\n\n\n\n<li><a href=\"https:\/\/revitapolis.com\/it\/italia\/lazio\/\">Lazio<\/a> &#8211; Breve informazione con mappa disponibile qui: <a href=\"https:\/\/www.google.com\/maps\/place\/Latium,+Italien\/@41.8083265,11.6173616,8z\/data=!3m1!4b1!4m5!3m4!1s0x1324eee6353a6535:0x6f4a9064f1a38529!8m2!3d41.6552418!4d12.989615\" target=\"_blank\" rel=\"noreferrer noopener\">LAZIO<\/a><\/li>\n\n\n\n<li><a href=\"https:\/\/revitapolis.com\/it\/italia\/liguria\/\">Liguria<\/a> &#8211; Breve informazione con mappa disponibile qui: <a href=\"https:\/\/www.google.com\/maps\/place\/Ligurien,+Italien\/@44.2176637,8.2224845,9z\/data=!3m1!4b1!4m5!3m4!1s0x12d31265d82c4fb5:0x105e67d473c7c90!8m2!3d44.3167917!4d8.3964938\" target=\"_blank\" rel=\"noreferrer noopener\">LIGURIA<\/a><\/li>\n\n\n\n<li><a href=\"https:\/\/revitapolis.com\/it\/italia\/lombardia\/\">Lombardia<\/a> &#8211; Breve informazione con mappa disponibile qui: <a href=\"https:\/\/www.google.com\/maps\/place\/Lombardei,+Italien\/@45.6538549,8.8416733,8z\/data=!3m1!4b1!4m5!3m4!1s0x478144c31a3e837f:0xa6f22622281593d4!8m2!3d45.4790671!4d9.8452433\" target=\"_blank\" rel=\"noreferrer noopener\">LOMBARDIA<\/a><\/li>\n\n\n\n<li><a href=\"https:\/\/revitapolis.com\/it\/italia\/marken\/\">Marche<\/a> &#8211; Breve informazione con mappa disponibile qui: <a href=\"https:\/\/www.google.com\/maps\/place\/Marken,+Italien\/@43.3281569,12.4904724,9z\/data=!3m1!4b1!4m5!3m4!1s0x132d7fbb94227e3d:0x4b1674874c3a60d1!8m2!3d43.5058744!4d12.989615\" target=\"_blank\" rel=\"noreferrer noopener\">MARCHE<\/a><\/li>\n\n\n\n<li><a href=\"https:\/\/revitapolis.com\/it\/italia\/molise\/\">Molise<\/a> &#8211; Breve informazione con mappa disponibile qui: <a href=\"https:\/\/www.google.com\/maps\/place\/Molise,+Italien\/@41.7170691,14.2711001,10z\/data=!3m1!4b1!4m5!3m4!1s0x133090a44646d853:0x1c618c732b229e9f!8m2!3d41.6738865!4d14.7520939\" target=\"_blank\" rel=\"noreferrer noopener\">MOLISE<\/a><\/li>\n\n\n\n<li><a href=\"https:\/\/revitapolis.com\/it\/italia\/piedimonte\/\">Piemonte<\/a> &#8211; Breve informazione con mappa disponibile qui: <a href=\"https:\/\/www.google.com\/maps\/place\/Piemont,+Italien\/@45.2585999,6.7993807,8z\/data=!3m1!4b1!4m5!3m4!1s0x4787743b019db167:0xbcc7b8edf2123bff!8m2!3d45.0522366!4d7.5153885\" target=\"_blank\" rel=\"noreferrer noopener\">PIEMONTE<\/a><\/li>\n\n\n\n<li><a href=\"https:\/\/revitapolis.com\/it\/italia\/puglia\/\">Puglia<\/a> &#8211; Breve informazione con mappa disponibile qui: <a href=\"https:\/\/www.google.com\/maps\/place\/Apulien,+Italien\/@41.0047408,15.6060785,8z\/data=!3m1!4b1!4m5!3m4!1s0x1336e42b8db993dd:0x396fba70f8247c8f!8m2!3d40.7928393!4d17.1011931\" target=\"_blank\" rel=\"noreferrer noopener\">PUGLIA<\/a><\/li>\n\n\n\n<li><a href=\"https:\/\/revitapolis.com\/it\/italia\/sardegna\/\">Sardegna<\/a> &#8211; Breve informazione con mappa disponibile qui: <a href=\"https:\/\/www.google.com\/maps\/place\/Sardinien\/@40.0583223,7.8577499,8z\/data=!3m1!4b1!4m5!3m4!1s0x12ddc48d448d3591:0x339674b6e4ab6631!8m2!3d40.1208752!4d9.0128926\" target=\"_blank\" rel=\"noreferrer noopener\">SARDEGNA<\/a><\/li>\n\n\n\n<li><a href=\"https:\/\/revitapolis.com\/sizilien\/\">Sicilia<\/a> -Breve informazione con mappa disponibile qui: <a href=\"https:\/\/www.google.com\/maps\/place\/Sizilien\/@37.5996051,12.9351791,8z\/data=!3m1!4b1!4m5!3m4!1s0x1310c1f34aa1f193:0x694f441ba13803f6!8m2!3d37.6377316!4d13.9311208\" target=\"_blank\" rel=\"noreferrer noopener\">SICILIA<\/a><\/li>\n\n\n\n<li><a href=\"https:\/\/revitapolis.com\/it\/italia\/toscana\/\">Toscana<\/a> &#8211; Breve informazione con mappa disponibile qui: <a href=\"https:\/\/www.google.com\/maps\/place\/Toskana,+Italien\/@43.3517017,9.9079045,8z\/data=!3m1!4b1!4m5!3m4!1s0x12d42b531080347b:0xbac6c3ba5b2059ab!8m2!3d43.7710513!4d11.2486208\" target=\"_blank\" rel=\"noreferrer noopener\">TOSCANA<\/a><\/li>\n\n\n\n<li><a href=\"https:\/\/revitapolis.com\/it\/italia\/trentino-alto-adige\/\">Trentino-Alto Adige<\/a> &#8211; Breve informazione con mappa disponibile qui: <a href=\"https:\/\/www.google.com\/maps\/place\/Trentino,+Italien\/@46.1027205,10.6469957,9z\/data=!3m1!4b1!4m5!3m4!1s0x478277944aff3d01:0x307098715907ec0!8m2!3d46.0512004!4d11.1175392\" target=\"_blank\" rel=\"noreferrer noopener\">TRENTINO-ALTO ADIGE<\/a><\/li>\n\n\n\n<li><a href=\"https:\/\/revitapolis.com\/it\/italia\/umbria\/\">Umbria<\/a> &#8211; Breve informazione con mappa disponibile qui: <a href=\"https:\/\/www.google.com\/maps\/place\/Umbrien,+Italien\/@42.9905363,12.0175915,9z\/data=!3m1!4b1!4m5!3m4!1s0x132e99ce6f80fd7d:0x9c0847e0b2bf6282!8m2!3d42.938004!4d12.6216211\" target=\"_blank\" rel=\"noreferrer noopener\">UMBRIA<\/a><\/li>\n\n\n\n<li><a href=\"https:\/\/revitapolis.com\/it\/italia\/valle-daosta\/\">Aostatal<\/a> &#8211; Breve informazione con mappa disponibile qui: <a href=\"https:\/\/www.google.com\/maps\/place\/Aostatal,+Italien\/@45.7274244,7.0902538,10z\/data=!3m1!4b1!4m5!3m4!1s0x4788ded6c5aff5a7:0x5625987c799cd59b!8m2!3d45.7388878!4d7.4261866\">AOSTATAL<\/a><\/li>\n\n\n\n<li><a href=\"https:\/\/revitapolis.com\/it\/italia\/veneto\/\">Veneto<\/a> &#8211; Breve informazione con mappa disponibile qui: <a href=\"https:\/\/www.google.com\/maps\/place\/Venetien,+Italien\/@45.7322819,10.7408643,8z\/data=!3m1!4b1!4m5!3m4!1s0x4778d7f1cc04b777:0x107098715907c70!8m2!3d45.4414662!4d12.3152595\" target=\"_blank\" rel=\"noreferrer noopener\">VENETO<\/a><\/li>\n<\/ul>\n\n<div style=\"height:30px\" aria-hidden=\"true\" class=\"wp-block-spacer\"><\/div>\n\n<hr style=\"border: 0; height: 1px; background-image: linear-gradient(to right, rgba(0, 0, 0, 0), rgba(0, 0, 0, 0.75), rgba(0, 0, 0, 0));\"\/>\n\n<div style=\"height:30px\" aria-hidden=\"true\" class=\"wp-block-spacer\"><\/div>\n","protected":false},"excerpt":{"rendered":"<p>Italia &gt; Regioni L&#8217;Italia, ufficialmente la Repubblica Italiana, esiste come Stato dal 1861. La capitale d&#8217;Italia \u00e8 Roma. Milano \u00e8 il centro finanziario del Paese. L&#8217;italiano \u00e8 la lingua ufficiale dello Stato. In Trentino-Alto Adige, oltre all&#8217;italiano, il tedesco e il ladino sono lingue ufficiali, in Valle d&#8217;Aosta il francese e in Friuli-Venezia Giulia lo [&hellip;]<\/p>\n","protected":false},"author":1,"featured_media":0,"parent":0,"menu_order":0,"comment_status":"closed","ping_status":"closed","template":"","meta":{"_acf_changed":false,"om_disable_all_campaigns":false,"_monsterinsights_skip_tracking":false,"_monsterinsights_sitenote_active":false,"_monsterinsights_sitenote_note":"","_monsterinsights_sitenote_category":0,"ocean_post_layout":"","ocean_both_sidebars_style":"","ocean_both_sidebars_content_width":0,"ocean_both_sidebars_sidebars_width":0,"ocean_sidebar":"0","ocean_second_sidebar":"0","ocean_disable_margins":"enable","ocean_add_body_class":"","ocean_shortcode_before_top_bar":"","ocean_shortcode_after_top_bar":"","ocean_shortcode_before_header":"","ocean_shortcode_after_header":"","ocean_has_shortcode":"","ocean_shortcode_after_title":"","ocean_shortcode_before_footer_widgets":"","ocean_shortcode_after_footer_widgets":"","ocean_shortcode_before_footer_bottom":"","ocean_shortcode_after_footer_bottom":"","ocean_display_top_bar":"default","ocean_display_header":"default","ocean_header_style":"","ocean_center_header_left_menu":"0","ocean_custom_header_template":"0","ocean_custom_logo":0,"ocean_custom_retina_logo":0,"ocean_custom_logo_max_width":0,"ocean_custom_logo_tablet_max_width":0,"ocean_custom_logo_mobile_max_width":0,"ocean_custom_logo_max_height":0,"ocean_custom_logo_tablet_max_height":0,"ocean_custom_logo_mobile_max_height":0,"ocean_header_custom_menu":"0","ocean_menu_typo_font_family":"0","ocean_menu_typo_font_subset":"","ocean_menu_typo_font_size":0,"ocean_menu_typo_font_size_tablet":0,"ocean_menu_typo_font_size_mobile":0,"ocean_menu_typo_font_size_unit":"px","ocean_menu_typo_font_weight":"","ocean_menu_typo_font_weight_tablet":"","ocean_menu_typo_font_weight_mobile":"","ocean_menu_typo_transform":"","ocean_menu_typo_transform_tablet":"","ocean_menu_typo_transform_mobile":"","ocean_menu_typo_line_height":0,"ocean_menu_typo_line_height_tablet":0,"ocean_menu_typo_line_height_mobile":0,"ocean_menu_typo_line_height_unit":"","ocean_menu_typo_spacing":0,"ocean_menu_typo_spacing_tablet":0,"ocean_menu_typo_spacing_mobile":0,"ocean_menu_typo_spacing_unit":"","ocean_menu_link_color":"","ocean_menu_link_color_hover":"","ocean_menu_link_color_active":"","ocean_menu_link_background":"","ocean_menu_link_hover_background":"","ocean_menu_link_active_background":"","ocean_menu_social_links_bg":"","ocean_menu_social_hover_links_bg":"","ocean_menu_social_links_color":"","ocean_menu_social_hover_links_color":"","ocean_disable_title":"default","ocean_disable_heading":"default","ocean_post_title":"","ocean_post_subheading":"","ocean_post_title_style":"","ocean_post_title_background_color":"","ocean_post_title_background":0,"ocean_post_title_bg_image_position":"","ocean_post_title_bg_image_attachment":"","ocean_post_title_bg_image_repeat":"","ocean_post_title_bg_image_size":"","ocean_post_title_height":0,"ocean_post_title_bg_overlay":0.5,"ocean_post_title_bg_overlay_color":"","ocean_disable_breadcrumbs":"default","ocean_breadcrumbs_color":"","ocean_breadcrumbs_separator_color":"","ocean_breadcrumbs_links_color":"","ocean_breadcrumbs_links_hover_color":"","ocean_display_footer_widgets":"default","ocean_display_footer_bottom":"default","ocean_custom_footer_template":"0","footnotes":""},"class_list":["post-2626","page","type-page","status-publish","hentry","entry"],"acf":[],"yoast_head":"<!-- This site is optimized with the Yoast SEO plugin v27.3 - https:\/\/yoast.com\/product\/yoast-seo-wordpress\/ -->\n<title>Italia - Revitapolis<\/title>\n<meta name=\"description\" content=\"Sfoglia l&#039;elenco delle regioni italiane. Potete trovare maggiori informazioni cliccando sulle singole regioni!\" \/>\n<meta name=\"robots\" content=\"index, follow, max-snippet:-1, max-image-preview:large, max-video-preview:-1\" \/>\n<link rel=\"canonical\" href=\"https:\/\/revitapolis.com\/it\/italia\/\" \/>\n<meta property=\"og:locale\" content=\"it_IT\" \/>\n<meta property=\"og:type\" content=\"article\" \/>\n<meta property=\"og:title\" content=\"Italia - Revitapolis\" \/>\n<meta property=\"og:description\" content=\"Sfoglia l&#039;elenco delle regioni italiane. Potete trovare maggiori informazioni cliccando sulle singole regioni!\" \/>\n<meta property=\"og:url\" content=\"https:\/\/revitapolis.com\/it\/italia\/\" \/>\n<meta property=\"og:site_name\" content=\"Revitapolis\" \/>\n<meta name=\"twitter:card\" content=\"summary_large_image\" \/>\n<meta name=\"twitter:label1\" content=\"Tempo di lettura stimato\" \/>\n\t<meta name=\"twitter:data1\" content=\"4 minuti\" \/>\n<script type=\"application\/ld+json\" class=\"yoast-schema-graph\">{\"@context\":\"https:\\\/\\\/schema.org\",\"@graph\":[{\"@type\":\"WebPage\",\"@id\":\"https:\\\/\\\/revitapolis.com\\\/it\\\/italia\\\/\",\"url\":\"https:\\\/\\\/revitapolis.com\\\/it\\\/italia\\\/\",\"name\":\"Italia - Revitapolis\",\"isPartOf\":{\"@id\":\"https:\\\/\\\/revitapolis.com\\\/it\\\/#website\"},\"datePublished\":\"2024-09-08T07:08:22+00:00\",\"description\":\"Sfoglia l'elenco delle regioni italiane. Potete trovare maggiori informazioni cliccando sulle singole regioni!\",\"breadcrumb\":{\"@id\":\"https:\\\/\\\/revitapolis.com\\\/it\\\/italia\\\/#breadcrumb\"},\"inLanguage\":\"it-IT\",\"potentialAction\":[{\"@type\":\"ReadAction\",\"target\":[\"https:\\\/\\\/revitapolis.com\\\/it\\\/italia\\\/\"]}]},{\"@type\":\"BreadcrumbList\",\"@id\":\"https:\\\/\\\/revitapolis.com\\\/it\\\/italia\\\/#breadcrumb\",\"itemListElement\":[{\"@type\":\"ListItem\",\"position\":1,\"name\":\"Pagina iniziale\",\"item\":\"https:\\\/\\\/revitapolis.com\\\/it\\\/\"},{\"@type\":\"ListItem\",\"position\":2,\"name\":\"Italia\"}]},{\"@type\":\"WebSite\",\"@id\":\"https:\\\/\\\/revitapolis.com\\\/it\\\/#website\",\"url\":\"https:\\\/\\\/revitapolis.com\\\/it\\\/\",\"name\":\"Revitapolis\",\"description\":\"Wiederbelebung italienischer Orte\",\"publisher\":{\"@id\":\"https:\\\/\\\/revitapolis.com\\\/it\\\/#organization\"},\"potentialAction\":[{\"@type\":\"SearchAction\",\"target\":{\"@type\":\"EntryPoint\",\"urlTemplate\":\"https:\\\/\\\/revitapolis.com\\\/it\\\/?s={search_term_string}\"},\"query-input\":{\"@type\":\"PropertyValueSpecification\",\"valueRequired\":true,\"valueName\":\"search_term_string\"}}],\"inLanguage\":\"it-IT\"},{\"@type\":\"Organization\",\"@id\":\"https:\\\/\\\/revitapolis.com\\\/it\\\/#organization\",\"name\":\"Revitapolis\",\"url\":\"https:\\\/\\\/revitapolis.com\\\/it\\\/\",\"logo\":{\"@type\":\"ImageObject\",\"inLanguage\":\"it-IT\",\"@id\":\"https:\\\/\\\/revitapolis.com\\\/it\\\/#\\\/schema\\\/logo\\\/image\\\/\",\"url\":\"https:\\\/\\\/revitapolis.com\\\/wp-content\\\/uploads\\\/2022\\\/03\\\/cropped-logo-revitapolis.jpg\",\"contentUrl\":\"https:\\\/\\\/revitapolis.com\\\/wp-content\\\/uploads\\\/2022\\\/03\\\/cropped-logo-revitapolis.jpg\",\"width\":200,\"height\":91,\"caption\":\"Revitapolis\"},\"image\":{\"@id\":\"https:\\\/\\\/revitapolis.com\\\/it\\\/#\\\/schema\\\/logo\\\/image\\\/\"}}]}<\/script>\n<!-- \/ Yoast SEO plugin. -->","yoast_head_json":{"title":"Italia - Revitapolis","description":"Sfoglia l'elenco delle regioni italiane. Potete trovare maggiori informazioni cliccando sulle singole regioni!","robots":{"index":"index","follow":"follow","max-snippet":"max-snippet:-1","max-image-preview":"max-image-preview:large","max-video-preview":"max-video-preview:-1"},"canonical":"https:\/\/revitapolis.com\/it\/italia\/","og_locale":"it_IT","og_type":"article","og_title":"Italia - Revitapolis","og_description":"Sfoglia l'elenco delle regioni italiane. Potete trovare maggiori informazioni cliccando sulle singole regioni!","og_url":"https:\/\/revitapolis.com\/it\/italia\/","og_site_name":"Revitapolis","twitter_card":"summary_large_image","twitter_misc":{"Tempo di lettura stimato":"4 minuti"},"schema":{"@context":"https:\/\/schema.org","@graph":[{"@type":"WebPage","@id":"https:\/\/revitapolis.com\/it\/italia\/","url":"https:\/\/revitapolis.com\/it\/italia\/","name":"Italia - Revitapolis","isPartOf":{"@id":"https:\/\/revitapolis.com\/it\/#website"},"datePublished":"2024-09-08T07:08:22+00:00","description":"Sfoglia l'elenco delle regioni italiane. Potete trovare maggiori informazioni cliccando sulle singole regioni!","breadcrumb":{"@id":"https:\/\/revitapolis.com\/it\/italia\/#breadcrumb"},"inLanguage":"it-IT","potentialAction":[{"@type":"ReadAction","target":["https:\/\/revitapolis.com\/it\/italia\/"]}]},{"@type":"BreadcrumbList","@id":"https:\/\/revitapolis.com\/it\/italia\/#breadcrumb","itemListElement":[{"@type":"ListItem","position":1,"name":"Pagina iniziale","item":"https:\/\/revitapolis.com\/it\/"},{"@type":"ListItem","position":2,"name":"Italia"}]},{"@type":"WebSite","@id":"https:\/\/revitapolis.com\/it\/#website","url":"https:\/\/revitapolis.com\/it\/","name":"Revitapolis","description":"Wiederbelebung italienischer Orte","publisher":{"@id":"https:\/\/revitapolis.com\/it\/#organization"},"potentialAction":[{"@type":"SearchAction","target":{"@type":"EntryPoint","urlTemplate":"https:\/\/revitapolis.com\/it\/?s={search_term_string}"},"query-input":{"@type":"PropertyValueSpecification","valueRequired":true,"valueName":"search_term_string"}}],"inLanguage":"it-IT"},{"@type":"Organization","@id":"https:\/\/revitapolis.com\/it\/#organization","name":"Revitapolis","url":"https:\/\/revitapolis.com\/it\/","logo":{"@type":"ImageObject","inLanguage":"it-IT","@id":"https:\/\/revitapolis.com\/it\/#\/schema\/logo\/image\/","url":"https:\/\/revitapolis.com\/wp-content\/uploads\/2022\/03\/cropped-logo-revitapolis.jpg","contentUrl":"https:\/\/revitapolis.com\/wp-content\/uploads\/2022\/03\/cropped-logo-revitapolis.jpg","width":200,"height":91,"caption":"Revitapolis"},"image":{"@id":"https:\/\/revitapolis.com\/it\/#\/schema\/logo\/image\/"}}]}},"_links":{"self":[{"href":"https:\/\/revitapolis.com\/it\/wp-json\/wp\/v2\/pages\/2626","targetHints":{"allow":["GET"]}}],"collection":[{"href":"https:\/\/revitapolis.com\/it\/wp-json\/wp\/v2\/pages"}],"about":[{"href":"https:\/\/revitapolis.com\/it\/wp-json\/wp\/v2\/types\/page"}],"author":[{"embeddable":true,"href":"https:\/\/revitapolis.com\/it\/wp-json\/wp\/v2\/users\/1"}],"replies":[{"embeddable":true,"href":"https:\/\/revitapolis.com\/it\/wp-json\/wp\/v2\/comments?post=2626"}],"version-history":[{"count":7,"href":"https:\/\/revitapolis.com\/it\/wp-json\/wp\/v2\/pages\/2626\/revisions"}],"predecessor-version":[{"id":5352,"href":"https:\/\/revitapolis.com\/it\/wp-json\/wp\/v2\/pages\/2626\/revisions\/5352"}],"wp:attachment":[{"href":"https:\/\/revitapolis.com\/it\/wp-json\/wp\/v2\/media?parent=2626"}],"curies":[{"name":"wp","href":"https:\/\/api.w.org\/{rel}","templated":true}]}}