{"id":2624,"date":"2022-05-03T19:08:36","date_gmt":"2022-05-03T19:08:36","guid":{"rendered":"https:\/\/revitapolis.com\/emilia-romagna\/"},"modified":"2024-05-21T12:27:22","modified_gmt":"2024-05-21T12:27:22","slug":"emilia-romagna","status":"publish","type":"page","link":"https:\/\/revitapolis.com\/it\/italia\/emilia-romagna\/","title":{"rendered":"Emilia-Romagna"},"content":{"rendered":"\n<div style=\"height:30px\" aria-hidden=\"true\" class=\"wp-block-spacer\"><\/div>\n\n<div class=\"wp-block-columns is-layout-flex wp-container-core-columns-is-layout-9d6595d7 wp-block-columns-is-layout-flex\">\n<div class=\"wp-block-column is-layout-flow wp-block-column-is-layout-flow\">\n<figure class=\"wp-block-image size-full\"><img fetchpriority=\"high\" decoding=\"async\" width=\"640\" height=\"427\" src=\"https:\/\/revitapolis.com\/wp-content\/uploads\/2022\/12\/ham-1728813_640.jpg\" alt=\"Prosciutto di Parma\" class=\"wp-image-3211\" srcset=\"https:\/\/revitapolis.com\/wp-content\/uploads\/2022\/12\/ham-1728813_640.jpg 640w, https:\/\/revitapolis.com\/wp-content\/uploads\/2022\/12\/ham-1728813_640-300x200.jpg 300w\" sizes=\"(max-width: 640px) 100vw, 640px\" \/><\/figure>\n<\/div>\n\n\n\n<div class=\"wp-block-column is-layout-flow wp-block-column-is-layout-flow\">\n<h2 class=\"wp-block-heading\">Dove Giuseppe Verdi banchettava<\/h2>\n\n\n\n<p>La regione Emilia-Romagna \u00e8 dotata di una diversit\u00e0 unica al mondo. L&#8217;Emilia-Romagna non si caratterizza solo per la sua grande variet\u00e0 culinaria. Anche la Ferrari e Luciano Pavarotti sono sinonimo di eleganza e perfezione italiana.<\/p>\n<\/div>\n<\/div>\n\n<h2 class=\"wp-block-heading\" style=\"font-size:30px\">Italia &gt; Emilia-Romagna<\/h2>\n\n<p class=\"has-black-color has-text-color\">La regione Emilia-Romagna ha una popolazione di 4.432.782 abitanti (dati aggiornati al 31 luglio 2022) e si estende per 22.509,67 km\u00b2. Ci\u00f2 significa che la regione ha una densit\u00e0 di popolazione di 196,93 abitanti\/km\u00b2. Il capoluogo \u00e8 la citt\u00e0 metropolitana di Bologna. Met\u00e0 del paesaggio \u00e8 pianeggiante e l&#8217;altra met\u00e0 \u00e8 collinare. A est si trova la Riviera Adriatica con le famose localit\u00e0 balneari di Rimini e Riccione. La regione aveva gi\u00e0 la sua importanza in epoca romana. L&#8217;Emilia-Romagna \u00e8 la terza regione pi\u00f9 prospera d&#8217;Italia dopo la Lombardia e la Valle d&#8217;Aosta. Il prodotto interno lordo \u00e8 superiore alla media nel confronto europeo, mentre il tasso di disoccupazione \u00e8 inferiore alla media italiana. L&#8217;Emilia-Romagna \u00e8 una zona importante per l&#8217;industria automobilistica italiana. Nella regione risiedono le case automobilistiche Ferrari, Lamborghini, Maserati, De Tomaso e Pagani, nonch\u00e9 le case motociclistiche Ducati, Moto Morini e Bitoma. Altre industrie importanti sono l&#8217;ingegneria meccanica, la produzione di piastrelle, il turismo e l&#8217;industria alimentare. La nota serie di film Don Camillo e Peppone \u00e8 ambientata nel paese di Brescello.<\/p>\n\n<p class=\"has-white-color has-cyan-bluish-gray-background-color has-text-color has-background\"><strong>L&#8217;Emilia-Romagna \u00e8 composta da otto province e una citt\u00e0 metropolitana, che vogliamo presentarvi qui.<\/strong><\/p>\n\n<ul class=\"wp-block-list\">\n<li>Bologna &#8211; Breve informazione con mappa disponibile qui: <a href=\"https:\/\/www.google.com\/maps?q=provincia+bologna&amp;rlz=1C1ONGR_deDE1019DE1019&amp;um=1&amp;ie=UTF-8&amp;sa=X&amp;ved=2ahUKEwiIrLiam4H8AhUHi_0HHRy0A4AQ_AUoAXoECAEQAw\">BOLOGNA<\/a><\/li>\n\n\n\n<li>Ferrara &#8211; Breve informazione con mappa disponibile qui: <a href=\"https:\/\/www.google.com\/maps\/place\/Ferrara,+Italien\/@44.7648686,11.2559599,9z\/data=!3m1!4b1!4m5!3m4!1s0x477e422c132b2eef:0x3079b0bfcba7fc0!8m2!3d44.766368!4d11.7644068\">FERRARA<\/a><\/li>\n\n\n\n<li>Forli-Cesena &#8211; Breve informazione con mappa disponibile qui: <a href=\"https:\/\/www.google.com\/maps\/place\/Forl%C3%AC-Cesena,+Italien\/@44.0342881,11.490994,9z\/data=!3m1!4b1!4m5!3m4!1s0x132b6039b485f3f3:0x3079b0bfcba7fe0!8m2!3d43.9947681!4d11.9804613\">FORL\u00cc-CESENA<\/a><\/li>\n\n\n\n<li>Modena &#8211; Breve informazione con mappa disponibile qui: <a href=\"https:\/\/www.google.com\/maps\/place\/Modena,+Italien\/@44.5374455,10.3588847,9z\/data=!3m1!4b1!4m5!3m4!1s0x477fe15bdd7419eb:0x3079b0bfcba7fa0!8m2!3d44.5513799!4d10.918048\">MODENA<\/a><\/li>\n\n\n\n<li>Parma &#8211; Breve informazione con mappa disponibile qui: <a href=\"https:\/\/www.google.com\/maps\/place\/Parma,+Italien\/@44.6938915,9.4107781,9z\/data=!3m1!4b1!4m5!3m4!1s0x47807d3f9a5f1d19:0x3079b0bfcba7f80!8m2!3d44.8015322!4d10.3279354\">PARMA<\/a><\/li>\n\n\n\n<li>Piacenza &#8211; Breve informazione con mappa disponibile qui: <a href=\"https:\/\/www.google.com\/maps\/place\/Piacenza,+Italien\/@44.8451654,9.0806071,9z\/data=!3m1!4b1!4m5!3m4!1s0x47809585b26874f3:0x3079b0bfcba7f70!8m2!3d44.8263112!4d9.5291447\">PIACENZA<\/a><\/li>\n\n\n\n<li>Ravenna &#8211; Breve informazione con mappa disponibile qui: <a href=\"https:\/\/www.google.com\/maps\/place\/Ravenna,+Italien\/@44.3596221,10.8707367,9z\/data=!3m1!4b1!4m5!3m4!1s0x132b533776a54a57:0x3079b0bfcba7fd0!8m2!3d44.4184443!4d12.2035998\">RAVENNA<\/a><\/li>\n\n\n\n<li>Reggio Emilia &#8211; Breve informazione con mappa disponibile qui: <a href=\"https:\/\/www.google.com\/maps\/place\/Reggio+Emilia,+Italien\/@44.6076602,9.9595463,9z\/data=!3m1!4b1!4m5!3m4!1s0x4780044a950005e1:0x3079b0bfcba7f90!8m2!3d44.585658!4d10.5564736\">REGGIO EMILIA<\/a><\/li>\n\n\n\n<li>Rimini &#8211; Breve informazione con mappa disponibile qui: <a href=\"https:\/\/www.google.com\/maps\/place\/Rimini,+Italien\/@43.9469855,12.1457142,10z\/data=!3m1!4b1!4m5!3m4!1s0x132ce9f295c459cb:0x3079b0bfcba8390!8m2!3d43.967605!4d12.5757028\">RIMINI<\/a><\/li>\n<\/ul>\n\n<hr class=\"wp-block-separator has-css-opacity\"\/>\n\n<div class=\"wp-block-columns is-layout-flex wp-container-core-columns-is-layout-9d6595d7 wp-block-columns-is-layout-flex\">\n<div class=\"wp-block-column is-layout-flow wp-block-column-is-layout-flow\">\n<figure class=\"wp-block-image size-full\"><img decoding=\"async\" width=\"640\" height=\"427\" src=\"https:\/\/revitapolis.com\/wp-content\/uploads\/2022\/12\/italy-1204983_640-e1679925291992.jpg\" alt=\"Centro storico di Bologna\" class=\"wp-image-3214\" srcset=\"https:\/\/revitapolis.com\/wp-content\/uploads\/2022\/12\/italy-1204983_640-e1679925291992.jpg 640w, https:\/\/revitapolis.com\/wp-content\/uploads\/2022\/12\/italy-1204983_640-e1679925291992-300x200.jpg 300w\" sizes=\"(max-width: 640px) 100vw, 640px\" \/><\/figure>\n<\/div>\n\n\n\n<div class=\"wp-block-column is-layout-flow wp-block-column-is-layout-flow\">\n<figure class=\"wp-block-image size-full\"><img decoding=\"async\" width=\"640\" height=\"427\" src=\"https:\/\/revitapolis.com\/wp-content\/uploads\/2022\/12\/mosaic-1009656_640.jpg\" alt=\"\" class=\"wp-image-3226\" srcset=\"https:\/\/revitapolis.com\/wp-content\/uploads\/2022\/12\/mosaic-1009656_640.jpg 640w, https:\/\/revitapolis.com\/wp-content\/uploads\/2022\/12\/mosaic-1009656_640-300x200.jpg 300w\" sizes=\"(max-width: 640px) 100vw, 640px\" \/><\/figure>\n<\/div>\n\n\n\n<div class=\"wp-block-column is-layout-flow wp-block-column-is-layout-flow\">\n<figure class=\"wp-block-image size-full\"><img loading=\"lazy\" decoding=\"async\" width=\"640\" height=\"427\" src=\"https:\/\/revitapolis.com\/wp-content\/uploads\/2022\/12\/rimini-6118942_640-e1679926062457.jpg\" alt=\"Ponte romano a Rimini\" class=\"wp-image-3220\" srcset=\"https:\/\/revitapolis.com\/wp-content\/uploads\/2022\/12\/rimini-6118942_640-e1679926062457.jpg 640w, https:\/\/revitapolis.com\/wp-content\/uploads\/2022\/12\/rimini-6118942_640-e1679926062457-300x200.jpg 300w\" sizes=\"(max-width: 640px) 100vw, 640px\" \/><\/figure>\n<\/div>\n<\/div>\n\n<p class=\"has-text-align-center has-small-font-size\">La regione Emilia-Romagna offre ai suoi abitanti e ai suoi visitatori una variet\u00e0 che non lascia nulla a desiderare.<\/p>\n\n<hr style=\"border: 0; height: 1px; background-image: linear-gradient(to right, rgba(0, 0, 0, 0), rgba(0, 0, 0, 0.75), rgba(0, 0, 0, 0));\"\/>\n","protected":false},"excerpt":{"rendered":"<p>Dove Giuseppe Verdi banchettava La regione Emilia-Romagna \u00e8 dotata di una diversit\u00e0 unica al mondo. L&#8217;Emilia-Romagna non si caratterizza solo per la sua grande variet\u00e0 culinaria. Anche la Ferrari e Luciano Pavarotti sono sinonimo di eleganza e perfezione italiana. Italia &gt; Emilia-Romagna La regione Emilia-Romagna ha una popolazione di 4.432.782 abitanti (dati aggiornati al 31 [&hellip;]<\/p>\n","protected":false},"author":1,"featured_media":0,"parent":2626,"menu_order":0,"comment_status":"closed","ping_status":"closed","template":"","meta":{"_acf_changed":false,"om_disable_all_campaigns":false,"_monsterinsights_skip_tracking":false,"_monsterinsights_sitenote_active":false,"_monsterinsights_sitenote_note":"","_monsterinsights_sitenote_category":0,"ocean_post_layout":"","ocean_both_sidebars_style":"","ocean_both_sidebars_content_width":0,"ocean_both_sidebars_sidebars_width":0,"ocean_sidebar":"0","ocean_second_sidebar":"0","ocean_disable_margins":"enable","ocean_add_body_class":"","ocean_shortcode_before_top_bar":"","ocean_shortcode_after_top_bar":"","ocean_shortcode_before_header":"","ocean_shortcode_after_header":"","ocean_has_shortcode":"","ocean_shortcode_after_title":"","ocean_shortcode_before_footer_widgets":"","ocean_shortcode_after_footer_widgets":"","ocean_shortcode_before_footer_bottom":"","ocean_shortcode_after_footer_bottom":"","ocean_display_top_bar":"default","ocean_display_header":"default","ocean_header_style":"","ocean_center_header_left_menu":"0","ocean_custom_header_template":"0","ocean_custom_logo":0,"ocean_custom_retina_logo":0,"ocean_custom_logo_max_width":0,"ocean_custom_logo_tablet_max_width":0,"ocean_custom_logo_mobile_max_width":0,"ocean_custom_logo_max_height":0,"ocean_custom_logo_tablet_max_height":0,"ocean_custom_logo_mobile_max_height":0,"ocean_header_custom_menu":"0","ocean_menu_typo_font_family":"0","ocean_menu_typo_font_subset":"","ocean_menu_typo_font_size":0,"ocean_menu_typo_font_size_tablet":0,"ocean_menu_typo_font_size_mobile":0,"ocean_menu_typo_font_size_unit":"px","ocean_menu_typo_font_weight":"","ocean_menu_typo_font_weight_tablet":"","ocean_menu_typo_font_weight_mobile":"","ocean_menu_typo_transform":"","ocean_menu_typo_transform_tablet":"","ocean_menu_typo_transform_mobile":"","ocean_menu_typo_line_height":0,"ocean_menu_typo_line_height_tablet":0,"ocean_menu_typo_line_height_mobile":0,"ocean_menu_typo_line_height_unit":"","ocean_menu_typo_spacing":0,"ocean_menu_typo_spacing_tablet":0,"ocean_menu_typo_spacing_mobile":0,"ocean_menu_typo_spacing_unit":"","ocean_menu_link_color":"","ocean_menu_link_color_hover":"","ocean_menu_link_color_active":"","ocean_menu_link_background":"","ocean_menu_link_hover_background":"","ocean_menu_link_active_background":"","ocean_menu_social_links_bg":"","ocean_menu_social_hover_links_bg":"","ocean_menu_social_links_color":"","ocean_menu_social_hover_links_color":"","ocean_disable_title":"default","ocean_disable_heading":"default","ocean_post_title":"","ocean_post_subheading":"","ocean_post_title_style":"","ocean_post_title_background_color":"","ocean_post_title_background":0,"ocean_post_title_bg_image_position":"","ocean_post_title_bg_image_attachment":"","ocean_post_title_bg_image_repeat":"","ocean_post_title_bg_image_size":"","ocean_post_title_height":0,"ocean_post_title_bg_overlay":0.5,"ocean_post_title_bg_overlay_color":"","ocean_disable_breadcrumbs":"default","ocean_breadcrumbs_color":"","ocean_breadcrumbs_separator_color":"","ocean_breadcrumbs_links_color":"","ocean_breadcrumbs_links_hover_color":"","ocean_display_footer_widgets":"default","ocean_display_footer_bottom":"default","ocean_custom_footer_template":"0","footnotes":""},"class_list":["post-2624","page","type-page","status-publish","hentry","entry"],"acf":[],"yoast_head":"<!-- This site is optimized with the Yoast SEO plugin v27.3 - https:\/\/yoast.com\/product\/yoast-seo-wordpress\/ -->\n<title>Emilia-Romagna - Revitapolis<\/title>\n<meta name=\"description\" content=\"L&#039;Emilia-Romagna \u00e8 una regione dell&#039;Italia settentrionale. Lasciatevi sorprendere dalla diversit\u00e0 della regione.\" \/>\n<meta name=\"robots\" content=\"index, follow, max-snippet:-1, max-image-preview:large, max-video-preview:-1\" \/>\n<link rel=\"canonical\" href=\"https:\/\/revitapolis.com\/it\/italia\/emilia-romagna\/\" \/>\n<meta property=\"og:locale\" content=\"it_IT\" \/>\n<meta property=\"og:type\" content=\"article\" \/>\n<meta property=\"og:title\" content=\"Emilia-Romagna - Revitapolis\" \/>\n<meta property=\"og:description\" content=\"L&#039;Emilia-Romagna \u00e8 una regione dell&#039;Italia settentrionale. Lasciatevi sorprendere dalla diversit\u00e0 della regione.\" \/>\n<meta property=\"og:url\" content=\"https:\/\/revitapolis.com\/it\/italia\/emilia-romagna\/\" \/>\n<meta property=\"og:site_name\" content=\"Revitapolis\" \/>\n<meta property=\"article:modified_time\" content=\"2024-05-21T12:27:22+00:00\" \/>\n<meta property=\"og:image\" content=\"https:\/\/revitapolis.com\/wp-content\/uploads\/2022\/12\/ham-1728813_640.jpg\" \/>\n<meta name=\"twitter:card\" content=\"summary_large_image\" \/>\n<meta name=\"twitter:label1\" content=\"Tempo di lettura stimato\" \/>\n\t<meta name=\"twitter:data1\" content=\"2 minuti\" \/>\n<script type=\"application\/ld+json\" class=\"yoast-schema-graph\">{\"@context\":\"https:\\\/\\\/schema.org\",\"@graph\":[{\"@type\":\"WebPage\",\"@id\":\"https:\\\/\\\/revitapolis.com\\\/it\\\/italia\\\/emilia-romagna\\\/\",\"url\":\"https:\\\/\\\/revitapolis.com\\\/it\\\/italia\\\/emilia-romagna\\\/\",\"name\":\"Emilia-Romagna - Revitapolis\",\"isPartOf\":{\"@id\":\"https:\\\/\\\/revitapolis.com\\\/it\\\/#website\"},\"primaryImageOfPage\":{\"@id\":\"https:\\\/\\\/revitapolis.com\\\/it\\\/italia\\\/emilia-romagna\\\/#primaryimage\"},\"image\":{\"@id\":\"https:\\\/\\\/revitapolis.com\\\/it\\\/italia\\\/emilia-romagna\\\/#primaryimage\"},\"thumbnailUrl\":\"https:\\\/\\\/revitapolis.com\\\/wp-content\\\/uploads\\\/2022\\\/12\\\/ham-1728813_640.jpg\",\"datePublished\":\"2022-05-03T19:08:36+00:00\",\"dateModified\":\"2024-05-21T12:27:22+00:00\",\"description\":\"L'Emilia-Romagna \u00e8 una regione dell'Italia settentrionale. Lasciatevi sorprendere dalla diversit\u00e0 della regione.\",\"breadcrumb\":{\"@id\":\"https:\\\/\\\/revitapolis.com\\\/it\\\/italia\\\/emilia-romagna\\\/#breadcrumb\"},\"inLanguage\":\"it-IT\",\"potentialAction\":[{\"@type\":\"ReadAction\",\"target\":[\"https:\\\/\\\/revitapolis.com\\\/it\\\/italia\\\/emilia-romagna\\\/\"]}]},{\"@type\":\"ImageObject\",\"inLanguage\":\"it-IT\",\"@id\":\"https:\\\/\\\/revitapolis.com\\\/it\\\/italia\\\/emilia-romagna\\\/#primaryimage\",\"url\":\"https:\\\/\\\/revitapolis.com\\\/wp-content\\\/uploads\\\/2022\\\/12\\\/ham-1728813_640.jpg\",\"contentUrl\":\"https:\\\/\\\/revitapolis.com\\\/wp-content\\\/uploads\\\/2022\\\/12\\\/ham-1728813_640.jpg\"},{\"@type\":\"BreadcrumbList\",\"@id\":\"https:\\\/\\\/revitapolis.com\\\/it\\\/italia\\\/emilia-romagna\\\/#breadcrumb\",\"itemListElement\":[{\"@type\":\"ListItem\",\"position\":1,\"name\":\"Pagina iniziale\",\"item\":\"https:\\\/\\\/revitapolis.com\\\/it\\\/\"},{\"@type\":\"ListItem\",\"position\":2,\"name\":\"Italia\",\"item\":\"https:\\\/\\\/revitapolis.com\\\/it\\\/italia\\\/\"},{\"@type\":\"ListItem\",\"position\":3,\"name\":\"Emilia-Romagna\"}]},{\"@type\":\"WebSite\",\"@id\":\"https:\\\/\\\/revitapolis.com\\\/it\\\/#website\",\"url\":\"https:\\\/\\\/revitapolis.com\\\/it\\\/\",\"name\":\"Revitapolis\",\"description\":\"Wiederbelebung italienischer Orte\",\"publisher\":{\"@id\":\"https:\\\/\\\/revitapolis.com\\\/it\\\/#organization\"},\"potentialAction\":[{\"@type\":\"SearchAction\",\"target\":{\"@type\":\"EntryPoint\",\"urlTemplate\":\"https:\\\/\\\/revitapolis.com\\\/it\\\/?s={search_term_string}\"},\"query-input\":{\"@type\":\"PropertyValueSpecification\",\"valueRequired\":true,\"valueName\":\"search_term_string\"}}],\"inLanguage\":\"it-IT\"},{\"@type\":\"Organization\",\"@id\":\"https:\\\/\\\/revitapolis.com\\\/it\\\/#organization\",\"name\":\"Revitapolis\",\"url\":\"https:\\\/\\\/revitapolis.com\\\/it\\\/\",\"logo\":{\"@type\":\"ImageObject\",\"inLanguage\":\"it-IT\",\"@id\":\"https:\\\/\\\/revitapolis.com\\\/it\\\/#\\\/schema\\\/logo\\\/image\\\/\",\"url\":\"https:\\\/\\\/revitapolis.com\\\/wp-content\\\/uploads\\\/2022\\\/03\\\/cropped-logo-revitapolis.jpg\",\"contentUrl\":\"https:\\\/\\\/revitapolis.com\\\/wp-content\\\/uploads\\\/2022\\\/03\\\/cropped-logo-revitapolis.jpg\",\"width\":200,\"height\":91,\"caption\":\"Revitapolis\"},\"image\":{\"@id\":\"https:\\\/\\\/revitapolis.com\\\/it\\\/#\\\/schema\\\/logo\\\/image\\\/\"}}]}<\/script>\n<!-- \/ Yoast SEO plugin. -->","yoast_head_json":{"title":"Emilia-Romagna - Revitapolis","description":"L'Emilia-Romagna \u00e8 una regione dell'Italia settentrionale. Lasciatevi sorprendere dalla diversit\u00e0 della regione.","robots":{"index":"index","follow":"follow","max-snippet":"max-snippet:-1","max-image-preview":"max-image-preview:large","max-video-preview":"max-video-preview:-1"},"canonical":"https:\/\/revitapolis.com\/it\/italia\/emilia-romagna\/","og_locale":"it_IT","og_type":"article","og_title":"Emilia-Romagna - Revitapolis","og_description":"L'Emilia-Romagna \u00e8 una regione dell'Italia settentrionale. Lasciatevi sorprendere dalla diversit\u00e0 della regione.","og_url":"https:\/\/revitapolis.com\/it\/italia\/emilia-romagna\/","og_site_name":"Revitapolis","article_modified_time":"2024-05-21T12:27:22+00:00","og_image":[{"url":"https:\/\/revitapolis.com\/wp-content\/uploads\/2022\/12\/ham-1728813_640.jpg","type":"","width":"","height":""}],"twitter_card":"summary_large_image","twitter_misc":{"Tempo di lettura stimato":"2 minuti"},"schema":{"@context":"https:\/\/schema.org","@graph":[{"@type":"WebPage","@id":"https:\/\/revitapolis.com\/it\/italia\/emilia-romagna\/","url":"https:\/\/revitapolis.com\/it\/italia\/emilia-romagna\/","name":"Emilia-Romagna - Revitapolis","isPartOf":{"@id":"https:\/\/revitapolis.com\/it\/#website"},"primaryImageOfPage":{"@id":"https:\/\/revitapolis.com\/it\/italia\/emilia-romagna\/#primaryimage"},"image":{"@id":"https:\/\/revitapolis.com\/it\/italia\/emilia-romagna\/#primaryimage"},"thumbnailUrl":"https:\/\/revitapolis.com\/wp-content\/uploads\/2022\/12\/ham-1728813_640.jpg","datePublished":"2022-05-03T19:08:36+00:00","dateModified":"2024-05-21T12:27:22+00:00","description":"L'Emilia-Romagna \u00e8 una regione dell'Italia settentrionale. Lasciatevi sorprendere dalla diversit\u00e0 della regione.","breadcrumb":{"@id":"https:\/\/revitapolis.com\/it\/italia\/emilia-romagna\/#breadcrumb"},"inLanguage":"it-IT","potentialAction":[{"@type":"ReadAction","target":["https:\/\/revitapolis.com\/it\/italia\/emilia-romagna\/"]}]},{"@type":"ImageObject","inLanguage":"it-IT","@id":"https:\/\/revitapolis.com\/it\/italia\/emilia-romagna\/#primaryimage","url":"https:\/\/revitapolis.com\/wp-content\/uploads\/2022\/12\/ham-1728813_640.jpg","contentUrl":"https:\/\/revitapolis.com\/wp-content\/uploads\/2022\/12\/ham-1728813_640.jpg"},{"@type":"BreadcrumbList","@id":"https:\/\/revitapolis.com\/it\/italia\/emilia-romagna\/#breadcrumb","itemListElement":[{"@type":"ListItem","position":1,"name":"Pagina iniziale","item":"https:\/\/revitapolis.com\/it\/"},{"@type":"ListItem","position":2,"name":"Italia","item":"https:\/\/revitapolis.com\/it\/italia\/"},{"@type":"ListItem","position":3,"name":"Emilia-Romagna"}]},{"@type":"WebSite","@id":"https:\/\/revitapolis.com\/it\/#website","url":"https:\/\/revitapolis.com\/it\/","name":"Revitapolis","description":"Wiederbelebung italienischer Orte","publisher":{"@id":"https:\/\/revitapolis.com\/it\/#organization"},"potentialAction":[{"@type":"SearchAction","target":{"@type":"EntryPoint","urlTemplate":"https:\/\/revitapolis.com\/it\/?s={search_term_string}"},"query-input":{"@type":"PropertyValueSpecification","valueRequired":true,"valueName":"search_term_string"}}],"inLanguage":"it-IT"},{"@type":"Organization","@id":"https:\/\/revitapolis.com\/it\/#organization","name":"Revitapolis","url":"https:\/\/revitapolis.com\/it\/","logo":{"@type":"ImageObject","inLanguage":"it-IT","@id":"https:\/\/revitapolis.com\/it\/#\/schema\/logo\/image\/","url":"https:\/\/revitapolis.com\/wp-content\/uploads\/2022\/03\/cropped-logo-revitapolis.jpg","contentUrl":"https:\/\/revitapolis.com\/wp-content\/uploads\/2022\/03\/cropped-logo-revitapolis.jpg","width":200,"height":91,"caption":"Revitapolis"},"image":{"@id":"https:\/\/revitapolis.com\/it\/#\/schema\/logo\/image\/"}}]}},"_links":{"self":[{"href":"https:\/\/revitapolis.com\/it\/wp-json\/wp\/v2\/pages\/2624","targetHints":{"allow":["GET"]}}],"collection":[{"href":"https:\/\/revitapolis.com\/it\/wp-json\/wp\/v2\/pages"}],"about":[{"href":"https:\/\/revitapolis.com\/it\/wp-json\/wp\/v2\/types\/page"}],"author":[{"embeddable":true,"href":"https:\/\/revitapolis.com\/it\/wp-json\/wp\/v2\/users\/1"}],"replies":[{"embeddable":true,"href":"https:\/\/revitapolis.com\/it\/wp-json\/wp\/v2\/comments?post=2624"}],"version-history":[{"count":4,"href":"https:\/\/revitapolis.com\/it\/wp-json\/wp\/v2\/pages\/2624\/revisions"}],"predecessor-version":[{"id":5276,"href":"https:\/\/revitapolis.com\/it\/wp-json\/wp\/v2\/pages\/2624\/revisions\/5276"}],"up":[{"embeddable":true,"href":"https:\/\/revitapolis.com\/it\/wp-json\/wp\/v2\/pages\/2626"}],"wp:attachment":[{"href":"https:\/\/revitapolis.com\/it\/wp-json\/wp\/v2\/media?parent=2624"}],"curies":[{"name":"wp","href":"https:\/\/api.w.org\/{rel}","templated":true}]}}