{"id":2619,"date":"2022-03-14T08:29:55","date_gmt":"2022-03-14T08:29:55","guid":{"rendered":"https:\/\/revitapolis.com\/informazioni\/azienda-di-servizi-revitapolis\/"},"modified":"2022-10-28T10:27:03","modified_gmt":"2022-10-28T10:27:03","slug":"azienda-di-servizi-revitapolis","status":"publish","type":"page","link":"https:\/\/revitapolis.com\/it\/informazioni\/azienda-di-servizi-revitapolis\/","title":{"rendered":"Azienda di servizi Revitapolis"},"content":{"rendered":"\n<div style=\"height:31px\" aria-hidden=\"true\" class=\"wp-block-spacer\"><\/div>\n\n<h2 class=\"wp-block-heading\">Create con noi un&#8217;azienda di servizi Revitapolis nella vostra citt\u00e0.<\/h2>\n\n<div style=\"height:10px\" aria-hidden=\"true\" class=\"wp-block-spacer\"><\/div>\n\n<p>Compiti di un&#8217;azienda di servizi Revitapolis: un&#8217;azienda di servizi Revitapolis partecipa attivamente al progetto Revitapolis. Le societ\u00e0 di servizi Revitapolis supportano i comuni, le aziende e i privati nella loro partecipazione al progetto Revitapolis. Le societ\u00e0 di servizi di Revitapolis sono aziende indipendenti fondate da persone del posto. Le societ\u00e0 di servizi Revitapolis sono in scambio con noi e aderiscono agli standard di qualit\u00e0 Revitapolis che abbiamo stabilito. Le societ\u00e0 di servizi di Revitapolis si occupano delle propriet\u00e0 in loco, che si tratti di manutenzione o di locazione. Le societ\u00e0 di servizi Revitapolis si occupano delle persone che vogliono emigrare in Italia. Le societ\u00e0 di servizi di Revitapolis si occupano delle aziende che vogliono trasferire la propria attivit\u00e0 in Italia. <\/p>\n\n<figure class=\"wp-block-image size-large\"><img fetchpriority=\"high\" decoding=\"async\" width=\"1024\" height=\"512\" src=\"https:\/\/revitapolis.com\/wp-content\/uploads\/2022\/05\/user-g78db3cbae_1280-1024x512.png\" alt=\"\" class=\"wp-image-1670\" srcset=\"https:\/\/revitapolis.com\/wp-content\/uploads\/2022\/05\/user-g78db3cbae_1280-1024x512.png 1024w, https:\/\/revitapolis.com\/wp-content\/uploads\/2022\/05\/user-g78db3cbae_1280-300x150.png 300w, https:\/\/revitapolis.com\/wp-content\/uploads\/2022\/05\/user-g78db3cbae_1280-768x384.png 768w, https:\/\/revitapolis.com\/wp-content\/uploads\/2022\/05\/user-g78db3cbae_1280.png 1280w\" sizes=\"(max-width: 1024px) 100vw, 1024px\" \/><figcaption>Azienda di servizi Revitapolis<\/figcaption><\/figure>\n<h2 class=\"wp-block-heading\">Servizi per le aziende<\/h2>\n\n<ul class=\"wp-block-list\"><li>Start-up<\/li><li>Ricerca di partner commerciali<\/li><li>Ricerca di consulenti fiscali<\/li><li>Ricerca avvocati<\/li><li>Reclutamento<\/li><li>Richiesta di finanziamento<\/li><\/ul>\n<h2 class=\"wp-block-heading\">Servizi per privati<\/h2>\n\n<ul class=\"wp-block-list\"><li>Ricerca immobiliare<\/li><li>Ricerca artigianale<\/li><li>Corsi di lingua<\/li><li>Pulizie<\/li><li>Noleggio<\/li><li>Organizzazione di eventi sociali, culturali o turistici<\/li><\/ul>\n<div style=\"height:19px\" aria-hidden=\"true\" class=\"wp-block-spacer\"><\/div>\n\n<hr style=\"border: 0; height: 1px; background-image: linear-gradient(to right, rgba(0, 0, 0, 0), rgba(0, 0, 0, 0.75), rgba(0, 0, 0, 0));\"\/>","protected":false},"excerpt":{"rendered":"<p>Create con noi un&#8217;azienda di servizi Revitapolis nella vostra citt\u00e0. Compiti di un&#8217;azienda di servizi Revitapolis: un&#8217;azienda di servizi Revitapolis partecipa attivamente al progetto Revitapolis. Le societ\u00e0 di servizi Revitapolis supportano i comuni, le aziende e i privati nella loro partecipazione al progetto Revitapolis. Le societ\u00e0 di servizi di Revitapolis sono aziende indipendenti fondate da [&hellip;]<\/p>\n","protected":false},"author":1,"featured_media":0,"parent":2605,"menu_order":0,"comment_status":"closed","ping_status":"closed","template":"","meta":{"_acf_changed":false,"om_disable_all_campaigns":false,"_monsterinsights_skip_tracking":false,"_monsterinsights_sitenote_active":false,"_monsterinsights_sitenote_note":"","_monsterinsights_sitenote_category":0,"ocean_post_layout":"right-sidebar","ocean_both_sidebars_style":"","ocean_both_sidebars_content_width":0,"ocean_both_sidebars_sidebars_width":0,"ocean_sidebar":"sidebar","ocean_second_sidebar":"0","ocean_disable_margins":"enable","ocean_add_body_class":"","ocean_shortcode_before_top_bar":"","ocean_shortcode_after_top_bar":"","ocean_shortcode_before_header":"","ocean_shortcode_after_header":"","ocean_has_shortcode":"","ocean_shortcode_after_title":"","ocean_shortcode_before_footer_widgets":"","ocean_shortcode_after_footer_widgets":"","ocean_shortcode_before_footer_bottom":"","ocean_shortcode_after_footer_bottom":"","ocean_display_top_bar":"default","ocean_display_header":"default","ocean_header_style":"","ocean_center_header_left_menu":"0","ocean_custom_header_template":"0","ocean_custom_logo":0,"ocean_custom_retina_logo":0,"ocean_custom_logo_max_width":0,"ocean_custom_logo_tablet_max_width":0,"ocean_custom_logo_mobile_max_width":0,"ocean_custom_logo_max_height":0,"ocean_custom_logo_tablet_max_height":0,"ocean_custom_logo_mobile_max_height":0,"ocean_header_custom_menu":"0","ocean_menu_typo_font_family":"0","ocean_menu_typo_font_subset":"","ocean_menu_typo_font_size":0,"ocean_menu_typo_font_size_tablet":0,"ocean_menu_typo_font_size_mobile":0,"ocean_menu_typo_font_size_unit":"px","ocean_menu_typo_font_weight":"","ocean_menu_typo_font_weight_tablet":"","ocean_menu_typo_font_weight_mobile":"","ocean_menu_typo_transform":"","ocean_menu_typo_transform_tablet":"","ocean_menu_typo_transform_mobile":"","ocean_menu_typo_line_height":0,"ocean_menu_typo_line_height_tablet":0,"ocean_menu_typo_line_height_mobile":0,"ocean_menu_typo_line_height_unit":"","ocean_menu_typo_spacing":0,"ocean_menu_typo_spacing_tablet":0,"ocean_menu_typo_spacing_mobile":0,"ocean_menu_typo_spacing_unit":"","ocean_menu_link_color":"","ocean_menu_link_color_hover":"","ocean_menu_link_color_active":"","ocean_menu_link_background":"","ocean_menu_link_hover_background":"","ocean_menu_link_active_background":"","ocean_menu_social_links_bg":"","ocean_menu_social_hover_links_bg":"","ocean_menu_social_links_color":"","ocean_menu_social_hover_links_color":"","ocean_disable_title":"default","ocean_disable_heading":"default","ocean_post_title":"","ocean_post_subheading":"","ocean_post_title_style":"","ocean_post_title_background_color":"","ocean_post_title_background":0,"ocean_post_title_bg_image_position":"","ocean_post_title_bg_image_attachment":"","ocean_post_title_bg_image_repeat":"","ocean_post_title_bg_image_size":"","ocean_post_title_height":0,"ocean_post_title_bg_overlay":0.5,"ocean_post_title_bg_overlay_color":"","ocean_disable_breadcrumbs":"default","ocean_breadcrumbs_color":"","ocean_breadcrumbs_separator_color":"","ocean_breadcrumbs_links_color":"","ocean_breadcrumbs_links_hover_color":"","ocean_display_footer_widgets":"default","ocean_display_footer_bottom":"default","ocean_custom_footer_template":"0","footnotes":""},"class_list":["post-2619","page","type-page","status-publish","hentry","entry"],"acf":[],"yoast_head":"<!-- This site is optimized with the Yoast SEO plugin v27.3 - https:\/\/yoast.com\/product\/yoast-seo-wordpress\/ -->\n<title>Azienda di servizi Revitapolis - Revitapolis<\/title>\n<meta name=\"description\" content=\"Create con noi un&#039;azienda di servizi Revitapolis nella vostra citt\u00e0. Questo serve a sviluppare il luogo in modo mirato ed energico.\" \/>\n<meta name=\"robots\" content=\"index, follow, max-snippet:-1, max-image-preview:large, max-video-preview:-1\" \/>\n<link rel=\"canonical\" href=\"https:\/\/revitapolis.com\/it\/informazioni\/azienda-di-servizi-revitapolis\/\" \/>\n<meta property=\"og:locale\" content=\"it_IT\" \/>\n<meta property=\"og:type\" content=\"article\" \/>\n<meta property=\"og:title\" content=\"Azienda di servizi Revitapolis - Revitapolis\" \/>\n<meta property=\"og:description\" content=\"Create con noi un&#039;azienda di servizi Revitapolis nella vostra citt\u00e0. Questo serve a sviluppare il luogo in modo mirato ed energico.\" \/>\n<meta property=\"og:url\" content=\"https:\/\/revitapolis.com\/it\/informazioni\/azienda-di-servizi-revitapolis\/\" \/>\n<meta property=\"og:site_name\" content=\"Revitapolis\" \/>\n<meta property=\"article:modified_time\" content=\"2022-10-28T10:27:03+00:00\" \/>\n<meta property=\"og:image\" content=\"https:\/\/revitapolis.com\/wp-content\/uploads\/2022\/05\/user-g78db3cbae_1280-1024x512.png\" \/>\n<meta name=\"twitter:card\" content=\"summary_large_image\" \/>\n<meta name=\"twitter:label1\" content=\"Tempo di lettura stimato\" \/>\n\t<meta name=\"twitter:data1\" content=\"1 minuto\" \/>\n<script type=\"application\/ld+json\" class=\"yoast-schema-graph\">{\"@context\":\"https:\\\/\\\/schema.org\",\"@graph\":[{\"@type\":\"WebPage\",\"@id\":\"https:\\\/\\\/revitapolis.com\\\/it\\\/informazioni\\\/azienda-di-servizi-revitapolis\\\/\",\"url\":\"https:\\\/\\\/revitapolis.com\\\/it\\\/informazioni\\\/azienda-di-servizi-revitapolis\\\/\",\"name\":\"Azienda di servizi Revitapolis - Revitapolis\",\"isPartOf\":{\"@id\":\"https:\\\/\\\/revitapolis.com\\\/it\\\/#website\"},\"primaryImageOfPage\":{\"@id\":\"https:\\\/\\\/revitapolis.com\\\/it\\\/informazioni\\\/azienda-di-servizi-revitapolis\\\/#primaryimage\"},\"image\":{\"@id\":\"https:\\\/\\\/revitapolis.com\\\/it\\\/informazioni\\\/azienda-di-servizi-revitapolis\\\/#primaryimage\"},\"thumbnailUrl\":\"https:\\\/\\\/revitapolis.com\\\/wp-content\\\/uploads\\\/2022\\\/05\\\/user-g78db3cbae_1280-1024x512.png\",\"datePublished\":\"2022-03-14T08:29:55+00:00\",\"dateModified\":\"2022-10-28T10:27:03+00:00\",\"description\":\"Create con noi un'azienda di servizi Revitapolis nella vostra citt\u00e0. Questo serve a sviluppare il luogo in modo mirato ed energico.\",\"breadcrumb\":{\"@id\":\"https:\\\/\\\/revitapolis.com\\\/it\\\/informazioni\\\/azienda-di-servizi-revitapolis\\\/#breadcrumb\"},\"inLanguage\":\"it-IT\",\"potentialAction\":[{\"@type\":\"ReadAction\",\"target\":[\"https:\\\/\\\/revitapolis.com\\\/it\\\/informazioni\\\/azienda-di-servizi-revitapolis\\\/\"]}]},{\"@type\":\"ImageObject\",\"inLanguage\":\"it-IT\",\"@id\":\"https:\\\/\\\/revitapolis.com\\\/it\\\/informazioni\\\/azienda-di-servizi-revitapolis\\\/#primaryimage\",\"url\":\"https:\\\/\\\/revitapolis.com\\\/wp-content\\\/uploads\\\/2022\\\/05\\\/user-g78db3cbae_1280-1024x512.png\",\"contentUrl\":\"https:\\\/\\\/revitapolis.com\\\/wp-content\\\/uploads\\\/2022\\\/05\\\/user-g78db3cbae_1280-1024x512.png\"},{\"@type\":\"BreadcrumbList\",\"@id\":\"https:\\\/\\\/revitapolis.com\\\/it\\\/informazioni\\\/azienda-di-servizi-revitapolis\\\/#breadcrumb\",\"itemListElement\":[{\"@type\":\"ListItem\",\"position\":1,\"name\":\"Pagina iniziale\",\"item\":\"https:\\\/\\\/revitapolis.com\\\/it\\\/\"},{\"@type\":\"ListItem\",\"position\":2,\"name\":\"Informazioni\",\"item\":\"https:\\\/\\\/revitapolis.com\\\/it\\\/informazioni\\\/\"},{\"@type\":\"ListItem\",\"position\":3,\"name\":\"Azienda di servizi Revitapolis\"}]},{\"@type\":\"WebSite\",\"@id\":\"https:\\\/\\\/revitapolis.com\\\/it\\\/#website\",\"url\":\"https:\\\/\\\/revitapolis.com\\\/it\\\/\",\"name\":\"Revitapolis\",\"description\":\"Wiederbelebung italienischer Orte\",\"publisher\":{\"@id\":\"https:\\\/\\\/revitapolis.com\\\/it\\\/#organization\"},\"potentialAction\":[{\"@type\":\"SearchAction\",\"target\":{\"@type\":\"EntryPoint\",\"urlTemplate\":\"https:\\\/\\\/revitapolis.com\\\/it\\\/?s={search_term_string}\"},\"query-input\":{\"@type\":\"PropertyValueSpecification\",\"valueRequired\":true,\"valueName\":\"search_term_string\"}}],\"inLanguage\":\"it-IT\"},{\"@type\":\"Organization\",\"@id\":\"https:\\\/\\\/revitapolis.com\\\/it\\\/#organization\",\"name\":\"Revitapolis\",\"url\":\"https:\\\/\\\/revitapolis.com\\\/it\\\/\",\"logo\":{\"@type\":\"ImageObject\",\"inLanguage\":\"it-IT\",\"@id\":\"https:\\\/\\\/revitapolis.com\\\/it\\\/#\\\/schema\\\/logo\\\/image\\\/\",\"url\":\"https:\\\/\\\/revitapolis.com\\\/wp-content\\\/uploads\\\/2022\\\/03\\\/cropped-logo-revitapolis.jpg\",\"contentUrl\":\"https:\\\/\\\/revitapolis.com\\\/wp-content\\\/uploads\\\/2022\\\/03\\\/cropped-logo-revitapolis.jpg\",\"width\":200,\"height\":91,\"caption\":\"Revitapolis\"},\"image\":{\"@id\":\"https:\\\/\\\/revitapolis.com\\\/it\\\/#\\\/schema\\\/logo\\\/image\\\/\"}}]}<\/script>\n<!-- \/ Yoast SEO plugin. -->","yoast_head_json":{"title":"Azienda di servizi Revitapolis - Revitapolis","description":"Create con noi un'azienda di servizi Revitapolis nella vostra citt\u00e0. Questo serve a sviluppare il luogo in modo mirato ed energico.","robots":{"index":"index","follow":"follow","max-snippet":"max-snippet:-1","max-image-preview":"max-image-preview:large","max-video-preview":"max-video-preview:-1"},"canonical":"https:\/\/revitapolis.com\/it\/informazioni\/azienda-di-servizi-revitapolis\/","og_locale":"it_IT","og_type":"article","og_title":"Azienda di servizi Revitapolis - Revitapolis","og_description":"Create con noi un'azienda di servizi Revitapolis nella vostra citt\u00e0. Questo serve a sviluppare il luogo in modo mirato ed energico.","og_url":"https:\/\/revitapolis.com\/it\/informazioni\/azienda-di-servizi-revitapolis\/","og_site_name":"Revitapolis","article_modified_time":"2022-10-28T10:27:03+00:00","og_image":[{"url":"https:\/\/revitapolis.com\/wp-content\/uploads\/2022\/05\/user-g78db3cbae_1280-1024x512.png","type":"","width":"","height":""}],"twitter_card":"summary_large_image","twitter_misc":{"Tempo di lettura stimato":"1 minuto"},"schema":{"@context":"https:\/\/schema.org","@graph":[{"@type":"WebPage","@id":"https:\/\/revitapolis.com\/it\/informazioni\/azienda-di-servizi-revitapolis\/","url":"https:\/\/revitapolis.com\/it\/informazioni\/azienda-di-servizi-revitapolis\/","name":"Azienda di servizi Revitapolis - Revitapolis","isPartOf":{"@id":"https:\/\/revitapolis.com\/it\/#website"},"primaryImageOfPage":{"@id":"https:\/\/revitapolis.com\/it\/informazioni\/azienda-di-servizi-revitapolis\/#primaryimage"},"image":{"@id":"https:\/\/revitapolis.com\/it\/informazioni\/azienda-di-servizi-revitapolis\/#primaryimage"},"thumbnailUrl":"https:\/\/revitapolis.com\/wp-content\/uploads\/2022\/05\/user-g78db3cbae_1280-1024x512.png","datePublished":"2022-03-14T08:29:55+00:00","dateModified":"2022-10-28T10:27:03+00:00","description":"Create con noi un'azienda di servizi Revitapolis nella vostra citt\u00e0. Questo serve a sviluppare il luogo in modo mirato ed energico.","breadcrumb":{"@id":"https:\/\/revitapolis.com\/it\/informazioni\/azienda-di-servizi-revitapolis\/#breadcrumb"},"inLanguage":"it-IT","potentialAction":[{"@type":"ReadAction","target":["https:\/\/revitapolis.com\/it\/informazioni\/azienda-di-servizi-revitapolis\/"]}]},{"@type":"ImageObject","inLanguage":"it-IT","@id":"https:\/\/revitapolis.com\/it\/informazioni\/azienda-di-servizi-revitapolis\/#primaryimage","url":"https:\/\/revitapolis.com\/wp-content\/uploads\/2022\/05\/user-g78db3cbae_1280-1024x512.png","contentUrl":"https:\/\/revitapolis.com\/wp-content\/uploads\/2022\/05\/user-g78db3cbae_1280-1024x512.png"},{"@type":"BreadcrumbList","@id":"https:\/\/revitapolis.com\/it\/informazioni\/azienda-di-servizi-revitapolis\/#breadcrumb","itemListElement":[{"@type":"ListItem","position":1,"name":"Pagina iniziale","item":"https:\/\/revitapolis.com\/it\/"},{"@type":"ListItem","position":2,"name":"Informazioni","item":"https:\/\/revitapolis.com\/it\/informazioni\/"},{"@type":"ListItem","position":3,"name":"Azienda di servizi Revitapolis"}]},{"@type":"WebSite","@id":"https:\/\/revitapolis.com\/it\/#website","url":"https:\/\/revitapolis.com\/it\/","name":"Revitapolis","description":"Wiederbelebung italienischer Orte","publisher":{"@id":"https:\/\/revitapolis.com\/it\/#organization"},"potentialAction":[{"@type":"SearchAction","target":{"@type":"EntryPoint","urlTemplate":"https:\/\/revitapolis.com\/it\/?s={search_term_string}"},"query-input":{"@type":"PropertyValueSpecification","valueRequired":true,"valueName":"search_term_string"}}],"inLanguage":"it-IT"},{"@type":"Organization","@id":"https:\/\/revitapolis.com\/it\/#organization","name":"Revitapolis","url":"https:\/\/revitapolis.com\/it\/","logo":{"@type":"ImageObject","inLanguage":"it-IT","@id":"https:\/\/revitapolis.com\/it\/#\/schema\/logo\/image\/","url":"https:\/\/revitapolis.com\/wp-content\/uploads\/2022\/03\/cropped-logo-revitapolis.jpg","contentUrl":"https:\/\/revitapolis.com\/wp-content\/uploads\/2022\/03\/cropped-logo-revitapolis.jpg","width":200,"height":91,"caption":"Revitapolis"},"image":{"@id":"https:\/\/revitapolis.com\/it\/#\/schema\/logo\/image\/"}}]}},"_links":{"self":[{"href":"https:\/\/revitapolis.com\/it\/wp-json\/wp\/v2\/pages\/2619","targetHints":{"allow":["GET"]}}],"collection":[{"href":"https:\/\/revitapolis.com\/it\/wp-json\/wp\/v2\/pages"}],"about":[{"href":"https:\/\/revitapolis.com\/it\/wp-json\/wp\/v2\/types\/page"}],"author":[{"embeddable":true,"href":"https:\/\/revitapolis.com\/it\/wp-json\/wp\/v2\/users\/1"}],"replies":[{"embeddable":true,"href":"https:\/\/revitapolis.com\/it\/wp-json\/wp\/v2\/comments?post=2619"}],"version-history":[{"count":1,"href":"https:\/\/revitapolis.com\/it\/wp-json\/wp\/v2\/pages\/2619\/revisions"}],"predecessor-version":[{"id":2620,"href":"https:\/\/revitapolis.com\/it\/wp-json\/wp\/v2\/pages\/2619\/revisions\/2620"}],"up":[{"embeddable":true,"href":"https:\/\/revitapolis.com\/it\/wp-json\/wp\/v2\/pages\/2605"}],"wp:attachment":[{"href":"https:\/\/revitapolis.com\/it\/wp-json\/wp\/v2\/media?parent=2619"}],"curies":[{"name":"wp","href":"https:\/\/api.w.org\/{rel}","templated":true}]}}