{"id":2613,"date":"2022-05-13T16:41:48","date_gmt":"2022-05-13T16:41:48","guid":{"rendered":"https:\/\/revitapolis.com\/protezione-dei-dati\/"},"modified":"2022-10-28T10:01:06","modified_gmt":"2022-10-28T10:01:06","slug":"protezione-dei-dati","status":"publish","type":"page","link":"https:\/\/revitapolis.com\/it\/protezione-dei-dati\/","title":{"rendered":"Protezione dei dati"},"content":{"rendered":"\n<div style=\"height:15px\" aria-hidden=\"true\" class=\"wp-block-spacer\"><\/div>\n\n<h2 class=\"wp-block-heading\" style=\"font-size:30px\">Informativa sulla privacy di Revitapolis<\/h2>\n\n<p><strong>Ambito di applicazione<\/strong><\/p>\n\n<p>La presente dichiarazione sulla protezione dei dati informa gli utenti sulla natura, la portata e lo scopo della raccolta e dell&#8217;utilizzo dei dati personali da parte del fornitore responsabile: <\/p>\n\n<p>Bavicon UG (responsabilit\u00e0 limitata)<br\/>Bahnhofstr. 18<br\/>83093 Bad Endorf | Germania \/ Baviera<\/p>\n\n<p>Contatto: info@bavicon.eu<a href=\"mailto:info@bavicon.eu\"><\/a><\/p>\n\n<p>su questo sito web.<\/p>\n\n<p>La base giuridica per la protezione dei dati si trova nella legge federale sulla protezione dei dati (BDSG) e nella legge sui media telematici (TMG), nonch\u00e9 nelle nuove linee guida sulla protezione dei dati (DSGVO &#8211; valide dal 25 maggio 2018) e nella sentenza del BGH del 28 maggio 2020.<\/p>\n\n<p><strong>Raccolta dati<\/strong><\/p>\n\n<p>Fondamentalmente, occorre distinguere tra la raccolta di dati che ci vengono trasmessi volontariamente da una persona tramite e-mail o modulo di contatto &#8230;&#8230; e i dati che vengono raccolti in modo pi\u00f9 automatico attraverso l&#8217;uso del sito web.<\/p>\n\n<p>I dati raccolti automaticamente comprendono, ad esempio, le registrazioni (log del server) del provider, nonch\u00e9 i cookie o il tracciamento dei dati dei moduli aggiuntivi integrati nel sito web, che sono utili per migliorare l&#8217;usabilit\u00e0 o la grafica, ma vengono anche utilizzati da alcuni produttori per registrare informazioni che servono a valutazioni orientate al marketing &#8211; ad esempio per conoscere il comportamento di navigazione di un utente.<\/p>\n\n<p>Questo principio \u00e8 utile per comprendere i paragrafi seguenti.<\/p>\n\n<p><strong>Cosa sono i dati personali secondo la protezione dei dati<\/strong><\/p>\n\n<p>I dati personali sono informazioni che possono essere utilizzate per identificare una persona, ossia informazioni che possono essere ricondotte a una persona. Tra questi rientrano il nome, l&#8217;indirizzo, il luogo di residenza, l&#8217;indirizzo e-mail, il numero di telefono e le azioni che possono essere assegnate a una persona; anche i dati relativi alle preferenze, agli hobby, alle appartenenze o ai siti web visitati da una persona sono considerati dati personali. <\/p>\n\n<p><strong>Trattamento dei dati personali<\/strong><\/p>\n\n<p>Prendiamo molto sul serio la protezione dei dati, in conformit\u00e0 con le nostre leggi. I dati personali che ci inviate digitalmente o in qualsiasi altro modo (come descritto sopra, ad esempio il vostro nome e indirizzo, la vostra richiesta, ecc.) saranno utilizzati in modo molto riservato da noi e non saranno trasmessi a terzi, a meno che la legge non lo richieda o sia legalmente legittimo farlo. ) saranno utilizzati da noi con la massima riservatezza e non saranno trasmessi a terzi, a meno che la situazione legale non lo richieda o sia legittima e l&#8217;utente vi acconsenta. <\/p>\n\n<p>Quando ci contattate (ad esempio via e-mail), i dati dell&#8217;utente vengono memorizzati allo scopo di elaborare la richiesta e nel caso in cui sorgano domande successive. Inoltre, questi dati sono conservati in modo sicuro da noi. <\/p>\n\n<p>In alcuni casi, tuttavia, potrebbe non essere possibile escludere la trasmissione dei dati personali. Come gi\u00e0 osservato in precedenza, quando in un sito web vengono messe a disposizione delle estensioni, che da parte nostra hanno lo scopo di fornire un maggiore comfort e funzionalit\u00e0, ma dall&#8217;altra parte vengono utilizzate da aziende come Google per registrare dati a scopo di marketing ( tracking ). Tuttavia, non si pu\u00f2 presumere che ci\u00f2 sia finalizzato a provocare un danno intenzionale. Tuttavia, non possiamo accettare alcuna responsabilit\u00e0 per tali registrazioni.   <\/p>\n\n<p>Si noti inoltre che in genere i dati non vengono sempre trasmessi in modo sicuro su Internet. Soprattutto nel traffico di posta elettronica, la protezione durante lo scambio di dati non pu\u00f2 essere garantita. <\/p>\n\n<p>Se ci contattate tramite il nostro modulo di contatto, i vostri dati sono protetti dalla crittografia SSL ( https:\/\/ ) nel miglior modo possibile in termini di possibilit\u00e0 tecniche ed \u00e8 quindi pi\u00f9 adatto a proteggere i vostri dati rispetto al puro traffico e-mail.<\/p>\n\n<p><strong>Informazioni, cancellazione, blocco<\/strong><\/p>\n\n<p>Potete ottenere gratuitamente in qualsiasi momento informazioni sui dati personali che abbiamo memorizzato su di voi e sull&#8217;origine, il destinatario e lo scopo della raccolta e del trattamento dei dati. L&#8217;utente ha inoltre il diritto di richiedere la correzione, il blocco o la cancellazione dei propri dati. <\/p>\n\n<p>Sono esclusi i dati conservati in base a disposizioni di legge o necessari per una corretta elaborazione aziendale. Per garantire che un blocco di dati possa essere implementato in qualsiasi momento, i dati vengono conservati in un file di blocco a scopo di controllo. Se i dati non sono coperti da un obbligo legale di archiviazione, cancelleremo i vostri dati su vostra richiesta. Se si applica l&#8217;obbligo di archiviazione, bloccheremo i vostri dati. Per tutte le domande e i dubbi relativi alla correzione, al blocco o alla cancellazione dei dati personali, vi preghiamo di contattarci all&#8217;indirizzo indicato nell&#8217;impronta.    <\/p>\n\n<p>I diritti degli interessati sono regolati di conseguenza nelle disposizioni del GDPR.<\/p>\n\n<p>I dati raccolti tramite il tracciamento di terzi non sono trattati in questa sede. Anche questo \u00e8 al di l\u00e0 della nostra portata legale. <\/p>\n\n<h2 class=\"wp-block-heading\">Componenti autoattivi<\/h2>\n\n<p>Per la nostra offerta informativa vengono utilizzati cookie e Javascript. Questi componenti possono essere disattivati nel software del browser, rendendo cos\u00ec molto difficile la registrazione dei dati in background, ma anche, in determinate circostanze, la funzionalit\u00e0 del sito web non sembra pi\u00f9 essere data. <\/p>\n\n<p><strong>Dati di accesso\/file di log del server<\/strong><\/p>\n\n<p>Il fornitore (o il suo fornitore di spazio web) raccoglie i dati relativi a ogni accesso all&#8217;offerta (i cosiddetti file di log del server). I dati di accesso comprendono: <\/p>\n\n<p>Nome del sito web visitato, file, data e ora dell&#8217;accesso, quantit\u00e0 di dati trasferiti, notifica di accesso riuscito, tipo e versione del browser, sistema operativo dell&#8217;utente, URL di riferimento (la pagina precedentemente visitata), indirizzo IP e provider richiedente.<\/p>\n\n<p>Il fornitore utilizza i dati di log solo per valutazioni statistiche ai fini del funzionamento, della sicurezza e dell&#8217;ottimizzazione dell&#8217;offerta. Tuttavia, l&#8217;offerente si riserva il diritto di controllare successivamente i dati di log qualora vi sia il fondato sospetto di un utilizzo illegale a causa di indizi concreti. <\/p>\n\n<p><strong>Biscotti<\/strong><\/p>\n\n<p>I cookie sono piccoli file che consentono di memorizzare sul dispositivo di accesso dell&#8217;utente (PC, smartphone o simili) informazioni specifiche relative al dispositivo. Da un lato, servono alla facilit\u00e0 d&#8217;uso dei siti web (ad esempio, la memorizzazione dei dati di accesso) e alla funzionalit\u00e0 dei siti stessi. Dall&#8217;altro lato, vengono utilizzati per raccogliere dati statistici sull&#8217;utilizzo del sito web e per poterli analizzare al fine di migliorare l&#8217;offerta (ad es. tramite Google Analytics). Inoltre, i cookie possono essere utilizzati per motivi di marketing da singole aziende i cui prodotti sono integrati in modo interattivo nei siti web, per registrare il comportamento dei visitatori al fine di raccogliere profili utente orientati al marketing.core\/paragrafo   <\/p>\n\n<p>Gli utenti possono influenzare l&#8217;uso dei cookie. La maggior parte dei browser dispone di un&#8217;opzione che consente di limitare o impedire completamente la memorizzazione dei cookie. Tuttavia, si sottolinea che l&#8217;utilizzo e in particolare il comfort dell&#8217;utente sono limitati senza i cookie. \u00c8 inoltre possibile eliminare i cookie in qualsiasi momento dalle impostazioni del browser.   <\/p>\n\n<p>\u00c8 possibile gestire molti cookie pubblicitari online delle aziende tramite il sito UE https:\/\/www.youronlinechoices.com\/uk\/your-ad-choices.<\/p>\n\n<p>Molti siti web, o quasi, utilizzano i cookie. I cookie sono innocui per il vostro computer e non contengono virus. <\/p>\n\n<p>Quando si utilizza\/richiama il nostro sito web, si fa esplicito riferimento all&#8217;uso dei cookie. L&#8217;utente deve accettarlo, altrimenti \u00e8 libero di abbandonare il nostro sito web.<\/p>\n\n<p><strong>Estensioni di Google<\/strong><\/p>\n\n<p>Non ci sono estensioni di Google direttamente sul nostro sito web che richiedano un opt-in. Abbiamo inserito solo un link conforme alla protezione dei dati a Google Maps o Google Maps pu\u00f2 essere ricaricato dopo il consenso &#8211; si prega di notare il riferimento corrispondente. <\/p>\n\n<p>Desideriamo sottolineare ancora una volta che quando si utilizza Google Maps, una raccolta di dati con informazioni sul vostro comportamento di navigazione e il vostro indirizzo IP viene trasmessa ai rispettivi server negli Stati Uniti. Il modo in cui questi vengono valutati non \u00e8 del tutto chiaro all&#8217;esterno, mentre il modo in cui vengono elaborati in un contesto personale pu\u00f2 essere chiarito direttamente con la loro azienda.<\/p>\n\n<p>Per ulteriori informazioni sull&#8217;informativa sulla privacy e sulle condizioni di utilizzo di Google Maps, consultare il sito: https:\/\/www.google.com\/intl\/de_de\/help\/terms_maps.html.<\/p>\n\n<p>Per ulteriori informazioni sull&#8217;utilizzo dei dati da parte di Google, sulle possibilit\u00e0 di impostazione e di opposizione, consultare l&#8217;informativa sulla privacy di Google: https:\/\/policies.google.com\/privacy e le impostazioni per la visualizzazione di annunci pubblicitari da parte di Google https:\/\/adssettings.google.com\/authenticated.<\/p>\n\n<p><strong>Google Web Fonts<\/strong><\/p>\n\n<p>Non integriamo font (&#8220;Google Fonts&#8221;) del fornitore Google LLC, 1600 Amphitheatre Parkway, Mountain View, CA 94043, USA. Il nostro progetto utilizza solo i font di sistema.<\/p>\n\n<p><strong>Plugin generali, componenti aggiuntivi, estensioni<\/strong><\/p>\n\n<p>Il nostro sito web \u00e8 stato creato con un moderno sistema CMS. I moderni sistemi CMS offrono la possibilit\u00e0 di ampliare le funzioni di un sito web attraverso installazioni aggiuntive. Questo \u00e8 il risultato di una migliore usabilit\u00e0 e di un miglioramento della rappresentazione grafica. Talvolta tali plug-in di vari produttori, come gi\u00e0 indicato nella dichiarazione sulla protezione dei dati, sono integrati dal tracciamento dei dati.<\/p>\n\n<p>Il nostro sito web dispone di un minimo di altri plug-in ( JQUERY &#8230; ), le cui funzionalit\u00e0 non mostrano alcun tracciamento dei dati dopo un controllo preciso e possono quindi essere considerate conformi alla protezione dei dati. Abbiamo svolto la nostra analisi in modo coscienzioso, ma ci asteniamo dal disporne in modo giuridicamente vincolante.<\/p>\n\n<p>JQUERY \u00e8 integrato come modulo standard in molti siti web e rappresenta una struttura di base, tecnicamente necessaria per molte funzionalit\u00e0 ( DSGVO Art. 6, Para. 1 Lettera f ). JQUERY, come molte altre estensioni, non imposta i cookie.<\/p>\n\n<p><strong>Garanzia<\/strong><\/p>\n\n<p>Ci siamo impegnati a fondo per tenere conto delle nuove linee guida sulla protezione dei dati (DSGVO) e della sentenza del BGH del 28.05.2020 per la Germania. Nel caso in cui qualcuno si senta offeso dalla nostra politica sulla privacy, chiediamo di contattarci utilizzando i dati riportati nell&#8217;impronta per cercare una soluzione consensuale.<\/p>\n\n<p>Innanzitutto, vorremmo sottolineare che nelle nuove linee guida sulla protezione dei dati ci sono molti dettagli che non sembrano ancora essere stati definitivamente chiariti da un punto di vista legale.<\/p>\n\n<p><strong>Google Analytics con opt-out<\/strong><\/p>\n\n<p>Per la registrazione dei dati utilizziamo lo strumento Google Analytics. Se non desiderate che queste registrazioni vengano utilizzate per i nostri scopi di marketing, siete liberi di utilizzare l&#8217;opt-out offerto di seguito per impedire la registrazione dei dati o per rilasciarla nuovamente in seguito. Vi saremmo grati se ci permetteste di registrare i dati. Utilizziamo questi dati solo per i nostri scopi, sono al sicuro e non vengono trasmessi a terzi. Inoltre, i dati sono raccolti in forma anonima, il che significa che non \u00e8 possibile trarre conclusioni dirette sulla vostra persona, e questo non \u00e8 comunque nel nostro interesse.<\/p>\n\n<p>Al seguente link \u00e8 inoltre possibile scaricare e installare il plugin del browser disponibile, ad esempio per creare un opt-out per Google Analytics nel browser. https:\/\/tools.google.com\/dlpage\/gaoptout?hl=de &#8211; tuttavia, questo non \u00e8 necessario a causa dell&#8217;opt-out offerto qui.<\/p>\n<a href=\"javascript:gaoo_handle_optout();\" id=\"gaoo-link\" class=\"gaoo-link-deactivate\">Datenaufzeichnung \u2192 AUS<\/a>\n\n<div style=\"height:11px\" aria-hidden=\"true\" class=\"wp-block-spacer\"><\/div>\n\n<p class=\"has-text-align-center\"><strong>Fine dell&#8217;informativa sulla privacy<\/strong><\/p>\n\n<hr style=\"border: 0; height: 1px; background-image: linear-gradient(to right, rgba(0, 0, 0, 0), rgba(0, 0, 0, 0.75), rgba(0, 0, 0, 0));\"\/>\n<div style=\"height:11px\" aria-hidden=\"true\" class=\"wp-block-spacer\"><\/div>\n","protected":false},"excerpt":{"rendered":"<p>Informativa sulla privacy di Revitapolis Ambito di applicazione La presente dichiarazione sulla protezione dei dati informa gli utenti sulla natura, la portata e lo scopo della raccolta e dell&#8217;utilizzo dei dati personali da parte del fornitore responsabile: Bavicon UG (responsabilit\u00e0 limitata)Bahnhofstr. 1883093 Bad Endorf | Germania \/ Baviera Contatto: info@bavicon.eu su questo sito web. La [&hellip;]<\/p>\n","protected":false},"author":1,"featured_media":0,"parent":0,"menu_order":0,"comment_status":"closed","ping_status":"closed","template":"","meta":{"_acf_changed":false,"om_disable_all_campaigns":false,"_monsterinsights_skip_tracking":false,"_monsterinsights_sitenote_active":false,"_monsterinsights_sitenote_note":"","_monsterinsights_sitenote_category":0,"ocean_post_layout":"","ocean_both_sidebars_style":"","ocean_both_sidebars_content_width":0,"ocean_both_sidebars_sidebars_width":0,"ocean_sidebar":"0","ocean_second_sidebar":"0","ocean_disable_margins":"enable","ocean_add_body_class":"","ocean_shortcode_before_top_bar":"","ocean_shortcode_after_top_bar":"","ocean_shortcode_before_header":"","ocean_shortcode_after_header":"","ocean_has_shortcode":"","ocean_shortcode_after_title":"","ocean_shortcode_before_footer_widgets":"","ocean_shortcode_after_footer_widgets":"","ocean_shortcode_before_footer_bottom":"","ocean_shortcode_after_footer_bottom":"","ocean_display_top_bar":"default","ocean_display_header":"default","ocean_header_style":"","ocean_center_header_left_menu":"0","ocean_custom_header_template":"0","ocean_custom_logo":0,"ocean_custom_retina_logo":0,"ocean_custom_logo_max_width":0,"ocean_custom_logo_tablet_max_width":0,"ocean_custom_logo_mobile_max_width":0,"ocean_custom_logo_max_height":0,"ocean_custom_logo_tablet_max_height":0,"ocean_custom_logo_mobile_max_height":0,"ocean_header_custom_menu":"0","ocean_menu_typo_font_family":"0","ocean_menu_typo_font_subset":"","ocean_menu_typo_font_size":0,"ocean_menu_typo_font_size_tablet":0,"ocean_menu_typo_font_size_mobile":0,"ocean_menu_typo_font_size_unit":"px","ocean_menu_typo_font_weight":"","ocean_menu_typo_font_weight_tablet":"","ocean_menu_typo_font_weight_mobile":"","ocean_menu_typo_transform":"","ocean_menu_typo_transform_tablet":"","ocean_menu_typo_transform_mobile":"","ocean_menu_typo_line_height":0,"ocean_menu_typo_line_height_tablet":0,"ocean_menu_typo_line_height_mobile":0,"ocean_menu_typo_line_height_unit":"","ocean_menu_typo_spacing":0,"ocean_menu_typo_spacing_tablet":0,"ocean_menu_typo_spacing_mobile":0,"ocean_menu_typo_spacing_unit":"","ocean_menu_link_color":"","ocean_menu_link_color_hover":"","ocean_menu_link_color_active":"","ocean_menu_link_background":"","ocean_menu_link_hover_background":"","ocean_menu_link_active_background":"","ocean_menu_social_links_bg":"","ocean_menu_social_hover_links_bg":"","ocean_menu_social_links_color":"","ocean_menu_social_hover_links_color":"","ocean_disable_title":"default","ocean_disable_heading":"default","ocean_post_title":"","ocean_post_subheading":"","ocean_post_title_style":"","ocean_post_title_background_color":"","ocean_post_title_background":0,"ocean_post_title_bg_image_position":"","ocean_post_title_bg_image_attachment":"","ocean_post_title_bg_image_repeat":"","ocean_post_title_bg_image_size":"","ocean_post_title_height":0,"ocean_post_title_bg_overlay":0.5,"ocean_post_title_bg_overlay_color":"","ocean_disable_breadcrumbs":"default","ocean_breadcrumbs_color":"","ocean_breadcrumbs_separator_color":"","ocean_breadcrumbs_links_color":"","ocean_breadcrumbs_links_hover_color":"","ocean_display_footer_widgets":"default","ocean_display_footer_bottom":"default","ocean_custom_footer_template":"0","footnotes":""},"class_list":["post-2613","page","type-page","status-publish","hentry","entry"],"acf":[],"yoast_head":"<!-- This site is optimized with the Yoast SEO plugin v27.3 - https:\/\/yoast.com\/product\/yoast-seo-wordpress\/ -->\n<title>Protezione dei dati - Revitapolis<\/title>\n<meta name=\"robots\" content=\"index, follow, max-snippet:-1, max-image-preview:large, max-video-preview:-1\" \/>\n<link rel=\"canonical\" href=\"https:\/\/revitapolis.com\/it\/protezione-dei-dati\/\" \/>\n<meta property=\"og:locale\" content=\"it_IT\" \/>\n<meta property=\"og:type\" content=\"article\" \/>\n<meta property=\"og:title\" content=\"Protezione dei dati - Revitapolis\" \/>\n<meta property=\"og:description\" content=\"Informativa sulla privacy di Revitapolis Ambito di applicazione La presente dichiarazione sulla protezione dei dati informa gli utenti sulla natura, la portata e lo scopo della raccolta e dell&#8217;utilizzo dei dati personali da parte del fornitore responsabile: Bavicon UG (responsabilit\u00e0 limitata)Bahnhofstr. 1883093 Bad Endorf | Germania \/ Baviera Contatto: info@bavicon.eu su questo sito web. La [&hellip;]\" \/>\n<meta property=\"og:url\" content=\"https:\/\/revitapolis.com\/it\/protezione-dei-dati\/\" \/>\n<meta property=\"og:site_name\" content=\"Revitapolis\" \/>\n<meta property=\"article:modified_time\" content=\"2022-10-28T10:01:06+00:00\" \/>\n<meta name=\"twitter:card\" content=\"summary_large_image\" \/>\n<meta name=\"twitter:label1\" content=\"Tempo di lettura stimato\" \/>\n\t<meta name=\"twitter:data1\" content=\"9 minuti\" \/>\n<script type=\"application\/ld+json\" class=\"yoast-schema-graph\">{\"@context\":\"https:\\\/\\\/schema.org\",\"@graph\":[{\"@type\":\"WebPage\",\"@id\":\"https:\\\/\\\/revitapolis.com\\\/it\\\/protezione-dei-dati\\\/\",\"url\":\"https:\\\/\\\/revitapolis.com\\\/it\\\/protezione-dei-dati\\\/\",\"name\":\"Protezione dei dati - Revitapolis\",\"isPartOf\":{\"@id\":\"https:\\\/\\\/revitapolis.com\\\/it\\\/#website\"},\"datePublished\":\"2022-05-13T16:41:48+00:00\",\"dateModified\":\"2022-10-28T10:01:06+00:00\",\"breadcrumb\":{\"@id\":\"https:\\\/\\\/revitapolis.com\\\/it\\\/protezione-dei-dati\\\/#breadcrumb\"},\"inLanguage\":\"it-IT\",\"potentialAction\":[{\"@type\":\"ReadAction\",\"target\":[\"https:\\\/\\\/revitapolis.com\\\/it\\\/protezione-dei-dati\\\/\"]}]},{\"@type\":\"BreadcrumbList\",\"@id\":\"https:\\\/\\\/revitapolis.com\\\/it\\\/protezione-dei-dati\\\/#breadcrumb\",\"itemListElement\":[{\"@type\":\"ListItem\",\"position\":1,\"name\":\"Pagina iniziale\",\"item\":\"https:\\\/\\\/revitapolis.com\\\/it\\\/\"},{\"@type\":\"ListItem\",\"position\":2,\"name\":\"Protezione dei dati\"}]},{\"@type\":\"WebSite\",\"@id\":\"https:\\\/\\\/revitapolis.com\\\/it\\\/#website\",\"url\":\"https:\\\/\\\/revitapolis.com\\\/it\\\/\",\"name\":\"Revitapolis\",\"description\":\"Wiederbelebung italienischer Orte\",\"publisher\":{\"@id\":\"https:\\\/\\\/revitapolis.com\\\/it\\\/#organization\"},\"potentialAction\":[{\"@type\":\"SearchAction\",\"target\":{\"@type\":\"EntryPoint\",\"urlTemplate\":\"https:\\\/\\\/revitapolis.com\\\/it\\\/?s={search_term_string}\"},\"query-input\":{\"@type\":\"PropertyValueSpecification\",\"valueRequired\":true,\"valueName\":\"search_term_string\"}}],\"inLanguage\":\"it-IT\"},{\"@type\":\"Organization\",\"@id\":\"https:\\\/\\\/revitapolis.com\\\/it\\\/#organization\",\"name\":\"Revitapolis\",\"url\":\"https:\\\/\\\/revitapolis.com\\\/it\\\/\",\"logo\":{\"@type\":\"ImageObject\",\"inLanguage\":\"it-IT\",\"@id\":\"https:\\\/\\\/revitapolis.com\\\/it\\\/#\\\/schema\\\/logo\\\/image\\\/\",\"url\":\"https:\\\/\\\/revitapolis.com\\\/wp-content\\\/uploads\\\/2022\\\/03\\\/cropped-logo-revitapolis.jpg\",\"contentUrl\":\"https:\\\/\\\/revitapolis.com\\\/wp-content\\\/uploads\\\/2022\\\/03\\\/cropped-logo-revitapolis.jpg\",\"width\":200,\"height\":91,\"caption\":\"Revitapolis\"},\"image\":{\"@id\":\"https:\\\/\\\/revitapolis.com\\\/it\\\/#\\\/schema\\\/logo\\\/image\\\/\"}}]}<\/script>\n<!-- \/ Yoast SEO plugin. -->","yoast_head_json":{"title":"Protezione dei dati - Revitapolis","robots":{"index":"index","follow":"follow","max-snippet":"max-snippet:-1","max-image-preview":"max-image-preview:large","max-video-preview":"max-video-preview:-1"},"canonical":"https:\/\/revitapolis.com\/it\/protezione-dei-dati\/","og_locale":"it_IT","og_type":"article","og_title":"Protezione dei dati - Revitapolis","og_description":"Informativa sulla privacy di Revitapolis Ambito di applicazione La presente dichiarazione sulla protezione dei dati informa gli utenti sulla natura, la portata e lo scopo della raccolta e dell&#8217;utilizzo dei dati personali da parte del fornitore responsabile: Bavicon UG (responsabilit\u00e0 limitata)Bahnhofstr. 1883093 Bad Endorf | Germania \/ Baviera Contatto: info@bavicon.eu su questo sito web. La [&hellip;]","og_url":"https:\/\/revitapolis.com\/it\/protezione-dei-dati\/","og_site_name":"Revitapolis","article_modified_time":"2022-10-28T10:01:06+00:00","twitter_card":"summary_large_image","twitter_misc":{"Tempo di lettura stimato":"9 minuti"},"schema":{"@context":"https:\/\/schema.org","@graph":[{"@type":"WebPage","@id":"https:\/\/revitapolis.com\/it\/protezione-dei-dati\/","url":"https:\/\/revitapolis.com\/it\/protezione-dei-dati\/","name":"Protezione dei dati - Revitapolis","isPartOf":{"@id":"https:\/\/revitapolis.com\/it\/#website"},"datePublished":"2022-05-13T16:41:48+00:00","dateModified":"2022-10-28T10:01:06+00:00","breadcrumb":{"@id":"https:\/\/revitapolis.com\/it\/protezione-dei-dati\/#breadcrumb"},"inLanguage":"it-IT","potentialAction":[{"@type":"ReadAction","target":["https:\/\/revitapolis.com\/it\/protezione-dei-dati\/"]}]},{"@type":"BreadcrumbList","@id":"https:\/\/revitapolis.com\/it\/protezione-dei-dati\/#breadcrumb","itemListElement":[{"@type":"ListItem","position":1,"name":"Pagina iniziale","item":"https:\/\/revitapolis.com\/it\/"},{"@type":"ListItem","position":2,"name":"Protezione dei dati"}]},{"@type":"WebSite","@id":"https:\/\/revitapolis.com\/it\/#website","url":"https:\/\/revitapolis.com\/it\/","name":"Revitapolis","description":"Wiederbelebung italienischer Orte","publisher":{"@id":"https:\/\/revitapolis.com\/it\/#organization"},"potentialAction":[{"@type":"SearchAction","target":{"@type":"EntryPoint","urlTemplate":"https:\/\/revitapolis.com\/it\/?s={search_term_string}"},"query-input":{"@type":"PropertyValueSpecification","valueRequired":true,"valueName":"search_term_string"}}],"inLanguage":"it-IT"},{"@type":"Organization","@id":"https:\/\/revitapolis.com\/it\/#organization","name":"Revitapolis","url":"https:\/\/revitapolis.com\/it\/","logo":{"@type":"ImageObject","inLanguage":"it-IT","@id":"https:\/\/revitapolis.com\/it\/#\/schema\/logo\/image\/","url":"https:\/\/revitapolis.com\/wp-content\/uploads\/2022\/03\/cropped-logo-revitapolis.jpg","contentUrl":"https:\/\/revitapolis.com\/wp-content\/uploads\/2022\/03\/cropped-logo-revitapolis.jpg","width":200,"height":91,"caption":"Revitapolis"},"image":{"@id":"https:\/\/revitapolis.com\/it\/#\/schema\/logo\/image\/"}}]}},"_links":{"self":[{"href":"https:\/\/revitapolis.com\/it\/wp-json\/wp\/v2\/pages\/2613","targetHints":{"allow":["GET"]}}],"collection":[{"href":"https:\/\/revitapolis.com\/it\/wp-json\/wp\/v2\/pages"}],"about":[{"href":"https:\/\/revitapolis.com\/it\/wp-json\/wp\/v2\/types\/page"}],"author":[{"embeddable":true,"href":"https:\/\/revitapolis.com\/it\/wp-json\/wp\/v2\/users\/1"}],"replies":[{"embeddable":true,"href":"https:\/\/revitapolis.com\/it\/wp-json\/wp\/v2\/comments?post=2613"}],"version-history":[{"count":1,"href":"https:\/\/revitapolis.com\/it\/wp-json\/wp\/v2\/pages\/2613\/revisions"}],"predecessor-version":[{"id":2614,"href":"https:\/\/revitapolis.com\/it\/wp-json\/wp\/v2\/pages\/2613\/revisions\/2614"}],"wp:attachment":[{"href":"https:\/\/revitapolis.com\/it\/wp-json\/wp\/v2\/media?parent=2613"}],"curies":[{"name":"wp","href":"https:\/\/api.w.org\/{rel}","templated":true}]}}