{"id":2607,"date":"2022-03-13T09:44:25","date_gmt":"2022-03-13T09:44:25","guid":{"rendered":"https:\/\/revitapolis.com\/informazioni\/comunita\/"},"modified":"2023-03-27T12:41:42","modified_gmt":"2023-03-27T12:41:42","slug":"comunita","status":"publish","type":"page","link":"https:\/\/revitapolis.com\/it\/informazioni\/comunita\/","title":{"rendered":"Comunit\u00e0"},"content":{"rendered":"\n<div style=\"height:20px\" aria-hidden=\"true\" class=\"wp-block-spacer\"><\/div>\n\n<h2 class=\"wp-block-heading\" style=\"font-size:30px\">Volete valorizzare e rivitalizzare la vostra comunit\u00e0?<\/h2>\n\n<p>Mostrate ci\u00f2 che la vostra comunit\u00e0 ha da offrire. Approfittate di questa opportunit\u00e0 unica per valorizzare e rivitalizzare la vostra comunit\u00e0. Vi sosteniamo affinch\u00e9 la vostra comunit\u00e0 si sviluppi e risplenda in un nuovo splendore. Diventate colorati!<\/p>\n\n<p>Non si tratta solo di riqualificare e rivitalizzare vecchie citt\u00e0 e propriet\u00e0 in decadenza. Le case hanno vita solo quando sono abitate. Per questo crediamo che la ristrutturazione di un edificio nel centro storico possa essere solo una parte della soluzione. Se una casa non viene occupata, \u00e8 destinata a decadere di nuovo. <\/p>\n\n<p>Vogliamo riunire sul nostro portale tutte le attivit\u00e0 importanti e necessarie per un rilancio e una riqualificazione sostenibili, affinch\u00e9 l&#8217;Italia risplenda di un nuovo splendore. Questo include anche lo sviluppo economico e l&#8217;insediamento permanente di persone, famiglie e aziende provenienti da tutto il mondo. A tal fine, le infrastrutture devono essere create dai comuni. Vogliamo sostenerli in questo. In questo contesto, riportiamo nel Paese gli italiani che sono emigrati. Sono parte della soluzione e del nostro futuro. <\/p>\n\n<p>L&#8217;obiettivo dovrebbe essere quello di costruire un&#8217;infrastruttura stabile anche nelle aree rurali. Le strutture esistenti devono essere ampliate. L&#8217;Italia ha il potenziale per farlo. Gente laboriosa, paesaggi meravigliosi, luoghi incantevoli. Fermiamo l&#8217;emigrazione dei nostri giovani. Fermiamo lo smantellamento delle infrastrutture nell&#8217;Italia rurale. Invertiamo questo sviluppo fatale. Siamo pronti. Anche tu?<\/p>\n\n<figure class=\"wp-block-image size-large\"><img fetchpriority=\"high\" decoding=\"async\" width=\"1024\" height=\"668\" src=\"https:\/\/revitapolis.com\/wp-content\/uploads\/2023\/03\/vieste-3683239_1920-1024x668.jpg\" alt=\"\" class=\"wp-image-3620\" srcset=\"https:\/\/revitapolis.com\/wp-content\/uploads\/2023\/03\/vieste-3683239_1920-1024x668.jpg 1024w, https:\/\/revitapolis.com\/wp-content\/uploads\/2023\/03\/vieste-3683239_1920-300x196.jpg 300w, https:\/\/revitapolis.com\/wp-content\/uploads\/2023\/03\/vieste-3683239_1920-768x501.jpg 768w, https:\/\/revitapolis.com\/wp-content\/uploads\/2023\/03\/vieste-3683239_1920-1536x1002.jpg 1536w, https:\/\/revitapolis.com\/wp-content\/uploads\/2023\/03\/vieste-3683239_1920.jpg 1920w\" sizes=\"(max-width: 1024px) 100vw, 1024px\" \/><\/figure>\n<hr style=\"border: 0; height: 1px; background-image: linear-gradient(to right, rgba(0, 0, 0, 0), rgba(0, 0, 0, 0.75), rgba(0, 0, 0, 0));\"\/>\n<p><\/p>\n","protected":false},"excerpt":{"rendered":"<p>Volete valorizzare e rivitalizzare la vostra comunit\u00e0? Mostrate ci\u00f2 che la vostra comunit\u00e0 ha da offrire. Approfittate di questa opportunit\u00e0 unica per valorizzare e rivitalizzare la vostra comunit\u00e0. Vi sosteniamo affinch\u00e9 la vostra comunit\u00e0 si sviluppi e risplenda in un nuovo splendore. Diventate colorati! Non si tratta solo di riqualificare e rivitalizzare vecchie citt\u00e0 e [&hellip;]<\/p>\n","protected":false},"author":1,"featured_media":0,"parent":2605,"menu_order":0,"comment_status":"closed","ping_status":"closed","template":"","meta":{"_acf_changed":false,"om_disable_all_campaigns":false,"_monsterinsights_skip_tracking":false,"_monsterinsights_sitenote_active":false,"_monsterinsights_sitenote_note":"","_monsterinsights_sitenote_category":0,"ocean_post_layout":"right-sidebar","ocean_both_sidebars_style":"","ocean_both_sidebars_content_width":0,"ocean_both_sidebars_sidebars_width":0,"ocean_sidebar":"sidebar","ocean_second_sidebar":"0","ocean_disable_margins":"enable","ocean_add_body_class":"","ocean_shortcode_before_top_bar":"","ocean_shortcode_after_top_bar":"","ocean_shortcode_before_header":"","ocean_shortcode_after_header":"","ocean_has_shortcode":"","ocean_shortcode_after_title":"","ocean_shortcode_before_footer_widgets":"","ocean_shortcode_after_footer_widgets":"","ocean_shortcode_before_footer_bottom":"","ocean_shortcode_after_footer_bottom":"","ocean_display_top_bar":"default","ocean_display_header":"default","ocean_header_style":"","ocean_center_header_left_menu":"0","ocean_custom_header_template":"0","ocean_custom_logo":0,"ocean_custom_retina_logo":0,"ocean_custom_logo_max_width":0,"ocean_custom_logo_tablet_max_width":0,"ocean_custom_logo_mobile_max_width":0,"ocean_custom_logo_max_height":0,"ocean_custom_logo_tablet_max_height":0,"ocean_custom_logo_mobile_max_height":0,"ocean_header_custom_menu":"0","ocean_menu_typo_font_family":"0","ocean_menu_typo_font_subset":"","ocean_menu_typo_font_size":0,"ocean_menu_typo_font_size_tablet":0,"ocean_menu_typo_font_size_mobile":0,"ocean_menu_typo_font_size_unit":"px","ocean_menu_typo_font_weight":"","ocean_menu_typo_font_weight_tablet":"","ocean_menu_typo_font_weight_mobile":"","ocean_menu_typo_transform":"","ocean_menu_typo_transform_tablet":"","ocean_menu_typo_transform_mobile":"","ocean_menu_typo_line_height":0,"ocean_menu_typo_line_height_tablet":0,"ocean_menu_typo_line_height_mobile":0,"ocean_menu_typo_line_height_unit":"","ocean_menu_typo_spacing":0,"ocean_menu_typo_spacing_tablet":0,"ocean_menu_typo_spacing_mobile":0,"ocean_menu_typo_spacing_unit":"","ocean_menu_link_color":"","ocean_menu_link_color_hover":"","ocean_menu_link_color_active":"","ocean_menu_link_background":"","ocean_menu_link_hover_background":"","ocean_menu_link_active_background":"","ocean_menu_social_links_bg":"","ocean_menu_social_hover_links_bg":"","ocean_menu_social_links_color":"","ocean_menu_social_hover_links_color":"","ocean_disable_title":"default","ocean_disable_heading":"default","ocean_post_title":"","ocean_post_subheading":"","ocean_post_title_style":"","ocean_post_title_background_color":"","ocean_post_title_background":0,"ocean_post_title_bg_image_position":"","ocean_post_title_bg_image_attachment":"","ocean_post_title_bg_image_repeat":"","ocean_post_title_bg_image_size":"","ocean_post_title_height":0,"ocean_post_title_bg_overlay":0.5,"ocean_post_title_bg_overlay_color":"","ocean_disable_breadcrumbs":"default","ocean_breadcrumbs_color":"","ocean_breadcrumbs_separator_color":"","ocean_breadcrumbs_links_color":"","ocean_breadcrumbs_links_hover_color":"","ocean_display_footer_widgets":"default","ocean_display_footer_bottom":"default","ocean_custom_footer_template":"0","footnotes":""},"class_list":["post-2607","page","type-page","status-publish","hentry","entry"],"acf":[],"yoast_head":"<!-- This site is optimized with the Yoast SEO plugin v27.3 - https:\/\/yoast.com\/product\/yoast-seo-wordpress\/ -->\n<title>Comunit\u00e0 - Revitapolis<\/title>\n<meta name=\"description\" content=\"Mostrate ci\u00f2 che la vostra comunit\u00e0 ha da offrire. Approfittate di questa opportunit\u00e0 unica per dare nuova vita alla vostra comunit\u00e0. Diventate colorati!\" \/>\n<meta name=\"robots\" content=\"index, follow, max-snippet:-1, max-image-preview:large, max-video-preview:-1\" \/>\n<link rel=\"canonical\" href=\"https:\/\/revitapolis.com\/it\/informazioni\/comunita\/\" \/>\n<meta property=\"og:locale\" content=\"it_IT\" \/>\n<meta property=\"og:type\" content=\"article\" \/>\n<meta property=\"og:title\" content=\"Comunit\u00e0 - Revitapolis\" \/>\n<meta property=\"og:description\" content=\"Mostrate ci\u00f2 che la vostra comunit\u00e0 ha da offrire. Approfittate di questa opportunit\u00e0 unica per dare nuova vita alla vostra comunit\u00e0. Diventate colorati!\" \/>\n<meta property=\"og:url\" content=\"https:\/\/revitapolis.com\/it\/informazioni\/comunita\/\" \/>\n<meta property=\"og:site_name\" content=\"Revitapolis\" \/>\n<meta property=\"article:modified_time\" content=\"2023-03-27T12:41:42+00:00\" \/>\n<meta property=\"og:image\" content=\"https:\/\/revitapolis.com\/wp-content\/uploads\/2023\/03\/vieste-3683239_1920-1024x668.jpg\" \/>\n<meta name=\"twitter:card\" content=\"summary_large_image\" \/>\n<meta name=\"twitter:label1\" content=\"Tempo di lettura stimato\" \/>\n\t<meta name=\"twitter:data1\" content=\"1 minuto\" \/>\n<script type=\"application\/ld+json\" class=\"yoast-schema-graph\">{\"@context\":\"https:\\\/\\\/schema.org\",\"@graph\":[{\"@type\":\"WebPage\",\"@id\":\"https:\\\/\\\/revitapolis.com\\\/it\\\/informazioni\\\/comunita\\\/\",\"url\":\"https:\\\/\\\/revitapolis.com\\\/it\\\/informazioni\\\/comunita\\\/\",\"name\":\"Comunit\u00e0 - Revitapolis\",\"isPartOf\":{\"@id\":\"https:\\\/\\\/revitapolis.com\\\/it\\\/#website\"},\"primaryImageOfPage\":{\"@id\":\"https:\\\/\\\/revitapolis.com\\\/it\\\/informazioni\\\/comunita\\\/#primaryimage\"},\"image\":{\"@id\":\"https:\\\/\\\/revitapolis.com\\\/it\\\/informazioni\\\/comunita\\\/#primaryimage\"},\"thumbnailUrl\":\"https:\\\/\\\/revitapolis.com\\\/wp-content\\\/uploads\\\/2023\\\/03\\\/vieste-3683239_1920-1024x668.jpg\",\"datePublished\":\"2022-03-13T09:44:25+00:00\",\"dateModified\":\"2023-03-27T12:41:42+00:00\",\"description\":\"Mostrate ci\u00f2 che la vostra comunit\u00e0 ha da offrire. Approfittate di questa opportunit\u00e0 unica per dare nuova vita alla vostra comunit\u00e0. Diventate colorati!\",\"breadcrumb\":{\"@id\":\"https:\\\/\\\/revitapolis.com\\\/it\\\/informazioni\\\/comunita\\\/#breadcrumb\"},\"inLanguage\":\"it-IT\",\"potentialAction\":[{\"@type\":\"ReadAction\",\"target\":[\"https:\\\/\\\/revitapolis.com\\\/it\\\/informazioni\\\/comunita\\\/\"]}]},{\"@type\":\"ImageObject\",\"inLanguage\":\"it-IT\",\"@id\":\"https:\\\/\\\/revitapolis.com\\\/it\\\/informazioni\\\/comunita\\\/#primaryimage\",\"url\":\"https:\\\/\\\/revitapolis.com\\\/wp-content\\\/uploads\\\/2023\\\/03\\\/vieste-3683239_1920-1024x668.jpg\",\"contentUrl\":\"https:\\\/\\\/revitapolis.com\\\/wp-content\\\/uploads\\\/2023\\\/03\\\/vieste-3683239_1920-1024x668.jpg\"},{\"@type\":\"BreadcrumbList\",\"@id\":\"https:\\\/\\\/revitapolis.com\\\/it\\\/informazioni\\\/comunita\\\/#breadcrumb\",\"itemListElement\":[{\"@type\":\"ListItem\",\"position\":1,\"name\":\"Pagina iniziale\",\"item\":\"https:\\\/\\\/revitapolis.com\\\/it\\\/\"},{\"@type\":\"ListItem\",\"position\":2,\"name\":\"Informazioni\",\"item\":\"https:\\\/\\\/revitapolis.com\\\/it\\\/informazioni\\\/\"},{\"@type\":\"ListItem\",\"position\":3,\"name\":\"Comunit\u00e0\"}]},{\"@type\":\"WebSite\",\"@id\":\"https:\\\/\\\/revitapolis.com\\\/it\\\/#website\",\"url\":\"https:\\\/\\\/revitapolis.com\\\/it\\\/\",\"name\":\"Revitapolis\",\"description\":\"Wiederbelebung italienischer Orte\",\"publisher\":{\"@id\":\"https:\\\/\\\/revitapolis.com\\\/it\\\/#organization\"},\"potentialAction\":[{\"@type\":\"SearchAction\",\"target\":{\"@type\":\"EntryPoint\",\"urlTemplate\":\"https:\\\/\\\/revitapolis.com\\\/it\\\/?s={search_term_string}\"},\"query-input\":{\"@type\":\"PropertyValueSpecification\",\"valueRequired\":true,\"valueName\":\"search_term_string\"}}],\"inLanguage\":\"it-IT\"},{\"@type\":\"Organization\",\"@id\":\"https:\\\/\\\/revitapolis.com\\\/it\\\/#organization\",\"name\":\"Revitapolis\",\"url\":\"https:\\\/\\\/revitapolis.com\\\/it\\\/\",\"logo\":{\"@type\":\"ImageObject\",\"inLanguage\":\"it-IT\",\"@id\":\"https:\\\/\\\/revitapolis.com\\\/it\\\/#\\\/schema\\\/logo\\\/image\\\/\",\"url\":\"https:\\\/\\\/revitapolis.com\\\/wp-content\\\/uploads\\\/2022\\\/03\\\/cropped-logo-revitapolis.jpg\",\"contentUrl\":\"https:\\\/\\\/revitapolis.com\\\/wp-content\\\/uploads\\\/2022\\\/03\\\/cropped-logo-revitapolis.jpg\",\"width\":200,\"height\":91,\"caption\":\"Revitapolis\"},\"image\":{\"@id\":\"https:\\\/\\\/revitapolis.com\\\/it\\\/#\\\/schema\\\/logo\\\/image\\\/\"}}]}<\/script>\n<!-- \/ Yoast SEO plugin. -->","yoast_head_json":{"title":"Comunit\u00e0 - Revitapolis","description":"Mostrate ci\u00f2 che la vostra comunit\u00e0 ha da offrire. Approfittate di questa opportunit\u00e0 unica per dare nuova vita alla vostra comunit\u00e0. Diventate colorati!","robots":{"index":"index","follow":"follow","max-snippet":"max-snippet:-1","max-image-preview":"max-image-preview:large","max-video-preview":"max-video-preview:-1"},"canonical":"https:\/\/revitapolis.com\/it\/informazioni\/comunita\/","og_locale":"it_IT","og_type":"article","og_title":"Comunit\u00e0 - Revitapolis","og_description":"Mostrate ci\u00f2 che la vostra comunit\u00e0 ha da offrire. Approfittate di questa opportunit\u00e0 unica per dare nuova vita alla vostra comunit\u00e0. Diventate colorati!","og_url":"https:\/\/revitapolis.com\/it\/informazioni\/comunita\/","og_site_name":"Revitapolis","article_modified_time":"2023-03-27T12:41:42+00:00","og_image":[{"url":"https:\/\/revitapolis.com\/wp-content\/uploads\/2023\/03\/vieste-3683239_1920-1024x668.jpg","type":"","width":"","height":""}],"twitter_card":"summary_large_image","twitter_misc":{"Tempo di lettura stimato":"1 minuto"},"schema":{"@context":"https:\/\/schema.org","@graph":[{"@type":"WebPage","@id":"https:\/\/revitapolis.com\/it\/informazioni\/comunita\/","url":"https:\/\/revitapolis.com\/it\/informazioni\/comunita\/","name":"Comunit\u00e0 - Revitapolis","isPartOf":{"@id":"https:\/\/revitapolis.com\/it\/#website"},"primaryImageOfPage":{"@id":"https:\/\/revitapolis.com\/it\/informazioni\/comunita\/#primaryimage"},"image":{"@id":"https:\/\/revitapolis.com\/it\/informazioni\/comunita\/#primaryimage"},"thumbnailUrl":"https:\/\/revitapolis.com\/wp-content\/uploads\/2023\/03\/vieste-3683239_1920-1024x668.jpg","datePublished":"2022-03-13T09:44:25+00:00","dateModified":"2023-03-27T12:41:42+00:00","description":"Mostrate ci\u00f2 che la vostra comunit\u00e0 ha da offrire. Approfittate di questa opportunit\u00e0 unica per dare nuova vita alla vostra comunit\u00e0. Diventate colorati!","breadcrumb":{"@id":"https:\/\/revitapolis.com\/it\/informazioni\/comunita\/#breadcrumb"},"inLanguage":"it-IT","potentialAction":[{"@type":"ReadAction","target":["https:\/\/revitapolis.com\/it\/informazioni\/comunita\/"]}]},{"@type":"ImageObject","inLanguage":"it-IT","@id":"https:\/\/revitapolis.com\/it\/informazioni\/comunita\/#primaryimage","url":"https:\/\/revitapolis.com\/wp-content\/uploads\/2023\/03\/vieste-3683239_1920-1024x668.jpg","contentUrl":"https:\/\/revitapolis.com\/wp-content\/uploads\/2023\/03\/vieste-3683239_1920-1024x668.jpg"},{"@type":"BreadcrumbList","@id":"https:\/\/revitapolis.com\/it\/informazioni\/comunita\/#breadcrumb","itemListElement":[{"@type":"ListItem","position":1,"name":"Pagina iniziale","item":"https:\/\/revitapolis.com\/it\/"},{"@type":"ListItem","position":2,"name":"Informazioni","item":"https:\/\/revitapolis.com\/it\/informazioni\/"},{"@type":"ListItem","position":3,"name":"Comunit\u00e0"}]},{"@type":"WebSite","@id":"https:\/\/revitapolis.com\/it\/#website","url":"https:\/\/revitapolis.com\/it\/","name":"Revitapolis","description":"Wiederbelebung italienischer Orte","publisher":{"@id":"https:\/\/revitapolis.com\/it\/#organization"},"potentialAction":[{"@type":"SearchAction","target":{"@type":"EntryPoint","urlTemplate":"https:\/\/revitapolis.com\/it\/?s={search_term_string}"},"query-input":{"@type":"PropertyValueSpecification","valueRequired":true,"valueName":"search_term_string"}}],"inLanguage":"it-IT"},{"@type":"Organization","@id":"https:\/\/revitapolis.com\/it\/#organization","name":"Revitapolis","url":"https:\/\/revitapolis.com\/it\/","logo":{"@type":"ImageObject","inLanguage":"it-IT","@id":"https:\/\/revitapolis.com\/it\/#\/schema\/logo\/image\/","url":"https:\/\/revitapolis.com\/wp-content\/uploads\/2022\/03\/cropped-logo-revitapolis.jpg","contentUrl":"https:\/\/revitapolis.com\/wp-content\/uploads\/2022\/03\/cropped-logo-revitapolis.jpg","width":200,"height":91,"caption":"Revitapolis"},"image":{"@id":"https:\/\/revitapolis.com\/it\/#\/schema\/logo\/image\/"}}]}},"_links":{"self":[{"href":"https:\/\/revitapolis.com\/it\/wp-json\/wp\/v2\/pages\/2607","targetHints":{"allow":["GET"]}}],"collection":[{"href":"https:\/\/revitapolis.com\/it\/wp-json\/wp\/v2\/pages"}],"about":[{"href":"https:\/\/revitapolis.com\/it\/wp-json\/wp\/v2\/types\/page"}],"author":[{"embeddable":true,"href":"https:\/\/revitapolis.com\/it\/wp-json\/wp\/v2\/users\/1"}],"replies":[{"embeddable":true,"href":"https:\/\/revitapolis.com\/it\/wp-json\/wp\/v2\/comments?post=2607"}],"version-history":[{"count":2,"href":"https:\/\/revitapolis.com\/it\/wp-json\/wp\/v2\/pages\/2607\/revisions"}],"predecessor-version":[{"id":3624,"href":"https:\/\/revitapolis.com\/it\/wp-json\/wp\/v2\/pages\/2607\/revisions\/3624"}],"up":[{"embeddable":true,"href":"https:\/\/revitapolis.com\/it\/wp-json\/wp\/v2\/pages\/2605"}],"wp:attachment":[{"href":"https:\/\/revitapolis.com\/it\/wp-json\/wp\/v2\/media?parent=2607"}],"curies":[{"name":"wp","href":"https:\/\/api.w.org\/{rel}","templated":true}]}}