{"id":2605,"date":"2022-05-02T10:54:21","date_gmt":"2022-05-02T10:54:21","guid":{"rendered":"https:\/\/revitapolis.com\/informazioni\/"},"modified":"2023-03-27T12:35:37","modified_gmt":"2023-03-27T12:35:37","slug":"informazioni","status":"publish","type":"page","link":"https:\/\/revitapolis.com\/it\/informazioni\/","title":{"rendered":"Informazioni"},"content":{"rendered":"\n<div style=\"height:20px\" aria-hidden=\"true\" class=\"wp-block-spacer\"><\/div>\n\n<h2 class=\"wp-block-heading\" style=\"font-size:30px\">Informazioni sul progetto<\/h2>\n\n<h3 class=\"wp-block-heading\">Revitapolis &#8211; un progetto per l&#8217;Italia<\/h3>\n\n<p>L&#8217;obiettivo \u00e8 la rivitalizzazione e la rivalorizzazione sostenibile dei borghi in sintonia con la natura. Anche le infrastrutture rurali in Italia devono essere migliorate. L&#8217;obiettivo \u00e8 una vita rallentata. La decelerazione della vita quotidiana \u00e8 quanto mai necessaria al giorno d&#8217;oggi. Uno stile di vita sano L&#8217;Italia ha molto da offrire: Luoghi e paesaggi pittoreschi, gente tranquilla e una flora e una fauna uniche.<\/p>\n\n<p>L&#8217;esodo dai piccoli borghi deve essere fermato. I luoghi abbandonati devono tornare a nuova vita. Creazione di nuove strutture di convivenza. A tal fine, le aziende devono essere insediate in tutta Italia. L&#8217;emergenza Covid-19 e la guerra in Ucraina hanno dimostrato che la globalizzazione come la si conosce \u00e8 al capolinea. Le linee di produzione devono essere ricostruite pi\u00f9 da vicino. I Paesi in cui avviene la produzione devono essere affidabili. <\/p>\n\n<p>I giovani e le start-up devono essere incoraggiati e sostenuti. I giovani sono il nostro futuro. Ci impegniamo per i nostri figli. <\/p>\n\n<p>Vogliamo attrarre forme moderne di economia che possano svilupparsi in modo sostenibile e nel rispetto della natura e dell&#8217;ambiente. L&#8217;Italia offre ottime condizioni ai cosiddetti nomadi digitali per conciliare lavoro e vita privata. Non si tratta solo del cosiddetto &#8220;equilibrio tra lavoro e vita privata&#8221;. Piuttosto, le persone dovrebbero ritrovare il loro equilibrio rallentando la loro vita quotidiana e conducendo una vita sana ed consapevole. <\/p>\n\n<p>L&#8217;Italia offre anche ai pensionati la possibilit\u00e0 di trascorrere una pensione dignitosa, anche con una piccola pensione. L&#8217;Italia offre una buona assistenza medica. Una dieta sana ed equilibrata \u00e8 importante anche per gli anziani. In Italia, questi possono trarre vantaggio dal fatto che si possono acquistare alimenti di provenienza regionale, soprattutto al sud. <\/p>\n\n<p>Persone da tutto il mondo sono invitate a trascorrere le loro vacanze, non sempre nelle note e ormai sovraffollate localit\u00e0 di villeggiatura. Zone molto poco conosciute offrono meravigliose opportunit\u00e0 di trascorrere una vacanza indimenticabile, dove \u00e8 possibile anche conoscere l&#8217;Italia autentica e farsi un&#8217;idea della vera dolce vita. <\/p>\n\n<p>Le persone che vogliono immigrare in Italia hanno la possibilit\u00e0 di essere supportate attraverso questo portale. L&#8217;Italia ha bisogno di gente. Tutto il mondo \u00e8 invitato. Il futuro \u00e8 adesso!<\/p>\n\n<p>Siamo anche felici di contribuire a creare opportunit\u00e0 di studio della lingua italiana.<\/p>\n\n<figure class=\"wp-block-image size-large\"><img fetchpriority=\"high\" decoding=\"async\" width=\"1024\" height=\"683\" src=\"https:\/\/revitapolis.com\/wp-content\/uploads\/2023\/03\/seedlings-7110591_1920-1024x683.jpg\" alt=\"\" class=\"wp-image-3607\" srcset=\"https:\/\/revitapolis.com\/wp-content\/uploads\/2023\/03\/seedlings-7110591_1920-1024x683.jpg 1024w, https:\/\/revitapolis.com\/wp-content\/uploads\/2023\/03\/seedlings-7110591_1920-300x200.jpg 300w, https:\/\/revitapolis.com\/wp-content\/uploads\/2023\/03\/seedlings-7110591_1920-768x512.jpg 768w, https:\/\/revitapolis.com\/wp-content\/uploads\/2023\/03\/seedlings-7110591_1920-1536x1024.jpg 1536w, https:\/\/revitapolis.com\/wp-content\/uploads\/2023\/03\/seedlings-7110591_1920.jpg 1920w\" sizes=\"(max-width: 1024px) 100vw, 1024px\" \/><\/figure>\n<hr style=\"border: 0; height: 1px; background-image: linear-gradient(to right, rgba(0, 0, 0, 0), rgba(0, 0, 0, 0.75), rgba(0, 0, 0, 0));\"\/>\n<p class=\"has-text-align-center\"> Se cercate la vita vera, venite da noi.<\/p>\n","protected":false},"excerpt":{"rendered":"<p>Informazioni sul progetto Revitapolis &#8211; un progetto per l&#8217;Italia L&#8217;obiettivo \u00e8 la rivitalizzazione e la rivalorizzazione sostenibile dei borghi in sintonia con la natura. Anche le infrastrutture rurali in Italia devono essere migliorate. L&#8217;obiettivo \u00e8 una vita rallentata. La decelerazione della vita quotidiana \u00e8 quanto mai necessaria al giorno d&#8217;oggi. Uno stile di vita sano [&hellip;]<\/p>\n","protected":false},"author":1,"featured_media":0,"parent":0,"menu_order":0,"comment_status":"closed","ping_status":"closed","template":"","meta":{"_acf_changed":false,"om_disable_all_campaigns":false,"_monsterinsights_skip_tracking":false,"_monsterinsights_sitenote_active":false,"_monsterinsights_sitenote_note":"","_monsterinsights_sitenote_category":0,"ocean_post_layout":"right-sidebar","ocean_both_sidebars_style":"","ocean_both_sidebars_content_width":0,"ocean_both_sidebars_sidebars_width":0,"ocean_sidebar":"sidebar","ocean_second_sidebar":"0","ocean_disable_margins":"enable","ocean_add_body_class":"","ocean_shortcode_before_top_bar":"","ocean_shortcode_after_top_bar":"","ocean_shortcode_before_header":"","ocean_shortcode_after_header":"","ocean_has_shortcode":"","ocean_shortcode_after_title":"","ocean_shortcode_before_footer_widgets":"","ocean_shortcode_after_footer_widgets":"","ocean_shortcode_before_footer_bottom":"","ocean_shortcode_after_footer_bottom":"","ocean_display_top_bar":"default","ocean_display_header":"default","ocean_header_style":"","ocean_center_header_left_menu":"0","ocean_custom_header_template":"0","ocean_custom_logo":0,"ocean_custom_retina_logo":0,"ocean_custom_logo_max_width":0,"ocean_custom_logo_tablet_max_width":0,"ocean_custom_logo_mobile_max_width":0,"ocean_custom_logo_max_height":0,"ocean_custom_logo_tablet_max_height":0,"ocean_custom_logo_mobile_max_height":0,"ocean_header_custom_menu":"0","ocean_menu_typo_font_family":"0","ocean_menu_typo_font_subset":"","ocean_menu_typo_font_size":0,"ocean_menu_typo_font_size_tablet":0,"ocean_menu_typo_font_size_mobile":0,"ocean_menu_typo_font_size_unit":"px","ocean_menu_typo_font_weight":"","ocean_menu_typo_font_weight_tablet":"","ocean_menu_typo_font_weight_mobile":"","ocean_menu_typo_transform":"","ocean_menu_typo_transform_tablet":"","ocean_menu_typo_transform_mobile":"","ocean_menu_typo_line_height":0,"ocean_menu_typo_line_height_tablet":0,"ocean_menu_typo_line_height_mobile":0,"ocean_menu_typo_line_height_unit":"","ocean_menu_typo_spacing":0,"ocean_menu_typo_spacing_tablet":0,"ocean_menu_typo_spacing_mobile":0,"ocean_menu_typo_spacing_unit":"","ocean_menu_link_color":"","ocean_menu_link_color_hover":"","ocean_menu_link_color_active":"","ocean_menu_link_background":"","ocean_menu_link_hover_background":"","ocean_menu_link_active_background":"","ocean_menu_social_links_bg":"","ocean_menu_social_hover_links_bg":"","ocean_menu_social_links_color":"","ocean_menu_social_hover_links_color":"","ocean_disable_title":"default","ocean_disable_heading":"default","ocean_post_title":"","ocean_post_subheading":"","ocean_post_title_style":"","ocean_post_title_background_color":"","ocean_post_title_background":0,"ocean_post_title_bg_image_position":"","ocean_post_title_bg_image_attachment":"","ocean_post_title_bg_image_repeat":"","ocean_post_title_bg_image_size":"","ocean_post_title_height":0,"ocean_post_title_bg_overlay":0.5,"ocean_post_title_bg_overlay_color":"","ocean_disable_breadcrumbs":"default","ocean_breadcrumbs_color":"","ocean_breadcrumbs_separator_color":"","ocean_breadcrumbs_links_color":"","ocean_breadcrumbs_links_hover_color":"","ocean_display_footer_widgets":"default","ocean_display_footer_bottom":"default","ocean_custom_footer_template":"0","footnotes":""},"class_list":["post-2605","page","type-page","status-publish","hentry","entry"],"acf":[],"yoast_head":"<!-- This site is optimized with the Yoast SEO plugin v27.3 - https:\/\/yoast.com\/product\/yoast-seo-wordpress\/ -->\n<title>Informazioni - Revitapolis<\/title>\n<meta name=\"description\" content=\"Informazioni sul progetto: Revitapolis si propone di rivitalizzare e valorizzare l&#039;Italia e i suoi luoghi. Partecipate!\" \/>\n<meta name=\"robots\" content=\"index, follow, max-snippet:-1, max-image-preview:large, max-video-preview:-1\" \/>\n<link rel=\"canonical\" href=\"https:\/\/revitapolis.com\/it\/informazioni\/\" \/>\n<meta property=\"og:locale\" content=\"it_IT\" \/>\n<meta property=\"og:type\" content=\"article\" \/>\n<meta property=\"og:title\" content=\"Informazioni - Revitapolis\" \/>\n<meta property=\"og:description\" content=\"Informazioni sul progetto: Revitapolis si propone di rivitalizzare e valorizzare l&#039;Italia e i suoi luoghi. Partecipate!\" \/>\n<meta property=\"og:url\" content=\"https:\/\/revitapolis.com\/it\/informazioni\/\" \/>\n<meta property=\"og:site_name\" content=\"Revitapolis\" \/>\n<meta property=\"article:modified_time\" content=\"2023-03-27T12:35:37+00:00\" \/>\n<meta property=\"og:image\" content=\"https:\/\/revitapolis.com\/wp-content\/uploads\/2023\/03\/seedlings-7110591_1920-1024x683.jpg\" \/>\n<meta name=\"twitter:card\" content=\"summary_large_image\" \/>\n<meta name=\"twitter:label1\" content=\"Tempo di lettura stimato\" \/>\n\t<meta name=\"twitter:data1\" content=\"2 minuti\" \/>\n<script type=\"application\/ld+json\" class=\"yoast-schema-graph\">{\"@context\":\"https:\\\/\\\/schema.org\",\"@graph\":[{\"@type\":\"WebPage\",\"@id\":\"https:\\\/\\\/revitapolis.com\\\/it\\\/informazioni\\\/\",\"url\":\"https:\\\/\\\/revitapolis.com\\\/it\\\/informazioni\\\/\",\"name\":\"Informazioni - Revitapolis\",\"isPartOf\":{\"@id\":\"https:\\\/\\\/revitapolis.com\\\/it\\\/#website\"},\"primaryImageOfPage\":{\"@id\":\"https:\\\/\\\/revitapolis.com\\\/it\\\/informazioni\\\/#primaryimage\"},\"image\":{\"@id\":\"https:\\\/\\\/revitapolis.com\\\/it\\\/informazioni\\\/#primaryimage\"},\"thumbnailUrl\":\"https:\\\/\\\/revitapolis.com\\\/wp-content\\\/uploads\\\/2023\\\/03\\\/seedlings-7110591_1920-1024x683.jpg\",\"datePublished\":\"2022-05-02T10:54:21+00:00\",\"dateModified\":\"2023-03-27T12:35:37+00:00\",\"description\":\"Informazioni sul progetto: Revitapolis si propone di rivitalizzare e valorizzare l'Italia e i suoi luoghi. Partecipate!\",\"breadcrumb\":{\"@id\":\"https:\\\/\\\/revitapolis.com\\\/it\\\/informazioni\\\/#breadcrumb\"},\"inLanguage\":\"it-IT\",\"potentialAction\":[{\"@type\":\"ReadAction\",\"target\":[\"https:\\\/\\\/revitapolis.com\\\/it\\\/informazioni\\\/\"]}]},{\"@type\":\"ImageObject\",\"inLanguage\":\"it-IT\",\"@id\":\"https:\\\/\\\/revitapolis.com\\\/it\\\/informazioni\\\/#primaryimage\",\"url\":\"https:\\\/\\\/revitapolis.com\\\/wp-content\\\/uploads\\\/2023\\\/03\\\/seedlings-7110591_1920-1024x683.jpg\",\"contentUrl\":\"https:\\\/\\\/revitapolis.com\\\/wp-content\\\/uploads\\\/2023\\\/03\\\/seedlings-7110591_1920-1024x683.jpg\"},{\"@type\":\"BreadcrumbList\",\"@id\":\"https:\\\/\\\/revitapolis.com\\\/it\\\/informazioni\\\/#breadcrumb\",\"itemListElement\":[{\"@type\":\"ListItem\",\"position\":1,\"name\":\"Pagina iniziale\",\"item\":\"https:\\\/\\\/revitapolis.com\\\/it\\\/\"},{\"@type\":\"ListItem\",\"position\":2,\"name\":\"Informazioni\"}]},{\"@type\":\"WebSite\",\"@id\":\"https:\\\/\\\/revitapolis.com\\\/it\\\/#website\",\"url\":\"https:\\\/\\\/revitapolis.com\\\/it\\\/\",\"name\":\"Revitapolis\",\"description\":\"Wiederbelebung italienischer Orte\",\"publisher\":{\"@id\":\"https:\\\/\\\/revitapolis.com\\\/it\\\/#organization\"},\"potentialAction\":[{\"@type\":\"SearchAction\",\"target\":{\"@type\":\"EntryPoint\",\"urlTemplate\":\"https:\\\/\\\/revitapolis.com\\\/it\\\/?s={search_term_string}\"},\"query-input\":{\"@type\":\"PropertyValueSpecification\",\"valueRequired\":true,\"valueName\":\"search_term_string\"}}],\"inLanguage\":\"it-IT\"},{\"@type\":\"Organization\",\"@id\":\"https:\\\/\\\/revitapolis.com\\\/it\\\/#organization\",\"name\":\"Revitapolis\",\"url\":\"https:\\\/\\\/revitapolis.com\\\/it\\\/\",\"logo\":{\"@type\":\"ImageObject\",\"inLanguage\":\"it-IT\",\"@id\":\"https:\\\/\\\/revitapolis.com\\\/it\\\/#\\\/schema\\\/logo\\\/image\\\/\",\"url\":\"https:\\\/\\\/revitapolis.com\\\/wp-content\\\/uploads\\\/2022\\\/03\\\/cropped-logo-revitapolis.jpg\",\"contentUrl\":\"https:\\\/\\\/revitapolis.com\\\/wp-content\\\/uploads\\\/2022\\\/03\\\/cropped-logo-revitapolis.jpg\",\"width\":200,\"height\":91,\"caption\":\"Revitapolis\"},\"image\":{\"@id\":\"https:\\\/\\\/revitapolis.com\\\/it\\\/#\\\/schema\\\/logo\\\/image\\\/\"}}]}<\/script>\n<!-- \/ Yoast SEO plugin. -->","yoast_head_json":{"title":"Informazioni - Revitapolis","description":"Informazioni sul progetto: Revitapolis si propone di rivitalizzare e valorizzare l'Italia e i suoi luoghi. Partecipate!","robots":{"index":"index","follow":"follow","max-snippet":"max-snippet:-1","max-image-preview":"max-image-preview:large","max-video-preview":"max-video-preview:-1"},"canonical":"https:\/\/revitapolis.com\/it\/informazioni\/","og_locale":"it_IT","og_type":"article","og_title":"Informazioni - Revitapolis","og_description":"Informazioni sul progetto: Revitapolis si propone di rivitalizzare e valorizzare l'Italia e i suoi luoghi. Partecipate!","og_url":"https:\/\/revitapolis.com\/it\/informazioni\/","og_site_name":"Revitapolis","article_modified_time":"2023-03-27T12:35:37+00:00","og_image":[{"url":"https:\/\/revitapolis.com\/wp-content\/uploads\/2023\/03\/seedlings-7110591_1920-1024x683.jpg","type":"","width":"","height":""}],"twitter_card":"summary_large_image","twitter_misc":{"Tempo di lettura stimato":"2 minuti"},"schema":{"@context":"https:\/\/schema.org","@graph":[{"@type":"WebPage","@id":"https:\/\/revitapolis.com\/it\/informazioni\/","url":"https:\/\/revitapolis.com\/it\/informazioni\/","name":"Informazioni - Revitapolis","isPartOf":{"@id":"https:\/\/revitapolis.com\/it\/#website"},"primaryImageOfPage":{"@id":"https:\/\/revitapolis.com\/it\/informazioni\/#primaryimage"},"image":{"@id":"https:\/\/revitapolis.com\/it\/informazioni\/#primaryimage"},"thumbnailUrl":"https:\/\/revitapolis.com\/wp-content\/uploads\/2023\/03\/seedlings-7110591_1920-1024x683.jpg","datePublished":"2022-05-02T10:54:21+00:00","dateModified":"2023-03-27T12:35:37+00:00","description":"Informazioni sul progetto: Revitapolis si propone di rivitalizzare e valorizzare l'Italia e i suoi luoghi. Partecipate!","breadcrumb":{"@id":"https:\/\/revitapolis.com\/it\/informazioni\/#breadcrumb"},"inLanguage":"it-IT","potentialAction":[{"@type":"ReadAction","target":["https:\/\/revitapolis.com\/it\/informazioni\/"]}]},{"@type":"ImageObject","inLanguage":"it-IT","@id":"https:\/\/revitapolis.com\/it\/informazioni\/#primaryimage","url":"https:\/\/revitapolis.com\/wp-content\/uploads\/2023\/03\/seedlings-7110591_1920-1024x683.jpg","contentUrl":"https:\/\/revitapolis.com\/wp-content\/uploads\/2023\/03\/seedlings-7110591_1920-1024x683.jpg"},{"@type":"BreadcrumbList","@id":"https:\/\/revitapolis.com\/it\/informazioni\/#breadcrumb","itemListElement":[{"@type":"ListItem","position":1,"name":"Pagina iniziale","item":"https:\/\/revitapolis.com\/it\/"},{"@type":"ListItem","position":2,"name":"Informazioni"}]},{"@type":"WebSite","@id":"https:\/\/revitapolis.com\/it\/#website","url":"https:\/\/revitapolis.com\/it\/","name":"Revitapolis","description":"Wiederbelebung italienischer Orte","publisher":{"@id":"https:\/\/revitapolis.com\/it\/#organization"},"potentialAction":[{"@type":"SearchAction","target":{"@type":"EntryPoint","urlTemplate":"https:\/\/revitapolis.com\/it\/?s={search_term_string}"},"query-input":{"@type":"PropertyValueSpecification","valueRequired":true,"valueName":"search_term_string"}}],"inLanguage":"it-IT"},{"@type":"Organization","@id":"https:\/\/revitapolis.com\/it\/#organization","name":"Revitapolis","url":"https:\/\/revitapolis.com\/it\/","logo":{"@type":"ImageObject","inLanguage":"it-IT","@id":"https:\/\/revitapolis.com\/it\/#\/schema\/logo\/image\/","url":"https:\/\/revitapolis.com\/wp-content\/uploads\/2022\/03\/cropped-logo-revitapolis.jpg","contentUrl":"https:\/\/revitapolis.com\/wp-content\/uploads\/2022\/03\/cropped-logo-revitapolis.jpg","width":200,"height":91,"caption":"Revitapolis"},"image":{"@id":"https:\/\/revitapolis.com\/it\/#\/schema\/logo\/image\/"}}]}},"_links":{"self":[{"href":"https:\/\/revitapolis.com\/it\/wp-json\/wp\/v2\/pages\/2605","targetHints":{"allow":["GET"]}}],"collection":[{"href":"https:\/\/revitapolis.com\/it\/wp-json\/wp\/v2\/pages"}],"about":[{"href":"https:\/\/revitapolis.com\/it\/wp-json\/wp\/v2\/types\/page"}],"author":[{"embeddable":true,"href":"https:\/\/revitapolis.com\/it\/wp-json\/wp\/v2\/users\/1"}],"replies":[{"embeddable":true,"href":"https:\/\/revitapolis.com\/it\/wp-json\/wp\/v2\/comments?post=2605"}],"version-history":[{"count":2,"href":"https:\/\/revitapolis.com\/it\/wp-json\/wp\/v2\/pages\/2605\/revisions"}],"predecessor-version":[{"id":3611,"href":"https:\/\/revitapolis.com\/it\/wp-json\/wp\/v2\/pages\/2605\/revisions\/3611"}],"wp:attachment":[{"href":"https:\/\/revitapolis.com\/it\/wp-json\/wp\/v2\/media?parent=2605"}],"curies":[{"name":"wp","href":"https:\/\/api.w.org\/{rel}","templated":true}]}}