{"id":2591,"date":"2022-05-04T11:02:51","date_gmt":"2022-05-04T11:02:51","guid":{"rendered":"https:\/\/revitapolis.com\/test-page\/"},"modified":"2022-10-24T09:46:18","modified_gmt":"2022-10-24T09:46:18","slug":"test-page","status":"publish","type":"page","link":"https:\/\/revitapolis.com\/en\/test-page\/","title":{"rendered":"test page"},"content":{"rendered":"\t\t<div data-elementor-type=\"wp-page\" data-elementor-id=\"2591\" class=\"elementor elementor-2591 elementor-1493\">\n\t\t\t\t\t\t<section class=\"elementor-section elementor-top-section elementor-element elementor-element-32052f54 elementor-section-boxed elementor-section-height-default elementor-section-height-default\" data-id=\"32052f54\" data-element_type=\"section\" data-e-type=\"section\">\n\t\t\t\t\t\t<div class=\"elementor-container elementor-column-gap-default\">\n\t\t\t\t\t<div class=\"elementor-column elementor-col-100 elementor-top-column elementor-element elementor-element-7f7d80cb\" data-id=\"7f7d80cb\" data-element_type=\"column\" data-e-type=\"column\">\n\t\t\t<div class=\"elementor-widget-wrap elementor-element-populated\">\n\t\t\t\t\t\t<div class=\"elementor-element elementor-element-1397af5d elementor-widget elementor-widget-text-editor\" data-id=\"1397af5d\" data-element_type=\"widget\" data-e-type=\"widget\" data-widget_type=\"text-editor.default\">\n\t\t\t\t<div class=\"elementor-widget-container\">\n\t\t\t\t\t\t\t\t\t<div class=\"wp-block-spacer\" style=\"height: 23px;\" aria-hidden=\"true\"> <\/div>\n<p>We promote<\/p>\n<h2>Artists of any diversity<\/h2>\n<div class=\"wp-block-columns\">\n<div class=\"wp-block-column\">\n<figure class=\"wp-block-image size-full\"><img fetchpriority=\"high\" decoding=\"async\" width=\"640\" height=\"425\" class=\"wp-image-1070\" src=\"https:\/\/revitapolis.com\/wp-content\/uploads\/2022\/04\/guitar-g2f19468c8_640.jpg\" alt=\"\" srcset=\"https:\/\/revitapolis.com\/wp-content\/uploads\/2022\/04\/guitar-g2f19468c8_640.jpg 640w, https:\/\/revitapolis.com\/wp-content\/uploads\/2022\/04\/guitar-g2f19468c8_640-300x199.jpg 300w\" sizes=\"(max-width: 640px) 100vw, 640px\" \/><figcaption>Musician<\/figcaption><\/figure>\n<\/div>\n<div class=\"wp-block-column\">\n<figure class=\"wp-block-image size-full\"><img decoding=\"async\" width=\"640\" height=\"427\" class=\"wp-image-1072\" src=\"https:\/\/revitapolis.com\/wp-content\/uploads\/2022\/04\/brushes-gbe855ede3_640.jpg\" alt=\"\" srcset=\"https:\/\/revitapolis.com\/wp-content\/uploads\/2022\/04\/brushes-gbe855ede3_640.jpg 640w, https:\/\/revitapolis.com\/wp-content\/uploads\/2022\/04\/brushes-gbe855ede3_640-300x200.jpg 300w\" sizes=\"(max-width: 640px) 100vw, 640px\" \/><figcaption>Painter<\/figcaption><\/figure>\n<\/div>\n<div class=\"wp-block-column\">\n<figure class=\"wp-block-image size-full\"><img decoding=\"async\" width=\"640\" height=\"428\" class=\"wp-image-1073\" src=\"https:\/\/revitapolis.com\/wp-content\/uploads\/2022\/04\/writer-g98f910bf5_640.jpg\" alt=\"\" srcset=\"https:\/\/revitapolis.com\/wp-content\/uploads\/2022\/04\/writer-g98f910bf5_640.jpg 640w, https:\/\/revitapolis.com\/wp-content\/uploads\/2022\/04\/writer-g98f910bf5_640-300x201.jpg 300w\" sizes=\"(max-width: 640px) 100vw, 640px\" \/><figcaption>Authors<\/figcaption><\/figure>\n<\/div>\n<\/div>\n<p>Contact us without any obligation. Take advantage of this unique opportunity to put yourself and your skills in our shop window. Show what you and your hometown have to offer. In this showcase here you can present your municipality and your uniqueness. We remind you, Leonardo da Vinci was also born in the small town of Vinci.<\/p>\n<div class=\"wp-block-spacer\" style=\"height: 21px;\" aria-hidden=\"true\"> <\/div>\n<h2 class=\"has-text-align-center\">Social diversity, social welfare and social perception.<\/h2>\n<div class=\"wp-block-media-text is-stacked-on-mobile is-vertically-aligned-center\" style=\"grid-template-columns: 21% auto;\">\n<figure class=\"wp-block-media-text__media\"><img loading=\"lazy\" decoding=\"async\" width=\"250\" height=\"250\" class=\"wp-image-1083 size-full\" src=\"https:\/\/revitapolis.com\/wp-content\/uploads\/2022\/04\/ukraine-g08e6a8c32_640-e1648973988837.png\" alt=\"\" srcset=\"https:\/\/revitapolis.com\/wp-content\/uploads\/2022\/04\/ukraine-g08e6a8c32_640-e1648973988837.png 250w, https:\/\/revitapolis.com\/wp-content\/uploads\/2022\/04\/ukraine-g08e6a8c32_640-e1648973988837-150x150.png 150w\" sizes=\"(max-width: 250px) 100vw, 250px\" \/><\/figure>\n<div class=\"wp-block-media-text__content\">\n<p class=\"has-text-align-left has-black-color has-text-color\" style=\"font-size: 18px;\">We see more and more how our world is disintegrating into social parts. This is a great harm to our culture. We must manage to counteract this poor development. We have therefore made it our goal to exert a positive influence on these currents. We therefore encourage any kind of social encounters that involve a positive substance.<\/p>\n<\/div>\n<\/div>\n<div class=\"wp-block-spacer\" style=\"height: 50px;\" aria-hidden=\"true\"> <\/div>\n\t\t\t\t\t\t\t\t<\/div>\n\t\t\t\t<\/div>\n\t\t\t\t\t<\/div>\n\t\t<\/div>\n\t\t\t\t\t<\/div>\n\t\t<\/section>\n\t\t\t\t<section class=\"elementor-section elementor-top-section elementor-element elementor-element-c0679ae elementor-section-boxed elementor-section-height-default elementor-section-height-default\" data-id=\"c0679ae\" data-element_type=\"section\" data-e-type=\"section\">\n\t\t\t\t\t\t<div class=\"elementor-container elementor-column-gap-default\">\n\t\t\t\t\t<div class=\"elementor-column elementor-col-100 elementor-top-column elementor-element elementor-element-003cc0a\" data-id=\"003cc0a\" data-element_type=\"column\" data-e-type=\"column\">\n\t\t\t<div class=\"elementor-widget-wrap elementor-element-populated\">\n\t\t\t\t\t\t<div class=\"elementor-element elementor-element-e28df0c elementor-widget elementor-widget-image-gallery\" data-id=\"e28df0c\" data-element_type=\"widget\" data-e-type=\"widget\" data-widget_type=\"image-gallery.default\">\n\t\t\t\t<div class=\"elementor-widget-container\">\n\t\t\t\t\t\t\t<div class=\"elementor-image-gallery\">\n\t\t\t<div id='gallery-1' class='gallery galleryid-2591 gallery-columns-4 gallery-size-medium'><figure class='gallery-item'>\n\t\t\t<div class='gallery-icon portrait'>\n\t\t\t\t<a data-elementor-open-lightbox=\"yes\" data-elementor-lightbox-slideshow=\"e28df0c\" data-elementor-lightbox-title=\"toskana-italien\" data-e-action-hash=\"#elementor-action%3Aaction%3Dlightbox%26settings%3DeyJpZCI6MTI1OSwidXJsIjoiaHR0cHM6XC9cL3Jldml0YXBvbGlzLmNvbVwvd3AtY29udGVudFwvdXBsb2Fkc1wvMjAyMlwvMDVcL3Rvc2thbmEtaXRhbGllbi5qcGciLCJzbGlkZXNob3ciOiJlMjhkZjBjIn0%3D\" href='https:\/\/revitapolis.com\/wp-content\/uploads\/2022\/05\/toskana-italien.jpg'><img loading=\"lazy\" decoding=\"async\" width=\"225\" height=\"300\" src=\"https:\/\/revitapolis.com\/wp-content\/uploads\/2022\/05\/toskana-italien-225x300.jpg\" class=\"attachment-medium size-medium\" alt=\"Die wundersch\u00f6ne Toskana, f\u00fcr jeden Italien-Besucher ein Muss und ein Highlight jeder Italienreise - Florenz, Sienna , tolle Stadte\" aria-describedby=\"gallery-1-1259\" srcset=\"https:\/\/revitapolis.com\/wp-content\/uploads\/2022\/05\/toskana-italien-225x300.jpg 225w, https:\/\/revitapolis.com\/wp-content\/uploads\/2022\/05\/toskana-italien.jpg 600w\" sizes=\"(max-width: 225px) 100vw, 225px\" \/><\/a>\n\t\t\t<\/div>\n\t\t\t\t<figcaption class='wp-caption-text gallery-caption' id='gallery-1-1259'>\n\t\t\t\tToskana\n\t\t\t\t<\/figcaption><\/figure><figure class='gallery-item'>\n\t\t\t<div class='gallery-icon portrait'>\n\t\t\t\t<a data-elementor-open-lightbox=\"yes\" data-elementor-lightbox-slideshow=\"e28df0c\" data-elementor-lightbox-title=\"sizilien-italien\" data-e-action-hash=\"#elementor-action%3Aaction%3Dlightbox%26settings%3DeyJpZCI6MTI0OCwidXJsIjoiaHR0cHM6XC9cL3Jldml0YXBvbGlzLmNvbVwvd3AtY29udGVudFwvdXBsb2Fkc1wvMjAyMlwvMDVcL3NpemlsaWVuLWl0YWxpZW4uanBnIiwic2xpZGVzaG93IjoiZTI4ZGYwYyJ9\" data-elementor-lightbox-description=\"Innenstadt von Messina\" href='https:\/\/revitapolis.com\/wp-content\/uploads\/2022\/05\/sizilien-italien.jpg'><img loading=\"lazy\" decoding=\"async\" width=\"225\" height=\"300\" src=\"https:\/\/revitapolis.com\/wp-content\/uploads\/2022\/05\/sizilien-italien-225x300.jpg\" class=\"attachment-medium size-medium\" alt=\"Messina auf Sizilien, eine lebendige Stadt vieler Kulturen, immer einen Besuch wert.\" aria-describedby=\"gallery-1-1248\" srcset=\"https:\/\/revitapolis.com\/wp-content\/uploads\/2022\/05\/sizilien-italien-225x300.jpg 225w, https:\/\/revitapolis.com\/wp-content\/uploads\/2022\/05\/sizilien-italien.jpg 600w\" sizes=\"(max-width: 225px) 100vw, 225px\" \/><\/a>\n\t\t\t<\/div>\n\t\t\t\t<figcaption class='wp-caption-text gallery-caption' id='gallery-1-1248'>\n\t\t\t\tMessina\n\t\t\t\t<\/figcaption><\/figure><figure class='gallery-item'>\n\t\t\t<div class='gallery-icon portrait'>\n\t\t\t\t<a data-elementor-open-lightbox=\"yes\" data-elementor-lightbox-slideshow=\"e28df0c\" data-elementor-lightbox-title=\"gardasee-italien\" data-e-action-hash=\"#elementor-action%3Aaction%3Dlightbox%26settings%3DeyJpZCI6MTI1MywidXJsIjoiaHR0cHM6XC9cL3Jldml0YXBvbGlzLmNvbVwvd3AtY29udGVudFwvdXBsb2Fkc1wvMjAyMlwvMDVcL2dhcmRhc2VlLWl0YWxpZW4uanBnIiwic2xpZGVzaG93IjoiZTI4ZGYwYyJ9\" data-elementor-lightbox-description=\"Olivenb\u00e4ume am Gardasee\" href='https:\/\/revitapolis.com\/wp-content\/uploads\/2022\/05\/gardasee-italien.jpg'><img loading=\"lazy\" decoding=\"async\" width=\"225\" height=\"300\" src=\"https:\/\/revitapolis.com\/wp-content\/uploads\/2022\/05\/gardasee-italien-225x300.jpg\" class=\"attachment-medium size-medium\" alt=\"Der Olivenbaum - die mediterrane Pflanze geh\u00f6rt zur Familie der \u00d6lbaumgew\u00e4chse (Oleaceae) und wird bereits seit dem vierten Jahrtausend vor Christus kultiviert\" aria-describedby=\"gallery-1-1253\" srcset=\"https:\/\/revitapolis.com\/wp-content\/uploads\/2022\/05\/gardasee-italien-225x300.jpg 225w, https:\/\/revitapolis.com\/wp-content\/uploads\/2022\/05\/gardasee-italien.jpg 600w\" sizes=\"(max-width: 225px) 100vw, 225px\" \/><\/a>\n\t\t\t<\/div>\n\t\t\t\t<figcaption class='wp-caption-text gallery-caption' id='gallery-1-1253'>\n\t\t\t\tOlivenb\u00e4ume\n\t\t\t\t<\/figcaption><\/figure><figure class='gallery-item'>\n\t\t\t<div class='gallery-icon portrait'>\n\t\t\t\t<a data-elementor-open-lightbox=\"yes\" data-elementor-lightbox-slideshow=\"e28df0c\" data-elementor-lightbox-title=\"italien-toskana\" data-e-action-hash=\"#elementor-action%3Aaction%3Dlightbox%26settings%3DeyJpZCI6MTI2NCwidXJsIjoiaHR0cHM6XC9cL3Jldml0YXBvbGlzLmNvbVwvd3AtY29udGVudFwvdXBsb2Fkc1wvMjAyMlwvMDVcL2l0YWxpZW4tdG9za2FuYS5qcGciLCJzbGlkZXNob3ciOiJlMjhkZjBjIn0%3D\" data-elementor-lightbox-description=\"italienische Altstadt\" href='https:\/\/revitapolis.com\/wp-content\/uploads\/2022\/05\/italien-toskana.jpg'><img loading=\"lazy\" decoding=\"async\" width=\"225\" height=\"300\" src=\"https:\/\/revitapolis.com\/wp-content\/uploads\/2022\/05\/italien-toskana-225x300.jpg\" class=\"attachment-medium size-medium\" alt=\"alte italienische Orte wieder beleben, das ist unser Motto und unser Credo\" aria-describedby=\"gallery-1-1264\" srcset=\"https:\/\/revitapolis.com\/wp-content\/uploads\/2022\/05\/italien-toskana-225x300.jpg 225w, https:\/\/revitapolis.com\/wp-content\/uploads\/2022\/05\/italien-toskana.jpg 600w\" sizes=\"(max-width: 225px) 100vw, 225px\" \/><\/a>\n\t\t\t<\/div>\n\t\t\t\t<figcaption class='wp-caption-text gallery-caption' id='gallery-1-1264'>\n\t\t\t\talte italienische Orte\n\t\t\t\t<\/figcaption><\/figure>\n\t\t<\/div>\n\t\t<\/div>\n\t\t\t\t\t\t<\/div>\n\t\t\t\t<\/div>\n\t\t\t\t\t<\/div>\n\t\t<\/div>\n\t\t\t\t\t<\/div>\n\t\t<\/section>\n\t\t\t\t<section class=\"elementor-section elementor-top-section elementor-element elementor-element-a447c01 elementor-section-boxed elementor-section-height-default elementor-section-height-default\" data-id=\"a447c01\" data-element_type=\"section\" data-e-type=\"section\">\n\t\t\t\t\t\t<div class=\"elementor-container elementor-column-gap-default\">\n\t\t\t\t\t<div class=\"elementor-column elementor-col-100 elementor-top-column elementor-element elementor-element-a9a4ee6\" data-id=\"a9a4ee6\" data-element_type=\"column\" data-e-type=\"column\">\n\t\t\t<div class=\"elementor-widget-wrap elementor-element-populated\">\n\t\t\t\t\t\t<div class=\"elementor-element elementor-element-c79e65a elementor-widget elementor-widget-spacer\" data-id=\"c79e65a\" data-element_type=\"widget\" data-e-type=\"widget\" data-widget_type=\"spacer.default\">\n\t\t\t\t<div class=\"elementor-widget-container\">\n\t\t\t\t\t\t\t<div class=\"elementor-spacer\">\n\t\t\t<div class=\"elementor-spacer-inner\"><\/div>\n\t\t<\/div>\n\t\t\t\t\t\t<\/div>\n\t\t\t\t<\/div>\n\t\t\t\t<div class=\"elementor-element elementor-element-69debf8 elementor-widget elementor-widget-html\" data-id=\"69debf8\" data-element_type=\"widget\" data-e-type=\"widget\" data-widget_type=\"html.default\">\n\t\t\t\t<div class=\"elementor-widget-container\">\n\t\t\t\t\t<hr style=\"border: 0; height: 1px; background-image: linear-gradient(to right, rgba(0, 0, 0, 0), rgba(0, 0, 0, 0.75), rgba(0, 0, 0, 0));\">\t\t\t\t<\/div>\n\t\t\t\t<\/div>\n\t\t\t\t<div class=\"elementor-element elementor-element-e1a7a46 elementor-widget elementor-widget-spacer\" data-id=\"e1a7a46\" data-element_type=\"widget\" data-e-type=\"widget\" data-widget_type=\"spacer.default\">\n\t\t\t\t<div class=\"elementor-widget-container\">\n\t\t\t\t\t\t\t<div class=\"elementor-spacer\">\n\t\t\t<div class=\"elementor-spacer-inner\"><\/div>\n\t\t<\/div>\n\t\t\t\t\t\t<\/div>\n\t\t\t\t<\/div>\n\t\t\t\t\t<\/div>\n\t\t<\/div>\n\t\t\t\t\t<\/div>\n\t\t<\/section>\n\t\t\t\t<\/div>\n\t\t","protected":false},"excerpt":{"rendered":"<p>We promote Artists of any diversity Musician Painter Authors Contact us without any obligation. Take advantage of this unique opportunity to put yourself and your skills in our shop window. Show what you and your hometown have to offer. In this showcase here you can present your municipality and your uniqueness. We remind you, Leonardo [&hellip;]<\/p>\n","protected":false},"author":1,"featured_media":0,"parent":0,"menu_order":0,"comment_status":"closed","ping_status":"closed","template":"elementor_header_footer","meta":{"_acf_changed":false,"om_disable_all_campaigns":false,"_monsterinsights_skip_tracking":false,"_monsterinsights_sitenote_active":false,"_monsterinsights_sitenote_note":"","_monsterinsights_sitenote_category":0,"ocean_post_layout":"","ocean_both_sidebars_style":"","ocean_both_sidebars_content_width":0,"ocean_both_sidebars_sidebars_width":0,"ocean_sidebar":"0","ocean_second_sidebar":"0","ocean_disable_margins":"enable","ocean_add_body_class":"","ocean_shortcode_before_top_bar":"","ocean_shortcode_after_top_bar":"","ocean_shortcode_before_header":"","ocean_shortcode_after_header":"","ocean_has_shortcode":"","ocean_shortcode_after_title":"","ocean_shortcode_before_footer_widgets":"","ocean_shortcode_after_footer_widgets":"","ocean_shortcode_before_footer_bottom":"","ocean_shortcode_after_footer_bottom":"","ocean_display_top_bar":"default","ocean_display_header":"default","ocean_header_style":"","ocean_center_header_left_menu":"0","ocean_custom_header_template":"0","ocean_custom_logo":0,"ocean_custom_retina_logo":0,"ocean_custom_logo_max_width":0,"ocean_custom_logo_tablet_max_width":0,"ocean_custom_logo_mobile_max_width":0,"ocean_custom_logo_max_height":0,"ocean_custom_logo_tablet_max_height":0,"ocean_custom_logo_mobile_max_height":0,"ocean_header_custom_menu":"0","ocean_menu_typo_font_family":"0","ocean_menu_typo_font_subset":"","ocean_menu_typo_font_size":0,"ocean_menu_typo_font_size_tablet":0,"ocean_menu_typo_font_size_mobile":0,"ocean_menu_typo_font_size_unit":"px","ocean_menu_typo_font_weight":"","ocean_menu_typo_font_weight_tablet":"","ocean_menu_typo_font_weight_mobile":"","ocean_menu_typo_transform":"","ocean_menu_typo_transform_tablet":"","ocean_menu_typo_transform_mobile":"","ocean_menu_typo_line_height":0,"ocean_menu_typo_line_height_tablet":0,"ocean_menu_typo_line_height_mobile":0,"ocean_menu_typo_line_height_unit":"","ocean_menu_typo_spacing":0,"ocean_menu_typo_spacing_tablet":0,"ocean_menu_typo_spacing_mobile":0,"ocean_menu_typo_spacing_unit":"","ocean_menu_link_color":"","ocean_menu_link_color_hover":"","ocean_menu_link_color_active":"","ocean_menu_link_background":"","ocean_menu_link_hover_background":"","ocean_menu_link_active_background":"","ocean_menu_social_links_bg":"","ocean_menu_social_hover_links_bg":"","ocean_menu_social_links_color":"","ocean_menu_social_hover_links_color":"","ocean_disable_title":"default","ocean_disable_heading":"on","ocean_post_title":"","ocean_post_subheading":"","ocean_post_title_style":"","ocean_post_title_background_color":"","ocean_post_title_background":0,"ocean_post_title_bg_image_position":"","ocean_post_title_bg_image_attachment":"","ocean_post_title_bg_image_repeat":"","ocean_post_title_bg_image_size":"","ocean_post_title_height":0,"ocean_post_title_bg_overlay":0.5,"ocean_post_title_bg_overlay_color":"","ocean_disable_breadcrumbs":"default","ocean_breadcrumbs_color":"","ocean_breadcrumbs_separator_color":"","ocean_breadcrumbs_links_color":"","ocean_breadcrumbs_links_hover_color":"","ocean_display_footer_widgets":"default","ocean_display_footer_bottom":"default","ocean_custom_footer_template":"0","footnotes":""},"class_list":["post-2591","page","type-page","status-publish","hentry","entry"],"acf":[],"yoast_head":"<!-- This site is optimized with the Yoast SEO plugin v27.4 - https:\/\/yoast.com\/product\/yoast-seo-wordpress\/ -->\n<title>test page - Revitapolis<\/title>\n<meta name=\"robots\" content=\"index, follow, max-snippet:-1, max-image-preview:large, max-video-preview:-1\" \/>\n<link rel=\"canonical\" href=\"https:\/\/revitapolis.com\/en\/test-page\/\" \/>\n<meta property=\"og:locale\" content=\"en_US\" \/>\n<meta property=\"og:type\" content=\"article\" \/>\n<meta property=\"og:title\" content=\"test page - Revitapolis\" \/>\n<meta property=\"og:description\" content=\"We promote Artists of any diversity Musician Painter Authors Contact us without any obligation. Take advantage of this unique opportunity to put yourself and your skills in our shop window. Show what you and your hometown have to offer. In this showcase here you can present your municipality and your uniqueness. We remind you, Leonardo [&hellip;]\" \/>\n<meta property=\"og:url\" content=\"https:\/\/revitapolis.com\/en\/test-page\/\" \/>\n<meta property=\"og:site_name\" content=\"Revitapolis\" \/>\n<meta property=\"article:modified_time\" content=\"2022-10-24T09:46:18+00:00\" \/>\n<meta property=\"og:image\" content=\"https:\/\/revitapolis.com\/wp-content\/uploads\/2022\/04\/guitar-g2f19468c8_640.jpg\" \/>\n<meta name=\"twitter:card\" content=\"summary_large_image\" \/>\n<meta name=\"twitter:label1\" content=\"Est. reading time\" \/>\n\t<meta name=\"twitter:data1\" content=\"1 minute\" \/>\n<script type=\"application\/ld+json\" class=\"yoast-schema-graph\">{\"@context\":\"https:\\\/\\\/schema.org\",\"@graph\":[{\"@type\":\"WebPage\",\"@id\":\"https:\\\/\\\/revitapolis.com\\\/en\\\/test-page\\\/\",\"url\":\"https:\\\/\\\/revitapolis.com\\\/en\\\/test-page\\\/\",\"name\":\"test page - Revitapolis\",\"isPartOf\":{\"@id\":\"https:\\\/\\\/revitapolis.com\\\/en\\\/#website\"},\"primaryImageOfPage\":{\"@id\":\"https:\\\/\\\/revitapolis.com\\\/en\\\/test-page\\\/#primaryimage\"},\"image\":{\"@id\":\"https:\\\/\\\/revitapolis.com\\\/en\\\/test-page\\\/#primaryimage\"},\"thumbnailUrl\":\"https:\\\/\\\/revitapolis.com\\\/wp-content\\\/uploads\\\/2022\\\/04\\\/guitar-g2f19468c8_640.jpg\",\"datePublished\":\"2022-05-04T11:02:51+00:00\",\"dateModified\":\"2022-10-24T09:46:18+00:00\",\"breadcrumb\":{\"@id\":\"https:\\\/\\\/revitapolis.com\\\/en\\\/test-page\\\/#breadcrumb\"},\"inLanguage\":\"en-US\",\"potentialAction\":[{\"@type\":\"ReadAction\",\"target\":[\"https:\\\/\\\/revitapolis.com\\\/en\\\/test-page\\\/\"]}]},{\"@type\":\"ImageObject\",\"inLanguage\":\"en-US\",\"@id\":\"https:\\\/\\\/revitapolis.com\\\/en\\\/test-page\\\/#primaryimage\",\"url\":\"https:\\\/\\\/revitapolis.com\\\/wp-content\\\/uploads\\\/2022\\\/04\\\/guitar-g2f19468c8_640.jpg\",\"contentUrl\":\"https:\\\/\\\/revitapolis.com\\\/wp-content\\\/uploads\\\/2022\\\/04\\\/guitar-g2f19468c8_640.jpg\"},{\"@type\":\"BreadcrumbList\",\"@id\":\"https:\\\/\\\/revitapolis.com\\\/en\\\/test-page\\\/#breadcrumb\",\"itemListElement\":[{\"@type\":\"ListItem\",\"position\":1,\"name\":\"Startseite\",\"item\":\"https:\\\/\\\/revitapolis.com\\\/en\\\/\"},{\"@type\":\"ListItem\",\"position\":2,\"name\":\"test page\"}]},{\"@type\":\"WebSite\",\"@id\":\"https:\\\/\\\/revitapolis.com\\\/en\\\/#website\",\"url\":\"https:\\\/\\\/revitapolis.com\\\/en\\\/\",\"name\":\"Revitapolis\",\"description\":\"Wiederbelebung italienischer Orte\",\"publisher\":{\"@id\":\"https:\\\/\\\/revitapolis.com\\\/en\\\/#organization\"},\"potentialAction\":[{\"@type\":\"SearchAction\",\"target\":{\"@type\":\"EntryPoint\",\"urlTemplate\":\"https:\\\/\\\/revitapolis.com\\\/en\\\/?s={search_term_string}\"},\"query-input\":{\"@type\":\"PropertyValueSpecification\",\"valueRequired\":true,\"valueName\":\"search_term_string\"}}],\"inLanguage\":\"en-US\"},{\"@type\":\"Organization\",\"@id\":\"https:\\\/\\\/revitapolis.com\\\/en\\\/#organization\",\"name\":\"Revitapolis\",\"url\":\"https:\\\/\\\/revitapolis.com\\\/en\\\/\",\"logo\":{\"@type\":\"ImageObject\",\"inLanguage\":\"en-US\",\"@id\":\"https:\\\/\\\/revitapolis.com\\\/en\\\/#\\\/schema\\\/logo\\\/image\\\/\",\"url\":\"https:\\\/\\\/revitapolis.com\\\/wp-content\\\/uploads\\\/2022\\\/03\\\/cropped-logo-revitapolis.jpg\",\"contentUrl\":\"https:\\\/\\\/revitapolis.com\\\/wp-content\\\/uploads\\\/2022\\\/03\\\/cropped-logo-revitapolis.jpg\",\"width\":200,\"height\":91,\"caption\":\"Revitapolis\"},\"image\":{\"@id\":\"https:\\\/\\\/revitapolis.com\\\/en\\\/#\\\/schema\\\/logo\\\/image\\\/\"}}]}<\/script>\n<!-- \/ Yoast SEO plugin. -->","yoast_head_json":{"title":"test page - Revitapolis","robots":{"index":"index","follow":"follow","max-snippet":"max-snippet:-1","max-image-preview":"max-image-preview:large","max-video-preview":"max-video-preview:-1"},"canonical":"https:\/\/revitapolis.com\/en\/test-page\/","og_locale":"en_US","og_type":"article","og_title":"test page - Revitapolis","og_description":"We promote Artists of any diversity Musician Painter Authors Contact us without any obligation. Take advantage of this unique opportunity to put yourself and your skills in our shop window. Show what you and your hometown have to offer. In this showcase here you can present your municipality and your uniqueness. We remind you, Leonardo [&hellip;]","og_url":"https:\/\/revitapolis.com\/en\/test-page\/","og_site_name":"Revitapolis","article_modified_time":"2022-10-24T09:46:18+00:00","og_image":[{"url":"https:\/\/revitapolis.com\/wp-content\/uploads\/2022\/04\/guitar-g2f19468c8_640.jpg","type":"","width":"","height":""}],"twitter_card":"summary_large_image","twitter_misc":{"Est. reading time":"1 minute"},"schema":{"@context":"https:\/\/schema.org","@graph":[{"@type":"WebPage","@id":"https:\/\/revitapolis.com\/en\/test-page\/","url":"https:\/\/revitapolis.com\/en\/test-page\/","name":"test page - Revitapolis","isPartOf":{"@id":"https:\/\/revitapolis.com\/en\/#website"},"primaryImageOfPage":{"@id":"https:\/\/revitapolis.com\/en\/test-page\/#primaryimage"},"image":{"@id":"https:\/\/revitapolis.com\/en\/test-page\/#primaryimage"},"thumbnailUrl":"https:\/\/revitapolis.com\/wp-content\/uploads\/2022\/04\/guitar-g2f19468c8_640.jpg","datePublished":"2022-05-04T11:02:51+00:00","dateModified":"2022-10-24T09:46:18+00:00","breadcrumb":{"@id":"https:\/\/revitapolis.com\/en\/test-page\/#breadcrumb"},"inLanguage":"en-US","potentialAction":[{"@type":"ReadAction","target":["https:\/\/revitapolis.com\/en\/test-page\/"]}]},{"@type":"ImageObject","inLanguage":"en-US","@id":"https:\/\/revitapolis.com\/en\/test-page\/#primaryimage","url":"https:\/\/revitapolis.com\/wp-content\/uploads\/2022\/04\/guitar-g2f19468c8_640.jpg","contentUrl":"https:\/\/revitapolis.com\/wp-content\/uploads\/2022\/04\/guitar-g2f19468c8_640.jpg"},{"@type":"BreadcrumbList","@id":"https:\/\/revitapolis.com\/en\/test-page\/#breadcrumb","itemListElement":[{"@type":"ListItem","position":1,"name":"Startseite","item":"https:\/\/revitapolis.com\/en\/"},{"@type":"ListItem","position":2,"name":"test page"}]},{"@type":"WebSite","@id":"https:\/\/revitapolis.com\/en\/#website","url":"https:\/\/revitapolis.com\/en\/","name":"Revitapolis","description":"Wiederbelebung italienischer Orte","publisher":{"@id":"https:\/\/revitapolis.com\/en\/#organization"},"potentialAction":[{"@type":"SearchAction","target":{"@type":"EntryPoint","urlTemplate":"https:\/\/revitapolis.com\/en\/?s={search_term_string}"},"query-input":{"@type":"PropertyValueSpecification","valueRequired":true,"valueName":"search_term_string"}}],"inLanguage":"en-US"},{"@type":"Organization","@id":"https:\/\/revitapolis.com\/en\/#organization","name":"Revitapolis","url":"https:\/\/revitapolis.com\/en\/","logo":{"@type":"ImageObject","inLanguage":"en-US","@id":"https:\/\/revitapolis.com\/en\/#\/schema\/logo\/image\/","url":"https:\/\/revitapolis.com\/wp-content\/uploads\/2022\/03\/cropped-logo-revitapolis.jpg","contentUrl":"https:\/\/revitapolis.com\/wp-content\/uploads\/2022\/03\/cropped-logo-revitapolis.jpg","width":200,"height":91,"caption":"Revitapolis"},"image":{"@id":"https:\/\/revitapolis.com\/en\/#\/schema\/logo\/image\/"}}]}},"_links":{"self":[{"href":"https:\/\/revitapolis.com\/en\/wp-json\/wp\/v2\/pages\/2591","targetHints":{"allow":["GET"]}}],"collection":[{"href":"https:\/\/revitapolis.com\/en\/wp-json\/wp\/v2\/pages"}],"about":[{"href":"https:\/\/revitapolis.com\/en\/wp-json\/wp\/v2\/types\/page"}],"author":[{"embeddable":true,"href":"https:\/\/revitapolis.com\/en\/wp-json\/wp\/v2\/users\/1"}],"replies":[{"embeddable":true,"href":"https:\/\/revitapolis.com\/en\/wp-json\/wp\/v2\/comments?post=2591"}],"version-history":[{"count":3,"href":"https:\/\/revitapolis.com\/en\/wp-json\/wp\/v2\/pages\/2591\/revisions"}],"predecessor-version":[{"id":2594,"href":"https:\/\/revitapolis.com\/en\/wp-json\/wp\/v2\/pages\/2591\/revisions\/2594"}],"wp:attachment":[{"href":"https:\/\/revitapolis.com\/en\/wp-json\/wp\/v2\/media?parent=2591"}],"curies":[{"name":"wp","href":"https:\/\/api.w.org\/{rel}","templated":true}]}}