{"id":996,"date":"2022-04-01T13:40:19","date_gmt":"2022-04-01T13:40:19","guid":{"rendered":"https:\/\/revitapolis.com\/?page_id=996"},"modified":"2023-05-08T08:05:13","modified_gmt":"2023-05-08T08:05:13","slug":"marktplatz","status":"publish","type":"page","link":"https:\/\/revitapolis.com\/de\/marktplatz\/","title":{"rendered":"Marktplatz"},"content":{"rendered":"\n<div style=\"height:0px\" aria-hidden=\"true\" class=\"wp-block-spacer\"><\/div>\n\n\n\n<p>Auf unserem Marktplatz finden Sie nach Branchen sortiert alle Sponsoren dieser Seite. Sie haben auf dem Marktplatz die M\u00f6glichkeit, die Unternehmen kennenzulernen oder auch ihre Produkte, Waren und Dienstleistungen zu erwerben. Zur Nutzung ein wichtiger Tipp: Sie k\u00f6nnen in der Suche auch mehrere Suchbegriffe verwenden, um so ihre Suche zu konkretisieren. Nutzen sie Suchbegriffe, wie z.B.&nbsp;<strong>\u201e<\/strong>Wurst Italien (Land)\u201c | \u201ePhotovoltaik Abruzzen (Region)\u201c | \u201eBauunternehmen Vicenza (Provinz)\u201c | \u201eRechtsanwalt Verona (Gemeinde)\u201c<\/p>\n\n\n<form role=\"search\" method=\"get\" action=\"https:\/\/revitapolis.com\/de\/\" class=\"wp-block-search__button-outside wp-block-search__text-button wp-block-search\"    ><label class=\"wp-block-search__label\" for=\"wp-block-search__input-2\" >Suchen<\/label><div class=\"wp-block-search__inside-wrapper\" ><input class=\"wp-block-search__input\" id=\"wp-block-search__input-2\" placeholder=\"\" value=\"\" type=\"search\" name=\"s\" required \/><button aria-label=\"Suchen\" class=\"wp-block-search__button wp-element-button\" type=\"submit\" >Suchen<\/button><\/div><\/form>\n\n<style>.wp-block-kadence-spacer.kt-block-spacer-_9614ff-65 .kt-block-spacer{height:60px;}.wp-block-kadence-spacer.kt-block-spacer-_9614ff-65 .kt-divider{border-top-width:1px;height:1px;border-top-color:#eee;width:80%;border-top-style:solid;}<\/style>\n<div class=\"wp-block-kadence-spacer aligncenter kt-block-spacer-_9614ff-65\"><div class=\"kt-block-spacer kt-block-spacer-halign-center\"><hr class=\"kt-divider\"\/><\/div><\/div>\n\n\n\n<p>Ein italienischer Marktplatz, auch &#8222;Mercato&#8220; genannt, ist ein belebter Ort voller Leben und Energie. Typischerweise findet er im Freien statt und ist von St\u00e4nden umgeben, die frische Lebensmittel, Kleidung, Haushaltswaren und andere Produkte anbieten. Die Atmosph\u00e4re ist voller Ger\u00fcche und Ger\u00e4usche, von H\u00e4ndlern, die ihre Waren anpreisen, bis hin zu Kunden, die sich unterhalten und handeln. Die St\u00e4nde sind oft bunt und kunstvoll gestaltet, um die Aufmerksamkeit der Kunden zu gewinnen.<\/p>\n\n\n\n<p>Auf italienischen M\u00e4rkten werden oft lokale Produkte wie frische Obst- und Gem\u00fcsesorten, K\u00e4se, Oliven\u00f6l, Wein, Salami und andere Wurstwaren angeboten. Viele der Produkte werden direkt vom Erzeuger verkauft, was f\u00fcr eine authentische und traditionelle Erfahrung sorgt. Ein Marktplatz ist ein wichtiger Teil des italienischen Lebensstils und ein Ort, an dem Menschen sich treffen, um einzukaufen, zu plaudern und Zeit miteinander zu verbringen. In Italien findet man solche M\u00e4rkte in fast jeder Stadt und jedem Dorf, oft mehrmals pro Woche. Sie sind ein wichtiger Bestandteil der Kultur und ein Schauplatz f\u00fcr das allt\u00e4gliche Leben in Italien.<\/p>\n\n\n\n<figure class=\"wp-block-table is-style-stripes\"><table><tbody><tr><td>Hier k\u00f6nnte Ihre Gro\u00dfwerbung stehen<\/td><td><\/td><td><\/td><\/tr><tr><td><\/td><td><\/td><td><\/td><\/tr><tr><td><\/td><td><\/td><td><\/td><\/tr><\/tbody><\/table><\/figure>\n\n\n\n<div class=\"wp-block-columns is-layout-flex wp-container-core-columns-is-layout-9d6595d7 wp-block-columns-is-layout-flex\">\n<div class=\"wp-block-column is-layout-flow wp-block-column-is-layout-flow\">\n<figure class=\"wp-block-image size-full\"><img fetchpriority=\"high\" decoding=\"async\" width=\"640\" height=\"426\" src=\"https:\/\/revitapolis.com\/wp-content\/uploads\/2022\/09\/fischmarkt-italien.jpg\" alt=\"\" class=\"wp-image-2437\" srcset=\"https:\/\/revitapolis.com\/wp-content\/uploads\/2022\/09\/fischmarkt-italien.jpg 640w, https:\/\/revitapolis.com\/wp-content\/uploads\/2022\/09\/fischmarkt-italien-300x200.jpg 300w\" sizes=\"(max-width: 640px) 100vw, 640px\" \/><figcaption class=\"wp-element-caption\">Erleben Sie die unz\u00e4hligen Fischm\u00e4rkte Italiens und genie\u00dfen Sie die die mediterane K\u00fcche<\/figcaption><\/figure>\n<\/div>\n\n\n\n<div class=\"wp-block-column is-layout-flow wp-block-column-is-layout-flow\">\n<figure class=\"wp-block-image size-full\"><img decoding=\"async\" width=\"640\" height=\"426\" src=\"https:\/\/revitapolis.com\/wp-content\/uploads\/2022\/08\/olives-3466908_640.jpg\" alt=\"Italienische Produkte online\" class=\"wp-image-2368\" srcset=\"https:\/\/revitapolis.com\/wp-content\/uploads\/2022\/08\/olives-3466908_640.jpg 640w, https:\/\/revitapolis.com\/wp-content\/uploads\/2022\/08\/olives-3466908_640-300x200.jpg 300w\" sizes=\"(max-width: 640px) 100vw, 640px\" \/><figcaption class=\"wp-element-caption\">Holen Sie sich \u00fcber unser Portal Italien ins Haus. Erleben Sie Italien einfach und schnell jeden Tag!  <\/figcaption><\/figure>\n<\/div>\n\n\n\n<div class=\"wp-block-column is-layout-flow wp-block-column-is-layout-flow\">\n<figure class=\"wp-block-image size-full\"><img decoding=\"async\" width=\"640\" height=\"426\" src=\"https:\/\/revitapolis.com\/wp-content\/uploads\/2022\/09\/immobilienerwerb-in-italien.jpg\" alt=\"\" class=\"wp-image-2442\" srcset=\"https:\/\/revitapolis.com\/wp-content\/uploads\/2022\/09\/immobilienerwerb-in-italien.jpg 640w, https:\/\/revitapolis.com\/wp-content\/uploads\/2022\/09\/immobilienerwerb-in-italien-300x200.jpg 300w\" sizes=\"(max-width: 640px) 100vw, 640px\" \/><figcaption class=\"wp-element-caption\">In Italien eine Immobilie erwerben. Sichern Sie sich Ihren Altersruhesitz oder kommen Sie f\u00fcr immer zu uns<\/figcaption><\/figure>\n<\/div>\n<\/div>\n\n\n<style>.wp-block-kadence-spacer.kt-block-spacer-_ce0215-60 .kt-block-spacer{height:60px;}.wp-block-kadence-spacer.kt-block-spacer-_ce0215-60 .kt-divider{border-top-width:15px;height:1px;border-top-color:#eee;width:100%;border-top-style:solid;}<\/style>\n<div class=\"wp-block-kadence-spacer aligncenter kt-block-spacer-_ce0215-60\"><div class=\"kt-block-spacer kt-block-spacer-halign-center\"><hr class=\"kt-divider\"\/><\/div><\/div>\n\n\n\n<p><\/p>\n\n\n<style>.wp-block-kadence-spacer.kt-block-spacer-_10c472-09 .kt-block-spacer{height:60px;}.wp-block-kadence-spacer.kt-block-spacer-_10c472-09 .kt-divider{border-top-width:15px;height:1px;border-top-color:#eee;width:100%;border-top-style:solid;}<\/style>\n<div class=\"wp-block-kadence-spacer aligncenter kt-block-spacer-_10c472-09\"><div class=\"kt-block-spacer kt-block-spacer-halign-center\"><hr class=\"kt-divider\"\/><\/div><\/div>\n","protected":false},"excerpt":{"rendered":"<p>Auf unserem Marktplatz finden Sie nach Branchen sortiert alle Sponsoren dieser Seite. Sie haben auf dem Marktplatz die M\u00f6glichkeit, die Unternehmen kennenzulernen oder auch ihre Produkte, Waren und Dienstleistungen zu erwerben. Zur Nutzung ein wichtiger Tipp: Sie k\u00f6nnen in der Suche auch mehrere Suchbegriffe verwenden, um so ihre Suche zu konkretisieren. Nutzen sie Suchbegriffe, wie [&hellip;]<\/p>\n","protected":false},"author":1,"featured_media":0,"parent":0,"menu_order":0,"comment_status":"closed","ping_status":"closed","template":"","meta":{"_acf_changed":false,"om_disable_all_campaigns":false,"_monsterinsights_skip_tracking":false,"_monsterinsights_sitenote_active":false,"_monsterinsights_sitenote_note":"","_monsterinsights_sitenote_category":0,"ocean_post_layout":"right-sidebar","ocean_both_sidebars_style":"","ocean_both_sidebars_content_width":0,"ocean_both_sidebars_sidebars_width":0,"ocean_sidebar":"sidebar","ocean_second_sidebar":"0","ocean_disable_margins":"enable","ocean_add_body_class":"","ocean_shortcode_before_top_bar":"","ocean_shortcode_after_top_bar":"","ocean_shortcode_before_header":"","ocean_shortcode_after_header":"","ocean_has_shortcode":"","ocean_shortcode_after_title":"","ocean_shortcode_before_footer_widgets":"","ocean_shortcode_after_footer_widgets":"","ocean_shortcode_before_footer_bottom":"","ocean_shortcode_after_footer_bottom":"","ocean_display_top_bar":"default","ocean_display_header":"default","ocean_header_style":"","ocean_center_header_left_menu":"0","ocean_custom_header_template":"0","ocean_custom_logo":0,"ocean_custom_retina_logo":0,"ocean_custom_logo_max_width":0,"ocean_custom_logo_tablet_max_width":0,"ocean_custom_logo_mobile_max_width":0,"ocean_custom_logo_max_height":0,"ocean_custom_logo_tablet_max_height":0,"ocean_custom_logo_mobile_max_height":0,"ocean_header_custom_menu":"0","ocean_menu_typo_font_family":"0","ocean_menu_typo_font_subset":"","ocean_menu_typo_font_size":0,"ocean_menu_typo_font_size_tablet":0,"ocean_menu_typo_font_size_mobile":0,"ocean_menu_typo_font_size_unit":"px","ocean_menu_typo_font_weight":"","ocean_menu_typo_font_weight_tablet":"","ocean_menu_typo_font_weight_mobile":"","ocean_menu_typo_transform":"","ocean_menu_typo_transform_tablet":"","ocean_menu_typo_transform_mobile":"","ocean_menu_typo_line_height":0,"ocean_menu_typo_line_height_tablet":0,"ocean_menu_typo_line_height_mobile":0,"ocean_menu_typo_line_height_unit":"","ocean_menu_typo_spacing":0,"ocean_menu_typo_spacing_tablet":0,"ocean_menu_typo_spacing_mobile":0,"ocean_menu_typo_spacing_unit":"","ocean_menu_link_color":"","ocean_menu_link_color_hover":"","ocean_menu_link_color_active":"","ocean_menu_link_background":"","ocean_menu_link_hover_background":"","ocean_menu_link_active_background":"","ocean_menu_social_links_bg":"","ocean_menu_social_hover_links_bg":"","ocean_menu_social_links_color":"","ocean_menu_social_hover_links_color":"","ocean_disable_title":"default","ocean_disable_heading":"default","ocean_post_title":"","ocean_post_subheading":"","ocean_post_title_style":"","ocean_post_title_background_color":"","ocean_post_title_background":0,"ocean_post_title_bg_image_position":"","ocean_post_title_bg_image_attachment":"","ocean_post_title_bg_image_repeat":"","ocean_post_title_bg_image_size":"","ocean_post_title_height":0,"ocean_post_title_bg_overlay":0.5,"ocean_post_title_bg_overlay_color":"","ocean_disable_breadcrumbs":"default","ocean_breadcrumbs_color":"","ocean_breadcrumbs_separator_color":"","ocean_breadcrumbs_links_color":"","ocean_breadcrumbs_links_hover_color":"","ocean_display_footer_widgets":"default","ocean_display_footer_bottom":"default","ocean_custom_footer_template":"0","footnotes":""},"class_list":["post-996","page","type-page","status-publish","hentry","entry"],"acf":[],"yoast_head":"<!-- This site is optimized with the Yoast SEO plugin v27.3 - https:\/\/yoast.com\/product\/yoast-seo-wordpress\/ -->\n<title>Marktplatz - Revitapolis<\/title>\n<meta name=\"description\" content=\"Auf dem Marktplatz finden Besucher alle Sponsoren. Nutzen Sie auf der nach Branchen sortierten Seite die Suchfunktion.\" \/>\n<meta name=\"robots\" content=\"index, follow, max-snippet:-1, max-image-preview:large, max-video-preview:-1\" \/>\n<link rel=\"canonical\" href=\"https:\/\/revitapolis.com\/de\/marktplatz\/\" \/>\n<meta property=\"og:locale\" content=\"de_DE\" \/>\n<meta property=\"og:type\" content=\"article\" \/>\n<meta property=\"og:title\" content=\"Marktplatz - Revitapolis\" \/>\n<meta property=\"og:description\" content=\"Auf dem Marktplatz finden Besucher alle Sponsoren. Nutzen Sie auf der nach Branchen sortierten Seite die Suchfunktion.\" \/>\n<meta property=\"og:url\" content=\"https:\/\/revitapolis.com\/de\/marktplatz\/\" \/>\n<meta property=\"og:site_name\" content=\"Revitapolis\" \/>\n<meta property=\"article:modified_time\" content=\"2023-05-08T08:05:13+00:00\" \/>\n<meta property=\"og:image\" content=\"https:\/\/revitapolis.com\/wp-content\/uploads\/2022\/09\/fischmarkt-italien.jpg\" \/>\n<meta name=\"twitter:card\" content=\"summary_large_image\" \/>\n<meta name=\"twitter:label1\" content=\"Gesch\u00e4tzte Lesezeit\" \/>\n\t<meta name=\"twitter:data1\" content=\"3\u00a0Minuten\" \/>\n<script type=\"application\/ld+json\" class=\"yoast-schema-graph\">{\"@context\":\"https:\\\/\\\/schema.org\",\"@graph\":[{\"@type\":\"WebPage\",\"@id\":\"https:\\\/\\\/revitapolis.com\\\/de\\\/marktplatz\\\/\",\"url\":\"https:\\\/\\\/revitapolis.com\\\/de\\\/marktplatz\\\/\",\"name\":\"Marktplatz - Revitapolis\",\"isPartOf\":{\"@id\":\"https:\\\/\\\/revitapolis.com\\\/de\\\/#website\"},\"primaryImageOfPage\":{\"@id\":\"https:\\\/\\\/revitapolis.com\\\/de\\\/marktplatz\\\/#primaryimage\"},\"image\":{\"@id\":\"https:\\\/\\\/revitapolis.com\\\/de\\\/marktplatz\\\/#primaryimage\"},\"thumbnailUrl\":\"https:\\\/\\\/revitapolis.com\\\/wp-content\\\/uploads\\\/2022\\\/09\\\/fischmarkt-italien.jpg\",\"datePublished\":\"2022-04-01T13:40:19+00:00\",\"dateModified\":\"2023-05-08T08:05:13+00:00\",\"description\":\"Auf dem Marktplatz finden Besucher alle Sponsoren. Nutzen Sie auf der nach Branchen sortierten Seite die Suchfunktion.\",\"breadcrumb\":{\"@id\":\"https:\\\/\\\/revitapolis.com\\\/de\\\/marktplatz\\\/#breadcrumb\"},\"inLanguage\":\"de\",\"potentialAction\":[{\"@type\":\"ReadAction\",\"target\":[\"https:\\\/\\\/revitapolis.com\\\/de\\\/marktplatz\\\/\"]}]},{\"@type\":\"ImageObject\",\"inLanguage\":\"de\",\"@id\":\"https:\\\/\\\/revitapolis.com\\\/de\\\/marktplatz\\\/#primaryimage\",\"url\":\"https:\\\/\\\/revitapolis.com\\\/wp-content\\\/uploads\\\/2022\\\/09\\\/fischmarkt-italien.jpg\",\"contentUrl\":\"https:\\\/\\\/revitapolis.com\\\/wp-content\\\/uploads\\\/2022\\\/09\\\/fischmarkt-italien.jpg\"},{\"@type\":\"BreadcrumbList\",\"@id\":\"https:\\\/\\\/revitapolis.com\\\/de\\\/marktplatz\\\/#breadcrumb\",\"itemListElement\":[{\"@type\":\"ListItem\",\"position\":1,\"name\":\"Startseite\",\"item\":\"https:\\\/\\\/revitapolis.com\\\/de\\\/\"},{\"@type\":\"ListItem\",\"position\":2,\"name\":\"Marktplatz\"}]},{\"@type\":\"WebSite\",\"@id\":\"https:\\\/\\\/revitapolis.com\\\/de\\\/#website\",\"url\":\"https:\\\/\\\/revitapolis.com\\\/de\\\/\",\"name\":\"Revitapolis\",\"description\":\"Wiederbelebung italienischer Orte\",\"publisher\":{\"@id\":\"https:\\\/\\\/revitapolis.com\\\/de\\\/#organization\"},\"potentialAction\":[{\"@type\":\"SearchAction\",\"target\":{\"@type\":\"EntryPoint\",\"urlTemplate\":\"https:\\\/\\\/revitapolis.com\\\/de\\\/?s={search_term_string}\"},\"query-input\":{\"@type\":\"PropertyValueSpecification\",\"valueRequired\":true,\"valueName\":\"search_term_string\"}}],\"inLanguage\":\"de\"},{\"@type\":\"Organization\",\"@id\":\"https:\\\/\\\/revitapolis.com\\\/de\\\/#organization\",\"name\":\"Revitapolis\",\"url\":\"https:\\\/\\\/revitapolis.com\\\/de\\\/\",\"logo\":{\"@type\":\"ImageObject\",\"inLanguage\":\"de\",\"@id\":\"https:\\\/\\\/revitapolis.com\\\/de\\\/#\\\/schema\\\/logo\\\/image\\\/\",\"url\":\"https:\\\/\\\/revitapolis.com\\\/wp-content\\\/uploads\\\/2022\\\/03\\\/cropped-logo-revitapolis.jpg\",\"contentUrl\":\"https:\\\/\\\/revitapolis.com\\\/wp-content\\\/uploads\\\/2022\\\/03\\\/cropped-logo-revitapolis.jpg\",\"width\":200,\"height\":91,\"caption\":\"Revitapolis\"},\"image\":{\"@id\":\"https:\\\/\\\/revitapolis.com\\\/de\\\/#\\\/schema\\\/logo\\\/image\\\/\"}}]}<\/script>\n<!-- \/ Yoast SEO plugin. -->","yoast_head_json":{"title":"Marktplatz - Revitapolis","description":"Auf dem Marktplatz finden Besucher alle Sponsoren. Nutzen Sie auf der nach Branchen sortierten Seite die Suchfunktion.","robots":{"index":"index","follow":"follow","max-snippet":"max-snippet:-1","max-image-preview":"max-image-preview:large","max-video-preview":"max-video-preview:-1"},"canonical":"https:\/\/revitapolis.com\/de\/marktplatz\/","og_locale":"de_DE","og_type":"article","og_title":"Marktplatz - Revitapolis","og_description":"Auf dem Marktplatz finden Besucher alle Sponsoren. Nutzen Sie auf der nach Branchen sortierten Seite die Suchfunktion.","og_url":"https:\/\/revitapolis.com\/de\/marktplatz\/","og_site_name":"Revitapolis","article_modified_time":"2023-05-08T08:05:13+00:00","og_image":[{"url":"https:\/\/revitapolis.com\/wp-content\/uploads\/2022\/09\/fischmarkt-italien.jpg","type":"","width":"","height":""}],"twitter_card":"summary_large_image","twitter_misc":{"Gesch\u00e4tzte Lesezeit":"3\u00a0Minuten"},"schema":{"@context":"https:\/\/schema.org","@graph":[{"@type":"WebPage","@id":"https:\/\/revitapolis.com\/de\/marktplatz\/","url":"https:\/\/revitapolis.com\/de\/marktplatz\/","name":"Marktplatz - Revitapolis","isPartOf":{"@id":"https:\/\/revitapolis.com\/de\/#website"},"primaryImageOfPage":{"@id":"https:\/\/revitapolis.com\/de\/marktplatz\/#primaryimage"},"image":{"@id":"https:\/\/revitapolis.com\/de\/marktplatz\/#primaryimage"},"thumbnailUrl":"https:\/\/revitapolis.com\/wp-content\/uploads\/2022\/09\/fischmarkt-italien.jpg","datePublished":"2022-04-01T13:40:19+00:00","dateModified":"2023-05-08T08:05:13+00:00","description":"Auf dem Marktplatz finden Besucher alle Sponsoren. Nutzen Sie auf der nach Branchen sortierten Seite die Suchfunktion.","breadcrumb":{"@id":"https:\/\/revitapolis.com\/de\/marktplatz\/#breadcrumb"},"inLanguage":"de","potentialAction":[{"@type":"ReadAction","target":["https:\/\/revitapolis.com\/de\/marktplatz\/"]}]},{"@type":"ImageObject","inLanguage":"de","@id":"https:\/\/revitapolis.com\/de\/marktplatz\/#primaryimage","url":"https:\/\/revitapolis.com\/wp-content\/uploads\/2022\/09\/fischmarkt-italien.jpg","contentUrl":"https:\/\/revitapolis.com\/wp-content\/uploads\/2022\/09\/fischmarkt-italien.jpg"},{"@type":"BreadcrumbList","@id":"https:\/\/revitapolis.com\/de\/marktplatz\/#breadcrumb","itemListElement":[{"@type":"ListItem","position":1,"name":"Startseite","item":"https:\/\/revitapolis.com\/de\/"},{"@type":"ListItem","position":2,"name":"Marktplatz"}]},{"@type":"WebSite","@id":"https:\/\/revitapolis.com\/de\/#website","url":"https:\/\/revitapolis.com\/de\/","name":"Revitapolis","description":"Wiederbelebung italienischer Orte","publisher":{"@id":"https:\/\/revitapolis.com\/de\/#organization"},"potentialAction":[{"@type":"SearchAction","target":{"@type":"EntryPoint","urlTemplate":"https:\/\/revitapolis.com\/de\/?s={search_term_string}"},"query-input":{"@type":"PropertyValueSpecification","valueRequired":true,"valueName":"search_term_string"}}],"inLanguage":"de"},{"@type":"Organization","@id":"https:\/\/revitapolis.com\/de\/#organization","name":"Revitapolis","url":"https:\/\/revitapolis.com\/de\/","logo":{"@type":"ImageObject","inLanguage":"de","@id":"https:\/\/revitapolis.com\/de\/#\/schema\/logo\/image\/","url":"https:\/\/revitapolis.com\/wp-content\/uploads\/2022\/03\/cropped-logo-revitapolis.jpg","contentUrl":"https:\/\/revitapolis.com\/wp-content\/uploads\/2022\/03\/cropped-logo-revitapolis.jpg","width":200,"height":91,"caption":"Revitapolis"},"image":{"@id":"https:\/\/revitapolis.com\/de\/#\/schema\/logo\/image\/"}}]}},"_links":{"self":[{"href":"https:\/\/revitapolis.com\/de\/wp-json\/wp\/v2\/pages\/996","targetHints":{"allow":["GET"]}}],"collection":[{"href":"https:\/\/revitapolis.com\/de\/wp-json\/wp\/v2\/pages"}],"about":[{"href":"https:\/\/revitapolis.com\/de\/wp-json\/wp\/v2\/types\/page"}],"author":[{"embeddable":true,"href":"https:\/\/revitapolis.com\/de\/wp-json\/wp\/v2\/users\/1"}],"replies":[{"embeddable":true,"href":"https:\/\/revitapolis.com\/de\/wp-json\/wp\/v2\/comments?post=996"}],"version-history":[{"count":26,"href":"https:\/\/revitapolis.com\/de\/wp-json\/wp\/v2\/pages\/996\/revisions"}],"predecessor-version":[{"id":4712,"href":"https:\/\/revitapolis.com\/de\/wp-json\/wp\/v2\/pages\/996\/revisions\/4712"}],"wp:attachment":[{"href":"https:\/\/revitapolis.com\/de\/wp-json\/wp\/v2\/media?parent=996"}],"curies":[{"name":"wp","href":"https:\/\/api.w.org\/{rel}","templated":true}]}}