{"id":81,"date":"2022-03-15T09:32:00","date_gmt":"2022-03-15T09:32:00","guid":{"rendered":"https:\/\/revitapolis.com\/?page_id=81"},"modified":"2024-07-09T10:24:15","modified_gmt":"2024-07-09T10:24:15","slug":"gubbio","status":"publish","type":"page","link":"https:\/\/revitapolis.com\/de\/die-regionen-in-italien\/umbrien\/die-provinz-perugia\/gubbio\/","title":{"rendered":"Gubbio"},"content":{"rendered":"\n<p>Gubbio ist eine Gemeinde mit 30.417 Einwohnern (Stand: 31.03.2023) in der Provinz Perugia, die zur Region Umbrien geh\u00f6rt. Die Stadt liegt etwa 35 km von Perugia entfernt und befindet sich am Fu\u00dfe des Monte Ingino. Sie ist ber\u00fchmt f\u00fcr ihr gut erhaltenes historisches Zentrum und ihren Reichtum an Traditionen und Festen.<\/p>\n\n\n\n<p>Italien &gt; Umbrien &gt; Perugia &gt; GUBBIO<\/p>\n\n\n\n<p><\/p>\n\n\n\n<p>F\u00fcr Wanderbegeisterte gibt es in der Gegend von Gubbio vielen interessante Touren, auf denen man auch den Spuren des heiligen Franziskus folgen kann. Der bekannte Sentiero di San Francesco ist 192 km lang und f\u00fchrt vom Wallfahrsort La Verna \u00fcber Gubbio nach Assisi. Am s\u00fcdlichen Stadtrand gibt es den Parco della Vittorina zu besuchen, in dem sich eine Kirche befindet, in der traditionell der heilige Franziskus verehrt wird. Hier soll der Heilige einen Wolf gez\u00e4hmt haben, der der Stadt zuvor viele Probleme bereitet hatte. Nur wenige Kilometer von der Stadt entfernt befindet sich auf dem H\u00fcgel vor dem Berg Igino der Parco di Coppo, ein gut ausgestatteter Picknickplatz mit Kinderspielpl\u00e4tzen, Restaurant, Bar und weiteren Services. Im umliegenden Gebiet findet sich au\u00dferdem die die Gola del Bottaccione, eine geologisch \u00e4u\u00dferst interessante Schlucht, in der auch H\u00f6hlenf\u00fchrungen angeboten werden, und der Parco del Monte Cucco, ein Naturschutzgebiet in den Bergen des Appennins.<\/p>\n\n\n\n<p>Kurzinfo mit Karte erhalten Sie <a href=\"https:\/\/www.google.com\/maps\/place\/06024+Gubbio,+Perugia,+Italien\/@43.352024,12.5750293,14z\/data=!3m1!4b1!4m6!3m5!1s0x132c3909a6a92db7:0xa5e7504e5ba40dbf!8m2!3d43.3539871!4d12.5734116!16zL20vMDN6cGRq?entry=ttu\">hier<\/a>.<\/p>\n\n\n\n<h2 class=\"wp-block-heading\">Infrastruktur<\/h2>\n\n\n\n<p>Gubbio erreicht man mit dem Auto, indem man die Autobahn A14 bei Fano verl\u00e4sst und in Richtung Rom weiterf\u00e4hrt (wenn man aus dem Norden kommt), oder man verl\u00e4sst sie bei Ancona Nord und f\u00e4hrt dann Richtung Jesi-Fabriano (von S\u00fcden kommend), bzw. f\u00e4hrt man bei Arezzo von der Autobahn A1 ab und dann weiter in Richtung Citt\u00e0 di Castello (von Norden kommend), oder bei Orte und f\u00e4hrt in Richtung Perugia-Cesena weiter (von S\u00fcden kommend). Man kann auch mit dem Zug anreisen, denn es gibt die Haltestelle Fossato di Vico\/Gubbio an der Bahnlinie Rom-Ancona.<\/p>\n\n\n\n<p>Die drei Ebenen der Stadt sind durch zwei \u00f6ffentliche Aufz\u00fcge miteinander verbunden. Au\u00dferdem f\u00fchrt eine zweisitzige Seilbahn von Gubbio (532 m) zur Basilika von Sant&#8217;Ubaldo auf 803 Metern.<\/p>\n\n\n\n<h2 class=\"wp-block-heading\">Geschichte<\/h2>\n\n\n\n<p>Die Geschichte der Stadt Gubbio reicht bis in die vorr\u00f6mische Zeit zur\u00fcck. Im Laufe der Jahrhunderte wurde die Stadt von zahlreichen M\u00e4chten wie den R\u00f6mern, Byzantinern, Langobarden und Franken beherrscht. Im Mittelalter erreichte Gubbio dank seiner strategischen Lage und seines kulturellen und k\u00fcnstlerischen Reichtums gro\u00dfe Bedeutung. Noch heute sind in der Stadt zahlreiche Denkm\u00e4ler und Kunstwerke erhalten, die von ihrer glorreichen Geschichte zeugen.<\/p>\n\n\n\n<h2 class=\"wp-block-heading\">Wirtschaft<\/h2>\n\n\n\n<p>Im Gebiet von Gubbio gibt es mittlere und kleine Betriebe, davon viele aus dem Tourismussektor und dem Handwerk. Die Herstellung von Keramik und Schmiedeeisen, sowie das Goldschmiedehandwerk haben Tradition, ebenso wie Einlegearbeiten, Schnitzerei, Bildhauerei, Tischlerei, Restaurierung, Geigenbau und Modellbau. Was die Industrie angeht, so verf\u00fcgt Gubbio trotz seiner geringen Gr\u00f6\u00dfe \u00fcber zahlreiche auf dem nationalen und internationalen Markt etablierte Unternehmen, vor allem im Bereich der Zementindustrie.<\/p>\n\n\n\n<p><\/p>\n\n\n\n<h2 class=\"wp-block-heading\">Kultur<\/h2>\n\n\n\n<p>Gubbio ist eine der \u00e4ltesten St\u00e4dte Umbriens. Sie ist hervorragend erhalten und reich an Bauwerken, die von einer glorreichen Vergangenheit zeugen, insbesondere von ihrer Bl\u00fctezeit im 13. und 14. Jahrhundert. Die mittelalterliche Altstadt gilt als eine der sch\u00f6nsten in ganz Europa und ist reich an historischen Denkm\u00e4lern.<\/p>\n\n\n\n<p>Die Stadt ist ber\u00fchmt f\u00fcr die Festa dei Ceri, ein Fest mit tausendj\u00e4hriger Tradition, das jedes Jahr am 15. Mai stattfindet. Es ist dem Schutzpatron der Stadt gewidmet, dem Heiligen Ubald von Gubbio.<\/p>\n\n\n\n<p>Am letzten Sonntag im Mai findet der Palio della Balestra statt, eine folkloristische Veranstaltung mit mittelalterlichen Kost\u00fcmen, Armbrustschie\u00dfen und Fahnenschwenkern.<\/p>\n\n\n\n<h2 class=\"wp-block-heading\">Sehensw\u00fcrdigkeiten<\/h2>\n\n\n\n<p><\/p>\n\n\n\n<p>Piazza Grande: Der Platz ist das pulsierende Herz der Stadt, mit einer Geschichte, die bis in die R\u00f6merzeit zur\u00fcckreicht. \u00dcber die Jahrhunderte war er der Mittelpunkt des sozialen und kulturellen Lebens der Stadt und Schauplatz wichtiger religi\u00f6ser und weltlicher Veranstaltungen. Heute ist er der ideale Ort zum Flanieren und um die einzigartige Atmosph\u00e4re von Gubbio zu genie\u00dfen. Es ist ein traumhafter Platz mit einem Steinpflaster, umgeben von mittelalterlichen Geb\u00e4uden und antiken Brunnen.<\/p>\n\n\n\n<p>Palazzo dei Consoli: Ein au\u00dfergew\u00f6hnlich sch\u00f6nes Bauwerk mit einer Fassade aus Stein, schmiedeeisernen Verzierungen und gotischen Fenstern. Im Inneren kann man das Stadtmuseum von Gubbio besichtigen, das bedeutende Sammlungen zu Kunst und Geschichte ausstellt. Der Palazzo befindet sich auf der Piazza Grande. Er wurde im 14. Jahrhundert erbaut und hat im Laufe seiner Geschichte Kunstwerke von gro\u00dfem Wert beherbergt. Heute ist er eines der Wahrzeichen von Gubbio und ein Muss f\u00fcr jeden Besucher der Stadt.<\/p>\n\n\n\n<p>Teatro Romano: Antikes r\u00f6misches Theater aus dem 1. Jahrhundert n. Chr., das heute Besucher aus der ganzen Welt anlockt. W\u00e4hrend der R\u00f6merzeit bot es etwa 6.000 Zuschauern Platz und wurde f\u00fcr Theater- und Musikauff\u00fchrungen genutzt. Im Laufe der Jahrhunderte wurde das Theater sich selbst \u00fcberlassen und Vegetation bedeckt, bis es im 20. Jahrhundert wiederentdeckt und restauriert wurde. Es liegt nur einen kurzen Spaziergang von der Altstadt entfernt und bietet einen hervorragenden Panoramablick auf die Stadt und die umliegenden Berge.<\/p>\n\n\n\n<p>Kathedrale von Gubbio: Ein Schmuckst\u00fcck der romanischen Architektur, das eine Steinfassade besitzt und aus drei Kirchenschiffen besteht. Sie befindet sich in der Altstadt von Gubbio. In ihrem Inneren sind die Kunstwerke gro\u00dfer Meister zu bewundern, darunter das Gem\u00e4lde der Madonna del Belvedere von Matteo da Gualdo.<\/p>\n\n\n\n<p>Basilika Sant&#8217;Ubaldo: Ein besonders sch\u00f6nes Bauwerk im gotischen Stil, das im 14 errichtet wurde. Sie befindet sich auf dem Monte Ingino oberhalb von Gubbio und beeindruckt durch ihren imposanten Glockenturm mit 76 Metern H\u00f6he. Im Inneren kann man Kunstwerke und Fresken gro\u00dfer Meister bewundern, darunter ein Gem\u00e4lde aus dem 14. Jahrhundert, das den Heiligen Ubaldo, den Bischof und Patron von Gubbio, darstellt.<\/p>\n\n\n\n<p><\/p>\n\n\n\n<p>WERBUNG A &#8211; WERBUNG B &#8211; WERBUNG C &#8211; WERBUNG D<\/p>\n","protected":false},"excerpt":{"rendered":"<p>Gubbio ist eine Gemeinde mit 30.417 Einwohnern (Stand: 31.03.2023) in der Provinz Perugia, die zur Region Umbrien geh\u00f6rt. Die Stadt liegt etwa 35 km von Perugia entfernt und befindet sich am Fu\u00dfe des Monte Ingino. Sie ist ber\u00fchmt f\u00fcr ihr gut erhaltenes historisches Zentrum und ihren Reichtum an Traditionen und Festen. Italien &gt; Umbrien &gt; [&hellip;]<\/p>\n","protected":false},"author":1,"featured_media":0,"parent":2993,"menu_order":0,"comment_status":"closed","ping_status":"closed","template":"","meta":{"_acf_changed":false,"om_disable_all_campaigns":false,"_monsterinsights_skip_tracking":false,"_monsterinsights_sitenote_active":false,"_monsterinsights_sitenote_note":"","_monsterinsights_sitenote_category":0,"ocean_post_layout":"","ocean_both_sidebars_style":"","ocean_both_sidebars_content_width":0,"ocean_both_sidebars_sidebars_width":0,"ocean_sidebar":"0","ocean_second_sidebar":"0","ocean_disable_margins":"enable","ocean_add_body_class":"","ocean_shortcode_before_top_bar":"","ocean_shortcode_after_top_bar":"","ocean_shortcode_before_header":"","ocean_shortcode_after_header":"","ocean_has_shortcode":"","ocean_shortcode_after_title":"","ocean_shortcode_before_footer_widgets":"","ocean_shortcode_after_footer_widgets":"","ocean_shortcode_before_footer_bottom":"","ocean_shortcode_after_footer_bottom":"","ocean_display_top_bar":"default","ocean_display_header":"default","ocean_header_style":"","ocean_center_header_left_menu":"0","ocean_custom_header_template":"0","ocean_custom_logo":0,"ocean_custom_retina_logo":0,"ocean_custom_logo_max_width":0,"ocean_custom_logo_tablet_max_width":0,"ocean_custom_logo_mobile_max_width":0,"ocean_custom_logo_max_height":0,"ocean_custom_logo_tablet_max_height":0,"ocean_custom_logo_mobile_max_height":0,"ocean_header_custom_menu":"0","ocean_menu_typo_font_family":"0","ocean_menu_typo_font_subset":"","ocean_menu_typo_font_size":0,"ocean_menu_typo_font_size_tablet":0,"ocean_menu_typo_font_size_mobile":0,"ocean_menu_typo_font_size_unit":"px","ocean_menu_typo_font_weight":"","ocean_menu_typo_font_weight_tablet":"","ocean_menu_typo_font_weight_mobile":"","ocean_menu_typo_transform":"","ocean_menu_typo_transform_tablet":"","ocean_menu_typo_transform_mobile":"","ocean_menu_typo_line_height":0,"ocean_menu_typo_line_height_tablet":0,"ocean_menu_typo_line_height_mobile":0,"ocean_menu_typo_line_height_unit":"","ocean_menu_typo_spacing":0,"ocean_menu_typo_spacing_tablet":0,"ocean_menu_typo_spacing_mobile":0,"ocean_menu_typo_spacing_unit":"","ocean_menu_link_color":"","ocean_menu_link_color_hover":"","ocean_menu_link_color_active":"","ocean_menu_link_background":"","ocean_menu_link_hover_background":"","ocean_menu_link_active_background":"","ocean_menu_social_links_bg":"","ocean_menu_social_hover_links_bg":"","ocean_menu_social_links_color":"","ocean_menu_social_hover_links_color":"","ocean_disable_title":"default","ocean_disable_heading":"default","ocean_post_title":"","ocean_post_subheading":"","ocean_post_title_style":"","ocean_post_title_background_color":"","ocean_post_title_background":0,"ocean_post_title_bg_image_position":"","ocean_post_title_bg_image_attachment":"","ocean_post_title_bg_image_repeat":"","ocean_post_title_bg_image_size":"","ocean_post_title_height":0,"ocean_post_title_bg_overlay":0.5,"ocean_post_title_bg_overlay_color":"","ocean_disable_breadcrumbs":"default","ocean_breadcrumbs_color":"","ocean_breadcrumbs_separator_color":"","ocean_breadcrumbs_links_color":"","ocean_breadcrumbs_links_hover_color":"","ocean_display_footer_widgets":"default","ocean_display_footer_bottom":"default","ocean_custom_footer_template":"0","footnotes":""},"class_list":["post-81","page","type-page","status-publish","hentry","entry"],"acf":[],"yoast_head":"<!-- This site is optimized with the Yoast SEO plugin v27.3 - https:\/\/yoast.com\/product\/yoast-seo-wordpress\/ -->\n<title>Gubbio - Revitapolis - Infos + Projekte + Immobilien<\/title>\n<meta name=\"description\" content=\"Informationen zu dem Ort Gubbio f\u00fcr Unternehmen und Privatpersonen. Immobilien und Kultur- und Wirtschafts-Projekte zur Wiederbelebung\" \/>\n<meta name=\"robots\" content=\"index, follow, max-snippet:-1, max-image-preview:large, max-video-preview:-1\" \/>\n<link rel=\"canonical\" href=\"https:\/\/revitapolis.com\/de\/die-regionen-in-italien\/umbrien\/die-provinz-perugia\/gubbio\/\" \/>\n<meta property=\"og:locale\" content=\"de_DE\" \/>\n<meta property=\"og:type\" content=\"article\" \/>\n<meta property=\"og:title\" content=\"Gubbio - Revitapolis - Infos + Projekte + Immobilien\" \/>\n<meta property=\"og:description\" content=\"Informationen zu dem Ort Gubbio f\u00fcr Unternehmen und Privatpersonen. Immobilien und Kultur- und Wirtschafts-Projekte zur Wiederbelebung\" \/>\n<meta property=\"og:url\" content=\"https:\/\/revitapolis.com\/de\/die-regionen-in-italien\/umbrien\/die-provinz-perugia\/gubbio\/\" \/>\n<meta property=\"og:site_name\" content=\"Revitapolis\" \/>\n<meta property=\"article:modified_time\" content=\"2024-07-09T10:24:15+00:00\" \/>\n<meta name=\"twitter:card\" content=\"summary_large_image\" \/>\n<meta name=\"twitter:label1\" content=\"Gesch\u00e4tzte Lesezeit\" \/>\n\t<meta name=\"twitter:data1\" content=\"6\u00a0Minuten\" \/>\n<script type=\"application\/ld+json\" class=\"yoast-schema-graph\">{\"@context\":\"https:\\\/\\\/schema.org\",\"@graph\":[{\"@type\":\"WebPage\",\"@id\":\"https:\\\/\\\/revitapolis.com\\\/de\\\/die-regionen-in-italien\\\/umbrien\\\/die-provinz-perugia\\\/gubbio\\\/\",\"url\":\"https:\\\/\\\/revitapolis.com\\\/de\\\/die-regionen-in-italien\\\/umbrien\\\/die-provinz-perugia\\\/gubbio\\\/\",\"name\":\"Gubbio - Revitapolis - Infos + Projekte + Immobilien\",\"isPartOf\":{\"@id\":\"https:\\\/\\\/revitapolis.com\\\/de\\\/#website\"},\"datePublished\":\"2022-03-15T09:32:00+00:00\",\"dateModified\":\"2024-07-09T10:24:15+00:00\",\"description\":\"Informationen zu dem Ort Gubbio f\u00fcr Unternehmen und Privatpersonen. Immobilien und Kultur- und Wirtschafts-Projekte zur Wiederbelebung\",\"breadcrumb\":{\"@id\":\"https:\\\/\\\/revitapolis.com\\\/de\\\/die-regionen-in-italien\\\/umbrien\\\/die-provinz-perugia\\\/gubbio\\\/#breadcrumb\"},\"inLanguage\":\"de\",\"potentialAction\":[{\"@type\":\"ReadAction\",\"target\":[\"https:\\\/\\\/revitapolis.com\\\/de\\\/die-regionen-in-italien\\\/umbrien\\\/die-provinz-perugia\\\/gubbio\\\/\"]}]},{\"@type\":\"BreadcrumbList\",\"@id\":\"https:\\\/\\\/revitapolis.com\\\/de\\\/die-regionen-in-italien\\\/umbrien\\\/die-provinz-perugia\\\/gubbio\\\/#breadcrumb\",\"itemListElement\":[{\"@type\":\"ListItem\",\"position\":1,\"name\":\"Startseite\",\"item\":\"https:\\\/\\\/revitapolis.com\\\/de\\\/\"},{\"@type\":\"ListItem\",\"position\":2,\"name\":\"Italien\",\"item\":\"https:\\\/\\\/revitapolis.com\\\/de\\\/die-regionen-in-italien\\\/\"},{\"@type\":\"ListItem\",\"position\":3,\"name\":\"Umbrien\",\"item\":\"https:\\\/\\\/revitapolis.com\\\/de\\\/die-regionen-in-italien\\\/umbrien\\\/\"},{\"@type\":\"ListItem\",\"position\":4,\"name\":\"Provinz Perugia\",\"item\":\"https:\\\/\\\/revitapolis.com\\\/de\\\/die-regionen-in-italien\\\/umbrien\\\/die-provinz-perugia\\\/\"},{\"@type\":\"ListItem\",\"position\":5,\"name\":\"Gubbio\"}]},{\"@type\":\"WebSite\",\"@id\":\"https:\\\/\\\/revitapolis.com\\\/de\\\/#website\",\"url\":\"https:\\\/\\\/revitapolis.com\\\/de\\\/\",\"name\":\"Revitapolis\",\"description\":\"Wiederbelebung italienischer Orte\",\"publisher\":{\"@id\":\"https:\\\/\\\/revitapolis.com\\\/de\\\/#organization\"},\"potentialAction\":[{\"@type\":\"SearchAction\",\"target\":{\"@type\":\"EntryPoint\",\"urlTemplate\":\"https:\\\/\\\/revitapolis.com\\\/de\\\/?s={search_term_string}\"},\"query-input\":{\"@type\":\"PropertyValueSpecification\",\"valueRequired\":true,\"valueName\":\"search_term_string\"}}],\"inLanguage\":\"de\"},{\"@type\":\"Organization\",\"@id\":\"https:\\\/\\\/revitapolis.com\\\/de\\\/#organization\",\"name\":\"Revitapolis\",\"url\":\"https:\\\/\\\/revitapolis.com\\\/de\\\/\",\"logo\":{\"@type\":\"ImageObject\",\"inLanguage\":\"de\",\"@id\":\"https:\\\/\\\/revitapolis.com\\\/de\\\/#\\\/schema\\\/logo\\\/image\\\/\",\"url\":\"https:\\\/\\\/revitapolis.com\\\/wp-content\\\/uploads\\\/2022\\\/03\\\/cropped-logo-revitapolis.jpg\",\"contentUrl\":\"https:\\\/\\\/revitapolis.com\\\/wp-content\\\/uploads\\\/2022\\\/03\\\/cropped-logo-revitapolis.jpg\",\"width\":200,\"height\":91,\"caption\":\"Revitapolis\"},\"image\":{\"@id\":\"https:\\\/\\\/revitapolis.com\\\/de\\\/#\\\/schema\\\/logo\\\/image\\\/\"}}]}<\/script>\n<!-- \/ Yoast SEO plugin. -->","yoast_head_json":{"title":"Gubbio - Revitapolis - Infos + Projekte + Immobilien","description":"Informationen zu dem Ort Gubbio f\u00fcr Unternehmen und Privatpersonen. Immobilien und Kultur- und Wirtschafts-Projekte zur Wiederbelebung","robots":{"index":"index","follow":"follow","max-snippet":"max-snippet:-1","max-image-preview":"max-image-preview:large","max-video-preview":"max-video-preview:-1"},"canonical":"https:\/\/revitapolis.com\/de\/die-regionen-in-italien\/umbrien\/die-provinz-perugia\/gubbio\/","og_locale":"de_DE","og_type":"article","og_title":"Gubbio - Revitapolis - Infos + Projekte + Immobilien","og_description":"Informationen zu dem Ort Gubbio f\u00fcr Unternehmen und Privatpersonen. Immobilien und Kultur- und Wirtschafts-Projekte zur Wiederbelebung","og_url":"https:\/\/revitapolis.com\/de\/die-regionen-in-italien\/umbrien\/die-provinz-perugia\/gubbio\/","og_site_name":"Revitapolis","article_modified_time":"2024-07-09T10:24:15+00:00","twitter_card":"summary_large_image","twitter_misc":{"Gesch\u00e4tzte Lesezeit":"6\u00a0Minuten"},"schema":{"@context":"https:\/\/schema.org","@graph":[{"@type":"WebPage","@id":"https:\/\/revitapolis.com\/de\/die-regionen-in-italien\/umbrien\/die-provinz-perugia\/gubbio\/","url":"https:\/\/revitapolis.com\/de\/die-regionen-in-italien\/umbrien\/die-provinz-perugia\/gubbio\/","name":"Gubbio - Revitapolis - Infos + Projekte + Immobilien","isPartOf":{"@id":"https:\/\/revitapolis.com\/de\/#website"},"datePublished":"2022-03-15T09:32:00+00:00","dateModified":"2024-07-09T10:24:15+00:00","description":"Informationen zu dem Ort Gubbio f\u00fcr Unternehmen und Privatpersonen. Immobilien und Kultur- und Wirtschafts-Projekte zur Wiederbelebung","breadcrumb":{"@id":"https:\/\/revitapolis.com\/de\/die-regionen-in-italien\/umbrien\/die-provinz-perugia\/gubbio\/#breadcrumb"},"inLanguage":"de","potentialAction":[{"@type":"ReadAction","target":["https:\/\/revitapolis.com\/de\/die-regionen-in-italien\/umbrien\/die-provinz-perugia\/gubbio\/"]}]},{"@type":"BreadcrumbList","@id":"https:\/\/revitapolis.com\/de\/die-regionen-in-italien\/umbrien\/die-provinz-perugia\/gubbio\/#breadcrumb","itemListElement":[{"@type":"ListItem","position":1,"name":"Startseite","item":"https:\/\/revitapolis.com\/de\/"},{"@type":"ListItem","position":2,"name":"Italien","item":"https:\/\/revitapolis.com\/de\/die-regionen-in-italien\/"},{"@type":"ListItem","position":3,"name":"Umbrien","item":"https:\/\/revitapolis.com\/de\/die-regionen-in-italien\/umbrien\/"},{"@type":"ListItem","position":4,"name":"Provinz Perugia","item":"https:\/\/revitapolis.com\/de\/die-regionen-in-italien\/umbrien\/die-provinz-perugia\/"},{"@type":"ListItem","position":5,"name":"Gubbio"}]},{"@type":"WebSite","@id":"https:\/\/revitapolis.com\/de\/#website","url":"https:\/\/revitapolis.com\/de\/","name":"Revitapolis","description":"Wiederbelebung italienischer Orte","publisher":{"@id":"https:\/\/revitapolis.com\/de\/#organization"},"potentialAction":[{"@type":"SearchAction","target":{"@type":"EntryPoint","urlTemplate":"https:\/\/revitapolis.com\/de\/?s={search_term_string}"},"query-input":{"@type":"PropertyValueSpecification","valueRequired":true,"valueName":"search_term_string"}}],"inLanguage":"de"},{"@type":"Organization","@id":"https:\/\/revitapolis.com\/de\/#organization","name":"Revitapolis","url":"https:\/\/revitapolis.com\/de\/","logo":{"@type":"ImageObject","inLanguage":"de","@id":"https:\/\/revitapolis.com\/de\/#\/schema\/logo\/image\/","url":"https:\/\/revitapolis.com\/wp-content\/uploads\/2022\/03\/cropped-logo-revitapolis.jpg","contentUrl":"https:\/\/revitapolis.com\/wp-content\/uploads\/2022\/03\/cropped-logo-revitapolis.jpg","width":200,"height":91,"caption":"Revitapolis"},"image":{"@id":"https:\/\/revitapolis.com\/de\/#\/schema\/logo\/image\/"}}]}},"_links":{"self":[{"href":"https:\/\/revitapolis.com\/de\/wp-json\/wp\/v2\/pages\/81","targetHints":{"allow":["GET"]}}],"collection":[{"href":"https:\/\/revitapolis.com\/de\/wp-json\/wp\/v2\/pages"}],"about":[{"href":"https:\/\/revitapolis.com\/de\/wp-json\/wp\/v2\/types\/page"}],"author":[{"embeddable":true,"href":"https:\/\/revitapolis.com\/de\/wp-json\/wp\/v2\/users\/1"}],"replies":[{"embeddable":true,"href":"https:\/\/revitapolis.com\/de\/wp-json\/wp\/v2\/comments?post=81"}],"version-history":[{"count":8,"href":"https:\/\/revitapolis.com\/de\/wp-json\/wp\/v2\/pages\/81\/revisions"}],"predecessor-version":[{"id":5389,"href":"https:\/\/revitapolis.com\/de\/wp-json\/wp\/v2\/pages\/81\/revisions\/5389"}],"up":[{"embeddable":true,"href":"https:\/\/revitapolis.com\/de\/wp-json\/wp\/v2\/pages\/2993"}],"wp:attachment":[{"href":"https:\/\/revitapolis.com\/de\/wp-json\/wp\/v2\/media?parent=81"}],"curies":[{"name":"wp","href":"https:\/\/api.w.org\/{rel}","templated":true}]}}