{"id":4724,"date":"2023-05-08T08:52:09","date_gmt":"2023-05-08T08:52:09","guid":{"rendered":"https:\/\/revitapolis.com\/?page_id=4724"},"modified":"2023-05-11T06:10:11","modified_gmt":"2023-05-11T06:10:11","slug":"kueche","status":"publish","type":"page","link":"https:\/\/revitapolis.com\/de\/kultur\/kueche\/","title":{"rendered":"K\u00fcche"},"content":{"rendered":"\n<p>In diesem Artikel geben wir einen \u00dcberblick \u00fcber die italienische K\u00fcche und einige ihrer bekanntesten Gerichte. Revitapolis will die regionalen Besonderheiten der italienischen K\u00fcche f\u00f6rdern und sch\u00fctzen.<\/p>\n\n\n\n<figure class=\"wp-block-image size-full\"><img fetchpriority=\"high\" decoding=\"async\" width=\"640\" height=\"425\" src=\"https:\/\/revitapolis.com\/wp-content\/uploads\/2023\/05\/pasta-1181189_640.jpg\" alt=\"Die K\u00fcche in Italien\" class=\"wp-image-4738\" srcset=\"https:\/\/revitapolis.com\/wp-content\/uploads\/2023\/05\/pasta-1181189_640.jpg 640w, https:\/\/revitapolis.com\/wp-content\/uploads\/2023\/05\/pasta-1181189_640-300x199.jpg 300w\" sizes=\"(max-width: 640px) 100vw, 640px\" \/><\/figure>\n\n\n\n<h2 class=\"wp-block-heading\">Die italienische K\u00fcche<\/h2>\n\n\n\n<p>Die italienische K\u00fcche ist weltweit f\u00fcr ihre Vielfalt und Qualit\u00e4t bekannt. Von Pizza und Pasta sowie Gem\u00fcse bis hin zu feinen Fisch- und Fleischgerichten hat die italienische K\u00fcche f\u00fcr jeden Geschmack etwas zu bieten. Beeindruckend ist die regionale Vielfalt der Gerichte.<\/p>\n\n\n\n<p>Frische Zutaten und eine einfache Zubereitung sind die Basis der italienischen K\u00fcche. Viele Gerichte basieren auf Grundzutaten wie Oliven\u00f6l, Tomaten, Knoblauch, Parmesan und frischen Kr\u00e4utern wie Basilikum und Oregano.<\/p>\n\n\n\n<p>Zu den bekanntesten Gerichten geh\u00f6rt die Pizza. Die Pizza hat ihren Ursprung in Neapel und wird traditionell mit Tomatensauce, Mozzarella und verschiedenen Bel\u00e4gen wie Schinken, Pilzen oder Oliven belegt. Es gibt unz\u00e4hlige Varianten von Pizza, darunter die ber\u00fchmte Pizza Margherita, die mit Tomaten, Mozzarella und Basilikum belegt wird.<\/p>\n\n\n\n<p>Eine weitere ber\u00fchmte Spezialit\u00e4t ist die Pasta. Von Spaghetti und Linguine bis hin zu Penne und Lasagne gibt es eine Vielzahl von Nudelsorten, die mit verschiedenen Saucen und Beilagen serviert werden k\u00f6nnen. Die italienische Pasta wird oft mit frischen Zutaten wie Tomaten, Knoblauch und Basilikum zubereitet.<\/p>\n\n\n\n<p>Risotto, ein cremiger Reis, der mit Gem\u00fcse, Fisch oder Fleisch zubereitet wird, ist insbesondere im Norden ein typischen Gericht. Ein Risotto wird oft mit Parmesan und Butter verfeinert.<\/p>\n\n\n\n<p>Fischgerichte sind in Italien auch weit verbreitet. Eine beliebte Spezialit\u00e4t ist die Fritto Misto, eine Mischung aus frittiertem Fisch und Meeresfr\u00fcchten. Auch die Spaghetti alle Vongole, Nudeln mit Venusmuscheln und Knoblauch, sind ein Klassiker der italienischen K\u00fcche.<\/p>\n\n\n\n<p>Zu den Desserts geh\u00f6rt in Italien Tiramisu, ein luftiges Dessert aus Mascarpone, Kaffee und L\u00f6ffelbiskuits. Ein weiteres bekanntes Dessert ist Panna Cotta, eine cremige Vanillepudding mit einer Sauce aus frischen Fr\u00fcchten.<\/p>\n\n\n\n<h2 class=\"wp-block-heading\">Die Bedeutung f\u00fcr Italien<\/h2>\n\n\n\n<p>Die italienische K\u00fcche hat einen bedeutenden Einfluss auf die italienische Kultur und spielt eine wichtige Rolle im t\u00e4glichen Leben der Italiener. Sie ist nicht nur ein integraler Bestandteil der italienischen Esskultur, sondern auch ein wichtiger Teil der italienischen Identit\u00e4t und Geschichte.<\/p>\n\n\n\n<p>Die italienische K\u00fcche wird seit Jahrhunderten von Generation zu Generation weitergegeben und hat eine Vielzahl regionaler Variationen hervorgebracht. Die Zubereitung von Speisen und die gemeinsame Mahlzeit mit der Familie oder Freunden sind wichtige soziale Rituale in Italien. Es ist \u00fcblich, dass Familien und Freunde gemeinsam kochen und essen und dabei miteinander sprechen und Zeit miteinander verbringen.<\/p>\n\n\n\n<p>Dar\u00fcber hinaus hat die italienische K\u00fcche auch wirtschaftliche Auswirkungen auf die italienische Kultur. Italienische Restaurants und Caf\u00e9s sind in vielen L\u00e4ndern der Welt zu finden und tragen dazu bei, die italienische K\u00fcche und Kultur global zu verbreiten.<\/p>\n\n\n\n<p>Die italienische K\u00fcche hat auch einen gro\u00dfen Einfluss auf die italienische Kunst und Kultur. Viele ber\u00fchmte italienische Kunstwerke und literarische Werke, wie z.B. Leonardo da Vincis &#8222;Das Abendmahl&#8220;, zeigen die Bedeutung von Essen und Mahlzeiten in der italienischen Kultur. Auch in der italienischen Literatur finden sich zahlreiche Werke, die die italienische K\u00fcche und Esskultur beschreiben und w\u00fcrdigen.<\/p>\n\n\n\n<p>Insgesamt hat die italienische K\u00fcche einen gro\u00dfen Einfluss auf die italienische Kultur und Identit\u00e4t. Sie ist ein wichtiger Teil des t\u00e4glichen Lebens und hat dazu beigetragen, die italienische Kultur und Identit\u00e4t weltweit bekannt zu machen.<\/p>\n","protected":false},"excerpt":{"rendered":"<p>In diesem Artikel geben wir einen \u00dcberblick \u00fcber die italienische K\u00fcche und einige ihrer bekanntesten Gerichte. Revitapolis will die regionalen Besonderheiten der italienischen K\u00fcche f\u00f6rdern und sch\u00fctzen. Die italienische K\u00fcche Die italienische K\u00fcche ist weltweit f\u00fcr ihre Vielfalt und Qualit\u00e4t bekannt. Von Pizza und Pasta sowie Gem\u00fcse bis hin zu feinen Fisch- und Fleischgerichten hat [&hellip;]<\/p>\n","protected":false},"author":1,"featured_media":0,"parent":1275,"menu_order":0,"comment_status":"closed","ping_status":"closed","template":"","meta":{"_acf_changed":false,"om_disable_all_campaigns":false,"_monsterinsights_skip_tracking":false,"_monsterinsights_sitenote_active":false,"_monsterinsights_sitenote_note":"","_monsterinsights_sitenote_category":0,"ocean_post_layout":"","ocean_both_sidebars_style":"","ocean_both_sidebars_content_width":0,"ocean_both_sidebars_sidebars_width":0,"ocean_sidebar":"0","ocean_second_sidebar":"0","ocean_disable_margins":"enable","ocean_add_body_class":"","ocean_shortcode_before_top_bar":"","ocean_shortcode_after_top_bar":"","ocean_shortcode_before_header":"","ocean_shortcode_after_header":"","ocean_has_shortcode":"","ocean_shortcode_after_title":"","ocean_shortcode_before_footer_widgets":"","ocean_shortcode_after_footer_widgets":"","ocean_shortcode_before_footer_bottom":"","ocean_shortcode_after_footer_bottom":"","ocean_display_top_bar":"default","ocean_display_header":"default","ocean_header_style":"","ocean_center_header_left_menu":"0","ocean_custom_header_template":"0","ocean_custom_logo":0,"ocean_custom_retina_logo":0,"ocean_custom_logo_max_width":0,"ocean_custom_logo_tablet_max_width":0,"ocean_custom_logo_mobile_max_width":0,"ocean_custom_logo_max_height":0,"ocean_custom_logo_tablet_max_height":0,"ocean_custom_logo_mobile_max_height":0,"ocean_header_custom_menu":"0","ocean_menu_typo_font_family":"0","ocean_menu_typo_font_subset":"","ocean_menu_typo_font_size":0,"ocean_menu_typo_font_size_tablet":0,"ocean_menu_typo_font_size_mobile":0,"ocean_menu_typo_font_size_unit":"px","ocean_menu_typo_font_weight":"","ocean_menu_typo_font_weight_tablet":"","ocean_menu_typo_font_weight_mobile":"","ocean_menu_typo_transform":"","ocean_menu_typo_transform_tablet":"","ocean_menu_typo_transform_mobile":"","ocean_menu_typo_line_height":0,"ocean_menu_typo_line_height_tablet":0,"ocean_menu_typo_line_height_mobile":0,"ocean_menu_typo_line_height_unit":"","ocean_menu_typo_spacing":0,"ocean_menu_typo_spacing_tablet":0,"ocean_menu_typo_spacing_mobile":0,"ocean_menu_typo_spacing_unit":"","ocean_menu_link_color":"","ocean_menu_link_color_hover":"","ocean_menu_link_color_active":"","ocean_menu_link_background":"","ocean_menu_link_hover_background":"","ocean_menu_link_active_background":"","ocean_menu_social_links_bg":"","ocean_menu_social_hover_links_bg":"","ocean_menu_social_links_color":"","ocean_menu_social_hover_links_color":"","ocean_disable_title":"default","ocean_disable_heading":"default","ocean_post_title":"","ocean_post_subheading":"","ocean_post_title_style":"","ocean_post_title_background_color":"","ocean_post_title_background":0,"ocean_post_title_bg_image_position":"","ocean_post_title_bg_image_attachment":"","ocean_post_title_bg_image_repeat":"","ocean_post_title_bg_image_size":"","ocean_post_title_height":0,"ocean_post_title_bg_overlay":0.5,"ocean_post_title_bg_overlay_color":"","ocean_disable_breadcrumbs":"default","ocean_breadcrumbs_color":"","ocean_breadcrumbs_separator_color":"","ocean_breadcrumbs_links_color":"","ocean_breadcrumbs_links_hover_color":"","ocean_display_footer_widgets":"default","ocean_display_footer_bottom":"default","ocean_custom_footer_template":"0","footnotes":""},"class_list":["post-4724","page","type-page","status-publish","hentry","entry"],"acf":[],"yoast_head":"<!-- This site is optimized with the Yoast SEO plugin v27.3 - https:\/\/yoast.com\/product\/yoast-seo-wordpress\/ -->\n<title>K\u00fcche - Revitapolis<\/title>\n<meta name=\"description\" content=\"Revitapolis stellt hier Italien und seine K\u00fcche vor. Die italienische K\u00fcche ist ein wichtiger Bestandteil der Kultur in Italien.\" \/>\n<meta name=\"robots\" content=\"index, follow, max-snippet:-1, max-image-preview:large, max-video-preview:-1\" \/>\n<link rel=\"canonical\" href=\"https:\/\/revitapolis.com\/de\/kultur\/kueche\/\" \/>\n<meta property=\"og:locale\" content=\"de_DE\" \/>\n<meta property=\"og:type\" content=\"article\" \/>\n<meta property=\"og:title\" content=\"K\u00fcche - Revitapolis\" \/>\n<meta property=\"og:description\" content=\"Revitapolis stellt hier Italien und seine K\u00fcche vor. Die italienische K\u00fcche ist ein wichtiger Bestandteil der Kultur in Italien.\" \/>\n<meta property=\"og:url\" content=\"https:\/\/revitapolis.com\/de\/kultur\/kueche\/\" \/>\n<meta property=\"og:site_name\" content=\"Revitapolis\" \/>\n<meta property=\"article:modified_time\" content=\"2023-05-11T06:10:11+00:00\" \/>\n<meta property=\"og:image\" content=\"https:\/\/revitapolis.com\/wp-content\/uploads\/2023\/05\/pasta-1181189_640.jpg\" \/>\n<meta name=\"twitter:card\" content=\"summary_large_image\" \/>\n<meta name=\"twitter:label1\" content=\"Gesch\u00e4tzte Lesezeit\" \/>\n\t<meta name=\"twitter:data1\" content=\"4\u00a0Minuten\" \/>\n<script type=\"application\/ld+json\" class=\"yoast-schema-graph\">{\"@context\":\"https:\\\/\\\/schema.org\",\"@graph\":[{\"@type\":\"WebPage\",\"@id\":\"https:\\\/\\\/revitapolis.com\\\/de\\\/kultur\\\/kueche\\\/\",\"url\":\"https:\\\/\\\/revitapolis.com\\\/de\\\/kultur\\\/kueche\\\/\",\"name\":\"K\u00fcche - Revitapolis\",\"isPartOf\":{\"@id\":\"https:\\\/\\\/revitapolis.com\\\/de\\\/#website\"},\"primaryImageOfPage\":{\"@id\":\"https:\\\/\\\/revitapolis.com\\\/de\\\/kultur\\\/kueche\\\/#primaryimage\"},\"image\":{\"@id\":\"https:\\\/\\\/revitapolis.com\\\/de\\\/kultur\\\/kueche\\\/#primaryimage\"},\"thumbnailUrl\":\"https:\\\/\\\/revitapolis.com\\\/wp-content\\\/uploads\\\/2023\\\/05\\\/pasta-1181189_640.jpg\",\"datePublished\":\"2023-05-08T08:52:09+00:00\",\"dateModified\":\"2023-05-11T06:10:11+00:00\",\"description\":\"Revitapolis stellt hier Italien und seine K\u00fcche vor. Die italienische K\u00fcche ist ein wichtiger Bestandteil der Kultur in Italien.\",\"breadcrumb\":{\"@id\":\"https:\\\/\\\/revitapolis.com\\\/de\\\/kultur\\\/kueche\\\/#breadcrumb\"},\"inLanguage\":\"de\",\"potentialAction\":[{\"@type\":\"ReadAction\",\"target\":[\"https:\\\/\\\/revitapolis.com\\\/de\\\/kultur\\\/kueche\\\/\"]}]},{\"@type\":\"ImageObject\",\"inLanguage\":\"de\",\"@id\":\"https:\\\/\\\/revitapolis.com\\\/de\\\/kultur\\\/kueche\\\/#primaryimage\",\"url\":\"https:\\\/\\\/revitapolis.com\\\/wp-content\\\/uploads\\\/2023\\\/05\\\/pasta-1181189_640.jpg\",\"contentUrl\":\"https:\\\/\\\/revitapolis.com\\\/wp-content\\\/uploads\\\/2023\\\/05\\\/pasta-1181189_640.jpg\"},{\"@type\":\"BreadcrumbList\",\"@id\":\"https:\\\/\\\/revitapolis.com\\\/de\\\/kultur\\\/kueche\\\/#breadcrumb\",\"itemListElement\":[{\"@type\":\"ListItem\",\"position\":1,\"name\":\"Startseite\",\"item\":\"https:\\\/\\\/revitapolis.com\\\/de\\\/\"},{\"@type\":\"ListItem\",\"position\":2,\"name\":\"Kultur\",\"item\":\"https:\\\/\\\/revitapolis.com\\\/de\\\/kultur\\\/\"},{\"@type\":\"ListItem\",\"position\":3,\"name\":\"K\u00fcche\"}]},{\"@type\":\"WebSite\",\"@id\":\"https:\\\/\\\/revitapolis.com\\\/de\\\/#website\",\"url\":\"https:\\\/\\\/revitapolis.com\\\/de\\\/\",\"name\":\"Revitapolis\",\"description\":\"Wiederbelebung italienischer Orte\",\"publisher\":{\"@id\":\"https:\\\/\\\/revitapolis.com\\\/de\\\/#organization\"},\"potentialAction\":[{\"@type\":\"SearchAction\",\"target\":{\"@type\":\"EntryPoint\",\"urlTemplate\":\"https:\\\/\\\/revitapolis.com\\\/de\\\/?s={search_term_string}\"},\"query-input\":{\"@type\":\"PropertyValueSpecification\",\"valueRequired\":true,\"valueName\":\"search_term_string\"}}],\"inLanguage\":\"de\"},{\"@type\":\"Organization\",\"@id\":\"https:\\\/\\\/revitapolis.com\\\/de\\\/#organization\",\"name\":\"Revitapolis\",\"url\":\"https:\\\/\\\/revitapolis.com\\\/de\\\/\",\"logo\":{\"@type\":\"ImageObject\",\"inLanguage\":\"de\",\"@id\":\"https:\\\/\\\/revitapolis.com\\\/de\\\/#\\\/schema\\\/logo\\\/image\\\/\",\"url\":\"https:\\\/\\\/revitapolis.com\\\/wp-content\\\/uploads\\\/2022\\\/03\\\/cropped-logo-revitapolis.jpg\",\"contentUrl\":\"https:\\\/\\\/revitapolis.com\\\/wp-content\\\/uploads\\\/2022\\\/03\\\/cropped-logo-revitapolis.jpg\",\"width\":200,\"height\":91,\"caption\":\"Revitapolis\"},\"image\":{\"@id\":\"https:\\\/\\\/revitapolis.com\\\/de\\\/#\\\/schema\\\/logo\\\/image\\\/\"}}]}<\/script>\n<!-- \/ Yoast SEO plugin. -->","yoast_head_json":{"title":"K\u00fcche - Revitapolis","description":"Revitapolis stellt hier Italien und seine K\u00fcche vor. Die italienische K\u00fcche ist ein wichtiger Bestandteil der Kultur in Italien.","robots":{"index":"index","follow":"follow","max-snippet":"max-snippet:-1","max-image-preview":"max-image-preview:large","max-video-preview":"max-video-preview:-1"},"canonical":"https:\/\/revitapolis.com\/de\/kultur\/kueche\/","og_locale":"de_DE","og_type":"article","og_title":"K\u00fcche - Revitapolis","og_description":"Revitapolis stellt hier Italien und seine K\u00fcche vor. Die italienische K\u00fcche ist ein wichtiger Bestandteil der Kultur in Italien.","og_url":"https:\/\/revitapolis.com\/de\/kultur\/kueche\/","og_site_name":"Revitapolis","article_modified_time":"2023-05-11T06:10:11+00:00","og_image":[{"url":"https:\/\/revitapolis.com\/wp-content\/uploads\/2023\/05\/pasta-1181189_640.jpg","type":"","width":"","height":""}],"twitter_card":"summary_large_image","twitter_misc":{"Gesch\u00e4tzte Lesezeit":"4\u00a0Minuten"},"schema":{"@context":"https:\/\/schema.org","@graph":[{"@type":"WebPage","@id":"https:\/\/revitapolis.com\/de\/kultur\/kueche\/","url":"https:\/\/revitapolis.com\/de\/kultur\/kueche\/","name":"K\u00fcche - Revitapolis","isPartOf":{"@id":"https:\/\/revitapolis.com\/de\/#website"},"primaryImageOfPage":{"@id":"https:\/\/revitapolis.com\/de\/kultur\/kueche\/#primaryimage"},"image":{"@id":"https:\/\/revitapolis.com\/de\/kultur\/kueche\/#primaryimage"},"thumbnailUrl":"https:\/\/revitapolis.com\/wp-content\/uploads\/2023\/05\/pasta-1181189_640.jpg","datePublished":"2023-05-08T08:52:09+00:00","dateModified":"2023-05-11T06:10:11+00:00","description":"Revitapolis stellt hier Italien und seine K\u00fcche vor. Die italienische K\u00fcche ist ein wichtiger Bestandteil der Kultur in Italien.","breadcrumb":{"@id":"https:\/\/revitapolis.com\/de\/kultur\/kueche\/#breadcrumb"},"inLanguage":"de","potentialAction":[{"@type":"ReadAction","target":["https:\/\/revitapolis.com\/de\/kultur\/kueche\/"]}]},{"@type":"ImageObject","inLanguage":"de","@id":"https:\/\/revitapolis.com\/de\/kultur\/kueche\/#primaryimage","url":"https:\/\/revitapolis.com\/wp-content\/uploads\/2023\/05\/pasta-1181189_640.jpg","contentUrl":"https:\/\/revitapolis.com\/wp-content\/uploads\/2023\/05\/pasta-1181189_640.jpg"},{"@type":"BreadcrumbList","@id":"https:\/\/revitapolis.com\/de\/kultur\/kueche\/#breadcrumb","itemListElement":[{"@type":"ListItem","position":1,"name":"Startseite","item":"https:\/\/revitapolis.com\/de\/"},{"@type":"ListItem","position":2,"name":"Kultur","item":"https:\/\/revitapolis.com\/de\/kultur\/"},{"@type":"ListItem","position":3,"name":"K\u00fcche"}]},{"@type":"WebSite","@id":"https:\/\/revitapolis.com\/de\/#website","url":"https:\/\/revitapolis.com\/de\/","name":"Revitapolis","description":"Wiederbelebung italienischer Orte","publisher":{"@id":"https:\/\/revitapolis.com\/de\/#organization"},"potentialAction":[{"@type":"SearchAction","target":{"@type":"EntryPoint","urlTemplate":"https:\/\/revitapolis.com\/de\/?s={search_term_string}"},"query-input":{"@type":"PropertyValueSpecification","valueRequired":true,"valueName":"search_term_string"}}],"inLanguage":"de"},{"@type":"Organization","@id":"https:\/\/revitapolis.com\/de\/#organization","name":"Revitapolis","url":"https:\/\/revitapolis.com\/de\/","logo":{"@type":"ImageObject","inLanguage":"de","@id":"https:\/\/revitapolis.com\/de\/#\/schema\/logo\/image\/","url":"https:\/\/revitapolis.com\/wp-content\/uploads\/2022\/03\/cropped-logo-revitapolis.jpg","contentUrl":"https:\/\/revitapolis.com\/wp-content\/uploads\/2022\/03\/cropped-logo-revitapolis.jpg","width":200,"height":91,"caption":"Revitapolis"},"image":{"@id":"https:\/\/revitapolis.com\/de\/#\/schema\/logo\/image\/"}}]}},"_links":{"self":[{"href":"https:\/\/revitapolis.com\/de\/wp-json\/wp\/v2\/pages\/4724","targetHints":{"allow":["GET"]}}],"collection":[{"href":"https:\/\/revitapolis.com\/de\/wp-json\/wp\/v2\/pages"}],"about":[{"href":"https:\/\/revitapolis.com\/de\/wp-json\/wp\/v2\/types\/page"}],"author":[{"embeddable":true,"href":"https:\/\/revitapolis.com\/de\/wp-json\/wp\/v2\/users\/1"}],"replies":[{"embeddable":true,"href":"https:\/\/revitapolis.com\/de\/wp-json\/wp\/v2\/comments?post=4724"}],"version-history":[{"count":4,"href":"https:\/\/revitapolis.com\/de\/wp-json\/wp\/v2\/pages\/4724\/revisions"}],"predecessor-version":[{"id":4771,"href":"https:\/\/revitapolis.com\/de\/wp-json\/wp\/v2\/pages\/4724\/revisions\/4771"}],"up":[{"embeddable":true,"href":"https:\/\/revitapolis.com\/de\/wp-json\/wp\/v2\/pages\/1275"}],"wp:attachment":[{"href":"https:\/\/revitapolis.com\/de\/wp-json\/wp\/v2\/media?parent=4724"}],"curies":[{"name":"wp","href":"https:\/\/api.w.org\/{rel}","templated":true}]}}