{"id":455,"date":"2022-03-22T19:21:02","date_gmt":"2022-03-22T19:21:02","guid":{"rendered":"https:\/\/revitapolis.com\/?page_id=455"},"modified":"2024-05-02T06:06:48","modified_gmt":"2024-05-02T06:06:48","slug":"firmenvorlage","status":"publish","type":"page","link":"https:\/\/revitapolis.com\/de\/informationen\/informationen-fuer-sponsoren\/firmenvorlage\/","title":{"rendered":"Sponsorenvorlage"},"content":{"rendered":"\n<div style=\"height:24px\" aria-hidden=\"true\" class=\"wp-block-spacer\"><\/div>\n\n\n\n<p>&#8212;&#8212; <em>Herzlich Willkommen!<\/em> &#8212;&#8212;<\/p>\n\n\n\n<h1 class=\"has-text-color has-background has-medium-font-size wp-block-heading\" style=\"background-color:#505050;color:#eed388;font-style:normal;font-weight:100;text-transform:uppercase\">Branche: <\/h1>\n\n\n\n<h2 class=\"has-background has-medium-font-size wp-block-heading\" style=\"background-color:#ebebeb;font-style:normal;font-weight:100;text-transform:uppercase\">Firmierung + Adresse: <\/h2>\n\n\n\n<p class=\"has-text-align-left\"><strong>Kontakt: <\/strong><em>Telefon, E-Mail, Fax, Internet &#8230;..<\/em><\/p>\n\n\n\n<hr class=\"wp-block-separator has-css-opacity\"\/>\n\n\n\n<div class=\"wp-block-columns are-vertically-aligned-top border-fotos-firmen is-layout-flex wp-container-core-columns-is-layout-9d6595d7 wp-block-columns-is-layout-flex\">\n<div class=\"wp-block-column is-vertically-aligned-top is-layout-flow wp-block-column-is-layout-flow\">\n<figure class=\"wp-block-image size-large\"><img fetchpriority=\"high\" decoding=\"async\" width=\"1024\" height=\"1024\" src=\"https:\/\/revitapolis.com\/wp-content\/uploads\/2022\/03\/20211115_1517304300222055229622584-edited-1024x1024.jpg\" alt=\"\" class=\"wp-image-529\" srcset=\"https:\/\/revitapolis.com\/wp-content\/uploads\/2022\/03\/20211115_1517304300222055229622584-edited-1024x1024.jpg 1024w, https:\/\/revitapolis.com\/wp-content\/uploads\/2022\/03\/20211115_1517304300222055229622584-edited-300x300.jpg 300w, https:\/\/revitapolis.com\/wp-content\/uploads\/2022\/03\/20211115_1517304300222055229622584-edited-150x150.jpg 150w, https:\/\/revitapolis.com\/wp-content\/uploads\/2022\/03\/20211115_1517304300222055229622584-edited-768x767.jpg 768w, https:\/\/revitapolis.com\/wp-content\/uploads\/2022\/03\/20211115_1517304300222055229622584-edited-1536x1536.jpg 1536w, https:\/\/revitapolis.com\/wp-content\/uploads\/2022\/03\/20211115_1517304300222055229622584-edited-2048x2046.jpg 2048w\" sizes=\"(max-width: 1024px) 100vw, 1024px\" \/><figcaption>Beschriftung Bild 1<\/figcaption><\/figure>\n<\/div>\n\n\n\n<div class=\"wp-block-column is-vertically-aligned-top is-layout-flow wp-block-column-is-layout-flow\">\n<figure class=\"wp-block-image size-large\"><img decoding=\"async\" width=\"1024\" height=\"1024\" src=\"https:\/\/revitapolis.com\/wp-content\/uploads\/2022\/03\/20211106_1745373143064840718337655-edited-1024x1024.jpg\" alt=\"\" class=\"wp-image-530\" srcset=\"https:\/\/revitapolis.com\/wp-content\/uploads\/2022\/03\/20211106_1745373143064840718337655-edited-1024x1024.jpg 1024w, https:\/\/revitapolis.com\/wp-content\/uploads\/2022\/03\/20211106_1745373143064840718337655-edited-300x300.jpg 300w, https:\/\/revitapolis.com\/wp-content\/uploads\/2022\/03\/20211106_1745373143064840718337655-edited-150x150.jpg 150w, https:\/\/revitapolis.com\/wp-content\/uploads\/2022\/03\/20211106_1745373143064840718337655-edited-768x767.jpg 768w, https:\/\/revitapolis.com\/wp-content\/uploads\/2022\/03\/20211106_1745373143064840718337655-edited-1536x1536.jpg 1536w, https:\/\/revitapolis.com\/wp-content\/uploads\/2022\/03\/20211106_1745373143064840718337655-edited-2048x2046.jpg 2048w\" sizes=\"(max-width: 1024px) 100vw, 1024px\" \/><figcaption>Beschriftung Bild 2<\/figcaption><\/figure>\n<\/div>\n\n\n\n<div class=\"wp-block-column is-vertically-aligned-top is-layout-flow wp-block-column-is-layout-flow\">\n<figure class=\"wp-block-image size-large\"><img decoding=\"async\" width=\"1024\" height=\"1024\" src=\"https:\/\/revitapolis.com\/wp-content\/uploads\/2022\/03\/20211107_0734511777519812952969171-edited-1-1024x1024.jpg\" alt=\"Revitopolis\" class=\"wp-image-538\" srcset=\"https:\/\/revitapolis.com\/wp-content\/uploads\/2022\/03\/20211107_0734511777519812952969171-edited-1-1024x1024.jpg 1024w, https:\/\/revitapolis.com\/wp-content\/uploads\/2022\/03\/20211107_0734511777519812952969171-edited-1-300x300.jpg 300w, https:\/\/revitapolis.com\/wp-content\/uploads\/2022\/03\/20211107_0734511777519812952969171-edited-1-150x150.jpg 150w, https:\/\/revitapolis.com\/wp-content\/uploads\/2022\/03\/20211107_0734511777519812952969171-edited-1-768x769.jpg 768w, https:\/\/revitapolis.com\/wp-content\/uploads\/2022\/03\/20211107_0734511777519812952969171-edited-1-1536x1536.jpg 1536w, https:\/\/revitapolis.com\/wp-content\/uploads\/2022\/03\/20211107_0734511777519812952969171-edited-1-2046x2048.jpg 2046w\" sizes=\"(max-width: 1024px) 100vw, 1024px\" \/><figcaption>Beschriftung Bild 3<\/figcaption><\/figure>\n<\/div>\n<\/div>\n\n\n\n<hr class=\"wp-block-separator has-css-opacity\"\/>\n\n\n\n<h2 class=\"has-text-align-left has-text-color wp-block-heading\" style=\"color:#0078bd;font-style:normal;font-weight:100\">Firmenbeschreibung:<\/h2>\n\n\n\n<p class=\"has-black-color has-text-color\">Lorem ipsum dolor sit amet, consetetur sadipscing elitr, sed diam nonumy eirmod tempor invidunt ut labore et dolore magna aliquyam erat, sed diam voluptua. At vero eos et accusam et justo duo dolores et ea rebum. Stet clita kasd gubergren, no sea takimata sanctus est Lorem ipsum dolor sit amet. Lorem ipsum dolor sit amet, consetetur sadipscing elitr, sed diam nonumy eirmod tempor invidunt ut labore et dolore magna aliquyam erat, sed diam voluptua. At vero eos et accusam et justo duo dolores et ea rebum. Stet clita kasd gubergren, no sea takimata sanctus est Lorem ipsum dolor sit amet.<\/p>\n\n\n\n<h2 class=\"has-text-align-left has-text-color wp-block-heading\" style=\"color:#0078bd;font-style:normal;font-weight:100\">Stellenangebote:<\/h2>\n\n\n\n<p class=\"has-black-color has-text-color\">Lorem ipsum dolor sit amet, consetetur sadipscing elitr, sed diam nonumy eirmod tempor invidunt ut labore et dolore magna aliquyam erat, sed diam voluptua. At vero eos et accusam et justo duo dolores et ea rebum. Stet clita kasd gubergren, no sea takimata sanctus est Lorem ipsum dolor sit amet. Lorem ipsum dolor sit amet, consetetur sadipscing elitr, sed diam nonumy eirmod tempor invidunt ut labore et dolore magna aliquyam erat, sed diam voluptua. At vero eos et accusam et justo duo dolores et ea rebum. Stet clita kasd gubergren, no sea takimata sanctus est Lorem ipsum dolor sit amet.<\/p>\n\n\n\n<h3 class=\"has-text-color wp-block-heading\" style=\"color:#0070b1;font-style:normal;font-weight:100\">\u00d6ffnungszeiten:<\/h3>\n\n\n\n<p>Montag bis Freitag: 09:00 bis 17:00 durchgehend | Samstag: 09:00 bis 13:00<\/p>\n\n\n\n<div style=\"height:21px\" aria-hidden=\"true\" class=\"wp-block-spacer\"><\/div>\n\n\n\n<h2 class=\"has-text-color has-background has-medium-font-size wp-block-heading\" style=\"background-color:#505050;color:#eed388;font-style:normal;font-weight:100;text-transform:uppercase\">Online-Bestellung: <\/h2>\n\n\n\n<div style=\"height:10px\" aria-hidden=\"true\" class=\"wp-block-spacer\"><\/div>\n\n\n\n<p class=\"has-drop-cap has-black-color has-text-color\" style=\"font-size:15px;font-style:normal;font-weight:100\">Gerne k\u00f6nnen Sie unsere Produkte hier hier online bestellen. F\u00fcllen sie einfach das Formular aus und senden dies an uns. Sie erhalten im Anschluss per E-Mail die Rechnung zu ihrer Bestellung, welche sie durch \u00dcberweisung begleichen. Nach Zahlungseingang wird die Ware innerhalb von 48 Stunden verschickt. <\/p>\n\n\n\n<div style=\"height:10px\" aria-hidden=\"true\" class=\"wp-block-spacer\"><\/div>\n\n\n\n<hr>\n\n\n\n<div class=\"wp-block-columns is-layout-flex wp-container-core-columns-is-layout-9d6595d7 wp-block-columns-is-layout-flex\">\n<div class=\"wp-block-column is-layout-flow wp-block-column-is-layout-flow\" style=\"flex-basis:100%\"><p>[wpforms id=&#8220;1907&#8243;]<\/p>\n<\/div>\n<\/div>\n\n\n\n<div style=\"height:20px\" aria-hidden=\"true\" class=\"wp-block-spacer\"><\/div>\n\n\n\n<h3 class=\"has-text-color wp-block-heading\" style=\"color:#0078bd;font-style:normal;font-weight:100\">Anfahrt &#8211; hier finden sie uns!<\/h3>\n\n\n\n<p>Nutzen sie Google-Maps um ihre Fahrt zu uns zu panen. Google-Maps ist aus datenschutzrechtlichen Gr\u00fcnden noch nicht geladen. Sie m\u00fcssen die Ladung von Google-Maps aktiv ansto\u00dfen. In der Folge akzeptieren Sie dann durch ein sog. durch ein Opt-in-Verfahren in vollem Umfang die Nutzungsbedingungen von Google-Maps. Wir weisen darauf hin, dass Google-Produkte Cookies setzen. Surfdaten der Nutzer werden aufgezeichnet und z.B. f\u00fcr Marketing- und Werbezwecke benutzt. Falls Sie das nicht wollen, sollten sie Google-Maps nicht laden. Sehen Sie hierzu bitte auch unsere [ Datenschutzerkl\u00e4rung ] an.<\/p>\n\n\n\n<button onclick=\"maps_on()\">Google-Maps-Laden<\/button>\n\n\n\n<div style=\"height:10px\" aria-hidden=\"true\" class=\"wp-block-spacer\"><\/div>\n\n\n\n<div id=\"maps\"><\/div>\n\n\n\n<div style=\"height:33px\" aria-hidden=\"true\" class=\"wp-block-spacer\"><\/div>\n\n\n\n<h3 class=\"has-text-align-center has-black-color has-text-color has-background has-medium-font-size wp-block-heading\" style=\"background-color:#dedede;font-style:normal;font-weight:100;text-transform:uppercase\">Ihre FiRMA IN XY f\u00fcr ABC<\/h3>\n\n\n\n<hr style=\"border: 0; height: 1px; background-image: linear-gradient(to right, rgba(0, 0, 0, 0), rgba(0, 0, 0, 0.75), rgba(0, 0, 0, 0));\">\n\n\n\n<div style=\"height:43px\" aria-hidden=\"true\" class=\"wp-block-spacer\"><\/div>\n","protected":false},"excerpt":{"rendered":"<p>&#8212;&#8212; Herzlich Willkommen! &#8212;&#8212; Branche: Firmierung + Adresse: Kontakt: Telefon, E-Mail, Fax, Internet &#8230;.. Firmenbeschreibung: Lorem ipsum dolor sit amet, consetetur sadipscing elitr, sed diam nonumy eirmod tempor invidunt ut labore et dolore magna aliquyam erat, sed diam voluptua. At vero eos et accusam et justo duo dolores et ea rebum. Stet clita kasd gubergren, [&hellip;]<\/p>\n","protected":false},"author":1,"featured_media":0,"parent":34,"menu_order":0,"comment_status":"closed","ping_status":"closed","template":"","meta":{"_acf_changed":false,"om_disable_all_campaigns":false,"_monsterinsights_skip_tracking":false,"_monsterinsights_sitenote_active":false,"_monsterinsights_sitenote_note":"","_monsterinsights_sitenote_category":0,"ocean_post_layout":"","ocean_both_sidebars_style":"","ocean_both_sidebars_content_width":0,"ocean_both_sidebars_sidebars_width":0,"ocean_sidebar":"0","ocean_second_sidebar":"0","ocean_disable_margins":"enable","ocean_add_body_class":"","ocean_shortcode_before_top_bar":"","ocean_shortcode_after_top_bar":"","ocean_shortcode_before_header":"","ocean_shortcode_after_header":"","ocean_has_shortcode":"","ocean_shortcode_after_title":"","ocean_shortcode_before_footer_widgets":"","ocean_shortcode_after_footer_widgets":"","ocean_shortcode_before_footer_bottom":"","ocean_shortcode_after_footer_bottom":"","ocean_display_top_bar":"default","ocean_display_header":"default","ocean_header_style":"","ocean_center_header_left_menu":"0","ocean_custom_header_template":"0","ocean_custom_logo":0,"ocean_custom_retina_logo":0,"ocean_custom_logo_max_width":0,"ocean_custom_logo_tablet_max_width":0,"ocean_custom_logo_mobile_max_width":0,"ocean_custom_logo_max_height":0,"ocean_custom_logo_tablet_max_height":0,"ocean_custom_logo_mobile_max_height":0,"ocean_header_custom_menu":"0","ocean_menu_typo_font_family":"0","ocean_menu_typo_font_subset":"","ocean_menu_typo_font_size":0,"ocean_menu_typo_font_size_tablet":0,"ocean_menu_typo_font_size_mobile":0,"ocean_menu_typo_font_size_unit":"px","ocean_menu_typo_font_weight":"","ocean_menu_typo_font_weight_tablet":"","ocean_menu_typo_font_weight_mobile":"","ocean_menu_typo_transform":"","ocean_menu_typo_transform_tablet":"","ocean_menu_typo_transform_mobile":"","ocean_menu_typo_line_height":0,"ocean_menu_typo_line_height_tablet":0,"ocean_menu_typo_line_height_mobile":0,"ocean_menu_typo_line_height_unit":"","ocean_menu_typo_spacing":0,"ocean_menu_typo_spacing_tablet":0,"ocean_menu_typo_spacing_mobile":0,"ocean_menu_typo_spacing_unit":"","ocean_menu_link_color":"","ocean_menu_link_color_hover":"","ocean_menu_link_color_active":"","ocean_menu_link_background":"","ocean_menu_link_hover_background":"","ocean_menu_link_active_background":"","ocean_menu_social_links_bg":"","ocean_menu_social_hover_links_bg":"","ocean_menu_social_links_color":"","ocean_menu_social_hover_links_color":"","ocean_disable_title":"default","ocean_disable_heading":"default","ocean_post_title":"","ocean_post_subheading":"","ocean_post_title_style":"","ocean_post_title_background_color":"","ocean_post_title_background":0,"ocean_post_title_bg_image_position":"","ocean_post_title_bg_image_attachment":"","ocean_post_title_bg_image_repeat":"","ocean_post_title_bg_image_size":"","ocean_post_title_height":0,"ocean_post_title_bg_overlay":0.5,"ocean_post_title_bg_overlay_color":"","ocean_disable_breadcrumbs":"default","ocean_breadcrumbs_color":"","ocean_breadcrumbs_separator_color":"","ocean_breadcrumbs_links_color":"","ocean_breadcrumbs_links_hover_color":"","ocean_display_footer_widgets":"default","ocean_display_footer_bottom":"default","ocean_custom_footer_template":"0","footnotes":""},"class_list":["post-455","page","type-page","status-publish","hentry","entry"],"acf":[],"yoast_head":"<!-- This site is optimized with the Yoast SEO plugin v27.3 - https:\/\/yoast.com\/product\/yoast-seo-wordpress\/ -->\n<title>Sponsorenvorlage - Revitapolis<\/title>\n<meta name=\"description\" content=\"Hier finden sie die Sponsorenvorlage f\u00fcr Unternehmen. Pr\u00e4sentieren sie ihr Unternehmen und ihre Produkte. Starten sie einen Online-Handel\" \/>\n<meta name=\"robots\" content=\"index, follow, max-snippet:-1, max-image-preview:large, max-video-preview:-1\" \/>\n<link rel=\"canonical\" href=\"https:\/\/revitapolis.com\/de\/informationen\/informationen-fuer-sponsoren\/firmenvorlage\/\" \/>\n<meta property=\"og:locale\" content=\"de_DE\" \/>\n<meta property=\"og:type\" content=\"article\" \/>\n<meta property=\"og:title\" content=\"Sponsorenvorlage - Revitapolis\" \/>\n<meta property=\"og:description\" content=\"Hier finden sie die Sponsorenvorlage f\u00fcr Unternehmen. Pr\u00e4sentieren sie ihr Unternehmen und ihre Produkte. Starten sie einen Online-Handel\" \/>\n<meta property=\"og:url\" content=\"https:\/\/revitapolis.com\/de\/informationen\/informationen-fuer-sponsoren\/firmenvorlage\/\" \/>\n<meta property=\"og:site_name\" content=\"Revitapolis\" \/>\n<meta property=\"article:modified_time\" content=\"2024-05-02T06:06:48+00:00\" \/>\n<meta property=\"og:image\" content=\"https:\/\/revitapolis.com\/wp-content\/uploads\/2022\/03\/20211115_1517304300222055229622584-edited-1024x1024.jpg\" \/>\n<meta name=\"twitter:card\" content=\"summary_large_image\" \/>\n<meta name=\"twitter:label1\" content=\"Gesch\u00e4tzte Lesezeit\" \/>\n\t<meta name=\"twitter:data1\" content=\"3\u00a0Minuten\" \/>\n<script type=\"application\/ld+json\" class=\"yoast-schema-graph\">{\"@context\":\"https:\\\/\\\/schema.org\",\"@graph\":[{\"@type\":\"WebPage\",\"@id\":\"https:\\\/\\\/revitapolis.com\\\/de\\\/informationen\\\/informationen-fuer-sponsoren\\\/firmenvorlage\\\/\",\"url\":\"https:\\\/\\\/revitapolis.com\\\/de\\\/informationen\\\/informationen-fuer-sponsoren\\\/firmenvorlage\\\/\",\"name\":\"Sponsorenvorlage - Revitapolis\",\"isPartOf\":{\"@id\":\"https:\\\/\\\/revitapolis.com\\\/de\\\/#website\"},\"primaryImageOfPage\":{\"@id\":\"https:\\\/\\\/revitapolis.com\\\/de\\\/informationen\\\/informationen-fuer-sponsoren\\\/firmenvorlage\\\/#primaryimage\"},\"image\":{\"@id\":\"https:\\\/\\\/revitapolis.com\\\/de\\\/informationen\\\/informationen-fuer-sponsoren\\\/firmenvorlage\\\/#primaryimage\"},\"thumbnailUrl\":\"https:\\\/\\\/revitapolis.com\\\/wp-content\\\/uploads\\\/2022\\\/03\\\/20211115_1517304300222055229622584-edited-1024x1024.jpg\",\"datePublished\":\"2022-03-22T19:21:02+00:00\",\"dateModified\":\"2024-05-02T06:06:48+00:00\",\"description\":\"Hier finden sie die Sponsorenvorlage f\u00fcr Unternehmen. Pr\u00e4sentieren sie ihr Unternehmen und ihre Produkte. Starten sie einen Online-Handel\",\"breadcrumb\":{\"@id\":\"https:\\\/\\\/revitapolis.com\\\/de\\\/informationen\\\/informationen-fuer-sponsoren\\\/firmenvorlage\\\/#breadcrumb\"},\"inLanguage\":\"de\",\"potentialAction\":[{\"@type\":\"ReadAction\",\"target\":[\"https:\\\/\\\/revitapolis.com\\\/de\\\/informationen\\\/informationen-fuer-sponsoren\\\/firmenvorlage\\\/\"]}]},{\"@type\":\"ImageObject\",\"inLanguage\":\"de\",\"@id\":\"https:\\\/\\\/revitapolis.com\\\/de\\\/informationen\\\/informationen-fuer-sponsoren\\\/firmenvorlage\\\/#primaryimage\",\"url\":\"https:\\\/\\\/revitapolis.com\\\/wp-content\\\/uploads\\\/2022\\\/03\\\/20211115_1517304300222055229622584-edited-1024x1024.jpg\",\"contentUrl\":\"https:\\\/\\\/revitapolis.com\\\/wp-content\\\/uploads\\\/2022\\\/03\\\/20211115_1517304300222055229622584-edited-1024x1024.jpg\"},{\"@type\":\"BreadcrumbList\",\"@id\":\"https:\\\/\\\/revitapolis.com\\\/de\\\/informationen\\\/informationen-fuer-sponsoren\\\/firmenvorlage\\\/#breadcrumb\",\"itemListElement\":[{\"@type\":\"ListItem\",\"position\":1,\"name\":\"Startseite\",\"item\":\"https:\\\/\\\/revitapolis.com\\\/de\\\/\"},{\"@type\":\"ListItem\",\"position\":2,\"name\":\"Informationen\",\"item\":\"https:\\\/\\\/revitapolis.com\\\/de\\\/informationen\\\/\"},{\"@type\":\"ListItem\",\"position\":3,\"name\":\"Sponsoren\",\"item\":\"https:\\\/\\\/revitapolis.com\\\/de\\\/informationen\\\/informationen-fuer-sponsoren\\\/\"},{\"@type\":\"ListItem\",\"position\":4,\"name\":\"Sponsorenvorlage\"}]},{\"@type\":\"WebSite\",\"@id\":\"https:\\\/\\\/revitapolis.com\\\/de\\\/#website\",\"url\":\"https:\\\/\\\/revitapolis.com\\\/de\\\/\",\"name\":\"Revitapolis\",\"description\":\"Wiederbelebung italienischer Orte\",\"publisher\":{\"@id\":\"https:\\\/\\\/revitapolis.com\\\/de\\\/#organization\"},\"potentialAction\":[{\"@type\":\"SearchAction\",\"target\":{\"@type\":\"EntryPoint\",\"urlTemplate\":\"https:\\\/\\\/revitapolis.com\\\/de\\\/?s={search_term_string}\"},\"query-input\":{\"@type\":\"PropertyValueSpecification\",\"valueRequired\":true,\"valueName\":\"search_term_string\"}}],\"inLanguage\":\"de\"},{\"@type\":\"Organization\",\"@id\":\"https:\\\/\\\/revitapolis.com\\\/de\\\/#organization\",\"name\":\"Revitapolis\",\"url\":\"https:\\\/\\\/revitapolis.com\\\/de\\\/\",\"logo\":{\"@type\":\"ImageObject\",\"inLanguage\":\"de\",\"@id\":\"https:\\\/\\\/revitapolis.com\\\/de\\\/#\\\/schema\\\/logo\\\/image\\\/\",\"url\":\"https:\\\/\\\/revitapolis.com\\\/wp-content\\\/uploads\\\/2022\\\/03\\\/cropped-logo-revitapolis.jpg\",\"contentUrl\":\"https:\\\/\\\/revitapolis.com\\\/wp-content\\\/uploads\\\/2022\\\/03\\\/cropped-logo-revitapolis.jpg\",\"width\":200,\"height\":91,\"caption\":\"Revitapolis\"},\"image\":{\"@id\":\"https:\\\/\\\/revitapolis.com\\\/de\\\/#\\\/schema\\\/logo\\\/image\\\/\"}}]}<\/script>\n<!-- \/ Yoast SEO plugin. -->","yoast_head_json":{"title":"Sponsorenvorlage - Revitapolis","description":"Hier finden sie die Sponsorenvorlage f\u00fcr Unternehmen. Pr\u00e4sentieren sie ihr Unternehmen und ihre Produkte. Starten sie einen Online-Handel","robots":{"index":"index","follow":"follow","max-snippet":"max-snippet:-1","max-image-preview":"max-image-preview:large","max-video-preview":"max-video-preview:-1"},"canonical":"https:\/\/revitapolis.com\/de\/informationen\/informationen-fuer-sponsoren\/firmenvorlage\/","og_locale":"de_DE","og_type":"article","og_title":"Sponsorenvorlage - Revitapolis","og_description":"Hier finden sie die Sponsorenvorlage f\u00fcr Unternehmen. Pr\u00e4sentieren sie ihr Unternehmen und ihre Produkte. Starten sie einen Online-Handel","og_url":"https:\/\/revitapolis.com\/de\/informationen\/informationen-fuer-sponsoren\/firmenvorlage\/","og_site_name":"Revitapolis","article_modified_time":"2024-05-02T06:06:48+00:00","og_image":[{"url":"https:\/\/revitapolis.com\/wp-content\/uploads\/2022\/03\/20211115_1517304300222055229622584-edited-1024x1024.jpg","type":"","width":"","height":""}],"twitter_card":"summary_large_image","twitter_misc":{"Gesch\u00e4tzte Lesezeit":"3\u00a0Minuten"},"schema":{"@context":"https:\/\/schema.org","@graph":[{"@type":"WebPage","@id":"https:\/\/revitapolis.com\/de\/informationen\/informationen-fuer-sponsoren\/firmenvorlage\/","url":"https:\/\/revitapolis.com\/de\/informationen\/informationen-fuer-sponsoren\/firmenvorlage\/","name":"Sponsorenvorlage - Revitapolis","isPartOf":{"@id":"https:\/\/revitapolis.com\/de\/#website"},"primaryImageOfPage":{"@id":"https:\/\/revitapolis.com\/de\/informationen\/informationen-fuer-sponsoren\/firmenvorlage\/#primaryimage"},"image":{"@id":"https:\/\/revitapolis.com\/de\/informationen\/informationen-fuer-sponsoren\/firmenvorlage\/#primaryimage"},"thumbnailUrl":"https:\/\/revitapolis.com\/wp-content\/uploads\/2022\/03\/20211115_1517304300222055229622584-edited-1024x1024.jpg","datePublished":"2022-03-22T19:21:02+00:00","dateModified":"2024-05-02T06:06:48+00:00","description":"Hier finden sie die Sponsorenvorlage f\u00fcr Unternehmen. Pr\u00e4sentieren sie ihr Unternehmen und ihre Produkte. Starten sie einen Online-Handel","breadcrumb":{"@id":"https:\/\/revitapolis.com\/de\/informationen\/informationen-fuer-sponsoren\/firmenvorlage\/#breadcrumb"},"inLanguage":"de","potentialAction":[{"@type":"ReadAction","target":["https:\/\/revitapolis.com\/de\/informationen\/informationen-fuer-sponsoren\/firmenvorlage\/"]}]},{"@type":"ImageObject","inLanguage":"de","@id":"https:\/\/revitapolis.com\/de\/informationen\/informationen-fuer-sponsoren\/firmenvorlage\/#primaryimage","url":"https:\/\/revitapolis.com\/wp-content\/uploads\/2022\/03\/20211115_1517304300222055229622584-edited-1024x1024.jpg","contentUrl":"https:\/\/revitapolis.com\/wp-content\/uploads\/2022\/03\/20211115_1517304300222055229622584-edited-1024x1024.jpg"},{"@type":"BreadcrumbList","@id":"https:\/\/revitapolis.com\/de\/informationen\/informationen-fuer-sponsoren\/firmenvorlage\/#breadcrumb","itemListElement":[{"@type":"ListItem","position":1,"name":"Startseite","item":"https:\/\/revitapolis.com\/de\/"},{"@type":"ListItem","position":2,"name":"Informationen","item":"https:\/\/revitapolis.com\/de\/informationen\/"},{"@type":"ListItem","position":3,"name":"Sponsoren","item":"https:\/\/revitapolis.com\/de\/informationen\/informationen-fuer-sponsoren\/"},{"@type":"ListItem","position":4,"name":"Sponsorenvorlage"}]},{"@type":"WebSite","@id":"https:\/\/revitapolis.com\/de\/#website","url":"https:\/\/revitapolis.com\/de\/","name":"Revitapolis","description":"Wiederbelebung italienischer Orte","publisher":{"@id":"https:\/\/revitapolis.com\/de\/#organization"},"potentialAction":[{"@type":"SearchAction","target":{"@type":"EntryPoint","urlTemplate":"https:\/\/revitapolis.com\/de\/?s={search_term_string}"},"query-input":{"@type":"PropertyValueSpecification","valueRequired":true,"valueName":"search_term_string"}}],"inLanguage":"de"},{"@type":"Organization","@id":"https:\/\/revitapolis.com\/de\/#organization","name":"Revitapolis","url":"https:\/\/revitapolis.com\/de\/","logo":{"@type":"ImageObject","inLanguage":"de","@id":"https:\/\/revitapolis.com\/de\/#\/schema\/logo\/image\/","url":"https:\/\/revitapolis.com\/wp-content\/uploads\/2022\/03\/cropped-logo-revitapolis.jpg","contentUrl":"https:\/\/revitapolis.com\/wp-content\/uploads\/2022\/03\/cropped-logo-revitapolis.jpg","width":200,"height":91,"caption":"Revitapolis"},"image":{"@id":"https:\/\/revitapolis.com\/de\/#\/schema\/logo\/image\/"}}]}},"_links":{"self":[{"href":"https:\/\/revitapolis.com\/de\/wp-json\/wp\/v2\/pages\/455","targetHints":{"allow":["GET"]}}],"collection":[{"href":"https:\/\/revitapolis.com\/de\/wp-json\/wp\/v2\/pages"}],"about":[{"href":"https:\/\/revitapolis.com\/de\/wp-json\/wp\/v2\/types\/page"}],"author":[{"embeddable":true,"href":"https:\/\/revitapolis.com\/de\/wp-json\/wp\/v2\/users\/1"}],"replies":[{"embeddable":true,"href":"https:\/\/revitapolis.com\/de\/wp-json\/wp\/v2\/comments?post=455"}],"version-history":[{"count":126,"href":"https:\/\/revitapolis.com\/de\/wp-json\/wp\/v2\/pages\/455\/revisions"}],"predecessor-version":[{"id":2425,"href":"https:\/\/revitapolis.com\/de\/wp-json\/wp\/v2\/pages\/455\/revisions\/2425"}],"up":[{"embeddable":true,"href":"https:\/\/revitapolis.com\/de\/wp-json\/wp\/v2\/pages\/34"}],"wp:attachment":[{"href":"https:\/\/revitapolis.com\/de\/wp-json\/wp\/v2\/media?parent=455"}],"curies":[{"name":"wp","href":"https:\/\/api.w.org\/{rel}","templated":true}]}}