{"id":4317,"date":"2023-04-08T17:04:35","date_gmt":"2023-04-08T17:04:35","guid":{"rendered":"https:\/\/revitapolis.com\/?page_id=4317"},"modified":"2024-05-02T06:09:28","modified_gmt":"2024-05-02T06:09:28","slug":"provinz-caltanissetta","status":"publish","type":"page","link":"https:\/\/revitapolis.com\/de\/die-regionen-in-italien\/sizilien\/provinz-caltanissetta\/","title":{"rendered":"Provinz Caltanissetta"},"content":{"rendered":"\n<div style=\"height:10px\" aria-hidden=\"true\" class=\"wp-block-spacer\"><\/div>\n\n\n\n<p>Hier finden Sie Informationen zur Provinz Caltanissetta und eine Liste aller Gemeinden.<\/p>\n\n\n\n<div class=\"wp-block-media-text is-stacked-on-mobile is-vertically-aligned-center\" style=\"grid-template-columns:44% auto\"><figure class=\"wp-block-media-text__media\"><img fetchpriority=\"high\" decoding=\"async\" width=\"640\" height=\"427\" src=\"https:\/\/revitapolis.com\/wp-content\/uploads\/2023\/04\/prickly-pear-3636199_640.jpg\" alt=\"\" class=\"wp-image-4343 size-full\" srcset=\"https:\/\/revitapolis.com\/wp-content\/uploads\/2023\/04\/prickly-pear-3636199_640.jpg 640w, https:\/\/revitapolis.com\/wp-content\/uploads\/2023\/04\/prickly-pear-3636199_640-300x200.jpg 300w\" sizes=\"(max-width: 640px) 100vw, 640px\" \/><\/figure><div class=\"wp-block-media-text__content\">\n<div style=\"height:20px\" aria-hidden=\"true\" class=\"wp-block-spacer\"><\/div>\n\n\n\n<p>Die Provinz Caltanissetta bzw. das freie Gemeindekonsortium Caltanissetta liegt im Zentrum von Sizilien und besteht aus 22 Gemeinden. Auf einer Fl\u00e4che von 2.138,37&nbsp;km\u00b2 leben 248.699 Einwohner (Stand 31.12.2022). Hauptstadt ist Caltanissetta mit 58.532 Einwohnern (Stand 31.12.2022).<\/p>\n\n\n\n<p>Kurzinfo mit Karte erhalten Sie hier:&nbsp;<a href=\"https:\/\/www.google.com\/maps\/place\/Caltanissetta,+Italien\/@37.3731801,13.5028685,9z\/data=!3m1!4b1!4m6!3m5!1s0x1310ef249310ec79:0x30b042967b682b0!8m2!3d37.4899415!4d14.0633097!16zL20vMDQ3MWc1\" target=\"_blank\" rel=\"noreferrer noopener\">CALTANISSETTA<\/a><\/p>\n<\/div><\/div>\n\n\n\n<h2 class=\"wp-block-heading\" style=\"font-size:30px\">Italien &gt; Sizilien &gt; Provinz Caltanissetta<\/h2>\n\n\n\n<p>Die Provinz Caltanissetta bzw. das freie Gemeindekonsortium Caltanissetta liegt im Zentrum von Sizilien und besteht aus 22 Gemeinden. Auf einer Fl\u00e4che von 2.138,37&nbsp;km\u00b2 leben 248.699 Einwohner (Stand 31.12.2022). Hauptstadt ist Caltanissetta mit 58.532 Einwohnern (Stand 31.12.2022).<\/p>\n\n\n\n<p>Die Provinz ist touristisch wenig entwickelt, obwohl von einer malerischen Landschaft gepr\u00e4gt, die von den H\u00fcgeln der Monti Sicani im S\u00fcden und dem Fluss Salso im Norden umgrenzt wird. Die Landschaft ist reich an Naturparks, Schluchten, Bergen und W\u00e4ldern und bietet Besuchern eine F\u00fclle von Outdoor-Aktivit\u00e4ten wie Wandern, Bergsteigen und Radfahren. Die Provinz Caltanissetta hat auch eine reiche kulturelle Geschichte, die bis in die Antike zur\u00fcckreicht.<\/p>\n\n\n\n<p>Die Provinz ist auch bekannt f\u00fcr ihre landwirtschaftlichen Produkte wie Oliven\u00f6l, Wein, K\u00e4se und Fr\u00fcchte. Besucher haben die M\u00f6glichkeit, lokale Produkte zu kosten und an Weinproben in den vielen Weing\u00fctern und Kellereien der Region teilzunehmen.<\/p>\n\n\n\n<div style=\"height:20px\" aria-hidden=\"true\" class=\"wp-block-spacer\"><\/div>\n\n\n\n<hr>\n\n\n\n<p class=\"has-white-color has-cyan-bluish-gray-background-color has-text-color has-background\"><strong>Die Gemeinden des freien Gemeindekonsortiums<\/strong> <strong>Caltanissetta<\/strong><\/p>\n\n\n\n<ul class=\"wp-block-list\">\n<li>Acquaviva Platani<\/li>\n\n\n\n<li>Bompensiere<\/li>\n\n\n\n<li>Butera<\/li>\n\n\n\n<li>Caltanissetta<\/li>\n\n\n\n<li>Campofranco<\/li>\n\n\n\n<li>Delia<\/li>\n\n\n\n<li>Gela<\/li>\n\n\n\n<li>Marianopoli<\/li>\n\n\n\n<li>Mazzarino<\/li>\n\n\n\n<li>Milena<\/li>\n\n\n\n<li>Montedoro<\/li>\n\n\n\n<li>Mussomeli<\/li>\n\n\n\n<li>Niscemi<\/li>\n\n\n\n<li>Resuttano<\/li>\n\n\n\n<li>Riesi<\/li>\n\n\n\n<li>San Cataldo<\/li>\n\n\n\n<li>Santa Caterina Villarmosa<\/li>\n\n\n\n<li>Serradifalco<\/li>\n\n\n\n<li>Sommatino<\/li>\n\n\n\n<li>Sutera<\/li>\n\n\n\n<li>Vallelunga Pratameno<\/li>\n\n\n\n<li>Villalba<\/li>\n<\/ul>\n\n\n\n<hr style=\"border: 0; height: 1px; background-image: linear-gradient(to right, rgba(0, 0, 0, 0), rgba(0, 0, 0, 0.75), rgba(0, 0, 0, 0));\">\n\n\n\n<div style=\"height:10px\" aria-hidden=\"true\" class=\"wp-block-spacer\"><\/div>\n","protected":false},"excerpt":{"rendered":"<p>Hier finden Sie Informationen zur Provinz Caltanissetta und eine Liste aller Gemeinden. Italien &gt; Sizilien &gt; Provinz Caltanissetta Die Provinz Caltanissetta bzw. das freie Gemeindekonsortium Caltanissetta liegt im Zentrum von Sizilien und besteht aus 22 Gemeinden. Auf einer Fl\u00e4che von 2.138,37&nbsp;km\u00b2 leben 248.699 Einwohner (Stand 31.12.2022). Hauptstadt ist Caltanissetta mit 58.532 Einwohnern (Stand 31.12.2022). Die [&hellip;]<\/p>\n","protected":false},"author":4,"featured_media":0,"parent":1496,"menu_order":0,"comment_status":"closed","ping_status":"closed","template":"","meta":{"_acf_changed":false,"om_disable_all_campaigns":false,"_monsterinsights_skip_tracking":false,"_monsterinsights_sitenote_active":false,"_monsterinsights_sitenote_note":"","_monsterinsights_sitenote_category":0,"ocean_post_layout":"","ocean_both_sidebars_style":"","ocean_both_sidebars_content_width":0,"ocean_both_sidebars_sidebars_width":0,"ocean_sidebar":"0","ocean_second_sidebar":"0","ocean_disable_margins":"enable","ocean_add_body_class":"","ocean_shortcode_before_top_bar":"","ocean_shortcode_after_top_bar":"","ocean_shortcode_before_header":"","ocean_shortcode_after_header":"","ocean_has_shortcode":"","ocean_shortcode_after_title":"","ocean_shortcode_before_footer_widgets":"","ocean_shortcode_after_footer_widgets":"","ocean_shortcode_before_footer_bottom":"","ocean_shortcode_after_footer_bottom":"","ocean_display_top_bar":"default","ocean_display_header":"default","ocean_header_style":"","ocean_center_header_left_menu":"0","ocean_custom_header_template":"0","ocean_custom_logo":0,"ocean_custom_retina_logo":0,"ocean_custom_logo_max_width":0,"ocean_custom_logo_tablet_max_width":0,"ocean_custom_logo_mobile_max_width":0,"ocean_custom_logo_max_height":0,"ocean_custom_logo_tablet_max_height":0,"ocean_custom_logo_mobile_max_height":0,"ocean_header_custom_menu":"0","ocean_menu_typo_font_family":"0","ocean_menu_typo_font_subset":"","ocean_menu_typo_font_size":0,"ocean_menu_typo_font_size_tablet":0,"ocean_menu_typo_font_size_mobile":0,"ocean_menu_typo_font_size_unit":"px","ocean_menu_typo_font_weight":"","ocean_menu_typo_font_weight_tablet":"","ocean_menu_typo_font_weight_mobile":"","ocean_menu_typo_transform":"","ocean_menu_typo_transform_tablet":"","ocean_menu_typo_transform_mobile":"","ocean_menu_typo_line_height":0,"ocean_menu_typo_line_height_tablet":0,"ocean_menu_typo_line_height_mobile":0,"ocean_menu_typo_line_height_unit":"","ocean_menu_typo_spacing":0,"ocean_menu_typo_spacing_tablet":0,"ocean_menu_typo_spacing_mobile":0,"ocean_menu_typo_spacing_unit":"","ocean_menu_link_color":"","ocean_menu_link_color_hover":"","ocean_menu_link_color_active":"","ocean_menu_link_background":"","ocean_menu_link_hover_background":"","ocean_menu_link_active_background":"","ocean_menu_social_links_bg":"","ocean_menu_social_hover_links_bg":"","ocean_menu_social_links_color":"","ocean_menu_social_hover_links_color":"","ocean_disable_title":"default","ocean_disable_heading":"default","ocean_post_title":"","ocean_post_subheading":"","ocean_post_title_style":"","ocean_post_title_background_color":"","ocean_post_title_background":0,"ocean_post_title_bg_image_position":"","ocean_post_title_bg_image_attachment":"","ocean_post_title_bg_image_repeat":"","ocean_post_title_bg_image_size":"","ocean_post_title_height":0,"ocean_post_title_bg_overlay":0.5,"ocean_post_title_bg_overlay_color":"","ocean_disable_breadcrumbs":"default","ocean_breadcrumbs_color":"","ocean_breadcrumbs_separator_color":"","ocean_breadcrumbs_links_color":"","ocean_breadcrumbs_links_hover_color":"","ocean_display_footer_widgets":"default","ocean_display_footer_bottom":"default","ocean_custom_footer_template":"0","footnotes":""},"class_list":["post-4317","page","type-page","status-publish","hentry","entry"],"acf":[],"yoast_head":"<!-- This site is optimized with the Yoast SEO plugin v27.4 - https:\/\/yoast.com\/product\/yoast-seo-wordpress\/ -->\n<title>Provinz Caltanissetta - Revitapolis<\/title>\n<meta name=\"description\" content=\"Die Provinz Caltanissetta bzw. das freie Gemeindekonsortium Caltanissetta ist von malerischen Landschaften gepr\u00e4gt\" \/>\n<meta name=\"robots\" content=\"index, follow, max-snippet:-1, max-image-preview:large, max-video-preview:-1\" \/>\n<link rel=\"canonical\" href=\"https:\/\/revitapolis.com\/de\/die-regionen-in-italien\/sizilien\/provinz-caltanissetta\/\" \/>\n<meta property=\"og:locale\" content=\"de_DE\" \/>\n<meta property=\"og:type\" content=\"article\" \/>\n<meta property=\"og:title\" content=\"Provinz Caltanissetta - Revitapolis\" \/>\n<meta property=\"og:description\" content=\"Die Provinz Caltanissetta bzw. das freie Gemeindekonsortium Caltanissetta ist von malerischen Landschaften gepr\u00e4gt\" \/>\n<meta property=\"og:url\" content=\"https:\/\/revitapolis.com\/de\/die-regionen-in-italien\/sizilien\/provinz-caltanissetta\/\" \/>\n<meta property=\"og:site_name\" content=\"Revitapolis\" \/>\n<meta property=\"article:modified_time\" content=\"2024-05-02T06:09:28+00:00\" \/>\n<meta property=\"og:image\" content=\"https:\/\/revitapolis.com\/wp-content\/uploads\/2023\/04\/prickly-pear-3636199_640.jpg\" \/>\n<meta name=\"twitter:card\" content=\"summary_large_image\" \/>\n<meta name=\"twitter:label1\" content=\"Gesch\u00e4tzte Lesezeit\" \/>\n\t<meta name=\"twitter:data1\" content=\"2\u00a0Minuten\" \/>\n<script type=\"application\/ld+json\" class=\"yoast-schema-graph\">{\"@context\":\"https:\\\/\\\/schema.org\",\"@graph\":[{\"@type\":\"WebPage\",\"@id\":\"https:\\\/\\\/revitapolis.com\\\/de\\\/die-regionen-in-italien\\\/sizilien\\\/provinz-caltanissetta\\\/\",\"url\":\"https:\\\/\\\/revitapolis.com\\\/de\\\/die-regionen-in-italien\\\/sizilien\\\/provinz-caltanissetta\\\/\",\"name\":\"Provinz Caltanissetta - Revitapolis\",\"isPartOf\":{\"@id\":\"https:\\\/\\\/revitapolis.com\\\/de\\\/#website\"},\"primaryImageOfPage\":{\"@id\":\"https:\\\/\\\/revitapolis.com\\\/de\\\/die-regionen-in-italien\\\/sizilien\\\/provinz-caltanissetta\\\/#primaryimage\"},\"image\":{\"@id\":\"https:\\\/\\\/revitapolis.com\\\/de\\\/die-regionen-in-italien\\\/sizilien\\\/provinz-caltanissetta\\\/#primaryimage\"},\"thumbnailUrl\":\"https:\\\/\\\/revitapolis.com\\\/wp-content\\\/uploads\\\/2023\\\/04\\\/prickly-pear-3636199_640.jpg\",\"datePublished\":\"2023-04-08T17:04:35+00:00\",\"dateModified\":\"2024-05-02T06:09:28+00:00\",\"description\":\"Die Provinz Caltanissetta bzw. das freie Gemeindekonsortium Caltanissetta ist von malerischen Landschaften gepr\u00e4gt\",\"breadcrumb\":{\"@id\":\"https:\\\/\\\/revitapolis.com\\\/de\\\/die-regionen-in-italien\\\/sizilien\\\/provinz-caltanissetta\\\/#breadcrumb\"},\"inLanguage\":\"de\",\"potentialAction\":[{\"@type\":\"ReadAction\",\"target\":[\"https:\\\/\\\/revitapolis.com\\\/de\\\/die-regionen-in-italien\\\/sizilien\\\/provinz-caltanissetta\\\/\"]}]},{\"@type\":\"ImageObject\",\"inLanguage\":\"de\",\"@id\":\"https:\\\/\\\/revitapolis.com\\\/de\\\/die-regionen-in-italien\\\/sizilien\\\/provinz-caltanissetta\\\/#primaryimage\",\"url\":\"https:\\\/\\\/revitapolis.com\\\/wp-content\\\/uploads\\\/2023\\\/04\\\/prickly-pear-3636199_640.jpg\",\"contentUrl\":\"https:\\\/\\\/revitapolis.com\\\/wp-content\\\/uploads\\\/2023\\\/04\\\/prickly-pear-3636199_640.jpg\"},{\"@type\":\"BreadcrumbList\",\"@id\":\"https:\\\/\\\/revitapolis.com\\\/de\\\/die-regionen-in-italien\\\/sizilien\\\/provinz-caltanissetta\\\/#breadcrumb\",\"itemListElement\":[{\"@type\":\"ListItem\",\"position\":1,\"name\":\"Startseite\",\"item\":\"https:\\\/\\\/revitapolis.com\\\/de\\\/\"},{\"@type\":\"ListItem\",\"position\":2,\"name\":\"Italien\",\"item\":\"https:\\\/\\\/revitapolis.com\\\/de\\\/die-regionen-in-italien\\\/\"},{\"@type\":\"ListItem\",\"position\":3,\"name\":\"Sizilien\",\"item\":\"https:\\\/\\\/revitapolis.com\\\/de\\\/die-regionen-in-italien\\\/sizilien\\\/\"},{\"@type\":\"ListItem\",\"position\":4,\"name\":\"Provinz Caltanissetta\"}]},{\"@type\":\"WebSite\",\"@id\":\"https:\\\/\\\/revitapolis.com\\\/de\\\/#website\",\"url\":\"https:\\\/\\\/revitapolis.com\\\/de\\\/\",\"name\":\"Revitapolis\",\"description\":\"Wiederbelebung italienischer Orte\",\"publisher\":{\"@id\":\"https:\\\/\\\/revitapolis.com\\\/de\\\/#organization\"},\"potentialAction\":[{\"@type\":\"SearchAction\",\"target\":{\"@type\":\"EntryPoint\",\"urlTemplate\":\"https:\\\/\\\/revitapolis.com\\\/de\\\/?s={search_term_string}\"},\"query-input\":{\"@type\":\"PropertyValueSpecification\",\"valueRequired\":true,\"valueName\":\"search_term_string\"}}],\"inLanguage\":\"de\"},{\"@type\":\"Organization\",\"@id\":\"https:\\\/\\\/revitapolis.com\\\/de\\\/#organization\",\"name\":\"Revitapolis\",\"url\":\"https:\\\/\\\/revitapolis.com\\\/de\\\/\",\"logo\":{\"@type\":\"ImageObject\",\"inLanguage\":\"de\",\"@id\":\"https:\\\/\\\/revitapolis.com\\\/de\\\/#\\\/schema\\\/logo\\\/image\\\/\",\"url\":\"https:\\\/\\\/revitapolis.com\\\/wp-content\\\/uploads\\\/2022\\\/03\\\/cropped-logo-revitapolis.jpg\",\"contentUrl\":\"https:\\\/\\\/revitapolis.com\\\/wp-content\\\/uploads\\\/2022\\\/03\\\/cropped-logo-revitapolis.jpg\",\"width\":200,\"height\":91,\"caption\":\"Revitapolis\"},\"image\":{\"@id\":\"https:\\\/\\\/revitapolis.com\\\/de\\\/#\\\/schema\\\/logo\\\/image\\\/\"}}]}<\/script>\n<!-- \/ Yoast SEO plugin. -->","yoast_head_json":{"title":"Provinz Caltanissetta - Revitapolis","description":"Die Provinz Caltanissetta bzw. das freie Gemeindekonsortium Caltanissetta ist von malerischen Landschaften gepr\u00e4gt","robots":{"index":"index","follow":"follow","max-snippet":"max-snippet:-1","max-image-preview":"max-image-preview:large","max-video-preview":"max-video-preview:-1"},"canonical":"https:\/\/revitapolis.com\/de\/die-regionen-in-italien\/sizilien\/provinz-caltanissetta\/","og_locale":"de_DE","og_type":"article","og_title":"Provinz Caltanissetta - Revitapolis","og_description":"Die Provinz Caltanissetta bzw. das freie Gemeindekonsortium Caltanissetta ist von malerischen Landschaften gepr\u00e4gt","og_url":"https:\/\/revitapolis.com\/de\/die-regionen-in-italien\/sizilien\/provinz-caltanissetta\/","og_site_name":"Revitapolis","article_modified_time":"2024-05-02T06:09:28+00:00","og_image":[{"url":"https:\/\/revitapolis.com\/wp-content\/uploads\/2023\/04\/prickly-pear-3636199_640.jpg","type":"","width":"","height":""}],"twitter_card":"summary_large_image","twitter_misc":{"Gesch\u00e4tzte Lesezeit":"2\u00a0Minuten"},"schema":{"@context":"https:\/\/schema.org","@graph":[{"@type":"WebPage","@id":"https:\/\/revitapolis.com\/de\/die-regionen-in-italien\/sizilien\/provinz-caltanissetta\/","url":"https:\/\/revitapolis.com\/de\/die-regionen-in-italien\/sizilien\/provinz-caltanissetta\/","name":"Provinz Caltanissetta - Revitapolis","isPartOf":{"@id":"https:\/\/revitapolis.com\/de\/#website"},"primaryImageOfPage":{"@id":"https:\/\/revitapolis.com\/de\/die-regionen-in-italien\/sizilien\/provinz-caltanissetta\/#primaryimage"},"image":{"@id":"https:\/\/revitapolis.com\/de\/die-regionen-in-italien\/sizilien\/provinz-caltanissetta\/#primaryimage"},"thumbnailUrl":"https:\/\/revitapolis.com\/wp-content\/uploads\/2023\/04\/prickly-pear-3636199_640.jpg","datePublished":"2023-04-08T17:04:35+00:00","dateModified":"2024-05-02T06:09:28+00:00","description":"Die Provinz Caltanissetta bzw. das freie Gemeindekonsortium Caltanissetta ist von malerischen Landschaften gepr\u00e4gt","breadcrumb":{"@id":"https:\/\/revitapolis.com\/de\/die-regionen-in-italien\/sizilien\/provinz-caltanissetta\/#breadcrumb"},"inLanguage":"de","potentialAction":[{"@type":"ReadAction","target":["https:\/\/revitapolis.com\/de\/die-regionen-in-italien\/sizilien\/provinz-caltanissetta\/"]}]},{"@type":"ImageObject","inLanguage":"de","@id":"https:\/\/revitapolis.com\/de\/die-regionen-in-italien\/sizilien\/provinz-caltanissetta\/#primaryimage","url":"https:\/\/revitapolis.com\/wp-content\/uploads\/2023\/04\/prickly-pear-3636199_640.jpg","contentUrl":"https:\/\/revitapolis.com\/wp-content\/uploads\/2023\/04\/prickly-pear-3636199_640.jpg"},{"@type":"BreadcrumbList","@id":"https:\/\/revitapolis.com\/de\/die-regionen-in-italien\/sizilien\/provinz-caltanissetta\/#breadcrumb","itemListElement":[{"@type":"ListItem","position":1,"name":"Startseite","item":"https:\/\/revitapolis.com\/de\/"},{"@type":"ListItem","position":2,"name":"Italien","item":"https:\/\/revitapolis.com\/de\/die-regionen-in-italien\/"},{"@type":"ListItem","position":3,"name":"Sizilien","item":"https:\/\/revitapolis.com\/de\/die-regionen-in-italien\/sizilien\/"},{"@type":"ListItem","position":4,"name":"Provinz Caltanissetta"}]},{"@type":"WebSite","@id":"https:\/\/revitapolis.com\/de\/#website","url":"https:\/\/revitapolis.com\/de\/","name":"Revitapolis","description":"Wiederbelebung italienischer Orte","publisher":{"@id":"https:\/\/revitapolis.com\/de\/#organization"},"potentialAction":[{"@type":"SearchAction","target":{"@type":"EntryPoint","urlTemplate":"https:\/\/revitapolis.com\/de\/?s={search_term_string}"},"query-input":{"@type":"PropertyValueSpecification","valueRequired":true,"valueName":"search_term_string"}}],"inLanguage":"de"},{"@type":"Organization","@id":"https:\/\/revitapolis.com\/de\/#organization","name":"Revitapolis","url":"https:\/\/revitapolis.com\/de\/","logo":{"@type":"ImageObject","inLanguage":"de","@id":"https:\/\/revitapolis.com\/de\/#\/schema\/logo\/image\/","url":"https:\/\/revitapolis.com\/wp-content\/uploads\/2022\/03\/cropped-logo-revitapolis.jpg","contentUrl":"https:\/\/revitapolis.com\/wp-content\/uploads\/2022\/03\/cropped-logo-revitapolis.jpg","width":200,"height":91,"caption":"Revitapolis"},"image":{"@id":"https:\/\/revitapolis.com\/de\/#\/schema\/logo\/image\/"}}]}},"_links":{"self":[{"href":"https:\/\/revitapolis.com\/de\/wp-json\/wp\/v2\/pages\/4317","targetHints":{"allow":["GET"]}}],"collection":[{"href":"https:\/\/revitapolis.com\/de\/wp-json\/wp\/v2\/pages"}],"about":[{"href":"https:\/\/revitapolis.com\/de\/wp-json\/wp\/v2\/types\/page"}],"author":[{"embeddable":true,"href":"https:\/\/revitapolis.com\/de\/wp-json\/wp\/v2\/users\/4"}],"replies":[{"embeddable":true,"href":"https:\/\/revitapolis.com\/de\/wp-json\/wp\/v2\/comments?post=4317"}],"version-history":[{"count":5,"href":"https:\/\/revitapolis.com\/de\/wp-json\/wp\/v2\/pages\/4317\/revisions"}],"predecessor-version":[{"id":4808,"href":"https:\/\/revitapolis.com\/de\/wp-json\/wp\/v2\/pages\/4317\/revisions\/4808"}],"up":[{"embeddable":true,"href":"https:\/\/revitapolis.com\/de\/wp-json\/wp\/v2\/pages\/1496"}],"wp:attachment":[{"href":"https:\/\/revitapolis.com\/de\/wp-json\/wp\/v2\/media?parent=4317"}],"curies":[{"name":"wp","href":"https:\/\/api.w.org\/{rel}","templated":true}]}}