{"id":36,"date":"2022-03-13T09:44:25","date_gmt":"2022-03-13T09:44:25","guid":{"rendered":"https:\/\/revitapolis.com\/?page_id=36"},"modified":"2024-05-02T06:06:52","modified_gmt":"2024-05-02T06:06:52","slug":"informationen-fuer-gemeinden","status":"publish","type":"page","link":"https:\/\/revitapolis.com\/de\/informationen\/informationen-fuer-gemeinden\/","title":{"rendered":"Gemeinden"},"content":{"rendered":"\n<div style=\"height:20px\" aria-hidden=\"true\" class=\"wp-block-spacer\"><\/div>\n\n\n\n<h2 class=\"wp-block-heading\" style=\"font-size:30px\">Sie wollen Ihre Gemeinde aufwerten und wiederbeleben?<\/h2>\n\n\n\n<p>Zeigen sie, was ihre Gemeinde zu bieten hat. Nutzen sie diese einmalige Chance, ihre Gemeinde aufzuwerten und zu neuem Leben zu erwecken. Wir unterst\u00fctzen sie, dass sich Ihre Gemeinde entwickelt und im neuem Glanze erstrahlen wird. Werden Sie bunt!<\/p>\n\n\n\n<p>Es geht um mehr, als um die Aufwertung und Wiederbelebung von Altst\u00e4dten und zerfallenen Immobilien. H\u00e4user haben nur dann Leben in sich, wenn sie auch bewohnt sind. Deswegen sind wir der Auffassung, dass die Renovierung eines Geb\u00e4udes in der Altstadt nur ein Teil der L\u00f6sung sein kann. Wird ein Haus nicht bewohnt, ist es zum erneuten Niedergang verdammt. <\/p>\n\n\n\n<p>Wir wollen auf unserem Portal alle Aktivit\u00e4ten, die f\u00fcr eine nachhaltige Wiederbelebung und Aufwertung wichtig und erforderlich sind, zusammenf\u00fchren, damit Italien in neuem Glanz erstrahlt. Dazu geh\u00f6rt auch die Wirtschaftsf\u00f6rderung und die dauerhafte Ansiedlung von Menschen, Familien und Unternehmen aus der ganzen Welt. Dazu muss von den Gemeinden die Infrastruktur geschaffen werden. Dabei wollen wir sie unterst\u00fctzen. Holen wir in diesem Zusammenhang die Italiener wieder ins Land, die ausgewandert sind. Sie sind Teil der L\u00f6sung und unsere Zukunft.    <\/p>\n\n\n\n<p>Ziel soll es sein, auch auf dem Land eine stabile Infrastruktur aufzubauen. Bestehende Strukturen sollen ausgebaut werden. Italien hat das Potential daf\u00fcr. Flei\u00dfige Menschen, wunderbare Landschaften, bezaubernde Orte. Stoppen wir die Auswanderung unserer Jugend. Stoppen wir den Abbau der Infrastruktur im l\u00e4ndlichem Italien. Kehren wir diese fatale Entwicklung um. Wir sind bereit. Sie auch?<\/p>\n\n\n\n<figure class=\"wp-block-image size-large\"><img fetchpriority=\"high\" decoding=\"async\" width=\"1024\" height=\"668\" src=\"https:\/\/revitapolis.com\/wp-content\/uploads\/2023\/03\/vieste-3683239_1920-1024x668.jpg\" alt=\"\" class=\"wp-image-3620\" srcset=\"https:\/\/revitapolis.com\/wp-content\/uploads\/2023\/03\/vieste-3683239_1920-1024x668.jpg 1024w, https:\/\/revitapolis.com\/wp-content\/uploads\/2023\/03\/vieste-3683239_1920-300x196.jpg 300w, https:\/\/revitapolis.com\/wp-content\/uploads\/2023\/03\/vieste-3683239_1920-768x501.jpg 768w, https:\/\/revitapolis.com\/wp-content\/uploads\/2023\/03\/vieste-3683239_1920-1536x1002.jpg 1536w, https:\/\/revitapolis.com\/wp-content\/uploads\/2023\/03\/vieste-3683239_1920.jpg 1920w\" sizes=\"(max-width: 1024px) 100vw, 1024px\" \/><\/figure>\n\n\n\n<hr style=\"border: 0; height: 1px; background-image: linear-gradient(to right, rgba(0, 0, 0, 0), rgba(0, 0, 0, 0.75), rgba(0, 0, 0, 0));\">\n\n\n\n<p><\/p>\n","protected":false},"excerpt":{"rendered":"<p>Sie wollen Ihre Gemeinde aufwerten und wiederbeleben? Zeigen sie, was ihre Gemeinde zu bieten hat. Nutzen sie diese einmalige Chance, ihre Gemeinde aufzuwerten und zu neuem Leben zu erwecken. Wir unterst\u00fctzen sie, dass sich Ihre Gemeinde entwickelt und im neuem Glanze erstrahlen wird. Werden Sie bunt! Es geht um mehr, als um die Aufwertung und [&hellip;]<\/p>\n","protected":false},"author":1,"featured_media":0,"parent":1269,"menu_order":0,"comment_status":"closed","ping_status":"closed","template":"","meta":{"_acf_changed":false,"om_disable_all_campaigns":false,"_monsterinsights_skip_tracking":false,"_monsterinsights_sitenote_active":false,"_monsterinsights_sitenote_note":"","_monsterinsights_sitenote_category":0,"ocean_post_layout":"right-sidebar","ocean_both_sidebars_style":"","ocean_both_sidebars_content_width":0,"ocean_both_sidebars_sidebars_width":0,"ocean_sidebar":"sidebar","ocean_second_sidebar":"0","ocean_disable_margins":"enable","ocean_add_body_class":"","ocean_shortcode_before_top_bar":"","ocean_shortcode_after_top_bar":"","ocean_shortcode_before_header":"","ocean_shortcode_after_header":"","ocean_has_shortcode":"","ocean_shortcode_after_title":"","ocean_shortcode_before_footer_widgets":"","ocean_shortcode_after_footer_widgets":"","ocean_shortcode_before_footer_bottom":"","ocean_shortcode_after_footer_bottom":"","ocean_display_top_bar":"default","ocean_display_header":"default","ocean_header_style":"","ocean_center_header_left_menu":"0","ocean_custom_header_template":"0","ocean_custom_logo":0,"ocean_custom_retina_logo":0,"ocean_custom_logo_max_width":0,"ocean_custom_logo_tablet_max_width":0,"ocean_custom_logo_mobile_max_width":0,"ocean_custom_logo_max_height":0,"ocean_custom_logo_tablet_max_height":0,"ocean_custom_logo_mobile_max_height":0,"ocean_header_custom_menu":"0","ocean_menu_typo_font_family":"0","ocean_menu_typo_font_subset":"","ocean_menu_typo_font_size":0,"ocean_menu_typo_font_size_tablet":0,"ocean_menu_typo_font_size_mobile":0,"ocean_menu_typo_font_size_unit":"px","ocean_menu_typo_font_weight":"","ocean_menu_typo_font_weight_tablet":"","ocean_menu_typo_font_weight_mobile":"","ocean_menu_typo_transform":"","ocean_menu_typo_transform_tablet":"","ocean_menu_typo_transform_mobile":"","ocean_menu_typo_line_height":0,"ocean_menu_typo_line_height_tablet":0,"ocean_menu_typo_line_height_mobile":0,"ocean_menu_typo_line_height_unit":"","ocean_menu_typo_spacing":0,"ocean_menu_typo_spacing_tablet":0,"ocean_menu_typo_spacing_mobile":0,"ocean_menu_typo_spacing_unit":"","ocean_menu_link_color":"","ocean_menu_link_color_hover":"","ocean_menu_link_color_active":"","ocean_menu_link_background":"","ocean_menu_link_hover_background":"","ocean_menu_link_active_background":"","ocean_menu_social_links_bg":"","ocean_menu_social_hover_links_bg":"","ocean_menu_social_links_color":"","ocean_menu_social_hover_links_color":"","ocean_disable_title":"default","ocean_disable_heading":"default","ocean_post_title":"","ocean_post_subheading":"","ocean_post_title_style":"","ocean_post_title_background_color":"","ocean_post_title_background":0,"ocean_post_title_bg_image_position":"","ocean_post_title_bg_image_attachment":"","ocean_post_title_bg_image_repeat":"","ocean_post_title_bg_image_size":"","ocean_post_title_height":0,"ocean_post_title_bg_overlay":0.5,"ocean_post_title_bg_overlay_color":"","ocean_disable_breadcrumbs":"default","ocean_breadcrumbs_color":"","ocean_breadcrumbs_separator_color":"","ocean_breadcrumbs_links_color":"","ocean_breadcrumbs_links_hover_color":"","ocean_display_footer_widgets":"default","ocean_display_footer_bottom":"default","ocean_custom_footer_template":"0","footnotes":""},"class_list":["post-36","page","type-page","status-publish","hentry","entry"],"acf":[],"yoast_head":"<!-- This site is optimized with the Yoast SEO plugin v27.3 - https:\/\/yoast.com\/product\/yoast-seo-wordpress\/ -->\n<title>Gemeinden - Revitapolis<\/title>\n<meta name=\"description\" content=\"Zeigen Sie, was ihre Gemeinde zu bieten hat. Nutzen Sie diese einmalige Chance, ihre Gemeinde zu neuem Leben zu erwecken. Werden Sie bunt!\" \/>\n<meta name=\"robots\" content=\"index, follow, max-snippet:-1, max-image-preview:large, max-video-preview:-1\" \/>\n<link rel=\"canonical\" href=\"https:\/\/revitapolis.com\/de\/informationen\/informationen-fuer-gemeinden\/\" \/>\n<meta property=\"og:locale\" content=\"de_DE\" \/>\n<meta property=\"og:type\" content=\"article\" \/>\n<meta property=\"og:title\" content=\"Gemeinden - Revitapolis\" \/>\n<meta property=\"og:description\" content=\"Zeigen Sie, was ihre Gemeinde zu bieten hat. Nutzen Sie diese einmalige Chance, ihre Gemeinde zu neuem Leben zu erwecken. Werden Sie bunt!\" \/>\n<meta property=\"og:url\" content=\"https:\/\/revitapolis.com\/de\/informationen\/informationen-fuer-gemeinden\/\" \/>\n<meta property=\"og:site_name\" content=\"Revitapolis\" \/>\n<meta property=\"article:modified_time\" content=\"2024-05-02T06:06:52+00:00\" \/>\n<meta property=\"og:image\" content=\"https:\/\/revitapolis.com\/wp-content\/uploads\/2023\/03\/vieste-3683239_1920-1024x668.jpg\" \/>\n<meta name=\"twitter:card\" content=\"summary_large_image\" \/>\n<meta name=\"twitter:label1\" content=\"Gesch\u00e4tzte Lesezeit\" \/>\n\t<meta name=\"twitter:data1\" content=\"2\u00a0Minuten\" \/>\n<script type=\"application\/ld+json\" class=\"yoast-schema-graph\">{\"@context\":\"https:\\\/\\\/schema.org\",\"@graph\":[{\"@type\":\"WebPage\",\"@id\":\"https:\\\/\\\/revitapolis.com\\\/de\\\/informationen\\\/informationen-fuer-gemeinden\\\/\",\"url\":\"https:\\\/\\\/revitapolis.com\\\/de\\\/informationen\\\/informationen-fuer-gemeinden\\\/\",\"name\":\"Gemeinden - Revitapolis\",\"isPartOf\":{\"@id\":\"https:\\\/\\\/revitapolis.com\\\/de\\\/#website\"},\"primaryImageOfPage\":{\"@id\":\"https:\\\/\\\/revitapolis.com\\\/de\\\/informationen\\\/informationen-fuer-gemeinden\\\/#primaryimage\"},\"image\":{\"@id\":\"https:\\\/\\\/revitapolis.com\\\/de\\\/informationen\\\/informationen-fuer-gemeinden\\\/#primaryimage\"},\"thumbnailUrl\":\"https:\\\/\\\/revitapolis.com\\\/wp-content\\\/uploads\\\/2023\\\/03\\\/vieste-3683239_1920-1024x668.jpg\",\"datePublished\":\"2022-03-13T09:44:25+00:00\",\"dateModified\":\"2024-05-02T06:06:52+00:00\",\"description\":\"Zeigen Sie, was ihre Gemeinde zu bieten hat. Nutzen Sie diese einmalige Chance, ihre Gemeinde zu neuem Leben zu erwecken. Werden Sie bunt!\",\"breadcrumb\":{\"@id\":\"https:\\\/\\\/revitapolis.com\\\/de\\\/informationen\\\/informationen-fuer-gemeinden\\\/#breadcrumb\"},\"inLanguage\":\"de\",\"potentialAction\":[{\"@type\":\"ReadAction\",\"target\":[\"https:\\\/\\\/revitapolis.com\\\/de\\\/informationen\\\/informationen-fuer-gemeinden\\\/\"]}]},{\"@type\":\"ImageObject\",\"inLanguage\":\"de\",\"@id\":\"https:\\\/\\\/revitapolis.com\\\/de\\\/informationen\\\/informationen-fuer-gemeinden\\\/#primaryimage\",\"url\":\"https:\\\/\\\/revitapolis.com\\\/wp-content\\\/uploads\\\/2023\\\/03\\\/vieste-3683239_1920-1024x668.jpg\",\"contentUrl\":\"https:\\\/\\\/revitapolis.com\\\/wp-content\\\/uploads\\\/2023\\\/03\\\/vieste-3683239_1920-1024x668.jpg\"},{\"@type\":\"BreadcrumbList\",\"@id\":\"https:\\\/\\\/revitapolis.com\\\/de\\\/informationen\\\/informationen-fuer-gemeinden\\\/#breadcrumb\",\"itemListElement\":[{\"@type\":\"ListItem\",\"position\":1,\"name\":\"Startseite\",\"item\":\"https:\\\/\\\/revitapolis.com\\\/de\\\/\"},{\"@type\":\"ListItem\",\"position\":2,\"name\":\"Informationen\",\"item\":\"https:\\\/\\\/revitapolis.com\\\/de\\\/informationen\\\/\"},{\"@type\":\"ListItem\",\"position\":3,\"name\":\"Gemeinden\"}]},{\"@type\":\"WebSite\",\"@id\":\"https:\\\/\\\/revitapolis.com\\\/de\\\/#website\",\"url\":\"https:\\\/\\\/revitapolis.com\\\/de\\\/\",\"name\":\"Revitapolis\",\"description\":\"Wiederbelebung italienischer Orte\",\"publisher\":{\"@id\":\"https:\\\/\\\/revitapolis.com\\\/de\\\/#organization\"},\"potentialAction\":[{\"@type\":\"SearchAction\",\"target\":{\"@type\":\"EntryPoint\",\"urlTemplate\":\"https:\\\/\\\/revitapolis.com\\\/de\\\/?s={search_term_string}\"},\"query-input\":{\"@type\":\"PropertyValueSpecification\",\"valueRequired\":true,\"valueName\":\"search_term_string\"}}],\"inLanguage\":\"de\"},{\"@type\":\"Organization\",\"@id\":\"https:\\\/\\\/revitapolis.com\\\/de\\\/#organization\",\"name\":\"Revitapolis\",\"url\":\"https:\\\/\\\/revitapolis.com\\\/de\\\/\",\"logo\":{\"@type\":\"ImageObject\",\"inLanguage\":\"de\",\"@id\":\"https:\\\/\\\/revitapolis.com\\\/de\\\/#\\\/schema\\\/logo\\\/image\\\/\",\"url\":\"https:\\\/\\\/revitapolis.com\\\/wp-content\\\/uploads\\\/2022\\\/03\\\/cropped-logo-revitapolis.jpg\",\"contentUrl\":\"https:\\\/\\\/revitapolis.com\\\/wp-content\\\/uploads\\\/2022\\\/03\\\/cropped-logo-revitapolis.jpg\",\"width\":200,\"height\":91,\"caption\":\"Revitapolis\"},\"image\":{\"@id\":\"https:\\\/\\\/revitapolis.com\\\/de\\\/#\\\/schema\\\/logo\\\/image\\\/\"}}]}<\/script>\n<!-- \/ Yoast SEO plugin. -->","yoast_head_json":{"title":"Gemeinden - Revitapolis","description":"Zeigen Sie, was ihre Gemeinde zu bieten hat. Nutzen Sie diese einmalige Chance, ihre Gemeinde zu neuem Leben zu erwecken. Werden Sie bunt!","robots":{"index":"index","follow":"follow","max-snippet":"max-snippet:-1","max-image-preview":"max-image-preview:large","max-video-preview":"max-video-preview:-1"},"canonical":"https:\/\/revitapolis.com\/de\/informationen\/informationen-fuer-gemeinden\/","og_locale":"de_DE","og_type":"article","og_title":"Gemeinden - Revitapolis","og_description":"Zeigen Sie, was ihre Gemeinde zu bieten hat. Nutzen Sie diese einmalige Chance, ihre Gemeinde zu neuem Leben zu erwecken. Werden Sie bunt!","og_url":"https:\/\/revitapolis.com\/de\/informationen\/informationen-fuer-gemeinden\/","og_site_name":"Revitapolis","article_modified_time":"2024-05-02T06:06:52+00:00","og_image":[{"url":"https:\/\/revitapolis.com\/wp-content\/uploads\/2023\/03\/vieste-3683239_1920-1024x668.jpg","type":"","width":"","height":""}],"twitter_card":"summary_large_image","twitter_misc":{"Gesch\u00e4tzte Lesezeit":"2\u00a0Minuten"},"schema":{"@context":"https:\/\/schema.org","@graph":[{"@type":"WebPage","@id":"https:\/\/revitapolis.com\/de\/informationen\/informationen-fuer-gemeinden\/","url":"https:\/\/revitapolis.com\/de\/informationen\/informationen-fuer-gemeinden\/","name":"Gemeinden - Revitapolis","isPartOf":{"@id":"https:\/\/revitapolis.com\/de\/#website"},"primaryImageOfPage":{"@id":"https:\/\/revitapolis.com\/de\/informationen\/informationen-fuer-gemeinden\/#primaryimage"},"image":{"@id":"https:\/\/revitapolis.com\/de\/informationen\/informationen-fuer-gemeinden\/#primaryimage"},"thumbnailUrl":"https:\/\/revitapolis.com\/wp-content\/uploads\/2023\/03\/vieste-3683239_1920-1024x668.jpg","datePublished":"2022-03-13T09:44:25+00:00","dateModified":"2024-05-02T06:06:52+00:00","description":"Zeigen Sie, was ihre Gemeinde zu bieten hat. Nutzen Sie diese einmalige Chance, ihre Gemeinde zu neuem Leben zu erwecken. Werden Sie bunt!","breadcrumb":{"@id":"https:\/\/revitapolis.com\/de\/informationen\/informationen-fuer-gemeinden\/#breadcrumb"},"inLanguage":"de","potentialAction":[{"@type":"ReadAction","target":["https:\/\/revitapolis.com\/de\/informationen\/informationen-fuer-gemeinden\/"]}]},{"@type":"ImageObject","inLanguage":"de","@id":"https:\/\/revitapolis.com\/de\/informationen\/informationen-fuer-gemeinden\/#primaryimage","url":"https:\/\/revitapolis.com\/wp-content\/uploads\/2023\/03\/vieste-3683239_1920-1024x668.jpg","contentUrl":"https:\/\/revitapolis.com\/wp-content\/uploads\/2023\/03\/vieste-3683239_1920-1024x668.jpg"},{"@type":"BreadcrumbList","@id":"https:\/\/revitapolis.com\/de\/informationen\/informationen-fuer-gemeinden\/#breadcrumb","itemListElement":[{"@type":"ListItem","position":1,"name":"Startseite","item":"https:\/\/revitapolis.com\/de\/"},{"@type":"ListItem","position":2,"name":"Informationen","item":"https:\/\/revitapolis.com\/de\/informationen\/"},{"@type":"ListItem","position":3,"name":"Gemeinden"}]},{"@type":"WebSite","@id":"https:\/\/revitapolis.com\/de\/#website","url":"https:\/\/revitapolis.com\/de\/","name":"Revitapolis","description":"Wiederbelebung italienischer Orte","publisher":{"@id":"https:\/\/revitapolis.com\/de\/#organization"},"potentialAction":[{"@type":"SearchAction","target":{"@type":"EntryPoint","urlTemplate":"https:\/\/revitapolis.com\/de\/?s={search_term_string}"},"query-input":{"@type":"PropertyValueSpecification","valueRequired":true,"valueName":"search_term_string"}}],"inLanguage":"de"},{"@type":"Organization","@id":"https:\/\/revitapolis.com\/de\/#organization","name":"Revitapolis","url":"https:\/\/revitapolis.com\/de\/","logo":{"@type":"ImageObject","inLanguage":"de","@id":"https:\/\/revitapolis.com\/de\/#\/schema\/logo\/image\/","url":"https:\/\/revitapolis.com\/wp-content\/uploads\/2022\/03\/cropped-logo-revitapolis.jpg","contentUrl":"https:\/\/revitapolis.com\/wp-content\/uploads\/2022\/03\/cropped-logo-revitapolis.jpg","width":200,"height":91,"caption":"Revitapolis"},"image":{"@id":"https:\/\/revitapolis.com\/de\/#\/schema\/logo\/image\/"}}]}},"_links":{"self":[{"href":"https:\/\/revitapolis.com\/de\/wp-json\/wp\/v2\/pages\/36","targetHints":{"allow":["GET"]}}],"collection":[{"href":"https:\/\/revitapolis.com\/de\/wp-json\/wp\/v2\/pages"}],"about":[{"href":"https:\/\/revitapolis.com\/de\/wp-json\/wp\/v2\/types\/page"}],"author":[{"embeddable":true,"href":"https:\/\/revitapolis.com\/de\/wp-json\/wp\/v2\/users\/1"}],"replies":[{"embeddable":true,"href":"https:\/\/revitapolis.com\/de\/wp-json\/wp\/v2\/comments?post=36"}],"version-history":[{"count":11,"href":"https:\/\/revitapolis.com\/de\/wp-json\/wp\/v2\/pages\/36\/revisions"}],"predecessor-version":[{"id":3623,"href":"https:\/\/revitapolis.com\/de\/wp-json\/wp\/v2\/pages\/36\/revisions\/3623"}],"up":[{"embeddable":true,"href":"https:\/\/revitapolis.com\/de\/wp-json\/wp\/v2\/pages\/1269"}],"wp:attachment":[{"href":"https:\/\/revitapolis.com\/de\/wp-json\/wp\/v2\/media?parent=36"}],"curies":[{"name":"wp","href":"https:\/\/api.w.org\/{rel}","templated":true}]}}