{"id":34,"date":"2022-03-13T09:43:07","date_gmt":"2022-03-13T09:43:07","guid":{"rendered":"https:\/\/revitapolis.com\/?page_id=34"},"modified":"2024-05-02T06:06:50","modified_gmt":"2024-05-02T06:06:50","slug":"informationen-fuer-sponsoren","status":"publish","type":"page","link":"https:\/\/revitapolis.com\/de\/informationen\/informationen-fuer-sponsoren\/","title":{"rendered":"Sponsoren"},"content":{"rendered":"\n<div style=\"height:21px\" aria-hidden=\"true\" class=\"wp-block-spacer\"><\/div>\n\n\n\n<h2 class=\"has-medium-font-size wp-block-heading\">Sie wollen an unserem Projekt teilnehmen und Teil der Vision werden?<\/h2>\n\n\n\n<p><strong>Werden sie Sponsor ihrer Gemeinde und zeigen sie, was Ihre Gemeinde zu bieten hat. <\/strong><\/p>\n\n\n\n<p>Auch k\u00f6nnen Sie im Bereich der Kultur ein Projekt, einen Musiker oder Schriftsteller als Sponsor unterst\u00fctzen.<\/p>\n\n\n\n<p>Gleichzeitig machen sie mit dem Sponsoring Werbung f\u00fcr ihr Unternehmen. Selbstverst\u00e4ndlich k\u00f6nnen sie die Kosten als Betriebsausgaben steuerlich gelten machen. Neben einem Backlink auf ihre bestehende Webpr\u00e4senz verbessern sie das Ranking ihrer Webseite bei Google. Sofern sie noch keine eigene Webseite haben, erstellen wir f\u00fcr sie eine eigene Unterseite, welche wir auf unserem Portal einbinden. Die Suchmaschinenoptimierung dieser Unterseite ist selbstverst\u00e4ndlich. Wir wollen, dass ihr Engagement auf unserem Portal auch wirtschaftlichen Nutzen f\u00fcr sie hat. Sie k\u00f6nnen auf ihrer Unterseite z.B. auch Stellenangebote einbinden oder ihre Produkte online verkaufen. Wir haben eine dynamische Suchfunktion eingebaut, so dass ihr Unternehmen und ihre Produkte einfacher gefunden werden. Es gibt unterschiedliche Sponsoring-Pakete. Hier finden sie eine Unterseite f\u00fcr <a href=\"https:\/\/revitapolis.com\/informationen\/informationen-fuer-sponsoren\/firmenvorlage\/\">Ihre Werbung als Vorlage<\/a>. F\u00fcr weitere Informationen nehmen sie bitte <a href=\"https:\/\/revitapolis.com\/kontakt\/\">Kontakt<\/a> zu uns auf.   <\/p>\n\n\n\n<figure class=\"wp-block-image size-large\"><img fetchpriority=\"high\" decoding=\"async\" width=\"1024\" height=\"683\" src=\"https:\/\/revitapolis.com\/wp-content\/uploads\/2023\/03\/fathers-day-2135265_1920-1024x683.jpg\" alt=\"\" class=\"wp-image-3630\" srcset=\"https:\/\/revitapolis.com\/wp-content\/uploads\/2023\/03\/fathers-day-2135265_1920-1024x683.jpg 1024w, https:\/\/revitapolis.com\/wp-content\/uploads\/2023\/03\/fathers-day-2135265_1920-300x200.jpg 300w, https:\/\/revitapolis.com\/wp-content\/uploads\/2023\/03\/fathers-day-2135265_1920-768x512.jpg 768w, https:\/\/revitapolis.com\/wp-content\/uploads\/2023\/03\/fathers-day-2135265_1920-1536x1024.jpg 1536w, https:\/\/revitapolis.com\/wp-content\/uploads\/2023\/03\/fathers-day-2135265_1920.jpg 1920w\" sizes=\"(max-width: 1024px) 100vw, 1024px\" \/><\/figure>\n\n\n\n<div style=\"height:15px\" aria-hidden=\"true\" class=\"wp-block-spacer\"><\/div>\n\n\n\n<hr style=\"border: 0; height: 1px; background-image: linear-gradient(to right, rgba(0, 0, 0, 0), rgba(0, 0, 0, 0.75), rgba(0, 0, 0, 0));\">\n","protected":false},"excerpt":{"rendered":"<p>Sie wollen an unserem Projekt teilnehmen und Teil der Vision werden? Werden sie Sponsor ihrer Gemeinde und zeigen sie, was Ihre Gemeinde zu bieten hat. Auch k\u00f6nnen Sie im Bereich der Kultur ein Projekt, einen Musiker oder Schriftsteller als Sponsor unterst\u00fctzen. Gleichzeitig machen sie mit dem Sponsoring Werbung f\u00fcr ihr Unternehmen. Selbstverst\u00e4ndlich k\u00f6nnen sie die [&hellip;]<\/p>\n","protected":false},"author":1,"featured_media":0,"parent":1269,"menu_order":0,"comment_status":"closed","ping_status":"closed","template":"","meta":{"_acf_changed":false,"om_disable_all_campaigns":false,"_monsterinsights_skip_tracking":false,"_monsterinsights_sitenote_active":false,"_monsterinsights_sitenote_note":"","_monsterinsights_sitenote_category":0,"ocean_post_layout":"right-sidebar","ocean_both_sidebars_style":"","ocean_both_sidebars_content_width":0,"ocean_both_sidebars_sidebars_width":0,"ocean_sidebar":"sidebar","ocean_second_sidebar":"0","ocean_disable_margins":"enable","ocean_add_body_class":"","ocean_shortcode_before_top_bar":"","ocean_shortcode_after_top_bar":"","ocean_shortcode_before_header":"","ocean_shortcode_after_header":"","ocean_has_shortcode":"","ocean_shortcode_after_title":"","ocean_shortcode_before_footer_widgets":"","ocean_shortcode_after_footer_widgets":"","ocean_shortcode_before_footer_bottom":"","ocean_shortcode_after_footer_bottom":"","ocean_display_top_bar":"default","ocean_display_header":"default","ocean_header_style":"","ocean_center_header_left_menu":"0","ocean_custom_header_template":"0","ocean_custom_logo":0,"ocean_custom_retina_logo":0,"ocean_custom_logo_max_width":0,"ocean_custom_logo_tablet_max_width":0,"ocean_custom_logo_mobile_max_width":0,"ocean_custom_logo_max_height":0,"ocean_custom_logo_tablet_max_height":0,"ocean_custom_logo_mobile_max_height":0,"ocean_header_custom_menu":"0","ocean_menu_typo_font_family":"0","ocean_menu_typo_font_subset":"","ocean_menu_typo_font_size":0,"ocean_menu_typo_font_size_tablet":0,"ocean_menu_typo_font_size_mobile":0,"ocean_menu_typo_font_size_unit":"px","ocean_menu_typo_font_weight":"","ocean_menu_typo_font_weight_tablet":"","ocean_menu_typo_font_weight_mobile":"","ocean_menu_typo_transform":"","ocean_menu_typo_transform_tablet":"","ocean_menu_typo_transform_mobile":"","ocean_menu_typo_line_height":0,"ocean_menu_typo_line_height_tablet":0,"ocean_menu_typo_line_height_mobile":0,"ocean_menu_typo_line_height_unit":"","ocean_menu_typo_spacing":0,"ocean_menu_typo_spacing_tablet":0,"ocean_menu_typo_spacing_mobile":0,"ocean_menu_typo_spacing_unit":"","ocean_menu_link_color":"","ocean_menu_link_color_hover":"","ocean_menu_link_color_active":"","ocean_menu_link_background":"","ocean_menu_link_hover_background":"","ocean_menu_link_active_background":"","ocean_menu_social_links_bg":"","ocean_menu_social_hover_links_bg":"","ocean_menu_social_links_color":"","ocean_menu_social_hover_links_color":"","ocean_disable_title":"default","ocean_disable_heading":"default","ocean_post_title":"","ocean_post_subheading":"","ocean_post_title_style":"","ocean_post_title_background_color":"","ocean_post_title_background":0,"ocean_post_title_bg_image_position":"","ocean_post_title_bg_image_attachment":"","ocean_post_title_bg_image_repeat":"","ocean_post_title_bg_image_size":"","ocean_post_title_height":0,"ocean_post_title_bg_overlay":0.5,"ocean_post_title_bg_overlay_color":"","ocean_disable_breadcrumbs":"default","ocean_breadcrumbs_color":"","ocean_breadcrumbs_separator_color":"","ocean_breadcrumbs_links_color":"","ocean_breadcrumbs_links_hover_color":"","ocean_display_footer_widgets":"default","ocean_display_footer_bottom":"default","ocean_custom_footer_template":"0","footnotes":""},"class_list":["post-34","page","type-page","status-publish","hentry","entry"],"acf":[],"yoast_head":"<!-- This site is optimized with the Yoast SEO plugin v27.3 - https:\/\/yoast.com\/product\/yoast-seo-wordpress\/ -->\n<title>Sponsoren - Revitapolis<\/title>\n<meta name=\"description\" content=\"Informationen f\u00fcr Sponsoren: Werden Sie Sponsor Ihrer Gemeinde und machen sie Werbung f\u00fcr Ihr Unternehmen.\" \/>\n<meta name=\"robots\" content=\"index, follow, max-snippet:-1, max-image-preview:large, max-video-preview:-1\" \/>\n<link rel=\"canonical\" href=\"https:\/\/revitapolis.com\/de\/informationen\/informationen-fuer-sponsoren\/\" \/>\n<meta property=\"og:locale\" content=\"de_DE\" \/>\n<meta property=\"og:type\" content=\"article\" \/>\n<meta property=\"og:title\" content=\"Sponsoren - Revitapolis\" \/>\n<meta property=\"og:description\" content=\"Informationen f\u00fcr Sponsoren: Werden Sie Sponsor Ihrer Gemeinde und machen sie Werbung f\u00fcr Ihr Unternehmen.\" \/>\n<meta property=\"og:url\" content=\"https:\/\/revitapolis.com\/de\/informationen\/informationen-fuer-sponsoren\/\" \/>\n<meta property=\"og:site_name\" content=\"Revitapolis\" \/>\n<meta property=\"article:modified_time\" content=\"2024-05-02T06:06:50+00:00\" \/>\n<meta property=\"og:image\" content=\"https:\/\/revitapolis.com\/wp-content\/uploads\/2023\/03\/fathers-day-2135265_1920-1024x683.jpg\" \/>\n<meta name=\"twitter:card\" content=\"summary_large_image\" \/>\n<meta name=\"twitter:label1\" content=\"Gesch\u00e4tzte Lesezeit\" \/>\n\t<meta name=\"twitter:data1\" content=\"2\u00a0Minuten\" \/>\n<script type=\"application\/ld+json\" class=\"yoast-schema-graph\">{\"@context\":\"https:\\\/\\\/schema.org\",\"@graph\":[{\"@type\":\"WebPage\",\"@id\":\"https:\\\/\\\/revitapolis.com\\\/de\\\/informationen\\\/informationen-fuer-sponsoren\\\/\",\"url\":\"https:\\\/\\\/revitapolis.com\\\/de\\\/informationen\\\/informationen-fuer-sponsoren\\\/\",\"name\":\"Sponsoren - Revitapolis\",\"isPartOf\":{\"@id\":\"https:\\\/\\\/revitapolis.com\\\/de\\\/#website\"},\"primaryImageOfPage\":{\"@id\":\"https:\\\/\\\/revitapolis.com\\\/de\\\/informationen\\\/informationen-fuer-sponsoren\\\/#primaryimage\"},\"image\":{\"@id\":\"https:\\\/\\\/revitapolis.com\\\/de\\\/informationen\\\/informationen-fuer-sponsoren\\\/#primaryimage\"},\"thumbnailUrl\":\"https:\\\/\\\/revitapolis.com\\\/wp-content\\\/uploads\\\/2023\\\/03\\\/fathers-day-2135265_1920-1024x683.jpg\",\"datePublished\":\"2022-03-13T09:43:07+00:00\",\"dateModified\":\"2024-05-02T06:06:50+00:00\",\"description\":\"Informationen f\u00fcr Sponsoren: Werden Sie Sponsor Ihrer Gemeinde und machen sie Werbung f\u00fcr Ihr Unternehmen.\",\"breadcrumb\":{\"@id\":\"https:\\\/\\\/revitapolis.com\\\/de\\\/informationen\\\/informationen-fuer-sponsoren\\\/#breadcrumb\"},\"inLanguage\":\"de\",\"potentialAction\":[{\"@type\":\"ReadAction\",\"target\":[\"https:\\\/\\\/revitapolis.com\\\/de\\\/informationen\\\/informationen-fuer-sponsoren\\\/\"]}]},{\"@type\":\"ImageObject\",\"inLanguage\":\"de\",\"@id\":\"https:\\\/\\\/revitapolis.com\\\/de\\\/informationen\\\/informationen-fuer-sponsoren\\\/#primaryimage\",\"url\":\"https:\\\/\\\/revitapolis.com\\\/wp-content\\\/uploads\\\/2023\\\/03\\\/fathers-day-2135265_1920-1024x683.jpg\",\"contentUrl\":\"https:\\\/\\\/revitapolis.com\\\/wp-content\\\/uploads\\\/2023\\\/03\\\/fathers-day-2135265_1920-1024x683.jpg\"},{\"@type\":\"BreadcrumbList\",\"@id\":\"https:\\\/\\\/revitapolis.com\\\/de\\\/informationen\\\/informationen-fuer-sponsoren\\\/#breadcrumb\",\"itemListElement\":[{\"@type\":\"ListItem\",\"position\":1,\"name\":\"Startseite\",\"item\":\"https:\\\/\\\/revitapolis.com\\\/de\\\/\"},{\"@type\":\"ListItem\",\"position\":2,\"name\":\"Informationen\",\"item\":\"https:\\\/\\\/revitapolis.com\\\/de\\\/informationen\\\/\"},{\"@type\":\"ListItem\",\"position\":3,\"name\":\"Sponsoren\"}]},{\"@type\":\"WebSite\",\"@id\":\"https:\\\/\\\/revitapolis.com\\\/de\\\/#website\",\"url\":\"https:\\\/\\\/revitapolis.com\\\/de\\\/\",\"name\":\"Revitapolis\",\"description\":\"Wiederbelebung italienischer Orte\",\"publisher\":{\"@id\":\"https:\\\/\\\/revitapolis.com\\\/de\\\/#organization\"},\"potentialAction\":[{\"@type\":\"SearchAction\",\"target\":{\"@type\":\"EntryPoint\",\"urlTemplate\":\"https:\\\/\\\/revitapolis.com\\\/de\\\/?s={search_term_string}\"},\"query-input\":{\"@type\":\"PropertyValueSpecification\",\"valueRequired\":true,\"valueName\":\"search_term_string\"}}],\"inLanguage\":\"de\"},{\"@type\":\"Organization\",\"@id\":\"https:\\\/\\\/revitapolis.com\\\/de\\\/#organization\",\"name\":\"Revitapolis\",\"url\":\"https:\\\/\\\/revitapolis.com\\\/de\\\/\",\"logo\":{\"@type\":\"ImageObject\",\"inLanguage\":\"de\",\"@id\":\"https:\\\/\\\/revitapolis.com\\\/de\\\/#\\\/schema\\\/logo\\\/image\\\/\",\"url\":\"https:\\\/\\\/revitapolis.com\\\/wp-content\\\/uploads\\\/2022\\\/03\\\/cropped-logo-revitapolis.jpg\",\"contentUrl\":\"https:\\\/\\\/revitapolis.com\\\/wp-content\\\/uploads\\\/2022\\\/03\\\/cropped-logo-revitapolis.jpg\",\"width\":200,\"height\":91,\"caption\":\"Revitapolis\"},\"image\":{\"@id\":\"https:\\\/\\\/revitapolis.com\\\/de\\\/#\\\/schema\\\/logo\\\/image\\\/\"}}]}<\/script>\n<!-- \/ Yoast SEO plugin. -->","yoast_head_json":{"title":"Sponsoren - Revitapolis","description":"Informationen f\u00fcr Sponsoren: Werden Sie Sponsor Ihrer Gemeinde und machen sie Werbung f\u00fcr Ihr Unternehmen.","robots":{"index":"index","follow":"follow","max-snippet":"max-snippet:-1","max-image-preview":"max-image-preview:large","max-video-preview":"max-video-preview:-1"},"canonical":"https:\/\/revitapolis.com\/de\/informationen\/informationen-fuer-sponsoren\/","og_locale":"de_DE","og_type":"article","og_title":"Sponsoren - Revitapolis","og_description":"Informationen f\u00fcr Sponsoren: Werden Sie Sponsor Ihrer Gemeinde und machen sie Werbung f\u00fcr Ihr Unternehmen.","og_url":"https:\/\/revitapolis.com\/de\/informationen\/informationen-fuer-sponsoren\/","og_site_name":"Revitapolis","article_modified_time":"2024-05-02T06:06:50+00:00","og_image":[{"url":"https:\/\/revitapolis.com\/wp-content\/uploads\/2023\/03\/fathers-day-2135265_1920-1024x683.jpg","type":"","width":"","height":""}],"twitter_card":"summary_large_image","twitter_misc":{"Gesch\u00e4tzte Lesezeit":"2\u00a0Minuten"},"schema":{"@context":"https:\/\/schema.org","@graph":[{"@type":"WebPage","@id":"https:\/\/revitapolis.com\/de\/informationen\/informationen-fuer-sponsoren\/","url":"https:\/\/revitapolis.com\/de\/informationen\/informationen-fuer-sponsoren\/","name":"Sponsoren - Revitapolis","isPartOf":{"@id":"https:\/\/revitapolis.com\/de\/#website"},"primaryImageOfPage":{"@id":"https:\/\/revitapolis.com\/de\/informationen\/informationen-fuer-sponsoren\/#primaryimage"},"image":{"@id":"https:\/\/revitapolis.com\/de\/informationen\/informationen-fuer-sponsoren\/#primaryimage"},"thumbnailUrl":"https:\/\/revitapolis.com\/wp-content\/uploads\/2023\/03\/fathers-day-2135265_1920-1024x683.jpg","datePublished":"2022-03-13T09:43:07+00:00","dateModified":"2024-05-02T06:06:50+00:00","description":"Informationen f\u00fcr Sponsoren: Werden Sie Sponsor Ihrer Gemeinde und machen sie Werbung f\u00fcr Ihr Unternehmen.","breadcrumb":{"@id":"https:\/\/revitapolis.com\/de\/informationen\/informationen-fuer-sponsoren\/#breadcrumb"},"inLanguage":"de","potentialAction":[{"@type":"ReadAction","target":["https:\/\/revitapolis.com\/de\/informationen\/informationen-fuer-sponsoren\/"]}]},{"@type":"ImageObject","inLanguage":"de","@id":"https:\/\/revitapolis.com\/de\/informationen\/informationen-fuer-sponsoren\/#primaryimage","url":"https:\/\/revitapolis.com\/wp-content\/uploads\/2023\/03\/fathers-day-2135265_1920-1024x683.jpg","contentUrl":"https:\/\/revitapolis.com\/wp-content\/uploads\/2023\/03\/fathers-day-2135265_1920-1024x683.jpg"},{"@type":"BreadcrumbList","@id":"https:\/\/revitapolis.com\/de\/informationen\/informationen-fuer-sponsoren\/#breadcrumb","itemListElement":[{"@type":"ListItem","position":1,"name":"Startseite","item":"https:\/\/revitapolis.com\/de\/"},{"@type":"ListItem","position":2,"name":"Informationen","item":"https:\/\/revitapolis.com\/de\/informationen\/"},{"@type":"ListItem","position":3,"name":"Sponsoren"}]},{"@type":"WebSite","@id":"https:\/\/revitapolis.com\/de\/#website","url":"https:\/\/revitapolis.com\/de\/","name":"Revitapolis","description":"Wiederbelebung italienischer Orte","publisher":{"@id":"https:\/\/revitapolis.com\/de\/#organization"},"potentialAction":[{"@type":"SearchAction","target":{"@type":"EntryPoint","urlTemplate":"https:\/\/revitapolis.com\/de\/?s={search_term_string}"},"query-input":{"@type":"PropertyValueSpecification","valueRequired":true,"valueName":"search_term_string"}}],"inLanguage":"de"},{"@type":"Organization","@id":"https:\/\/revitapolis.com\/de\/#organization","name":"Revitapolis","url":"https:\/\/revitapolis.com\/de\/","logo":{"@type":"ImageObject","inLanguage":"de","@id":"https:\/\/revitapolis.com\/de\/#\/schema\/logo\/image\/","url":"https:\/\/revitapolis.com\/wp-content\/uploads\/2022\/03\/cropped-logo-revitapolis.jpg","contentUrl":"https:\/\/revitapolis.com\/wp-content\/uploads\/2022\/03\/cropped-logo-revitapolis.jpg","width":200,"height":91,"caption":"Revitapolis"},"image":{"@id":"https:\/\/revitapolis.com\/de\/#\/schema\/logo\/image\/"}}]}},"_links":{"self":[{"href":"https:\/\/revitapolis.com\/de\/wp-json\/wp\/v2\/pages\/34","targetHints":{"allow":["GET"]}}],"collection":[{"href":"https:\/\/revitapolis.com\/de\/wp-json\/wp\/v2\/pages"}],"about":[{"href":"https:\/\/revitapolis.com\/de\/wp-json\/wp\/v2\/types\/page"}],"author":[{"embeddable":true,"href":"https:\/\/revitapolis.com\/de\/wp-json\/wp\/v2\/users\/1"}],"replies":[{"embeddable":true,"href":"https:\/\/revitapolis.com\/de\/wp-json\/wp\/v2\/comments?post=34"}],"version-history":[{"count":16,"href":"https:\/\/revitapolis.com\/de\/wp-json\/wp\/v2\/pages\/34\/revisions"}],"predecessor-version":[{"id":3634,"href":"https:\/\/revitapolis.com\/de\/wp-json\/wp\/v2\/pages\/34\/revisions\/3634"}],"up":[{"embeddable":true,"href":"https:\/\/revitapolis.com\/de\/wp-json\/wp\/v2\/pages\/1269"}],"wp:attachment":[{"href":"https:\/\/revitapolis.com\/de\/wp-json\/wp\/v2\/media?parent=34"}],"curies":[{"name":"wp","href":"https:\/\/api.w.org\/{rel}","templated":true}]}}