{"id":3000,"date":"2022-11-27T19:25:42","date_gmt":"2022-11-27T19:25:42","guid":{"rendered":"https:\/\/revitapolis.com\/?page_id=3000"},"modified":"2024-07-09T12:38:42","modified_gmt":"2024-07-09T12:38:42","slug":"die-provinz-terni","status":"publish","type":"page","link":"https:\/\/revitapolis.com\/de\/die-regionen-in-italien\/umbrien\/die-provinz-terni\/","title":{"rendered":"Provinz Terni"},"content":{"rendered":"\n<div style=\"height:10px\" aria-hidden=\"true\" class=\"wp-block-spacer\"><\/div>\n\n\n\n<p>Hier finden Sie Informationen zur Provinz Terni und eine Liste aller Gemeinden.<\/p>\n\n\n\n<div class=\"wp-block-media-text is-stacked-on-mobile is-vertically-aligned-center\" style=\"grid-template-columns:44% auto\"><figure class=\"wp-block-media-text__media\"><img fetchpriority=\"high\" decoding=\"async\" width=\"640\" height=\"427\" src=\"https:\/\/revitapolis.com\/wp-content\/uploads\/2023\/04\/orvieto-2078656_640.jpg\" alt=\"\" class=\"wp-image-4503 size-full\" srcset=\"https:\/\/revitapolis.com\/wp-content\/uploads\/2023\/04\/orvieto-2078656_640.jpg 640w, https:\/\/revitapolis.com\/wp-content\/uploads\/2023\/04\/orvieto-2078656_640-300x200.jpg 300w\" sizes=\"(max-width: 640px) 100vw, 640px\" \/><\/figure><div class=\"wp-block-media-text__content\">\n<div style=\"height:20px\" aria-hidden=\"true\" class=\"wp-block-spacer\"><\/div>\n\n\n\n<p style=\"font-size:18px\">Die Provinz Terni besteht aus 33 Gemeinden. Auf einer Fl\u00e4che von 2.127&nbsp;km\u00b2 leben 216.911 Einwohner (Stand 31.08.2022). Hauptstadt ist Terni mit 106.285 Einwohnern (Stand 01.01.2023).<\/p>\n\n\n\n<p>Kurzinfo mit Karte erhalten Sie hier: <a href=\"https:\/\/www.google.com\/maps\/place\/Province+of+Terni,+Italy\/@42.6518976,11.7346101,9z\/data=!3m1!4b1!4m6!3m5!1s0x132edd2aeee707d1:0x3082c90e3e480d0!8m2!3d42.5634534!4d12.5298028!16zL20vMDN4NWti\">TERNI<\/a><\/p>\n<\/div><\/div>\n\n\n\n<h2 class=\"wp-block-heading\" style=\"font-size:30px\">Italien &gt; Umbrien &gt; Provinz Terni<\/h2>\n\n\n\n<p>Die Provinz Terni liegt im Herzen von Italien. Sie ist bekannt f\u00fcr ihre atemberaubende Landschaft, ihre reiche Geschichte und ihre traditionelle K\u00fcche. Die Landschaft ist von Bergen und H\u00fcgeln gepr\u00e4gt, die von W\u00e4ldern und Fl\u00fcssen durchzogen sind. Die H\u00f6henunterschiede entlang der Flussl\u00e4ufe erm\u00f6glichen die Herstellung von elektrischer Energie durch Nutzung der Wasserkraft. Dies hat zur Entstehung mehrerer k\u00fcnstlicher Seen gef\u00fchrt. Die Provinz hat zwei wichtige Natur- bzw. Wasserschutzgebiete. Die Provinz war nachweislich bereits im 2. Jahrtausend vor Christus besiedelt. <\/p>\n\n\n\n<p>Die traditionelle K\u00fcche von Terni ist ber\u00fchmt f\u00fcr ihre einfachen, aber k\u00f6stlichen Gerichte, die aus regionalen Zutaten wie Tr\u00fcffeln, Linsen und Wildschwein hergestellt werden.<\/p>\n\n\n\n<p>In der Provinz wurde 1884 das erste Stahlwerk Italiens, die heutige Acciai Speciali Terni, gegr\u00fcndet. Aufgrund der Schwer- und Waffenindustrie in der Provinz gab es w\u00e4hrend des Zweiten Weltkriegs mehrfach Bombardierungen. Die Stadt Terni und ihre Umgebung wurden nach dem Krieg fast vollst\u00e4ndig wieder aufgebaut. F\u00fcr den Tourismus sind insbesondere Orvieto und die Marmore-Wasserf\u00e4llen weltbekannt.<\/p>\n\n\n\n<div style=\"height:20px\" aria-hidden=\"true\" class=\"wp-block-spacer\"><\/div>\n\n\n\n<hr>\n\n\n\n<p class=\"has-white-color has-cyan-bluish-gray-background-color has-text-color has-background\"><strong>Die Gemeinden der Provinz Terni<\/strong><\/p>\n\n\n\n<ul class=\"wp-block-list\">\n<li>Acquasparta<\/li>\n\n\n\n<li>Allerona<\/li>\n\n\n\n<li>Alviano<\/li>\n\n\n\n<li>Amelia<\/li>\n\n\n\n<li>Arrone<\/li>\n\n\n\n<li>Attigliano<\/li>\n\n\n\n<li>Avigliano Umbro<\/li>\n\n\n\n<li>Baschi<\/li>\n\n\n\n<li>Calvi dell\u2019Umbria<\/li>\n\n\n\n<li>Castel Giorgio<\/li>\n\n\n\n<li>Castel Viscardo<\/li>\n\n\n\n<li>Fabro<\/li>\n\n\n\n<li>Ferentillo<\/li>\n\n\n\n<li>Ficulle<\/li>\n\n\n\n<li>Giove<\/li>\n\n\n\n<li>Guardea<\/li>\n\n\n\n<li>Lugnano in Teverina<\/li>\n\n\n\n<li>Montecastrilli<\/li>\n\n\n\n<li>Montecchio<\/li>\n\n\n\n<li>Montefranco<\/li>\n\n\n\n<li>Montegabbione<\/li>\n\n\n\n<li>Monteleone d\u2018Orvieto<\/li>\n\n\n\n<li>Narni<\/li>\n\n\n\n<li>Orvieto<\/li>\n\n\n\n<li>Otricoli<\/li>\n\n\n\n<li>Parrano<\/li>\n\n\n\n<li>Penna in Teverina<\/li>\n\n\n\n<li>Polino<\/li>\n\n\n\n<li>Porano<\/li>\n\n\n\n<li>San Gemini<\/li>\n\n\n\n<li>San Venanzo<\/li>\n\n\n\n<li>Stroncone<\/li>\n\n\n\n<li>Terni<\/li>\n<\/ul>\n\n\n\n<hr style=\"border: 0; height: 1px; background-image: linear-gradient(to right, rgba(0, 0, 0, 0), rgba(0, 0, 0, 0.75), rgba(0, 0, 0, 0));\">\n\n\n\n<div style=\"height:10px\" aria-hidden=\"true\" class=\"wp-block-spacer\"><\/div>\n","protected":false},"excerpt":{"rendered":"<p>Hier finden Sie Informationen zur Provinz Terni und eine Liste aller Gemeinden. Italien &gt; Umbrien &gt; Provinz Terni Die Provinz Terni liegt im Herzen von Italien. Sie ist bekannt f\u00fcr ihre atemberaubende Landschaft, ihre reiche Geschichte und ihre traditionelle K\u00fcche. Die Landschaft ist von Bergen und H\u00fcgeln gepr\u00e4gt, die von W\u00e4ldern und Fl\u00fcssen durchzogen sind. [&hellip;]<\/p>\n","protected":false},"author":1,"featured_media":0,"parent":83,"menu_order":0,"comment_status":"closed","ping_status":"closed","template":"","meta":{"_acf_changed":false,"om_disable_all_campaigns":false,"_monsterinsights_skip_tracking":false,"_monsterinsights_sitenote_active":false,"_monsterinsights_sitenote_note":"","_monsterinsights_sitenote_category":0,"ocean_post_layout":"","ocean_both_sidebars_style":"","ocean_both_sidebars_content_width":0,"ocean_both_sidebars_sidebars_width":0,"ocean_sidebar":"0","ocean_second_sidebar":"0","ocean_disable_margins":"enable","ocean_add_body_class":"","ocean_shortcode_before_top_bar":"","ocean_shortcode_after_top_bar":"","ocean_shortcode_before_header":"","ocean_shortcode_after_header":"","ocean_has_shortcode":"","ocean_shortcode_after_title":"","ocean_shortcode_before_footer_widgets":"","ocean_shortcode_after_footer_widgets":"","ocean_shortcode_before_footer_bottom":"","ocean_shortcode_after_footer_bottom":"","ocean_display_top_bar":"default","ocean_display_header":"default","ocean_header_style":"","ocean_center_header_left_menu":"0","ocean_custom_header_template":"0","ocean_custom_logo":0,"ocean_custom_retina_logo":0,"ocean_custom_logo_max_width":0,"ocean_custom_logo_tablet_max_width":0,"ocean_custom_logo_mobile_max_width":0,"ocean_custom_logo_max_height":0,"ocean_custom_logo_tablet_max_height":0,"ocean_custom_logo_mobile_max_height":0,"ocean_header_custom_menu":"0","ocean_menu_typo_font_family":"0","ocean_menu_typo_font_subset":"","ocean_menu_typo_font_size":0,"ocean_menu_typo_font_size_tablet":0,"ocean_menu_typo_font_size_mobile":0,"ocean_menu_typo_font_size_unit":"px","ocean_menu_typo_font_weight":"","ocean_menu_typo_font_weight_tablet":"","ocean_menu_typo_font_weight_mobile":"","ocean_menu_typo_transform":"","ocean_menu_typo_transform_tablet":"","ocean_menu_typo_transform_mobile":"","ocean_menu_typo_line_height":0,"ocean_menu_typo_line_height_tablet":0,"ocean_menu_typo_line_height_mobile":0,"ocean_menu_typo_line_height_unit":"","ocean_menu_typo_spacing":0,"ocean_menu_typo_spacing_tablet":0,"ocean_menu_typo_spacing_mobile":0,"ocean_menu_typo_spacing_unit":"","ocean_menu_link_color":"","ocean_menu_link_color_hover":"","ocean_menu_link_color_active":"","ocean_menu_link_background":"","ocean_menu_link_hover_background":"","ocean_menu_link_active_background":"","ocean_menu_social_links_bg":"","ocean_menu_social_hover_links_bg":"","ocean_menu_social_links_color":"","ocean_menu_social_hover_links_color":"","ocean_disable_title":"default","ocean_disable_heading":"default","ocean_post_title":"","ocean_post_subheading":"","ocean_post_title_style":"","ocean_post_title_background_color":"","ocean_post_title_background":0,"ocean_post_title_bg_image_position":"","ocean_post_title_bg_image_attachment":"","ocean_post_title_bg_image_repeat":"","ocean_post_title_bg_image_size":"","ocean_post_title_height":0,"ocean_post_title_bg_overlay":0.5,"ocean_post_title_bg_overlay_color":"","ocean_disable_breadcrumbs":"default","ocean_breadcrumbs_color":"","ocean_breadcrumbs_separator_color":"","ocean_breadcrumbs_links_color":"","ocean_breadcrumbs_links_hover_color":"","ocean_display_footer_widgets":"default","ocean_display_footer_bottom":"default","ocean_custom_footer_template":"0","footnotes":""},"class_list":["post-3000","page","type-page","status-publish","hentry","entry"],"acf":[],"yoast_head":"<!-- This site is optimized with the Yoast SEO plugin v27.3 - https:\/\/yoast.com\/product\/yoast-seo-wordpress\/ -->\n<title>Provinz Terni - Revitapolis<\/title>\n<meta name=\"description\" content=\"Die Provinz Terni liegt in der Region Umbrien und somit im Herzen Italiens\" \/>\n<meta name=\"robots\" content=\"index, follow, max-snippet:-1, max-image-preview:large, max-video-preview:-1\" \/>\n<link rel=\"canonical\" href=\"https:\/\/revitapolis.com\/de\/die-regionen-in-italien\/umbrien\/die-provinz-terni\/\" \/>\n<meta property=\"og:locale\" content=\"de_DE\" \/>\n<meta property=\"og:type\" content=\"article\" \/>\n<meta property=\"og:title\" content=\"Provinz Terni - Revitapolis\" \/>\n<meta property=\"og:description\" content=\"Die Provinz Terni liegt in der Region Umbrien und somit im Herzen Italiens\" \/>\n<meta property=\"og:url\" content=\"https:\/\/revitapolis.com\/de\/die-regionen-in-italien\/umbrien\/die-provinz-terni\/\" \/>\n<meta property=\"og:site_name\" content=\"Revitapolis\" \/>\n<meta property=\"article:modified_time\" content=\"2024-07-09T12:38:42+00:00\" \/>\n<meta property=\"og:image\" content=\"https:\/\/revitapolis.com\/wp-content\/uploads\/2023\/04\/orvieto-2078656_640.jpg\" \/>\n<meta name=\"twitter:card\" content=\"summary_large_image\" \/>\n<meta name=\"twitter:label1\" content=\"Gesch\u00e4tzte Lesezeit\" \/>\n\t<meta name=\"twitter:data1\" content=\"2\u00a0Minuten\" \/>\n<script type=\"application\/ld+json\" class=\"yoast-schema-graph\">{\"@context\":\"https:\\\/\\\/schema.org\",\"@graph\":[{\"@type\":\"WebPage\",\"@id\":\"https:\\\/\\\/revitapolis.com\\\/de\\\/die-regionen-in-italien\\\/umbrien\\\/die-provinz-terni\\\/\",\"url\":\"https:\\\/\\\/revitapolis.com\\\/de\\\/die-regionen-in-italien\\\/umbrien\\\/die-provinz-terni\\\/\",\"name\":\"Provinz Terni - Revitapolis\",\"isPartOf\":{\"@id\":\"https:\\\/\\\/revitapolis.com\\\/de\\\/#website\"},\"primaryImageOfPage\":{\"@id\":\"https:\\\/\\\/revitapolis.com\\\/de\\\/die-regionen-in-italien\\\/umbrien\\\/die-provinz-terni\\\/#primaryimage\"},\"image\":{\"@id\":\"https:\\\/\\\/revitapolis.com\\\/de\\\/die-regionen-in-italien\\\/umbrien\\\/die-provinz-terni\\\/#primaryimage\"},\"thumbnailUrl\":\"https:\\\/\\\/revitapolis.com\\\/wp-content\\\/uploads\\\/2023\\\/04\\\/orvieto-2078656_640.jpg\",\"datePublished\":\"2022-11-27T19:25:42+00:00\",\"dateModified\":\"2024-07-09T12:38:42+00:00\",\"description\":\"Die Provinz Terni liegt in der Region Umbrien und somit im Herzen Italiens\",\"breadcrumb\":{\"@id\":\"https:\\\/\\\/revitapolis.com\\\/de\\\/die-regionen-in-italien\\\/umbrien\\\/die-provinz-terni\\\/#breadcrumb\"},\"inLanguage\":\"de\",\"potentialAction\":[{\"@type\":\"ReadAction\",\"target\":[\"https:\\\/\\\/revitapolis.com\\\/de\\\/die-regionen-in-italien\\\/umbrien\\\/die-provinz-terni\\\/\"]}]},{\"@type\":\"ImageObject\",\"inLanguage\":\"de\",\"@id\":\"https:\\\/\\\/revitapolis.com\\\/de\\\/die-regionen-in-italien\\\/umbrien\\\/die-provinz-terni\\\/#primaryimage\",\"url\":\"https:\\\/\\\/revitapolis.com\\\/wp-content\\\/uploads\\\/2023\\\/04\\\/orvieto-2078656_640.jpg\",\"contentUrl\":\"https:\\\/\\\/revitapolis.com\\\/wp-content\\\/uploads\\\/2023\\\/04\\\/orvieto-2078656_640.jpg\"},{\"@type\":\"BreadcrumbList\",\"@id\":\"https:\\\/\\\/revitapolis.com\\\/de\\\/die-regionen-in-italien\\\/umbrien\\\/die-provinz-terni\\\/#breadcrumb\",\"itemListElement\":[{\"@type\":\"ListItem\",\"position\":1,\"name\":\"Startseite\",\"item\":\"https:\\\/\\\/revitapolis.com\\\/de\\\/\"},{\"@type\":\"ListItem\",\"position\":2,\"name\":\"Italien\",\"item\":\"https:\\\/\\\/revitapolis.com\\\/de\\\/die-regionen-in-italien\\\/\"},{\"@type\":\"ListItem\",\"position\":3,\"name\":\"Umbrien\",\"item\":\"https:\\\/\\\/revitapolis.com\\\/de\\\/die-regionen-in-italien\\\/umbrien\\\/\"},{\"@type\":\"ListItem\",\"position\":4,\"name\":\"Provinz Terni\"}]},{\"@type\":\"WebSite\",\"@id\":\"https:\\\/\\\/revitapolis.com\\\/de\\\/#website\",\"url\":\"https:\\\/\\\/revitapolis.com\\\/de\\\/\",\"name\":\"Revitapolis\",\"description\":\"Wiederbelebung italienischer Orte\",\"publisher\":{\"@id\":\"https:\\\/\\\/revitapolis.com\\\/de\\\/#organization\"},\"potentialAction\":[{\"@type\":\"SearchAction\",\"target\":{\"@type\":\"EntryPoint\",\"urlTemplate\":\"https:\\\/\\\/revitapolis.com\\\/de\\\/?s={search_term_string}\"},\"query-input\":{\"@type\":\"PropertyValueSpecification\",\"valueRequired\":true,\"valueName\":\"search_term_string\"}}],\"inLanguage\":\"de\"},{\"@type\":\"Organization\",\"@id\":\"https:\\\/\\\/revitapolis.com\\\/de\\\/#organization\",\"name\":\"Revitapolis\",\"url\":\"https:\\\/\\\/revitapolis.com\\\/de\\\/\",\"logo\":{\"@type\":\"ImageObject\",\"inLanguage\":\"de\",\"@id\":\"https:\\\/\\\/revitapolis.com\\\/de\\\/#\\\/schema\\\/logo\\\/image\\\/\",\"url\":\"https:\\\/\\\/revitapolis.com\\\/wp-content\\\/uploads\\\/2022\\\/03\\\/cropped-logo-revitapolis.jpg\",\"contentUrl\":\"https:\\\/\\\/revitapolis.com\\\/wp-content\\\/uploads\\\/2022\\\/03\\\/cropped-logo-revitapolis.jpg\",\"width\":200,\"height\":91,\"caption\":\"Revitapolis\"},\"image\":{\"@id\":\"https:\\\/\\\/revitapolis.com\\\/de\\\/#\\\/schema\\\/logo\\\/image\\\/\"}}]}<\/script>\n<!-- \/ Yoast SEO plugin. -->","yoast_head_json":{"title":"Provinz Terni - Revitapolis","description":"Die Provinz Terni liegt in der Region Umbrien und somit im Herzen Italiens","robots":{"index":"index","follow":"follow","max-snippet":"max-snippet:-1","max-image-preview":"max-image-preview:large","max-video-preview":"max-video-preview:-1"},"canonical":"https:\/\/revitapolis.com\/de\/die-regionen-in-italien\/umbrien\/die-provinz-terni\/","og_locale":"de_DE","og_type":"article","og_title":"Provinz Terni - Revitapolis","og_description":"Die Provinz Terni liegt in der Region Umbrien und somit im Herzen Italiens","og_url":"https:\/\/revitapolis.com\/de\/die-regionen-in-italien\/umbrien\/die-provinz-terni\/","og_site_name":"Revitapolis","article_modified_time":"2024-07-09T12:38:42+00:00","og_image":[{"url":"https:\/\/revitapolis.com\/wp-content\/uploads\/2023\/04\/orvieto-2078656_640.jpg","type":"","width":"","height":""}],"twitter_card":"summary_large_image","twitter_misc":{"Gesch\u00e4tzte Lesezeit":"2\u00a0Minuten"},"schema":{"@context":"https:\/\/schema.org","@graph":[{"@type":"WebPage","@id":"https:\/\/revitapolis.com\/de\/die-regionen-in-italien\/umbrien\/die-provinz-terni\/","url":"https:\/\/revitapolis.com\/de\/die-regionen-in-italien\/umbrien\/die-provinz-terni\/","name":"Provinz Terni - Revitapolis","isPartOf":{"@id":"https:\/\/revitapolis.com\/de\/#website"},"primaryImageOfPage":{"@id":"https:\/\/revitapolis.com\/de\/die-regionen-in-italien\/umbrien\/die-provinz-terni\/#primaryimage"},"image":{"@id":"https:\/\/revitapolis.com\/de\/die-regionen-in-italien\/umbrien\/die-provinz-terni\/#primaryimage"},"thumbnailUrl":"https:\/\/revitapolis.com\/wp-content\/uploads\/2023\/04\/orvieto-2078656_640.jpg","datePublished":"2022-11-27T19:25:42+00:00","dateModified":"2024-07-09T12:38:42+00:00","description":"Die Provinz Terni liegt in der Region Umbrien und somit im Herzen Italiens","breadcrumb":{"@id":"https:\/\/revitapolis.com\/de\/die-regionen-in-italien\/umbrien\/die-provinz-terni\/#breadcrumb"},"inLanguage":"de","potentialAction":[{"@type":"ReadAction","target":["https:\/\/revitapolis.com\/de\/die-regionen-in-italien\/umbrien\/die-provinz-terni\/"]}]},{"@type":"ImageObject","inLanguage":"de","@id":"https:\/\/revitapolis.com\/de\/die-regionen-in-italien\/umbrien\/die-provinz-terni\/#primaryimage","url":"https:\/\/revitapolis.com\/wp-content\/uploads\/2023\/04\/orvieto-2078656_640.jpg","contentUrl":"https:\/\/revitapolis.com\/wp-content\/uploads\/2023\/04\/orvieto-2078656_640.jpg"},{"@type":"BreadcrumbList","@id":"https:\/\/revitapolis.com\/de\/die-regionen-in-italien\/umbrien\/die-provinz-terni\/#breadcrumb","itemListElement":[{"@type":"ListItem","position":1,"name":"Startseite","item":"https:\/\/revitapolis.com\/de\/"},{"@type":"ListItem","position":2,"name":"Italien","item":"https:\/\/revitapolis.com\/de\/die-regionen-in-italien\/"},{"@type":"ListItem","position":3,"name":"Umbrien","item":"https:\/\/revitapolis.com\/de\/die-regionen-in-italien\/umbrien\/"},{"@type":"ListItem","position":4,"name":"Provinz Terni"}]},{"@type":"WebSite","@id":"https:\/\/revitapolis.com\/de\/#website","url":"https:\/\/revitapolis.com\/de\/","name":"Revitapolis","description":"Wiederbelebung italienischer Orte","publisher":{"@id":"https:\/\/revitapolis.com\/de\/#organization"},"potentialAction":[{"@type":"SearchAction","target":{"@type":"EntryPoint","urlTemplate":"https:\/\/revitapolis.com\/de\/?s={search_term_string}"},"query-input":{"@type":"PropertyValueSpecification","valueRequired":true,"valueName":"search_term_string"}}],"inLanguage":"de"},{"@type":"Organization","@id":"https:\/\/revitapolis.com\/de\/#organization","name":"Revitapolis","url":"https:\/\/revitapolis.com\/de\/","logo":{"@type":"ImageObject","inLanguage":"de","@id":"https:\/\/revitapolis.com\/de\/#\/schema\/logo\/image\/","url":"https:\/\/revitapolis.com\/wp-content\/uploads\/2022\/03\/cropped-logo-revitapolis.jpg","contentUrl":"https:\/\/revitapolis.com\/wp-content\/uploads\/2022\/03\/cropped-logo-revitapolis.jpg","width":200,"height":91,"caption":"Revitapolis"},"image":{"@id":"https:\/\/revitapolis.com\/de\/#\/schema\/logo\/image\/"}}]}},"_links":{"self":[{"href":"https:\/\/revitapolis.com\/de\/wp-json\/wp\/v2\/pages\/3000","targetHints":{"allow":["GET"]}}],"collection":[{"href":"https:\/\/revitapolis.com\/de\/wp-json\/wp\/v2\/pages"}],"about":[{"href":"https:\/\/revitapolis.com\/de\/wp-json\/wp\/v2\/types\/page"}],"author":[{"embeddable":true,"href":"https:\/\/revitapolis.com\/de\/wp-json\/wp\/v2\/users\/1"}],"replies":[{"embeddable":true,"href":"https:\/\/revitapolis.com\/de\/wp-json\/wp\/v2\/comments?post=3000"}],"version-history":[{"count":9,"href":"https:\/\/revitapolis.com\/de\/wp-json\/wp\/v2\/pages\/3000\/revisions"}],"predecessor-version":[{"id":5393,"href":"https:\/\/revitapolis.com\/de\/wp-json\/wp\/v2\/pages\/3000\/revisions\/5393"}],"up":[{"embeddable":true,"href":"https:\/\/revitapolis.com\/de\/wp-json\/wp\/v2\/pages\/83"}],"wp:attachment":[{"href":"https:\/\/revitapolis.com\/de\/wp-json\/wp\/v2\/media?parent=3000"}],"curies":[{"name":"wp","href":"https:\/\/api.w.org\/{rel}","templated":true}]}}