{"id":2993,"date":"2022-11-27T19:18:32","date_gmt":"2022-11-27T19:18:32","guid":{"rendered":"https:\/\/revitapolis.com\/?page_id=2993"},"modified":"2024-05-02T06:09:27","modified_gmt":"2024-05-02T06:09:27","slug":"die-provinz-perugia","status":"publish","type":"page","link":"https:\/\/revitapolis.com\/de\/die-regionen-in-italien\/umbrien\/die-provinz-perugia\/","title":{"rendered":"Provinz Perugia"},"content":{"rendered":"\n<div style=\"height:10px\" aria-hidden=\"true\" class=\"wp-block-spacer\"><\/div>\n\n\n\n<p>Hier finden Sie Informationen zur Provinz Perugia und eine Liste aller Gemeinden.<\/p>\n\n\n\n<div class=\"wp-block-media-text is-stacked-on-mobile is-vertically-aligned-center\" style=\"grid-template-columns:44% auto\"><figure class=\"wp-block-media-text__media\"><img fetchpriority=\"high\" decoding=\"async\" width=\"640\" height=\"427\" src=\"https:\/\/revitapolis.com\/wp-content\/uploads\/2023\/04\/umbria-2902099_640.jpg\" alt=\"\" class=\"wp-image-4473 size-full\" srcset=\"https:\/\/revitapolis.com\/wp-content\/uploads\/2023\/04\/umbria-2902099_640.jpg 640w, https:\/\/revitapolis.com\/wp-content\/uploads\/2023\/04\/umbria-2902099_640-300x200.jpg 300w\" sizes=\"(max-width: 640px) 100vw, 640px\" \/><\/figure><div class=\"wp-block-media-text__content\">\n<div style=\"height:20px\" aria-hidden=\"true\" class=\"wp-block-spacer\"><\/div>\n\n\n\n<p style=\"font-size:18px\">Die Provinz Perugia besteht aus 59 Gemeinden. Auf einer Fl\u00e4che von circa 6.337&nbsp;km\u00b2 leben 637.598 Einwohner (Stand: 31.10.2022). Hauptstadt ist Perugia mit 161.690 Einwohnern (Stand: 31.01.2023).<\/p>\n\n\n\n<p>Kurzinfo mit Karte erhalten Sie hier: <a href=\"https:\/\/www.google.com\/maps\/place\/Province+of+Perugia,+Italy\/@43.0529176,12.0609345,9z\/data=!4m6!3m5!1s0x132c27908da9d521:0x3082c90e3e480c0!8m2!3d42.938004!4d12.6216211!16zL20vMDN4NWw1\">PERUGIA<\/a><\/p>\n<\/div><\/div>\n\n\n\n<h2 class=\"wp-block-heading\" style=\"font-size:30px\">Italien &gt; Umbria &gt; Provinz Perugia<\/h2>\n\n\n\n<p>Die Provinz Perugia ist eine wundersch\u00f6ne und historisch bedeutende Gegend. Gelegen im Herzen Italiens, ist die Provinz ber\u00fchmt f\u00fcr ihre malerischen Landschaften, reiche Geschichte und Kultur, sowie f\u00fcr ihre kulinarischen Spezialit\u00e4ten. Jeder Ort in der Provinz hat seinen eigenen Charme und seine eigene Geschichte, die bis in die r\u00f6mische Zeit und davor zur\u00fcckreicht. Hauptstadt ist Perugia selbst, die eine pulsierende Stadt ist. In der Provinz Perugia liegt auch Assisi, Geburtsort des Heiligen Franziskus, die ein wichtiges Pilgerziel f\u00fcr christliche Gl\u00e4ubige ist. <\/p>\n\n\n\n<p>Die Provinz Perugia ist auch f\u00fcr ihre kulinarischen Spezialit\u00e4ten sowie ihre atemberaubenden Landschaften bekannt, die von sanften H\u00fcgeln und gr\u00fcnen T\u00e4lern bis zu den majest\u00e4tischen Gipfeln des Monte Subasio reichen.<\/p>\n\n\n\n<p>In der Provinz findet man f\u00fcnf Naturparks, die zum Wandern einladen. Sehenswert ist auch der Trasimenische See, an dem die R\u00f6mer 217 vor Christus von Hannibal vernichtend geschlagen wurden.<\/p>\n\n\n\n<div style=\"height:20px\" aria-hidden=\"true\" class=\"wp-block-spacer\"><\/div>\n\n\n\n<hr>\n\n\n\n<p class=\"has-white-color has-cyan-bluish-gray-background-color has-text-color has-background\"><strong>Die Gemeinden der Provinz Perugia<\/strong><\/p>\n\n\n\n<ul class=\"wp-block-list\">\n<li>Assisi<\/li>\n\n\n\n<li>Bastia Umbra<\/li>\n\n\n\n<li>Bettona<\/li>\n\n\n\n<li>Bevagna<\/li>\n\n\n\n<li>Campello sul Clitunno<\/li>\n\n\n\n<li>Cannara<\/li>\n\n\n\n<li>Cascia<\/li>\n\n\n\n<li>Castel Ritaldi<\/li>\n\n\n\n<li>Castiglione del Lago<\/li>\n\n\n\n<li>Cerreto di Spoleto<\/li>\n\n\n\n<li>Citerna<\/li>\n\n\n\n<li>Citt\u00e0 della Pieve<\/li>\n\n\n\n<li>Citt\u00e0 di Castello<\/li>\n\n\n\n<li>Collazzone<\/li>\n\n\n\n<li>Corciano<\/li>\n\n\n\n<li>Costacciaro<\/li>\n\n\n\n<li>Deruta<\/li>\n\n\n\n<li>Foligno<\/li>\n\n\n\n<li>Fossato di Vico<\/li>\n\n\n\n<li>Fratta Todina<\/li>\n\n\n\n<li>Giano dell\u2019Umbria<\/li>\n\n\n\n<li>Gualdo Cattaneo<\/li>\n\n\n\n<li>Gualdo Tadino<\/li>\n\n\n\n<li><a href=\"https:\/\/revitapolis.com\/de\/die-regionen-in-italien\/umbrien\/die-provinz-perugia\/gubbio\/\">Gubbio<\/a><\/li>\n\n\n\n<li>Lisciano Niccone<\/li>\n\n\n\n<li>Magione<\/li>\n\n\n\n<li>Marsciano<\/li>\n\n\n\n<li>Massa Martana<\/li>\n\n\n\n<li>Monte Castello di Vibio<\/li>\n\n\n\n<li>Monte Santa Maria Tiberina<\/li>\n\n\n\n<li>Montefalco<\/li>\n\n\n\n<li>Monteleone di Spoleto<\/li>\n\n\n\n<li>Montone<\/li>\n\n\n\n<li>Nocera Umbra<\/li>\n\n\n\n<li>Norcia<\/li>\n\n\n\n<li>Paciano<\/li>\n\n\n\n<li>Panicale<\/li>\n\n\n\n<li>Passignano sul Trasimeno<\/li>\n\n\n\n<li>Perugia<\/li>\n\n\n\n<li>Piegaro<\/li>\n\n\n\n<li>Pietralunga<\/li>\n\n\n\n<li>Poggiodomo<\/li>\n\n\n\n<li>Preci<\/li>\n\n\n\n<li>San Giustino<\/li>\n\n\n\n<li>Sant\u2019Anatolia di Narco<\/li>\n\n\n\n<li>Scheggia e Pascelupo<\/li>\n\n\n\n<li>Scheggino<\/li>\n\n\n\n<li>Sellano<\/li>\n\n\n\n<li>Sigillo<\/li>\n\n\n\n<li>Spello<\/li>\n\n\n\n<li>Spoleto<\/li>\n\n\n\n<li>Todi<\/li>\n\n\n\n<li>Torgiano<\/li>\n\n\n\n<li>Trevi<\/li>\n\n\n\n<li>Tuoro sul Trasimeno<\/li>\n\n\n\n<li>Umbertide<\/li>\n\n\n\n<li>Valfabbrica<\/li>\n\n\n\n<li>Vallo di Nera<\/li>\n\n\n\n<li>Valtopina<\/li>\n<\/ul>\n\n\n\n<hr style=\"border: 0; height: 1px; background-image: linear-gradient(to right, rgba(0, 0, 0, 0), rgba(0, 0, 0, 0.75), rgba(0, 0, 0, 0));\">\n\n\n\n<div style=\"height:10px\" aria-hidden=\"true\" class=\"wp-block-spacer\"><\/div>\n","protected":false},"excerpt":{"rendered":"<p>Hier finden Sie Informationen zur Provinz Perugia und eine Liste aller Gemeinden. Italien &gt; Umbria &gt; Provinz Perugia Die Provinz Perugia ist eine wundersch\u00f6ne und historisch bedeutende Gegend. Gelegen im Herzen Italiens, ist die Provinz ber\u00fchmt f\u00fcr ihre malerischen Landschaften, reiche Geschichte und Kultur, sowie f\u00fcr ihre kulinarischen Spezialit\u00e4ten. Jeder Ort in der Provinz hat [&hellip;]<\/p>\n","protected":false},"author":1,"featured_media":0,"parent":83,"menu_order":0,"comment_status":"closed","ping_status":"closed","template":"","meta":{"_acf_changed":false,"om_disable_all_campaigns":false,"_monsterinsights_skip_tracking":false,"_monsterinsights_sitenote_active":false,"_monsterinsights_sitenote_note":"","_monsterinsights_sitenote_category":0,"ocean_post_layout":"","ocean_both_sidebars_style":"","ocean_both_sidebars_content_width":0,"ocean_both_sidebars_sidebars_width":0,"ocean_sidebar":"0","ocean_second_sidebar":"0","ocean_disable_margins":"enable","ocean_add_body_class":"","ocean_shortcode_before_top_bar":"","ocean_shortcode_after_top_bar":"","ocean_shortcode_before_header":"","ocean_shortcode_after_header":"","ocean_has_shortcode":"","ocean_shortcode_after_title":"","ocean_shortcode_before_footer_widgets":"","ocean_shortcode_after_footer_widgets":"","ocean_shortcode_before_footer_bottom":"","ocean_shortcode_after_footer_bottom":"","ocean_display_top_bar":"default","ocean_display_header":"default","ocean_header_style":"","ocean_center_header_left_menu":"0","ocean_custom_header_template":"0","ocean_custom_logo":0,"ocean_custom_retina_logo":0,"ocean_custom_logo_max_width":0,"ocean_custom_logo_tablet_max_width":0,"ocean_custom_logo_mobile_max_width":0,"ocean_custom_logo_max_height":0,"ocean_custom_logo_tablet_max_height":0,"ocean_custom_logo_mobile_max_height":0,"ocean_header_custom_menu":"0","ocean_menu_typo_font_family":"0","ocean_menu_typo_font_subset":"","ocean_menu_typo_font_size":0,"ocean_menu_typo_font_size_tablet":0,"ocean_menu_typo_font_size_mobile":0,"ocean_menu_typo_font_size_unit":"px","ocean_menu_typo_font_weight":"","ocean_menu_typo_font_weight_tablet":"","ocean_menu_typo_font_weight_mobile":"","ocean_menu_typo_transform":"","ocean_menu_typo_transform_tablet":"","ocean_menu_typo_transform_mobile":"","ocean_menu_typo_line_height":0,"ocean_menu_typo_line_height_tablet":0,"ocean_menu_typo_line_height_mobile":0,"ocean_menu_typo_line_height_unit":"","ocean_menu_typo_spacing":0,"ocean_menu_typo_spacing_tablet":0,"ocean_menu_typo_spacing_mobile":0,"ocean_menu_typo_spacing_unit":"","ocean_menu_link_color":"","ocean_menu_link_color_hover":"","ocean_menu_link_color_active":"","ocean_menu_link_background":"","ocean_menu_link_hover_background":"","ocean_menu_link_active_background":"","ocean_menu_social_links_bg":"","ocean_menu_social_hover_links_bg":"","ocean_menu_social_links_color":"","ocean_menu_social_hover_links_color":"","ocean_disable_title":"default","ocean_disable_heading":"default","ocean_post_title":"","ocean_post_subheading":"","ocean_post_title_style":"","ocean_post_title_background_color":"","ocean_post_title_background":0,"ocean_post_title_bg_image_position":"","ocean_post_title_bg_image_attachment":"","ocean_post_title_bg_image_repeat":"","ocean_post_title_bg_image_size":"","ocean_post_title_height":0,"ocean_post_title_bg_overlay":0.5,"ocean_post_title_bg_overlay_color":"","ocean_disable_breadcrumbs":"default","ocean_breadcrumbs_color":"","ocean_breadcrumbs_separator_color":"","ocean_breadcrumbs_links_color":"","ocean_breadcrumbs_links_hover_color":"","ocean_display_footer_widgets":"default","ocean_display_footer_bottom":"default","ocean_custom_footer_template":"0","footnotes":""},"class_list":["post-2993","page","type-page","status-publish","hentry","entry"],"acf":[],"yoast_head":"<!-- This site is optimized with the Yoast SEO plugin v27.3 - https:\/\/yoast.com\/product\/yoast-seo-wordpress\/ -->\n<title>Provinz Perugia - Revitapolis<\/title>\n<meta name=\"description\" content=\"Die Provinz Perugia liegt im Herzen Italiens. Beeindruckend ist insbesondere die Natur\" \/>\n<meta name=\"robots\" content=\"index, follow, max-snippet:-1, max-image-preview:large, max-video-preview:-1\" \/>\n<link rel=\"canonical\" href=\"https:\/\/revitapolis.com\/de\/die-regionen-in-italien\/umbrien\/die-provinz-perugia\/\" \/>\n<meta property=\"og:locale\" content=\"de_DE\" \/>\n<meta property=\"og:type\" content=\"article\" \/>\n<meta property=\"og:title\" content=\"Provinz Perugia - Revitapolis\" \/>\n<meta property=\"og:description\" content=\"Die Provinz Perugia liegt im Herzen Italiens. Beeindruckend ist insbesondere die Natur\" \/>\n<meta property=\"og:url\" content=\"https:\/\/revitapolis.com\/de\/die-regionen-in-italien\/umbrien\/die-provinz-perugia\/\" \/>\n<meta property=\"og:site_name\" content=\"Revitapolis\" \/>\n<meta property=\"article:modified_time\" content=\"2024-05-02T06:09:27+00:00\" \/>\n<meta property=\"og:image\" content=\"https:\/\/revitapolis.com\/wp-content\/uploads\/2023\/04\/umbria-2902099_640.jpg\" \/>\n<meta name=\"twitter:card\" content=\"summary_large_image\" \/>\n<meta name=\"twitter:label1\" content=\"Gesch\u00e4tzte Lesezeit\" \/>\n\t<meta name=\"twitter:data1\" content=\"2\u00a0Minuten\" \/>\n<script type=\"application\/ld+json\" class=\"yoast-schema-graph\">{\"@context\":\"https:\\\/\\\/schema.org\",\"@graph\":[{\"@type\":\"WebPage\",\"@id\":\"https:\\\/\\\/revitapolis.com\\\/de\\\/die-regionen-in-italien\\\/umbrien\\\/die-provinz-perugia\\\/\",\"url\":\"https:\\\/\\\/revitapolis.com\\\/de\\\/die-regionen-in-italien\\\/umbrien\\\/die-provinz-perugia\\\/\",\"name\":\"Provinz Perugia - Revitapolis\",\"isPartOf\":{\"@id\":\"https:\\\/\\\/revitapolis.com\\\/de\\\/#website\"},\"primaryImageOfPage\":{\"@id\":\"https:\\\/\\\/revitapolis.com\\\/de\\\/die-regionen-in-italien\\\/umbrien\\\/die-provinz-perugia\\\/#primaryimage\"},\"image\":{\"@id\":\"https:\\\/\\\/revitapolis.com\\\/de\\\/die-regionen-in-italien\\\/umbrien\\\/die-provinz-perugia\\\/#primaryimage\"},\"thumbnailUrl\":\"https:\\\/\\\/revitapolis.com\\\/wp-content\\\/uploads\\\/2023\\\/04\\\/umbria-2902099_640.jpg\",\"datePublished\":\"2022-11-27T19:18:32+00:00\",\"dateModified\":\"2024-05-02T06:09:27+00:00\",\"description\":\"Die Provinz Perugia liegt im Herzen Italiens. Beeindruckend ist insbesondere die Natur\",\"breadcrumb\":{\"@id\":\"https:\\\/\\\/revitapolis.com\\\/de\\\/die-regionen-in-italien\\\/umbrien\\\/die-provinz-perugia\\\/#breadcrumb\"},\"inLanguage\":\"de\",\"potentialAction\":[{\"@type\":\"ReadAction\",\"target\":[\"https:\\\/\\\/revitapolis.com\\\/de\\\/die-regionen-in-italien\\\/umbrien\\\/die-provinz-perugia\\\/\"]}]},{\"@type\":\"ImageObject\",\"inLanguage\":\"de\",\"@id\":\"https:\\\/\\\/revitapolis.com\\\/de\\\/die-regionen-in-italien\\\/umbrien\\\/die-provinz-perugia\\\/#primaryimage\",\"url\":\"https:\\\/\\\/revitapolis.com\\\/wp-content\\\/uploads\\\/2023\\\/04\\\/umbria-2902099_640.jpg\",\"contentUrl\":\"https:\\\/\\\/revitapolis.com\\\/wp-content\\\/uploads\\\/2023\\\/04\\\/umbria-2902099_640.jpg\"},{\"@type\":\"BreadcrumbList\",\"@id\":\"https:\\\/\\\/revitapolis.com\\\/de\\\/die-regionen-in-italien\\\/umbrien\\\/die-provinz-perugia\\\/#breadcrumb\",\"itemListElement\":[{\"@type\":\"ListItem\",\"position\":1,\"name\":\"Startseite\",\"item\":\"https:\\\/\\\/revitapolis.com\\\/de\\\/\"},{\"@type\":\"ListItem\",\"position\":2,\"name\":\"Italien\",\"item\":\"https:\\\/\\\/revitapolis.com\\\/de\\\/die-regionen-in-italien\\\/\"},{\"@type\":\"ListItem\",\"position\":3,\"name\":\"Umbrien\",\"item\":\"https:\\\/\\\/revitapolis.com\\\/de\\\/die-regionen-in-italien\\\/umbrien\\\/\"},{\"@type\":\"ListItem\",\"position\":4,\"name\":\"Provinz Perugia\"}]},{\"@type\":\"WebSite\",\"@id\":\"https:\\\/\\\/revitapolis.com\\\/de\\\/#website\",\"url\":\"https:\\\/\\\/revitapolis.com\\\/de\\\/\",\"name\":\"Revitapolis\",\"description\":\"Wiederbelebung italienischer Orte\",\"publisher\":{\"@id\":\"https:\\\/\\\/revitapolis.com\\\/de\\\/#organization\"},\"potentialAction\":[{\"@type\":\"SearchAction\",\"target\":{\"@type\":\"EntryPoint\",\"urlTemplate\":\"https:\\\/\\\/revitapolis.com\\\/de\\\/?s={search_term_string}\"},\"query-input\":{\"@type\":\"PropertyValueSpecification\",\"valueRequired\":true,\"valueName\":\"search_term_string\"}}],\"inLanguage\":\"de\"},{\"@type\":\"Organization\",\"@id\":\"https:\\\/\\\/revitapolis.com\\\/de\\\/#organization\",\"name\":\"Revitapolis\",\"url\":\"https:\\\/\\\/revitapolis.com\\\/de\\\/\",\"logo\":{\"@type\":\"ImageObject\",\"inLanguage\":\"de\",\"@id\":\"https:\\\/\\\/revitapolis.com\\\/de\\\/#\\\/schema\\\/logo\\\/image\\\/\",\"url\":\"https:\\\/\\\/revitapolis.com\\\/wp-content\\\/uploads\\\/2022\\\/03\\\/cropped-logo-revitapolis.jpg\",\"contentUrl\":\"https:\\\/\\\/revitapolis.com\\\/wp-content\\\/uploads\\\/2022\\\/03\\\/cropped-logo-revitapolis.jpg\",\"width\":200,\"height\":91,\"caption\":\"Revitapolis\"},\"image\":{\"@id\":\"https:\\\/\\\/revitapolis.com\\\/de\\\/#\\\/schema\\\/logo\\\/image\\\/\"}}]}<\/script>\n<!-- \/ Yoast SEO plugin. -->","yoast_head_json":{"title":"Provinz Perugia - Revitapolis","description":"Die Provinz Perugia liegt im Herzen Italiens. Beeindruckend ist insbesondere die Natur","robots":{"index":"index","follow":"follow","max-snippet":"max-snippet:-1","max-image-preview":"max-image-preview:large","max-video-preview":"max-video-preview:-1"},"canonical":"https:\/\/revitapolis.com\/de\/die-regionen-in-italien\/umbrien\/die-provinz-perugia\/","og_locale":"de_DE","og_type":"article","og_title":"Provinz Perugia - Revitapolis","og_description":"Die Provinz Perugia liegt im Herzen Italiens. Beeindruckend ist insbesondere die Natur","og_url":"https:\/\/revitapolis.com\/de\/die-regionen-in-italien\/umbrien\/die-provinz-perugia\/","og_site_name":"Revitapolis","article_modified_time":"2024-05-02T06:09:27+00:00","og_image":[{"url":"https:\/\/revitapolis.com\/wp-content\/uploads\/2023\/04\/umbria-2902099_640.jpg","type":"","width":"","height":""}],"twitter_card":"summary_large_image","twitter_misc":{"Gesch\u00e4tzte Lesezeit":"2\u00a0Minuten"},"schema":{"@context":"https:\/\/schema.org","@graph":[{"@type":"WebPage","@id":"https:\/\/revitapolis.com\/de\/die-regionen-in-italien\/umbrien\/die-provinz-perugia\/","url":"https:\/\/revitapolis.com\/de\/die-regionen-in-italien\/umbrien\/die-provinz-perugia\/","name":"Provinz Perugia - Revitapolis","isPartOf":{"@id":"https:\/\/revitapolis.com\/de\/#website"},"primaryImageOfPage":{"@id":"https:\/\/revitapolis.com\/de\/die-regionen-in-italien\/umbrien\/die-provinz-perugia\/#primaryimage"},"image":{"@id":"https:\/\/revitapolis.com\/de\/die-regionen-in-italien\/umbrien\/die-provinz-perugia\/#primaryimage"},"thumbnailUrl":"https:\/\/revitapolis.com\/wp-content\/uploads\/2023\/04\/umbria-2902099_640.jpg","datePublished":"2022-11-27T19:18:32+00:00","dateModified":"2024-05-02T06:09:27+00:00","description":"Die Provinz Perugia liegt im Herzen Italiens. Beeindruckend ist insbesondere die Natur","breadcrumb":{"@id":"https:\/\/revitapolis.com\/de\/die-regionen-in-italien\/umbrien\/die-provinz-perugia\/#breadcrumb"},"inLanguage":"de","potentialAction":[{"@type":"ReadAction","target":["https:\/\/revitapolis.com\/de\/die-regionen-in-italien\/umbrien\/die-provinz-perugia\/"]}]},{"@type":"ImageObject","inLanguage":"de","@id":"https:\/\/revitapolis.com\/de\/die-regionen-in-italien\/umbrien\/die-provinz-perugia\/#primaryimage","url":"https:\/\/revitapolis.com\/wp-content\/uploads\/2023\/04\/umbria-2902099_640.jpg","contentUrl":"https:\/\/revitapolis.com\/wp-content\/uploads\/2023\/04\/umbria-2902099_640.jpg"},{"@type":"BreadcrumbList","@id":"https:\/\/revitapolis.com\/de\/die-regionen-in-italien\/umbrien\/die-provinz-perugia\/#breadcrumb","itemListElement":[{"@type":"ListItem","position":1,"name":"Startseite","item":"https:\/\/revitapolis.com\/de\/"},{"@type":"ListItem","position":2,"name":"Italien","item":"https:\/\/revitapolis.com\/de\/die-regionen-in-italien\/"},{"@type":"ListItem","position":3,"name":"Umbrien","item":"https:\/\/revitapolis.com\/de\/die-regionen-in-italien\/umbrien\/"},{"@type":"ListItem","position":4,"name":"Provinz Perugia"}]},{"@type":"WebSite","@id":"https:\/\/revitapolis.com\/de\/#website","url":"https:\/\/revitapolis.com\/de\/","name":"Revitapolis","description":"Wiederbelebung italienischer Orte","publisher":{"@id":"https:\/\/revitapolis.com\/de\/#organization"},"potentialAction":[{"@type":"SearchAction","target":{"@type":"EntryPoint","urlTemplate":"https:\/\/revitapolis.com\/de\/?s={search_term_string}"},"query-input":{"@type":"PropertyValueSpecification","valueRequired":true,"valueName":"search_term_string"}}],"inLanguage":"de"},{"@type":"Organization","@id":"https:\/\/revitapolis.com\/de\/#organization","name":"Revitapolis","url":"https:\/\/revitapolis.com\/de\/","logo":{"@type":"ImageObject","inLanguage":"de","@id":"https:\/\/revitapolis.com\/de\/#\/schema\/logo\/image\/","url":"https:\/\/revitapolis.com\/wp-content\/uploads\/2022\/03\/cropped-logo-revitapolis.jpg","contentUrl":"https:\/\/revitapolis.com\/wp-content\/uploads\/2022\/03\/cropped-logo-revitapolis.jpg","width":200,"height":91,"caption":"Revitapolis"},"image":{"@id":"https:\/\/revitapolis.com\/de\/#\/schema\/logo\/image\/"}}]}},"_links":{"self":[{"href":"https:\/\/revitapolis.com\/de\/wp-json\/wp\/v2\/pages\/2993","targetHints":{"allow":["GET"]}}],"collection":[{"href":"https:\/\/revitapolis.com\/de\/wp-json\/wp\/v2\/pages"}],"about":[{"href":"https:\/\/revitapolis.com\/de\/wp-json\/wp\/v2\/types\/page"}],"author":[{"embeddable":true,"href":"https:\/\/revitapolis.com\/de\/wp-json\/wp\/v2\/users\/1"}],"replies":[{"embeddable":true,"href":"https:\/\/revitapolis.com\/de\/wp-json\/wp\/v2\/comments?post=2993"}],"version-history":[{"count":11,"href":"https:\/\/revitapolis.com\/de\/wp-json\/wp\/v2\/pages\/2993\/revisions"}],"predecessor-version":[{"id":4900,"href":"https:\/\/revitapolis.com\/de\/wp-json\/wp\/v2\/pages\/2993\/revisions\/4900"}],"up":[{"embeddable":true,"href":"https:\/\/revitapolis.com\/de\/wp-json\/wp\/v2\/pages\/83"}],"wp:attachment":[{"href":"https:\/\/revitapolis.com\/de\/wp-json\/wp\/v2\/media?parent=2993"}],"curies":[{"name":"wp","href":"https:\/\/api.w.org\/{rel}","templated":true}]}}