{"id":2967,"date":"2022-11-27T18:57:01","date_gmt":"2022-11-27T18:57:01","guid":{"rendered":"https:\/\/revitapolis.com\/?page_id=2967"},"modified":"2024-07-09T14:22:27","modified_gmt":"2024-07-09T14:22:27","slug":"provinz-frosinone","status":"publish","type":"page","link":"https:\/\/revitapolis.com\/de\/die-regionen-in-italien\/latium\/provinz-frosinone\/","title":{"rendered":"Provinz Frosinone"},"content":{"rendered":"\n<div style=\"height:10px\" aria-hidden=\"true\" class=\"wp-block-spacer\"><\/div>\n\n\n\n<h2 class=\"wp-block-heading\" style=\"font-size:30px\">Italien &gt; Latium &gt; Provinz Frosinone<\/h2>\n\n\n\n<p>Hier finden Sie Informationen zur Provinz Frosinone und eine Liste aller Gemeinden.<\/p>\n\n\n\n<div class=\"wp-block-media-text is-stacked-on-mobile is-vertically-aligned-center\" style=\"grid-template-columns:44% auto\"><figure class=\"wp-block-media-text__media\"><img fetchpriority=\"high\" decoding=\"async\" width=\"640\" height=\"424\" src=\"https:\/\/revitapolis.com\/wp-content\/uploads\/2024\/05\/olive-oil-1412361_640.jpg\" alt=\"\" class=\"wp-image-5168 size-full\" srcset=\"https:\/\/revitapolis.com\/wp-content\/uploads\/2024\/05\/olive-oil-1412361_640.jpg 640w, https:\/\/revitapolis.com\/wp-content\/uploads\/2024\/05\/olive-oil-1412361_640-300x199.jpg 300w\" sizes=\"(max-width: 640px) 100vw, 640px\" \/><\/figure><div class=\"wp-block-media-text__content\">\n<div style=\"height:20px\" aria-hidden=\"true\" class=\"wp-block-spacer\"><\/div>\n\n\n\n<p style=\"font-size:18px\">Die Provinz Frosinone besteht aus 91 Gemeinden. Auf einer Fl\u00e4che von 3.246,96&nbsp;km\u00b2 leben 468.438 Einwohner (Stand: 01.01.2022).<\/p>\n\n\n\n<p>Kurzinfo mit Karte erhalten Sie hier: <a href=\"https:\/\/www.google.com\/maps\/place\/Frosinone,+Italien\/@41.626885,12.9493282,9z\/data=!3m1!4b1!4m5!3m4!1s0x132552e4989f37d1:0x3094f9ab2388120!8m2!3d41.6576528!4d13.6362715\">FROSINONE<\/a><\/p>\n<\/div><\/div>\n\n\n\n<p>Die Hauptstadt der Provinz ist Frosinone mit 44.003 Einwohnern (Stand: 01.01.2022). Frosinone ist eine moderne Stadt mit einer reichen Geschichte. Hier findet man zahlreiche historische Geb\u00e4ude, darunter den Dom, das Schloss der Conti di Ceccano und das Arch\u00e4ologische Museum. Die Stadt ist auch bekannt f\u00fcr ihre hervorragenden Restaurants und ihre kulinarischen Spezialit\u00e4ten.<\/p>\n\n\n\n<p>Neben Frosinone gibt es in der Provinz auch viele andere charmante St\u00e4dte und D\u00f6rfer, wie zum Beispiel Anagni, Alatri, Veroli und Sora. Diese Orte bieten sowohl kulturelle als auch landschaftliche Attraktionen, wie zum Beispiel mittelalterliche Kirchen und Kathedralen, antike Ruinen, malerische Pl\u00e4tze und Stra\u00dfen sowie wundersch\u00f6ne Landschaften.<\/p>\n\n\n\n<p>Die Landschaft ist gepr\u00e4gt von sanften H\u00fcgeln, Olivenhainen und Weinbergen. Hier findet man auch den Nationalpark Abruzzen, Latium und Molise, der eine spektakul\u00e4re Landschaft mit Bergen, W\u00e4ldern und Fl\u00fcssen bietet. Der Park ist auch ein beliebtes Ziel f\u00fcr Wanderungen, Klettern und andere Outdoor-Aktivit\u00e4ten.<\/p>\n\n\n\n<p>In der Provinz Frosinone findet man auch zahlreiche Thermalquellen und B\u00e4der, wie zum Beispiel Terme di Fiuggi, die seit der R\u00f6merzeit bekannt sind und heute ein beliebtes Reiseziel sind.<\/p>\n\n\n\n<p>Insgesamt ist die Provinz Frosinone eine attraktive Region mit einer reichen Kultur und Geschichte sowie einer sch\u00f6nen Landschaft und vielen Freizeitm\u00f6glichkeiten.<\/p>\n\n\n\n<div style=\"height:20px\" aria-hidden=\"true\" class=\"wp-block-spacer\"><\/div>\n\n\n\n<hr>\n\n\n\n<p class=\"has-white-color has-cyan-bluish-gray-background-color has-text-color has-background\"><strong>Die Gemeinden der Provinz Frosinone<\/strong><\/p>\n\n\n\n<ul class=\"wp-block-list\">\n<li>Acquafondata<\/li>\n\n\n\n<li>Acuto<\/li>\n\n\n\n<li>Alatri<\/li>\n\n\n\n<li>Alvito<\/li>\n\n\n\n<li>Amaseno<\/li>\n\n\n\n<li>Anagni<\/li>\n\n\n\n<li>Aquino<\/li>\n\n\n\n<li>Arce<\/li>\n\n\n\n<li>Arnara<\/li>\n\n\n\n<li>Arpino<\/li>\n\n\n\n<li>Atina<\/li>\n\n\n\n<li>Ausonia<\/li>\n\n\n\n<li>Belmonte Castello<\/li>\n\n\n\n<li>Boville Ernica<\/li>\n\n\n\n<li>Broccostella<\/li>\n\n\n\n<li>Campoli Appennino<\/li>\n\n\n\n<li>Casalattico<\/li>\n\n\n\n<li>Casalvieri<\/li>\n\n\n\n<li>Cassino<\/li>\n\n\n\n<li>Castelliri<\/li>\n\n\n\n<li>Castelnuovo Parano<\/li>\n\n\n\n<li>Castro dei Volsci<\/li>\n\n\n\n<li>Castrocielo<\/li>\n\n\n\n<li>Ceccano<\/li>\n\n\n\n<li>Ceprano<\/li>\n\n\n\n<li>Cervaro<\/li>\n\n\n\n<li>Colfelice<\/li>\n\n\n\n<li>Colle San Magno<\/li>\n\n\n\n<li>Collepardo<\/li>\n\n\n\n<li>Coreno Ausonio<\/li>\n\n\n\n<li>Esperia<\/li>\n\n\n\n<li>Falvaterra<\/li>\n\n\n\n<li>Ferentino<\/li>\n\n\n\n<li>Filettino<\/li>\n\n\n\n<li>Fiuggi<\/li>\n\n\n\n<li>Fontana Liri<\/li>\n\n\n\n<li>Fontechiari<\/li>\n\n\n\n<li>Frosinone<\/li>\n\n\n\n<li>Fumone<\/li>\n\n\n\n<li>Gallinaro<\/li>\n\n\n\n<li>Giuliano di Roma<\/li>\n\n\n\n<li>Guarcino<\/li>\n\n\n\n<li>Isola del Liri<\/li>\n\n\n\n<li>Monte San Giovanni Campano<\/li>\n\n\n\n<li>Morolo<\/li>\n\n\n\n<li>Paliano<\/li>\n\n\n\n<li>Pastena<\/li>\n\n\n\n<li>Patrica<\/li>\n\n\n\n<li>Pescosolido<\/li>\n\n\n\n<li>Picinisco<\/li>\n\n\n\n<li>Pico<\/li>\n\n\n\n<li>Piedimonte San Germano<\/li>\n\n\n\n<li>Piglio<\/li>\n\n\n\n<li>Pignataro Interamna<\/li>\n\n\n\n<li>Pofi<\/li>\n\n\n\n<li>Pontecorvo<\/li>\n\n\n\n<li>Posta Fibreno<\/li>\n\n\n\n<li>Ripo<\/li>\n\n\n\n<li>Rocca d\u2019Arce<\/li>\n\n\n\n<li>Roccasecca<\/li>\n\n\n\n<li>San Biagio Saracinisco<\/li>\n\n\n\n<li>San Donato Val di Comino<\/li>\n\n\n\n<li>San Giorgio a Liri<\/li>\n\n\n\n<li>San Giovanni Incarico<\/li>\n\n\n\n<li>San Vittore del Lazio<\/li>\n\n\n\n<li>Sant\u2019Ambrogio sul Garigliano<\/li>\n\n\n\n<li>Sant\u2019Andrea del Garigliano<\/li>\n\n\n\n<li>Sant\u2019Apollinare<\/li>\n\n\n\n<li>Sant\u2019Elia Fiumerapido<\/li>\n\n\n\n<li>Santopadre<\/li>\n\n\n\n<li>Serrone<\/li>\n\n\n\n<li>Settefrati<\/li>\n\n\n\n<li>Sgurgola<\/li>\n\n\n\n<li>Sora<\/li>\n\n\n\n<li>Strangolagalli<\/li>\n\n\n\n<li>Supino<\/li>\n\n\n\n<li>Terelle<\/li>\n\n\n\n<li>Torre Cajetani<\/li>\n\n\n\n<li>Torrice<\/li>\n\n\n\n<li>Trevi nel Lazio<\/li>\n\n\n\n<li>Trivigliano<\/li>\n\n\n\n<li>Vallecorsa<\/li>\n\n\n\n<li>Vallemaio<\/li>\n\n\n\n<li>Vallerotonda<\/li>\n\n\n\n<li>Veroli<\/li>\n\n\n\n<li>Vicalvi<\/li>\n\n\n\n<li>Vico nel Lazio<\/li>\n\n\n\n<li>Villa Latina<\/li>\n\n\n\n<li>Villa Santa Lucia<\/li>\n\n\n\n<li>Villa Santo Stefano<\/li>\n\n\n\n<li>Viticuso<\/li>\n<\/ul>\n\n\n\n<hr style=\"border: 0; height: 1px; background-image: linear-gradient(to right, rgba(0, 0, 0, 0), rgba(0, 0, 0, 0.75), rgba(0, 0, 0, 0));\">\n\n\n\n<div style=\"height:10px\" aria-hidden=\"true\" class=\"wp-block-spacer\"><\/div>\n","protected":false},"excerpt":{"rendered":"<p>Italien &gt; Latium &gt; Provinz Frosinone Hier finden Sie Informationen zur Provinz Frosinone und eine Liste aller Gemeinden. Die Hauptstadt der Provinz ist Frosinone mit 44.003 Einwohnern (Stand: 01.01.2022). Frosinone ist eine moderne Stadt mit einer reichen Geschichte. Hier findet man zahlreiche historische Geb\u00e4ude, darunter den Dom, das Schloss der Conti di Ceccano und das [&hellip;]<\/p>\n","protected":false},"author":1,"featured_media":0,"parent":1406,"menu_order":0,"comment_status":"closed","ping_status":"closed","template":"","meta":{"_acf_changed":false,"om_disable_all_campaigns":false,"_monsterinsights_skip_tracking":false,"_monsterinsights_sitenote_active":false,"_monsterinsights_sitenote_note":"","_monsterinsights_sitenote_category":0,"ocean_post_layout":"","ocean_both_sidebars_style":"","ocean_both_sidebars_content_width":0,"ocean_both_sidebars_sidebars_width":0,"ocean_sidebar":"0","ocean_second_sidebar":"0","ocean_disable_margins":"enable","ocean_add_body_class":"","ocean_shortcode_before_top_bar":"","ocean_shortcode_after_top_bar":"","ocean_shortcode_before_header":"","ocean_shortcode_after_header":"","ocean_has_shortcode":"","ocean_shortcode_after_title":"","ocean_shortcode_before_footer_widgets":"","ocean_shortcode_after_footer_widgets":"","ocean_shortcode_before_footer_bottom":"","ocean_shortcode_after_footer_bottom":"","ocean_display_top_bar":"default","ocean_display_header":"default","ocean_header_style":"","ocean_center_header_left_menu":"0","ocean_custom_header_template":"0","ocean_custom_logo":0,"ocean_custom_retina_logo":0,"ocean_custom_logo_max_width":0,"ocean_custom_logo_tablet_max_width":0,"ocean_custom_logo_mobile_max_width":0,"ocean_custom_logo_max_height":0,"ocean_custom_logo_tablet_max_height":0,"ocean_custom_logo_mobile_max_height":0,"ocean_header_custom_menu":"0","ocean_menu_typo_font_family":"0","ocean_menu_typo_font_subset":"","ocean_menu_typo_font_size":0,"ocean_menu_typo_font_size_tablet":0,"ocean_menu_typo_font_size_mobile":0,"ocean_menu_typo_font_size_unit":"px","ocean_menu_typo_font_weight":"","ocean_menu_typo_font_weight_tablet":"","ocean_menu_typo_font_weight_mobile":"","ocean_menu_typo_transform":"","ocean_menu_typo_transform_tablet":"","ocean_menu_typo_transform_mobile":"","ocean_menu_typo_line_height":0,"ocean_menu_typo_line_height_tablet":0,"ocean_menu_typo_line_height_mobile":0,"ocean_menu_typo_line_height_unit":"","ocean_menu_typo_spacing":0,"ocean_menu_typo_spacing_tablet":0,"ocean_menu_typo_spacing_mobile":0,"ocean_menu_typo_spacing_unit":"","ocean_menu_link_color":"","ocean_menu_link_color_hover":"","ocean_menu_link_color_active":"","ocean_menu_link_background":"","ocean_menu_link_hover_background":"","ocean_menu_link_active_background":"","ocean_menu_social_links_bg":"","ocean_menu_social_hover_links_bg":"","ocean_menu_social_links_color":"","ocean_menu_social_hover_links_color":"","ocean_disable_title":"default","ocean_disable_heading":"default","ocean_post_title":"","ocean_post_subheading":"","ocean_post_title_style":"","ocean_post_title_background_color":"","ocean_post_title_background":0,"ocean_post_title_bg_image_position":"","ocean_post_title_bg_image_attachment":"","ocean_post_title_bg_image_repeat":"","ocean_post_title_bg_image_size":"","ocean_post_title_height":0,"ocean_post_title_bg_overlay":0.5,"ocean_post_title_bg_overlay_color":"","ocean_disable_breadcrumbs":"default","ocean_breadcrumbs_color":"","ocean_breadcrumbs_separator_color":"","ocean_breadcrumbs_links_color":"","ocean_breadcrumbs_links_hover_color":"","ocean_display_footer_widgets":"default","ocean_display_footer_bottom":"default","ocean_custom_footer_template":"0","footnotes":""},"class_list":["post-2967","page","type-page","status-publish","hentry","entry"],"acf":[],"yoast_head":"<!-- This site is optimized with the Yoast SEO plugin v27.3 - https:\/\/yoast.com\/product\/yoast-seo-wordpress\/ -->\n<title>Provinz Frosinone - Revitapolis<\/title>\n<meta name=\"description\" content=\"Die Provinz Frosinone in der Region Latium liegt zwischen Rom und Neapel. Die Provinz ist f\u00fcr seine deftige K\u00fcche bekannt.\" \/>\n<meta name=\"robots\" content=\"index, follow, max-snippet:-1, max-image-preview:large, max-video-preview:-1\" \/>\n<link rel=\"canonical\" href=\"https:\/\/revitapolis.com\/de\/die-regionen-in-italien\/latium\/provinz-frosinone\/\" \/>\n<meta property=\"og:locale\" content=\"de_DE\" \/>\n<meta property=\"og:type\" content=\"article\" \/>\n<meta property=\"og:title\" content=\"Provinz Frosinone - Revitapolis\" \/>\n<meta property=\"og:description\" content=\"Die Provinz Frosinone in der Region Latium liegt zwischen Rom und Neapel. Die Provinz ist f\u00fcr seine deftige K\u00fcche bekannt.\" \/>\n<meta property=\"og:url\" content=\"https:\/\/revitapolis.com\/de\/die-regionen-in-italien\/latium\/provinz-frosinone\/\" \/>\n<meta property=\"og:site_name\" content=\"Revitapolis\" \/>\n<meta property=\"article:modified_time\" content=\"2024-07-09T14:22:27+00:00\" \/>\n<meta property=\"og:image\" content=\"https:\/\/revitapolis.com\/wp-content\/uploads\/2024\/05\/olive-oil-1412361_640.jpg\" \/>\n<meta name=\"twitter:card\" content=\"summary_large_image\" \/>\n<meta name=\"twitter:label1\" content=\"Gesch\u00e4tzte Lesezeit\" \/>\n\t<meta name=\"twitter:data1\" content=\"3\u00a0Minuten\" \/>\n<script type=\"application\/ld+json\" class=\"yoast-schema-graph\">{\"@context\":\"https:\\\/\\\/schema.org\",\"@graph\":[{\"@type\":\"WebPage\",\"@id\":\"https:\\\/\\\/revitapolis.com\\\/de\\\/die-regionen-in-italien\\\/latium\\\/provinz-frosinone\\\/\",\"url\":\"https:\\\/\\\/revitapolis.com\\\/de\\\/die-regionen-in-italien\\\/latium\\\/provinz-frosinone\\\/\",\"name\":\"Provinz Frosinone - Revitapolis\",\"isPartOf\":{\"@id\":\"https:\\\/\\\/revitapolis.com\\\/de\\\/#website\"},\"primaryImageOfPage\":{\"@id\":\"https:\\\/\\\/revitapolis.com\\\/de\\\/die-regionen-in-italien\\\/latium\\\/provinz-frosinone\\\/#primaryimage\"},\"image\":{\"@id\":\"https:\\\/\\\/revitapolis.com\\\/de\\\/die-regionen-in-italien\\\/latium\\\/provinz-frosinone\\\/#primaryimage\"},\"thumbnailUrl\":\"https:\\\/\\\/revitapolis.com\\\/wp-content\\\/uploads\\\/2024\\\/05\\\/olive-oil-1412361_640.jpg\",\"datePublished\":\"2022-11-27T18:57:01+00:00\",\"dateModified\":\"2024-07-09T14:22:27+00:00\",\"description\":\"Die Provinz Frosinone in der Region Latium liegt zwischen Rom und Neapel. Die Provinz ist f\u00fcr seine deftige K\u00fcche bekannt.\",\"breadcrumb\":{\"@id\":\"https:\\\/\\\/revitapolis.com\\\/de\\\/die-regionen-in-italien\\\/latium\\\/provinz-frosinone\\\/#breadcrumb\"},\"inLanguage\":\"de\",\"potentialAction\":[{\"@type\":\"ReadAction\",\"target\":[\"https:\\\/\\\/revitapolis.com\\\/de\\\/die-regionen-in-italien\\\/latium\\\/provinz-frosinone\\\/\"]}]},{\"@type\":\"ImageObject\",\"inLanguage\":\"de\",\"@id\":\"https:\\\/\\\/revitapolis.com\\\/de\\\/die-regionen-in-italien\\\/latium\\\/provinz-frosinone\\\/#primaryimage\",\"url\":\"https:\\\/\\\/revitapolis.com\\\/wp-content\\\/uploads\\\/2024\\\/05\\\/olive-oil-1412361_640.jpg\",\"contentUrl\":\"https:\\\/\\\/revitapolis.com\\\/wp-content\\\/uploads\\\/2024\\\/05\\\/olive-oil-1412361_640.jpg\"},{\"@type\":\"BreadcrumbList\",\"@id\":\"https:\\\/\\\/revitapolis.com\\\/de\\\/die-regionen-in-italien\\\/latium\\\/provinz-frosinone\\\/#breadcrumb\",\"itemListElement\":[{\"@type\":\"ListItem\",\"position\":1,\"name\":\"Startseite\",\"item\":\"https:\\\/\\\/revitapolis.com\\\/de\\\/\"},{\"@type\":\"ListItem\",\"position\":2,\"name\":\"Italien\",\"item\":\"https:\\\/\\\/revitapolis.com\\\/de\\\/die-regionen-in-italien\\\/\"},{\"@type\":\"ListItem\",\"position\":3,\"name\":\"Latium\",\"item\":\"https:\\\/\\\/revitapolis.com\\\/de\\\/die-regionen-in-italien\\\/latium\\\/\"},{\"@type\":\"ListItem\",\"position\":4,\"name\":\"Provinz Frosinone\"}]},{\"@type\":\"WebSite\",\"@id\":\"https:\\\/\\\/revitapolis.com\\\/de\\\/#website\",\"url\":\"https:\\\/\\\/revitapolis.com\\\/de\\\/\",\"name\":\"Revitapolis\",\"description\":\"Wiederbelebung italienischer Orte\",\"publisher\":{\"@id\":\"https:\\\/\\\/revitapolis.com\\\/de\\\/#organization\"},\"potentialAction\":[{\"@type\":\"SearchAction\",\"target\":{\"@type\":\"EntryPoint\",\"urlTemplate\":\"https:\\\/\\\/revitapolis.com\\\/de\\\/?s={search_term_string}\"},\"query-input\":{\"@type\":\"PropertyValueSpecification\",\"valueRequired\":true,\"valueName\":\"search_term_string\"}}],\"inLanguage\":\"de\"},{\"@type\":\"Organization\",\"@id\":\"https:\\\/\\\/revitapolis.com\\\/de\\\/#organization\",\"name\":\"Revitapolis\",\"url\":\"https:\\\/\\\/revitapolis.com\\\/de\\\/\",\"logo\":{\"@type\":\"ImageObject\",\"inLanguage\":\"de\",\"@id\":\"https:\\\/\\\/revitapolis.com\\\/de\\\/#\\\/schema\\\/logo\\\/image\\\/\",\"url\":\"https:\\\/\\\/revitapolis.com\\\/wp-content\\\/uploads\\\/2022\\\/03\\\/cropped-logo-revitapolis.jpg\",\"contentUrl\":\"https:\\\/\\\/revitapolis.com\\\/wp-content\\\/uploads\\\/2022\\\/03\\\/cropped-logo-revitapolis.jpg\",\"width\":200,\"height\":91,\"caption\":\"Revitapolis\"},\"image\":{\"@id\":\"https:\\\/\\\/revitapolis.com\\\/de\\\/#\\\/schema\\\/logo\\\/image\\\/\"}}]}<\/script>\n<!-- \/ Yoast SEO plugin. -->","yoast_head_json":{"title":"Provinz Frosinone - Revitapolis","description":"Die Provinz Frosinone in der Region Latium liegt zwischen Rom und Neapel. Die Provinz ist f\u00fcr seine deftige K\u00fcche bekannt.","robots":{"index":"index","follow":"follow","max-snippet":"max-snippet:-1","max-image-preview":"max-image-preview:large","max-video-preview":"max-video-preview:-1"},"canonical":"https:\/\/revitapolis.com\/de\/die-regionen-in-italien\/latium\/provinz-frosinone\/","og_locale":"de_DE","og_type":"article","og_title":"Provinz Frosinone - Revitapolis","og_description":"Die Provinz Frosinone in der Region Latium liegt zwischen Rom und Neapel. Die Provinz ist f\u00fcr seine deftige K\u00fcche bekannt.","og_url":"https:\/\/revitapolis.com\/de\/die-regionen-in-italien\/latium\/provinz-frosinone\/","og_site_name":"Revitapolis","article_modified_time":"2024-07-09T14:22:27+00:00","og_image":[{"url":"https:\/\/revitapolis.com\/wp-content\/uploads\/2024\/05\/olive-oil-1412361_640.jpg","type":"","width":"","height":""}],"twitter_card":"summary_large_image","twitter_misc":{"Gesch\u00e4tzte Lesezeit":"3\u00a0Minuten"},"schema":{"@context":"https:\/\/schema.org","@graph":[{"@type":"WebPage","@id":"https:\/\/revitapolis.com\/de\/die-regionen-in-italien\/latium\/provinz-frosinone\/","url":"https:\/\/revitapolis.com\/de\/die-regionen-in-italien\/latium\/provinz-frosinone\/","name":"Provinz Frosinone - Revitapolis","isPartOf":{"@id":"https:\/\/revitapolis.com\/de\/#website"},"primaryImageOfPage":{"@id":"https:\/\/revitapolis.com\/de\/die-regionen-in-italien\/latium\/provinz-frosinone\/#primaryimage"},"image":{"@id":"https:\/\/revitapolis.com\/de\/die-regionen-in-italien\/latium\/provinz-frosinone\/#primaryimage"},"thumbnailUrl":"https:\/\/revitapolis.com\/wp-content\/uploads\/2024\/05\/olive-oil-1412361_640.jpg","datePublished":"2022-11-27T18:57:01+00:00","dateModified":"2024-07-09T14:22:27+00:00","description":"Die Provinz Frosinone in der Region Latium liegt zwischen Rom und Neapel. Die Provinz ist f\u00fcr seine deftige K\u00fcche bekannt.","breadcrumb":{"@id":"https:\/\/revitapolis.com\/de\/die-regionen-in-italien\/latium\/provinz-frosinone\/#breadcrumb"},"inLanguage":"de","potentialAction":[{"@type":"ReadAction","target":["https:\/\/revitapolis.com\/de\/die-regionen-in-italien\/latium\/provinz-frosinone\/"]}]},{"@type":"ImageObject","inLanguage":"de","@id":"https:\/\/revitapolis.com\/de\/die-regionen-in-italien\/latium\/provinz-frosinone\/#primaryimage","url":"https:\/\/revitapolis.com\/wp-content\/uploads\/2024\/05\/olive-oil-1412361_640.jpg","contentUrl":"https:\/\/revitapolis.com\/wp-content\/uploads\/2024\/05\/olive-oil-1412361_640.jpg"},{"@type":"BreadcrumbList","@id":"https:\/\/revitapolis.com\/de\/die-regionen-in-italien\/latium\/provinz-frosinone\/#breadcrumb","itemListElement":[{"@type":"ListItem","position":1,"name":"Startseite","item":"https:\/\/revitapolis.com\/de\/"},{"@type":"ListItem","position":2,"name":"Italien","item":"https:\/\/revitapolis.com\/de\/die-regionen-in-italien\/"},{"@type":"ListItem","position":3,"name":"Latium","item":"https:\/\/revitapolis.com\/de\/die-regionen-in-italien\/latium\/"},{"@type":"ListItem","position":4,"name":"Provinz Frosinone"}]},{"@type":"WebSite","@id":"https:\/\/revitapolis.com\/de\/#website","url":"https:\/\/revitapolis.com\/de\/","name":"Revitapolis","description":"Wiederbelebung italienischer Orte","publisher":{"@id":"https:\/\/revitapolis.com\/de\/#organization"},"potentialAction":[{"@type":"SearchAction","target":{"@type":"EntryPoint","urlTemplate":"https:\/\/revitapolis.com\/de\/?s={search_term_string}"},"query-input":{"@type":"PropertyValueSpecification","valueRequired":true,"valueName":"search_term_string"}}],"inLanguage":"de"},{"@type":"Organization","@id":"https:\/\/revitapolis.com\/de\/#organization","name":"Revitapolis","url":"https:\/\/revitapolis.com\/de\/","logo":{"@type":"ImageObject","inLanguage":"de","@id":"https:\/\/revitapolis.com\/de\/#\/schema\/logo\/image\/","url":"https:\/\/revitapolis.com\/wp-content\/uploads\/2022\/03\/cropped-logo-revitapolis.jpg","contentUrl":"https:\/\/revitapolis.com\/wp-content\/uploads\/2022\/03\/cropped-logo-revitapolis.jpg","width":200,"height":91,"caption":"Revitapolis"},"image":{"@id":"https:\/\/revitapolis.com\/de\/#\/schema\/logo\/image\/"}}]}},"_links":{"self":[{"href":"https:\/\/revitapolis.com\/de\/wp-json\/wp\/v2\/pages\/2967","targetHints":{"allow":["GET"]}}],"collection":[{"href":"https:\/\/revitapolis.com\/de\/wp-json\/wp\/v2\/pages"}],"about":[{"href":"https:\/\/revitapolis.com\/de\/wp-json\/wp\/v2\/types\/page"}],"author":[{"embeddable":true,"href":"https:\/\/revitapolis.com\/de\/wp-json\/wp\/v2\/users\/1"}],"replies":[{"embeddable":true,"href":"https:\/\/revitapolis.com\/de\/wp-json\/wp\/v2\/comments?post=2967"}],"version-history":[{"count":8,"href":"https:\/\/revitapolis.com\/de\/wp-json\/wp\/v2\/pages\/2967\/revisions"}],"predecessor-version":[{"id":5405,"href":"https:\/\/revitapolis.com\/de\/wp-json\/wp\/v2\/pages\/2967\/revisions\/5405"}],"up":[{"embeddable":true,"href":"https:\/\/revitapolis.com\/de\/wp-json\/wp\/v2\/pages\/1406"}],"wp:attachment":[{"href":"https:\/\/revitapolis.com\/de\/wp-json\/wp\/v2\/media?parent=2967"}],"curies":[{"name":"wp","href":"https:\/\/api.w.org\/{rel}","templated":true}]}}