{"id":2955,"date":"2022-11-15T10:35:59","date_gmt":"2022-11-15T10:35:59","guid":{"rendered":"https:\/\/revitapolis.com\/?page_id=2955"},"modified":"2023-03-27T13:11:35","modified_gmt":"2023-03-27T13:11:35","slug":"workation","status":"publish","type":"page","link":"https:\/\/revitapolis.com\/de\/workation\/","title":{"rendered":"Workation"},"content":{"rendered":"\n<figure class=\"wp-block-image size-large\"><img fetchpriority=\"high\" decoding=\"async\" width=\"1024\" height=\"576\" src=\"https:\/\/revitapolis.com\/wp-content\/uploads\/2023\/03\/women-4631493_1920-1024x576.jpg\" alt=\"\" class=\"wp-image-3655\" srcset=\"https:\/\/revitapolis.com\/wp-content\/uploads\/2023\/03\/women-4631493_1920-1024x576.jpg 1024w, https:\/\/revitapolis.com\/wp-content\/uploads\/2023\/03\/women-4631493_1920-300x169.jpg 300w, https:\/\/revitapolis.com\/wp-content\/uploads\/2023\/03\/women-4631493_1920-768x432.jpg 768w, https:\/\/revitapolis.com\/wp-content\/uploads\/2023\/03\/women-4631493_1920-1536x864.jpg 1536w, https:\/\/revitapolis.com\/wp-content\/uploads\/2023\/03\/women-4631493_1920-800x450.jpg 800w, https:\/\/revitapolis.com\/wp-content\/uploads\/2023\/03\/women-4631493_1920.jpg 1920w\" sizes=\"(max-width: 1024px) 100vw, 1024px\" \/><\/figure>\n\n\n\n<p>Unter Workation versteht man die Verbindung von Arbeit und Urlaub. Menschen reisen entweder allein oder mit Arbeitskollegen (sog. Coworkation) an einen Ort an dem sie ihren Alltag in einer anderen Umgebung leben. In der Regel werden f\u00fcr eine Workation Orte ausgew\u00e4hlt, die vorzugsweise in Urlaubsregionen liegen. Dabei gibt es Orte, die aufgrund der ausgebauten Infrastruktur Menschen aus verschiedenen Unternehmen beherbergen und so einen firmen- und branchen\u00fcberschreitenden Austausch erm\u00f6glichen. <\/p>\n\n\n\n<h2 class=\"wp-block-heading\">Nur ein neuer Trend oder sinnvolle Alternative?<\/h2>\n\n\n\n<p>Es ist in der heutigen Zeit \u00fcblich, an einem Ort sesshaft zu werden. Nicht selten f\u00fchrt das zu einem langweiligen Alltag. Allein der Jahresurlaub bringt oft nicht den erforderlichen Resett. Irgendwann stellt man sich die Frage, ob das schon alles war. Aber will man f\u00fcr die Freiheit die ganze Sicherheit aufgeben, die man sich sein ganzes Leben lang aufgebaut hat? Die Angst vor einer unsicheren Zukunft bremst jeglichen Freiheitsdrang. Man nimmt dann doch lieber die Unzufriedenheit in Kauf. Das muss nicht sein.<\/p>\n\n\n\n<h2 class=\"wp-block-heading\">Workation als Alternative zur Midlife-Crisis<\/h2>\n\n\n\n<p>Ein kurzer, aber regelm\u00e4\u00dfiger Tapetenwechsel kann durch neue Reize festgefahrene Gedankeng\u00e4nge lockern und neue Perspektiven bringen. Eine unbekannte Umgebung kann inspirieren und sich so nicht nur positiv aufs Gem\u00fct, sondern auf die Arbeitsergebnisse auswirken.<\/p>\n\n\n\n<h2 class=\"wp-block-heading\">Neue Orte erweitern den Horizont<\/h2>\n\n\n\n<p>Bei einer Workation besteht die M\u00f6glichkeit, fremde Gegenden kennenzulernen und neue Kontakte zu kn\u00fcpfen. Man erlebt Dinge, die man in seinem Alltag sonst nicht erlebt. Zudem kann man sich bei einer Workation recht einfach vernetzen und interessante Menschen treffen. Diese Erfahrungen wirken sich letztlich auf die Arbeit und die Motivation aus.<\/p>\n\n\n\n<h2 class=\"wp-block-heading\">Mit Workation Italien entdecken<\/h2>\n\n\n\n<p>W\u00e4hrend eines Auslandsaufenthalts besteht die M\u00f6glichkeit, in seiner Freizeit Dinge zu tun, die man sonst nur einmal im Jahr tut. W\u00e4hrend der Workation kann man auch nach Feierabend ans Meer, in die Berge oder einen Aperitif in der Altstadt genie\u00dfen. Am Wochenende besucht man Museen, die sonst w\u00e4hrend der Urlaubszeit \u00fcberf\u00fcllt sind. Dabei ist es f\u00fcr deutsche Betriebe von Vorteil, dass es mit Italien keine Zeitverschiebung gibt, die Mitarbeiter dennoch an attraktiven Orten ihre Arbeit erbringen k\u00f6nnen. <\/p>\n\n\n\n<p>Auf dieser Seite stellen wir Orte vor, welche die Infrastruktur f\u00fcr eine Workation vorhalten. Eine Workation ist nicht nur f\u00fcr ortsunabh\u00e4ngige Freelancer oder digitale Nomaden geeignet. Auch Unternehmen aus den klassischen Branchen k\u00f6nnen von dieser neuen Art der Arbeit profitieren und so ihren Mitarbeiter ein attraktives Incentive bieten. Gerne unterst\u00fctzen wir auch Unternehmen und ihre Mitarbeiter dabei, eine Workation durchzuf\u00fchren. Nehmen sie hierzu <a href=\"https:\/\/revitapolis.com\/de\/kontakt\/\">Kontakt<\/a> zu uns auf. N\u00e4here Infos zum Thema Workation und Coworkation finden sie <a href=\"https:\/\/de.wikipedia.org\/wiki\/Coworkation\">hier<\/a>.<\/p>\n\n\n\n<div class=\"wp-block-columns is-layout-flex wp-container-core-columns-is-layout-9d6595d7 wp-block-columns-is-layout-flex\">\n<div class=\"wp-block-column is-layout-flow wp-block-column-is-layout-flow\">\n<figure class=\"wp-block-image size-full\"><img decoding=\"async\" width=\"640\" height=\"427\" src=\"https:\/\/revitapolis.com\/wp-content\/uploads\/2022\/12\/beach-5691606_640.jpg\" alt=\"Workation am Meer in Italien\" class=\"wp-image-3276\" srcset=\"https:\/\/revitapolis.com\/wp-content\/uploads\/2022\/12\/beach-5691606_640.jpg 640w, https:\/\/revitapolis.com\/wp-content\/uploads\/2022\/12\/beach-5691606_640-300x200.jpg 300w\" sizes=\"(max-width: 640px) 100vw, 640px\" \/><\/figure>\n<\/div>\n\n\n\n<div class=\"wp-block-column is-layout-flow wp-block-column-is-layout-flow\">\n<figure class=\"wp-block-image size-full\"><img decoding=\"async\" width=\"640\" height=\"427\" src=\"https:\/\/revitapolis.com\/wp-content\/uploads\/2022\/12\/dolomiti-4342572_640.jpg\" alt=\"Workation in den Bergen in Italien\" class=\"wp-image-3279\" srcset=\"https:\/\/revitapolis.com\/wp-content\/uploads\/2022\/12\/dolomiti-4342572_640.jpg 640w, https:\/\/revitapolis.com\/wp-content\/uploads\/2022\/12\/dolomiti-4342572_640-300x200.jpg 300w\" sizes=\"(max-width: 640px) 100vw, 640px\" \/><\/figure>\n<\/div>\n\n\n\n<div class=\"wp-block-column is-layout-flow wp-block-column-is-layout-flow\">\n<figure class=\"wp-block-image size-full\"><img loading=\"lazy\" decoding=\"async\" width=\"640\" height=\"427\" src=\"https:\/\/revitapolis.com\/wp-content\/uploads\/2022\/12\/florence-5473716_640.jpg\" alt=\"Workation in Florenz in der Toskana\" class=\"wp-image-3285\" srcset=\"https:\/\/revitapolis.com\/wp-content\/uploads\/2022\/12\/florence-5473716_640.jpg 640w, https:\/\/revitapolis.com\/wp-content\/uploads\/2022\/12\/florence-5473716_640-300x200.jpg 300w\" sizes=\"(max-width: 640px) 100vw, 640px\" \/><\/figure>\n<\/div>\n<\/div>\n","protected":false},"excerpt":{"rendered":"<p>Unter Workation versteht man die Verbindung von Arbeit und Urlaub. Menschen reisen entweder allein oder mit Arbeitskollegen (sog. Coworkation) an einen Ort an dem sie ihren Alltag in einer anderen Umgebung leben. In der Regel werden f\u00fcr eine Workation Orte ausgew\u00e4hlt, die vorzugsweise in Urlaubsregionen liegen. Dabei gibt es Orte, die aufgrund der ausgebauten Infrastruktur [&hellip;]<\/p>\n","protected":false},"author":1,"featured_media":0,"parent":0,"menu_order":0,"comment_status":"closed","ping_status":"closed","template":"","meta":{"_acf_changed":false,"om_disable_all_campaigns":false,"_monsterinsights_skip_tracking":false,"_monsterinsights_sitenote_active":false,"_monsterinsights_sitenote_note":"","_monsterinsights_sitenote_category":0,"ocean_post_layout":"","ocean_both_sidebars_style":"","ocean_both_sidebars_content_width":0,"ocean_both_sidebars_sidebars_width":0,"ocean_sidebar":"0","ocean_second_sidebar":"0","ocean_disable_margins":"enable","ocean_add_body_class":"","ocean_shortcode_before_top_bar":"","ocean_shortcode_after_top_bar":"","ocean_shortcode_before_header":"","ocean_shortcode_after_header":"","ocean_has_shortcode":"","ocean_shortcode_after_title":"","ocean_shortcode_before_footer_widgets":"","ocean_shortcode_after_footer_widgets":"","ocean_shortcode_before_footer_bottom":"","ocean_shortcode_after_footer_bottom":"","ocean_display_top_bar":"default","ocean_display_header":"default","ocean_header_style":"","ocean_center_header_left_menu":"0","ocean_custom_header_template":"0","ocean_custom_logo":0,"ocean_custom_retina_logo":0,"ocean_custom_logo_max_width":0,"ocean_custom_logo_tablet_max_width":0,"ocean_custom_logo_mobile_max_width":0,"ocean_custom_logo_max_height":0,"ocean_custom_logo_tablet_max_height":0,"ocean_custom_logo_mobile_max_height":0,"ocean_header_custom_menu":"0","ocean_menu_typo_font_family":"0","ocean_menu_typo_font_subset":"","ocean_menu_typo_font_size":0,"ocean_menu_typo_font_size_tablet":0,"ocean_menu_typo_font_size_mobile":0,"ocean_menu_typo_font_size_unit":"px","ocean_menu_typo_font_weight":"","ocean_menu_typo_font_weight_tablet":"","ocean_menu_typo_font_weight_mobile":"","ocean_menu_typo_transform":"","ocean_menu_typo_transform_tablet":"","ocean_menu_typo_transform_mobile":"","ocean_menu_typo_line_height":0,"ocean_menu_typo_line_height_tablet":0,"ocean_menu_typo_line_height_mobile":0,"ocean_menu_typo_line_height_unit":"","ocean_menu_typo_spacing":0,"ocean_menu_typo_spacing_tablet":0,"ocean_menu_typo_spacing_mobile":0,"ocean_menu_typo_spacing_unit":"","ocean_menu_link_color":"","ocean_menu_link_color_hover":"","ocean_menu_link_color_active":"","ocean_menu_link_background":"","ocean_menu_link_hover_background":"","ocean_menu_link_active_background":"","ocean_menu_social_links_bg":"","ocean_menu_social_hover_links_bg":"","ocean_menu_social_links_color":"","ocean_menu_social_hover_links_color":"","ocean_disable_title":"default","ocean_disable_heading":"default","ocean_post_title":"","ocean_post_subheading":"","ocean_post_title_style":"","ocean_post_title_background_color":"","ocean_post_title_background":0,"ocean_post_title_bg_image_position":"","ocean_post_title_bg_image_attachment":"","ocean_post_title_bg_image_repeat":"","ocean_post_title_bg_image_size":"","ocean_post_title_height":0,"ocean_post_title_bg_overlay":0.5,"ocean_post_title_bg_overlay_color":"","ocean_disable_breadcrumbs":"default","ocean_breadcrumbs_color":"","ocean_breadcrumbs_separator_color":"","ocean_breadcrumbs_links_color":"","ocean_breadcrumbs_links_hover_color":"","ocean_display_footer_widgets":"default","ocean_display_footer_bottom":"default","ocean_custom_footer_template":"0","footnotes":""},"class_list":["post-2955","page","type-page","status-publish","hentry","entry"],"acf":[],"yoast_head":"<!-- This site is optimized with the Yoast SEO plugin v27.3 - https:\/\/yoast.com\/product\/yoast-seo-wordpress\/ -->\n<title>Workation - Revitapolis<\/title>\n<meta name=\"description\" content=\"Workation: Profitieren sie vom neuen Trend! Nehmen Sie hier mit uns Kontakt auf, damit wir sie zu dem Thema beraten k\u00f6nnen.\" \/>\n<meta name=\"robots\" content=\"index, follow, max-snippet:-1, max-image-preview:large, max-video-preview:-1\" \/>\n<link rel=\"canonical\" href=\"https:\/\/revitapolis.com\/de\/workation\/\" \/>\n<meta property=\"og:locale\" content=\"de_DE\" \/>\n<meta property=\"og:type\" content=\"article\" \/>\n<meta property=\"og:title\" content=\"Workation - Revitapolis\" \/>\n<meta property=\"og:description\" content=\"Workation: Profitieren sie vom neuen Trend! Nehmen Sie hier mit uns Kontakt auf, damit wir sie zu dem Thema beraten k\u00f6nnen.\" \/>\n<meta property=\"og:url\" content=\"https:\/\/revitapolis.com\/de\/workation\/\" \/>\n<meta property=\"og:site_name\" content=\"Revitapolis\" \/>\n<meta property=\"article:modified_time\" content=\"2023-03-27T13:11:35+00:00\" \/>\n<meta property=\"og:image\" content=\"https:\/\/revitapolis.com\/wp-content\/uploads\/2023\/03\/women-4631493_1920-1024x576.jpg\" \/>\n<meta name=\"twitter:card\" content=\"summary_large_image\" \/>\n<meta name=\"twitter:label1\" content=\"Gesch\u00e4tzte Lesezeit\" \/>\n\t<meta name=\"twitter:data1\" content=\"2\u00a0Minuten\" \/>\n<script type=\"application\/ld+json\" class=\"yoast-schema-graph\">{\"@context\":\"https:\\\/\\\/schema.org\",\"@graph\":[{\"@type\":\"WebPage\",\"@id\":\"https:\\\/\\\/revitapolis.com\\\/de\\\/workation\\\/\",\"url\":\"https:\\\/\\\/revitapolis.com\\\/de\\\/workation\\\/\",\"name\":\"Workation - Revitapolis\",\"isPartOf\":{\"@id\":\"https:\\\/\\\/revitapolis.com\\\/de\\\/#website\"},\"primaryImageOfPage\":{\"@id\":\"https:\\\/\\\/revitapolis.com\\\/de\\\/workation\\\/#primaryimage\"},\"image\":{\"@id\":\"https:\\\/\\\/revitapolis.com\\\/de\\\/workation\\\/#primaryimage\"},\"thumbnailUrl\":\"https:\\\/\\\/revitapolis.com\\\/wp-content\\\/uploads\\\/2023\\\/03\\\/women-4631493_1920-1024x576.jpg\",\"datePublished\":\"2022-11-15T10:35:59+00:00\",\"dateModified\":\"2023-03-27T13:11:35+00:00\",\"description\":\"Workation: Profitieren sie vom neuen Trend! Nehmen Sie hier mit uns Kontakt auf, damit wir sie zu dem Thema beraten k\u00f6nnen.\",\"breadcrumb\":{\"@id\":\"https:\\\/\\\/revitapolis.com\\\/de\\\/workation\\\/#breadcrumb\"},\"inLanguage\":\"de\",\"potentialAction\":[{\"@type\":\"ReadAction\",\"target\":[\"https:\\\/\\\/revitapolis.com\\\/de\\\/workation\\\/\"]}]},{\"@type\":\"ImageObject\",\"inLanguage\":\"de\",\"@id\":\"https:\\\/\\\/revitapolis.com\\\/de\\\/workation\\\/#primaryimage\",\"url\":\"https:\\\/\\\/revitapolis.com\\\/wp-content\\\/uploads\\\/2023\\\/03\\\/women-4631493_1920-1024x576.jpg\",\"contentUrl\":\"https:\\\/\\\/revitapolis.com\\\/wp-content\\\/uploads\\\/2023\\\/03\\\/women-4631493_1920-1024x576.jpg\"},{\"@type\":\"BreadcrumbList\",\"@id\":\"https:\\\/\\\/revitapolis.com\\\/de\\\/workation\\\/#breadcrumb\",\"itemListElement\":[{\"@type\":\"ListItem\",\"position\":1,\"name\":\"Startseite\",\"item\":\"https:\\\/\\\/revitapolis.com\\\/de\\\/\"},{\"@type\":\"ListItem\",\"position\":2,\"name\":\"Workation\"}]},{\"@type\":\"WebSite\",\"@id\":\"https:\\\/\\\/revitapolis.com\\\/de\\\/#website\",\"url\":\"https:\\\/\\\/revitapolis.com\\\/de\\\/\",\"name\":\"Revitapolis\",\"description\":\"Wiederbelebung italienischer Orte\",\"publisher\":{\"@id\":\"https:\\\/\\\/revitapolis.com\\\/de\\\/#organization\"},\"potentialAction\":[{\"@type\":\"SearchAction\",\"target\":{\"@type\":\"EntryPoint\",\"urlTemplate\":\"https:\\\/\\\/revitapolis.com\\\/de\\\/?s={search_term_string}\"},\"query-input\":{\"@type\":\"PropertyValueSpecification\",\"valueRequired\":true,\"valueName\":\"search_term_string\"}}],\"inLanguage\":\"de\"},{\"@type\":\"Organization\",\"@id\":\"https:\\\/\\\/revitapolis.com\\\/de\\\/#organization\",\"name\":\"Revitapolis\",\"url\":\"https:\\\/\\\/revitapolis.com\\\/de\\\/\",\"logo\":{\"@type\":\"ImageObject\",\"inLanguage\":\"de\",\"@id\":\"https:\\\/\\\/revitapolis.com\\\/de\\\/#\\\/schema\\\/logo\\\/image\\\/\",\"url\":\"https:\\\/\\\/revitapolis.com\\\/wp-content\\\/uploads\\\/2022\\\/03\\\/cropped-logo-revitapolis.jpg\",\"contentUrl\":\"https:\\\/\\\/revitapolis.com\\\/wp-content\\\/uploads\\\/2022\\\/03\\\/cropped-logo-revitapolis.jpg\",\"width\":200,\"height\":91,\"caption\":\"Revitapolis\"},\"image\":{\"@id\":\"https:\\\/\\\/revitapolis.com\\\/de\\\/#\\\/schema\\\/logo\\\/image\\\/\"}}]}<\/script>\n<!-- \/ Yoast SEO plugin. -->","yoast_head_json":{"title":"Workation - Revitapolis","description":"Workation: Profitieren sie vom neuen Trend! Nehmen Sie hier mit uns Kontakt auf, damit wir sie zu dem Thema beraten k\u00f6nnen.","robots":{"index":"index","follow":"follow","max-snippet":"max-snippet:-1","max-image-preview":"max-image-preview:large","max-video-preview":"max-video-preview:-1"},"canonical":"https:\/\/revitapolis.com\/de\/workation\/","og_locale":"de_DE","og_type":"article","og_title":"Workation - Revitapolis","og_description":"Workation: Profitieren sie vom neuen Trend! Nehmen Sie hier mit uns Kontakt auf, damit wir sie zu dem Thema beraten k\u00f6nnen.","og_url":"https:\/\/revitapolis.com\/de\/workation\/","og_site_name":"Revitapolis","article_modified_time":"2023-03-27T13:11:35+00:00","og_image":[{"url":"https:\/\/revitapolis.com\/wp-content\/uploads\/2023\/03\/women-4631493_1920-1024x576.jpg","type":"","width":"","height":""}],"twitter_card":"summary_large_image","twitter_misc":{"Gesch\u00e4tzte Lesezeit":"2\u00a0Minuten"},"schema":{"@context":"https:\/\/schema.org","@graph":[{"@type":"WebPage","@id":"https:\/\/revitapolis.com\/de\/workation\/","url":"https:\/\/revitapolis.com\/de\/workation\/","name":"Workation - Revitapolis","isPartOf":{"@id":"https:\/\/revitapolis.com\/de\/#website"},"primaryImageOfPage":{"@id":"https:\/\/revitapolis.com\/de\/workation\/#primaryimage"},"image":{"@id":"https:\/\/revitapolis.com\/de\/workation\/#primaryimage"},"thumbnailUrl":"https:\/\/revitapolis.com\/wp-content\/uploads\/2023\/03\/women-4631493_1920-1024x576.jpg","datePublished":"2022-11-15T10:35:59+00:00","dateModified":"2023-03-27T13:11:35+00:00","description":"Workation: Profitieren sie vom neuen Trend! Nehmen Sie hier mit uns Kontakt auf, damit wir sie zu dem Thema beraten k\u00f6nnen.","breadcrumb":{"@id":"https:\/\/revitapolis.com\/de\/workation\/#breadcrumb"},"inLanguage":"de","potentialAction":[{"@type":"ReadAction","target":["https:\/\/revitapolis.com\/de\/workation\/"]}]},{"@type":"ImageObject","inLanguage":"de","@id":"https:\/\/revitapolis.com\/de\/workation\/#primaryimage","url":"https:\/\/revitapolis.com\/wp-content\/uploads\/2023\/03\/women-4631493_1920-1024x576.jpg","contentUrl":"https:\/\/revitapolis.com\/wp-content\/uploads\/2023\/03\/women-4631493_1920-1024x576.jpg"},{"@type":"BreadcrumbList","@id":"https:\/\/revitapolis.com\/de\/workation\/#breadcrumb","itemListElement":[{"@type":"ListItem","position":1,"name":"Startseite","item":"https:\/\/revitapolis.com\/de\/"},{"@type":"ListItem","position":2,"name":"Workation"}]},{"@type":"WebSite","@id":"https:\/\/revitapolis.com\/de\/#website","url":"https:\/\/revitapolis.com\/de\/","name":"Revitapolis","description":"Wiederbelebung italienischer Orte","publisher":{"@id":"https:\/\/revitapolis.com\/de\/#organization"},"potentialAction":[{"@type":"SearchAction","target":{"@type":"EntryPoint","urlTemplate":"https:\/\/revitapolis.com\/de\/?s={search_term_string}"},"query-input":{"@type":"PropertyValueSpecification","valueRequired":true,"valueName":"search_term_string"}}],"inLanguage":"de"},{"@type":"Organization","@id":"https:\/\/revitapolis.com\/de\/#organization","name":"Revitapolis","url":"https:\/\/revitapolis.com\/de\/","logo":{"@type":"ImageObject","inLanguage":"de","@id":"https:\/\/revitapolis.com\/de\/#\/schema\/logo\/image\/","url":"https:\/\/revitapolis.com\/wp-content\/uploads\/2022\/03\/cropped-logo-revitapolis.jpg","contentUrl":"https:\/\/revitapolis.com\/wp-content\/uploads\/2022\/03\/cropped-logo-revitapolis.jpg","width":200,"height":91,"caption":"Revitapolis"},"image":{"@id":"https:\/\/revitapolis.com\/de\/#\/schema\/logo\/image\/"}}]}},"_links":{"self":[{"href":"https:\/\/revitapolis.com\/de\/wp-json\/wp\/v2\/pages\/2955","targetHints":{"allow":["GET"]}}],"collection":[{"href":"https:\/\/revitapolis.com\/de\/wp-json\/wp\/v2\/pages"}],"about":[{"href":"https:\/\/revitapolis.com\/de\/wp-json\/wp\/v2\/types\/page"}],"author":[{"embeddable":true,"href":"https:\/\/revitapolis.com\/de\/wp-json\/wp\/v2\/users\/1"}],"replies":[{"embeddable":true,"href":"https:\/\/revitapolis.com\/de\/wp-json\/wp\/v2\/comments?post=2955"}],"version-history":[{"count":5,"href":"https:\/\/revitapolis.com\/de\/wp-json\/wp\/v2\/pages\/2955\/revisions"}],"predecessor-version":[{"id":3658,"href":"https:\/\/revitapolis.com\/de\/wp-json\/wp\/v2\/pages\/2955\/revisions\/3658"}],"wp:attachment":[{"href":"https:\/\/revitapolis.com\/de\/wp-json\/wp\/v2\/media?parent=2955"}],"curies":[{"name":"wp","href":"https:\/\/api.w.org\/{rel}","templated":true}]}}