{"id":2542,"date":"2022-09-08T10:31:04","date_gmt":"2022-09-08T10:31:04","guid":{"rendered":"https:\/\/revitapolis.com\/?page_id=2542"},"modified":"2023-04-24T07:58:35","modified_gmt":"2023-04-24T07:58:35","slug":"architektur","status":"publish","type":"page","link":"https:\/\/revitapolis.com\/de\/kultur\/architektur\/","title":{"rendered":"Architektur"},"content":{"rendered":"\n<p>Wir m\u00f6chten Ihnen an dieser Stelle die Architektur in Italien vorstellen.<\/p>\n\n\n\n<div class=\"wp-block-columns is-layout-flex wp-container-core-columns-is-layout-9d6595d7 wp-block-columns-is-layout-flex\">\n<div class=\"wp-block-column is-layout-flow wp-block-column-is-layout-flow\" style=\"flex-basis:100%\">\n<figure class=\"wp-block-image size-full\"><img fetchpriority=\"high\" decoding=\"async\" width=\"640\" height=\"427\" src=\"https:\/\/revitapolis.com\/wp-content\/uploads\/2023\/04\/rome-5195046_640.jpg\" alt=\"\" class=\"wp-image-4626\" srcset=\"https:\/\/revitapolis.com\/wp-content\/uploads\/2023\/04\/rome-5195046_640.jpg 640w, https:\/\/revitapolis.com\/wp-content\/uploads\/2023\/04\/rome-5195046_640-300x200.jpg 300w\" sizes=\"(max-width: 640px) 100vw, 640px\" \/><\/figure>\n<\/div>\n<\/div>\n\n\n\n<h2 class=\"wp-block-heading\">Architektur in Italien<\/h2>\n\n\n\n<p>Italien ist f\u00fcr seine Bauwerke weltweit bekannt. Aus jedem Land dieser Erde finden sich kulturinteressierte Menschen in Italien ein, um die bekanntesten und beeindruckendsten architektonischen Meisterwerke zu bewundern. <\/p>\n\n\n\n<p>Faszinierend sind zweifelsohne die antiken r\u00f6mischen Bauwerke, die noch heute bewundert werden k\u00f6nnen. Einige der bekanntesten Beispiele sind das Kolosseum, das Pantheon und das Forum Romanum. Diese Geb\u00e4ude zeichnen sich durch ihre beeindruckende Gr\u00f6\u00dfe und ihre genaue Konstruktion aus, die immer noch bewundernswert ist.<\/p>\n\n\n\n<p>W\u00e4hrend der Renaissance erlebte die italienische Architektur einen weiteren H\u00f6hepunkt, als K\u00fcnstler und Architekten wie Leonardo da Vinci, Michelangelo und Brunelleschi ein neues Niveau schufen. Die Architektur der Renaissance ist durch ihre Sch\u00f6nheit, Symmetrie und Proportionen gekennzeichnet. Einige der bekanntesten Beispiele sind der Petersdom, der Palazzo Vecchio und die Uffizien in Florenz.<\/p>\n\n\n\n<p>Ein weiteres Beispiel f\u00fcr die italienische Architektur ist der Barockstil, der im 17. Jahrhundert entstand und sich durch seinen pr\u00e4chtigen und opulenten Stil auszeichnet. Einige der bekanntesten Beispiele f\u00fcr den Barockstil sind der Trevi-Brunnen und die Spanische Treppe in Rom.<\/p>\n\n\n\n<p>In Italien gibt es auch viele Beispiele f\u00fcr moderne Architektur, die die Traditionen der Vergangenheit mit der Moderne verbinden. Ein Beispiel daf\u00fcr ist das Museo MAXXI in Rom, das von der irakischen Architektin Zaha Hadid entworfen wurde.<\/p>\n","protected":false},"excerpt":{"rendered":"<p>Wir m\u00f6chten Ihnen an dieser Stelle die Architektur in Italien vorstellen. Architektur in Italien Italien ist f\u00fcr seine Bauwerke weltweit bekannt. Aus jedem Land dieser Erde finden sich kulturinteressierte Menschen in Italien ein, um die bekanntesten und beeindruckendsten architektonischen Meisterwerke zu bewundern. Faszinierend sind zweifelsohne die antiken r\u00f6mischen Bauwerke, die noch heute bewundert werden k\u00f6nnen. [&hellip;]<\/p>\n","protected":false},"author":1,"featured_media":0,"parent":1275,"menu_order":0,"comment_status":"closed","ping_status":"closed","template":"","meta":{"_acf_changed":false,"om_disable_all_campaigns":false,"_monsterinsights_skip_tracking":false,"_monsterinsights_sitenote_active":false,"_monsterinsights_sitenote_note":"","_monsterinsights_sitenote_category":0,"ocean_post_layout":"","ocean_both_sidebars_style":"","ocean_both_sidebars_content_width":0,"ocean_both_sidebars_sidebars_width":0,"ocean_sidebar":"0","ocean_second_sidebar":"0","ocean_disable_margins":"enable","ocean_add_body_class":"","ocean_shortcode_before_top_bar":"","ocean_shortcode_after_top_bar":"","ocean_shortcode_before_header":"","ocean_shortcode_after_header":"","ocean_has_shortcode":"","ocean_shortcode_after_title":"","ocean_shortcode_before_footer_widgets":"","ocean_shortcode_after_footer_widgets":"","ocean_shortcode_before_footer_bottom":"","ocean_shortcode_after_footer_bottom":"","ocean_display_top_bar":"default","ocean_display_header":"default","ocean_header_style":"","ocean_center_header_left_menu":"0","ocean_custom_header_template":"0","ocean_custom_logo":0,"ocean_custom_retina_logo":0,"ocean_custom_logo_max_width":0,"ocean_custom_logo_tablet_max_width":0,"ocean_custom_logo_mobile_max_width":0,"ocean_custom_logo_max_height":0,"ocean_custom_logo_tablet_max_height":0,"ocean_custom_logo_mobile_max_height":0,"ocean_header_custom_menu":"0","ocean_menu_typo_font_family":"0","ocean_menu_typo_font_subset":"","ocean_menu_typo_font_size":0,"ocean_menu_typo_font_size_tablet":0,"ocean_menu_typo_font_size_mobile":0,"ocean_menu_typo_font_size_unit":"px","ocean_menu_typo_font_weight":"","ocean_menu_typo_font_weight_tablet":"","ocean_menu_typo_font_weight_mobile":"","ocean_menu_typo_transform":"","ocean_menu_typo_transform_tablet":"","ocean_menu_typo_transform_mobile":"","ocean_menu_typo_line_height":0,"ocean_menu_typo_line_height_tablet":0,"ocean_menu_typo_line_height_mobile":0,"ocean_menu_typo_line_height_unit":"","ocean_menu_typo_spacing":0,"ocean_menu_typo_spacing_tablet":0,"ocean_menu_typo_spacing_mobile":0,"ocean_menu_typo_spacing_unit":"","ocean_menu_link_color":"","ocean_menu_link_color_hover":"","ocean_menu_link_color_active":"","ocean_menu_link_background":"","ocean_menu_link_hover_background":"","ocean_menu_link_active_background":"","ocean_menu_social_links_bg":"","ocean_menu_social_hover_links_bg":"","ocean_menu_social_links_color":"","ocean_menu_social_hover_links_color":"","ocean_disable_title":"default","ocean_disable_heading":"default","ocean_post_title":"","ocean_post_subheading":"","ocean_post_title_style":"","ocean_post_title_background_color":"","ocean_post_title_background":0,"ocean_post_title_bg_image_position":"","ocean_post_title_bg_image_attachment":"","ocean_post_title_bg_image_repeat":"","ocean_post_title_bg_image_size":"","ocean_post_title_height":0,"ocean_post_title_bg_overlay":0.5,"ocean_post_title_bg_overlay_color":"","ocean_disable_breadcrumbs":"default","ocean_breadcrumbs_color":"","ocean_breadcrumbs_separator_color":"","ocean_breadcrumbs_links_color":"","ocean_breadcrumbs_links_hover_color":"","ocean_display_footer_widgets":"default","ocean_display_footer_bottom":"default","ocean_custom_footer_template":"0","footnotes":""},"class_list":["post-2542","page","type-page","status-publish","hentry","entry"],"acf":[],"yoast_head":"<!-- This site is optimized with the Yoast SEO plugin v27.3 - https:\/\/yoast.com\/product\/yoast-seo-wordpress\/ -->\n<title>Architektur - Revitapolis<\/title>\n<meta name=\"description\" content=\"Revitapolis f\u00f6rdert die italienische Architektur. Genie\u00dfen Sie auf unserer Seite die weltweit bekannten Bauwerke in Italien\" \/>\n<meta name=\"robots\" content=\"index, follow, max-snippet:-1, max-image-preview:large, max-video-preview:-1\" \/>\n<link rel=\"canonical\" href=\"https:\/\/revitapolis.com\/de\/kultur\/architektur\/\" \/>\n<meta property=\"og:locale\" content=\"de_DE\" \/>\n<meta property=\"og:type\" content=\"article\" \/>\n<meta property=\"og:title\" content=\"Architektur - Revitapolis\" \/>\n<meta property=\"og:description\" content=\"Revitapolis f\u00f6rdert die italienische Architektur. Genie\u00dfen Sie auf unserer Seite die weltweit bekannten Bauwerke in Italien\" \/>\n<meta property=\"og:url\" content=\"https:\/\/revitapolis.com\/de\/kultur\/architektur\/\" \/>\n<meta property=\"og:site_name\" content=\"Revitapolis\" \/>\n<meta property=\"article:modified_time\" content=\"2023-04-24T07:58:35+00:00\" \/>\n<meta property=\"og:image\" content=\"https:\/\/revitapolis.com\/wp-content\/uploads\/2023\/04\/rome-5195046_640.jpg\" \/>\n<meta name=\"twitter:card\" content=\"summary_large_image\" \/>\n<meta name=\"twitter:label1\" content=\"Gesch\u00e4tzte Lesezeit\" \/>\n\t<meta name=\"twitter:data1\" content=\"2\u00a0Minuten\" \/>\n<script type=\"application\/ld+json\" class=\"yoast-schema-graph\">{\"@context\":\"https:\\\/\\\/schema.org\",\"@graph\":[{\"@type\":\"WebPage\",\"@id\":\"https:\\\/\\\/revitapolis.com\\\/de\\\/kultur\\\/architektur\\\/\",\"url\":\"https:\\\/\\\/revitapolis.com\\\/de\\\/kultur\\\/architektur\\\/\",\"name\":\"Architektur - Revitapolis\",\"isPartOf\":{\"@id\":\"https:\\\/\\\/revitapolis.com\\\/de\\\/#website\"},\"primaryImageOfPage\":{\"@id\":\"https:\\\/\\\/revitapolis.com\\\/de\\\/kultur\\\/architektur\\\/#primaryimage\"},\"image\":{\"@id\":\"https:\\\/\\\/revitapolis.com\\\/de\\\/kultur\\\/architektur\\\/#primaryimage\"},\"thumbnailUrl\":\"https:\\\/\\\/revitapolis.com\\\/wp-content\\\/uploads\\\/2023\\\/04\\\/rome-5195046_640.jpg\",\"datePublished\":\"2022-09-08T10:31:04+00:00\",\"dateModified\":\"2023-04-24T07:58:35+00:00\",\"description\":\"Revitapolis f\u00f6rdert die italienische Architektur. Genie\u00dfen Sie auf unserer Seite die weltweit bekannten Bauwerke in Italien\",\"breadcrumb\":{\"@id\":\"https:\\\/\\\/revitapolis.com\\\/de\\\/kultur\\\/architektur\\\/#breadcrumb\"},\"inLanguage\":\"de\",\"potentialAction\":[{\"@type\":\"ReadAction\",\"target\":[\"https:\\\/\\\/revitapolis.com\\\/de\\\/kultur\\\/architektur\\\/\"]}]},{\"@type\":\"ImageObject\",\"inLanguage\":\"de\",\"@id\":\"https:\\\/\\\/revitapolis.com\\\/de\\\/kultur\\\/architektur\\\/#primaryimage\",\"url\":\"https:\\\/\\\/revitapolis.com\\\/wp-content\\\/uploads\\\/2023\\\/04\\\/rome-5195046_640.jpg\",\"contentUrl\":\"https:\\\/\\\/revitapolis.com\\\/wp-content\\\/uploads\\\/2023\\\/04\\\/rome-5195046_640.jpg\"},{\"@type\":\"BreadcrumbList\",\"@id\":\"https:\\\/\\\/revitapolis.com\\\/de\\\/kultur\\\/architektur\\\/#breadcrumb\",\"itemListElement\":[{\"@type\":\"ListItem\",\"position\":1,\"name\":\"Startseite\",\"item\":\"https:\\\/\\\/revitapolis.com\\\/de\\\/\"},{\"@type\":\"ListItem\",\"position\":2,\"name\":\"Kultur\",\"item\":\"https:\\\/\\\/revitapolis.com\\\/de\\\/kultur\\\/\"},{\"@type\":\"ListItem\",\"position\":3,\"name\":\"Architektur\"}]},{\"@type\":\"WebSite\",\"@id\":\"https:\\\/\\\/revitapolis.com\\\/de\\\/#website\",\"url\":\"https:\\\/\\\/revitapolis.com\\\/de\\\/\",\"name\":\"Revitapolis\",\"description\":\"Wiederbelebung italienischer Orte\",\"publisher\":{\"@id\":\"https:\\\/\\\/revitapolis.com\\\/de\\\/#organization\"},\"potentialAction\":[{\"@type\":\"SearchAction\",\"target\":{\"@type\":\"EntryPoint\",\"urlTemplate\":\"https:\\\/\\\/revitapolis.com\\\/de\\\/?s={search_term_string}\"},\"query-input\":{\"@type\":\"PropertyValueSpecification\",\"valueRequired\":true,\"valueName\":\"search_term_string\"}}],\"inLanguage\":\"de\"},{\"@type\":\"Organization\",\"@id\":\"https:\\\/\\\/revitapolis.com\\\/de\\\/#organization\",\"name\":\"Revitapolis\",\"url\":\"https:\\\/\\\/revitapolis.com\\\/de\\\/\",\"logo\":{\"@type\":\"ImageObject\",\"inLanguage\":\"de\",\"@id\":\"https:\\\/\\\/revitapolis.com\\\/de\\\/#\\\/schema\\\/logo\\\/image\\\/\",\"url\":\"https:\\\/\\\/revitapolis.com\\\/wp-content\\\/uploads\\\/2022\\\/03\\\/cropped-logo-revitapolis.jpg\",\"contentUrl\":\"https:\\\/\\\/revitapolis.com\\\/wp-content\\\/uploads\\\/2022\\\/03\\\/cropped-logo-revitapolis.jpg\",\"width\":200,\"height\":91,\"caption\":\"Revitapolis\"},\"image\":{\"@id\":\"https:\\\/\\\/revitapolis.com\\\/de\\\/#\\\/schema\\\/logo\\\/image\\\/\"}}]}<\/script>\n<!-- \/ Yoast SEO plugin. -->","yoast_head_json":{"title":"Architektur - Revitapolis","description":"Revitapolis f\u00f6rdert die italienische Architektur. Genie\u00dfen Sie auf unserer Seite die weltweit bekannten Bauwerke in Italien","robots":{"index":"index","follow":"follow","max-snippet":"max-snippet:-1","max-image-preview":"max-image-preview:large","max-video-preview":"max-video-preview:-1"},"canonical":"https:\/\/revitapolis.com\/de\/kultur\/architektur\/","og_locale":"de_DE","og_type":"article","og_title":"Architektur - Revitapolis","og_description":"Revitapolis f\u00f6rdert die italienische Architektur. Genie\u00dfen Sie auf unserer Seite die weltweit bekannten Bauwerke in Italien","og_url":"https:\/\/revitapolis.com\/de\/kultur\/architektur\/","og_site_name":"Revitapolis","article_modified_time":"2023-04-24T07:58:35+00:00","og_image":[{"url":"https:\/\/revitapolis.com\/wp-content\/uploads\/2023\/04\/rome-5195046_640.jpg","type":"","width":"","height":""}],"twitter_card":"summary_large_image","twitter_misc":{"Gesch\u00e4tzte Lesezeit":"2\u00a0Minuten"},"schema":{"@context":"https:\/\/schema.org","@graph":[{"@type":"WebPage","@id":"https:\/\/revitapolis.com\/de\/kultur\/architektur\/","url":"https:\/\/revitapolis.com\/de\/kultur\/architektur\/","name":"Architektur - Revitapolis","isPartOf":{"@id":"https:\/\/revitapolis.com\/de\/#website"},"primaryImageOfPage":{"@id":"https:\/\/revitapolis.com\/de\/kultur\/architektur\/#primaryimage"},"image":{"@id":"https:\/\/revitapolis.com\/de\/kultur\/architektur\/#primaryimage"},"thumbnailUrl":"https:\/\/revitapolis.com\/wp-content\/uploads\/2023\/04\/rome-5195046_640.jpg","datePublished":"2022-09-08T10:31:04+00:00","dateModified":"2023-04-24T07:58:35+00:00","description":"Revitapolis f\u00f6rdert die italienische Architektur. Genie\u00dfen Sie auf unserer Seite die weltweit bekannten Bauwerke in Italien","breadcrumb":{"@id":"https:\/\/revitapolis.com\/de\/kultur\/architektur\/#breadcrumb"},"inLanguage":"de","potentialAction":[{"@type":"ReadAction","target":["https:\/\/revitapolis.com\/de\/kultur\/architektur\/"]}]},{"@type":"ImageObject","inLanguage":"de","@id":"https:\/\/revitapolis.com\/de\/kultur\/architektur\/#primaryimage","url":"https:\/\/revitapolis.com\/wp-content\/uploads\/2023\/04\/rome-5195046_640.jpg","contentUrl":"https:\/\/revitapolis.com\/wp-content\/uploads\/2023\/04\/rome-5195046_640.jpg"},{"@type":"BreadcrumbList","@id":"https:\/\/revitapolis.com\/de\/kultur\/architektur\/#breadcrumb","itemListElement":[{"@type":"ListItem","position":1,"name":"Startseite","item":"https:\/\/revitapolis.com\/de\/"},{"@type":"ListItem","position":2,"name":"Kultur","item":"https:\/\/revitapolis.com\/de\/kultur\/"},{"@type":"ListItem","position":3,"name":"Architektur"}]},{"@type":"WebSite","@id":"https:\/\/revitapolis.com\/de\/#website","url":"https:\/\/revitapolis.com\/de\/","name":"Revitapolis","description":"Wiederbelebung italienischer Orte","publisher":{"@id":"https:\/\/revitapolis.com\/de\/#organization"},"potentialAction":[{"@type":"SearchAction","target":{"@type":"EntryPoint","urlTemplate":"https:\/\/revitapolis.com\/de\/?s={search_term_string}"},"query-input":{"@type":"PropertyValueSpecification","valueRequired":true,"valueName":"search_term_string"}}],"inLanguage":"de"},{"@type":"Organization","@id":"https:\/\/revitapolis.com\/de\/#organization","name":"Revitapolis","url":"https:\/\/revitapolis.com\/de\/","logo":{"@type":"ImageObject","inLanguage":"de","@id":"https:\/\/revitapolis.com\/de\/#\/schema\/logo\/image\/","url":"https:\/\/revitapolis.com\/wp-content\/uploads\/2022\/03\/cropped-logo-revitapolis.jpg","contentUrl":"https:\/\/revitapolis.com\/wp-content\/uploads\/2022\/03\/cropped-logo-revitapolis.jpg","width":200,"height":91,"caption":"Revitapolis"},"image":{"@id":"https:\/\/revitapolis.com\/de\/#\/schema\/logo\/image\/"}}]}},"_links":{"self":[{"href":"https:\/\/revitapolis.com\/de\/wp-json\/wp\/v2\/pages\/2542","targetHints":{"allow":["GET"]}}],"collection":[{"href":"https:\/\/revitapolis.com\/de\/wp-json\/wp\/v2\/pages"}],"about":[{"href":"https:\/\/revitapolis.com\/de\/wp-json\/wp\/v2\/types\/page"}],"author":[{"embeddable":true,"href":"https:\/\/revitapolis.com\/de\/wp-json\/wp\/v2\/users\/1"}],"replies":[{"embeddable":true,"href":"https:\/\/revitapolis.com\/de\/wp-json\/wp\/v2\/comments?post=2542"}],"version-history":[{"count":2,"href":"https:\/\/revitapolis.com\/de\/wp-json\/wp\/v2\/pages\/2542\/revisions"}],"predecessor-version":[{"id":4629,"href":"https:\/\/revitapolis.com\/de\/wp-json\/wp\/v2\/pages\/2542\/revisions\/4629"}],"up":[{"embeddable":true,"href":"https:\/\/revitapolis.com\/de\/wp-json\/wp\/v2\/pages\/1275"}],"wp:attachment":[{"href":"https:\/\/revitapolis.com\/de\/wp-json\/wp\/v2\/media?parent=2542"}],"curies":[{"name":"wp","href":"https:\/\/api.w.org\/{rel}","templated":true}]}}