{"id":25,"date":"2024-09-08T07:08:22","date_gmt":"2024-09-08T07:08:22","guid":{"rendered":"https:\/\/revitapolis.com\/?page_id=25"},"modified":"2025-03-25T10:23:52","modified_gmt":"2025-03-25T10:23:52","slug":"die-regionen-in-italien","status":"publish","type":"page","link":"https:\/\/revitapolis.com\/de\/die-regionen-in-italien\/","title":{"rendered":"Italien"},"content":{"rendered":"\n<div style=\"height:30px\" aria-hidden=\"true\" class=\"wp-block-spacer\"><\/div>\n\n\n\n<h2 class=\"wp-block-heading\" style=\"font-size:30px\">Italien &gt; Regionen<\/h2>\n\n\n\n<p>Lernen Sie hier die 20 Regionen in Italien kennen!<\/p>\n\n\n\n<h3 class=\"wp-block-heading\">Italien und seine Regionen: Ein Land voller Vielfalt und Geschichte<\/h3>\n\n\n\n<p>Italien, offiziell die Italienische Republik, besteht als Nationalstaat seit 1861. Mit Rom als Hauptstadt und Mailand als Finanzzentrum des Landes geh\u00f6rt Italien zu den bedeutendsten Nationen Europas. Die offizielle Sprache ist Italienisch, doch in bestimmten Regionen, wie Trentino-S\u00fcdtirol (Deutsch und Ladinisch), Aostatal (Franz\u00f6sisch) und Friaul-Julisch Venetien (Slowenisch), gibt es zus\u00e4tzliche Amtssprachen. Politisch ist das Land in 20 Regionen, 90 Provinzen und 15 Metropolst\u00e4dte unterteilt. Insgesamt z\u00e4hlt Italien 7.904 Gemeinden. Die gr\u00f6\u00dfte Provinz Italiens, S\u00fcdtirol mit der Hauptstadt Bozen, erstreckt sich \u00fcber 7.400 km\u00b2 und genie\u00dft zusammen mit Trient den Status einer autonomen Region. <\/p>\n\n\n\n<p>Italien ist nicht nur landschaftlich vielf\u00e4ltig, sondern z\u00e4hlt zu den weltweit f\u00fchrenden Industrienationen. Gemessen am nominalen Bruttoinlandsprodukt rangiert es als achtgr\u00f6\u00dfte Volkswirtschaft. Als Mitglied der Europ\u00e4ischen Union (EU), der G7, der G20 und zahlreicher internationaler Organisationen wie der NATO und der UNO spielt Italien eine zentrale Rolle in der globalen Politik und Wirtschaft.<\/p>\n\n\n\n<h4 class=\"wp-block-heading\">Geografie und Klima Italiens<\/h4>\n\n\n\n<p>Italien liegt auf einer Halbinsel, die wie ein Stiefel geformt ist, und grenzt an Frankreich, die Schweiz, \u00d6sterreich und Slowenien. Zus\u00e4tzlich besteht eine Seegrenze zu Kroatien. Im Landesinneren befinden sich die eigenst\u00e4ndigen Staaten Vatikanstadt und San Marino. Mit Sizilien und Sardinien hat Italien zwei der gr\u00f6\u00dften Inseln im Mittelmeer, die zugleich autonome Regionen sind.<\/p>\n\n\n\n<p>Auf einer Fl\u00e4che von 302.073 km\u00b2 leben knapp 59 Millionen Menschen (Stand 2022). Die Bev\u00f6lkerungsdichte liegt bei durchschnittlich 195,26 Einwohnern\/km\u00b2, wobei sich die Bev\u00f6lkerung in den St\u00e4dten konzentriert: 71 Prozent der Italiener leben in urbanen Gebieten. Besonders dicht besiedelt ist die fruchtbare Po-Ebene, die etwa 1\/6 der Fl\u00e4che Italiens ausmacht, aber mit 20 Millionen Menschen etwa 1\/3 der Bev\u00f6lkerung Italiens beherbergt.<\/p>\n\n\n\n<p>Italien ist stark von Gebirgen gepr\u00e4gt: Im Norden dominieren die Alpen, w\u00e4hrend der Apennin das R\u00fcckgrat der Halbinsel bildet. Das Klima ist mediterran, variiert jedoch je nach Region. W\u00e4hrend die K\u00fcstenregionen und der S\u00fcden mildes Mittelmeerklima genie\u00dfen, herrscht im Norden und in den h\u00f6heren Lagen alpines Klima. Besonders f\u00fcr Urlauber ist Italien aufgrund seiner 7.600 km langen K\u00fcste, den 2000 Sonnenstunden im Jahr und den 24 Nationalparks sowie 134 Regionalparks ein Traumziel.<\/p>\n\n\n\n<h4 class=\"wp-block-heading\">Kultur und Geschichte: Italien, der Kreuzweg der Zivilisationen<\/h4>\n\n\n\n<p>Italien ist weltweit bekannt f\u00fcr seine kulturelle Bedeutung. In der Antike war es das Herz des R\u00f6mischen Reiches, dessen Einfluss bis heute sp\u00fcrbar ist. Die Renaissance nahm ihren Anfang in der Toskana und auch die Barockkunst fand hier ihre Wiege. Kein anderes Land z\u00e4hlt so viele UNESCO-Weltkulturerbest\u00e4tten wie Italien, was seine immense Bedeutung in der Kunst- und Kulturgeschichte der Menschheit unterstreicht.<\/p>\n\n\n\n<h4 class=\"wp-block-heading\">Lebensqualit\u00e4t in Italien: Ein Land zum Wohlf\u00fchlen<\/h4>\n\n\n\n<p>Italien bietet eine au\u00dfergew\u00f6hnliche Lebensqualit\u00e4t, die sich aus einer gelungenen Kombination von Kultur, Natur und modernem Komfort ergibt. Das Land ist bekannt f\u00fcr seine ausgewogene Work-Life-Balance, die hohe Lebenserwartung und die enge Verbindung zur Familie. Die Italiener legen gro\u00dfen Wert auf soziale Beziehungen und eine genussvolle Lebensweise \u2013 sei es durch die weltber\u00fchmte mediterrane K\u00fcche oder durch die zahlreichen Festivit\u00e4ten und kulturellen Veranstaltungen, die das ganze Jahr \u00fcber stattfinden.<\/p>\n\n\n\n<p>Neben der kulturellen und kulinarischen Vielfalt bieten die warmen Temperaturen, die vielen Sonnenstunden und die N\u00e4he zu malerischen Str\u00e4nden, Bergen und historischen St\u00e4dten ein Lebensumfeld, das sowohl f\u00fcr Familien als auch f\u00fcr Ruhest\u00e4ndler attraktiv ist. Italien ist dar\u00fcber hinaus f\u00fcr seine hohe Gesundheitsversorgung und die gute Bildungsqualit\u00e4t bekannt. St\u00e4dte wie Mailand, Turin und Bologna bieten moderne Infrastrukturen und vielf\u00e4ltige Karrierem\u00f6glichkeiten, w\u00e4hrend l\u00e4ndlichere Gegenden wie die Toskana oder Apulien einen entschleunigten Lebensstil und g\u00fcnstigere Lebenshaltungskosten bieten.<\/p>\n\n\n\n<p>Ob Sie in einer pulsierenden Stadt oder in einer ruhigen Landschaft leben m\u00f6chten \u2013 Italien bietet f\u00fcr jeden Lebensstil die passende Umgebung, die das Wohlbefinden f\u00f6rdert und ein Gef\u00fchl von \u201eLa Dolce Vita\u201c vermittelt.<\/p>\n\n\n\n<h3 class=\"wp-block-heading\">Entdecken Sie die Regionen Italiens<\/h3>\n\n\n\n<p>Italien ist ein Land der Gegens\u00e4tze: von den schneebedeckten Gipfeln der Alpen \u00fcber die sanften H\u00fcgel der Toskana bis hin zu den sonnenverw\u00f6hnten Str\u00e4nden Siziliens. Jede der 20 Regionen Italiens hat ihren eigenen Charme und einzigartige Besonderheiten. Erkunden Sie historische St\u00e4dte, atemberaubende Landschaften und erleben Sie die k\u00f6stliche italienische K\u00fcche.<\/p>\n\n\n\n<p>Klicken Sie auf die Region, die Sie am meisten interessiert, und entdecken Sie das unvergleichliche Erbe und die Sch\u00f6nheit Italiens. Lassen Sie sich von den Farben, D\u00fcften und Geschm\u00e4ckern des Landes verzaubern und starten Sie Ihre pers\u00f6nliche \u201eGrand Tour\u201c durch Italien.<\/p>\n\n\n\n<ul class=\"wp-block-list\">\n<li><a href=\"https:\/\/revitapolis.com\/die-regionen-in-italien\/abruzzen\/\">Abruzzen<\/a> &#8211; Kurzinfo mit Karte erhalten Sie <a href=\"https:\/\/www.google.com\/maps\/place\/Abruzzen,+Italien\/@42.283134,12.7796472,8z\/data=!3m1!4b1!4m5!3m4!1s0x13303577b894aa23:0x1094f9ab2387cf0!8m2!3d42.1920119!4d13.7289167\" target=\"_blank\" rel=\"noreferrer noopener\">hier<\/a><\/li>\n\n\n\n<li><a href=\"https:\/\/revitapolis.com\/die-regionen-in-italien\/basilikata\/\">Basilikata<\/a> &#8211; Kurzinfo mit Karte erhalten Sie <a href=\"https:\/\/www.google.com\/maps\/place\/Basilikata,+Italien\/@40.5170529,15.5406342,9z\/data=!3m1!4b1!4m5!3m4!1s0x1338ea31058d2c83:0x241cc4d56e3b68d!8m2!3d40.6430766!4d15.9699878\" target=\"_blank\" rel=\"noreferrer noopener\">hier<\/a><\/li>\n\n\n\n<li><a href=\"https:\/\/revitapolis.com\/de\/die-regionen-in-italien\/kalabrien\/\">Kalabrien<\/a> &#8211; Kurzinfo mit Karte erhalten Sie <a href=\"https:\/\/www.google.com\/maps?q=KALABRIEN&amp;rlz=1C1ONGR_deDE1019DE1019&amp;um=1&amp;ie=UTF-8&amp;sa=X&amp;ved=2ahUKEwi6gaCu9Pf9AhU6VfEDHZFGDHwQ_AUoAXoECAMQAw\">hier<\/a><\/li>\n\n\n\n<li><a href=\"https:\/\/revitapolis.com\/die-regionen-in-italien\/kampanien\/\">Kampanien<\/a> &#8211; Kurzinfo mit Karte erhalten Sie <a href=\"https:\/\/www.google.com\/maps\/place\/Kampanien,+Italien\/@40.7456239,13.6631149,8z\/data=!3m1!4b1!4m5!3m4!1s0x133b1358d36a96df:0xcd02451454b543cd!8m2!3d41.1099473!4d14.8475139\" target=\"_blank\" rel=\"noreferrer noopener\">hier<\/a><\/li>\n\n\n\n<li><a href=\"https:\/\/revitapolis.com\/die-regionen-in-italien\/emilia-romagna\/\">Emilia-Romagna<\/a> &#8211; Kurzinfo mit Karte erhalten Sie <a href=\"https:\/\/www.google.com\/maps\/place\/Emilia-Romagna,+Italien\/@44.4319835,9.8556653,8z\/data=!3m1!4b1!4m5!3m4!1s0x132ab57c46f385dd:0x1079b0bfcba7ca0!8m2!3d44.5967607!4d11.2186396\" target=\"_blank\" rel=\"noreferrer noopener\">hier<\/a><\/li>\n\n\n\n<li><a href=\"https:\/\/revitapolis.com\/die-regionen-in-italien\/friaul-julisch-venetien\/\">Friaul-Julisch Venetien<\/a> &#8211; Kurzinfo mit Karte erhalten Sie <a href=\"https:\/\/www.google.com\/maps\/place\/Friaul-Julisch+Venetien,+Italien\/@46.1139515,12.559465,9z\/data=!3m1!4b1!4m5!3m4!1s0x477a33a45ebebaeb:0x107098715907c80!8m2!3d46.2259177!4d13.1033646\" target=\"_blank\" rel=\"noreferrer noopener\">hier<\/a><\/li>\n\n\n\n<li><a href=\"https:\/\/revitapolis.com\/die-regionen-in-italien\/latium\/\">Latium<\/a> &#8211; Kurzinfo mit Karte erhalten Sie <a href=\"https:\/\/www.google.com\/maps\/place\/Latium,+Italien\/@41.8083265,11.6173616,8z\/data=!3m1!4b1!4m5!3m4!1s0x1324eee6353a6535:0x6f4a9064f1a38529!8m2!3d41.6552418!4d12.989615\" target=\"_blank\" rel=\"noreferrer noopener\">hier<\/a><\/li>\n\n\n\n<li><a href=\"https:\/\/revitapolis.com\/die-regionen-in-italien\/ligurien\/\">Ligurien<\/a> &#8211; Kurzinfo mit Karte erhalten Sie <a href=\"https:\/\/www.google.com\/maps\/place\/Ligurien,+Italien\/@44.2176637,8.2224845,9z\/data=!3m1!4b1!4m5!3m4!1s0x12d31265d82c4fb5:0x105e67d473c7c90!8m2!3d44.3167917!4d8.3964938\" target=\"_blank\" rel=\"noreferrer noopener\">hier<\/a><\/li>\n\n\n\n<li><a href=\"https:\/\/revitapolis.com\/die-regionen-in-italien\/lombardei\/\">Lombardei<\/a> &#8211; Kurzinfo mit Karte erhalten Sie <a href=\"https:\/\/www.google.com\/maps\/place\/Lombardei,+Italien\/@45.6538549,8.8416733,8z\/data=!3m1!4b1!4m5!3m4!1s0x478144c31a3e837f:0xa6f22622281593d4!8m2!3d45.4790671!4d9.8452433\" target=\"_blank\" rel=\"noreferrer noopener\">hier<\/a><\/li>\n\n\n\n<li><a href=\"https:\/\/revitapolis.com\/die-regionen-in-italien\/marken\/\">Marken<\/a> &#8211; Kurzinfo mit Karte erhalten Sie <a href=\"https:\/\/www.google.com\/maps\/place\/Marken,+Italien\/@43.3281569,12.4904724,9z\/data=!3m1!4b1!4m5!3m4!1s0x132d7fbb94227e3d:0x4b1674874c3a60d1!8m2!3d43.5058744!4d12.989615\" target=\"_blank\" rel=\"noreferrer noopener\">hier<\/a><\/li>\n\n\n\n<li><a href=\"https:\/\/revitapolis.com\/die-regionen-in-italien\/molise\/\">Molise<\/a> &#8211; Kurzinfo mit Karte erhalten Sie <a href=\"https:\/\/www.google.com\/maps\/place\/Molise,+Italien\/@41.7170691,14.2711001,10z\/data=!3m1!4b1!4m5!3m4!1s0x133090a44646d853:0x1c618c732b229e9f!8m2!3d41.6738865!4d14.7520939\" target=\"_blank\" rel=\"noreferrer noopener\">hier<\/a><\/li>\n\n\n\n<li><a href=\"https:\/\/revitapolis.com\/die-regionen-in-italien\/piemont\/\">Piemont<\/a> &#8211; Kurzinfo mit Karte erhalten Sie <a href=\"https:\/\/www.google.com\/maps\/place\/Piemont,+Italien\/@45.2585999,6.7993807,8z\/data=!3m1!4b1!4m5!3m4!1s0x4787743b019db167:0xbcc7b8edf2123bff!8m2!3d45.0522366!4d7.5153885\" target=\"_blank\" rel=\"noreferrer noopener\">hier<\/a><\/li>\n\n\n\n<li><a href=\"https:\/\/revitapolis.com\/die-regionen-in-italien\/apulien\/\">Apulien<\/a> &#8211; Kurzinfo mit Karte erhalten Sie <a href=\"https:\/\/www.google.com\/maps\/place\/Apulien,+Italien\/@41.0047408,15.6060785,8z\/data=!3m1!4b1!4m5!3m4!1s0x1336e42b8db993dd:0x396fba70f8247c8f!8m2!3d40.7928393!4d17.1011931\" target=\"_blank\" rel=\"noreferrer noopener\">hier<\/a><\/li>\n\n\n\n<li><a href=\"https:\/\/revitapolis.com\/die-regionen-in-italien\/sardinien\/\">Sardinien<\/a> &#8211; Kurzinfo mit Karte erhalten Sie <a href=\"https:\/\/www.google.com\/maps\/place\/Sardinien\/@40.0583223,7.8577499,8z\/data=!3m1!4b1!4m5!3m4!1s0x12ddc48d448d3591:0x339674b6e4ab6631!8m2!3d40.1208752!4d9.0128926\" target=\"_blank\" rel=\"noreferrer noopener\">hier<\/a><\/li>\n\n\n\n<li><a href=\"https:\/\/revitapolis.com\/de\/die-regionen-in-italien\/sizilien\/\">Sizilien <\/a> &#8211; Kurzinfo mit Karte erhalten Sie <a href=\"https:\/\/www.google.com\/maps\/place\/Sizilien\/@37.5996051,12.9351791,8z\/data=!3m1!4b1!4m5!3m4!1s0x1310c1f34aa1f193:0x694f441ba13803f6!8m2!3d37.6377316!4d13.9311208\" target=\"_blank\" rel=\"noreferrer noopener\">hier<\/a><\/li>\n\n\n\n<li><a href=\"https:\/\/revitapolis.com\/die-regionen-in-italien\/toskana\/\">Toskana<\/a> &#8211; Kurzinfo mit Karte erhalten Sie <a href=\"https:\/\/www.google.com\/maps\/place\/Toskana,+Italien\/@43.3517017,9.9079045,8z\/data=!3m1!4b1!4m5!3m4!1s0x12d42b531080347b:0xbac6c3ba5b2059ab!8m2!3d43.7710513!4d11.2486208\" target=\"_blank\" rel=\"noreferrer noopener\">hier<\/a><\/li>\n\n\n\n<li><a href=\"https:\/\/revitapolis.com\/die-regionen-in-italien\/trentino-suedtirol\/\">Trentino-S\u00fcdtirol<\/a> &#8211; Kurzinfo mit Karte erhalten Sie <a href=\"https:\/\/www.google.com\/maps\/place\/Trentino,+Italien\/@46.1027205,10.6469957,9z\/data=!3m1!4b1!4m5!3m4!1s0x478277944aff3d01:0x307098715907ec0!8m2!3d46.0512004!4d11.1175392\" target=\"_blank\" rel=\"noreferrer noopener\">hier<\/a><\/li>\n\n\n\n<li><a href=\"https:\/\/revitapolis.com\/die-regionen-in-italien\/umbrien\/\">Umbrien<\/a> &#8211; Kurzinfo mit Karte erhalten Sie <a href=\"https:\/\/www.google.com\/maps\/place\/Umbrien,+Italien\/@42.9905363,12.0175915,9z\/data=!3m1!4b1!4m5!3m4!1s0x132e99ce6f80fd7d:0x9c0847e0b2bf6282!8m2!3d42.938004!4d12.6216211\" target=\"_blank\" rel=\"noreferrer noopener\">hier<\/a><\/li>\n\n\n\n<li><a href=\"https:\/\/revitapolis.com\/die-regionen-in-italien\/aostatal\/\">Aostatal<\/a> &#8211; Kurzinfo mit Karte erhalten Sie <a href=\"https:\/\/www.google.com\/maps\/place\/Aostatal,+Italien\/@45.7274244,7.0902538,10z\/data=!3m1!4b1!4m5!3m4!1s0x4788ded6c5aff5a7:0x5625987c799cd59b!8m2!3d45.7388878!4d7.4261866\">hier<\/a><\/li>\n\n\n\n<li><a href=\"https:\/\/revitapolis.com\/die-regionen-in-italien\/venetien\/\">Venetien<\/a> &#8211; Kurzinfo mit Karte erhalten Sie <a href=\"https:\/\/www.google.com\/maps\/place\/Venetien,+Italien\/@45.7322819,10.7408643,8z\/data=!3m1!4b1!4m5!3m4!1s0x4778d7f1cc04b777:0x107098715907c70!8m2!3d45.4414662!4d12.3152595\" target=\"_blank\" rel=\"noreferrer noopener\">hier<\/a><\/li>\n<\/ul>\n\n\n\n<div style=\"height:30px\" aria-hidden=\"true\" class=\"wp-block-spacer\"><\/div>\n\n\n\n<hr style=\"border: 0; height: 1px; background-image: linear-gradient(to right, rgba(0, 0, 0, 0), rgba(0, 0, 0, 0.75), rgba(0, 0, 0, 0));\">\n\n\n\n<div style=\"height:30px\" aria-hidden=\"true\" class=\"wp-block-spacer\"><\/div>\n","protected":false},"excerpt":{"rendered":"<p>Italien &gt; Regionen Lernen Sie hier die 20 Regionen in Italien kennen! Italien und seine Regionen: Ein Land voller Vielfalt und Geschichte Italien, offiziell die Italienische Republik, besteht als Nationalstaat seit 1861. Mit Rom als Hauptstadt und Mailand als Finanzzentrum des Landes geh\u00f6rt Italien zu den bedeutendsten Nationen Europas. Die offizielle Sprache ist Italienisch, doch [&hellip;]<\/p>\n","protected":false},"author":1,"featured_media":0,"parent":0,"menu_order":0,"comment_status":"closed","ping_status":"closed","template":"","meta":{"_acf_changed":false,"om_disable_all_campaigns":false,"_monsterinsights_skip_tracking":false,"_monsterinsights_sitenote_active":false,"_monsterinsights_sitenote_note":"","_monsterinsights_sitenote_category":0,"ocean_post_layout":"","ocean_both_sidebars_style":"","ocean_both_sidebars_content_width":0,"ocean_both_sidebars_sidebars_width":0,"ocean_sidebar":"0","ocean_second_sidebar":"0","ocean_disable_margins":"enable","ocean_add_body_class":"","ocean_shortcode_before_top_bar":"","ocean_shortcode_after_top_bar":"","ocean_shortcode_before_header":"","ocean_shortcode_after_header":"","ocean_has_shortcode":"","ocean_shortcode_after_title":"","ocean_shortcode_before_footer_widgets":"","ocean_shortcode_after_footer_widgets":"","ocean_shortcode_before_footer_bottom":"","ocean_shortcode_after_footer_bottom":"","ocean_display_top_bar":"default","ocean_display_header":"default","ocean_header_style":"","ocean_center_header_left_menu":"0","ocean_custom_header_template":"0","ocean_custom_logo":0,"ocean_custom_retina_logo":0,"ocean_custom_logo_max_width":0,"ocean_custom_logo_tablet_max_width":0,"ocean_custom_logo_mobile_max_width":0,"ocean_custom_logo_max_height":0,"ocean_custom_logo_tablet_max_height":0,"ocean_custom_logo_mobile_max_height":0,"ocean_header_custom_menu":"0","ocean_menu_typo_font_family":"0","ocean_menu_typo_font_subset":"","ocean_menu_typo_font_size":0,"ocean_menu_typo_font_size_tablet":0,"ocean_menu_typo_font_size_mobile":0,"ocean_menu_typo_font_size_unit":"px","ocean_menu_typo_font_weight":"","ocean_menu_typo_font_weight_tablet":"","ocean_menu_typo_font_weight_mobile":"","ocean_menu_typo_transform":"","ocean_menu_typo_transform_tablet":"","ocean_menu_typo_transform_mobile":"","ocean_menu_typo_line_height":0,"ocean_menu_typo_line_height_tablet":0,"ocean_menu_typo_line_height_mobile":0,"ocean_menu_typo_line_height_unit":"","ocean_menu_typo_spacing":0,"ocean_menu_typo_spacing_tablet":0,"ocean_menu_typo_spacing_mobile":0,"ocean_menu_typo_spacing_unit":"","ocean_menu_link_color":"","ocean_menu_link_color_hover":"","ocean_menu_link_color_active":"","ocean_menu_link_background":"","ocean_menu_link_hover_background":"","ocean_menu_link_active_background":"","ocean_menu_social_links_bg":"","ocean_menu_social_hover_links_bg":"","ocean_menu_social_links_color":"","ocean_menu_social_hover_links_color":"","ocean_disable_title":"default","ocean_disable_heading":"default","ocean_post_title":"","ocean_post_subheading":"","ocean_post_title_style":"","ocean_post_title_background_color":"","ocean_post_title_background":0,"ocean_post_title_bg_image_position":"","ocean_post_title_bg_image_attachment":"","ocean_post_title_bg_image_repeat":"","ocean_post_title_bg_image_size":"","ocean_post_title_height":0,"ocean_post_title_bg_overlay":0.5,"ocean_post_title_bg_overlay_color":"","ocean_disable_breadcrumbs":"default","ocean_breadcrumbs_color":"","ocean_breadcrumbs_separator_color":"","ocean_breadcrumbs_links_color":"","ocean_breadcrumbs_links_hover_color":"","ocean_display_footer_widgets":"default","ocean_display_footer_bottom":"default","ocean_custom_footer_template":"0","footnotes":""},"class_list":["post-25","page","type-page","status-publish","hentry","entry"],"acf":[],"yoast_head":"<!-- This site is optimized with the Yoast SEO plugin v27.3 - https:\/\/yoast.com\/product\/yoast-seo-wordpress\/ -->\n<title>Italien - Revitapolis<\/title>\n<meta name=\"description\" content=\"Entdecken Sie die 20 Regionen in Italien mit ihren einzigartigen Landschaften, historischen St\u00e4dten und k\u00f6stlicher K\u00fcche. Vielfalt erleben!\" \/>\n<meta name=\"robots\" content=\"index, follow, max-snippet:-1, max-image-preview:large, max-video-preview:-1\" \/>\n<link rel=\"canonical\" href=\"https:\/\/revitapolis.com\/de\/die-regionen-in-italien\/\" \/>\n<meta property=\"og:locale\" content=\"de_DE\" \/>\n<meta property=\"og:type\" content=\"article\" \/>\n<meta property=\"og:title\" content=\"Italien - Revitapolis\" \/>\n<meta property=\"og:description\" content=\"Entdecken Sie die 20 Regionen in Italien mit ihren einzigartigen Landschaften, historischen St\u00e4dten und k\u00f6stlicher K\u00fcche. Vielfalt erleben!\" \/>\n<meta property=\"og:url\" content=\"https:\/\/revitapolis.com\/de\/die-regionen-in-italien\/\" \/>\n<meta property=\"og:site_name\" content=\"Revitapolis\" \/>\n<meta property=\"article:modified_time\" content=\"2025-03-25T10:23:52+00:00\" \/>\n<meta name=\"twitter:card\" content=\"summary_large_image\" \/>\n<meta name=\"twitter:label1\" content=\"Gesch\u00e4tzte Lesezeit\" \/>\n\t<meta name=\"twitter:data1\" content=\"5\u00a0Minuten\" \/>\n<script type=\"application\/ld+json\" class=\"yoast-schema-graph\">{\"@context\":\"https:\\\/\\\/schema.org\",\"@graph\":[{\"@type\":\"WebPage\",\"@id\":\"https:\\\/\\\/revitapolis.com\\\/de\\\/die-regionen-in-italien\\\/\",\"url\":\"https:\\\/\\\/revitapolis.com\\\/de\\\/die-regionen-in-italien\\\/\",\"name\":\"Italien - Revitapolis\",\"isPartOf\":{\"@id\":\"https:\\\/\\\/revitapolis.com\\\/de\\\/#website\"},\"datePublished\":\"2024-09-08T07:08:22+00:00\",\"dateModified\":\"2025-03-25T10:23:52+00:00\",\"description\":\"Entdecken Sie die 20 Regionen in Italien mit ihren einzigartigen Landschaften, historischen St\u00e4dten und k\u00f6stlicher K\u00fcche. Vielfalt erleben!\",\"breadcrumb\":{\"@id\":\"https:\\\/\\\/revitapolis.com\\\/de\\\/die-regionen-in-italien\\\/#breadcrumb\"},\"inLanguage\":\"de\",\"potentialAction\":[{\"@type\":\"ReadAction\",\"target\":[\"https:\\\/\\\/revitapolis.com\\\/de\\\/die-regionen-in-italien\\\/\"]}]},{\"@type\":\"BreadcrumbList\",\"@id\":\"https:\\\/\\\/revitapolis.com\\\/de\\\/die-regionen-in-italien\\\/#breadcrumb\",\"itemListElement\":[{\"@type\":\"ListItem\",\"position\":1,\"name\":\"Startseite\",\"item\":\"https:\\\/\\\/revitapolis.com\\\/de\\\/\"},{\"@type\":\"ListItem\",\"position\":2,\"name\":\"Italien\"}]},{\"@type\":\"WebSite\",\"@id\":\"https:\\\/\\\/revitapolis.com\\\/de\\\/#website\",\"url\":\"https:\\\/\\\/revitapolis.com\\\/de\\\/\",\"name\":\"Revitapolis\",\"description\":\"Wiederbelebung italienischer Orte\",\"publisher\":{\"@id\":\"https:\\\/\\\/revitapolis.com\\\/de\\\/#organization\"},\"potentialAction\":[{\"@type\":\"SearchAction\",\"target\":{\"@type\":\"EntryPoint\",\"urlTemplate\":\"https:\\\/\\\/revitapolis.com\\\/de\\\/?s={search_term_string}\"},\"query-input\":{\"@type\":\"PropertyValueSpecification\",\"valueRequired\":true,\"valueName\":\"search_term_string\"}}],\"inLanguage\":\"de\"},{\"@type\":\"Organization\",\"@id\":\"https:\\\/\\\/revitapolis.com\\\/de\\\/#organization\",\"name\":\"Revitapolis\",\"url\":\"https:\\\/\\\/revitapolis.com\\\/de\\\/\",\"logo\":{\"@type\":\"ImageObject\",\"inLanguage\":\"de\",\"@id\":\"https:\\\/\\\/revitapolis.com\\\/de\\\/#\\\/schema\\\/logo\\\/image\\\/\",\"url\":\"https:\\\/\\\/revitapolis.com\\\/wp-content\\\/uploads\\\/2022\\\/03\\\/cropped-logo-revitapolis.jpg\",\"contentUrl\":\"https:\\\/\\\/revitapolis.com\\\/wp-content\\\/uploads\\\/2022\\\/03\\\/cropped-logo-revitapolis.jpg\",\"width\":200,\"height\":91,\"caption\":\"Revitapolis\"},\"image\":{\"@id\":\"https:\\\/\\\/revitapolis.com\\\/de\\\/#\\\/schema\\\/logo\\\/image\\\/\"}}]}<\/script>\n<!-- \/ Yoast SEO plugin. -->","yoast_head_json":{"title":"Italien - Revitapolis","description":"Entdecken Sie die 20 Regionen in Italien mit ihren einzigartigen Landschaften, historischen St\u00e4dten und k\u00f6stlicher K\u00fcche. Vielfalt erleben!","robots":{"index":"index","follow":"follow","max-snippet":"max-snippet:-1","max-image-preview":"max-image-preview:large","max-video-preview":"max-video-preview:-1"},"canonical":"https:\/\/revitapolis.com\/de\/die-regionen-in-italien\/","og_locale":"de_DE","og_type":"article","og_title":"Italien - Revitapolis","og_description":"Entdecken Sie die 20 Regionen in Italien mit ihren einzigartigen Landschaften, historischen St\u00e4dten und k\u00f6stlicher K\u00fcche. Vielfalt erleben!","og_url":"https:\/\/revitapolis.com\/de\/die-regionen-in-italien\/","og_site_name":"Revitapolis","article_modified_time":"2025-03-25T10:23:52+00:00","twitter_card":"summary_large_image","twitter_misc":{"Gesch\u00e4tzte Lesezeit":"5\u00a0Minuten"},"schema":{"@context":"https:\/\/schema.org","@graph":[{"@type":"WebPage","@id":"https:\/\/revitapolis.com\/de\/die-regionen-in-italien\/","url":"https:\/\/revitapolis.com\/de\/die-regionen-in-italien\/","name":"Italien - Revitapolis","isPartOf":{"@id":"https:\/\/revitapolis.com\/de\/#website"},"datePublished":"2024-09-08T07:08:22+00:00","dateModified":"2025-03-25T10:23:52+00:00","description":"Entdecken Sie die 20 Regionen in Italien mit ihren einzigartigen Landschaften, historischen St\u00e4dten und k\u00f6stlicher K\u00fcche. Vielfalt erleben!","breadcrumb":{"@id":"https:\/\/revitapolis.com\/de\/die-regionen-in-italien\/#breadcrumb"},"inLanguage":"de","potentialAction":[{"@type":"ReadAction","target":["https:\/\/revitapolis.com\/de\/die-regionen-in-italien\/"]}]},{"@type":"BreadcrumbList","@id":"https:\/\/revitapolis.com\/de\/die-regionen-in-italien\/#breadcrumb","itemListElement":[{"@type":"ListItem","position":1,"name":"Startseite","item":"https:\/\/revitapolis.com\/de\/"},{"@type":"ListItem","position":2,"name":"Italien"}]},{"@type":"WebSite","@id":"https:\/\/revitapolis.com\/de\/#website","url":"https:\/\/revitapolis.com\/de\/","name":"Revitapolis","description":"Wiederbelebung italienischer Orte","publisher":{"@id":"https:\/\/revitapolis.com\/de\/#organization"},"potentialAction":[{"@type":"SearchAction","target":{"@type":"EntryPoint","urlTemplate":"https:\/\/revitapolis.com\/de\/?s={search_term_string}"},"query-input":{"@type":"PropertyValueSpecification","valueRequired":true,"valueName":"search_term_string"}}],"inLanguage":"de"},{"@type":"Organization","@id":"https:\/\/revitapolis.com\/de\/#organization","name":"Revitapolis","url":"https:\/\/revitapolis.com\/de\/","logo":{"@type":"ImageObject","inLanguage":"de","@id":"https:\/\/revitapolis.com\/de\/#\/schema\/logo\/image\/","url":"https:\/\/revitapolis.com\/wp-content\/uploads\/2022\/03\/cropped-logo-revitapolis.jpg","contentUrl":"https:\/\/revitapolis.com\/wp-content\/uploads\/2022\/03\/cropped-logo-revitapolis.jpg","width":200,"height":91,"caption":"Revitapolis"},"image":{"@id":"https:\/\/revitapolis.com\/de\/#\/schema\/logo\/image\/"}}]}},"_links":{"self":[{"href":"https:\/\/revitapolis.com\/de\/wp-json\/wp\/v2\/pages\/25","targetHints":{"allow":["GET"]}}],"collection":[{"href":"https:\/\/revitapolis.com\/de\/wp-json\/wp\/v2\/pages"}],"about":[{"href":"https:\/\/revitapolis.com\/de\/wp-json\/wp\/v2\/types\/page"}],"author":[{"embeddable":true,"href":"https:\/\/revitapolis.com\/de\/wp-json\/wp\/v2\/users\/1"}],"replies":[{"embeddable":true,"href":"https:\/\/revitapolis.com\/de\/wp-json\/wp\/v2\/comments?post=25"}],"version-history":[{"count":39,"href":"https:\/\/revitapolis.com\/de\/wp-json\/wp\/v2\/pages\/25\/revisions"}],"predecessor-version":[{"id":5701,"href":"https:\/\/revitapolis.com\/de\/wp-json\/wp\/v2\/pages\/25\/revisions\/5701"}],"wp:attachment":[{"href":"https:\/\/revitapolis.com\/de\/wp-json\/wp\/v2\/media?parent=25"}],"curies":[{"name":"wp","href":"https:\/\/api.w.org\/{rel}","templated":true}]}}