{"id":2453,"date":"2022-09-07T19:42:44","date_gmt":"2022-09-07T19:42:44","guid":{"rendered":"https:\/\/revitapolis.com\/?page_id=2453"},"modified":"2022-09-09T16:21:07","modified_gmt":"2022-09-09T16:21:07","slug":"kanzlei-salvoni-lex","status":"publish","type":"page","link":"https:\/\/revitapolis.com\/de\/kanzlei-salvoni-lex\/","title":{"rendered":"Kanzlei Salvoni Lex"},"content":{"rendered":"\n<div style=\"height:30px\" aria-hidden=\"true\" class=\"wp-block-spacer\"><\/div>\n\n\n\n<div class=\"wp-block-columns is-layout-flex wp-container-core-columns-is-layout-9d6595d7 wp-block-columns-is-layout-flex\">\n<div class=\"wp-block-column is-layout-flow wp-block-column-is-layout-flow\" style=\"flex-basis:33.33%\"><div class=\"wp-block-image\">\n<figure class=\"aligncenter size-full\"><img decoding=\"async\" width=\"134\" height=\"258\" src=\"https:\/\/revitapolis.com\/wp-content\/uploads\/2022\/09\/rechtsanwalt-alessandro-salvoni.jpg\" alt=\"\" class=\"wp-image-2461\"\/><figcaption>Rechtsanwalt Alessandro Salvoni<\/figcaption><\/figure>\n<\/div><\/div>\n\n\n\n<div class=\"wp-block-column is-layout-flow wp-block-column-is-layout-flow\" style=\"flex-basis:66.66%\">\n<figure class=\"wp-block-image size-full\"><img fetchpriority=\"high\" decoding=\"async\" width=\"1020\" height=\"450\" src=\"https:\/\/revitapolis.com\/wp-content\/uploads\/2022\/09\/kanzlei-salvoni-lex-italien.jpg\" alt=\"\" class=\"wp-image-2464\" srcset=\"https:\/\/revitapolis.com\/wp-content\/uploads\/2022\/09\/kanzlei-salvoni-lex-italien.jpg 1020w, https:\/\/revitapolis.com\/wp-content\/uploads\/2022\/09\/kanzlei-salvoni-lex-italien-300x132.jpg 300w, https:\/\/revitapolis.com\/wp-content\/uploads\/2022\/09\/kanzlei-salvoni-lex-italien-768x339.jpg 768w\" sizes=\"(max-width: 1020px) 100vw, 1020px\" \/><figcaption>STUDIO LEGALE SALVONI<br>Via Passione,<br>20122 Milano,<br>tel 0039 393 0564399<br><a href=\"mailto:a.salvoni@salvonilex.com\">a.salvoni@salvonilex.com<\/a><\/figcaption><\/figure>\n<\/div>\n<\/div>\n\n\n\n<hr class=\"wp-block-separator alignwide has-text-color has-cyan-bluish-gray-color has-alpha-channel-opacity has-cyan-bluish-gray-background-color has-background is-style-wide\"\/>\n\n\n\n<div style=\"height:20px\" aria-hidden=\"true\" class=\"wp-block-spacer\"><\/div>\n\n\n\n<p class=\"has-black-color has-luminous-vivid-amber-background-color has-text-color has-background\">[ <strong><mark style=\"background-color:rgba(0, 0, 0, 0)\" class=\"has-inline-color has-vivid-red-color\">T\u00c4TIGKEITSFELDER<\/mark><\/strong> ]: <strong>GEISTIGES EIGENTUM | RECHTSSTREIT | GESELLSCHAFTSRECHT<\/strong><\/p>\n\n\n\n<p class=\"has-background\" style=\"background-color:#e0dcdc\">[ <strong><mark style=\"background-color:rgba(0, 0, 0, 0)\" class=\"has-inline-color has-vivid-red-color\">BERUFSWEG<\/mark><\/strong> ]: <\/p>\n\n\n\n<p class=\"has-background\" style=\"background-color:#e7e7e7\">GEBOREN 1974<br>UNIVERSIT\u00c4T VON PAVIA, ITALIEN, zugelassen als RECHTSANWALT 2003<br>1999 Haarmann Hemmelrath, M\u00fcnchen<br>2003 Studio Prof. Maria Costanza, Milano<br>2004 Bianchi Schierholz &amp; Partner, Milano<br>2006 Studio legale Salvoni<\/p>\n\n\n\n<p class=\"has-black-color has-text-color has-background\" style=\"background-color:#dddddd\">[ <strong><mark style=\"background-color:rgba(0, 0, 0, 0)\" class=\"has-inline-color has-vivid-red-color\">SPRACHEN<\/mark><\/strong> ]: <strong>Italienisch, Englisch, Deutsch, Russisch<\/strong><\/p>\n\n\n\n<hr class=\"wp-block-separator alignwide has-text-color has-cyan-bluish-gray-color has-alpha-channel-opacity has-cyan-bluish-gray-background-color has-background is-style-wide\"\/>\n\n\n\n<div style=\"height:40px\" aria-hidden=\"true\" class=\"wp-block-spacer\"><\/div>\n\n\n\n<p>Die <strong><mark style=\"background-color:rgba(0, 0, 0, 0);color:#a13333\" class=\"has-inline-color\">ANWALTSKANZLEI SALVONI <\/mark><\/strong>gew\u00e4hrt ihren Klienten eine rechtliche Betreuung, die sowohl durch individuellen Bezug als auch durch hohe Qualit\u00e4t gekennzeichnet ist. Sie umfasst weite Bereiche ebenso wie eine Vielzahl von Dienstleistungen. Ihr Kennzeichen ist ihr Anspruch an genaue \u00dcberpr\u00fcfung der Sachverhalte und effizientes Timing. Die Kanzlei verf\u00fcgt &#8211; innerhalb und au\u00dferhalb Italiens &#8211; \u00fcber kompetente Kooperationspartner. Sie verf\u00fcgt \u00fcber Sprachkompetenz, die ihre Mandatsf\u00fchrungen unmittelbar in italienischer, englischer, russischer und deutscher Sprache erm\u00f6glicht.<\/p>\n\n\n\n<p><strong><em>T\u00c4TIGKEIT VOR GERICHTEN<\/em><\/strong><\/p>\n\n\n\n<p>Die Kanzlei Salvoni ist zum hochqualifizierten Beistand und zur Vertretung von nat\u00fcrlichen und juristischen Personen vor jedweder Gerichtsbarkeit bef\u00e4higt, gekennzeichnet durch Entschlossenheit und Genauigkeit bei rechtlicher Durchdringung der Sachverhalte bei der Mandatsf\u00fchrung. Dies in allen zivilrechtlichen prozessualen T\u00e4tigkeiten, unter anderem in den Bereichen: Allgemeines Zivilrecht, gewerblicher Rechtsschutz, Familienrecht, Gesellschaftsrecht, Steuerrecht und Insolvenzrecht.<\/p>\n\n\n\n<p><strong><em>INTERNATIONALES RECHT<\/em><\/strong><\/p>\n\n\n\n<p>Spezialisiert ist die Kanzlei Salvoni in vereinheitlichtem und unvereinheitlichtem Recht, das inter- und transnationale Sachverhalte regelt, dabei auch Handelsrecht, in Kollisionsrecht (Recht, das zun\u00e4chst bei solchen Sachverhalten die Anwendbarkeit eines bestimmten Rechtes bestimmt), im Bereich von Regelungswerken zur Bestimmung der zust\u00e4ndigen Gerichtsbarkeit und der Vollstreckung von Titeln aus verschiedenen Rechtsfeldern im inter- und transnationalen Bereich.<br>Die Kanzlei hat Erfahrungen in internationalen Handelstransaktionen, bei der Transferierung von Technologien inner- und au\u00dferhalb von Italien. Sie kann professionell die Platzierung von durch Gesellschaften get\u00e4tigten Investitionen, aber auch generell Privatpersonen wie Gesellschaften im inter- und transnationalen Gesch\u00e4ftsbereich begleiten.<\/p>\n\n\n\n<p><strong><em>STEUERRECHT<\/em><\/strong><\/p>\n\n\n\n<p>Die Kanzlei Salvoni ber\u00e4t bei Finanztransaktionen jedweder Art, dabei auch steuerrechtlich durch Beratung mit dem Ziel der entsprechenden Optimierung der Unternehmensstrukturen, bei Immobiliengesch\u00e4ften ebenso wie bei gesellschaftsrechtlichen Gestaltungen.<br>In diesem Zusammenhang vertritt sie au\u00dfergerichtlich und gerichtlich.<\/p>\n\n\n\n<p><strong><em>IMMOBILIENINVESTMENTS<\/em><\/strong><\/p>\n\n\n\n<p>Die Kanzlei Salvoni ber\u00e4t im und im Hinblick auf die Phasen bei Immobilienprojekten und daran angelagerten Investitionen, bei der Vertragsgestaltung (seien es Kaufvertr\u00e4ge zur und im Hinblick auf die Beschaffung von Investitionsobjekten, Finanzierungsvertr\u00e4ge jeglicher Art) bis zum Ende der Durchf\u00fchrung der Transaktionen einschlie\u00dflich der Bew\u00e4ltigung verwaltungsrechtlicher Probleme und Vertretung vor Beh\u00f6rden.<\/p>\n\n\n\n<p><strong><em>SANIERUNG UND INSOLVENZ<\/em><\/strong><\/p>\n\n\n\n<p>Besondere Kompetenz besteht in der Beratung bei Gesellschafts Insolvenzen und bei der Beratung und Vertretung bei Insolvenzverfahren. Dies insbesondere bei Vergleichen mit Gl\u00e4ubigern, bei Sanierungen und Umstrukturierungen von Gesellschaften. Die Kanzlei Salvoni ber\u00e4t und vertritt kompetent bei Eintreibung und sachgerechter Anmeldung von Gl\u00e4ubigerforderungen im Falle von Insolvenzen.<\/p>\n\n\n\n<p><strong><em>ARBEITS- UND BETRIEBSRECHT, AGENTURVERTR\u00c4GE<\/em><\/strong><\/p>\n\n\n\n<p>Die Kanzlei Salvoni leistet vollumf\u00e4nglich Beistand in den Bereichen des Betriebsrechts, der sozialabgaberechtlichen Probleme und ber\u00e4t bei:<\/p>\n\n\n\n<p>Agenturvertr\u00e4gen, Gesch\u00e4ftsbesorgungsvertr\u00e4gen,<br>bei Aufnahme einer freiberuflichen T\u00e4tigkeit;<br>K\u00fcndigungsschutzverfahren;<br>Fragen im Zusammenhang mit der Arbeitnehmerhaftung;<br>Fragen im Bereich der Sozialhilfe.<\/p>\n\n\n\n<p><strong><em>GESELLSCHAFTSRECHT UND M&amp;A<\/em><\/strong><\/p>\n\n\n\n<p>Die Kanzlei Salvoni \u00fcbernimmt die umfassende Betreuung bei allen T\u00e4tigkeiten von und f\u00fcr Gesellschaften, von der Gr\u00fcndung bis zu Fragen im Zusammenhang mit der ordentlichen Gesch\u00e4ftsf\u00fchrung durch die insofern berechtigten Personen bzw. Organe. Augenmerk richtet die Beratung auf die Gr\u00fcndung und Strukturierung von neuen Firmen, die Gestaltung von Gesellschaftsvertr\u00e4gen und die Vertretung in diesbez\u00fcglichen Streitigkeiten.<\/p>\n\n\n\n<p>Beraten werden die Klienten bei &#8222;Company Mergers and Acquisitions&#8220;, bei Gr\u00fcndung und vor\u00fcbergehenden Aufl\u00f6sungen von Firmen bzw. Firmenverb\u00fcnden- und zusammenschl\u00fcssen sowie bei der \u00dcbertragung und dem Erwerb von Aktien, G\u00fctern und Betriebsteilen.<\/p>\n\n\n\n<p><strong><em>SCHUTZ GEISTIGEN EIGENTUMS<\/em><\/strong><\/p>\n\n\n\n<p>Die Kanzlei Salvoni ist beratend t\u00e4tig bei nationalem und internationalem Schutz sowie der Verwertung von Rechten aus geistigem Eigentum, aber auch durch Vertretung in Streitigkeiten und dem laufenden Management solcher Rechte; schlie\u00dflich bei Verhandlungen und Vertr\u00e4gen \u00fcber den Erwerb solcher Rechte und bei Eintragung von Warenmustern und Warenzeichen.<\/p>\n\n\n\n<hr style=\"border: 0; height: 1px; background-image: linear-gradient(to right, rgba(0, 0, 0, 0), rgba(0, 0, 0, 0.75), rgba(0, 0, 0, 0));\">\n\n\n\n<hr class=\"wp-block-separator has-alpha-channel-opacity\"\/>\n\n\n\n<div style=\"height:40px\" aria-hidden=\"true\" class=\"wp-block-spacer\"><\/div>\n","protected":false},"excerpt":{"rendered":"<p>[ T\u00c4TIGKEITSFELDER ]: GEISTIGES EIGENTUM | RECHTSSTREIT | GESELLSCHAFTSRECHT [ BERUFSWEG ]: GEBOREN 1974UNIVERSIT\u00c4T VON PAVIA, ITALIEN, zugelassen als RECHTSANWALT 20031999 Haarmann Hemmelrath, M\u00fcnchen2003 Studio Prof. Maria Costanza, Milano2004 Bianchi Schierholz &amp; Partner, Milano2006 Studio legale Salvoni [ SPRACHEN ]: Italienisch, Englisch, Deutsch, Russisch Die ANWALTSKANZLEI SALVONI gew\u00e4hrt ihren Klienten eine rechtliche Betreuung, die sowohl [&hellip;]<\/p>\n","protected":false},"author":1,"featured_media":0,"parent":0,"menu_order":0,"comment_status":"closed","ping_status":"closed","template":"","meta":{"_acf_changed":false,"om_disable_all_campaigns":false,"_monsterinsights_skip_tracking":false,"_monsterinsights_sitenote_active":false,"_monsterinsights_sitenote_note":"","_monsterinsights_sitenote_category":0,"ocean_post_layout":"","ocean_both_sidebars_style":"","ocean_both_sidebars_content_width":0,"ocean_both_sidebars_sidebars_width":0,"ocean_sidebar":"0","ocean_second_sidebar":"0","ocean_disable_margins":"enable","ocean_add_body_class":"","ocean_shortcode_before_top_bar":"","ocean_shortcode_after_top_bar":"","ocean_shortcode_before_header":"","ocean_shortcode_after_header":"","ocean_has_shortcode":"","ocean_shortcode_after_title":"","ocean_shortcode_before_footer_widgets":"","ocean_shortcode_after_footer_widgets":"","ocean_shortcode_before_footer_bottom":"","ocean_shortcode_after_footer_bottom":"","ocean_display_top_bar":"default","ocean_display_header":"default","ocean_header_style":"","ocean_center_header_left_menu":"0","ocean_custom_header_template":"0","ocean_custom_logo":0,"ocean_custom_retina_logo":0,"ocean_custom_logo_max_width":0,"ocean_custom_logo_tablet_max_width":0,"ocean_custom_logo_mobile_max_width":0,"ocean_custom_logo_max_height":0,"ocean_custom_logo_tablet_max_height":0,"ocean_custom_logo_mobile_max_height":0,"ocean_header_custom_menu":"0","ocean_menu_typo_font_family":"0","ocean_menu_typo_font_subset":"","ocean_menu_typo_font_size":0,"ocean_menu_typo_font_size_tablet":0,"ocean_menu_typo_font_size_mobile":0,"ocean_menu_typo_font_size_unit":"px","ocean_menu_typo_font_weight":"","ocean_menu_typo_font_weight_tablet":"","ocean_menu_typo_font_weight_mobile":"","ocean_menu_typo_transform":"","ocean_menu_typo_transform_tablet":"","ocean_menu_typo_transform_mobile":"","ocean_menu_typo_line_height":0,"ocean_menu_typo_line_height_tablet":0,"ocean_menu_typo_line_height_mobile":0,"ocean_menu_typo_line_height_unit":"","ocean_menu_typo_spacing":0,"ocean_menu_typo_spacing_tablet":0,"ocean_menu_typo_spacing_mobile":0,"ocean_menu_typo_spacing_unit":"","ocean_menu_link_color":"","ocean_menu_link_color_hover":"","ocean_menu_link_color_active":"","ocean_menu_link_background":"","ocean_menu_link_hover_background":"","ocean_menu_link_active_background":"","ocean_menu_social_links_bg":"","ocean_menu_social_hover_links_bg":"","ocean_menu_social_links_color":"","ocean_menu_social_hover_links_color":"","ocean_disable_title":"default","ocean_disable_heading":"default","ocean_post_title":"","ocean_post_subheading":"","ocean_post_title_style":"","ocean_post_title_background_color":"","ocean_post_title_background":0,"ocean_post_title_bg_image_position":"","ocean_post_title_bg_image_attachment":"","ocean_post_title_bg_image_repeat":"","ocean_post_title_bg_image_size":"","ocean_post_title_height":0,"ocean_post_title_bg_overlay":0.5,"ocean_post_title_bg_overlay_color":"","ocean_disable_breadcrumbs":"default","ocean_breadcrumbs_color":"","ocean_breadcrumbs_separator_color":"","ocean_breadcrumbs_links_color":"","ocean_breadcrumbs_links_hover_color":"","ocean_display_footer_widgets":"default","ocean_display_footer_bottom":"default","ocean_custom_footer_template":"0","footnotes":""},"class_list":["post-2453","page","type-page","status-publish","hentry","entry"],"acf":[],"yoast_head":"<!-- This site is optimized with the Yoast SEO plugin v27.3 - https:\/\/yoast.com\/product\/yoast-seo-wordpress\/ -->\n<title>Kanzlei Salvoni Lex - Revitapolis<\/title>\n<meta name=\"robots\" content=\"index, follow, max-snippet:-1, max-image-preview:large, max-video-preview:-1\" \/>\n<link rel=\"canonical\" href=\"https:\/\/revitapolis.com\/de\/kanzlei-salvoni-lex\/\" \/>\n<meta property=\"og:locale\" content=\"de_DE\" \/>\n<meta property=\"og:type\" content=\"article\" \/>\n<meta property=\"og:title\" content=\"Kanzlei Salvoni Lex - Revitapolis\" \/>\n<meta property=\"og:description\" content=\"[ T\u00c4TIGKEITSFELDER ]: GEISTIGES EIGENTUM | RECHTSSTREIT | GESELLSCHAFTSRECHT [ BERUFSWEG ]: GEBOREN 1974UNIVERSIT\u00c4T VON PAVIA, ITALIEN, zugelassen als RECHTSANWALT 20031999 Haarmann Hemmelrath, M\u00fcnchen2003 Studio Prof. Maria Costanza, Milano2004 Bianchi Schierholz &amp; Partner, Milano2006 Studio legale Salvoni [ SPRACHEN ]: Italienisch, Englisch, Deutsch, Russisch Die ANWALTSKANZLEI SALVONI gew\u00e4hrt ihren Klienten eine rechtliche Betreuung, die sowohl [&hellip;]\" \/>\n<meta property=\"og:url\" content=\"https:\/\/revitapolis.com\/de\/kanzlei-salvoni-lex\/\" \/>\n<meta property=\"og:site_name\" content=\"Revitapolis\" \/>\n<meta property=\"article:modified_time\" content=\"2022-09-09T16:21:07+00:00\" \/>\n<meta property=\"og:image\" content=\"https:\/\/revitapolis.com\/wp-content\/uploads\/2022\/09\/rechtsanwalt-alessandro-salvoni.jpg\" \/>\n<meta name=\"twitter:card\" content=\"summary_large_image\" \/>\n<meta name=\"twitter:label1\" content=\"Gesch\u00e4tzte Lesezeit\" \/>\n\t<meta name=\"twitter:data1\" content=\"3\u00a0Minuten\" \/>\n<script type=\"application\/ld+json\" class=\"yoast-schema-graph\">{\"@context\":\"https:\\\/\\\/schema.org\",\"@graph\":[{\"@type\":\"WebPage\",\"@id\":\"https:\\\/\\\/revitapolis.com\\\/de\\\/kanzlei-salvoni-lex\\\/\",\"url\":\"https:\\\/\\\/revitapolis.com\\\/de\\\/kanzlei-salvoni-lex\\\/\",\"name\":\"Kanzlei Salvoni Lex - Revitapolis\",\"isPartOf\":{\"@id\":\"https:\\\/\\\/revitapolis.com\\\/de\\\/#website\"},\"primaryImageOfPage\":{\"@id\":\"https:\\\/\\\/revitapolis.com\\\/de\\\/kanzlei-salvoni-lex\\\/#primaryimage\"},\"image\":{\"@id\":\"https:\\\/\\\/revitapolis.com\\\/de\\\/kanzlei-salvoni-lex\\\/#primaryimage\"},\"thumbnailUrl\":\"https:\\\/\\\/revitapolis.com\\\/wp-content\\\/uploads\\\/2022\\\/09\\\/rechtsanwalt-alessandro-salvoni.jpg\",\"datePublished\":\"2022-09-07T19:42:44+00:00\",\"dateModified\":\"2022-09-09T16:21:07+00:00\",\"breadcrumb\":{\"@id\":\"https:\\\/\\\/revitapolis.com\\\/de\\\/kanzlei-salvoni-lex\\\/#breadcrumb\"},\"inLanguage\":\"de\",\"potentialAction\":[{\"@type\":\"ReadAction\",\"target\":[\"https:\\\/\\\/revitapolis.com\\\/de\\\/kanzlei-salvoni-lex\\\/\"]}]},{\"@type\":\"ImageObject\",\"inLanguage\":\"de\",\"@id\":\"https:\\\/\\\/revitapolis.com\\\/de\\\/kanzlei-salvoni-lex\\\/#primaryimage\",\"url\":\"https:\\\/\\\/revitapolis.com\\\/wp-content\\\/uploads\\\/2022\\\/09\\\/rechtsanwalt-alessandro-salvoni.jpg\",\"contentUrl\":\"https:\\\/\\\/revitapolis.com\\\/wp-content\\\/uploads\\\/2022\\\/09\\\/rechtsanwalt-alessandro-salvoni.jpg\"},{\"@type\":\"BreadcrumbList\",\"@id\":\"https:\\\/\\\/revitapolis.com\\\/de\\\/kanzlei-salvoni-lex\\\/#breadcrumb\",\"itemListElement\":[{\"@type\":\"ListItem\",\"position\":1,\"name\":\"Startseite\",\"item\":\"https:\\\/\\\/revitapolis.com\\\/de\\\/\"},{\"@type\":\"ListItem\",\"position\":2,\"name\":\"Kanzlei Salvoni Lex\"}]},{\"@type\":\"WebSite\",\"@id\":\"https:\\\/\\\/revitapolis.com\\\/de\\\/#website\",\"url\":\"https:\\\/\\\/revitapolis.com\\\/de\\\/\",\"name\":\"Revitapolis\",\"description\":\"Wiederbelebung italienischer Orte\",\"publisher\":{\"@id\":\"https:\\\/\\\/revitapolis.com\\\/de\\\/#organization\"},\"potentialAction\":[{\"@type\":\"SearchAction\",\"target\":{\"@type\":\"EntryPoint\",\"urlTemplate\":\"https:\\\/\\\/revitapolis.com\\\/de\\\/?s={search_term_string}\"},\"query-input\":{\"@type\":\"PropertyValueSpecification\",\"valueRequired\":true,\"valueName\":\"search_term_string\"}}],\"inLanguage\":\"de\"},{\"@type\":\"Organization\",\"@id\":\"https:\\\/\\\/revitapolis.com\\\/de\\\/#organization\",\"name\":\"Revitapolis\",\"url\":\"https:\\\/\\\/revitapolis.com\\\/de\\\/\",\"logo\":{\"@type\":\"ImageObject\",\"inLanguage\":\"de\",\"@id\":\"https:\\\/\\\/revitapolis.com\\\/de\\\/#\\\/schema\\\/logo\\\/image\\\/\",\"url\":\"https:\\\/\\\/revitapolis.com\\\/wp-content\\\/uploads\\\/2022\\\/03\\\/cropped-logo-revitapolis.jpg\",\"contentUrl\":\"https:\\\/\\\/revitapolis.com\\\/wp-content\\\/uploads\\\/2022\\\/03\\\/cropped-logo-revitapolis.jpg\",\"width\":200,\"height\":91,\"caption\":\"Revitapolis\"},\"image\":{\"@id\":\"https:\\\/\\\/revitapolis.com\\\/de\\\/#\\\/schema\\\/logo\\\/image\\\/\"}}]}<\/script>\n<!-- \/ Yoast SEO plugin. -->","yoast_head_json":{"title":"Kanzlei Salvoni Lex - Revitapolis","robots":{"index":"index","follow":"follow","max-snippet":"max-snippet:-1","max-image-preview":"max-image-preview:large","max-video-preview":"max-video-preview:-1"},"canonical":"https:\/\/revitapolis.com\/de\/kanzlei-salvoni-lex\/","og_locale":"de_DE","og_type":"article","og_title":"Kanzlei Salvoni Lex - Revitapolis","og_description":"[ T\u00c4TIGKEITSFELDER ]: GEISTIGES EIGENTUM | RECHTSSTREIT | GESELLSCHAFTSRECHT [ BERUFSWEG ]: GEBOREN 1974UNIVERSIT\u00c4T VON PAVIA, ITALIEN, zugelassen als RECHTSANWALT 20031999 Haarmann Hemmelrath, M\u00fcnchen2003 Studio Prof. Maria Costanza, Milano2004 Bianchi Schierholz &amp; Partner, Milano2006 Studio legale Salvoni [ SPRACHEN ]: Italienisch, Englisch, Deutsch, Russisch Die ANWALTSKANZLEI SALVONI gew\u00e4hrt ihren Klienten eine rechtliche Betreuung, die sowohl [&hellip;]","og_url":"https:\/\/revitapolis.com\/de\/kanzlei-salvoni-lex\/","og_site_name":"Revitapolis","article_modified_time":"2022-09-09T16:21:07+00:00","og_image":[{"url":"https:\/\/revitapolis.com\/wp-content\/uploads\/2022\/09\/rechtsanwalt-alessandro-salvoni.jpg","type":"","width":"","height":""}],"twitter_card":"summary_large_image","twitter_misc":{"Gesch\u00e4tzte Lesezeit":"3\u00a0Minuten"},"schema":{"@context":"https:\/\/schema.org","@graph":[{"@type":"WebPage","@id":"https:\/\/revitapolis.com\/de\/kanzlei-salvoni-lex\/","url":"https:\/\/revitapolis.com\/de\/kanzlei-salvoni-lex\/","name":"Kanzlei Salvoni Lex - Revitapolis","isPartOf":{"@id":"https:\/\/revitapolis.com\/de\/#website"},"primaryImageOfPage":{"@id":"https:\/\/revitapolis.com\/de\/kanzlei-salvoni-lex\/#primaryimage"},"image":{"@id":"https:\/\/revitapolis.com\/de\/kanzlei-salvoni-lex\/#primaryimage"},"thumbnailUrl":"https:\/\/revitapolis.com\/wp-content\/uploads\/2022\/09\/rechtsanwalt-alessandro-salvoni.jpg","datePublished":"2022-09-07T19:42:44+00:00","dateModified":"2022-09-09T16:21:07+00:00","breadcrumb":{"@id":"https:\/\/revitapolis.com\/de\/kanzlei-salvoni-lex\/#breadcrumb"},"inLanguage":"de","potentialAction":[{"@type":"ReadAction","target":["https:\/\/revitapolis.com\/de\/kanzlei-salvoni-lex\/"]}]},{"@type":"ImageObject","inLanguage":"de","@id":"https:\/\/revitapolis.com\/de\/kanzlei-salvoni-lex\/#primaryimage","url":"https:\/\/revitapolis.com\/wp-content\/uploads\/2022\/09\/rechtsanwalt-alessandro-salvoni.jpg","contentUrl":"https:\/\/revitapolis.com\/wp-content\/uploads\/2022\/09\/rechtsanwalt-alessandro-salvoni.jpg"},{"@type":"BreadcrumbList","@id":"https:\/\/revitapolis.com\/de\/kanzlei-salvoni-lex\/#breadcrumb","itemListElement":[{"@type":"ListItem","position":1,"name":"Startseite","item":"https:\/\/revitapolis.com\/de\/"},{"@type":"ListItem","position":2,"name":"Kanzlei Salvoni Lex"}]},{"@type":"WebSite","@id":"https:\/\/revitapolis.com\/de\/#website","url":"https:\/\/revitapolis.com\/de\/","name":"Revitapolis","description":"Wiederbelebung italienischer Orte","publisher":{"@id":"https:\/\/revitapolis.com\/de\/#organization"},"potentialAction":[{"@type":"SearchAction","target":{"@type":"EntryPoint","urlTemplate":"https:\/\/revitapolis.com\/de\/?s={search_term_string}"},"query-input":{"@type":"PropertyValueSpecification","valueRequired":true,"valueName":"search_term_string"}}],"inLanguage":"de"},{"@type":"Organization","@id":"https:\/\/revitapolis.com\/de\/#organization","name":"Revitapolis","url":"https:\/\/revitapolis.com\/de\/","logo":{"@type":"ImageObject","inLanguage":"de","@id":"https:\/\/revitapolis.com\/de\/#\/schema\/logo\/image\/","url":"https:\/\/revitapolis.com\/wp-content\/uploads\/2022\/03\/cropped-logo-revitapolis.jpg","contentUrl":"https:\/\/revitapolis.com\/wp-content\/uploads\/2022\/03\/cropped-logo-revitapolis.jpg","width":200,"height":91,"caption":"Revitapolis"},"image":{"@id":"https:\/\/revitapolis.com\/de\/#\/schema\/logo\/image\/"}}]}},"_links":{"self":[{"href":"https:\/\/revitapolis.com\/de\/wp-json\/wp\/v2\/pages\/2453","targetHints":{"allow":["GET"]}}],"collection":[{"href":"https:\/\/revitapolis.com\/de\/wp-json\/wp\/v2\/pages"}],"about":[{"href":"https:\/\/revitapolis.com\/de\/wp-json\/wp\/v2\/types\/page"}],"author":[{"embeddable":true,"href":"https:\/\/revitapolis.com\/de\/wp-json\/wp\/v2\/users\/1"}],"replies":[{"embeddable":true,"href":"https:\/\/revitapolis.com\/de\/wp-json\/wp\/v2\/comments?post=2453"}],"version-history":[{"count":41,"href":"https:\/\/revitapolis.com\/de\/wp-json\/wp\/v2\/pages\/2453\/revisions"}],"predecessor-version":[{"id":2563,"href":"https:\/\/revitapolis.com\/de\/wp-json\/wp\/v2\/pages\/2453\/revisions\/2563"}],"wp:attachment":[{"href":"https:\/\/revitapolis.com\/de\/wp-json\/wp\/v2\/media?parent=2453"}],"curies":[{"name":"wp","href":"https:\/\/api.w.org\/{rel}","templated":true}]}}