{"id":1863,"date":"2022-05-13T16:41:48","date_gmt":"2022-05-13T16:41:48","guid":{"rendered":"https:\/\/revitapolis.com\/?page_id=1863"},"modified":"2024-05-09T09:45:46","modified_gmt":"2024-05-09T09:45:46","slug":"datenschutz","status":"publish","type":"page","link":"https:\/\/revitapolis.com\/de\/datenschutz\/","title":{"rendered":"Datenschutz"},"content":{"rendered":"\n<div style=\"height:15px\" aria-hidden=\"true\" class=\"wp-block-spacer\"><\/div>\n\n\n\n<h2 class=\"wp-block-heading\" style=\"font-size:30px\">Datenschutzerkl\u00e4rung von Revitapolis<\/h2>\n\n\n\n<p><strong>Geltungsbereich<\/strong><\/p>\n\n\n\n<p>Diese Datenschutzerkl\u00e4rung kl\u00e4rt Nutzer \u00fcber die Art, den Umfang und Zwecke der Erhebung und Verwendung personenbezogener Daten durch den verantwortlichen Anbieter: <\/p>\n\n\n\n<p>Bavicon UG (haftungsbeschr\u00e4nkt)<br>Seestr. 2<br>83093 Bad Endorf | Deutschland \/ Bayern<\/p>\n\n\n\n<p>Kontakt: <a href=\"mailto:info@bavicon.eu\">info@bavicon.eu<\/a><\/p>\n\n\n\n<p>auf dieser Website auf.<\/p>\n\n\n\n<p>Die rechtlichen Grundlagen des Datenschutzes finden sich im Bundesdatenschutzgesetz (BDSG) und dem Telemediengesetz (TMG), als auch in den neuen Datenschutzrichtlinien ( DSGVO \u2013 G\u00fcltigkeit ab 25. Mai 2018 ) und dem BGH-Urteil vom 28.05.2020 wieder.<\/p>\n\n\n\n<p><strong>Datenerhebung<\/strong><\/p>\n\n\n\n<p>Grunds\u00e4tzlich muss unterschieden werden zwischen einer Datenerhebung, die von einer Person freiwillig an uns per eMail oder Kontaktformular \u2026\u2026 \u00fcbertragen wird und Daten, die mehr automatisiert durch das Benutzen der Website erhoben werden.<\/p>\n\n\n\n<p>Zu den automatisiert erhobenen Daten z\u00e4hlen z.B. Aufzeichnungen ( Serverlogs ) des Providers sowie gesetzte Cookies bzw. Datentrackings von in der Website integrierter Zusatzmodule, diese der besseren Benutzbarkeit bzw. der grafischen Verbesserung dienlich sind, aber ebenso zus\u00e4tzlich von manchen Herstellern dazu benutzt werden, um Informationen aufzuzeichnen, die der marketing-orientierten Auswertung dienen \u2013 z.B um das Surfverhalten eines Nutzers in Erfahrung zu bringen.<\/p>\n\n\n\n<p>Dieser Grundsatz ist hilfreich, um die nachfolgenden Paragraphen besser verstehen zu k\u00f6nnen.<\/p>\n\n\n\n<p><strong>Was sind nach Datenschutz personenbezogene Daten<\/strong><\/p>\n\n\n\n<p>Personenbezogene Daten sind Informationen, mit deren Hilfe eine Person bestimmbar wird, also Angaben, die zur\u00fcck zu einer Person verfolgt werden k\u00f6nnen. Dazu geh\u00f6ren der Name, Adresse, Wohnort, die eMail-Adresse, Telefonnummer als auch Handlungsweisen, die einer Person zugeordnet werden k\u00f6nnen, ebenso Daten \u00fcber Vorlieben, Hobbies, Mitgliedschaften oder welche Webseiten von jemandem angesehen wurden, z\u00e4hlen zu personenbezogenen Daten.<\/p>\n\n\n\n<p><strong>Umgang mit personenbezogenen Daten<\/strong><\/p>\n\n\n\n<p>Wir nehmen Datenschutz treu unserer Gesetze sehr genau. Personenbezogene Daten, die Sie uns auf Anregung auf diese Website digital oder auf eine andere Weise zukommen lassen ( wie z.B. oben beschrieben ist das Ihr Name samt Adresse, Ihr Anliegen usw. ) werden von uns sehr vertraulich genutzt und auch nicht an dritte Personen weiter gegeben, es sein denn die gesetzliche Lage verlangt das so bzw. es ist gesetzlich legitim und der Nutzer willigt darauf ein.<\/p>\n\n\n\n<p>Bei der Kontaktaufnahme mit uns (zum Beispiel per E-Mail) werden die Angaben des Nutzers zwecks Bearbeitung der Anfrage sowie f\u00fcr den Fall, dass Anschlussfragen entstehen, gespeichert. Des Weiteren werden diese Daten bei uns sicher aufbewahrt.<\/p>\n\n\n\n<p>In bestimmten F\u00e4llen kann es jedoch sein, dass eine Weiterleitung von pers\u00f6nlichen Daten nicht ausgeschlossen werden kann. Wie oben bereits angemerkt, wenn Erweiterungen in einer Website zur Verf\u00fcgung gestellt werden, die unsererseits mehr dem Komfort und der Funktion Anregung geben sollen, aber andererseits von Unternehmen wie z.B. von Google gleichzeitig mit dazu benutzt werden, um Daten f\u00fcr Marketingzwecke ( Trackings ) aufzuzeichnen. Es ist aber nicht anzunehmen, dass Ihnen damit ein bewusster Schaden zugef\u00fcgt werden soll. F\u00fcr derartige Aufzeichnungen k\u00f6nnen wir jedoch keine Verantwortung \u00fcbernehmen.<\/p>\n\n\n\n<p>Beachten Sie bitte weiter, dass Daten im Internet allgemein nicht immer sicher \u00fcbertragen werden. Besonders im E-Mail-Verkehr kann der Schutz beim Datenaustausch nicht garantiert werden.<\/p>\n\n\n\n<p>Erfolgt Ihre Kontaktaufnahme mit uns \u00fcber unser Kontaktformular, sind Ihre Daten \u00fcber die SSL-Verschl\u00fcsselung ( https:\/\/ ) bestens im Sinne der technischen M\u00f6glichkeiten gesch\u00fctzt und eignet sich von daher zum Schutz Ihrer Daten besser als der reine e-Mail-Verkehr.<\/p>\n\n\n\n<p><strong>Auskunft, L\u00f6schung, Sperrung<\/strong><\/p>\n\n\n\n<p>Sie erhalten jederzeit unentgeltlich Auskunft \u00fcber die von uns gespeicherten personenbezogenen Daten zu Ihrer Person sowie zur Herkunft, dem Empf\u00e4nger und dem Zweck von Datenerhebung sowie Datenverarbeitung. Au\u00dferdem haben Sie das Recht, die Berichtigung, die Sperrung oder L\u00f6schung Ihrer Daten zu verlangen.<\/p>\n\n\n\n<p>Ausgenommen davon sind Daten, die aufgrund gesetzlicher Vorschriften aufbewahrt oder zur ordnungsgem\u00e4\u00dfen Gesch\u00e4ftsabwicklung ben\u00f6tigt werden. Damit eine Datensperre jederzeit realisiert werden kann, werden Daten zu Kontrollzwecken in einer Sperrdatei vorgehalten. Werden Daten nicht von einer gesetzlichen Archivierungspflicht erfasst, l\u00f6schen wir Ihrige Daten auf Ihren Wunsch hin. Greift die Archivierungspflicht, sperren wir Ihre Daten. F\u00fcr alle Fragen und Anliegen zur Berichtigung, Sperrung oder L\u00f6schung von personenbezogenen Daten wenden Sie sich bitte an die im Impressum genannte Adresse.<\/p>\n\n\n\n<p>Betroffenenrechte sind in den DSGVO-Bestimmungen dementsprechend geregelt.<\/p>\n\n\n\n<p>Daten, die \u00fcber ein Tracking von Drittanbietern erhoben werden, sind hier nicht angesprochen. Das entzieht sich auch unserer juristischen Reichweite.<\/p>\n\n\n\n<h2 class=\"wp-block-heading\">Autoaktive Komponenten<\/h2>\n\n\n\n<p>F\u00fcr unser Informationsangebot werden Cookies und Javascript eingesetzt. Diese Komponenten kann man in der Browser-Software deaktivieren, somit eine Datenaufzeichnung im Hintergrund sehr erschwert wird, aber auch unter Umst\u00e4nden die Funktionalit\u00e4t der Website nicht mehr als gegeben erscheint<\/p>\n\n\n\n<p><strong>Zugriffsdaten\/ Server-Logfiles<\/strong><\/p>\n\n\n\n<p>Der Anbieter (beziehungsweise sein Webspace-Provider) erhebt Daten \u00fcber jeden Zugriff auf das Angebot (so genannte Serverlogfiles). Zu den Zugriffsdaten geh\u00f6ren:<\/p>\n\n\n\n<p>Name der abgerufenen Webseite, Datei, Datum und Uhrzeit des Abrufs, \u00fcbertragene Datenmenge, Meldung \u00fcber erfolgreichen Abruf, Browsertyp nebst Version, das Betriebssystem des Nutzers, Referrer URL (die zuvor besuchte Seite), IP-Adresse und der anfragende Provider.<\/p>\n\n\n\n<p>Der Anbieter verwendet die Protokolldaten nur f\u00fcr statistische Auswertungen zum Zweck des Betriebs, der Sicherheit und der Optimierung des Angebotes. Der Anbieter beh\u00e4lt sich jedoch vor, die Protokolldaten nachtr\u00e4glich zu \u00fcberpr\u00fcfen, wenn aufgrund konkreter Anhaltspunkte der berechtigte Verdacht einer rechtswidrigen Nutzung besteht.<\/p>\n\n\n\n<p><strong>Cookies<\/strong><\/p>\n\n\n\n<p>Cookies sind kleine Dateien, die es erm\u00f6glichen, auf dem Zugriffsger\u00e4t der Nutzer (PC, Smartphone o.\u00e4.) spezifische, auf das Ger\u00e4t bezogene Informationen zu speichern. Sie dienen zum einem der Benutzerfreundlichkeit von Webseiten (z.B. Speicherung von Logindaten) sowie der Funktionalit\u00e4t der Webseiten. Zum anderen dienen diese, um statistische Daten der Webseitennutzung zu erfassen und sie zwecks Verbesserung des Angebotes analysieren zu k\u00f6nnen ( z.B. \u00fcber Google-Analytics ). Dar\u00fcber hinaus k\u00f6nnen Cookies aus marketing-technischen Gr\u00fcnden einzelner Unternehmen dazu benutzt werden, deren Produkte sich auf den Webseiten eingegliedert interaktiv bewegen, um das Nutzerverhalten der Besucher zu erfassen, um daraus marketing-orientierte Nutzerprofile zu erheben.<\/p>\n\n\n\n<p>Die Nutzer k\u00f6nnen auf den Einsatz der Cookies Einfluss nehmen. Die meisten Browser verf\u00fcgen eine Option mit der das Speichern von Cookies eingeschr\u00e4nkt oder komplett verhindert wird. Allerdings wird darauf hingewiesen, dass die Nutzung und insbesondere der Nutzungskomfort ohne Cookies eingeschr\u00e4nkt werden. Sie k\u00f6nnen Cookies jederzeit in Ihren Einstellungen im Browser auch wieder l\u00f6schen.<\/p>\n\n\n\n<p>Sie k\u00f6nnen viele Online-Anzeigen-Cookies von Unternehmen \u00fcber die EU-Seite https:\/\/www.youronlinechoices.com\/uk\/your-ad-choices verwalten.<\/p>\n\n\n\n<p>Viele Internetseiten bzw. fast alle verwenden Cookies. Cookies sind unsch\u00e4dlich f\u00fcr Ihren Rechner und virenfrei.<\/p>\n\n\n\n<p>Bei der Benutzung \/ Aufruf unserer Website wird explizit auf das Verwenden von Cookies hingewiesen. Sie sollten das akzeptieren, anderenfalls steht es Ihnen frei, unsere Website wieder verlassen zu k\u00f6nnen.<\/p>\n\n\n\n<p><strong>Google Erweiterungen<\/strong><\/p>\n\n\n\n<p>Auf unserer Website befinden sich direkt keine Google Erweiterungen, die ein Opt-in erfordern w\u00fcrden. Wir haben lediglich eine datenschutzkonforme Verlinkung nach Google-Maps eingebunden bzw. Google-Maps kann nach Einwilligung nachgeladen werden &#8211; bitte beachten Sie den dementsprechenden Hinweis.  <\/p>\n\n\n\n<p>Wir verweisen hier nochmals darauf, dass bei Benutzung von Google Maps eine Datenerhebung mit Informationen \u00fcber Ihr Surfverhalten und Ihre IP-Adresse an die jeweiligen Server in den USA \u00fcbertragen werden. Wie diese dort ausgewertet werden ist nach au\u00dfen nicht ganz gekl\u00e4rt und wie diese dort in einem pers\u00f6nlichen Kontext aufbereitet werden, kann man direkt bei deren Unternehmen in Aufkl\u00e4rung bringen.<\/p>\n\n\n\n<p>N\u00e4heres zu den Datenschutzbestimmungen und Nutzungsbedingungen f\u00fcr Google Maps erfahren Sie hier: https:\/\/www.google.com\/intl\/de_de\/help\/terms_maps.html<\/p>\n\n\n\n<p>Weitere Informationen zur Datennutzung durch Google, Einstellungs- und Widerspruchsm\u00f6glichkeiten, erfahren Sie in der Datenschutzerkl\u00e4rung von Google: https:\/\/policies.google.com\/privacy sowie in den Einstellungen f\u00fcr die Darstellung von Werbeeinblendungen durch Google https:\/\/adssettings.google.com\/authenticated<\/p>\n\n\n\n<p><strong>Google Web-Fonts<\/strong><\/p>\n\n\n\n<p>Wir binden keine Schriftarten (\u201eGoogle Fonts\u201c) des Anbieters Google LLC, 1600 Amphitheatre Parkway, Mountain View, CA 94043, USA, ein. Unser Projekt nutzt lediglich Systemschriften.<\/p>\n\n\n\n<p><strong>Allgemein Plugins, Add-ons, Extentions<\/strong><\/p>\n\n\n\n<p>Unsere Website wurde mit einem modernen CMS-System erstellt. Moderne CMS-Systeme bieten die M\u00f6glichkeit, durch Zusatzinstallationen den Umfang der Funktionen einer Website zu erweitern. Das geschieht in Folge einer besseren Benutzbarkeit als auch einer Verbesserung der grafischen Darstellung. Manchmal sind solche Plugins diverser Hersteller, wie bereits in der Datenschutzerkl\u00e4rung angef\u00fchrt, zus\u00e4tzlich um ein Datentracking erg\u00e4nzt.<\/p>\n\n\n\n<p>Unsere Website weist minimal noch weitere Plugins auf ( JQUERY \u2026 ), dessen Funktionalit\u00e4ten nach genauer Abpr\u00fcfung keinerlei Datentracking aufweisen und somit als datenschutzkonform betrachtet werden k\u00f6nnen. Wir haben unsere Analyse gewissenhaft gemacht, nehmen aber davon Abstand, dies rechtsverbindlich zu ver\u00e4u\u00dfern.<\/p>\n\n\n\n<p>JQUERY ist als ein Standardmodul in vielen Websites integriert und stellt f\u00fcr viele Funktionalit\u00e4ten eine basale technisch-notwendige Einrichtung dar ( DSGVO Art. 6, Abs. 1 Buchstabe f ). JQUERY wie auch viele andere Extensions setzen keine Cookies.<\/p>\n\n\n\n<p><strong>Gew\u00e4hrleistung<\/strong><\/p>\n\n\n\n<p>Wir haben uns viel M\u00fche gemacht, um den neuen Datenschutzrichtlinien ( DSGVO ) Rechnung zu tragen, ebenso den BGH-Urteil v. 28.05.2020 f\u00fcr Deutschland R\u00fccksicht zu geben. Falls doch jemand Ansto\u00df an unserer Datenschutzerkl\u00e4rung nehmen will, bitten wir darum, uns unter den Angaben im Impressum zu kontaktieren, um in gegenseitiger Einwilligung eine L\u00f6sung anzustreben.<\/p>\n\n\n\n<p>Vorab verweisen wir noch darauf, das es viele Einzelheiten in den neuen Datenschutzrichtlinien gibt, die juristisch noch nicht definitiv gekl\u00e4rt erscheinen.<\/p>\n\n\n\n<p><strong>Google-Analytics mit Opt-out<\/strong><\/p>\n\n\n\n<p>Wir nutzen das Tool Google-Analytics, um Daten aufzuzeichnen. Falls Sie diese Aufzeichnungen f\u00fcr unsere Marketingzwecke nicht w\u00fcnschen, steht es Ihnen frei, \u00fcber das unten angebotene Opt-out, die Datenaufzeichnung zu unterbinden bzw. diese danach auch wieder frei zu geben. Wir w\u00fcrden uns freuen, wenn Sie uns erlauben w\u00fcrden, der Datenaufzeichnung zu gestatten. Wir nutzen diese Daten lediglich in eigener Sache, diese sind bei uns sicher und werden nicht an Dritte weitergegeben. Des Weiteren werden die Auzeichnungen ip-anonymisiert erhoben, ein direkter R\u00fcckschlu\u00df auf Ihre Person ist von daher nicht m\u00f6glich und steht ohnehin nicht in unserem Interesse.<\/p>\n\n\n\n<p>Unter folgendem Link kann man auch das verf\u00fcgbare Browser-Plugin herunterladen und installieren, um z.B. im Browser ein Opt-out f\u00fcr Google Analytics zu schaffen. https:\/\/tools.google.com\/dlpage\/gaoptout?hl=de &#8211; durch das hier angebotene Opt-out ist das allerdings nicht vonn\u00f6ten.<\/p>\n\n\n<a href=\"javascript:gaoo_handle_optout();\" id=\"gaoo-link\" class=\"gaoo-link-deactivate\">Datenaufzeichnung \u2192 AUS<\/a>\n\n\n\n<div style=\"height:11px\" aria-hidden=\"true\" class=\"wp-block-spacer\"><\/div>\n\n\n\n<p class=\"has-text-align-center\"><strong>Ende der Datenschutzerkl\u00e4rung<\/strong><\/p>\n\n\n\n<hr style=\"border: 0; height: 1px; background-image: linear-gradient(to right, rgba(0, 0, 0, 0), rgba(0, 0, 0, 0.75), rgba(0, 0, 0, 0));\">\n\n\n\n<div style=\"height:11px\" aria-hidden=\"true\" class=\"wp-block-spacer\"><\/div>\n","protected":false},"excerpt":{"rendered":"<p>Datenschutzerkl\u00e4rung von Revitapolis Geltungsbereich Diese Datenschutzerkl\u00e4rung kl\u00e4rt Nutzer \u00fcber die Art, den Umfang und Zwecke der Erhebung und Verwendung personenbezogener Daten durch den verantwortlichen Anbieter: Bavicon UG (haftungsbeschr\u00e4nkt)Seestr. 283093 Bad Endorf | Deutschland \/ Bayern Kontakt: info@bavicon.eu auf dieser Website auf. Die rechtlichen Grundlagen des Datenschutzes finden sich im Bundesdatenschutzgesetz (BDSG) und dem Telemediengesetz (TMG), [&hellip;]<\/p>\n","protected":false},"author":1,"featured_media":0,"parent":0,"menu_order":0,"comment_status":"closed","ping_status":"closed","template":"","meta":{"_acf_changed":false,"om_disable_all_campaigns":false,"_monsterinsights_skip_tracking":false,"_monsterinsights_sitenote_active":false,"_monsterinsights_sitenote_note":"","_monsterinsights_sitenote_category":0,"ocean_post_layout":"","ocean_both_sidebars_style":"","ocean_both_sidebars_content_width":0,"ocean_both_sidebars_sidebars_width":0,"ocean_sidebar":"0","ocean_second_sidebar":"0","ocean_disable_margins":"enable","ocean_add_body_class":"","ocean_shortcode_before_top_bar":"","ocean_shortcode_after_top_bar":"","ocean_shortcode_before_header":"","ocean_shortcode_after_header":"","ocean_has_shortcode":"","ocean_shortcode_after_title":"","ocean_shortcode_before_footer_widgets":"","ocean_shortcode_after_footer_widgets":"","ocean_shortcode_before_footer_bottom":"","ocean_shortcode_after_footer_bottom":"","ocean_display_top_bar":"default","ocean_display_header":"default","ocean_header_style":"","ocean_center_header_left_menu":"0","ocean_custom_header_template":"0","ocean_custom_logo":0,"ocean_custom_retina_logo":0,"ocean_custom_logo_max_width":0,"ocean_custom_logo_tablet_max_width":0,"ocean_custom_logo_mobile_max_width":0,"ocean_custom_logo_max_height":0,"ocean_custom_logo_tablet_max_height":0,"ocean_custom_logo_mobile_max_height":0,"ocean_header_custom_menu":"0","ocean_menu_typo_font_family":"0","ocean_menu_typo_font_subset":"","ocean_menu_typo_font_size":0,"ocean_menu_typo_font_size_tablet":0,"ocean_menu_typo_font_size_mobile":0,"ocean_menu_typo_font_size_unit":"px","ocean_menu_typo_font_weight":"","ocean_menu_typo_font_weight_tablet":"","ocean_menu_typo_font_weight_mobile":"","ocean_menu_typo_transform":"","ocean_menu_typo_transform_tablet":"","ocean_menu_typo_transform_mobile":"","ocean_menu_typo_line_height":0,"ocean_menu_typo_line_height_tablet":0,"ocean_menu_typo_line_height_mobile":0,"ocean_menu_typo_line_height_unit":"","ocean_menu_typo_spacing":0,"ocean_menu_typo_spacing_tablet":0,"ocean_menu_typo_spacing_mobile":0,"ocean_menu_typo_spacing_unit":"","ocean_menu_link_color":"","ocean_menu_link_color_hover":"","ocean_menu_link_color_active":"","ocean_menu_link_background":"","ocean_menu_link_hover_background":"","ocean_menu_link_active_background":"","ocean_menu_social_links_bg":"","ocean_menu_social_hover_links_bg":"","ocean_menu_social_links_color":"","ocean_menu_social_hover_links_color":"","ocean_disable_title":"default","ocean_disable_heading":"default","ocean_post_title":"","ocean_post_subheading":"","ocean_post_title_style":"","ocean_post_title_background_color":"","ocean_post_title_background":0,"ocean_post_title_bg_image_position":"","ocean_post_title_bg_image_attachment":"","ocean_post_title_bg_image_repeat":"","ocean_post_title_bg_image_size":"","ocean_post_title_height":0,"ocean_post_title_bg_overlay":0.5,"ocean_post_title_bg_overlay_color":"","ocean_disable_breadcrumbs":"default","ocean_breadcrumbs_color":"","ocean_breadcrumbs_separator_color":"","ocean_breadcrumbs_links_color":"","ocean_breadcrumbs_links_hover_color":"","ocean_display_footer_widgets":"default","ocean_display_footer_bottom":"default","ocean_custom_footer_template":"0","footnotes":""},"class_list":["post-1863","page","type-page","status-publish","hentry","entry"],"acf":[],"yoast_head":"<!-- This site is optimized with the Yoast SEO plugin v27.3 - https:\/\/yoast.com\/product\/yoast-seo-wordpress\/ -->\n<title>Datenschutz - Revitapolis<\/title>\n<meta name=\"description\" content=\"Datenschutzerkl\u00e4rung von Revitapolis: Verantwortlich f\u00fcr die Datenverarbeitung ist die Bavicon UG (haftungsbeschr\u00e4nkt).\" \/>\n<meta name=\"robots\" content=\"index, follow, max-snippet:-1, max-image-preview:large, max-video-preview:-1\" \/>\n<link rel=\"canonical\" href=\"https:\/\/revitapolis.com\/de\/datenschutz\/\" \/>\n<meta property=\"og:locale\" content=\"de_DE\" \/>\n<meta property=\"og:type\" content=\"article\" \/>\n<meta property=\"og:title\" content=\"Datenschutz - Revitapolis\" \/>\n<meta property=\"og:description\" content=\"Datenschutzerkl\u00e4rung von Revitapolis: Verantwortlich f\u00fcr die Datenverarbeitung ist die Bavicon UG (haftungsbeschr\u00e4nkt).\" \/>\n<meta property=\"og:url\" content=\"https:\/\/revitapolis.com\/de\/datenschutz\/\" \/>\n<meta property=\"og:site_name\" content=\"Revitapolis\" \/>\n<meta property=\"article:modified_time\" content=\"2024-05-09T09:45:46+00:00\" \/>\n<meta name=\"twitter:card\" content=\"summary_large_image\" \/>\n<meta name=\"twitter:label1\" content=\"Gesch\u00e4tzte Lesezeit\" \/>\n\t<meta name=\"twitter:data1\" content=\"9\u00a0Minuten\" \/>\n<script type=\"application\/ld+json\" class=\"yoast-schema-graph\">{\"@context\":\"https:\\\/\\\/schema.org\",\"@graph\":[{\"@type\":\"WebPage\",\"@id\":\"https:\\\/\\\/revitapolis.com\\\/de\\\/datenschutz\\\/\",\"url\":\"https:\\\/\\\/revitapolis.com\\\/de\\\/datenschutz\\\/\",\"name\":\"Datenschutz - Revitapolis\",\"isPartOf\":{\"@id\":\"https:\\\/\\\/revitapolis.com\\\/de\\\/#website\"},\"datePublished\":\"2022-05-13T16:41:48+00:00\",\"dateModified\":\"2024-05-09T09:45:46+00:00\",\"description\":\"Datenschutzerkl\u00e4rung von Revitapolis: Verantwortlich f\u00fcr die Datenverarbeitung ist die Bavicon UG (haftungsbeschr\u00e4nkt).\",\"breadcrumb\":{\"@id\":\"https:\\\/\\\/revitapolis.com\\\/de\\\/datenschutz\\\/#breadcrumb\"},\"inLanguage\":\"de\",\"potentialAction\":[{\"@type\":\"ReadAction\",\"target\":[\"https:\\\/\\\/revitapolis.com\\\/de\\\/datenschutz\\\/\"]}]},{\"@type\":\"BreadcrumbList\",\"@id\":\"https:\\\/\\\/revitapolis.com\\\/de\\\/datenschutz\\\/#breadcrumb\",\"itemListElement\":[{\"@type\":\"ListItem\",\"position\":1,\"name\":\"Startseite\",\"item\":\"https:\\\/\\\/revitapolis.com\\\/de\\\/\"},{\"@type\":\"ListItem\",\"position\":2,\"name\":\"Datenschutz\"}]},{\"@type\":\"WebSite\",\"@id\":\"https:\\\/\\\/revitapolis.com\\\/de\\\/#website\",\"url\":\"https:\\\/\\\/revitapolis.com\\\/de\\\/\",\"name\":\"Revitapolis\",\"description\":\"Wiederbelebung italienischer Orte\",\"publisher\":{\"@id\":\"https:\\\/\\\/revitapolis.com\\\/de\\\/#organization\"},\"potentialAction\":[{\"@type\":\"SearchAction\",\"target\":{\"@type\":\"EntryPoint\",\"urlTemplate\":\"https:\\\/\\\/revitapolis.com\\\/de\\\/?s={search_term_string}\"},\"query-input\":{\"@type\":\"PropertyValueSpecification\",\"valueRequired\":true,\"valueName\":\"search_term_string\"}}],\"inLanguage\":\"de\"},{\"@type\":\"Organization\",\"@id\":\"https:\\\/\\\/revitapolis.com\\\/de\\\/#organization\",\"name\":\"Revitapolis\",\"url\":\"https:\\\/\\\/revitapolis.com\\\/de\\\/\",\"logo\":{\"@type\":\"ImageObject\",\"inLanguage\":\"de\",\"@id\":\"https:\\\/\\\/revitapolis.com\\\/de\\\/#\\\/schema\\\/logo\\\/image\\\/\",\"url\":\"https:\\\/\\\/revitapolis.com\\\/wp-content\\\/uploads\\\/2022\\\/03\\\/cropped-logo-revitapolis.jpg\",\"contentUrl\":\"https:\\\/\\\/revitapolis.com\\\/wp-content\\\/uploads\\\/2022\\\/03\\\/cropped-logo-revitapolis.jpg\",\"width\":200,\"height\":91,\"caption\":\"Revitapolis\"},\"image\":{\"@id\":\"https:\\\/\\\/revitapolis.com\\\/de\\\/#\\\/schema\\\/logo\\\/image\\\/\"}}]}<\/script>\n<!-- \/ Yoast SEO plugin. -->","yoast_head_json":{"title":"Datenschutz - Revitapolis","description":"Datenschutzerkl\u00e4rung von Revitapolis: Verantwortlich f\u00fcr die Datenverarbeitung ist die Bavicon UG (haftungsbeschr\u00e4nkt).","robots":{"index":"index","follow":"follow","max-snippet":"max-snippet:-1","max-image-preview":"max-image-preview:large","max-video-preview":"max-video-preview:-1"},"canonical":"https:\/\/revitapolis.com\/de\/datenschutz\/","og_locale":"de_DE","og_type":"article","og_title":"Datenschutz - Revitapolis","og_description":"Datenschutzerkl\u00e4rung von Revitapolis: Verantwortlich f\u00fcr die Datenverarbeitung ist die Bavicon UG (haftungsbeschr\u00e4nkt).","og_url":"https:\/\/revitapolis.com\/de\/datenschutz\/","og_site_name":"Revitapolis","article_modified_time":"2024-05-09T09:45:46+00:00","twitter_card":"summary_large_image","twitter_misc":{"Gesch\u00e4tzte Lesezeit":"9\u00a0Minuten"},"schema":{"@context":"https:\/\/schema.org","@graph":[{"@type":"WebPage","@id":"https:\/\/revitapolis.com\/de\/datenschutz\/","url":"https:\/\/revitapolis.com\/de\/datenschutz\/","name":"Datenschutz - Revitapolis","isPartOf":{"@id":"https:\/\/revitapolis.com\/de\/#website"},"datePublished":"2022-05-13T16:41:48+00:00","dateModified":"2024-05-09T09:45:46+00:00","description":"Datenschutzerkl\u00e4rung von Revitapolis: Verantwortlich f\u00fcr die Datenverarbeitung ist die Bavicon UG (haftungsbeschr\u00e4nkt).","breadcrumb":{"@id":"https:\/\/revitapolis.com\/de\/datenschutz\/#breadcrumb"},"inLanguage":"de","potentialAction":[{"@type":"ReadAction","target":["https:\/\/revitapolis.com\/de\/datenschutz\/"]}]},{"@type":"BreadcrumbList","@id":"https:\/\/revitapolis.com\/de\/datenschutz\/#breadcrumb","itemListElement":[{"@type":"ListItem","position":1,"name":"Startseite","item":"https:\/\/revitapolis.com\/de\/"},{"@type":"ListItem","position":2,"name":"Datenschutz"}]},{"@type":"WebSite","@id":"https:\/\/revitapolis.com\/de\/#website","url":"https:\/\/revitapolis.com\/de\/","name":"Revitapolis","description":"Wiederbelebung italienischer Orte","publisher":{"@id":"https:\/\/revitapolis.com\/de\/#organization"},"potentialAction":[{"@type":"SearchAction","target":{"@type":"EntryPoint","urlTemplate":"https:\/\/revitapolis.com\/de\/?s={search_term_string}"},"query-input":{"@type":"PropertyValueSpecification","valueRequired":true,"valueName":"search_term_string"}}],"inLanguage":"de"},{"@type":"Organization","@id":"https:\/\/revitapolis.com\/de\/#organization","name":"Revitapolis","url":"https:\/\/revitapolis.com\/de\/","logo":{"@type":"ImageObject","inLanguage":"de","@id":"https:\/\/revitapolis.com\/de\/#\/schema\/logo\/image\/","url":"https:\/\/revitapolis.com\/wp-content\/uploads\/2022\/03\/cropped-logo-revitapolis.jpg","contentUrl":"https:\/\/revitapolis.com\/wp-content\/uploads\/2022\/03\/cropped-logo-revitapolis.jpg","width":200,"height":91,"caption":"Revitapolis"},"image":{"@id":"https:\/\/revitapolis.com\/de\/#\/schema\/logo\/image\/"}}]}},"_links":{"self":[{"href":"https:\/\/revitapolis.com\/de\/wp-json\/wp\/v2\/pages\/1863","targetHints":{"allow":["GET"]}}],"collection":[{"href":"https:\/\/revitapolis.com\/de\/wp-json\/wp\/v2\/pages"}],"about":[{"href":"https:\/\/revitapolis.com\/de\/wp-json\/wp\/v2\/types\/page"}],"author":[{"embeddable":true,"href":"https:\/\/revitapolis.com\/de\/wp-json\/wp\/v2\/users\/1"}],"replies":[{"embeddable":true,"href":"https:\/\/revitapolis.com\/de\/wp-json\/wp\/v2\/comments?post=1863"}],"version-history":[{"count":15,"href":"https:\/\/revitapolis.com\/de\/wp-json\/wp\/v2\/pages\/1863\/revisions"}],"predecessor-version":[{"id":5161,"href":"https:\/\/revitapolis.com\/de\/wp-json\/wp\/v2\/pages\/1863\/revisions\/5161"}],"wp:attachment":[{"href":"https:\/\/revitapolis.com\/de\/wp-json\/wp\/v2\/media?parent=1863"}],"curies":[{"name":"wp","href":"https:\/\/api.w.org\/{rel}","templated":true}]}}