{"id":1527,"date":"2022-05-05T09:11:50","date_gmt":"2022-05-05T09:11:50","guid":{"rendered":"https:\/\/revitapolis.com\/?page_id=1527"},"modified":"2024-05-02T06:06:53","modified_gmt":"2024-05-02T06:06:53","slug":"foerderfaehige-projekte","status":"publish","type":"page","link":"https:\/\/revitapolis.com\/de\/informationen\/foerderfaehige-projekte\/","title":{"rendered":"F\u00f6rderf\u00e4hige Projekte"},"content":{"rendered":"\n<p>Wir suchen regelm\u00e4\u00dfig f\u00f6rderf\u00e4hige Projekte. Grundvoraussetzung ist ein Bezug des Projektes zu Italien. Das bedeutet, dass wir besondere Projekte gerne kostenfrei auf diesem Portal vorstellen. F\u00f6rderf\u00e4hige Projekte k\u00f6nnen solche sein, welche die F\u00f6rderung von Jugendlichen oder Behinderten oder die Integration von Ausl\u00e4ndern als Ziel haben, Die Themen k\u00f6nnen dabei ganz unterschiedlich sein. <\/p>\n\n\n\n<p>Nehmen sie mit uns Kontakt auf und senden sie uns eine kurze Beschreibung ihres Projektes per E-Mail, damit wir uns ein besseres Bild von ihrem Vorhaben machen k\u00f6nnen. Die Beschreibung sollte dabei 1.000 W\u00f6rter nicht \u00fcberschreiten. Ein Gremium von Fachleuten entscheidet dann \u00fcber die F\u00f6rderf\u00e4higkeit. Ein Rechtsanspruch auf kostenfreie Ver\u00f6ffentlichung besteht nicht.  <\/p>\n\n\n\n<figure class=\"wp-block-image size-large\"><img fetchpriority=\"high\" decoding=\"async\" width=\"1024\" height=\"768\" src=\"https:\/\/revitapolis.com\/wp-content\/uploads\/2023\/03\/hands-1917895_1920-1024x768.png\" alt=\"\" class=\"wp-image-3614\" srcset=\"https:\/\/revitapolis.com\/wp-content\/uploads\/2023\/03\/hands-1917895_1920-1024x768.png 1024w, https:\/\/revitapolis.com\/wp-content\/uploads\/2023\/03\/hands-1917895_1920-300x225.png 300w, https:\/\/revitapolis.com\/wp-content\/uploads\/2023\/03\/hands-1917895_1920-768x576.png 768w, https:\/\/revitapolis.com\/wp-content\/uploads\/2023\/03\/hands-1917895_1920-1536x1152.png 1536w, https:\/\/revitapolis.com\/wp-content\/uploads\/2023\/03\/hands-1917895_1920.png 1920w\" sizes=\"(max-width: 1024px) 100vw, 1024px\" \/><\/figure>\n","protected":false},"excerpt":{"rendered":"<p>Wir suchen regelm\u00e4\u00dfig f\u00f6rderf\u00e4hige Projekte. Grundvoraussetzung ist ein Bezug des Projektes zu Italien. Das bedeutet, dass wir besondere Projekte gerne kostenfrei auf diesem Portal vorstellen. F\u00f6rderf\u00e4hige Projekte k\u00f6nnen solche sein, welche die F\u00f6rderung von Jugendlichen oder Behinderten oder die Integration von Ausl\u00e4ndern als Ziel haben, Die Themen k\u00f6nnen dabei ganz unterschiedlich sein. Nehmen sie mit [&hellip;]<\/p>\n","protected":false},"author":1,"featured_media":0,"parent":1269,"menu_order":0,"comment_status":"closed","ping_status":"closed","template":"","meta":{"_acf_changed":false,"om_disable_all_campaigns":false,"_monsterinsights_skip_tracking":false,"_monsterinsights_sitenote_active":false,"_monsterinsights_sitenote_note":"","_monsterinsights_sitenote_category":0,"ocean_post_layout":"","ocean_both_sidebars_style":"","ocean_both_sidebars_content_width":0,"ocean_both_sidebars_sidebars_width":0,"ocean_sidebar":"0","ocean_second_sidebar":"0","ocean_disable_margins":"enable","ocean_add_body_class":"","ocean_shortcode_before_top_bar":"","ocean_shortcode_after_top_bar":"","ocean_shortcode_before_header":"","ocean_shortcode_after_header":"","ocean_has_shortcode":"","ocean_shortcode_after_title":"","ocean_shortcode_before_footer_widgets":"","ocean_shortcode_after_footer_widgets":"","ocean_shortcode_before_footer_bottom":"","ocean_shortcode_after_footer_bottom":"","ocean_display_top_bar":"default","ocean_display_header":"default","ocean_header_style":"","ocean_center_header_left_menu":"0","ocean_custom_header_template":"0","ocean_custom_logo":0,"ocean_custom_retina_logo":0,"ocean_custom_logo_max_width":0,"ocean_custom_logo_tablet_max_width":0,"ocean_custom_logo_mobile_max_width":0,"ocean_custom_logo_max_height":0,"ocean_custom_logo_tablet_max_height":0,"ocean_custom_logo_mobile_max_height":0,"ocean_header_custom_menu":"0","ocean_menu_typo_font_family":"0","ocean_menu_typo_font_subset":"","ocean_menu_typo_font_size":0,"ocean_menu_typo_font_size_tablet":0,"ocean_menu_typo_font_size_mobile":0,"ocean_menu_typo_font_size_unit":"px","ocean_menu_typo_font_weight":"","ocean_menu_typo_font_weight_tablet":"","ocean_menu_typo_font_weight_mobile":"","ocean_menu_typo_transform":"","ocean_menu_typo_transform_tablet":"","ocean_menu_typo_transform_mobile":"","ocean_menu_typo_line_height":0,"ocean_menu_typo_line_height_tablet":0,"ocean_menu_typo_line_height_mobile":0,"ocean_menu_typo_line_height_unit":"","ocean_menu_typo_spacing":0,"ocean_menu_typo_spacing_tablet":0,"ocean_menu_typo_spacing_mobile":0,"ocean_menu_typo_spacing_unit":"","ocean_menu_link_color":"","ocean_menu_link_color_hover":"","ocean_menu_link_color_active":"","ocean_menu_link_background":"","ocean_menu_link_hover_background":"","ocean_menu_link_active_background":"","ocean_menu_social_links_bg":"","ocean_menu_social_hover_links_bg":"","ocean_menu_social_links_color":"","ocean_menu_social_hover_links_color":"","ocean_disable_title":"default","ocean_disable_heading":"default","ocean_post_title":"","ocean_post_subheading":"","ocean_post_title_style":"","ocean_post_title_background_color":"","ocean_post_title_background":0,"ocean_post_title_bg_image_position":"","ocean_post_title_bg_image_attachment":"","ocean_post_title_bg_image_repeat":"","ocean_post_title_bg_image_size":"","ocean_post_title_height":0,"ocean_post_title_bg_overlay":0.5,"ocean_post_title_bg_overlay_color":"","ocean_disable_breadcrumbs":"default","ocean_breadcrumbs_color":"","ocean_breadcrumbs_separator_color":"","ocean_breadcrumbs_links_color":"","ocean_breadcrumbs_links_hover_color":"","ocean_display_footer_widgets":"default","ocean_display_footer_bottom":"default","ocean_custom_footer_template":"0","footnotes":""},"class_list":["post-1527","page","type-page","status-publish","hentry","entry"],"acf":[],"yoast_head":"<!-- This site is optimized with the Yoast SEO plugin v27.3 - https:\/\/yoast.com\/product\/yoast-seo-wordpress\/ -->\n<title>F\u00f6rderf\u00e4hige Projekte - Revitapolis<\/title>\n<meta name=\"description\" content=\"Wir suchen regelm\u00e4\u00dfig f\u00f6rderf\u00e4hige Projekte mit Bezug zu Italien, die wir gerne kostenfrei auf diesem Portal vorstellen.\" \/>\n<meta name=\"robots\" content=\"index, follow, max-snippet:-1, max-image-preview:large, max-video-preview:-1\" \/>\n<link rel=\"canonical\" href=\"https:\/\/revitapolis.com\/de\/informationen\/foerderfaehige-projekte\/\" \/>\n<meta property=\"og:locale\" content=\"de_DE\" \/>\n<meta property=\"og:type\" content=\"article\" \/>\n<meta property=\"og:title\" content=\"F\u00f6rderf\u00e4hige Projekte - Revitapolis\" \/>\n<meta property=\"og:description\" content=\"Wir suchen regelm\u00e4\u00dfig f\u00f6rderf\u00e4hige Projekte mit Bezug zu Italien, die wir gerne kostenfrei auf diesem Portal vorstellen.\" \/>\n<meta property=\"og:url\" content=\"https:\/\/revitapolis.com\/de\/informationen\/foerderfaehige-projekte\/\" \/>\n<meta property=\"og:site_name\" content=\"Revitapolis\" \/>\n<meta property=\"article:modified_time\" content=\"2024-05-02T06:06:53+00:00\" \/>\n<meta property=\"og:image\" content=\"https:\/\/revitapolis.com\/wp-content\/uploads\/2023\/03\/hands-1917895_1920-1024x768.png\" \/>\n<meta name=\"twitter:card\" content=\"summary_large_image\" \/>\n<meta name=\"twitter:label1\" content=\"Gesch\u00e4tzte Lesezeit\" \/>\n\t<meta name=\"twitter:data1\" content=\"1\u00a0Minute\" \/>\n<script type=\"application\/ld+json\" class=\"yoast-schema-graph\">{\"@context\":\"https:\\\/\\\/schema.org\",\"@graph\":[{\"@type\":\"WebPage\",\"@id\":\"https:\\\/\\\/revitapolis.com\\\/de\\\/informationen\\\/foerderfaehige-projekte\\\/\",\"url\":\"https:\\\/\\\/revitapolis.com\\\/de\\\/informationen\\\/foerderfaehige-projekte\\\/\",\"name\":\"F\u00f6rderf\u00e4hige Projekte - Revitapolis\",\"isPartOf\":{\"@id\":\"https:\\\/\\\/revitapolis.com\\\/de\\\/#website\"},\"primaryImageOfPage\":{\"@id\":\"https:\\\/\\\/revitapolis.com\\\/de\\\/informationen\\\/foerderfaehige-projekte\\\/#primaryimage\"},\"image\":{\"@id\":\"https:\\\/\\\/revitapolis.com\\\/de\\\/informationen\\\/foerderfaehige-projekte\\\/#primaryimage\"},\"thumbnailUrl\":\"https:\\\/\\\/revitapolis.com\\\/wp-content\\\/uploads\\\/2023\\\/03\\\/hands-1917895_1920-1024x768.png\",\"datePublished\":\"2022-05-05T09:11:50+00:00\",\"dateModified\":\"2024-05-02T06:06:53+00:00\",\"description\":\"Wir suchen regelm\u00e4\u00dfig f\u00f6rderf\u00e4hige Projekte mit Bezug zu Italien, die wir gerne kostenfrei auf diesem Portal vorstellen.\",\"breadcrumb\":{\"@id\":\"https:\\\/\\\/revitapolis.com\\\/de\\\/informationen\\\/foerderfaehige-projekte\\\/#breadcrumb\"},\"inLanguage\":\"de\",\"potentialAction\":[{\"@type\":\"ReadAction\",\"target\":[\"https:\\\/\\\/revitapolis.com\\\/de\\\/informationen\\\/foerderfaehige-projekte\\\/\"]}]},{\"@type\":\"ImageObject\",\"inLanguage\":\"de\",\"@id\":\"https:\\\/\\\/revitapolis.com\\\/de\\\/informationen\\\/foerderfaehige-projekte\\\/#primaryimage\",\"url\":\"https:\\\/\\\/revitapolis.com\\\/wp-content\\\/uploads\\\/2023\\\/03\\\/hands-1917895_1920-1024x768.png\",\"contentUrl\":\"https:\\\/\\\/revitapolis.com\\\/wp-content\\\/uploads\\\/2023\\\/03\\\/hands-1917895_1920-1024x768.png\"},{\"@type\":\"BreadcrumbList\",\"@id\":\"https:\\\/\\\/revitapolis.com\\\/de\\\/informationen\\\/foerderfaehige-projekte\\\/#breadcrumb\",\"itemListElement\":[{\"@type\":\"ListItem\",\"position\":1,\"name\":\"Startseite\",\"item\":\"https:\\\/\\\/revitapolis.com\\\/de\\\/\"},{\"@type\":\"ListItem\",\"position\":2,\"name\":\"Informationen\",\"item\":\"https:\\\/\\\/revitapolis.com\\\/de\\\/informationen\\\/\"},{\"@type\":\"ListItem\",\"position\":3,\"name\":\"F\u00f6rderf\u00e4hige Projekte\"}]},{\"@type\":\"WebSite\",\"@id\":\"https:\\\/\\\/revitapolis.com\\\/de\\\/#website\",\"url\":\"https:\\\/\\\/revitapolis.com\\\/de\\\/\",\"name\":\"Revitapolis\",\"description\":\"Wiederbelebung italienischer Orte\",\"publisher\":{\"@id\":\"https:\\\/\\\/revitapolis.com\\\/de\\\/#organization\"},\"potentialAction\":[{\"@type\":\"SearchAction\",\"target\":{\"@type\":\"EntryPoint\",\"urlTemplate\":\"https:\\\/\\\/revitapolis.com\\\/de\\\/?s={search_term_string}\"},\"query-input\":{\"@type\":\"PropertyValueSpecification\",\"valueRequired\":true,\"valueName\":\"search_term_string\"}}],\"inLanguage\":\"de\"},{\"@type\":\"Organization\",\"@id\":\"https:\\\/\\\/revitapolis.com\\\/de\\\/#organization\",\"name\":\"Revitapolis\",\"url\":\"https:\\\/\\\/revitapolis.com\\\/de\\\/\",\"logo\":{\"@type\":\"ImageObject\",\"inLanguage\":\"de\",\"@id\":\"https:\\\/\\\/revitapolis.com\\\/de\\\/#\\\/schema\\\/logo\\\/image\\\/\",\"url\":\"https:\\\/\\\/revitapolis.com\\\/wp-content\\\/uploads\\\/2022\\\/03\\\/cropped-logo-revitapolis.jpg\",\"contentUrl\":\"https:\\\/\\\/revitapolis.com\\\/wp-content\\\/uploads\\\/2022\\\/03\\\/cropped-logo-revitapolis.jpg\",\"width\":200,\"height\":91,\"caption\":\"Revitapolis\"},\"image\":{\"@id\":\"https:\\\/\\\/revitapolis.com\\\/de\\\/#\\\/schema\\\/logo\\\/image\\\/\"}}]}<\/script>\n<!-- \/ Yoast SEO plugin. -->","yoast_head_json":{"title":"F\u00f6rderf\u00e4hige Projekte - Revitapolis","description":"Wir suchen regelm\u00e4\u00dfig f\u00f6rderf\u00e4hige Projekte mit Bezug zu Italien, die wir gerne kostenfrei auf diesem Portal vorstellen.","robots":{"index":"index","follow":"follow","max-snippet":"max-snippet:-1","max-image-preview":"max-image-preview:large","max-video-preview":"max-video-preview:-1"},"canonical":"https:\/\/revitapolis.com\/de\/informationen\/foerderfaehige-projekte\/","og_locale":"de_DE","og_type":"article","og_title":"F\u00f6rderf\u00e4hige Projekte - Revitapolis","og_description":"Wir suchen regelm\u00e4\u00dfig f\u00f6rderf\u00e4hige Projekte mit Bezug zu Italien, die wir gerne kostenfrei auf diesem Portal vorstellen.","og_url":"https:\/\/revitapolis.com\/de\/informationen\/foerderfaehige-projekte\/","og_site_name":"Revitapolis","article_modified_time":"2024-05-02T06:06:53+00:00","og_image":[{"url":"https:\/\/revitapolis.com\/wp-content\/uploads\/2023\/03\/hands-1917895_1920-1024x768.png","type":"","width":"","height":""}],"twitter_card":"summary_large_image","twitter_misc":{"Gesch\u00e4tzte Lesezeit":"1\u00a0Minute"},"schema":{"@context":"https:\/\/schema.org","@graph":[{"@type":"WebPage","@id":"https:\/\/revitapolis.com\/de\/informationen\/foerderfaehige-projekte\/","url":"https:\/\/revitapolis.com\/de\/informationen\/foerderfaehige-projekte\/","name":"F\u00f6rderf\u00e4hige Projekte - Revitapolis","isPartOf":{"@id":"https:\/\/revitapolis.com\/de\/#website"},"primaryImageOfPage":{"@id":"https:\/\/revitapolis.com\/de\/informationen\/foerderfaehige-projekte\/#primaryimage"},"image":{"@id":"https:\/\/revitapolis.com\/de\/informationen\/foerderfaehige-projekte\/#primaryimage"},"thumbnailUrl":"https:\/\/revitapolis.com\/wp-content\/uploads\/2023\/03\/hands-1917895_1920-1024x768.png","datePublished":"2022-05-05T09:11:50+00:00","dateModified":"2024-05-02T06:06:53+00:00","description":"Wir suchen regelm\u00e4\u00dfig f\u00f6rderf\u00e4hige Projekte mit Bezug zu Italien, die wir gerne kostenfrei auf diesem Portal vorstellen.","breadcrumb":{"@id":"https:\/\/revitapolis.com\/de\/informationen\/foerderfaehige-projekte\/#breadcrumb"},"inLanguage":"de","potentialAction":[{"@type":"ReadAction","target":["https:\/\/revitapolis.com\/de\/informationen\/foerderfaehige-projekte\/"]}]},{"@type":"ImageObject","inLanguage":"de","@id":"https:\/\/revitapolis.com\/de\/informationen\/foerderfaehige-projekte\/#primaryimage","url":"https:\/\/revitapolis.com\/wp-content\/uploads\/2023\/03\/hands-1917895_1920-1024x768.png","contentUrl":"https:\/\/revitapolis.com\/wp-content\/uploads\/2023\/03\/hands-1917895_1920-1024x768.png"},{"@type":"BreadcrumbList","@id":"https:\/\/revitapolis.com\/de\/informationen\/foerderfaehige-projekte\/#breadcrumb","itemListElement":[{"@type":"ListItem","position":1,"name":"Startseite","item":"https:\/\/revitapolis.com\/de\/"},{"@type":"ListItem","position":2,"name":"Informationen","item":"https:\/\/revitapolis.com\/de\/informationen\/"},{"@type":"ListItem","position":3,"name":"F\u00f6rderf\u00e4hige Projekte"}]},{"@type":"WebSite","@id":"https:\/\/revitapolis.com\/de\/#website","url":"https:\/\/revitapolis.com\/de\/","name":"Revitapolis","description":"Wiederbelebung italienischer Orte","publisher":{"@id":"https:\/\/revitapolis.com\/de\/#organization"},"potentialAction":[{"@type":"SearchAction","target":{"@type":"EntryPoint","urlTemplate":"https:\/\/revitapolis.com\/de\/?s={search_term_string}"},"query-input":{"@type":"PropertyValueSpecification","valueRequired":true,"valueName":"search_term_string"}}],"inLanguage":"de"},{"@type":"Organization","@id":"https:\/\/revitapolis.com\/de\/#organization","name":"Revitapolis","url":"https:\/\/revitapolis.com\/de\/","logo":{"@type":"ImageObject","inLanguage":"de","@id":"https:\/\/revitapolis.com\/de\/#\/schema\/logo\/image\/","url":"https:\/\/revitapolis.com\/wp-content\/uploads\/2022\/03\/cropped-logo-revitapolis.jpg","contentUrl":"https:\/\/revitapolis.com\/wp-content\/uploads\/2022\/03\/cropped-logo-revitapolis.jpg","width":200,"height":91,"caption":"Revitapolis"},"image":{"@id":"https:\/\/revitapolis.com\/de\/#\/schema\/logo\/image\/"}}]}},"_links":{"self":[{"href":"https:\/\/revitapolis.com\/de\/wp-json\/wp\/v2\/pages\/1527","targetHints":{"allow":["GET"]}}],"collection":[{"href":"https:\/\/revitapolis.com\/de\/wp-json\/wp\/v2\/pages"}],"about":[{"href":"https:\/\/revitapolis.com\/de\/wp-json\/wp\/v2\/types\/page"}],"author":[{"embeddable":true,"href":"https:\/\/revitapolis.com\/de\/wp-json\/wp\/v2\/users\/1"}],"replies":[{"embeddable":true,"href":"https:\/\/revitapolis.com\/de\/wp-json\/wp\/v2\/comments?post=1527"}],"version-history":[{"count":3,"href":"https:\/\/revitapolis.com\/de\/wp-json\/wp\/v2\/pages\/1527\/revisions"}],"predecessor-version":[{"id":3617,"href":"https:\/\/revitapolis.com\/de\/wp-json\/wp\/v2\/pages\/1527\/revisions\/3617"}],"up":[{"embeddable":true,"href":"https:\/\/revitapolis.com\/de\/wp-json\/wp\/v2\/pages\/1269"}],"wp:attachment":[{"href":"https:\/\/revitapolis.com\/de\/wp-json\/wp\/v2\/media?parent=1527"}],"curies":[{"name":"wp","href":"https:\/\/api.w.org\/{rel}","templated":true}]}}