{"id":1308,"date":"2023-05-07T08:36:48","date_gmt":"2023-05-07T08:36:48","guid":{"rendered":"https:\/\/revitapolis.com\/?page_id=1308"},"modified":"2023-05-08T08:05:10","modified_gmt":"2023-05-08T08:05:10","slug":"stellenmarkt-in-italien","status":"publish","type":"page","link":"https:\/\/revitapolis.com\/de\/marktplatz\/stellenmarkt-in-italien\/","title":{"rendered":"Stellenmarkt in Italien"},"content":{"rendered":"\n<p>Willkommen bei unserem Online-Stellenmarkt f\u00fcr Italien. Hier finden Sie bald Ihren n\u00e4chsten Job in Italien! Nehmen Sie mit uns&nbsp;<a href=\"https:\/\/revitapolis.com\/kontakt\/\">Kontakt<\/a>&nbsp;auf, wenn Sie ein Inserat aufgeben wollen, egal ob Sie eine Stelle suchen oder anbieten.<\/p>\n\n\n\n<div style=\"height:33px\" aria-hidden=\"true\" class=\"wp-block-spacer\"><\/div>\n\n\n\n<h2 class=\"wp-block-heading\" style=\"font-size:30px\">Stellenmarkt &gt; Italien <\/h2>\n\n\n\n<p>Wir bieten an dieser Stelle bald eine umfangreiche Sammlung von Stellenangeboten in ganz Italien an. Die Stellenb\u00f6rse wird regelm\u00e4\u00dfig aktualisiert. So wird sichergestellt, dass Sie immer auf dem neuesten Stand sind. Zur Nutzung ein wichtiger Tipp: Sie k\u00f6nnen in der Suche auch mehrere Suchbegriffe verwenden, um so ihre Suche zu konkretisieren. Nutzen sie Suchbegriffe, wie z.B. <strong>&#8222;<\/strong>Stellenangebote Piemont (Region)&#8220; | &#8222;Stellenangebote Parma (Provinz)&#8220; | &#8222;Stellenangebote Bosio (Gemeinde)&#8220;<\/p>\n\n\n<form role=\"search\" method=\"get\" action=\"https:\/\/revitapolis.com\/de\/\" class=\"wp-block-search__button-outside wp-block-search__text-button wp-block-search\"    ><label class=\"wp-block-search__label\" for=\"wp-block-search__input-2\" >Suchen<\/label><div class=\"wp-block-search__inside-wrapper\" ><input class=\"wp-block-search__input\" id=\"wp-block-search__input-2\" placeholder=\"\" value=\"\" type=\"search\" name=\"s\" required \/><button aria-label=\"Suchen\" class=\"wp-block-search__button wp-element-button\" type=\"submit\" >Suchen<\/button><\/div><\/form>\n\n<style>.wp-block-kadence-spacer.kt-block-spacer-_e7fb2e-6d .kt-block-spacer{height:60px;}.wp-block-kadence-spacer.kt-block-spacer-_e7fb2e-6d .kt-divider{border-top-width:1px;height:1px;border-top-color:#eee;width:80%;border-top-style:solid;}<\/style>\n<div class=\"wp-block-kadence-spacer aligncenter kt-block-spacer-_e7fb2e-6d\"><div class=\"kt-block-spacer kt-block-spacer-halign-center\"><hr class=\"kt-divider\"\/><\/div><\/div>\n\n\n\n<p>Wir verstehen, dass gerade f\u00fcr Auswanderer die Suche nach dem perfekten Job in Italien eine Herausforderung sein kann. Deshalb haben wir unsere Website so gestaltet, dass sie einfach zu bedienen ist. Sie finden schnell und effizient die passenden Stellenangebote, die am besten zu Ihren F\u00e4higkeiten und Erfahrungen passen.<\/p>\n\n\n\n<p>Unsere Stellenanzeigen in Italien umfassen eine Vielzahl von Branchen und Berufen, darunter IT, Finanzen, Ingenieurwesen, Marketing, Vertrieb, Recht und vieles mehr. Ganz gleich, ob Sie in Rom, Mailand, Bologna, Florenz, Neapel oder einer anderen Stadt in Italien arbeiten m\u00f6chten, hier finden Sie bald die Stellenangebote, die Ihren Anforderungen entsprechen.<\/p>\n\n\n\n<p>Bringen Sie Ihre Karriere auf die n\u00e4chste Stufe!<\/p>\n\n\n\n<figure class=\"wp-block-image size-full\"><img fetchpriority=\"high\" decoding=\"async\" width=\"640\" height=\"427\" src=\"https:\/\/revitapolis.com\/wp-content\/uploads\/2023\/05\/laboratory-2815641_640.jpg\" alt=\"Stellenb\u00f6rse in Italien\" class=\"wp-image-4684\" srcset=\"https:\/\/revitapolis.com\/wp-content\/uploads\/2023\/05\/laboratory-2815641_640.jpg 640w, https:\/\/revitapolis.com\/wp-content\/uploads\/2023\/05\/laboratory-2815641_640-300x200.jpg 300w\" sizes=\"(max-width: 640px) 100vw, 640px\" \/><\/figure>\n\n\n\n<div style=\"height:10px\" aria-hidden=\"true\" class=\"wp-block-spacer\"><\/div>\n\n\n\n<hr class=\"wp-block-separator has-css-opacity\"\/>\n\n\n\n<div style=\"height:50px\" aria-hidden=\"true\" class=\"wp-block-spacer\"><\/div>\n\n\n\n<hr style=\"border: 0; height: 1px; background-image: linear-gradient(to right, rgba(0, 0, 0, 0), rgba(0, 0, 0, 0.75), rgba(0, 0, 0, 0));\">\n\n\n\n<p class=\"has-text-align-center\">WERBUNG A &#8211; WERBUNG B &#8211; WERBUNG C<\/p>\n\n\n\n<div style=\"height:50px\" aria-hidden=\"true\" class=\"wp-block-spacer\"><\/div>\n\n\n\n<p><\/p>\n","protected":false},"excerpt":{"rendered":"<p>Willkommen bei unserem Online-Stellenmarkt f\u00fcr Italien. Hier finden Sie bald Ihren n\u00e4chsten Job in Italien! Nehmen Sie mit uns&nbsp;Kontakt&nbsp;auf, wenn Sie ein Inserat aufgeben wollen, egal ob Sie eine Stelle suchen oder anbieten. Stellenmarkt &gt; Italien Wir bieten an dieser Stelle bald eine umfangreiche Sammlung von Stellenangeboten in ganz Italien an. Die Stellenb\u00f6rse wird regelm\u00e4\u00dfig [&hellip;]<\/p>\n","protected":false},"author":1,"featured_media":0,"parent":996,"menu_order":0,"comment_status":"closed","ping_status":"closed","template":"","meta":{"_acf_changed":false,"om_disable_all_campaigns":false,"_monsterinsights_skip_tracking":false,"_monsterinsights_sitenote_active":false,"_monsterinsights_sitenote_note":"","_monsterinsights_sitenote_category":0,"ocean_post_layout":"right-sidebar","ocean_both_sidebars_style":"","ocean_both_sidebars_content_width":0,"ocean_both_sidebars_sidebars_width":0,"ocean_sidebar":"sidebar","ocean_second_sidebar":"0","ocean_disable_margins":"enable","ocean_add_body_class":"","ocean_shortcode_before_top_bar":"","ocean_shortcode_after_top_bar":"","ocean_shortcode_before_header":"","ocean_shortcode_after_header":"","ocean_has_shortcode":"","ocean_shortcode_after_title":"","ocean_shortcode_before_footer_widgets":"","ocean_shortcode_after_footer_widgets":"","ocean_shortcode_before_footer_bottom":"","ocean_shortcode_after_footer_bottom":"","ocean_display_top_bar":"default","ocean_display_header":"default","ocean_header_style":"","ocean_center_header_left_menu":"0","ocean_custom_header_template":"0","ocean_custom_logo":0,"ocean_custom_retina_logo":0,"ocean_custom_logo_max_width":0,"ocean_custom_logo_tablet_max_width":0,"ocean_custom_logo_mobile_max_width":0,"ocean_custom_logo_max_height":0,"ocean_custom_logo_tablet_max_height":0,"ocean_custom_logo_mobile_max_height":0,"ocean_header_custom_menu":"0","ocean_menu_typo_font_family":"0","ocean_menu_typo_font_subset":"","ocean_menu_typo_font_size":0,"ocean_menu_typo_font_size_tablet":0,"ocean_menu_typo_font_size_mobile":0,"ocean_menu_typo_font_size_unit":"px","ocean_menu_typo_font_weight":"","ocean_menu_typo_font_weight_tablet":"","ocean_menu_typo_font_weight_mobile":"","ocean_menu_typo_transform":"","ocean_menu_typo_transform_tablet":"","ocean_menu_typo_transform_mobile":"","ocean_menu_typo_line_height":0,"ocean_menu_typo_line_height_tablet":0,"ocean_menu_typo_line_height_mobile":0,"ocean_menu_typo_line_height_unit":"","ocean_menu_typo_spacing":0,"ocean_menu_typo_spacing_tablet":0,"ocean_menu_typo_spacing_mobile":0,"ocean_menu_typo_spacing_unit":"","ocean_menu_link_color":"","ocean_menu_link_color_hover":"","ocean_menu_link_color_active":"","ocean_menu_link_background":"","ocean_menu_link_hover_background":"","ocean_menu_link_active_background":"","ocean_menu_social_links_bg":"","ocean_menu_social_hover_links_bg":"","ocean_menu_social_links_color":"","ocean_menu_social_hover_links_color":"","ocean_disable_title":"default","ocean_disable_heading":"default","ocean_post_title":"","ocean_post_subheading":"","ocean_post_title_style":"","ocean_post_title_background_color":"","ocean_post_title_background":0,"ocean_post_title_bg_image_position":"","ocean_post_title_bg_image_attachment":"","ocean_post_title_bg_image_repeat":"","ocean_post_title_bg_image_size":"","ocean_post_title_height":0,"ocean_post_title_bg_overlay":0.5,"ocean_post_title_bg_overlay_color":"","ocean_disable_breadcrumbs":"default","ocean_breadcrumbs_color":"","ocean_breadcrumbs_separator_color":"","ocean_breadcrumbs_links_color":"","ocean_breadcrumbs_links_hover_color":"","ocean_display_footer_widgets":"default","ocean_display_footer_bottom":"default","ocean_custom_footer_template":"0","footnotes":""},"class_list":["post-1308","page","type-page","status-publish","hentry","entry"],"acf":[],"yoast_head":"<!-- This site is optimized with the Yoast SEO plugin v27.3 - https:\/\/yoast.com\/product\/yoast-seo-wordpress\/ -->\n<title>Stellenmarkt in Italien - Revitapolis<\/title>\n<meta name=\"description\" content=\"In unserem Stellenmarkt finden Arbeitssuchende Unternehmen mit Sitz in Italien, die offene Stellen zu besetzen haben.\" \/>\n<meta name=\"robots\" content=\"index, follow, max-snippet:-1, max-image-preview:large, max-video-preview:-1\" \/>\n<link rel=\"canonical\" href=\"https:\/\/revitapolis.com\/de\/marktplatz\/stellenmarkt-in-italien\/\" \/>\n<meta property=\"og:locale\" content=\"de_DE\" \/>\n<meta property=\"og:type\" content=\"article\" \/>\n<meta property=\"og:title\" content=\"Stellenmarkt in Italien - Revitapolis\" \/>\n<meta property=\"og:description\" content=\"In unserem Stellenmarkt finden Arbeitssuchende Unternehmen mit Sitz in Italien, die offene Stellen zu besetzen haben.\" \/>\n<meta property=\"og:url\" content=\"https:\/\/revitapolis.com\/de\/marktplatz\/stellenmarkt-in-italien\/\" \/>\n<meta property=\"og:site_name\" content=\"Revitapolis\" \/>\n<meta property=\"article:modified_time\" content=\"2023-05-08T08:05:10+00:00\" \/>\n<meta property=\"og:image\" content=\"https:\/\/revitapolis.com\/wp-content\/uploads\/2023\/05\/laboratory-2815641_640.jpg\" \/>\n<meta name=\"twitter:card\" content=\"summary_large_image\" \/>\n<meta name=\"twitter:label1\" content=\"Gesch\u00e4tzte Lesezeit\" \/>\n\t<meta name=\"twitter:data1\" content=\"2\u00a0Minuten\" \/>\n<script type=\"application\/ld+json\" class=\"yoast-schema-graph\">{\"@context\":\"https:\\\/\\\/schema.org\",\"@graph\":[{\"@type\":\"WebPage\",\"@id\":\"https:\\\/\\\/revitapolis.com\\\/de\\\/marktplatz\\\/stellenmarkt-in-italien\\\/\",\"url\":\"https:\\\/\\\/revitapolis.com\\\/de\\\/marktplatz\\\/stellenmarkt-in-italien\\\/\",\"name\":\"Stellenmarkt in Italien - Revitapolis\",\"isPartOf\":{\"@id\":\"https:\\\/\\\/revitapolis.com\\\/de\\\/#website\"},\"primaryImageOfPage\":{\"@id\":\"https:\\\/\\\/revitapolis.com\\\/de\\\/marktplatz\\\/stellenmarkt-in-italien\\\/#primaryimage\"},\"image\":{\"@id\":\"https:\\\/\\\/revitapolis.com\\\/de\\\/marktplatz\\\/stellenmarkt-in-italien\\\/#primaryimage\"},\"thumbnailUrl\":\"https:\\\/\\\/revitapolis.com\\\/wp-content\\\/uploads\\\/2023\\\/05\\\/laboratory-2815641_640.jpg\",\"datePublished\":\"2023-05-07T08:36:48+00:00\",\"dateModified\":\"2023-05-08T08:05:10+00:00\",\"description\":\"In unserem Stellenmarkt finden Arbeitssuchende Unternehmen mit Sitz in Italien, die offene Stellen zu besetzen haben.\",\"breadcrumb\":{\"@id\":\"https:\\\/\\\/revitapolis.com\\\/de\\\/marktplatz\\\/stellenmarkt-in-italien\\\/#breadcrumb\"},\"inLanguage\":\"de\",\"potentialAction\":[{\"@type\":\"ReadAction\",\"target\":[\"https:\\\/\\\/revitapolis.com\\\/de\\\/marktplatz\\\/stellenmarkt-in-italien\\\/\"]}]},{\"@type\":\"ImageObject\",\"inLanguage\":\"de\",\"@id\":\"https:\\\/\\\/revitapolis.com\\\/de\\\/marktplatz\\\/stellenmarkt-in-italien\\\/#primaryimage\",\"url\":\"https:\\\/\\\/revitapolis.com\\\/wp-content\\\/uploads\\\/2023\\\/05\\\/laboratory-2815641_640.jpg\",\"contentUrl\":\"https:\\\/\\\/revitapolis.com\\\/wp-content\\\/uploads\\\/2023\\\/05\\\/laboratory-2815641_640.jpg\"},{\"@type\":\"BreadcrumbList\",\"@id\":\"https:\\\/\\\/revitapolis.com\\\/de\\\/marktplatz\\\/stellenmarkt-in-italien\\\/#breadcrumb\",\"itemListElement\":[{\"@type\":\"ListItem\",\"position\":1,\"name\":\"Startseite\",\"item\":\"https:\\\/\\\/revitapolis.com\\\/de\\\/\"},{\"@type\":\"ListItem\",\"position\":2,\"name\":\"Marktplatz\",\"item\":\"https:\\\/\\\/revitapolis.com\\\/de\\\/marktplatz\\\/\"},{\"@type\":\"ListItem\",\"position\":3,\"name\":\"Stellenmarkt in Italien\"}]},{\"@type\":\"WebSite\",\"@id\":\"https:\\\/\\\/revitapolis.com\\\/de\\\/#website\",\"url\":\"https:\\\/\\\/revitapolis.com\\\/de\\\/\",\"name\":\"Revitapolis\",\"description\":\"Wiederbelebung italienischer Orte\",\"publisher\":{\"@id\":\"https:\\\/\\\/revitapolis.com\\\/de\\\/#organization\"},\"potentialAction\":[{\"@type\":\"SearchAction\",\"target\":{\"@type\":\"EntryPoint\",\"urlTemplate\":\"https:\\\/\\\/revitapolis.com\\\/de\\\/?s={search_term_string}\"},\"query-input\":{\"@type\":\"PropertyValueSpecification\",\"valueRequired\":true,\"valueName\":\"search_term_string\"}}],\"inLanguage\":\"de\"},{\"@type\":\"Organization\",\"@id\":\"https:\\\/\\\/revitapolis.com\\\/de\\\/#organization\",\"name\":\"Revitapolis\",\"url\":\"https:\\\/\\\/revitapolis.com\\\/de\\\/\",\"logo\":{\"@type\":\"ImageObject\",\"inLanguage\":\"de\",\"@id\":\"https:\\\/\\\/revitapolis.com\\\/de\\\/#\\\/schema\\\/logo\\\/image\\\/\",\"url\":\"https:\\\/\\\/revitapolis.com\\\/wp-content\\\/uploads\\\/2022\\\/03\\\/cropped-logo-revitapolis.jpg\",\"contentUrl\":\"https:\\\/\\\/revitapolis.com\\\/wp-content\\\/uploads\\\/2022\\\/03\\\/cropped-logo-revitapolis.jpg\",\"width\":200,\"height\":91,\"caption\":\"Revitapolis\"},\"image\":{\"@id\":\"https:\\\/\\\/revitapolis.com\\\/de\\\/#\\\/schema\\\/logo\\\/image\\\/\"}}]}<\/script>\n<!-- \/ Yoast SEO plugin. -->","yoast_head_json":{"title":"Stellenmarkt in Italien - Revitapolis","description":"In unserem Stellenmarkt finden Arbeitssuchende Unternehmen mit Sitz in Italien, die offene Stellen zu besetzen haben.","robots":{"index":"index","follow":"follow","max-snippet":"max-snippet:-1","max-image-preview":"max-image-preview:large","max-video-preview":"max-video-preview:-1"},"canonical":"https:\/\/revitapolis.com\/de\/marktplatz\/stellenmarkt-in-italien\/","og_locale":"de_DE","og_type":"article","og_title":"Stellenmarkt in Italien - Revitapolis","og_description":"In unserem Stellenmarkt finden Arbeitssuchende Unternehmen mit Sitz in Italien, die offene Stellen zu besetzen haben.","og_url":"https:\/\/revitapolis.com\/de\/marktplatz\/stellenmarkt-in-italien\/","og_site_name":"Revitapolis","article_modified_time":"2023-05-08T08:05:10+00:00","og_image":[{"url":"https:\/\/revitapolis.com\/wp-content\/uploads\/2023\/05\/laboratory-2815641_640.jpg","type":"","width":"","height":""}],"twitter_card":"summary_large_image","twitter_misc":{"Gesch\u00e4tzte Lesezeit":"2\u00a0Minuten"},"schema":{"@context":"https:\/\/schema.org","@graph":[{"@type":"WebPage","@id":"https:\/\/revitapolis.com\/de\/marktplatz\/stellenmarkt-in-italien\/","url":"https:\/\/revitapolis.com\/de\/marktplatz\/stellenmarkt-in-italien\/","name":"Stellenmarkt in Italien - Revitapolis","isPartOf":{"@id":"https:\/\/revitapolis.com\/de\/#website"},"primaryImageOfPage":{"@id":"https:\/\/revitapolis.com\/de\/marktplatz\/stellenmarkt-in-italien\/#primaryimage"},"image":{"@id":"https:\/\/revitapolis.com\/de\/marktplatz\/stellenmarkt-in-italien\/#primaryimage"},"thumbnailUrl":"https:\/\/revitapolis.com\/wp-content\/uploads\/2023\/05\/laboratory-2815641_640.jpg","datePublished":"2023-05-07T08:36:48+00:00","dateModified":"2023-05-08T08:05:10+00:00","description":"In unserem Stellenmarkt finden Arbeitssuchende Unternehmen mit Sitz in Italien, die offene Stellen zu besetzen haben.","breadcrumb":{"@id":"https:\/\/revitapolis.com\/de\/marktplatz\/stellenmarkt-in-italien\/#breadcrumb"},"inLanguage":"de","potentialAction":[{"@type":"ReadAction","target":["https:\/\/revitapolis.com\/de\/marktplatz\/stellenmarkt-in-italien\/"]}]},{"@type":"ImageObject","inLanguage":"de","@id":"https:\/\/revitapolis.com\/de\/marktplatz\/stellenmarkt-in-italien\/#primaryimage","url":"https:\/\/revitapolis.com\/wp-content\/uploads\/2023\/05\/laboratory-2815641_640.jpg","contentUrl":"https:\/\/revitapolis.com\/wp-content\/uploads\/2023\/05\/laboratory-2815641_640.jpg"},{"@type":"BreadcrumbList","@id":"https:\/\/revitapolis.com\/de\/marktplatz\/stellenmarkt-in-italien\/#breadcrumb","itemListElement":[{"@type":"ListItem","position":1,"name":"Startseite","item":"https:\/\/revitapolis.com\/de\/"},{"@type":"ListItem","position":2,"name":"Marktplatz","item":"https:\/\/revitapolis.com\/de\/marktplatz\/"},{"@type":"ListItem","position":3,"name":"Stellenmarkt in Italien"}]},{"@type":"WebSite","@id":"https:\/\/revitapolis.com\/de\/#website","url":"https:\/\/revitapolis.com\/de\/","name":"Revitapolis","description":"Wiederbelebung italienischer Orte","publisher":{"@id":"https:\/\/revitapolis.com\/de\/#organization"},"potentialAction":[{"@type":"SearchAction","target":{"@type":"EntryPoint","urlTemplate":"https:\/\/revitapolis.com\/de\/?s={search_term_string}"},"query-input":{"@type":"PropertyValueSpecification","valueRequired":true,"valueName":"search_term_string"}}],"inLanguage":"de"},{"@type":"Organization","@id":"https:\/\/revitapolis.com\/de\/#organization","name":"Revitapolis","url":"https:\/\/revitapolis.com\/de\/","logo":{"@type":"ImageObject","inLanguage":"de","@id":"https:\/\/revitapolis.com\/de\/#\/schema\/logo\/image\/","url":"https:\/\/revitapolis.com\/wp-content\/uploads\/2022\/03\/cropped-logo-revitapolis.jpg","contentUrl":"https:\/\/revitapolis.com\/wp-content\/uploads\/2022\/03\/cropped-logo-revitapolis.jpg","width":200,"height":91,"caption":"Revitapolis"},"image":{"@id":"https:\/\/revitapolis.com\/de\/#\/schema\/logo\/image\/"}}]}},"_links":{"self":[{"href":"https:\/\/revitapolis.com\/de\/wp-json\/wp\/v2\/pages\/1308","targetHints":{"allow":["GET"]}}],"collection":[{"href":"https:\/\/revitapolis.com\/de\/wp-json\/wp\/v2\/pages"}],"about":[{"href":"https:\/\/revitapolis.com\/de\/wp-json\/wp\/v2\/types\/page"}],"author":[{"embeddable":true,"href":"https:\/\/revitapolis.com\/de\/wp-json\/wp\/v2\/users\/1"}],"replies":[{"embeddable":true,"href":"https:\/\/revitapolis.com\/de\/wp-json\/wp\/v2\/comments?post=1308"}],"version-history":[{"count":11,"href":"https:\/\/revitapolis.com\/de\/wp-json\/wp\/v2\/pages\/1308\/revisions"}],"predecessor-version":[{"id":4710,"href":"https:\/\/revitapolis.com\/de\/wp-json\/wp\/v2\/pages\/1308\/revisions\/4710"}],"up":[{"embeddable":true,"href":"https:\/\/revitapolis.com\/de\/wp-json\/wp\/v2\/pages\/996"}],"wp:attachment":[{"href":"https:\/\/revitapolis.com\/de\/wp-json\/wp\/v2\/media?parent=1308"}],"curies":[{"name":"wp","href":"https:\/\/api.w.org\/{rel}","templated":true}]}}