{"id":1306,"date":"2023-05-08T06:25:47","date_gmt":"2023-05-08T06:25:47","guid":{"rendered":"https:\/\/revitapolis.com\/?page_id=1306"},"modified":"2023-05-08T08:05:13","modified_gmt":"2023-05-08T08:05:13","slug":"unternehmen-in-italien","status":"publish","type":"page","link":"https:\/\/revitapolis.com\/de\/marktplatz\/unternehmen-in-italien\/","title":{"rendered":"Unternehmen in Italien"},"content":{"rendered":"\n<p>Hier finden Sie unser Branchenbuch mit allen Unternehmen, die an unserem Projekt teilnehmen. Nehmen Sie mit uns <a href=\"https:\/\/revitapolis.com\/kontakt\/\">Kontakt<\/a> auf, wenn Sie ein Inserat aufgeben wollen, egal ob Sie ein Unternehmen oder ein Produkt suchen oder anbieten wollen.<\/p>\n\n\n\n<div style=\"height:33px\" aria-hidden=\"true\" class=\"wp-block-spacer\"><\/div>\n\n\n\n<h2 class=\"wp-block-heading\" style=\"font-size:30px\">Unternehmen &gt; Italien <\/h2>\n\n\n\n<p>Verschaffen Sie sich \u00fcber die Vielfalt der Unternehmen in Italien einen \u00dcberblick. In unserem Branchenbuch finden Sie Unternehmen aus verschiedenen Branchen. Nutzen Sie die dynamische Suchfunktion des Branchenbuches! Zur Nutzung ein wichtiger Tipp: Sie k\u00f6nnen in der Suche auch mehrere Suchbegriffe verwenden, um so ihre Suche zu konkretisieren. Nutzen sie Suchbegriffe, wie z.B. <strong>&#8222;<\/strong>Oliven\u00f6l Italien (Land)&#8220; | &#8222;Photovoltaik Piemont (Region)&#8220; | &#8222;Bauunternehmen Parma (Provinz)&#8220; | &#8222;Steuerberater Bosio (Gemeinde)&#8220;<\/p>\n\n\n<form role=\"search\" method=\"get\" action=\"https:\/\/revitapolis.com\/de\/\" class=\"wp-block-search__button-outside wp-block-search__text-button wp-block-search\"    ><label class=\"wp-block-search__label\" for=\"wp-block-search__input-2\" >Suchen<\/label><div class=\"wp-block-search__inside-wrapper\" ><input class=\"wp-block-search__input\" id=\"wp-block-search__input-2\" placeholder=\"\" value=\"\" type=\"search\" name=\"s\" required \/><button aria-label=\"Suchen\" class=\"wp-block-search__button wp-element-button\" type=\"submit\" >Suchen<\/button><\/div><\/form>\n\n<style>.wp-block-kadence-spacer.kt-block-spacer-_d19d18-a3 .kt-block-spacer{height:60px;}.wp-block-kadence-spacer.kt-block-spacer-_d19d18-a3 .kt-divider{border-top-width:1px;height:1px;border-top-color:#eee;width:80%;border-top-style:solid;}<\/style>\n<div class=\"wp-block-kadence-spacer aligncenter kt-block-spacer-_d19d18-a3\"><div class=\"kt-block-spacer kt-block-spacer-halign-center\"><hr class=\"kt-divider\"\/><\/div><\/div>\n\n\n\n<h2 class=\"wp-block-heading\">Die Branchen in Italien:<\/h2>\n\n\n\n<p>Die Unternehmen kommen insbesondere aus folgenden Branchen: <\/p>\n\n\n\n<ul class=\"wp-block-list\">\n<li><strong>Automobilindustrie:<\/strong> Italien ist einer der gr\u00f6\u00dften Produzenten von Automobilen und Komponenten in Europa. Fiat Chrysler Automobiles, Lamborghini, Ferrari und Maserati sind einige der bekanntesten Marken, die in Italien hergestellt werden.<\/li>\n\n\n\n<li><strong>Lebensmittel- und Getr\u00e4nkehersteller:<\/strong> Italien ist bekannt f\u00fcr seine kulinarischen K\u00f6stlichkeiten wie Pasta, Pizza, Wein, Oliven\u00f6l und K\u00e4se. Italienische Lebensmittel- und Getr\u00e4nkeunternehmen wie Barilla, Ferrero und Campari sind weltweit bekannt. <\/li>\n\n\n\n<li><strong>M\u00f6belhersteller:<\/strong> Die M\u00f6belbranche in Italien ist weltweit bekannt f\u00fcr ihr anspruchsvolles Design, hochwertige Handwerkskunst und Verwendung von edlen Materialien. Italienische M\u00f6belhersteller produzieren eine Vielzahl von M\u00f6beln, von klassischen bis hin zu modernen Designs, und sind in der Regel auf den gehobenen Markt ausgerichtet.<\/li>\n\n\n\n<li><strong>Mode, Textilien und Bekleidung:<\/strong> Italien ist weltweit bekannt f\u00fcr seine Mode- und Textilindustrie. Marken wie Gucci, Prada, Armani, Versace und Dolce &amp; Gabbana sind nur einige der vielen Modeunternehmen, die in Italien ans\u00e4ssig sind.<\/li>\n\n\n\n<li><strong>Bauwesen und Architektur:<\/strong> Italien hat eine lange Geschichte in der Baukunst und viele renommierte Architekten kommen aus Italien. Unternehmen wie Salini Impregilo und Rizzani de Eccher sind wichtige Akteure in der Bauindustrie.<\/li>\n\n\n\n<li><strong>Maschinenbau, Technologie und Elektronik:<\/strong> Italien ist ein f\u00fchrender Hersteller von Maschinen und Elektronikprodukten. Unternehmen wie CNH Industrial, De&#8217;Longhi und Ansaldo Energia haben ihren Hauptsitz in Italien.<\/li>\n\n\n\n<li><strong>Tourismus und Gastgewerbe:<\/strong> Italien ist ein beliebtes Reiseziel f\u00fcr Touristen aus der ganzen Welt und hat eine florierende Tourismusindustrie. Hotels, Restaurants und Reiseunternehmen sind wichtige Wirtschaftszweige in Italien.<\/li>\n\n\n\n<li><strong>Finanzdienstleistungen und Versicherungen:<\/strong> Italien hat eine starke Banken- und Versicherungsbranche. Unternehmen wie Intesa Sanpaolo, Unicredit und Generali geh\u00f6ren zu den gr\u00f6\u00dften Finanzinstituten in Europa.<\/li>\n\n\n\n<li><strong>Chemie, Gesundheitswesen und Pharmazie:<\/strong> Italien ist ein wichtiger Produzent von Chemikalien und Pharmazeutika. Unternehmen wie Eni, Snam und Luxottica sind f\u00fchrend in der Branche.<\/li>\n\n\n\n<li><strong>Kunst, Kultur und Unterhaltung:<\/strong> Italien hat einen wichtigen Beitrag zur Kunst und Kultur geleistet und hat viele ber\u00fchmte Museen und Veranstaltungsorte. Unternehmen wie Rai und Mediaset sind wichtige Akteure in der italienischen Unterhaltungsindustrie.<\/li>\n\n\n\n<li><strong>Dienstleistungen:<\/strong> Die Dienstleistungsbranche in Italien ist vielf\u00e4ltig und umfasst Bereiche wie Tourismus, Finanzdienstleistungen, Handel, Informationstechnologie und Beratung. Unternehmen in dieser Branche sind in der Regel auf Kundenservice, effektive Kommunikation und die Bereitstellung von qualitativ hochwertigen Dienstleistungen spezialisiert.<\/li>\n\n\n\n<li><strong>Handwerk: <\/strong>Das Handwerk in Italien hat eine lange Tradition und umfasst eine Vielzahl von Bereichen wie Textilien, Keramik, Glas, Lederwaren, Schmuck und M\u00f6bel. Italienische Handwerker sind bekannt f\u00fcr ihre Liebe zum Detail, ihre hohe Qualit\u00e4t und ihr anspruchsvolles Design.<\/li>\n<\/ul>\n\n\n\n<p>Jedes Unternehmen in dem Branchenbuch hat ein eigenes Profil, welches Informationen zu dem Unternehmen bereitstellt. Neben einer kurzen Beschreibung des Unternehmens, der Branche, in der es t\u00e4tig ist, findet man in dem Profil auch Informationen \u00fcber die Geschichte des Unternehmens, die Kontaktdaten und eine Liste der Produkte oder Dienstleistungen, die es anbietet.<\/p>\n\n\n\n<p>Das Branchenbuch wird durch uns regelm\u00e4\u00dfig aktualisiert. So wird sichergestellt, dass die Informationen zu den Unternehmen korrekt und aktuell sind.<\/p>\n\n\n\n<figure class=\"wp-block-image size-full\"><img fetchpriority=\"high\" decoding=\"async\" width=\"640\" height=\"425\" src=\"https:\/\/revitapolis.com\/wp-content\/uploads\/2023\/05\/italian-sofas-1583839_640.jpg\" alt=\"italienische Unternehmen \" class=\"wp-image-4688\" srcset=\"https:\/\/revitapolis.com\/wp-content\/uploads\/2023\/05\/italian-sofas-1583839_640.jpg 640w, https:\/\/revitapolis.com\/wp-content\/uploads\/2023\/05\/italian-sofas-1583839_640-300x199.jpg 300w\" sizes=\"(max-width: 640px) 100vw, 640px\" \/><\/figure>\n\n\n\n<div style=\"height:10px\" aria-hidden=\"true\" class=\"wp-block-spacer\"><\/div>\n\n\n\n<hr class=\"wp-block-separator has-css-opacity\"\/>\n\n\n\n<div style=\"height:50px\" aria-hidden=\"true\" class=\"wp-block-spacer\"><\/div>\n\n\n\n<hr style=\"border: 0; height: 1px; background-image: linear-gradient(to right, rgba(0, 0, 0, 0), rgba(0, 0, 0, 0.75), rgba(0, 0, 0, 0));\">\n\n\n\n<p class=\"has-text-align-center\">WERBUNG A &#8211; WERBUNG B &#8211; WERBUNG C<\/p>\n\n\n\n<div style=\"height:50px\" aria-hidden=\"true\" class=\"wp-block-spacer\"><\/div>\n\n\n\n<p><\/p>\n","protected":false},"excerpt":{"rendered":"<p>Hier finden Sie unser Branchenbuch mit allen Unternehmen, die an unserem Projekt teilnehmen. Nehmen Sie mit uns Kontakt auf, wenn Sie ein Inserat aufgeben wollen, egal ob Sie ein Unternehmen oder ein Produkt suchen oder anbieten wollen. Unternehmen &gt; Italien Verschaffen Sie sich \u00fcber die Vielfalt der Unternehmen in Italien einen \u00dcberblick. In unserem Branchenbuch [&hellip;]<\/p>\n","protected":false},"author":1,"featured_media":0,"parent":996,"menu_order":0,"comment_status":"closed","ping_status":"closed","template":"","meta":{"_acf_changed":false,"om_disable_all_campaigns":false,"_monsterinsights_skip_tracking":false,"_monsterinsights_sitenote_active":false,"_monsterinsights_sitenote_note":"","_monsterinsights_sitenote_category":0,"ocean_post_layout":"right-sidebar","ocean_both_sidebars_style":"","ocean_both_sidebars_content_width":0,"ocean_both_sidebars_sidebars_width":0,"ocean_sidebar":"sidebar","ocean_second_sidebar":"0","ocean_disable_margins":"enable","ocean_add_body_class":"","ocean_shortcode_before_top_bar":"","ocean_shortcode_after_top_bar":"","ocean_shortcode_before_header":"","ocean_shortcode_after_header":"","ocean_has_shortcode":"","ocean_shortcode_after_title":"","ocean_shortcode_before_footer_widgets":"","ocean_shortcode_after_footer_widgets":"","ocean_shortcode_before_footer_bottom":"","ocean_shortcode_after_footer_bottom":"","ocean_display_top_bar":"default","ocean_display_header":"default","ocean_header_style":"","ocean_center_header_left_menu":"0","ocean_custom_header_template":"0","ocean_custom_logo":0,"ocean_custom_retina_logo":0,"ocean_custom_logo_max_width":0,"ocean_custom_logo_tablet_max_width":0,"ocean_custom_logo_mobile_max_width":0,"ocean_custom_logo_max_height":0,"ocean_custom_logo_tablet_max_height":0,"ocean_custom_logo_mobile_max_height":0,"ocean_header_custom_menu":"0","ocean_menu_typo_font_family":"0","ocean_menu_typo_font_subset":"","ocean_menu_typo_font_size":0,"ocean_menu_typo_font_size_tablet":0,"ocean_menu_typo_font_size_mobile":0,"ocean_menu_typo_font_size_unit":"px","ocean_menu_typo_font_weight":"","ocean_menu_typo_font_weight_tablet":"","ocean_menu_typo_font_weight_mobile":"","ocean_menu_typo_transform":"","ocean_menu_typo_transform_tablet":"","ocean_menu_typo_transform_mobile":"","ocean_menu_typo_line_height":0,"ocean_menu_typo_line_height_tablet":0,"ocean_menu_typo_line_height_mobile":0,"ocean_menu_typo_line_height_unit":"","ocean_menu_typo_spacing":0,"ocean_menu_typo_spacing_tablet":0,"ocean_menu_typo_spacing_mobile":0,"ocean_menu_typo_spacing_unit":"","ocean_menu_link_color":"","ocean_menu_link_color_hover":"","ocean_menu_link_color_active":"","ocean_menu_link_background":"","ocean_menu_link_hover_background":"","ocean_menu_link_active_background":"","ocean_menu_social_links_bg":"","ocean_menu_social_hover_links_bg":"","ocean_menu_social_links_color":"","ocean_menu_social_hover_links_color":"","ocean_disable_title":"default","ocean_disable_heading":"default","ocean_post_title":"","ocean_post_subheading":"","ocean_post_title_style":"","ocean_post_title_background_color":"","ocean_post_title_background":0,"ocean_post_title_bg_image_position":"","ocean_post_title_bg_image_attachment":"","ocean_post_title_bg_image_repeat":"","ocean_post_title_bg_image_size":"","ocean_post_title_height":0,"ocean_post_title_bg_overlay":0.5,"ocean_post_title_bg_overlay_color":"","ocean_disable_breadcrumbs":"default","ocean_breadcrumbs_color":"","ocean_breadcrumbs_separator_color":"","ocean_breadcrumbs_links_color":"","ocean_breadcrumbs_links_hover_color":"","ocean_display_footer_widgets":"default","ocean_display_footer_bottom":"default","ocean_custom_footer_template":"0","footnotes":""},"class_list":["post-1306","page","type-page","status-publish","hentry","entry"],"acf":[],"yoast_head":"<!-- This site is optimized with the Yoast SEO plugin v27.3 - https:\/\/yoast.com\/product\/yoast-seo-wordpress\/ -->\n<title>Unternehmen in Italien - Revitapolis<\/title>\n<meta name=\"description\" content=\"Unternehmen in Italien finden - Suchen und finden Sie Unternehmen in Italien, die hochwertige Produkte und Dienstleistungen anbieten.\" \/>\n<meta name=\"robots\" content=\"index, follow, max-snippet:-1, max-image-preview:large, max-video-preview:-1\" \/>\n<link rel=\"canonical\" href=\"https:\/\/revitapolis.com\/de\/marktplatz\/unternehmen-in-italien\/\" \/>\n<meta property=\"og:locale\" content=\"de_DE\" \/>\n<meta property=\"og:type\" content=\"article\" \/>\n<meta property=\"og:title\" content=\"Unternehmen in Italien - Revitapolis\" \/>\n<meta property=\"og:description\" content=\"Unternehmen in Italien finden - Suchen und finden Sie Unternehmen in Italien, die hochwertige Produkte und Dienstleistungen anbieten.\" \/>\n<meta property=\"og:url\" content=\"https:\/\/revitapolis.com\/de\/marktplatz\/unternehmen-in-italien\/\" \/>\n<meta property=\"og:site_name\" content=\"Revitapolis\" \/>\n<meta property=\"article:modified_time\" content=\"2023-05-08T08:05:13+00:00\" \/>\n<meta property=\"og:image\" content=\"https:\/\/revitapolis.com\/wp-content\/uploads\/2023\/05\/italian-sofas-1583839_640.jpg\" \/>\n<meta name=\"twitter:card\" content=\"summary_large_image\" \/>\n<meta name=\"twitter:label1\" content=\"Gesch\u00e4tzte Lesezeit\" \/>\n\t<meta name=\"twitter:data1\" content=\"4\u00a0Minuten\" \/>\n<script type=\"application\/ld+json\" class=\"yoast-schema-graph\">{\"@context\":\"https:\\\/\\\/schema.org\",\"@graph\":[{\"@type\":\"WebPage\",\"@id\":\"https:\\\/\\\/revitapolis.com\\\/de\\\/marktplatz\\\/unternehmen-in-italien\\\/\",\"url\":\"https:\\\/\\\/revitapolis.com\\\/de\\\/marktplatz\\\/unternehmen-in-italien\\\/\",\"name\":\"Unternehmen in Italien - Revitapolis\",\"isPartOf\":{\"@id\":\"https:\\\/\\\/revitapolis.com\\\/de\\\/#website\"},\"primaryImageOfPage\":{\"@id\":\"https:\\\/\\\/revitapolis.com\\\/de\\\/marktplatz\\\/unternehmen-in-italien\\\/#primaryimage\"},\"image\":{\"@id\":\"https:\\\/\\\/revitapolis.com\\\/de\\\/marktplatz\\\/unternehmen-in-italien\\\/#primaryimage\"},\"thumbnailUrl\":\"https:\\\/\\\/revitapolis.com\\\/wp-content\\\/uploads\\\/2023\\\/05\\\/italian-sofas-1583839_640.jpg\",\"datePublished\":\"2023-05-08T06:25:47+00:00\",\"dateModified\":\"2023-05-08T08:05:13+00:00\",\"description\":\"Unternehmen in Italien finden - Suchen und finden Sie Unternehmen in Italien, die hochwertige Produkte und Dienstleistungen anbieten.\",\"breadcrumb\":{\"@id\":\"https:\\\/\\\/revitapolis.com\\\/de\\\/marktplatz\\\/unternehmen-in-italien\\\/#breadcrumb\"},\"inLanguage\":\"de\",\"potentialAction\":[{\"@type\":\"ReadAction\",\"target\":[\"https:\\\/\\\/revitapolis.com\\\/de\\\/marktplatz\\\/unternehmen-in-italien\\\/\"]}]},{\"@type\":\"ImageObject\",\"inLanguage\":\"de\",\"@id\":\"https:\\\/\\\/revitapolis.com\\\/de\\\/marktplatz\\\/unternehmen-in-italien\\\/#primaryimage\",\"url\":\"https:\\\/\\\/revitapolis.com\\\/wp-content\\\/uploads\\\/2023\\\/05\\\/italian-sofas-1583839_640.jpg\",\"contentUrl\":\"https:\\\/\\\/revitapolis.com\\\/wp-content\\\/uploads\\\/2023\\\/05\\\/italian-sofas-1583839_640.jpg\"},{\"@type\":\"BreadcrumbList\",\"@id\":\"https:\\\/\\\/revitapolis.com\\\/de\\\/marktplatz\\\/unternehmen-in-italien\\\/#breadcrumb\",\"itemListElement\":[{\"@type\":\"ListItem\",\"position\":1,\"name\":\"Startseite\",\"item\":\"https:\\\/\\\/revitapolis.com\\\/de\\\/\"},{\"@type\":\"ListItem\",\"position\":2,\"name\":\"Marktplatz\",\"item\":\"https:\\\/\\\/revitapolis.com\\\/de\\\/marktplatz\\\/\"},{\"@type\":\"ListItem\",\"position\":3,\"name\":\"Unternehmen in Italien\"}]},{\"@type\":\"WebSite\",\"@id\":\"https:\\\/\\\/revitapolis.com\\\/de\\\/#website\",\"url\":\"https:\\\/\\\/revitapolis.com\\\/de\\\/\",\"name\":\"Revitapolis\",\"description\":\"Wiederbelebung italienischer Orte\",\"publisher\":{\"@id\":\"https:\\\/\\\/revitapolis.com\\\/de\\\/#organization\"},\"potentialAction\":[{\"@type\":\"SearchAction\",\"target\":{\"@type\":\"EntryPoint\",\"urlTemplate\":\"https:\\\/\\\/revitapolis.com\\\/de\\\/?s={search_term_string}\"},\"query-input\":{\"@type\":\"PropertyValueSpecification\",\"valueRequired\":true,\"valueName\":\"search_term_string\"}}],\"inLanguage\":\"de\"},{\"@type\":\"Organization\",\"@id\":\"https:\\\/\\\/revitapolis.com\\\/de\\\/#organization\",\"name\":\"Revitapolis\",\"url\":\"https:\\\/\\\/revitapolis.com\\\/de\\\/\",\"logo\":{\"@type\":\"ImageObject\",\"inLanguage\":\"de\",\"@id\":\"https:\\\/\\\/revitapolis.com\\\/de\\\/#\\\/schema\\\/logo\\\/image\\\/\",\"url\":\"https:\\\/\\\/revitapolis.com\\\/wp-content\\\/uploads\\\/2022\\\/03\\\/cropped-logo-revitapolis.jpg\",\"contentUrl\":\"https:\\\/\\\/revitapolis.com\\\/wp-content\\\/uploads\\\/2022\\\/03\\\/cropped-logo-revitapolis.jpg\",\"width\":200,\"height\":91,\"caption\":\"Revitapolis\"},\"image\":{\"@id\":\"https:\\\/\\\/revitapolis.com\\\/de\\\/#\\\/schema\\\/logo\\\/image\\\/\"}}]}<\/script>\n<!-- \/ Yoast SEO plugin. -->","yoast_head_json":{"title":"Unternehmen in Italien - Revitapolis","description":"Unternehmen in Italien finden - Suchen und finden Sie Unternehmen in Italien, die hochwertige Produkte und Dienstleistungen anbieten.","robots":{"index":"index","follow":"follow","max-snippet":"max-snippet:-1","max-image-preview":"max-image-preview:large","max-video-preview":"max-video-preview:-1"},"canonical":"https:\/\/revitapolis.com\/de\/marktplatz\/unternehmen-in-italien\/","og_locale":"de_DE","og_type":"article","og_title":"Unternehmen in Italien - Revitapolis","og_description":"Unternehmen in Italien finden - Suchen und finden Sie Unternehmen in Italien, die hochwertige Produkte und Dienstleistungen anbieten.","og_url":"https:\/\/revitapolis.com\/de\/marktplatz\/unternehmen-in-italien\/","og_site_name":"Revitapolis","article_modified_time":"2023-05-08T08:05:13+00:00","og_image":[{"url":"https:\/\/revitapolis.com\/wp-content\/uploads\/2023\/05\/italian-sofas-1583839_640.jpg","type":"","width":"","height":""}],"twitter_card":"summary_large_image","twitter_misc":{"Gesch\u00e4tzte Lesezeit":"4\u00a0Minuten"},"schema":{"@context":"https:\/\/schema.org","@graph":[{"@type":"WebPage","@id":"https:\/\/revitapolis.com\/de\/marktplatz\/unternehmen-in-italien\/","url":"https:\/\/revitapolis.com\/de\/marktplatz\/unternehmen-in-italien\/","name":"Unternehmen in Italien - Revitapolis","isPartOf":{"@id":"https:\/\/revitapolis.com\/de\/#website"},"primaryImageOfPage":{"@id":"https:\/\/revitapolis.com\/de\/marktplatz\/unternehmen-in-italien\/#primaryimage"},"image":{"@id":"https:\/\/revitapolis.com\/de\/marktplatz\/unternehmen-in-italien\/#primaryimage"},"thumbnailUrl":"https:\/\/revitapolis.com\/wp-content\/uploads\/2023\/05\/italian-sofas-1583839_640.jpg","datePublished":"2023-05-08T06:25:47+00:00","dateModified":"2023-05-08T08:05:13+00:00","description":"Unternehmen in Italien finden - Suchen und finden Sie Unternehmen in Italien, die hochwertige Produkte und Dienstleistungen anbieten.","breadcrumb":{"@id":"https:\/\/revitapolis.com\/de\/marktplatz\/unternehmen-in-italien\/#breadcrumb"},"inLanguage":"de","potentialAction":[{"@type":"ReadAction","target":["https:\/\/revitapolis.com\/de\/marktplatz\/unternehmen-in-italien\/"]}]},{"@type":"ImageObject","inLanguage":"de","@id":"https:\/\/revitapolis.com\/de\/marktplatz\/unternehmen-in-italien\/#primaryimage","url":"https:\/\/revitapolis.com\/wp-content\/uploads\/2023\/05\/italian-sofas-1583839_640.jpg","contentUrl":"https:\/\/revitapolis.com\/wp-content\/uploads\/2023\/05\/italian-sofas-1583839_640.jpg"},{"@type":"BreadcrumbList","@id":"https:\/\/revitapolis.com\/de\/marktplatz\/unternehmen-in-italien\/#breadcrumb","itemListElement":[{"@type":"ListItem","position":1,"name":"Startseite","item":"https:\/\/revitapolis.com\/de\/"},{"@type":"ListItem","position":2,"name":"Marktplatz","item":"https:\/\/revitapolis.com\/de\/marktplatz\/"},{"@type":"ListItem","position":3,"name":"Unternehmen in Italien"}]},{"@type":"WebSite","@id":"https:\/\/revitapolis.com\/de\/#website","url":"https:\/\/revitapolis.com\/de\/","name":"Revitapolis","description":"Wiederbelebung italienischer Orte","publisher":{"@id":"https:\/\/revitapolis.com\/de\/#organization"},"potentialAction":[{"@type":"SearchAction","target":{"@type":"EntryPoint","urlTemplate":"https:\/\/revitapolis.com\/de\/?s={search_term_string}"},"query-input":{"@type":"PropertyValueSpecification","valueRequired":true,"valueName":"search_term_string"}}],"inLanguage":"de"},{"@type":"Organization","@id":"https:\/\/revitapolis.com\/de\/#organization","name":"Revitapolis","url":"https:\/\/revitapolis.com\/de\/","logo":{"@type":"ImageObject","inLanguage":"de","@id":"https:\/\/revitapolis.com\/de\/#\/schema\/logo\/image\/","url":"https:\/\/revitapolis.com\/wp-content\/uploads\/2022\/03\/cropped-logo-revitapolis.jpg","contentUrl":"https:\/\/revitapolis.com\/wp-content\/uploads\/2022\/03\/cropped-logo-revitapolis.jpg","width":200,"height":91,"caption":"Revitapolis"},"image":{"@id":"https:\/\/revitapolis.com\/de\/#\/schema\/logo\/image\/"}}]}},"_links":{"self":[{"href":"https:\/\/revitapolis.com\/de\/wp-json\/wp\/v2\/pages\/1306","targetHints":{"allow":["GET"]}}],"collection":[{"href":"https:\/\/revitapolis.com\/de\/wp-json\/wp\/v2\/pages"}],"about":[{"href":"https:\/\/revitapolis.com\/de\/wp-json\/wp\/v2\/types\/page"}],"author":[{"embeddable":true,"href":"https:\/\/revitapolis.com\/de\/wp-json\/wp\/v2\/users\/1"}],"replies":[{"embeddable":true,"href":"https:\/\/revitapolis.com\/de\/wp-json\/wp\/v2\/comments?post=1306"}],"version-history":[{"count":9,"href":"https:\/\/revitapolis.com\/de\/wp-json\/wp\/v2\/pages\/1306\/revisions"}],"predecessor-version":[{"id":4711,"href":"https:\/\/revitapolis.com\/de\/wp-json\/wp\/v2\/pages\/1306\/revisions\/4711"}],"up":[{"embeddable":true,"href":"https:\/\/revitapolis.com\/de\/wp-json\/wp\/v2\/pages\/996"}],"wp:attachment":[{"href":"https:\/\/revitapolis.com\/de\/wp-json\/wp\/v2\/media?parent=1306"}],"curies":[{"name":"wp","href":"https:\/\/api.w.org\/{rel}","templated":true}]}}