{"id":1303,"date":"2022-05-02T11:12:46","date_gmt":"2022-05-02T11:12:46","guid":{"rendered":"https:\/\/revitapolis.com\/?page_id=1303"},"modified":"2023-05-14T20:13:53","modified_gmt":"2023-05-14T20:13:53","slug":"kontakt","status":"publish","type":"page","link":"https:\/\/revitapolis.com\/de\/kontakt\/","title":{"rendered":"Kontakt"},"content":{"rendered":"\n<div style=\"height:18px\" aria-hidden=\"true\" class=\"wp-block-spacer\"><\/div>\n\n\n\n<p>Hier k\u00f6nnen Sie mit uns Kontakt aufnehmen, um an unserem Projekt Revitapolis teilzunehmen!<\/p>\n\n\n\n<figure class=\"wp-block-image size-full\"><img fetchpriority=\"high\" decoding=\"async\" width=\"640\" height=\"427\" src=\"https:\/\/revitapolis.com\/wp-content\/uploads\/2023\/05\/iphone-410324_640.jpg\" alt=\"Kontakt zu Revitapolis, Immobilien in Italien, Jobs in Italien, italienische Lebensmittel online kaufen\" class=\"wp-image-4781\" srcset=\"https:\/\/revitapolis.com\/wp-content\/uploads\/2023\/05\/iphone-410324_640.jpg 640w, https:\/\/revitapolis.com\/wp-content\/uploads\/2023\/05\/iphone-410324_640-300x200.jpg 300w\" sizes=\"(max-width: 640px) 100vw, 640px\" \/><\/figure>\n\n\n\n<div style=\"height:15px\" aria-hidden=\"true\" class=\"wp-block-spacer\"><\/div>\n\n\n\n<h2 class=\"wp-block-heading has-black-color has-text-color\" style=\"font-size:30px\">Kontakt zu Revitapolis!<\/h2>\n\n\n\n<p>Hier finden Sie alle wichtigen Informationen, um mit uns in Kontakt zu treten. F\u00fcr Bestellungen von italienischen Lebensmitteln, Feinkost und Delikatessen besuchen Sie unserem <a href=\"https:\/\/revitapolis.com\/de\/shop\/\">Online-Shop<\/a>. Sie sind eine Gemeinde, ein Sponsor oder ein K\u00fcnstler? Wollen Sie an unserem Projekt teilnehmen? Wollen Sie sich auf unserem Portal pr\u00e4sentieren? Nehmen Sie Kontakt auf, wenn wir Sie unterst\u00fctzen k\u00f6nnen. Teilen Sie uns mit, ob Sie in Ihrem Unternehmen mit Sitz in Italien eine Stelle zu besetzen haben. Gerne k\u00f6nnen Sie auch Ihre Immobilie auf unserem Portal potentiellen K\u00e4ufern pr\u00e4sentieren. Egal um was es geht, wir freuen uns auf ihre Nachricht.<\/p>\n\n\n\n<p>Unser Team von Revitapolis ist stets bem\u00fcht, Ihnen den besten Service zu bieten. Wir helfen Ihnen gerne mit unserem Portal bei der Umsetzung Ihrer Projekte in Italien. Sie haben Fragen zu unseren Leistungen oder ben\u00f6tigen weitere Informationen? Dann kontaktieren Sie uns einfach!<\/p>\n\n\n\n<p>Sie k\u00f6nnen uns auf verschiedene Weisen erreichen. Das schnellste und einfachste ist per <a href=\"mailto:info@revitapolis.com\">E-Mail<\/a>. Wir antworten Ihnen so schnell wie m\u00f6glich. Geben Sie uns so viele Informationen wie m\u00f6glich, damit wir Ihnen schnell und effektiv antworten k\u00f6nnen.<\/p>\n\n\n\n<p>Selbstverst\u00e4ndlich k\u00f6nnen Sie uns auch per <a href=\"callto:+4980535981590\">Telefon<\/a> erreichen, wenn Sie lieber mit uns sprechen m\u00f6chten,<\/p>\n\n\n\n<p>Wir freuen uns darauf, von Ihnen zu h\u00f6ren und Ihnen bei der Umsetzung Ihrer Projekte zu helfen. Kontaktieren Sie uns noch heute!<\/p>\n\n\n\n<p>Vielen Dank &#8211; Ihr Team von Revitapolis.<\/p>\n\n\n\n<hr>\n\n\n\n<hr style=\"border: 0; height: 1px; background-image: linear-gradient(to right, rgba(0, 0, 0, 0), rgba(0, 0, 0, 0.75), rgba(0, 0, 0, 0));\">\n","protected":false},"excerpt":{"rendered":"<p>Hier k\u00f6nnen Sie mit uns Kontakt aufnehmen, um an unserem Projekt Revitapolis teilzunehmen! Kontakt zu Revitapolis! Hier finden Sie alle wichtigen Informationen, um mit uns in Kontakt zu treten. F\u00fcr Bestellungen von italienischen Lebensmitteln, Feinkost und Delikatessen besuchen Sie unserem Online-Shop. Sie sind eine Gemeinde, ein Sponsor oder ein K\u00fcnstler? Wollen Sie an unserem Projekt [&hellip;]<\/p>\n","protected":false},"author":1,"featured_media":0,"parent":0,"menu_order":0,"comment_status":"closed","ping_status":"closed","template":"","meta":{"_acf_changed":false,"om_disable_all_campaigns":false,"_monsterinsights_skip_tracking":false,"_monsterinsights_sitenote_active":false,"_monsterinsights_sitenote_note":"","_monsterinsights_sitenote_category":0,"ocean_post_layout":"right-sidebar","ocean_both_sidebars_style":"","ocean_both_sidebars_content_width":0,"ocean_both_sidebars_sidebars_width":0,"ocean_sidebar":"sidebar","ocean_second_sidebar":"0","ocean_disable_margins":"enable","ocean_add_body_class":"","ocean_shortcode_before_top_bar":"","ocean_shortcode_after_top_bar":"","ocean_shortcode_before_header":"","ocean_shortcode_after_header":"","ocean_has_shortcode":"","ocean_shortcode_after_title":"","ocean_shortcode_before_footer_widgets":"","ocean_shortcode_after_footer_widgets":"","ocean_shortcode_before_footer_bottom":"","ocean_shortcode_after_footer_bottom":"","ocean_display_top_bar":"default","ocean_display_header":"default","ocean_header_style":"","ocean_center_header_left_menu":"0","ocean_custom_header_template":"0","ocean_custom_logo":0,"ocean_custom_retina_logo":0,"ocean_custom_logo_max_width":0,"ocean_custom_logo_tablet_max_width":0,"ocean_custom_logo_mobile_max_width":0,"ocean_custom_logo_max_height":0,"ocean_custom_logo_tablet_max_height":0,"ocean_custom_logo_mobile_max_height":0,"ocean_header_custom_menu":"0","ocean_menu_typo_font_family":"0","ocean_menu_typo_font_subset":"","ocean_menu_typo_font_size":0,"ocean_menu_typo_font_size_tablet":0,"ocean_menu_typo_font_size_mobile":0,"ocean_menu_typo_font_size_unit":"px","ocean_menu_typo_font_weight":"","ocean_menu_typo_font_weight_tablet":"","ocean_menu_typo_font_weight_mobile":"","ocean_menu_typo_transform":"","ocean_menu_typo_transform_tablet":"","ocean_menu_typo_transform_mobile":"","ocean_menu_typo_line_height":0,"ocean_menu_typo_line_height_tablet":0,"ocean_menu_typo_line_height_mobile":0,"ocean_menu_typo_line_height_unit":"","ocean_menu_typo_spacing":0,"ocean_menu_typo_spacing_tablet":0,"ocean_menu_typo_spacing_mobile":0,"ocean_menu_typo_spacing_unit":"","ocean_menu_link_color":"","ocean_menu_link_color_hover":"","ocean_menu_link_color_active":"","ocean_menu_link_background":"","ocean_menu_link_hover_background":"","ocean_menu_link_active_background":"","ocean_menu_social_links_bg":"","ocean_menu_social_hover_links_bg":"","ocean_menu_social_links_color":"","ocean_menu_social_hover_links_color":"","ocean_disable_title":"default","ocean_disable_heading":"default","ocean_post_title":"","ocean_post_subheading":"","ocean_post_title_style":"","ocean_post_title_background_color":"","ocean_post_title_background":0,"ocean_post_title_bg_image_position":"","ocean_post_title_bg_image_attachment":"","ocean_post_title_bg_image_repeat":"","ocean_post_title_bg_image_size":"","ocean_post_title_height":0,"ocean_post_title_bg_overlay":0.5,"ocean_post_title_bg_overlay_color":"","ocean_disable_breadcrumbs":"default","ocean_breadcrumbs_color":"","ocean_breadcrumbs_separator_color":"","ocean_breadcrumbs_links_color":"","ocean_breadcrumbs_links_hover_color":"","ocean_display_footer_widgets":"default","ocean_display_footer_bottom":"default","ocean_custom_footer_template":"0","footnotes":""},"class_list":["post-1303","page","type-page","status-publish","hentry","entry"],"acf":[],"yoast_head":"<!-- This site is optimized with the Yoast SEO plugin v27.3 - https:\/\/yoast.com\/product\/yoast-seo-wordpress\/ -->\n<title>Kontakt - Revitapolis<\/title>\n<meta name=\"description\" content=\"Kontakt zu Revitapolis: Hier k\u00f6nnen sie uns mit ihrem Anliegen kontaktieren. Wir freuen uns \u00fcber jede Nachricht, die wir gerne beantworten.\" \/>\n<meta name=\"robots\" content=\"index, follow, max-snippet:-1, max-image-preview:large, max-video-preview:-1\" \/>\n<link rel=\"canonical\" href=\"https:\/\/revitapolis.com\/de\/kontakt\/\" \/>\n<meta property=\"og:locale\" content=\"de_DE\" \/>\n<meta property=\"og:type\" content=\"article\" \/>\n<meta property=\"og:title\" content=\"Kontakt - Revitapolis\" \/>\n<meta property=\"og:description\" content=\"Kontakt zu Revitapolis: Hier k\u00f6nnen sie uns mit ihrem Anliegen kontaktieren. Wir freuen uns \u00fcber jede Nachricht, die wir gerne beantworten.\" \/>\n<meta property=\"og:url\" content=\"https:\/\/revitapolis.com\/de\/kontakt\/\" \/>\n<meta property=\"og:site_name\" content=\"Revitapolis\" \/>\n<meta property=\"article:modified_time\" content=\"2023-05-14T20:13:53+00:00\" \/>\n<meta property=\"og:image\" content=\"https:\/\/revitapolis.com\/wp-content\/uploads\/2023\/05\/iphone-410324_640.jpg\" \/>\n<meta name=\"twitter:card\" content=\"summary_large_image\" \/>\n<meta name=\"twitter:label1\" content=\"Gesch\u00e4tzte Lesezeit\" \/>\n\t<meta name=\"twitter:data1\" content=\"2\u00a0Minuten\" \/>\n<script type=\"application\/ld+json\" class=\"yoast-schema-graph\">{\"@context\":\"https:\\\/\\\/schema.org\",\"@graph\":[{\"@type\":\"WebPage\",\"@id\":\"https:\\\/\\\/revitapolis.com\\\/de\\\/kontakt\\\/\",\"url\":\"https:\\\/\\\/revitapolis.com\\\/de\\\/kontakt\\\/\",\"name\":\"Kontakt - Revitapolis\",\"isPartOf\":{\"@id\":\"https:\\\/\\\/revitapolis.com\\\/de\\\/#website\"},\"primaryImageOfPage\":{\"@id\":\"https:\\\/\\\/revitapolis.com\\\/de\\\/kontakt\\\/#primaryimage\"},\"image\":{\"@id\":\"https:\\\/\\\/revitapolis.com\\\/de\\\/kontakt\\\/#primaryimage\"},\"thumbnailUrl\":\"https:\\\/\\\/revitapolis.com\\\/wp-content\\\/uploads\\\/2023\\\/05\\\/iphone-410324_640.jpg\",\"datePublished\":\"2022-05-02T11:12:46+00:00\",\"dateModified\":\"2023-05-14T20:13:53+00:00\",\"description\":\"Kontakt zu Revitapolis: Hier k\u00f6nnen sie uns mit ihrem Anliegen kontaktieren. Wir freuen uns \u00fcber jede Nachricht, die wir gerne beantworten.\",\"breadcrumb\":{\"@id\":\"https:\\\/\\\/revitapolis.com\\\/de\\\/kontakt\\\/#breadcrumb\"},\"inLanguage\":\"de\",\"potentialAction\":[{\"@type\":\"ReadAction\",\"target\":[\"https:\\\/\\\/revitapolis.com\\\/de\\\/kontakt\\\/\"]}]},{\"@type\":\"ImageObject\",\"inLanguage\":\"de\",\"@id\":\"https:\\\/\\\/revitapolis.com\\\/de\\\/kontakt\\\/#primaryimage\",\"url\":\"https:\\\/\\\/revitapolis.com\\\/wp-content\\\/uploads\\\/2023\\\/05\\\/iphone-410324_640.jpg\",\"contentUrl\":\"https:\\\/\\\/revitapolis.com\\\/wp-content\\\/uploads\\\/2023\\\/05\\\/iphone-410324_640.jpg\"},{\"@type\":\"BreadcrumbList\",\"@id\":\"https:\\\/\\\/revitapolis.com\\\/de\\\/kontakt\\\/#breadcrumb\",\"itemListElement\":[{\"@type\":\"ListItem\",\"position\":1,\"name\":\"Startseite\",\"item\":\"https:\\\/\\\/revitapolis.com\\\/de\\\/\"},{\"@type\":\"ListItem\",\"position\":2,\"name\":\"Kontakt\"}]},{\"@type\":\"WebSite\",\"@id\":\"https:\\\/\\\/revitapolis.com\\\/de\\\/#website\",\"url\":\"https:\\\/\\\/revitapolis.com\\\/de\\\/\",\"name\":\"Revitapolis\",\"description\":\"Wiederbelebung italienischer Orte\",\"publisher\":{\"@id\":\"https:\\\/\\\/revitapolis.com\\\/de\\\/#organization\"},\"potentialAction\":[{\"@type\":\"SearchAction\",\"target\":{\"@type\":\"EntryPoint\",\"urlTemplate\":\"https:\\\/\\\/revitapolis.com\\\/de\\\/?s={search_term_string}\"},\"query-input\":{\"@type\":\"PropertyValueSpecification\",\"valueRequired\":true,\"valueName\":\"search_term_string\"}}],\"inLanguage\":\"de\"},{\"@type\":\"Organization\",\"@id\":\"https:\\\/\\\/revitapolis.com\\\/de\\\/#organization\",\"name\":\"Revitapolis\",\"url\":\"https:\\\/\\\/revitapolis.com\\\/de\\\/\",\"logo\":{\"@type\":\"ImageObject\",\"inLanguage\":\"de\",\"@id\":\"https:\\\/\\\/revitapolis.com\\\/de\\\/#\\\/schema\\\/logo\\\/image\\\/\",\"url\":\"https:\\\/\\\/revitapolis.com\\\/wp-content\\\/uploads\\\/2022\\\/03\\\/cropped-logo-revitapolis.jpg\",\"contentUrl\":\"https:\\\/\\\/revitapolis.com\\\/wp-content\\\/uploads\\\/2022\\\/03\\\/cropped-logo-revitapolis.jpg\",\"width\":200,\"height\":91,\"caption\":\"Revitapolis\"},\"image\":{\"@id\":\"https:\\\/\\\/revitapolis.com\\\/de\\\/#\\\/schema\\\/logo\\\/image\\\/\"}}]}<\/script>\n<!-- \/ Yoast SEO plugin. -->","yoast_head_json":{"title":"Kontakt - Revitapolis","description":"Kontakt zu Revitapolis: Hier k\u00f6nnen sie uns mit ihrem Anliegen kontaktieren. Wir freuen uns \u00fcber jede Nachricht, die wir gerne beantworten.","robots":{"index":"index","follow":"follow","max-snippet":"max-snippet:-1","max-image-preview":"max-image-preview:large","max-video-preview":"max-video-preview:-1"},"canonical":"https:\/\/revitapolis.com\/de\/kontakt\/","og_locale":"de_DE","og_type":"article","og_title":"Kontakt - Revitapolis","og_description":"Kontakt zu Revitapolis: Hier k\u00f6nnen sie uns mit ihrem Anliegen kontaktieren. Wir freuen uns \u00fcber jede Nachricht, die wir gerne beantworten.","og_url":"https:\/\/revitapolis.com\/de\/kontakt\/","og_site_name":"Revitapolis","article_modified_time":"2023-05-14T20:13:53+00:00","og_image":[{"url":"https:\/\/revitapolis.com\/wp-content\/uploads\/2023\/05\/iphone-410324_640.jpg","type":"","width":"","height":""}],"twitter_card":"summary_large_image","twitter_misc":{"Gesch\u00e4tzte Lesezeit":"2\u00a0Minuten"},"schema":{"@context":"https:\/\/schema.org","@graph":[{"@type":"WebPage","@id":"https:\/\/revitapolis.com\/de\/kontakt\/","url":"https:\/\/revitapolis.com\/de\/kontakt\/","name":"Kontakt - Revitapolis","isPartOf":{"@id":"https:\/\/revitapolis.com\/de\/#website"},"primaryImageOfPage":{"@id":"https:\/\/revitapolis.com\/de\/kontakt\/#primaryimage"},"image":{"@id":"https:\/\/revitapolis.com\/de\/kontakt\/#primaryimage"},"thumbnailUrl":"https:\/\/revitapolis.com\/wp-content\/uploads\/2023\/05\/iphone-410324_640.jpg","datePublished":"2022-05-02T11:12:46+00:00","dateModified":"2023-05-14T20:13:53+00:00","description":"Kontakt zu Revitapolis: Hier k\u00f6nnen sie uns mit ihrem Anliegen kontaktieren. Wir freuen uns \u00fcber jede Nachricht, die wir gerne beantworten.","breadcrumb":{"@id":"https:\/\/revitapolis.com\/de\/kontakt\/#breadcrumb"},"inLanguage":"de","potentialAction":[{"@type":"ReadAction","target":["https:\/\/revitapolis.com\/de\/kontakt\/"]}]},{"@type":"ImageObject","inLanguage":"de","@id":"https:\/\/revitapolis.com\/de\/kontakt\/#primaryimage","url":"https:\/\/revitapolis.com\/wp-content\/uploads\/2023\/05\/iphone-410324_640.jpg","contentUrl":"https:\/\/revitapolis.com\/wp-content\/uploads\/2023\/05\/iphone-410324_640.jpg"},{"@type":"BreadcrumbList","@id":"https:\/\/revitapolis.com\/de\/kontakt\/#breadcrumb","itemListElement":[{"@type":"ListItem","position":1,"name":"Startseite","item":"https:\/\/revitapolis.com\/de\/"},{"@type":"ListItem","position":2,"name":"Kontakt"}]},{"@type":"WebSite","@id":"https:\/\/revitapolis.com\/de\/#website","url":"https:\/\/revitapolis.com\/de\/","name":"Revitapolis","description":"Wiederbelebung italienischer Orte","publisher":{"@id":"https:\/\/revitapolis.com\/de\/#organization"},"potentialAction":[{"@type":"SearchAction","target":{"@type":"EntryPoint","urlTemplate":"https:\/\/revitapolis.com\/de\/?s={search_term_string}"},"query-input":{"@type":"PropertyValueSpecification","valueRequired":true,"valueName":"search_term_string"}}],"inLanguage":"de"},{"@type":"Organization","@id":"https:\/\/revitapolis.com\/de\/#organization","name":"Revitapolis","url":"https:\/\/revitapolis.com\/de\/","logo":{"@type":"ImageObject","inLanguage":"de","@id":"https:\/\/revitapolis.com\/de\/#\/schema\/logo\/image\/","url":"https:\/\/revitapolis.com\/wp-content\/uploads\/2022\/03\/cropped-logo-revitapolis.jpg","contentUrl":"https:\/\/revitapolis.com\/wp-content\/uploads\/2022\/03\/cropped-logo-revitapolis.jpg","width":200,"height":91,"caption":"Revitapolis"},"image":{"@id":"https:\/\/revitapolis.com\/de\/#\/schema\/logo\/image\/"}}]}},"_links":{"self":[{"href":"https:\/\/revitapolis.com\/de\/wp-json\/wp\/v2\/pages\/1303","targetHints":{"allow":["GET"]}}],"collection":[{"href":"https:\/\/revitapolis.com\/de\/wp-json\/wp\/v2\/pages"}],"about":[{"href":"https:\/\/revitapolis.com\/de\/wp-json\/wp\/v2\/types\/page"}],"author":[{"embeddable":true,"href":"https:\/\/revitapolis.com\/de\/wp-json\/wp\/v2\/users\/1"}],"replies":[{"embeddable":true,"href":"https:\/\/revitapolis.com\/de\/wp-json\/wp\/v2\/comments?post=1303"}],"version-history":[{"count":24,"href":"https:\/\/revitapolis.com\/de\/wp-json\/wp\/v2\/pages\/1303\/revisions"}],"predecessor-version":[{"id":4785,"href":"https:\/\/revitapolis.com\/de\/wp-json\/wp\/v2\/pages\/1303\/revisions\/4785"}],"wp:attachment":[{"href":"https:\/\/revitapolis.com\/de\/wp-json\/wp\/v2\/media?parent=1303"}],"curies":[{"name":"wp","href":"https:\/\/api.w.org\/{rel}","templated":true}]}}