{"id":1275,"date":"2022-05-02T10:59:54","date_gmt":"2022-05-02T10:59:54","guid":{"rendered":"https:\/\/revitapolis.com\/?page_id=1275"},"modified":"2023-05-09T06:07:49","modified_gmt":"2023-05-09T06:07:49","slug":"kultur","status":"publish","type":"page","link":"https:\/\/revitapolis.com\/de\/kultur\/","title":{"rendered":"Kultur"},"content":{"rendered":"\n<div style=\"height:25px\" aria-hidden=\"true\" class=\"wp-block-spacer\"><\/div>\n\n\n\n<div class=\"wp-block-media-text is-stacked-on-mobile is-vertically-aligned-top\"><figure class=\"wp-block-media-text__media\"><img fetchpriority=\"high\" decoding=\"async\" width=\"469\" height=\"640\" src=\"https:\/\/revitapolis.com\/wp-content\/uploads\/2023\/04\/leonardo-da-vinci-165410_640.jpg\" alt=\"\" class=\"wp-image-4606 size-full\" srcset=\"https:\/\/revitapolis.com\/wp-content\/uploads\/2023\/04\/leonardo-da-vinci-165410_640.jpg 469w, https:\/\/revitapolis.com\/wp-content\/uploads\/2023\/04\/leonardo-da-vinci-165410_640-220x300.jpg 220w\" sizes=\"(max-width: 469px) 100vw, 469px\" \/><\/figure><div class=\"wp-block-media-text__content\">\n<p>Revitapolis f\u00f6rdert die italienische Kultur. <\/p>\n\n\n\n<p>Die italienische Kultur ist eine der reichsten und vielf\u00e4ltigsten der Welt. Italien \u00fcbt so bis heute einen starken Einfluss auf die westliche Kultur aus. Italien ist ber\u00fchmt f\u00fcr seine Kunst, Musik, Mode, K\u00fcche, Geschichte und vieles mehr. Revitapolis versucht, einige der wichtigsten Aspekte der italienischen Kultur zu beleuchten und darzustellen.<\/p>\n\n\n\n<p>Das Ziel ist dabei, nicht nur die Bekanntes Typisches darzustellen. <\/p>\n\n\n\n<p>Die italienische Kultur ist ein wichtiger Bestandteil der Weltkultur. Italien hat insbesondere in der Kunst, in der Musik, in der Mode, in der K\u00fcche und in der Geschichte die ganze Welt beeinflusst und bereichert.<\/p>\n<\/div><\/div>\n\n\n<style>.wp-block-kadence-spacer.kt-block-spacer-_ad5140-6a .kt-block-spacer{height:60px;}.wp-block-kadence-spacer.kt-block-spacer-_ad5140-6a .kt-divider{border-top-width:1px;height:1px;border-top-color:#eee;width:80%;border-top-style:solid;}<\/style>\n<div class=\"wp-block-kadence-spacer aligncenter kt-block-spacer-_ad5140-6a\"><div class=\"kt-block-spacer kt-block-spacer-halign-center\"><hr class=\"kt-divider\"\/><\/div><\/div>\n\n\n\n<h2 class=\"wp-block-heading\">Kunst in Italien<\/h2>\n\n\n\n<p>Italien ist bekannt f\u00fcr seine Kunst Italien ist der Geburtsort einiger der gr\u00f6\u00dften K\u00fcnstler der Geschichte, darunter Leonardo da Vinci, Michelangelo und Raffael. Die Renaissance, die zwischen dem 14. und 17. Jahrhundert stattfand, war eine Zeit gro\u00dfer k\u00fcnstlerischer und kultureller Ver\u00e4nderungen in Italien und Europa. Die Malerei, Skulptur und Architektur dieser Zeit haben die Kunstgeschichte nachhaltig beeinflusst. Wer die italienische Kunstwelt erkunden m\u00f6chte, sollte unbedingt die Uffizien in Florenz besuchen oder einen Besuch der Sixtinischen Kapelle im Vatikan in Rom planen.<\/p>\n\n\n\n<h2 class=\"wp-block-heading\">Architektur in Italien<\/h2>\n\n\n\n<p>Italiens Kultur spiegelt sich in seiner Architektur wider. Von den antiken r\u00f6mischen Geb\u00e4uden bis hin zu den Renaissance-Meisterwerken gibt es in Italien viele architektonische Sch\u00e4tze zu entdecken.die italienische Architektur eine reiche Geschichte und Kultur hat, die bis in die Antike zur\u00fcckreicht. Von den antiken r\u00f6mischen Geb\u00e4uden bis hin zu den Meisterwerken der Renaissance und dem Barockstil hat Italien eine beeindruckende architektonische Landschaft zu bieten. Die moderne Architektur setzt diese Tradition fort und bringt frische Ideen und neue Perspektiven in die italienische Architekturszene. <\/p>\n\n\n\n<h2 class=\"wp-block-heading\">Musik in Italien<\/h2>\n\n\n\n<p>Jeder kennt die italienische Musik, die ebenfalls von gro\u00dfer Bedeutung ist. Von Opernlegenden wie Verdi und Puccini bis hin zu modernen Popstars wie Eros Ramazzotti und Laura Pausini hat Italien eine lange Tradition in der Musik. Es ist schwer, durch Italien zu reisen, ohne den Klang der Musik in der Luft zu h\u00f6ren. Vom neapolitanischen Belcanto bis hin zu den sizilianischen Marktschreiern, an jeder Ecke h\u00f6rt man die unterschiedlichsten Melodien. In Italien gibt es jedoch nicht nur Schlager. Weniger bekannt ist Italien f\u00fcr seine Rockmusik, die mittlerweile auch einen guten Ruf genie\u00dft. Daneben hat sich auch der Jazz in der italienischen Musikszene etabliert. Weltbekannt ist mittlerweile das Jazzfestival &#8222;Umbria Jazz&#8220;.<\/p>\n\n\n\n<h2 class=\"wp-block-heading\">Die italienische Film- und Theaterbranche<\/h2>\n\n\n\n<p>Die italienische Film- und Theaterbranche ist ein wichtiger Teil der italienischen Kultur und hat eine lange Geschichte und Tradition. Die Branche ist ein wichtiger Bestandteil der italienischen Kultur und hat einen gro\u00dfen Einfluss auf die Weltkultur ausge\u00fcbt. Die italienischen Produktionen zeichnen sich durch eine hohe Qualit\u00e4t und Kreativit\u00e4t aus und haben zahlreiche Preise gewonnen. Italienische Schauspieler und Regisseure genie\u00dfen auch internationalen Ruhm und haben die Film- und Theaterwelt ma\u00dfgeblich gepr\u00e4gt.<\/p>\n\n\n\n<h2 class=\"wp-block-heading\">Fotografie in Italien<\/h2>\n\n\n\n<p>Die Fotografie ist eine Kunstform, die in Italien eine lange Tradition hat. Sie spielt durchaus eine wichtige Rolle in der italienischen Kultur, obwohl dies wenige bekannt ist. Die Geschichte der Fotografie in Italien reicht bis in die Mitte des 19. Jahrhunderts zur\u00fcck. Italienische Fotografen waren schon immer f\u00fcr ihre k\u00fcnstlerischen F\u00e4higkeiten und ihre Experimentierfreude bekannt. In Italien wurden viele bedeutende Fotografen hervorgebracht.<\/p>\n\n\n\n<h2 class=\"wp-block-heading\">Mode in Italien<\/h2>\n\n\n\n<p>Die italienische Modeindustrie hat auch einen gro\u00dfen Einfluss auf die weltweite Modebranche. Die italienische Mode ist bekannt f\u00fcr ihre Eleganz, Qualit\u00e4t und Sch\u00f6nheit. Italienische Marken wie Gucci, Prada und Armani sind weltweit bekannt und beliebt. Die j\u00e4hrliche Mail\u00e4nder Modewoche ist ein wichtiger Termin in der Modewelt und zieht jedes Jahr Designer, Prominente und Modebegeisterte aus der ganzen Welt an.<\/p>\n\n\n\n<h2 class=\"wp-block-heading\">Literatur in Italien<\/h2>\n\n\n\n<p>Die Literatur hat in der italienischen Kultur eine wichtige Stellung. Italien ist ein Land, das reich an Literatur und Schriftstellern ist. Die Anf\u00e4nge der italienischen Literatur k\u00f6nnen bis ins 13. Jahrhundert zur\u00fcckverfolgt werden. Zu den ber\u00fchmtesten Schriftstellern geh\u00f6ren Dante Alighieri und Niccol\u00f2 Machiavelli. Die italienische Literatur hat eine reiche und vielf\u00e4ltige Tradition. Die Werke der italienischen Schriftsteller haben die italienische Kultur gepr\u00e4gt und die italienische Sprache als wichtige literarische Sprache etabliert.<\/p>\n\n\n\n<h2 class=\"wp-block-heading\">Italienische K\u00fcche <\/h2>\n\n\n\n<p>Ein weiteres herausragendes Merkmal der italienischen Kultur ist die K\u00fcche. Die italienische K\u00fcche ist ber\u00fchmt f\u00fcr ihre Vielfalt und Qualit\u00e4t. Von Pasta und Pizza bis hin zu Meeresfr\u00fcchten und Gelato bietet die italienische K\u00fcche f\u00fcr jeden Geschmack etwas. Ein Besuch in Italien ist nicht komplett, ohne ein authentisches italienisches Gericht genossen zu haben. Die Italiener legen gro\u00dfen Wert auf frische Zutaten und eine sorgf\u00e4ltige Zubereitung. Dar\u00fcber hinaus zeichnet sich die italienische K\u00fcche dadurch aus, dass man bei der Zubereitung nur wenige Zutaten nutzt. Das f\u00fchrt dazu, dass man die Zutaten bei den typischen Gericht herausschmecken kann. Ein Festival f\u00fcr jeden Gaumen.<\/p>\n\n\n\n<h2 class=\"wp-block-heading\">Die italienische Geschichte <\/h2>\n\n\n\n<p>Italiens Geschichte hat immer wieder nicht nur die Europ\u00e4ische Geschichte gepr\u00e4gt. Italien hat eine lange und reiche Geschichte, die weit zur\u00fcckreicht. Besondere Bedeutung hatte selbstverst\u00e4ndlich das antike Rom. Die zahlreichen arch\u00e4ologischen St\u00e4tten wie das Kolosseum, das Forum Romanum und Pompeji sind Zeugen dieser reichen Geschichte. Auch die Renaissance, die ich bereits erw\u00e4hnt habe, war ein wichtiger Teil der italienischen Geschichte und hat die Kultur des Landes ma\u00dfgeblich gepr\u00e4gt.<\/p>\n\n\n\n<div style=\"height:28px\" aria-hidden=\"true\" class=\"wp-block-spacer\"><\/div>\n\n\n\n<hr style=\"border: 0; height: 1px; background-image: linear-gradient(to right, rgba(0, 0, 0, 0), rgba(0, 0, 0, 0.75), rgba(0, 0, 0, 0));\">\n\n\n\n<div style=\"height:28px\" aria-hidden=\"true\" class=\"wp-block-spacer\"><\/div>\n","protected":false},"excerpt":{"rendered":"<p>Revitapolis f\u00f6rdert die italienische Kultur. Die italienische Kultur ist eine der reichsten und vielf\u00e4ltigsten der Welt. Italien \u00fcbt so bis heute einen starken Einfluss auf die westliche Kultur aus. Italien ist ber\u00fchmt f\u00fcr seine Kunst, Musik, Mode, K\u00fcche, Geschichte und vieles mehr. Revitapolis versucht, einige der wichtigsten Aspekte der italienischen Kultur zu beleuchten und darzustellen. [&hellip;]<\/p>\n","protected":false},"author":1,"featured_media":0,"parent":0,"menu_order":0,"comment_status":"closed","ping_status":"closed","template":"","meta":{"_acf_changed":false,"om_disable_all_campaigns":false,"_monsterinsights_skip_tracking":false,"_monsterinsights_sitenote_active":false,"_monsterinsights_sitenote_note":"","_monsterinsights_sitenote_category":0,"ocean_post_layout":"right-sidebar","ocean_both_sidebars_style":"","ocean_both_sidebars_content_width":0,"ocean_both_sidebars_sidebars_width":0,"ocean_sidebar":"sidebar","ocean_second_sidebar":"0","ocean_disable_margins":"enable","ocean_add_body_class":"","ocean_shortcode_before_top_bar":"","ocean_shortcode_after_top_bar":"","ocean_shortcode_before_header":"","ocean_shortcode_after_header":"","ocean_has_shortcode":"","ocean_shortcode_after_title":"","ocean_shortcode_before_footer_widgets":"","ocean_shortcode_after_footer_widgets":"","ocean_shortcode_before_footer_bottom":"","ocean_shortcode_after_footer_bottom":"","ocean_display_top_bar":"default","ocean_display_header":"default","ocean_header_style":"","ocean_center_header_left_menu":"0","ocean_custom_header_template":"0","ocean_custom_logo":0,"ocean_custom_retina_logo":0,"ocean_custom_logo_max_width":0,"ocean_custom_logo_tablet_max_width":0,"ocean_custom_logo_mobile_max_width":0,"ocean_custom_logo_max_height":0,"ocean_custom_logo_tablet_max_height":0,"ocean_custom_logo_mobile_max_height":0,"ocean_header_custom_menu":"0","ocean_menu_typo_font_family":"0","ocean_menu_typo_font_subset":"","ocean_menu_typo_font_size":0,"ocean_menu_typo_font_size_tablet":0,"ocean_menu_typo_font_size_mobile":0,"ocean_menu_typo_font_size_unit":"px","ocean_menu_typo_font_weight":"","ocean_menu_typo_font_weight_tablet":"","ocean_menu_typo_font_weight_mobile":"","ocean_menu_typo_transform":"","ocean_menu_typo_transform_tablet":"","ocean_menu_typo_transform_mobile":"","ocean_menu_typo_line_height":0,"ocean_menu_typo_line_height_tablet":0,"ocean_menu_typo_line_height_mobile":0,"ocean_menu_typo_line_height_unit":"","ocean_menu_typo_spacing":0,"ocean_menu_typo_spacing_tablet":0,"ocean_menu_typo_spacing_mobile":0,"ocean_menu_typo_spacing_unit":"","ocean_menu_link_color":"","ocean_menu_link_color_hover":"","ocean_menu_link_color_active":"","ocean_menu_link_background":"","ocean_menu_link_hover_background":"","ocean_menu_link_active_background":"","ocean_menu_social_links_bg":"","ocean_menu_social_hover_links_bg":"","ocean_menu_social_links_color":"","ocean_menu_social_hover_links_color":"","ocean_disable_title":"default","ocean_disable_heading":"default","ocean_post_title":"","ocean_post_subheading":"","ocean_post_title_style":"","ocean_post_title_background_color":"","ocean_post_title_background":0,"ocean_post_title_bg_image_position":"","ocean_post_title_bg_image_attachment":"","ocean_post_title_bg_image_repeat":"","ocean_post_title_bg_image_size":"","ocean_post_title_height":0,"ocean_post_title_bg_overlay":0.5,"ocean_post_title_bg_overlay_color":"","ocean_disable_breadcrumbs":"default","ocean_breadcrumbs_color":"","ocean_breadcrumbs_separator_color":"","ocean_breadcrumbs_links_color":"","ocean_breadcrumbs_links_hover_color":"","ocean_display_footer_widgets":"default","ocean_display_footer_bottom":"default","ocean_custom_footer_template":"0","footnotes":""},"class_list":["post-1275","page","type-page","status-publish","hentry","entry"],"acf":[],"yoast_head":"<!-- This site is optimized with the Yoast SEO plugin v27.3 - https:\/\/yoast.com\/product\/yoast-seo-wordpress\/ -->\n<title>Kultur - Revitapolis<\/title>\n<meta name=\"description\" content=\"Revitapolis f\u00f6rdert die italienische Kultur. Wir f\u00f6rdern mit dem Projekt auch Dinge, die vielleicht nicht so bekannt sind.\" \/>\n<meta name=\"robots\" content=\"index, follow, max-snippet:-1, max-image-preview:large, max-video-preview:-1\" \/>\n<link rel=\"canonical\" href=\"https:\/\/revitapolis.com\/de\/kultur\/\" \/>\n<meta property=\"og:locale\" content=\"de_DE\" \/>\n<meta property=\"og:type\" content=\"article\" \/>\n<meta property=\"og:title\" content=\"Kultur - Revitapolis\" \/>\n<meta property=\"og:description\" content=\"Revitapolis f\u00f6rdert die italienische Kultur. Wir f\u00f6rdern mit dem Projekt auch Dinge, die vielleicht nicht so bekannt sind.\" \/>\n<meta property=\"og:url\" content=\"https:\/\/revitapolis.com\/de\/kultur\/\" \/>\n<meta property=\"og:site_name\" content=\"Revitapolis\" \/>\n<meta property=\"article:modified_time\" content=\"2023-05-09T06:07:49+00:00\" \/>\n<meta property=\"og:image\" content=\"https:\/\/revitapolis.com\/wp-content\/uploads\/2023\/04\/leonardo-da-vinci-165410_640.jpg\" \/>\n<meta name=\"twitter:card\" content=\"summary_large_image\" \/>\n<meta name=\"twitter:label1\" content=\"Gesch\u00e4tzte Lesezeit\" \/>\n\t<meta name=\"twitter:data1\" content=\"5\u00a0Minuten\" \/>\n<script type=\"application\/ld+json\" class=\"yoast-schema-graph\">{\"@context\":\"https:\\\/\\\/schema.org\",\"@graph\":[{\"@type\":\"WebPage\",\"@id\":\"https:\\\/\\\/revitapolis.com\\\/de\\\/kultur\\\/\",\"url\":\"https:\\\/\\\/revitapolis.com\\\/de\\\/kultur\\\/\",\"name\":\"Kultur - Revitapolis\",\"isPartOf\":{\"@id\":\"https:\\\/\\\/revitapolis.com\\\/de\\\/#website\"},\"primaryImageOfPage\":{\"@id\":\"https:\\\/\\\/revitapolis.com\\\/de\\\/kultur\\\/#primaryimage\"},\"image\":{\"@id\":\"https:\\\/\\\/revitapolis.com\\\/de\\\/kultur\\\/#primaryimage\"},\"thumbnailUrl\":\"https:\\\/\\\/revitapolis.com\\\/wp-content\\\/uploads\\\/2023\\\/04\\\/leonardo-da-vinci-165410_640.jpg\",\"datePublished\":\"2022-05-02T10:59:54+00:00\",\"dateModified\":\"2023-05-09T06:07:49+00:00\",\"description\":\"Revitapolis f\u00f6rdert die italienische Kultur. Wir f\u00f6rdern mit dem Projekt auch Dinge, die vielleicht nicht so bekannt sind.\",\"breadcrumb\":{\"@id\":\"https:\\\/\\\/revitapolis.com\\\/de\\\/kultur\\\/#breadcrumb\"},\"inLanguage\":\"de\",\"potentialAction\":[{\"@type\":\"ReadAction\",\"target\":[\"https:\\\/\\\/revitapolis.com\\\/de\\\/kultur\\\/\"]}]},{\"@type\":\"ImageObject\",\"inLanguage\":\"de\",\"@id\":\"https:\\\/\\\/revitapolis.com\\\/de\\\/kultur\\\/#primaryimage\",\"url\":\"https:\\\/\\\/revitapolis.com\\\/wp-content\\\/uploads\\\/2023\\\/04\\\/leonardo-da-vinci-165410_640.jpg\",\"contentUrl\":\"https:\\\/\\\/revitapolis.com\\\/wp-content\\\/uploads\\\/2023\\\/04\\\/leonardo-da-vinci-165410_640.jpg\"},{\"@type\":\"BreadcrumbList\",\"@id\":\"https:\\\/\\\/revitapolis.com\\\/de\\\/kultur\\\/#breadcrumb\",\"itemListElement\":[{\"@type\":\"ListItem\",\"position\":1,\"name\":\"Startseite\",\"item\":\"https:\\\/\\\/revitapolis.com\\\/de\\\/\"},{\"@type\":\"ListItem\",\"position\":2,\"name\":\"Kultur\"}]},{\"@type\":\"WebSite\",\"@id\":\"https:\\\/\\\/revitapolis.com\\\/de\\\/#website\",\"url\":\"https:\\\/\\\/revitapolis.com\\\/de\\\/\",\"name\":\"Revitapolis\",\"description\":\"Wiederbelebung italienischer Orte\",\"publisher\":{\"@id\":\"https:\\\/\\\/revitapolis.com\\\/de\\\/#organization\"},\"potentialAction\":[{\"@type\":\"SearchAction\",\"target\":{\"@type\":\"EntryPoint\",\"urlTemplate\":\"https:\\\/\\\/revitapolis.com\\\/de\\\/?s={search_term_string}\"},\"query-input\":{\"@type\":\"PropertyValueSpecification\",\"valueRequired\":true,\"valueName\":\"search_term_string\"}}],\"inLanguage\":\"de\"},{\"@type\":\"Organization\",\"@id\":\"https:\\\/\\\/revitapolis.com\\\/de\\\/#organization\",\"name\":\"Revitapolis\",\"url\":\"https:\\\/\\\/revitapolis.com\\\/de\\\/\",\"logo\":{\"@type\":\"ImageObject\",\"inLanguage\":\"de\",\"@id\":\"https:\\\/\\\/revitapolis.com\\\/de\\\/#\\\/schema\\\/logo\\\/image\\\/\",\"url\":\"https:\\\/\\\/revitapolis.com\\\/wp-content\\\/uploads\\\/2022\\\/03\\\/cropped-logo-revitapolis.jpg\",\"contentUrl\":\"https:\\\/\\\/revitapolis.com\\\/wp-content\\\/uploads\\\/2022\\\/03\\\/cropped-logo-revitapolis.jpg\",\"width\":200,\"height\":91,\"caption\":\"Revitapolis\"},\"image\":{\"@id\":\"https:\\\/\\\/revitapolis.com\\\/de\\\/#\\\/schema\\\/logo\\\/image\\\/\"}}]}<\/script>\n<!-- \/ Yoast SEO plugin. -->","yoast_head_json":{"title":"Kultur - Revitapolis","description":"Revitapolis f\u00f6rdert die italienische Kultur. Wir f\u00f6rdern mit dem Projekt auch Dinge, die vielleicht nicht so bekannt sind.","robots":{"index":"index","follow":"follow","max-snippet":"max-snippet:-1","max-image-preview":"max-image-preview:large","max-video-preview":"max-video-preview:-1"},"canonical":"https:\/\/revitapolis.com\/de\/kultur\/","og_locale":"de_DE","og_type":"article","og_title":"Kultur - Revitapolis","og_description":"Revitapolis f\u00f6rdert die italienische Kultur. Wir f\u00f6rdern mit dem Projekt auch Dinge, die vielleicht nicht so bekannt sind.","og_url":"https:\/\/revitapolis.com\/de\/kultur\/","og_site_name":"Revitapolis","article_modified_time":"2023-05-09T06:07:49+00:00","og_image":[{"url":"https:\/\/revitapolis.com\/wp-content\/uploads\/2023\/04\/leonardo-da-vinci-165410_640.jpg","type":"","width":"","height":""}],"twitter_card":"summary_large_image","twitter_misc":{"Gesch\u00e4tzte Lesezeit":"5\u00a0Minuten"},"schema":{"@context":"https:\/\/schema.org","@graph":[{"@type":"WebPage","@id":"https:\/\/revitapolis.com\/de\/kultur\/","url":"https:\/\/revitapolis.com\/de\/kultur\/","name":"Kultur - Revitapolis","isPartOf":{"@id":"https:\/\/revitapolis.com\/de\/#website"},"primaryImageOfPage":{"@id":"https:\/\/revitapolis.com\/de\/kultur\/#primaryimage"},"image":{"@id":"https:\/\/revitapolis.com\/de\/kultur\/#primaryimage"},"thumbnailUrl":"https:\/\/revitapolis.com\/wp-content\/uploads\/2023\/04\/leonardo-da-vinci-165410_640.jpg","datePublished":"2022-05-02T10:59:54+00:00","dateModified":"2023-05-09T06:07:49+00:00","description":"Revitapolis f\u00f6rdert die italienische Kultur. Wir f\u00f6rdern mit dem Projekt auch Dinge, die vielleicht nicht so bekannt sind.","breadcrumb":{"@id":"https:\/\/revitapolis.com\/de\/kultur\/#breadcrumb"},"inLanguage":"de","potentialAction":[{"@type":"ReadAction","target":["https:\/\/revitapolis.com\/de\/kultur\/"]}]},{"@type":"ImageObject","inLanguage":"de","@id":"https:\/\/revitapolis.com\/de\/kultur\/#primaryimage","url":"https:\/\/revitapolis.com\/wp-content\/uploads\/2023\/04\/leonardo-da-vinci-165410_640.jpg","contentUrl":"https:\/\/revitapolis.com\/wp-content\/uploads\/2023\/04\/leonardo-da-vinci-165410_640.jpg"},{"@type":"BreadcrumbList","@id":"https:\/\/revitapolis.com\/de\/kultur\/#breadcrumb","itemListElement":[{"@type":"ListItem","position":1,"name":"Startseite","item":"https:\/\/revitapolis.com\/de\/"},{"@type":"ListItem","position":2,"name":"Kultur"}]},{"@type":"WebSite","@id":"https:\/\/revitapolis.com\/de\/#website","url":"https:\/\/revitapolis.com\/de\/","name":"Revitapolis","description":"Wiederbelebung italienischer Orte","publisher":{"@id":"https:\/\/revitapolis.com\/de\/#organization"},"potentialAction":[{"@type":"SearchAction","target":{"@type":"EntryPoint","urlTemplate":"https:\/\/revitapolis.com\/de\/?s={search_term_string}"},"query-input":{"@type":"PropertyValueSpecification","valueRequired":true,"valueName":"search_term_string"}}],"inLanguage":"de"},{"@type":"Organization","@id":"https:\/\/revitapolis.com\/de\/#organization","name":"Revitapolis","url":"https:\/\/revitapolis.com\/de\/","logo":{"@type":"ImageObject","inLanguage":"de","@id":"https:\/\/revitapolis.com\/de\/#\/schema\/logo\/image\/","url":"https:\/\/revitapolis.com\/wp-content\/uploads\/2022\/03\/cropped-logo-revitapolis.jpg","contentUrl":"https:\/\/revitapolis.com\/wp-content\/uploads\/2022\/03\/cropped-logo-revitapolis.jpg","width":200,"height":91,"caption":"Revitapolis"},"image":{"@id":"https:\/\/revitapolis.com\/de\/#\/schema\/logo\/image\/"}}]}},"_links":{"self":[{"href":"https:\/\/revitapolis.com\/de\/wp-json\/wp\/v2\/pages\/1275","targetHints":{"allow":["GET"]}}],"collection":[{"href":"https:\/\/revitapolis.com\/de\/wp-json\/wp\/v2\/pages"}],"about":[{"href":"https:\/\/revitapolis.com\/de\/wp-json\/wp\/v2\/types\/page"}],"author":[{"embeddable":true,"href":"https:\/\/revitapolis.com\/de\/wp-json\/wp\/v2\/users\/1"}],"replies":[{"embeddable":true,"href":"https:\/\/revitapolis.com\/de\/wp-json\/wp\/v2\/comments?post=1275"}],"version-history":[{"count":30,"href":"https:\/\/revitapolis.com\/de\/wp-json\/wp\/v2\/pages\/1275\/revisions"}],"predecessor-version":[{"id":4757,"href":"https:\/\/revitapolis.com\/de\/wp-json\/wp\/v2\/pages\/1275\/revisions\/4757"}],"wp:attachment":[{"href":"https:\/\/revitapolis.com\/de\/wp-json\/wp\/v2\/media?parent=1275"}],"curies":[{"name":"wp","href":"https:\/\/api.w.org\/{rel}","templated":true}]}}