{"id":1269,"date":"2022-05-02T10:54:21","date_gmt":"2022-05-02T10:54:21","guid":{"rendered":"https:\/\/revitapolis.com\/?page_id=1269"},"modified":"2024-05-02T06:06:54","modified_gmt":"2024-05-02T06:06:54","slug":"informationen","status":"publish","type":"page","link":"https:\/\/revitapolis.com\/de\/informationen\/","title":{"rendered":"Informationen"},"content":{"rendered":"\n<div style=\"height:20px\" aria-hidden=\"true\" class=\"wp-block-spacer\"><\/div>\n\n\n\n<h2 class=\"wp-block-heading\" style=\"font-size:30px\">Informationen rund um das Projekt<\/h2>\n\n\n\n<h3 class=\"wp-block-heading\">Revitapolis &#8211; ein Projekt f\u00fcr Italien<\/h3>\n\n\n\n<p>Ziel ist die nachhaltige Wiederbelebung und Aufwertung der Orte im Einklang mit der Natur. Dabei soll auch die l\u00e4ndliche Infrastruktur in Italien verbessern werden. Slow living ist das Ziel. Die Entschleunigung des Alltags ist in der heutigen Zeit dringend erforderlich. Gesund leben. Italien hat viel zu bieten: Malerische Orte und Landschaften, unkomplizierte Menschen sowie eine einzigartige Flora und Fauna.<\/p>\n\n\n\n<p>Die Landflucht muss gestoppt werden. Verlassene Orte sollen wiederbelebt werden. Neue Strukturen des Zusammenlebens geschaffen werden. Daf\u00fcr sollen in ganz Italien Unternehmen angesiedelt werden. Die Covid-19-Pandemie und der Krieg in der Ukraine haben gezeigt, dass die Globalisierung, wie wir sie kennen, am Ende ist. Die Produktionsketten m\u00fcssen wieder enger aufgebaut werden. L\u00e4nder, in denen produziert wird, m\u00fcssen verl\u00e4sslich sein. <\/p>\n\n\n\n<p>Junge Menschen und Start-Ups sollen gef\u00f6rdert und unterst\u00fctzt werden. Die Jugend ist unsere Zukunft. Unseren Kindern sind wir verpflichtet.  <\/p>\n\n\n\n<p>Wir wollen moderne Wirtschaftsformen ansiedeln, weche sich nachhaltig und mit Respekt vor Natur und Umwelt entwickeln k\u00f6nnen. Italien bietet gerade f\u00fcr sog. Digital Nomads hervorragende Voraussetzungen, Arbeit und Privatleben in Einklang zu bringen. Es geht nicht nur um die sog. &#8222;Work-life-Ballance&#8220;. Vielmehr sollen die Menschen durch Entschleunigung ihres Alltags wieder in ihre Mitte finden und ein gesundes und ausgewogenes Leben f\u00fchren. <\/p>\n\n\n\n<p>Italien bietet Rentner dar\u00fcber hinaus die M\u00f6glichkeit, auch mit einer kleinen Rente einen w\u00fcrdevollen Lebensabend zu verbringen. Italien bietet eine gute medizinische Versorgung. Auch eine gesunde und ausgewogene Ern\u00e4hrung ist f\u00fcr Senioren wichtig. Diese k\u00f6nnen in Italien davon profitieren, dass insbesondere im S\u00fcden regional angebaute Nahrung gekauft werden kann.    <\/p>\n\n\n\n<p>Menschen aus dem In- und Ausland sind eingeladen, nicht immer nur in den bekannten und mittlerweile \u00fcberf\u00fcllten Urlaubsorten ihren Urlaub zu verbringen. Viel unbekannte Gegenden bieten wunderbare M\u00f6glichkeiten, einen unvergesslichen Urlaub zu verbringen, in dem man dann auch das authentische Italien kennenlernt und dabei einen realen Einblick in die wahre dolce Vita bekommt. <\/p>\n\n\n\n<p>Menschen, die nach Italien einwandern wollen, sollen durch dieses Portal unterst\u00fctzt werden. Italien braucht Menschen. Die ganze Welt ist eingeladen. Die Zukunft ist jetzt!<\/p>\n\n\n\n<p>Wir helfen auch gerne M\u00f6glichkeiten zu schaffen, die italienische Sprache zu erlernen.<\/p>\n\n\n\n<figure class=\"wp-block-image size-large\"><img fetchpriority=\"high\" decoding=\"async\" width=\"1024\" height=\"683\" src=\"https:\/\/revitapolis.com\/wp-content\/uploads\/2023\/03\/seedlings-7110591_1920-1024x683.jpg\" alt=\"\" class=\"wp-image-3607\" srcset=\"https:\/\/revitapolis.com\/wp-content\/uploads\/2023\/03\/seedlings-7110591_1920-1024x683.jpg 1024w, https:\/\/revitapolis.com\/wp-content\/uploads\/2023\/03\/seedlings-7110591_1920-300x200.jpg 300w, https:\/\/revitapolis.com\/wp-content\/uploads\/2023\/03\/seedlings-7110591_1920-768x512.jpg 768w, https:\/\/revitapolis.com\/wp-content\/uploads\/2023\/03\/seedlings-7110591_1920-1536x1024.jpg 1536w, https:\/\/revitapolis.com\/wp-content\/uploads\/2023\/03\/seedlings-7110591_1920.jpg 1920w\" sizes=\"(max-width: 1024px) 100vw, 1024px\" \/><\/figure>\n\n\n\n<hr style=\"border: 0; height: 1px; background-image: linear-gradient(to right, rgba(0, 0, 0, 0), rgba(0, 0, 0, 0.75), rgba(0, 0, 0, 0));\">\n\n\n\n<p class=\"has-text-align-center\"> Sie suchen das wahre Leben, dann kommen Sie zu uns.<\/p>\n","protected":false},"excerpt":{"rendered":"<p>Informationen rund um das Projekt Revitapolis &#8211; ein Projekt f\u00fcr Italien Ziel ist die nachhaltige Wiederbelebung und Aufwertung der Orte im Einklang mit der Natur. Dabei soll auch die l\u00e4ndliche Infrastruktur in Italien verbessern werden. Slow living ist das Ziel. Die Entschleunigung des Alltags ist in der heutigen Zeit dringend erforderlich. Gesund leben. Italien hat [&hellip;]<\/p>\n","protected":false},"author":1,"featured_media":0,"parent":0,"menu_order":0,"comment_status":"closed","ping_status":"closed","template":"","meta":{"_acf_changed":false,"om_disable_all_campaigns":false,"_monsterinsights_skip_tracking":false,"_monsterinsights_sitenote_active":false,"_monsterinsights_sitenote_note":"","_monsterinsights_sitenote_category":0,"ocean_post_layout":"right-sidebar","ocean_both_sidebars_style":"","ocean_both_sidebars_content_width":0,"ocean_both_sidebars_sidebars_width":0,"ocean_sidebar":"sidebar","ocean_second_sidebar":"0","ocean_disable_margins":"enable","ocean_add_body_class":"","ocean_shortcode_before_top_bar":"","ocean_shortcode_after_top_bar":"","ocean_shortcode_before_header":"","ocean_shortcode_after_header":"","ocean_has_shortcode":"","ocean_shortcode_after_title":"","ocean_shortcode_before_footer_widgets":"","ocean_shortcode_after_footer_widgets":"","ocean_shortcode_before_footer_bottom":"","ocean_shortcode_after_footer_bottom":"","ocean_display_top_bar":"default","ocean_display_header":"default","ocean_header_style":"","ocean_center_header_left_menu":"0","ocean_custom_header_template":"0","ocean_custom_logo":0,"ocean_custom_retina_logo":0,"ocean_custom_logo_max_width":0,"ocean_custom_logo_tablet_max_width":0,"ocean_custom_logo_mobile_max_width":0,"ocean_custom_logo_max_height":0,"ocean_custom_logo_tablet_max_height":0,"ocean_custom_logo_mobile_max_height":0,"ocean_header_custom_menu":"0","ocean_menu_typo_font_family":"0","ocean_menu_typo_font_subset":"","ocean_menu_typo_font_size":0,"ocean_menu_typo_font_size_tablet":0,"ocean_menu_typo_font_size_mobile":0,"ocean_menu_typo_font_size_unit":"px","ocean_menu_typo_font_weight":"","ocean_menu_typo_font_weight_tablet":"","ocean_menu_typo_font_weight_mobile":"","ocean_menu_typo_transform":"","ocean_menu_typo_transform_tablet":"","ocean_menu_typo_transform_mobile":"","ocean_menu_typo_line_height":0,"ocean_menu_typo_line_height_tablet":0,"ocean_menu_typo_line_height_mobile":0,"ocean_menu_typo_line_height_unit":"","ocean_menu_typo_spacing":0,"ocean_menu_typo_spacing_tablet":0,"ocean_menu_typo_spacing_mobile":0,"ocean_menu_typo_spacing_unit":"","ocean_menu_link_color":"","ocean_menu_link_color_hover":"","ocean_menu_link_color_active":"","ocean_menu_link_background":"","ocean_menu_link_hover_background":"","ocean_menu_link_active_background":"","ocean_menu_social_links_bg":"","ocean_menu_social_hover_links_bg":"","ocean_menu_social_links_color":"","ocean_menu_social_hover_links_color":"","ocean_disable_title":"default","ocean_disable_heading":"default","ocean_post_title":"","ocean_post_subheading":"","ocean_post_title_style":"","ocean_post_title_background_color":"","ocean_post_title_background":0,"ocean_post_title_bg_image_position":"","ocean_post_title_bg_image_attachment":"","ocean_post_title_bg_image_repeat":"","ocean_post_title_bg_image_size":"","ocean_post_title_height":0,"ocean_post_title_bg_overlay":0.5,"ocean_post_title_bg_overlay_color":"","ocean_disable_breadcrumbs":"default","ocean_breadcrumbs_color":"","ocean_breadcrumbs_separator_color":"","ocean_breadcrumbs_links_color":"","ocean_breadcrumbs_links_hover_color":"","ocean_display_footer_widgets":"default","ocean_display_footer_bottom":"default","ocean_custom_footer_template":"0","footnotes":""},"class_list":["post-1269","page","type-page","status-publish","hentry","entry"],"acf":[],"yoast_head":"<!-- This site is optimized with the Yoast SEO plugin v27.3 - https:\/\/yoast.com\/product\/yoast-seo-wordpress\/ -->\n<title>Informationen - Revitapolis<\/title>\n<meta name=\"description\" content=\"Informationen \u00fcber das Projekt: Revitapolis will Italien und seine Orte wiederbeleben und aufwerten. Machen sie mit!\" \/>\n<meta name=\"robots\" content=\"index, follow, max-snippet:-1, max-image-preview:large, max-video-preview:-1\" \/>\n<link rel=\"canonical\" href=\"https:\/\/revitapolis.com\/de\/informationen\/\" \/>\n<meta property=\"og:locale\" content=\"de_DE\" \/>\n<meta property=\"og:type\" content=\"article\" \/>\n<meta property=\"og:title\" content=\"Informationen - Revitapolis\" \/>\n<meta property=\"og:description\" content=\"Informationen \u00fcber das Projekt: Revitapolis will Italien und seine Orte wiederbeleben und aufwerten. Machen sie mit!\" \/>\n<meta property=\"og:url\" content=\"https:\/\/revitapolis.com\/de\/informationen\/\" \/>\n<meta property=\"og:site_name\" content=\"Revitapolis\" \/>\n<meta property=\"article:modified_time\" content=\"2024-05-02T06:06:54+00:00\" \/>\n<meta property=\"og:image\" content=\"https:\/\/revitapolis.com\/wp-content\/uploads\/2023\/03\/seedlings-7110591_1920-1024x683.jpg\" \/>\n<meta name=\"twitter:card\" content=\"summary_large_image\" \/>\n<meta name=\"twitter:label1\" content=\"Gesch\u00e4tzte Lesezeit\" \/>\n\t<meta name=\"twitter:data1\" content=\"3\u00a0Minuten\" \/>\n<script type=\"application\/ld+json\" class=\"yoast-schema-graph\">{\"@context\":\"https:\\\/\\\/schema.org\",\"@graph\":[{\"@type\":\"WebPage\",\"@id\":\"https:\\\/\\\/revitapolis.com\\\/de\\\/informationen\\\/\",\"url\":\"https:\\\/\\\/revitapolis.com\\\/de\\\/informationen\\\/\",\"name\":\"Informationen - Revitapolis\",\"isPartOf\":{\"@id\":\"https:\\\/\\\/revitapolis.com\\\/de\\\/#website\"},\"primaryImageOfPage\":{\"@id\":\"https:\\\/\\\/revitapolis.com\\\/de\\\/informationen\\\/#primaryimage\"},\"image\":{\"@id\":\"https:\\\/\\\/revitapolis.com\\\/de\\\/informationen\\\/#primaryimage\"},\"thumbnailUrl\":\"https:\\\/\\\/revitapolis.com\\\/wp-content\\\/uploads\\\/2023\\\/03\\\/seedlings-7110591_1920-1024x683.jpg\",\"datePublished\":\"2022-05-02T10:54:21+00:00\",\"dateModified\":\"2024-05-02T06:06:54+00:00\",\"description\":\"Informationen \u00fcber das Projekt: Revitapolis will Italien und seine Orte wiederbeleben und aufwerten. Machen sie mit!\",\"breadcrumb\":{\"@id\":\"https:\\\/\\\/revitapolis.com\\\/de\\\/informationen\\\/#breadcrumb\"},\"inLanguage\":\"de\",\"potentialAction\":[{\"@type\":\"ReadAction\",\"target\":[\"https:\\\/\\\/revitapolis.com\\\/de\\\/informationen\\\/\"]}]},{\"@type\":\"ImageObject\",\"inLanguage\":\"de\",\"@id\":\"https:\\\/\\\/revitapolis.com\\\/de\\\/informationen\\\/#primaryimage\",\"url\":\"https:\\\/\\\/revitapolis.com\\\/wp-content\\\/uploads\\\/2023\\\/03\\\/seedlings-7110591_1920-1024x683.jpg\",\"contentUrl\":\"https:\\\/\\\/revitapolis.com\\\/wp-content\\\/uploads\\\/2023\\\/03\\\/seedlings-7110591_1920-1024x683.jpg\"},{\"@type\":\"BreadcrumbList\",\"@id\":\"https:\\\/\\\/revitapolis.com\\\/de\\\/informationen\\\/#breadcrumb\",\"itemListElement\":[{\"@type\":\"ListItem\",\"position\":1,\"name\":\"Startseite\",\"item\":\"https:\\\/\\\/revitapolis.com\\\/de\\\/\"},{\"@type\":\"ListItem\",\"position\":2,\"name\":\"Informationen\"}]},{\"@type\":\"WebSite\",\"@id\":\"https:\\\/\\\/revitapolis.com\\\/de\\\/#website\",\"url\":\"https:\\\/\\\/revitapolis.com\\\/de\\\/\",\"name\":\"Revitapolis\",\"description\":\"Wiederbelebung italienischer Orte\",\"publisher\":{\"@id\":\"https:\\\/\\\/revitapolis.com\\\/de\\\/#organization\"},\"potentialAction\":[{\"@type\":\"SearchAction\",\"target\":{\"@type\":\"EntryPoint\",\"urlTemplate\":\"https:\\\/\\\/revitapolis.com\\\/de\\\/?s={search_term_string}\"},\"query-input\":{\"@type\":\"PropertyValueSpecification\",\"valueRequired\":true,\"valueName\":\"search_term_string\"}}],\"inLanguage\":\"de\"},{\"@type\":\"Organization\",\"@id\":\"https:\\\/\\\/revitapolis.com\\\/de\\\/#organization\",\"name\":\"Revitapolis\",\"url\":\"https:\\\/\\\/revitapolis.com\\\/de\\\/\",\"logo\":{\"@type\":\"ImageObject\",\"inLanguage\":\"de\",\"@id\":\"https:\\\/\\\/revitapolis.com\\\/de\\\/#\\\/schema\\\/logo\\\/image\\\/\",\"url\":\"https:\\\/\\\/revitapolis.com\\\/wp-content\\\/uploads\\\/2022\\\/03\\\/cropped-logo-revitapolis.jpg\",\"contentUrl\":\"https:\\\/\\\/revitapolis.com\\\/wp-content\\\/uploads\\\/2022\\\/03\\\/cropped-logo-revitapolis.jpg\",\"width\":200,\"height\":91,\"caption\":\"Revitapolis\"},\"image\":{\"@id\":\"https:\\\/\\\/revitapolis.com\\\/de\\\/#\\\/schema\\\/logo\\\/image\\\/\"}}]}<\/script>\n<!-- \/ Yoast SEO plugin. -->","yoast_head_json":{"title":"Informationen - Revitapolis","description":"Informationen \u00fcber das Projekt: Revitapolis will Italien und seine Orte wiederbeleben und aufwerten. Machen sie mit!","robots":{"index":"index","follow":"follow","max-snippet":"max-snippet:-1","max-image-preview":"max-image-preview:large","max-video-preview":"max-video-preview:-1"},"canonical":"https:\/\/revitapolis.com\/de\/informationen\/","og_locale":"de_DE","og_type":"article","og_title":"Informationen - Revitapolis","og_description":"Informationen \u00fcber das Projekt: Revitapolis will Italien und seine Orte wiederbeleben und aufwerten. Machen sie mit!","og_url":"https:\/\/revitapolis.com\/de\/informationen\/","og_site_name":"Revitapolis","article_modified_time":"2024-05-02T06:06:54+00:00","og_image":[{"url":"https:\/\/revitapolis.com\/wp-content\/uploads\/2023\/03\/seedlings-7110591_1920-1024x683.jpg","type":"","width":"","height":""}],"twitter_card":"summary_large_image","twitter_misc":{"Gesch\u00e4tzte Lesezeit":"3\u00a0Minuten"},"schema":{"@context":"https:\/\/schema.org","@graph":[{"@type":"WebPage","@id":"https:\/\/revitapolis.com\/de\/informationen\/","url":"https:\/\/revitapolis.com\/de\/informationen\/","name":"Informationen - Revitapolis","isPartOf":{"@id":"https:\/\/revitapolis.com\/de\/#website"},"primaryImageOfPage":{"@id":"https:\/\/revitapolis.com\/de\/informationen\/#primaryimage"},"image":{"@id":"https:\/\/revitapolis.com\/de\/informationen\/#primaryimage"},"thumbnailUrl":"https:\/\/revitapolis.com\/wp-content\/uploads\/2023\/03\/seedlings-7110591_1920-1024x683.jpg","datePublished":"2022-05-02T10:54:21+00:00","dateModified":"2024-05-02T06:06:54+00:00","description":"Informationen \u00fcber das Projekt: Revitapolis will Italien und seine Orte wiederbeleben und aufwerten. Machen sie mit!","breadcrumb":{"@id":"https:\/\/revitapolis.com\/de\/informationen\/#breadcrumb"},"inLanguage":"de","potentialAction":[{"@type":"ReadAction","target":["https:\/\/revitapolis.com\/de\/informationen\/"]}]},{"@type":"ImageObject","inLanguage":"de","@id":"https:\/\/revitapolis.com\/de\/informationen\/#primaryimage","url":"https:\/\/revitapolis.com\/wp-content\/uploads\/2023\/03\/seedlings-7110591_1920-1024x683.jpg","contentUrl":"https:\/\/revitapolis.com\/wp-content\/uploads\/2023\/03\/seedlings-7110591_1920-1024x683.jpg"},{"@type":"BreadcrumbList","@id":"https:\/\/revitapolis.com\/de\/informationen\/#breadcrumb","itemListElement":[{"@type":"ListItem","position":1,"name":"Startseite","item":"https:\/\/revitapolis.com\/de\/"},{"@type":"ListItem","position":2,"name":"Informationen"}]},{"@type":"WebSite","@id":"https:\/\/revitapolis.com\/de\/#website","url":"https:\/\/revitapolis.com\/de\/","name":"Revitapolis","description":"Wiederbelebung italienischer Orte","publisher":{"@id":"https:\/\/revitapolis.com\/de\/#organization"},"potentialAction":[{"@type":"SearchAction","target":{"@type":"EntryPoint","urlTemplate":"https:\/\/revitapolis.com\/de\/?s={search_term_string}"},"query-input":{"@type":"PropertyValueSpecification","valueRequired":true,"valueName":"search_term_string"}}],"inLanguage":"de"},{"@type":"Organization","@id":"https:\/\/revitapolis.com\/de\/#organization","name":"Revitapolis","url":"https:\/\/revitapolis.com\/de\/","logo":{"@type":"ImageObject","inLanguage":"de","@id":"https:\/\/revitapolis.com\/de\/#\/schema\/logo\/image\/","url":"https:\/\/revitapolis.com\/wp-content\/uploads\/2022\/03\/cropped-logo-revitapolis.jpg","contentUrl":"https:\/\/revitapolis.com\/wp-content\/uploads\/2022\/03\/cropped-logo-revitapolis.jpg","width":200,"height":91,"caption":"Revitapolis"},"image":{"@id":"https:\/\/revitapolis.com\/de\/#\/schema\/logo\/image\/"}}]}},"_links":{"self":[{"href":"https:\/\/revitapolis.com\/de\/wp-json\/wp\/v2\/pages\/1269","targetHints":{"allow":["GET"]}}],"collection":[{"href":"https:\/\/revitapolis.com\/de\/wp-json\/wp\/v2\/pages"}],"about":[{"href":"https:\/\/revitapolis.com\/de\/wp-json\/wp\/v2\/types\/page"}],"author":[{"embeddable":true,"href":"https:\/\/revitapolis.com\/de\/wp-json\/wp\/v2\/users\/1"}],"replies":[{"embeddable":true,"href":"https:\/\/revitapolis.com\/de\/wp-json\/wp\/v2\/comments?post=1269"}],"version-history":[{"count":14,"href":"https:\/\/revitapolis.com\/de\/wp-json\/wp\/v2\/pages\/1269\/revisions"}],"predecessor-version":[{"id":3610,"href":"https:\/\/revitapolis.com\/de\/wp-json\/wp\/v2\/pages\/1269\/revisions\/3610"}],"wp:attachment":[{"href":"https:\/\/revitapolis.com\/de\/wp-json\/wp\/v2\/media?parent=1269"}],"curies":[{"name":"wp","href":"https:\/\/api.w.org\/{rel}","templated":true}]}}